{"id":59726,"date":"2026-02-16T15:03:00","date_gmt":"2026-02-16T12:03:00","guid":{"rendered":"https:\/\/erformance.eu\/?post_type=product&#038;p=59726"},"modified":"2026-03-12T17:08:30","modified_gmt":"2026-03-12T14:08:30","slug":"audi-a4-s4-b8-07-16-centrinis-uzraktas-galinems-desinems-durims","status":"publish","type":"product","link":"https:\/\/erformance.eu\/et\/toode\/audi-a4-s4-b8-07-16-centrinis-uzraktas-galinems-desinems-durims\/","title":{"rendered":"Audi A4 \/ S4 B8 07-16 centrinis u\u017eraktas galin\u0117ms de\u0161in\u0117ms durims"},"content":{"rendered":"<p>Prek\u0117: Galini\u0173 dur\u0173 centrinio u\u017erakto pavara<br \/>\nPus\u0117: De\u0161in\u0117 (keleivio pus\u0117)<br \/>\nOriginalus numeris:<\/p>\n<p>8K0839016<br \/>\n8J0839016<br \/>\n8K0839016C<\/p>\n<p>PASTABA: auk\u0161\u010diau pateikti numeriai yra original\u016bs dali\u0173 numeriai, kuriuos \u0161is pasi\u016blymas pakei\u010dia. Prie\u0161 pirkdami, palyginkite juos su originaliu dalies numeriu. Jei jie skiriasi net vienu simboliu, dalis netiks, neveiks arba veiks netinkamai. Tokiu atveju jos nepirkite.<br \/>\nKai\u0161\u010di\u0173 skai\u010dius: 7<br \/>\nAutomobilis:<\/p>\n<p>Audi A4 \/ S4 B8, gamybos metai: 2007-2016<br \/>\n\u201eAudi A5 \/ S5 B8\u201c, pagaminimo metai: 2007\u20132011<br \/>\n\u201eAudi Q3 8U\u201c, gamybos metai: 2011\u20132015<br \/>\n\u201eAudi Q5 8R\u201c, gamybos metai: 2008\u20132012<br \/>\nAudi Q7 4L, gamybos metai: 2005-2015<br \/>\nAudi TT 8J, pagaminimo metai: 2006\u20132014<br \/>\n\u201eSkoda Superb II 3T\u201c, gamybos metai: 2009\u20132015 (pasirinkti modeliai)<br \/>\nVW Touareg 7P, modeliai, pagaminti nuo 2011 m.<\/p>\n<p>Gamintojas: pakaitalas<br \/>\nTechnin\u0117 b\u016bkl\u0117: prek\u0117 yra visi\u0161kai nauja, nenaudota, nepa\u017eeista ir nesugadinta<\/p>\n","protected":false},"excerpt":{"rendered":"<p>1. Prek\u0117: Galini\u0173 dur\u0173 centrinis u\u017eraktas2. Pus\u0117: de\u0161in\u01173. Gamintojas: pakeitimas4. Automobilis:* Audi A4 \/ S4 B8 07-16* Audi A5 \/ S5 B8 07-11* Audi Q3 11\u201314* Audi Q5 08\u201312* Audi Q7 05\u201315* Audi TT 06\u201314* \u0160koda Superb II 09-15* VW Touareg 2011-<\/p>\n","protected":false},"featured_media":59727,"comment_status":"open","ping_status":"closed","template":"","meta":[],"product_brand":[],"product_cat":[390,144,3911,3951,4156,4351],"product_tag":[],"class_list":{"0":"post-59726","1":"product","2":"type-product","3":"status-publish","4":"has-post-thumbnail","6":"product_cat-audi-a4","7":"product_cat-audi","8":"product_cat-audi-a4-b8","9":"product_cat-audi-a4-b8-isores-dalys","10":"product_cat-audi-a4-b8-isores-kitos-dalys","11":"product_cat-audi-a4-b8-mechanizmai-valytuvai","13":"first","14":"instock","15":"shipping-taxable","16":"purchasable","17":"product-type-simple"},"yoast_head":"<!-- This site is optimized with the Yoast SEO Premium plugin v25.2 (Yoast SEO v27.3) - https:\/\/yoast.com\/product\/yoast-seo-premium-wordpress\/ -->\n<title>Audi A4 \/ S4 B8 07-16 centrinis u\u017eraktas galin\u0117ms de\u0161in\u0117ms durims - Erformance.eu<\/title>\n<meta name=\"robots\" content=\"index, follow, max-snippet:-1, max-image-preview:large, max-video-preview:-1\" \/>\n<link rel=\"canonical\" href=\"https:\/\/erformance.eu\/et\/toode\/audi-a4-s4-b8-07-16-centrinis-uzraktas-galinems-desinems-durims\/\" \/>\n<meta property=\"og:locale\" content=\"et_EE\" \/>\n<meta property=\"og:type\" content=\"article\" \/>\n<meta property=\"og:title\" content=\"Audi A4 \/ S4 B8 07-16 centrinis u\u017eraktas galin\u0117ms de\u0161in\u0117ms durims\" \/>\n<meta property=\"og:description\" content=\"1. Prek\u0117: Galini\u0173 dur\u0173 centrinis u\u017eraktas2. Pus\u0117: de\u0161in\u01173. Gamintojas: pakeitimas4. Automobilis:* Audi A4 \/ S4 B8 07-16* Audi A5 \/ S5 B8 07-11* Audi Q3 11\u201314* Audi Q5 08\u201312* Audi Q7 05\u201315* Audi TT 06\u201314* \u0160koda Superb II 09-15* VW Touareg 2011-\" \/>\n<meta property=\"og:url\" content=\"https:\/\/erformance.eu\/et\/toode\/audi-a4-s4-b8-07-16-centrinis-uzraktas-galinems-desinems-durims\/\" \/>\n<meta property=\"og:site_name\" content=\"Erformance.eu\" \/>\n<meta property=\"article:modified_time\" content=\"2026-03-12T14:08:30+00:00\" \/>\n<meta property=\"og:image\" content=\"https:\/\/erformance.eu\/wp-content\/uploads\/2026\/02\/pol_pm_Audi-A4-S4-B8-07-16-zamek-centralny-drzwi-tylnych-prawy-14594_1.jpg\" \/>\n\t<meta property=\"og:image:width\" content=\"1200\" \/>\n\t<meta property=\"og:image:height\" content=\"900\" \/>\n\t<meta property=\"og:image:type\" content=\"image\/jpeg\" \/>\n<meta name=\"twitter:card\" content=\"summary_large_image\" \/>\n<meta name=\"twitter:label1\" content=\"Est. reading time\" \/>\n\t<meta name=\"twitter:data1\" content=\"1 minut\" \/>\n<script type=\"application\/ld+json\" class=\"yoast-schema-graph\">{\"@context\":\"https:\\\/\\\/schema.org\",\"@graph\":[{\"@type\":\"WebPage\",\"@id\":\"https:\\\/\\\/erformance.eu\\\/et\\\/toode\\\/audi-a4-s4-b8-07-16-centrinis-uzraktas-galinems-desinems-durims\\\/\",\"url\":\"https:\\\/\\\/erformance.eu\\\/et\\\/toode\\\/audi-a4-s4-b8-07-16-centrinis-uzraktas-galinems-desinems-durims\\\/\",\"name\":\"Audi A4 \\\/ S4 B8 07-16 centrinis u\u017eraktas galin\u0117ms de\u0161in\u0117ms durims - Erformance.eu\",\"isPartOf\":{\"@id\":\"https:\\\/\\\/erformance.eu\\\/et\\\/#website\"},\"primaryImageOfPage\":{\"@id\":\"https:\\\/\\\/erformance.eu\\\/et\\\/toode\\\/audi-a4-s4-b8-07-16-centrinis-uzraktas-galinems-desinems-durims\\\/#primaryimage\"},\"image\":{\"@id\":\"https:\\\/\\\/erformance.eu\\\/et\\\/toode\\\/audi-a4-s4-b8-07-16-centrinis-uzraktas-galinems-desinems-durims\\\/#primaryimage\"},\"thumbnailUrl\":\"https:\\\/\\\/erformance.eu\\\/wp-content\\\/uploads\\\/2026\\\/02\\\/pol_pm_Audi-A4-S4-B8-07-16-zamek-centralny-drzwi-tylnych-prawy-14594_1.jpg\",\"datePublished\":\"2026-02-16T12:03:00+00:00\",\"dateModified\":\"2026-03-12T14:08:30+00:00\",\"breadcrumb\":{\"@id\":\"https:\\\/\\\/erformance.eu\\\/et\\\/toode\\\/audi-a4-s4-b8-07-16-centrinis-uzraktas-galinems-desinems-durims\\\/#breadcrumb\"},\"inLanguage\":\"et\",\"potentialAction\":[{\"@type\":\"ReadAction\",\"target\":[\"https:\\\/\\\/erformance.eu\\\/et\\\/toode\\\/audi-a4-s4-b8-07-16-centrinis-uzraktas-galinems-desinems-durims\\\/\"]}]},{\"@type\":\"ImageObject\",\"inLanguage\":\"et\",\"@id\":\"https:\\\/\\\/erformance.eu\\\/et\\\/toode\\\/audi-a4-s4-b8-07-16-centrinis-uzraktas-galinems-desinems-durims\\\/#primaryimage\",\"url\":\"https:\\\/\\\/erformance.eu\\\/wp-content\\\/uploads\\\/2026\\\/02\\\/pol_pm_Audi-A4-S4-B8-07-16-zamek-centralny-drzwi-tylnych-prawy-14594_1.jpg\",\"contentUrl\":\"https:\\\/\\\/erformance.eu\\\/wp-content\\\/uploads\\\/2026\\\/02\\\/pol_pm_Audi-A4-S4-B8-07-16-zamek-centralny-drzwi-tylnych-prawy-14594_1.jpg\",\"width\":1200,\"height\":900},{\"@type\":\"BreadcrumbList\",\"@id\":\"https:\\\/\\\/erformance.eu\\\/et\\\/toode\\\/audi-a4-s4-b8-07-16-centrinis-uzraktas-galinems-desinems-durims\\\/#breadcrumb\",\"itemListElement\":[{\"@type\":\"ListItem\",\"position\":1,\"name\":\"Home\",\"item\":\"https:\\\/\\\/erformance.eu\\\/et\\\/\"},{\"@type\":\"ListItem\",\"position\":2,\"name\":\"Pood\",\"item\":\"https:\\\/\\\/erformance.eu\\\/et\\\/pood\\\/\"},{\"@type\":\"ListItem\",\"position\":3,\"name\":\"Audi A4 \\\/ S4 B8 07-16 centrinis u\u017eraktas galin\u0117ms de\u0161in\u0117ms durims\"}]},{\"@type\":\"WebSite\",\"@id\":\"https:\\\/\\\/erformance.eu\\\/et\\\/#website\",\"url\":\"https:\\\/\\\/erformance.eu\\\/et\\\/\",\"name\":\"Erformance.eu\",\"description\":\"Automobili\u0173 dali\u0173 parduotuv\u0117\",\"potentialAction\":[{\"@type\":\"SearchAction\",\"target\":{\"@type\":\"EntryPoint\",\"urlTemplate\":\"https:\\\/\\\/erformance.eu\\\/et\\\/?s={search_term_string}\"},\"query-input\":{\"@type\":\"PropertyValueSpecification\",\"valueRequired\":true,\"valueName\":\"search_term_string\"}}],\"inLanguage\":\"et\"}]}<\/script>\n<!-- \/ Yoast SEO Premium plugin. -->","yoast_head_json":{"title":"Audi A4 \/ S4 B8 07-16 centrinis u\u017eraktas galin\u0117ms de\u0161in\u0117ms durims - Erformance.eu","robots":{"index":"index","follow":"follow","max-snippet":"max-snippet:-1","max-image-preview":"max-image-preview:large","max-video-preview":"max-video-preview:-1"},"canonical":"https:\/\/erformance.eu\/et\/toode\/audi-a4-s4-b8-07-16-centrinis-uzraktas-galinems-desinems-durims\/","og_locale":"et_EE","og_type":"article","og_title":"Audi A4 \/ S4 B8 07-16 centrinis u\u017eraktas galin\u0117ms de\u0161in\u0117ms durims","og_description":"1. Prek\u0117: Galini\u0173 dur\u0173 centrinis u\u017eraktas2. Pus\u0117: de\u0161in\u01173. Gamintojas: pakeitimas4. Automobilis:* Audi A4 \/ S4 B8 07-16* Audi A5 \/ S5 B8 07-11* Audi Q3 11\u201314* Audi Q5 08\u201312* Audi Q7 05\u201315* Audi TT 06\u201314* \u0160koda Superb II 09-15* VW Touareg 2011-","og_url":"https:\/\/erformance.eu\/et\/toode\/audi-a4-s4-b8-07-16-centrinis-uzraktas-galinems-desinems-durims\/","og_site_name":"Erformance.eu","article_modified_time":"2026-03-12T14:08:30+00:00","og_image":[{"width":1200,"height":900,"url":"https:\/\/erformance.eu\/wp-content\/uploads\/2026\/02\/pol_pm_Audi-A4-S4-B8-07-16-zamek-centralny-drzwi-tylnych-prawy-14594_1.jpg","type":"image\/jpeg"}],"twitter_card":"summary_large_image","twitter_misc":{"Est. reading time":"1 minut"},"schema":{"@context":"https:\/\/schema.org","@graph":[{"@type":"WebPage","@id":"https:\/\/erformance.eu\/et\/toode\/audi-a4-s4-b8-07-16-centrinis-uzraktas-galinems-desinems-durims\/","url":"https:\/\/erformance.eu\/et\/toode\/audi-a4-s4-b8-07-16-centrinis-uzraktas-galinems-desinems-durims\/","name":"Audi A4 \/ S4 B8 07-16 centrinis u\u017eraktas galin\u0117ms de\u0161in\u0117ms durims - Erformance.eu","isPartOf":{"@id":"https:\/\/erformance.eu\/et\/#website"},"primaryImageOfPage":{"@id":"https:\/\/erformance.eu\/et\/toode\/audi-a4-s4-b8-07-16-centrinis-uzraktas-galinems-desinems-durims\/#primaryimage"},"image":{"@id":"https:\/\/erformance.eu\/et\/toode\/audi-a4-s4-b8-07-16-centrinis-uzraktas-galinems-desinems-durims\/#primaryimage"},"thumbnailUrl":"https:\/\/erformance.eu\/wp-content\/uploads\/2026\/02\/pol_pm_Audi-A4-S4-B8-07-16-zamek-centralny-drzwi-tylnych-prawy-14594_1.jpg","datePublished":"2026-02-16T12:03:00+00:00","dateModified":"2026-03-12T14:08:30+00:00","breadcrumb":{"@id":"https:\/\/erformance.eu\/et\/toode\/audi-a4-s4-b8-07-16-centrinis-uzraktas-galinems-desinems-durims\/#breadcrumb"},"inLanguage":"et","potentialAction":[{"@type":"ReadAction","target":["https:\/\/erformance.eu\/et\/toode\/audi-a4-s4-b8-07-16-centrinis-uzraktas-galinems-desinems-durims\/"]}]},{"@type":"ImageObject","inLanguage":"et","@id":"https:\/\/erformance.eu\/et\/toode\/audi-a4-s4-b8-07-16-centrinis-uzraktas-galinems-desinems-durims\/#primaryimage","url":"https:\/\/erformance.eu\/wp-content\/uploads\/2026\/02\/pol_pm_Audi-A4-S4-B8-07-16-zamek-centralny-drzwi-tylnych-prawy-14594_1.jpg","contentUrl":"https:\/\/erformance.eu\/wp-content\/uploads\/2026\/02\/pol_pm_Audi-A4-S4-B8-07-16-zamek-centralny-drzwi-tylnych-prawy-14594_1.jpg","width":1200,"height":900},{"@type":"BreadcrumbList","@id":"https:\/\/erformance.eu\/et\/toode\/audi-a4-s4-b8-07-16-centrinis-uzraktas-galinems-desinems-durims\/#breadcrumb","itemListElement":[{"@type":"ListItem","position":1,"name":"Home","item":"https:\/\/erformance.eu\/et\/"},{"@type":"ListItem","position":2,"name":"Pood","item":"https:\/\/erformance.eu\/et\/pood\/"},{"@type":"ListItem","position":3,"name":"Audi A4 \/ S4 B8 07-16 centrinis u\u017eraktas galin\u0117ms de\u0161in\u0117ms durims"}]},{"@type":"WebSite","@id":"https:\/\/erformance.eu\/et\/#website","url":"https:\/\/erformance.eu\/et\/","name":"Erformance.eu","description":"Automobili\u0173 dali\u0173 parduotuv\u0117","potentialAction":[{"@type":"SearchAction","target":{"@type":"EntryPoint","urlTemplate":"https:\/\/erformance.eu\/et\/?s={search_term_string}"},"query-input":{"@type":"PropertyValueSpecification","valueRequired":true,"valueName":"search_term_string"}}],"inLanguage":"et"}]}},"jetpack_sharing_enabled":true,"_links":{"self":[{"href":"https:\/\/erformance.eu\/et\/wp-json\/wp\/v2\/product\/59726","targetHints":{"allow":["GET"]}}],"collection":[{"href":"https:\/\/erformance.eu\/et\/wp-json\/wp\/v2\/product"}],"about":[{"href":"https:\/\/erformance.eu\/et\/wp-json\/wp\/v2\/types\/product"}],"replies":[{"embeddable":true,"href":"https:\/\/erformance.eu\/et\/wp-json\/wp\/v2\/comments?post=59726"}],"version-history":[{"count":1,"href":"https:\/\/erformance.eu\/et\/wp-json\/wp\/v2\/product\/59726\/revisions"}],"predecessor-version":[{"id":59729,"href":"https:\/\/erformance.eu\/et\/wp-json\/wp\/v2\/product\/59726\/revisions\/59729"}],"wp:featuredmedia":[{"embeddable":true,"href":"https:\/\/erformance.eu\/et\/wp-json\/wp\/v2\/media\/59727"}],"wp:attachment":[{"href":"https:\/\/erformance.eu\/et\/wp-json\/wp\/v2\/media?parent=59726"}],"wp:term":[{"taxonomy":"product_brand","embeddable":true,"href":"https:\/\/erformance.eu\/et\/wp-json\/wp\/v2\/product_brand?post=59726"},{"taxonomy":"product_cat","embeddable":true,"href":"https:\/\/erformance.eu\/et\/wp-json\/wp\/v2\/product_cat?post=59726"},{"taxonomy":"product_tag","embeddable":true,"href":"https:\/\/erformance.eu\/et\/wp-json\/wp\/v2\/product_tag?post=59726"}],"curies":[{"name":"wp","href":"https:\/\/api.w.org\/{rel}","templated":true}]}}