{"id":59782,"date":"2026-02-16T15:03:24","date_gmt":"2026-02-16T12:03:24","guid":{"rendered":"https:\/\/erformance.eu\/?post_type=product&#038;p=59782"},"modified":"2026-03-06T03:32:57","modified_gmt":"2026-03-06T00:32:57","slug":"audi-a3-8l-96-03-juoda-eko-odine-5-greiciu-pavaru-perjungimo-svirtis-juoda-gaubto-apdaila-su-remeliu-skyle-23-mm","status":"publish","type":"product","link":"https:\/\/erformance.eu\/et\/toode\/audi-a3-8l-96-03-juoda-eko-odine-5-greiciu-pavaru-perjungimo-svirtis-juoda-gaubto-apdaila-su-remeliu-skyle-23-mm\/","title":{"rendered":"Audi A3 8L 96-03 JUODA EKO ODIN\u0116 5 GREI\u010cI\u0172 pavar\u0173 perjungimo svirtis + JUODA gaubto apdaila su r\u0117meliu, SKYL\u0116 23 MM"},"content":{"rendered":"<p>Prek\u0117: Pavar\u0173 perjungimo svirtis + apsaugin\u0117 danga su r\u0117mu<br \/>\nOE numeris: 8L0863279A<br \/>\nPASTABA: auk\u0161\u010diau pateikti numeriai yra original\u016bs dali\u0173 numeriai, kuriuos \u0161is pasi\u016blymas pakei\u010dia. Prie\u0161 pirkdami, palyginkite juos su originaliu dalies numeriu. Jei jie skiriasi net vienu simboliu, dalis netiks, neveiks arba veiks netinkamai. Tokiu atveju jos nepirkite.<br \/>\nAutomobilis: Audi A3 8L<br \/>\nPagaminimo metai: 1996\u20132003<br \/>\nSpalva: juoda ranken\u0117l\u0117 + juodas silfonas + chromuotas \u017eiedas tarp ranken\u0117l\u0117s ir silfono<br \/>\nMed\u017eiaga: ranken\u0117l\u0117 ir dumpl\u0117s pagamintos i\u0161 eko odos<br \/>\nDiagrama: juodas dangtelis su juodu \u017eiedu ir balta diagrama 5 pavaros + atbulin\u0117 eiga<br \/>\nGamintojas: pakaitalas<br \/>\nTechnin\u0117 b\u016bkl\u0117: prek\u0117 yra visi\u0161kai nauja, nenaudota, nepa\u017eeista ir nesugadinta<br \/>\nD\u0117mesio!<\/p>\n<p>ranken\u0117l\u0117s tvirtinimo angos skersmuo yra 23 mm<br \/>\nAtbulin\u0117s eigos pavara yra diagramos VIR\u0160UTINIAME kairiajame kampe<br \/>\nPrie\u0161 pirkdami, palyginkite prek\u0117s matmenis su originalios prek\u0117s matmenimis, nes gal\u0117jo b\u016bti sumontuoti skirtingi tipai ir \u012fsigyta prek\u0117 netiks.<\/p>\n","protected":false},"excerpt":{"rendered":"<p>1. Prek\u0117: Pavar\u0173 perjungimo svirtis + apsaugin\u0117 danga su r\u0117mu2. Gamintojas: pakeitimas3. Automobilis: Audi A3 8L4. Pagaminimo metai: 1996\u20132003<\/p>\n","protected":false},"featured_media":59783,"comment_status":"open","ping_status":"closed","template":"","meta":[],"product_brand":[],"product_cat":[3905,186,144,4583,3984],"product_tag":[],"class_list":{"0":"post-59782","1":"product","2":"type-product","3":"status-publish","4":"has-post-thumbnail","6":"product_cat-audi-a3-8l","7":"product_cat-a3","8":"product_cat-audi","9":"product_cat-audi-a3-8l-pavaru-svirtys","10":"product_cat-audi-a3-8l-salono-dalys","12":"first","13":"instock","14":"shipping-taxable","15":"purchasable","16":"product-type-simple"},"yoast_head":"<!-- This site is optimized with the Yoast SEO Premium plugin v25.2 (Yoast SEO v27.4) - https:\/\/yoast.com\/product\/yoast-seo-premium-wordpress\/ -->\n<title>Audi A3 8L 96-03 JUODA EKO ODIN\u0116 5 GREI\u010cI\u0172 pavar\u0173 perjungimo svirtis + JUODA gaubto apdaila su r\u0117meliu, SKYL\u0116 23 MM - Erformance.eu<\/title>\n<meta name=\"robots\" content=\"index, follow, max-snippet:-1, max-image-preview:large, max-video-preview:-1\" \/>\n<link rel=\"canonical\" href=\"https:\/\/erformance.eu\/et\/toode\/audi-a3-8l-96-03-juoda-eko-odine-5-greiciu-pavaru-perjungimo-svirtis-juoda-gaubto-apdaila-su-remeliu-skyle-23-mm\/\" \/>\n<meta property=\"og:locale\" content=\"et_EE\" \/>\n<meta property=\"og:type\" content=\"article\" \/>\n<meta property=\"og:title\" content=\"Audi A3 8L 96-03 JUODA EKO ODIN\u0116 5 GREI\u010cI\u0172 pavar\u0173 perjungimo svirtis + JUODA gaubto apdaila su r\u0117meliu, SKYL\u0116 23 MM\" \/>\n<meta property=\"og:description\" content=\"1. Prek\u0117: Pavar\u0173 perjungimo svirtis + apsaugin\u0117 danga su r\u0117mu2. Gamintojas: pakeitimas3. Automobilis: Audi A3 8L4. Pagaminimo metai: 1996\u20132003\" \/>\n<meta property=\"og:url\" content=\"https:\/\/erformance.eu\/et\/toode\/audi-a3-8l-96-03-juoda-eko-odine-5-greiciu-pavaru-perjungimo-svirtis-juoda-gaubto-apdaila-su-remeliu-skyle-23-mm\/\" \/>\n<meta property=\"og:site_name\" content=\"Erformance.eu\" \/>\n<meta property=\"article:modified_time\" content=\"2026-03-06T00:32:57+00:00\" \/>\n<meta property=\"og:image\" content=\"https:\/\/erformance.eu\/wp-content\/uploads\/2026\/02\/pol_pm_Audi-A3-8L-96-03-galka-zmiany-biegow-CZARNA-EKOSKORA-5-BIEGOW-mieszek-CZARNY-z-ramka-OTWOR-23-MM-27944_1.jpg\" \/>\n\t<meta property=\"og:image:width\" content=\"1200\" \/>\n\t<meta property=\"og:image:height\" content=\"1200\" \/>\n\t<meta property=\"og:image:type\" content=\"image\/jpeg\" \/>\n<meta name=\"twitter:card\" content=\"summary_large_image\" \/>\n<meta name=\"twitter:label1\" content=\"Est. reading time\" \/>\n\t<meta name=\"twitter:data1\" content=\"1 minut\" \/>\n<script type=\"application\/ld+json\" class=\"yoast-schema-graph\">{\"@context\":\"https:\\\/\\\/schema.org\",\"@graph\":[{\"@type\":\"WebPage\",\"@id\":\"https:\\\/\\\/erformance.eu\\\/et\\\/toode\\\/audi-a3-8l-96-03-juoda-eko-odine-5-greiciu-pavaru-perjungimo-svirtis-juoda-gaubto-apdaila-su-remeliu-skyle-23-mm\\\/\",\"url\":\"https:\\\/\\\/erformance.eu\\\/et\\\/toode\\\/audi-a3-8l-96-03-juoda-eko-odine-5-greiciu-pavaru-perjungimo-svirtis-juoda-gaubto-apdaila-su-remeliu-skyle-23-mm\\\/\",\"name\":\"Audi A3 8L 96-03 JUODA EKO ODIN\u0116 5 GREI\u010cI\u0172 pavar\u0173 perjungimo svirtis + JUODA gaubto apdaila su r\u0117meliu, SKYL\u0116 23 MM - Erformance.eu\",\"isPartOf\":{\"@id\":\"https:\\\/\\\/erformance.eu\\\/et\\\/#website\"},\"primaryImageOfPage\":{\"@id\":\"https:\\\/\\\/erformance.eu\\\/et\\\/toode\\\/audi-a3-8l-96-03-juoda-eko-odine-5-greiciu-pavaru-perjungimo-svirtis-juoda-gaubto-apdaila-su-remeliu-skyle-23-mm\\\/#primaryimage\"},\"image\":{\"@id\":\"https:\\\/\\\/erformance.eu\\\/et\\\/toode\\\/audi-a3-8l-96-03-juoda-eko-odine-5-greiciu-pavaru-perjungimo-svirtis-juoda-gaubto-apdaila-su-remeliu-skyle-23-mm\\\/#primaryimage\"},\"thumbnailUrl\":\"https:\\\/\\\/erformance.eu\\\/wp-content\\\/uploads\\\/2026\\\/02\\\/pol_pm_Audi-A3-8L-96-03-galka-zmiany-biegow-CZARNA-EKOSKORA-5-BIEGOW-mieszek-CZARNY-z-ramka-OTWOR-23-MM-27944_1.jpg\",\"datePublished\":\"2026-02-16T12:03:24+00:00\",\"dateModified\":\"2026-03-06T00:32:57+00:00\",\"breadcrumb\":{\"@id\":\"https:\\\/\\\/erformance.eu\\\/et\\\/toode\\\/audi-a3-8l-96-03-juoda-eko-odine-5-greiciu-pavaru-perjungimo-svirtis-juoda-gaubto-apdaila-su-remeliu-skyle-23-mm\\\/#breadcrumb\"},\"inLanguage\":\"et\",\"potentialAction\":[{\"@type\":\"ReadAction\",\"target\":[\"https:\\\/\\\/erformance.eu\\\/et\\\/toode\\\/audi-a3-8l-96-03-juoda-eko-odine-5-greiciu-pavaru-perjungimo-svirtis-juoda-gaubto-apdaila-su-remeliu-skyle-23-mm\\\/\"]}]},{\"@type\":\"ImageObject\",\"inLanguage\":\"et\",\"@id\":\"https:\\\/\\\/erformance.eu\\\/et\\\/toode\\\/audi-a3-8l-96-03-juoda-eko-odine-5-greiciu-pavaru-perjungimo-svirtis-juoda-gaubto-apdaila-su-remeliu-skyle-23-mm\\\/#primaryimage\",\"url\":\"https:\\\/\\\/erformance.eu\\\/wp-content\\\/uploads\\\/2026\\\/02\\\/pol_pm_Audi-A3-8L-96-03-galka-zmiany-biegow-CZARNA-EKOSKORA-5-BIEGOW-mieszek-CZARNY-z-ramka-OTWOR-23-MM-27944_1.jpg\",\"contentUrl\":\"https:\\\/\\\/erformance.eu\\\/wp-content\\\/uploads\\\/2026\\\/02\\\/pol_pm_Audi-A3-8L-96-03-galka-zmiany-biegow-CZARNA-EKOSKORA-5-BIEGOW-mieszek-CZARNY-z-ramka-OTWOR-23-MM-27944_1.jpg\",\"width\":1200,\"height\":1200},{\"@type\":\"BreadcrumbList\",\"@id\":\"https:\\\/\\\/erformance.eu\\\/et\\\/toode\\\/audi-a3-8l-96-03-juoda-eko-odine-5-greiciu-pavaru-perjungimo-svirtis-juoda-gaubto-apdaila-su-remeliu-skyle-23-mm\\\/#breadcrumb\",\"itemListElement\":[{\"@type\":\"ListItem\",\"position\":1,\"name\":\"Home\",\"item\":\"https:\\\/\\\/erformance.eu\\\/et\\\/\"},{\"@type\":\"ListItem\",\"position\":2,\"name\":\"Pood\",\"item\":\"https:\\\/\\\/erformance.eu\\\/et\\\/pood\\\/\"},{\"@type\":\"ListItem\",\"position\":3,\"name\":\"Audi A3 8L 96-03 JUODA EKO ODIN\u0116 5 GREI\u010cI\u0172 pavar\u0173 perjungimo svirtis + JUODA gaubto apdaila su r\u0117meliu, SKYL\u0116 23 MM\"}]},{\"@type\":\"WebSite\",\"@id\":\"https:\\\/\\\/erformance.eu\\\/et\\\/#website\",\"url\":\"https:\\\/\\\/erformance.eu\\\/et\\\/\",\"name\":\"Erformance.eu\",\"description\":\"Automobili\u0173 dali\u0173 parduotuv\u0117\",\"potentialAction\":[{\"@type\":\"SearchAction\",\"target\":{\"@type\":\"EntryPoint\",\"urlTemplate\":\"https:\\\/\\\/erformance.eu\\\/et\\\/?s={search_term_string}\"},\"query-input\":{\"@type\":\"PropertyValueSpecification\",\"valueRequired\":true,\"valueName\":\"search_term_string\"}}],\"inLanguage\":\"et\"}]}<\/script>\n<!-- \/ Yoast SEO Premium plugin. -->","yoast_head_json":{"title":"Audi A3 8L 96-03 JUODA EKO ODIN\u0116 5 GREI\u010cI\u0172 pavar\u0173 perjungimo svirtis + JUODA gaubto apdaila su r\u0117meliu, SKYL\u0116 23 MM - Erformance.eu","robots":{"index":"index","follow":"follow","max-snippet":"max-snippet:-1","max-image-preview":"max-image-preview:large","max-video-preview":"max-video-preview:-1"},"canonical":"https:\/\/erformance.eu\/et\/toode\/audi-a3-8l-96-03-juoda-eko-odine-5-greiciu-pavaru-perjungimo-svirtis-juoda-gaubto-apdaila-su-remeliu-skyle-23-mm\/","og_locale":"et_EE","og_type":"article","og_title":"Audi A3 8L 96-03 JUODA EKO ODIN\u0116 5 GREI\u010cI\u0172 pavar\u0173 perjungimo svirtis + JUODA gaubto apdaila su r\u0117meliu, SKYL\u0116 23 MM","og_description":"1. Prek\u0117: Pavar\u0173 perjungimo svirtis + apsaugin\u0117 danga su r\u0117mu2. Gamintojas: pakeitimas3. Automobilis: Audi A3 8L4. Pagaminimo metai: 1996\u20132003","og_url":"https:\/\/erformance.eu\/et\/toode\/audi-a3-8l-96-03-juoda-eko-odine-5-greiciu-pavaru-perjungimo-svirtis-juoda-gaubto-apdaila-su-remeliu-skyle-23-mm\/","og_site_name":"Erformance.eu","article_modified_time":"2026-03-06T00:32:57+00:00","og_image":[{"width":1200,"height":1200,"url":"https:\/\/erformance.eu\/wp-content\/uploads\/2026\/02\/pol_pm_Audi-A3-8L-96-03-galka-zmiany-biegow-CZARNA-EKOSKORA-5-BIEGOW-mieszek-CZARNY-z-ramka-OTWOR-23-MM-27944_1.jpg","type":"image\/jpeg"}],"twitter_card":"summary_large_image","twitter_misc":{"Est. reading time":"1 minut"},"schema":{"@context":"https:\/\/schema.org","@graph":[{"@type":"WebPage","@id":"https:\/\/erformance.eu\/et\/toode\/audi-a3-8l-96-03-juoda-eko-odine-5-greiciu-pavaru-perjungimo-svirtis-juoda-gaubto-apdaila-su-remeliu-skyle-23-mm\/","url":"https:\/\/erformance.eu\/et\/toode\/audi-a3-8l-96-03-juoda-eko-odine-5-greiciu-pavaru-perjungimo-svirtis-juoda-gaubto-apdaila-su-remeliu-skyle-23-mm\/","name":"Audi A3 8L 96-03 JUODA EKO ODIN\u0116 5 GREI\u010cI\u0172 pavar\u0173 perjungimo svirtis + JUODA gaubto apdaila su r\u0117meliu, SKYL\u0116 23 MM - Erformance.eu","isPartOf":{"@id":"https:\/\/erformance.eu\/et\/#website"},"primaryImageOfPage":{"@id":"https:\/\/erformance.eu\/et\/toode\/audi-a3-8l-96-03-juoda-eko-odine-5-greiciu-pavaru-perjungimo-svirtis-juoda-gaubto-apdaila-su-remeliu-skyle-23-mm\/#primaryimage"},"image":{"@id":"https:\/\/erformance.eu\/et\/toode\/audi-a3-8l-96-03-juoda-eko-odine-5-greiciu-pavaru-perjungimo-svirtis-juoda-gaubto-apdaila-su-remeliu-skyle-23-mm\/#primaryimage"},"thumbnailUrl":"https:\/\/erformance.eu\/wp-content\/uploads\/2026\/02\/pol_pm_Audi-A3-8L-96-03-galka-zmiany-biegow-CZARNA-EKOSKORA-5-BIEGOW-mieszek-CZARNY-z-ramka-OTWOR-23-MM-27944_1.jpg","datePublished":"2026-02-16T12:03:24+00:00","dateModified":"2026-03-06T00:32:57+00:00","breadcrumb":{"@id":"https:\/\/erformance.eu\/et\/toode\/audi-a3-8l-96-03-juoda-eko-odine-5-greiciu-pavaru-perjungimo-svirtis-juoda-gaubto-apdaila-su-remeliu-skyle-23-mm\/#breadcrumb"},"inLanguage":"et","potentialAction":[{"@type":"ReadAction","target":["https:\/\/erformance.eu\/et\/toode\/audi-a3-8l-96-03-juoda-eko-odine-5-greiciu-pavaru-perjungimo-svirtis-juoda-gaubto-apdaila-su-remeliu-skyle-23-mm\/"]}]},{"@type":"ImageObject","inLanguage":"et","@id":"https:\/\/erformance.eu\/et\/toode\/audi-a3-8l-96-03-juoda-eko-odine-5-greiciu-pavaru-perjungimo-svirtis-juoda-gaubto-apdaila-su-remeliu-skyle-23-mm\/#primaryimage","url":"https:\/\/erformance.eu\/wp-content\/uploads\/2026\/02\/pol_pm_Audi-A3-8L-96-03-galka-zmiany-biegow-CZARNA-EKOSKORA-5-BIEGOW-mieszek-CZARNY-z-ramka-OTWOR-23-MM-27944_1.jpg","contentUrl":"https:\/\/erformance.eu\/wp-content\/uploads\/2026\/02\/pol_pm_Audi-A3-8L-96-03-galka-zmiany-biegow-CZARNA-EKOSKORA-5-BIEGOW-mieszek-CZARNY-z-ramka-OTWOR-23-MM-27944_1.jpg","width":1200,"height":1200},{"@type":"BreadcrumbList","@id":"https:\/\/erformance.eu\/et\/toode\/audi-a3-8l-96-03-juoda-eko-odine-5-greiciu-pavaru-perjungimo-svirtis-juoda-gaubto-apdaila-su-remeliu-skyle-23-mm\/#breadcrumb","itemListElement":[{"@type":"ListItem","position":1,"name":"Home","item":"https:\/\/erformance.eu\/et\/"},{"@type":"ListItem","position":2,"name":"Pood","item":"https:\/\/erformance.eu\/et\/pood\/"},{"@type":"ListItem","position":3,"name":"Audi A3 8L 96-03 JUODA EKO ODIN\u0116 5 GREI\u010cI\u0172 pavar\u0173 perjungimo svirtis + JUODA gaubto apdaila su r\u0117meliu, SKYL\u0116 23 MM"}]},{"@type":"WebSite","@id":"https:\/\/erformance.eu\/et\/#website","url":"https:\/\/erformance.eu\/et\/","name":"Erformance.eu","description":"Automobili\u0173 dali\u0173 parduotuv\u0117","potentialAction":[{"@type":"SearchAction","target":{"@type":"EntryPoint","urlTemplate":"https:\/\/erformance.eu\/et\/?s={search_term_string}"},"query-input":{"@type":"PropertyValueSpecification","valueRequired":true,"valueName":"search_term_string"}}],"inLanguage":"et"}]}},"jetpack_sharing_enabled":true,"_links":{"self":[{"href":"https:\/\/erformance.eu\/et\/wp-json\/wp\/v2\/product\/59782","targetHints":{"allow":["GET"]}}],"collection":[{"href":"https:\/\/erformance.eu\/et\/wp-json\/wp\/v2\/product"}],"about":[{"href":"https:\/\/erformance.eu\/et\/wp-json\/wp\/v2\/types\/product"}],"replies":[{"embeddable":true,"href":"https:\/\/erformance.eu\/et\/wp-json\/wp\/v2\/comments?post=59782"}],"version-history":[{"count":1,"href":"https:\/\/erformance.eu\/et\/wp-json\/wp\/v2\/product\/59782\/revisions"}],"predecessor-version":[{"id":59793,"href":"https:\/\/erformance.eu\/et\/wp-json\/wp\/v2\/product\/59782\/revisions\/59793"}],"wp:featuredmedia":[{"embeddable":true,"href":"https:\/\/erformance.eu\/et\/wp-json\/wp\/v2\/media\/59783"}],"wp:attachment":[{"href":"https:\/\/erformance.eu\/et\/wp-json\/wp\/v2\/media?parent=59782"}],"wp:term":[{"taxonomy":"product_brand","embeddable":true,"href":"https:\/\/erformance.eu\/et\/wp-json\/wp\/v2\/product_brand?post=59782"},{"taxonomy":"product_cat","embeddable":true,"href":"https:\/\/erformance.eu\/et\/wp-json\/wp\/v2\/product_cat?post=59782"},{"taxonomy":"product_tag","embeddable":true,"href":"https:\/\/erformance.eu\/et\/wp-json\/wp\/v2\/product_tag?post=59782"}],"curies":[{"name":"wp","href":"https:\/\/api.w.org\/{rel}","templated":true}]}}