{"id":59837,"date":"2026-02-16T15:03:42","date_gmt":"2026-02-16T12:03:42","guid":{"rendered":"https:\/\/erformance.eu\/?post_type=product&#038;p=59837"},"modified":"2026-03-06T03:32:02","modified_gmt":"2026-03-06T00:32:02","slug":"audi-a3-8v-2012-priekinio-zibinto-remonto-komplektas-1-dalis-desinysis","status":"publish","type":"product","link":"https:\/\/erformance.eu\/et\/toode\/audi-a3-8v-2012-priekinio-zibinto-remonto-komplektas-1-dalis-desinysis\/","title":{"rendered":"Audi A3 8V 2012- Priekinio \u017eibinto remonto komplektas (1 dalis) de\u0161inysis"},"content":{"rendered":"<p>Prek\u0117: Priekini\u0173 \u017eibint\u0173 remonto komplektas &#8211; 1 prek\u0117<br \/>\nPus\u0117: De\u0161in\u0117 (keleivio pus\u0117)<br \/>\nOriginalus numeris:<\/p>\n<p>8V0998122<br \/>\n8V0 998 122<\/p>\n<p>PASTABA: auk\u0161\u010diau pateikti numeriai yra original\u016bs dali\u0173 numeriai, kuriuos \u0161is pasi\u016blymas pakei\u010dia. Prie\u0161 pirkdami, palyginkite juos su originaliu dalies numeriu. Jei jie skiriasi net vienu simboliu, dalis netiks, neveiks arba veiks netinkamai. Tokiu atveju jos nepirkite.<br \/>\nAutomobilis:<\/p>\n<p>Audi A3 (8V1, 8VK)<br \/>\nAudi A3 sedanas (8VS, 8VM)<br \/>\nAudi A3 Sportback (8VA, 8VF)<br \/>\nAudi A3 kabrioletas (8V7, 8VE)<\/p>\n<p>Pagaminimo metai: modeliai, pagaminti nuo 2012 m.<br \/>\nGamintojas: pakaitalas<br \/>\nTechnin\u0117 b\u016bkl\u0117: prek\u0117 yra visi\u0161kai nauja, nenaudota, nepa\u017eeista ir nesugadinta<\/p>\n","protected":false},"excerpt":{"rendered":"<p>1. Prek\u0117: Priekini\u0173 \u017eibint\u0173 remonto komplektas2. Pus\u0117: de\u0161in\u01173. Gamintojas: pakeitimas4. Automobilis: Audi A3 8V5. Pagaminimo metai: 2012-<\/p>\n","protected":false},"featured_media":59838,"comment_status":"open","ping_status":"closed","template":"","meta":[],"product_brand":[],"product_cat":[3907,186,144,3947,4269],"product_tag":[],"class_list":{"0":"post-59837","1":"product","2":"type-product","3":"status-publish","4":"has-post-thumbnail","6":"product_cat-audi-a3-8v","7":"product_cat-a3","8":"product_cat-audi","9":"product_cat-audi-a3-8v-isores-dalys","10":"product_cat-audi-a3-8v-zibintai-apsvietimas","12":"first","13":"instock","14":"shipping-taxable","15":"purchasable","16":"product-type-simple"},"yoast_head":"<!-- This site is optimized with the Yoast SEO Premium plugin v25.2 (Yoast SEO v27.4) - https:\/\/yoast.com\/product\/yoast-seo-premium-wordpress\/ -->\n<title>Audi A3 8V 2012- Priekinio \u017eibinto remonto komplektas (1 dalis) de\u0161inysis - Erformance.eu<\/title>\n<meta name=\"robots\" content=\"index, follow, max-snippet:-1, max-image-preview:large, max-video-preview:-1\" \/>\n<link rel=\"canonical\" href=\"https:\/\/erformance.eu\/et\/toode\/audi-a3-8v-2012-priekinio-zibinto-remonto-komplektas-1-dalis-desinysis\/\" \/>\n<meta property=\"og:locale\" content=\"et_EE\" \/>\n<meta property=\"og:type\" content=\"article\" \/>\n<meta property=\"og:title\" content=\"Audi A3 8V 2012- Priekinio \u017eibinto remonto komplektas (1 dalis) de\u0161inysis\" \/>\n<meta property=\"og:description\" content=\"1. Prek\u0117: Priekini\u0173 \u017eibint\u0173 remonto komplektas2. Pus\u0117: de\u0161in\u01173. Gamintojas: pakeitimas4. Automobilis: Audi A3 8V5. Pagaminimo metai: 2012-\" \/>\n<meta property=\"og:url\" content=\"https:\/\/erformance.eu\/et\/toode\/audi-a3-8v-2012-priekinio-zibinto-remonto-komplektas-1-dalis-desinysis\/\" \/>\n<meta property=\"og:site_name\" content=\"Erformance.eu\" \/>\n<meta property=\"article:modified_time\" content=\"2026-03-06T00:32:02+00:00\" \/>\n<meta property=\"og:image\" content=\"https:\/\/erformance.eu\/wp-content\/uploads\/2026\/02\/pol_pm_Audi-A3-8V-2012-Zestaw-naprawczy-reflektora-1-element-prawy-33468_1.jpg\" \/>\n\t<meta property=\"og:image:width\" content=\"1200\" \/>\n\t<meta property=\"og:image:height\" content=\"1200\" \/>\n\t<meta property=\"og:image:type\" content=\"image\/jpeg\" \/>\n<meta name=\"twitter:card\" content=\"summary_large_image\" \/>\n<script type=\"application\/ld+json\" class=\"yoast-schema-graph\">{\"@context\":\"https:\\\/\\\/schema.org\",\"@graph\":[{\"@type\":\"WebPage\",\"@id\":\"https:\\\/\\\/erformance.eu\\\/et\\\/toode\\\/audi-a3-8v-2012-priekinio-zibinto-remonto-komplektas-1-dalis-desinysis\\\/\",\"url\":\"https:\\\/\\\/erformance.eu\\\/et\\\/toode\\\/audi-a3-8v-2012-priekinio-zibinto-remonto-komplektas-1-dalis-desinysis\\\/\",\"name\":\"Audi A3 8V 2012- Priekinio \u017eibinto remonto komplektas (1 dalis) de\u0161inysis - Erformance.eu\",\"isPartOf\":{\"@id\":\"https:\\\/\\\/erformance.eu\\\/et\\\/#website\"},\"primaryImageOfPage\":{\"@id\":\"https:\\\/\\\/erformance.eu\\\/et\\\/toode\\\/audi-a3-8v-2012-priekinio-zibinto-remonto-komplektas-1-dalis-desinysis\\\/#primaryimage\"},\"image\":{\"@id\":\"https:\\\/\\\/erformance.eu\\\/et\\\/toode\\\/audi-a3-8v-2012-priekinio-zibinto-remonto-komplektas-1-dalis-desinysis\\\/#primaryimage\"},\"thumbnailUrl\":\"https:\\\/\\\/erformance.eu\\\/wp-content\\\/uploads\\\/2026\\\/02\\\/pol_pm_Audi-A3-8V-2012-Zestaw-naprawczy-reflektora-1-element-prawy-33468_1.jpg\",\"datePublished\":\"2026-02-16T12:03:42+00:00\",\"dateModified\":\"2026-03-06T00:32:02+00:00\",\"breadcrumb\":{\"@id\":\"https:\\\/\\\/erformance.eu\\\/et\\\/toode\\\/audi-a3-8v-2012-priekinio-zibinto-remonto-komplektas-1-dalis-desinysis\\\/#breadcrumb\"},\"inLanguage\":\"et\",\"potentialAction\":[{\"@type\":\"ReadAction\",\"target\":[\"https:\\\/\\\/erformance.eu\\\/et\\\/toode\\\/audi-a3-8v-2012-priekinio-zibinto-remonto-komplektas-1-dalis-desinysis\\\/\"]}]},{\"@type\":\"ImageObject\",\"inLanguage\":\"et\",\"@id\":\"https:\\\/\\\/erformance.eu\\\/et\\\/toode\\\/audi-a3-8v-2012-priekinio-zibinto-remonto-komplektas-1-dalis-desinysis\\\/#primaryimage\",\"url\":\"https:\\\/\\\/erformance.eu\\\/wp-content\\\/uploads\\\/2026\\\/02\\\/pol_pm_Audi-A3-8V-2012-Zestaw-naprawczy-reflektora-1-element-prawy-33468_1.jpg\",\"contentUrl\":\"https:\\\/\\\/erformance.eu\\\/wp-content\\\/uploads\\\/2026\\\/02\\\/pol_pm_Audi-A3-8V-2012-Zestaw-naprawczy-reflektora-1-element-prawy-33468_1.jpg\",\"width\":1200,\"height\":1200},{\"@type\":\"BreadcrumbList\",\"@id\":\"https:\\\/\\\/erformance.eu\\\/et\\\/toode\\\/audi-a3-8v-2012-priekinio-zibinto-remonto-komplektas-1-dalis-desinysis\\\/#breadcrumb\",\"itemListElement\":[{\"@type\":\"ListItem\",\"position\":1,\"name\":\"Home\",\"item\":\"https:\\\/\\\/erformance.eu\\\/et\\\/\"},{\"@type\":\"ListItem\",\"position\":2,\"name\":\"Pood\",\"item\":\"https:\\\/\\\/erformance.eu\\\/et\\\/pood\\\/\"},{\"@type\":\"ListItem\",\"position\":3,\"name\":\"Audi A3 8V 2012- Priekinio \u017eibinto remonto komplektas (1 dalis) de\u0161inysis\"}]},{\"@type\":\"WebSite\",\"@id\":\"https:\\\/\\\/erformance.eu\\\/et\\\/#website\",\"url\":\"https:\\\/\\\/erformance.eu\\\/et\\\/\",\"name\":\"Erformance.eu\",\"description\":\"Automobili\u0173 dali\u0173 parduotuv\u0117\",\"potentialAction\":[{\"@type\":\"SearchAction\",\"target\":{\"@type\":\"EntryPoint\",\"urlTemplate\":\"https:\\\/\\\/erformance.eu\\\/et\\\/?s={search_term_string}\"},\"query-input\":{\"@type\":\"PropertyValueSpecification\",\"valueRequired\":true,\"valueName\":\"search_term_string\"}}],\"inLanguage\":\"et\"}]}<\/script>\n<!-- \/ Yoast SEO Premium plugin. -->","yoast_head_json":{"title":"Audi A3 8V 2012- Priekinio \u017eibinto remonto komplektas (1 dalis) de\u0161inysis - Erformance.eu","robots":{"index":"index","follow":"follow","max-snippet":"max-snippet:-1","max-image-preview":"max-image-preview:large","max-video-preview":"max-video-preview:-1"},"canonical":"https:\/\/erformance.eu\/et\/toode\/audi-a3-8v-2012-priekinio-zibinto-remonto-komplektas-1-dalis-desinysis\/","og_locale":"et_EE","og_type":"article","og_title":"Audi A3 8V 2012- Priekinio \u017eibinto remonto komplektas (1 dalis) de\u0161inysis","og_description":"1. Prek\u0117: Priekini\u0173 \u017eibint\u0173 remonto komplektas2. Pus\u0117: de\u0161in\u01173. Gamintojas: pakeitimas4. Automobilis: Audi A3 8V5. Pagaminimo metai: 2012-","og_url":"https:\/\/erformance.eu\/et\/toode\/audi-a3-8v-2012-priekinio-zibinto-remonto-komplektas-1-dalis-desinysis\/","og_site_name":"Erformance.eu","article_modified_time":"2026-03-06T00:32:02+00:00","og_image":[{"width":1200,"height":1200,"url":"https:\/\/erformance.eu\/wp-content\/uploads\/2026\/02\/pol_pm_Audi-A3-8V-2012-Zestaw-naprawczy-reflektora-1-element-prawy-33468_1.jpg","type":"image\/jpeg"}],"twitter_card":"summary_large_image","schema":{"@context":"https:\/\/schema.org","@graph":[{"@type":"WebPage","@id":"https:\/\/erformance.eu\/et\/toode\/audi-a3-8v-2012-priekinio-zibinto-remonto-komplektas-1-dalis-desinysis\/","url":"https:\/\/erformance.eu\/et\/toode\/audi-a3-8v-2012-priekinio-zibinto-remonto-komplektas-1-dalis-desinysis\/","name":"Audi A3 8V 2012- Priekinio \u017eibinto remonto komplektas (1 dalis) de\u0161inysis - Erformance.eu","isPartOf":{"@id":"https:\/\/erformance.eu\/et\/#website"},"primaryImageOfPage":{"@id":"https:\/\/erformance.eu\/et\/toode\/audi-a3-8v-2012-priekinio-zibinto-remonto-komplektas-1-dalis-desinysis\/#primaryimage"},"image":{"@id":"https:\/\/erformance.eu\/et\/toode\/audi-a3-8v-2012-priekinio-zibinto-remonto-komplektas-1-dalis-desinysis\/#primaryimage"},"thumbnailUrl":"https:\/\/erformance.eu\/wp-content\/uploads\/2026\/02\/pol_pm_Audi-A3-8V-2012-Zestaw-naprawczy-reflektora-1-element-prawy-33468_1.jpg","datePublished":"2026-02-16T12:03:42+00:00","dateModified":"2026-03-06T00:32:02+00:00","breadcrumb":{"@id":"https:\/\/erformance.eu\/et\/toode\/audi-a3-8v-2012-priekinio-zibinto-remonto-komplektas-1-dalis-desinysis\/#breadcrumb"},"inLanguage":"et","potentialAction":[{"@type":"ReadAction","target":["https:\/\/erformance.eu\/et\/toode\/audi-a3-8v-2012-priekinio-zibinto-remonto-komplektas-1-dalis-desinysis\/"]}]},{"@type":"ImageObject","inLanguage":"et","@id":"https:\/\/erformance.eu\/et\/toode\/audi-a3-8v-2012-priekinio-zibinto-remonto-komplektas-1-dalis-desinysis\/#primaryimage","url":"https:\/\/erformance.eu\/wp-content\/uploads\/2026\/02\/pol_pm_Audi-A3-8V-2012-Zestaw-naprawczy-reflektora-1-element-prawy-33468_1.jpg","contentUrl":"https:\/\/erformance.eu\/wp-content\/uploads\/2026\/02\/pol_pm_Audi-A3-8V-2012-Zestaw-naprawczy-reflektora-1-element-prawy-33468_1.jpg","width":1200,"height":1200},{"@type":"BreadcrumbList","@id":"https:\/\/erformance.eu\/et\/toode\/audi-a3-8v-2012-priekinio-zibinto-remonto-komplektas-1-dalis-desinysis\/#breadcrumb","itemListElement":[{"@type":"ListItem","position":1,"name":"Home","item":"https:\/\/erformance.eu\/et\/"},{"@type":"ListItem","position":2,"name":"Pood","item":"https:\/\/erformance.eu\/et\/pood\/"},{"@type":"ListItem","position":3,"name":"Audi A3 8V 2012- Priekinio \u017eibinto remonto komplektas (1 dalis) de\u0161inysis"}]},{"@type":"WebSite","@id":"https:\/\/erformance.eu\/et\/#website","url":"https:\/\/erformance.eu\/et\/","name":"Erformance.eu","description":"Automobili\u0173 dali\u0173 parduotuv\u0117","potentialAction":[{"@type":"SearchAction","target":{"@type":"EntryPoint","urlTemplate":"https:\/\/erformance.eu\/et\/?s={search_term_string}"},"query-input":{"@type":"PropertyValueSpecification","valueRequired":true,"valueName":"search_term_string"}}],"inLanguage":"et"}]}},"jetpack_sharing_enabled":true,"_links":{"self":[{"href":"https:\/\/erformance.eu\/et\/wp-json\/wp\/v2\/product\/59837","targetHints":{"allow":["GET"]}}],"collection":[{"href":"https:\/\/erformance.eu\/et\/wp-json\/wp\/v2\/product"}],"about":[{"href":"https:\/\/erformance.eu\/et\/wp-json\/wp\/v2\/types\/product"}],"replies":[{"embeddable":true,"href":"https:\/\/erformance.eu\/et\/wp-json\/wp\/v2\/comments?post=59837"}],"version-history":[{"count":1,"href":"https:\/\/erformance.eu\/et\/wp-json\/wp\/v2\/product\/59837\/revisions"}],"predecessor-version":[{"id":59844,"href":"https:\/\/erformance.eu\/et\/wp-json\/wp\/v2\/product\/59837\/revisions\/59844"}],"wp:featuredmedia":[{"embeddable":true,"href":"https:\/\/erformance.eu\/et\/wp-json\/wp\/v2\/media\/59838"}],"wp:attachment":[{"href":"https:\/\/erformance.eu\/et\/wp-json\/wp\/v2\/media?parent=59837"}],"wp:term":[{"taxonomy":"product_brand","embeddable":true,"href":"https:\/\/erformance.eu\/et\/wp-json\/wp\/v2\/product_brand?post=59837"},{"taxonomy":"product_cat","embeddable":true,"href":"https:\/\/erformance.eu\/et\/wp-json\/wp\/v2\/product_cat?post=59837"},{"taxonomy":"product_tag","embeddable":true,"href":"https:\/\/erformance.eu\/et\/wp-json\/wp\/v2\/product_tag?post=59837"}],"curies":[{"name":"wp","href":"https:\/\/api.w.org\/{rel}","templated":true}]}}