{"id":60306,"date":"2026-02-16T15:06:21","date_gmt":"2026-02-16T12:06:21","guid":{"rendered":"https:\/\/erformance.eu\/?post_type=product&#038;p=60306"},"modified":"2026-03-06T03:17:59","modified_gmt":"2026-03-06T00:17:59","slug":"audi-a3-1996-radiatoriaus-ventiliatorius","status":"publish","type":"product","link":"https:\/\/erformance.eu\/et\/toode\/audi-a3-1996-radiatoriaus-ventiliatorius\/","title":{"rendered":"Audi A3 1996- radiatoriaus ventiliatorius"},"content":{"rendered":"<p>Prek\u0117: Radiatoriaus ventiliatorius<br \/>\nOriginalus numeris:<\/p>\n<p>1J0959455D<br \/>\n1J0959455F<br \/>\n6X0959455A<br \/>\n6X0959455F<\/p>\n<p>PASTABA: auk\u0161\u010diau pateikti numeriai yra original\u016bs dali\u0173 numeriai, kuriuos \u0161is pasi\u016blymas pakei\u010dia. Prie\u0161 pirkdami, palyginkite juos su originaliu dalies numeriu. Jei jie skiriasi net vienu simboliu, dalis netiks, neveiks arba veiks netinkamai. Tokiu atveju jos nepirkite.<br \/>\nAutomobilis:<br \/>\n\u201eAudi A3\u201c, modeliai, pagaminti nuo 1996 m.<\/p>\n<p>Variklis: 1,6 \/ 1,8 \/ 1,8 T \/ 1,9 TDI S3<\/p>\n<p>\u201eSeat Arosa\u201c, gamybos metai: 1997\u20132004<\/p>\n<p>Variklis: 1.0 \/ 1.4 \/ 1.4 16V<\/p>\n<p>\u201eSeat Cordoba\u201c, gamybos metai: 2002\u20132007<\/p>\n<p>Variklis: 1.4 16V<\/p>\n<p>\u201eSeat Ibiza IV\u201c, gamybos metai: 2002\u20132008<\/p>\n<p>Variklis: 1.4 16V<\/p>\n<p>\u201eSeat Leon I\u201c, gamybos metai: 1999\u20132006<\/p>\n<p>Variklis: 1.4 16V \/ 1.6 \/ 1.6 16V \/ 1.8 20V \/ 1.9 SDI \/ 1.9 TDI<\/p>\n<p>\u201eSeat Toledo II\u201c, gamybos metai: 1999\u20132006<\/p>\n<p>Variklis: 1.4 16V \/ 1.6 \/ 1.6 16V \/ 1.8 20V \/ 1.9 SDI \/ 1.9 TDI \/ 2.3 V5<\/p>\n<p>\u201eSkoda Fabia I\u201c, pagaminimo metai: 1999\u20132008<\/p>\n<p>Variklis: 1.0 \/ 1.2 \/ 1.4 \/ 1.4 16V<\/p>\n<p>\u201eSkoda Octavia I\u201c, gamybos metai: 1997\u20132010<\/p>\n<p>Variklis: 1.4 \/ 1.4 16V \/ 1.6 \/ 1.8 T \/ 1.9 SDI \/ 1.9 TDI \/ 2.0<\/p>\n<p>VW Bora, gamybos metai: 1998\u20132005<\/p>\n<p>Variklis: 1.4 16V \/ 1.6 \/ 1.6 16V \/ 1.6 FSI \/ 1.8 \/ 1.8 T \/ 1.9 SDI \/ 1.9 TDI \/ 2.0 \/ 2.3 V5<\/p>\n<p>VW Golf IV, gamybos metai: 1997\u20132006<\/p>\n<p>Variklis: 1.4 16V \/ 1.6 \/ 1.6 16V \/ 1.6 FSI \/ 1.8 \/ 1.8 T \/ 1.9 SDI \/ 1.9 TDI \/ 2.0 \/ 2.3 V5<\/p>\n<p>VW Lupo, gamybos metai: 1998\u20132005<\/p>\n<p>Variklis: 1.0 \/ 1.4 \/ 1.4 16V \/ 1.4 FSI \/ 1.7 SDI<\/p>\n<p>VW Polo, gamybos metai: 1998\u20132008<\/p>\n<p>Variklis: 1.0 \/ 1.4 \/ 1.4 16V \/ 1.6 \/ 1.6 16V GTI<\/p>\n<p>Kai\u0161\u010di\u0173 skai\u010dius: 3<br \/>\nPeili\u0173 skai\u010dius: 7<br \/>\nSkersmuo: 345 mm<br \/>\nGamintojas: pakaitalas<br \/>\nTechnin\u0117 b\u016bkl\u0117: prek\u0117 yra visi\u0161kai nauja, nenaudota, nepa\u017eeista ir nesugadinta<\/p>\n","protected":false},"excerpt":{"rendered":"<p>1. Prek\u0117: Radiatoriaus ventiliatorius2. Gamintojas: pakeitimas3. Automobilis:   * Audi A3 1996-   * Seat Arosa 97-04   * Seat Cordoba 02-07   * Seat Ibiza IV 2002\u20132008 m.   * Seat Leon I 99-06   * Seat Toledo II 99-06<\/p>\n","protected":false},"featured_media":60307,"comment_status":"open","ping_status":"closed","template":"","meta":[],"product_brand":[],"product_cat":[3905,186,144,3945,4150],"product_tag":[],"class_list":{"0":"post-60306","1":"product","2":"type-product","3":"status-publish","4":"has-post-thumbnail","6":"product_cat-audi-a3-8l","7":"product_cat-a3","8":"product_cat-audi","9":"product_cat-audi-a3-8l-isores-dalys","10":"product_cat-audi-a3-8l-isores-kitos-dalys","12":"first","13":"instock","14":"shipping-taxable","15":"purchasable","16":"product-type-simple"},"yoast_head":"<!-- This site is optimized with the Yoast SEO Premium plugin v25.2 (Yoast SEO v27.4) - https:\/\/yoast.com\/product\/yoast-seo-premium-wordpress\/ -->\n<title>Audi A3 1996- radiatoriaus ventiliatorius - Erformance.eu<\/title>\n<meta name=\"robots\" content=\"index, follow, max-snippet:-1, max-image-preview:large, max-video-preview:-1\" \/>\n<link rel=\"canonical\" href=\"https:\/\/erformance.eu\/et\/toode\/audi-a3-1996-radiatoriaus-ventiliatorius\/\" \/>\n<meta property=\"og:locale\" content=\"et_EE\" \/>\n<meta property=\"og:type\" content=\"article\" \/>\n<meta property=\"og:title\" content=\"Audi A3 1996- radiatoriaus ventiliatorius\" \/>\n<meta property=\"og:description\" content=\"1. Prek\u0117: Radiatoriaus ventiliatorius2. Gamintojas: pakeitimas3. Automobilis:  * Audi A3 1996-  * Seat Arosa 97-04  * Seat Cordoba 02-07  * Seat Ibiza IV 2002\u20132008 m.  * Seat Leon I 99-06  * Seat Toledo II 99-06\" \/>\n<meta property=\"og:url\" content=\"https:\/\/erformance.eu\/et\/toode\/audi-a3-1996-radiatoriaus-ventiliatorius\/\" \/>\n<meta property=\"og:site_name\" content=\"Erformance.eu\" \/>\n<meta property=\"article:modified_time\" content=\"2026-03-06T00:17:59+00:00\" \/>\n<meta property=\"og:image\" content=\"https:\/\/erformance.eu\/wp-content\/uploads\/2026\/02\/pol_pm_Audi-A3-1996-wentylator-chlodnicy-5230_1.jpg\" \/>\n\t<meta property=\"og:image:width\" content=\"667\" \/>\n\t<meta property=\"og:image:height\" content=\"500\" \/>\n\t<meta property=\"og:image:type\" content=\"image\/jpeg\" \/>\n<meta name=\"twitter:card\" content=\"summary_large_image\" \/>\n<meta name=\"twitter:label1\" content=\"Est. reading time\" \/>\n\t<meta name=\"twitter:data1\" content=\"1 minut\" \/>\n<script type=\"application\/ld+json\" class=\"yoast-schema-graph\">{\"@context\":\"https:\\\/\\\/schema.org\",\"@graph\":[{\"@type\":\"WebPage\",\"@id\":\"https:\\\/\\\/erformance.eu\\\/et\\\/toode\\\/audi-a3-1996-radiatoriaus-ventiliatorius\\\/\",\"url\":\"https:\\\/\\\/erformance.eu\\\/et\\\/toode\\\/audi-a3-1996-radiatoriaus-ventiliatorius\\\/\",\"name\":\"Audi A3 1996- radiatoriaus ventiliatorius - Erformance.eu\",\"isPartOf\":{\"@id\":\"https:\\\/\\\/erformance.eu\\\/et\\\/#website\"},\"primaryImageOfPage\":{\"@id\":\"https:\\\/\\\/erformance.eu\\\/et\\\/toode\\\/audi-a3-1996-radiatoriaus-ventiliatorius\\\/#primaryimage\"},\"image\":{\"@id\":\"https:\\\/\\\/erformance.eu\\\/et\\\/toode\\\/audi-a3-1996-radiatoriaus-ventiliatorius\\\/#primaryimage\"},\"thumbnailUrl\":\"https:\\\/\\\/erformance.eu\\\/wp-content\\\/uploads\\\/2026\\\/02\\\/pol_pm_Audi-A3-1996-wentylator-chlodnicy-5230_1.jpg\",\"datePublished\":\"2026-02-16T12:06:21+00:00\",\"dateModified\":\"2026-03-06T00:17:59+00:00\",\"breadcrumb\":{\"@id\":\"https:\\\/\\\/erformance.eu\\\/et\\\/toode\\\/audi-a3-1996-radiatoriaus-ventiliatorius\\\/#breadcrumb\"},\"inLanguage\":\"et\",\"potentialAction\":[{\"@type\":\"ReadAction\",\"target\":[\"https:\\\/\\\/erformance.eu\\\/et\\\/toode\\\/audi-a3-1996-radiatoriaus-ventiliatorius\\\/\"]}]},{\"@type\":\"ImageObject\",\"inLanguage\":\"et\",\"@id\":\"https:\\\/\\\/erformance.eu\\\/et\\\/toode\\\/audi-a3-1996-radiatoriaus-ventiliatorius\\\/#primaryimage\",\"url\":\"https:\\\/\\\/erformance.eu\\\/wp-content\\\/uploads\\\/2026\\\/02\\\/pol_pm_Audi-A3-1996-wentylator-chlodnicy-5230_1.jpg\",\"contentUrl\":\"https:\\\/\\\/erformance.eu\\\/wp-content\\\/uploads\\\/2026\\\/02\\\/pol_pm_Audi-A3-1996-wentylator-chlodnicy-5230_1.jpg\",\"width\":667,\"height\":500},{\"@type\":\"BreadcrumbList\",\"@id\":\"https:\\\/\\\/erformance.eu\\\/et\\\/toode\\\/audi-a3-1996-radiatoriaus-ventiliatorius\\\/#breadcrumb\",\"itemListElement\":[{\"@type\":\"ListItem\",\"position\":1,\"name\":\"Home\",\"item\":\"https:\\\/\\\/erformance.eu\\\/et\\\/\"},{\"@type\":\"ListItem\",\"position\":2,\"name\":\"Pood\",\"item\":\"https:\\\/\\\/erformance.eu\\\/et\\\/pood\\\/\"},{\"@type\":\"ListItem\",\"position\":3,\"name\":\"Audi A3 1996- radiatoriaus ventiliatorius\"}]},{\"@type\":\"WebSite\",\"@id\":\"https:\\\/\\\/erformance.eu\\\/et\\\/#website\",\"url\":\"https:\\\/\\\/erformance.eu\\\/et\\\/\",\"name\":\"Erformance.eu\",\"description\":\"Automobili\u0173 dali\u0173 parduotuv\u0117\",\"potentialAction\":[{\"@type\":\"SearchAction\",\"target\":{\"@type\":\"EntryPoint\",\"urlTemplate\":\"https:\\\/\\\/erformance.eu\\\/et\\\/?s={search_term_string}\"},\"query-input\":{\"@type\":\"PropertyValueSpecification\",\"valueRequired\":true,\"valueName\":\"search_term_string\"}}],\"inLanguage\":\"et\"}]}<\/script>\n<!-- \/ Yoast SEO Premium plugin. -->","yoast_head_json":{"title":"Audi A3 1996- radiatoriaus ventiliatorius - Erformance.eu","robots":{"index":"index","follow":"follow","max-snippet":"max-snippet:-1","max-image-preview":"max-image-preview:large","max-video-preview":"max-video-preview:-1"},"canonical":"https:\/\/erformance.eu\/et\/toode\/audi-a3-1996-radiatoriaus-ventiliatorius\/","og_locale":"et_EE","og_type":"article","og_title":"Audi A3 1996- radiatoriaus ventiliatorius","og_description":"1. Prek\u0117: Radiatoriaus ventiliatorius2. Gamintojas: pakeitimas3. Automobilis:  * Audi A3 1996-  * Seat Arosa 97-04  * Seat Cordoba 02-07  * Seat Ibiza IV 2002\u20132008 m.  * Seat Leon I 99-06  * Seat Toledo II 99-06","og_url":"https:\/\/erformance.eu\/et\/toode\/audi-a3-1996-radiatoriaus-ventiliatorius\/","og_site_name":"Erformance.eu","article_modified_time":"2026-03-06T00:17:59+00:00","og_image":[{"width":667,"height":500,"url":"https:\/\/erformance.eu\/wp-content\/uploads\/2026\/02\/pol_pm_Audi-A3-1996-wentylator-chlodnicy-5230_1.jpg","type":"image\/jpeg"}],"twitter_card":"summary_large_image","twitter_misc":{"Est. reading time":"1 minut"},"schema":{"@context":"https:\/\/schema.org","@graph":[{"@type":"WebPage","@id":"https:\/\/erformance.eu\/et\/toode\/audi-a3-1996-radiatoriaus-ventiliatorius\/","url":"https:\/\/erformance.eu\/et\/toode\/audi-a3-1996-radiatoriaus-ventiliatorius\/","name":"Audi A3 1996- radiatoriaus ventiliatorius - Erformance.eu","isPartOf":{"@id":"https:\/\/erformance.eu\/et\/#website"},"primaryImageOfPage":{"@id":"https:\/\/erformance.eu\/et\/toode\/audi-a3-1996-radiatoriaus-ventiliatorius\/#primaryimage"},"image":{"@id":"https:\/\/erformance.eu\/et\/toode\/audi-a3-1996-radiatoriaus-ventiliatorius\/#primaryimage"},"thumbnailUrl":"https:\/\/erformance.eu\/wp-content\/uploads\/2026\/02\/pol_pm_Audi-A3-1996-wentylator-chlodnicy-5230_1.jpg","datePublished":"2026-02-16T12:06:21+00:00","dateModified":"2026-03-06T00:17:59+00:00","breadcrumb":{"@id":"https:\/\/erformance.eu\/et\/toode\/audi-a3-1996-radiatoriaus-ventiliatorius\/#breadcrumb"},"inLanguage":"et","potentialAction":[{"@type":"ReadAction","target":["https:\/\/erformance.eu\/et\/toode\/audi-a3-1996-radiatoriaus-ventiliatorius\/"]}]},{"@type":"ImageObject","inLanguage":"et","@id":"https:\/\/erformance.eu\/et\/toode\/audi-a3-1996-radiatoriaus-ventiliatorius\/#primaryimage","url":"https:\/\/erformance.eu\/wp-content\/uploads\/2026\/02\/pol_pm_Audi-A3-1996-wentylator-chlodnicy-5230_1.jpg","contentUrl":"https:\/\/erformance.eu\/wp-content\/uploads\/2026\/02\/pol_pm_Audi-A3-1996-wentylator-chlodnicy-5230_1.jpg","width":667,"height":500},{"@type":"BreadcrumbList","@id":"https:\/\/erformance.eu\/et\/toode\/audi-a3-1996-radiatoriaus-ventiliatorius\/#breadcrumb","itemListElement":[{"@type":"ListItem","position":1,"name":"Home","item":"https:\/\/erformance.eu\/et\/"},{"@type":"ListItem","position":2,"name":"Pood","item":"https:\/\/erformance.eu\/et\/pood\/"},{"@type":"ListItem","position":3,"name":"Audi A3 1996- radiatoriaus ventiliatorius"}]},{"@type":"WebSite","@id":"https:\/\/erformance.eu\/et\/#website","url":"https:\/\/erformance.eu\/et\/","name":"Erformance.eu","description":"Automobili\u0173 dali\u0173 parduotuv\u0117","potentialAction":[{"@type":"SearchAction","target":{"@type":"EntryPoint","urlTemplate":"https:\/\/erformance.eu\/et\/?s={search_term_string}"},"query-input":{"@type":"PropertyValueSpecification","valueRequired":true,"valueName":"search_term_string"}}],"inLanguage":"et"}]}},"jetpack_sharing_enabled":true,"_links":{"self":[{"href":"https:\/\/erformance.eu\/et\/wp-json\/wp\/v2\/product\/60306","targetHints":{"allow":["GET"]}}],"collection":[{"href":"https:\/\/erformance.eu\/et\/wp-json\/wp\/v2\/product"}],"about":[{"href":"https:\/\/erformance.eu\/et\/wp-json\/wp\/v2\/types\/product"}],"replies":[{"embeddable":true,"href":"https:\/\/erformance.eu\/et\/wp-json\/wp\/v2\/comments?post=60306"}],"version-history":[{"count":1,"href":"https:\/\/erformance.eu\/et\/wp-json\/wp\/v2\/product\/60306\/revisions"}],"predecessor-version":[{"id":60309,"href":"https:\/\/erformance.eu\/et\/wp-json\/wp\/v2\/product\/60306\/revisions\/60309"}],"wp:featuredmedia":[{"embeddable":true,"href":"https:\/\/erformance.eu\/et\/wp-json\/wp\/v2\/media\/60307"}],"wp:attachment":[{"href":"https:\/\/erformance.eu\/et\/wp-json\/wp\/v2\/media?parent=60306"}],"wp:term":[{"taxonomy":"product_brand","embeddable":true,"href":"https:\/\/erformance.eu\/et\/wp-json\/wp\/v2\/product_brand?post=60306"},{"taxonomy":"product_cat","embeddable":true,"href":"https:\/\/erformance.eu\/et\/wp-json\/wp\/v2\/product_cat?post=60306"},{"taxonomy":"product_tag","embeddable":true,"href":"https:\/\/erformance.eu\/et\/wp-json\/wp\/v2\/product_tag?post=60306"}],"curies":[{"name":"wp","href":"https:\/\/api.w.org\/{rel}","templated":true}]}}