{"id":60347,"date":"2026-02-16T15:06:37","date_gmt":"2026-02-16T12:06:37","guid":{"rendered":"https:\/\/erformance.eu\/?post_type=product&#038;p=60347"},"modified":"2026-03-12T16:49:04","modified_gmt":"2026-03-12T13:49:04","slug":"audi-a4-01-07-elektrinis-langu-pakelejas-priekinis-desinysis","status":"publish","type":"product","link":"https:\/\/erformance.eu\/et\/toode\/audi-a4-01-07-elektrinis-langu-pakelejas-priekinis-desinysis\/","title":{"rendered":"Audi A4 01-07 elektrinis lang\u0173 pak\u0117l\u0117jas priekinis de\u0161inysis"},"content":{"rendered":"<p>Prek\u0117: priekinio stiklo keltuvas<br \/>\nPus\u0117: De\u0161in\u0117 (keleivio pus\u0117)<br \/>\nPASTABA: auk\u0161\u010diau pateikti numeriai yra original\u016bs dali\u0173 numeriai, kuriuos \u0161is pasi\u016blymas pakei\u010dia. Prie\u0161 pirkdami, palyginkite juos su originaliu dalies numeriu. Jei jie skiriasi net vienu simboliu, dalis netiks, neveiks arba veiks netinkamai. Tokiu atveju jos nepirkite.<br \/>\nOE numeris: 8E0 837 462B<br \/>\nAutomobilis:<\/p>\n<p>\u201eAudi A4\u201c , gamybos metai: 2001\u20132007<br \/>\n\u201eSeat Exeo\u201c modeliai, pagaminti nuo 2009 m.<\/p>\n<p>Valdymas: elektrinis<br \/>\nVariklis: ne\u012ftrauktas<br \/>\nGamintojas: pakaitalas<br \/>\nTechnin\u0117 b\u016bkl\u0117: prek\u0117 yra visi\u0161kai nauja, nenaudota, nepa\u017eeista ir nesugadinta<\/p>\n","protected":false},"excerpt":{"rendered":"<p>1. Prek\u0117: Priekinio stiklo keltuvas2. Pus\u0117: de\u0161in\u01173. Reguliavimas: elektrinis4. Gamintojas: pakeitimas5. Automobilis:     * Audi A4 01\u201307     * \u201eSeat Exeo\u201c 2009\u2013<\/p>\n","protected":false},"featured_media":60348,"comment_status":"open","ping_status":"closed","template":"","meta":[],"product_brand":[],"product_cat":[390,144,3909,3910,3949,3950,4155,4154,4349,4350],"product_tag":[],"class_list":{"0":"post-60347","1":"product","2":"type-product","3":"status-publish","4":"has-post-thumbnail","6":"product_cat-audi-a4","7":"product_cat-audi","8":"product_cat-audi-a4-b6","9":"product_cat-audi-a4-b7","10":"product_cat-audi-a4-b6-isores-dalys","11":"product_cat-audi-a4-b7-isores-dalys","12":"product_cat-audi-a4-b7-isores-kitos-dalys","13":"product_cat-audi-a4-b6-isores-kitos-dalys","14":"product_cat-audi-a4-b6-mechanizmai-valytuvai","15":"product_cat-audi-a4-b7-mechanizmai-valytuvai","17":"first","18":"instock","19":"shipping-taxable","20":"purchasable","21":"product-type-simple"},"yoast_head":"<!-- This site is optimized with the Yoast SEO Premium plugin v25.2 (Yoast SEO v27.5) - https:\/\/yoast.com\/product\/yoast-seo-premium-wordpress\/ -->\n<title>Audi A4 01-07 elektrinis lang\u0173 pak\u0117l\u0117jas priekinis de\u0161inysis - Erformance.eu<\/title>\n<meta name=\"robots\" content=\"index, follow, max-snippet:-1, max-image-preview:large, max-video-preview:-1\" \/>\n<link rel=\"canonical\" href=\"https:\/\/erformance.eu\/et\/toode\/audi-a4-01-07-elektrinis-langu-pakelejas-priekinis-desinysis\/\" \/>\n<meta property=\"og:locale\" content=\"et_EE\" \/>\n<meta property=\"og:type\" content=\"article\" \/>\n<meta property=\"og:title\" content=\"Audi A4 01-07 elektrinis lang\u0173 pak\u0117l\u0117jas priekinis de\u0161inysis\" \/>\n<meta property=\"og:description\" content=\"1. Prek\u0117: Priekinio stiklo keltuvas2. Pus\u0117: de\u0161in\u01173. Reguliavimas: elektrinis4. Gamintojas: pakeitimas5. Automobilis:   * Audi A4 01\u201307   * \u201eSeat Exeo\u201c 2009\u2013\" \/>\n<meta property=\"og:url\" content=\"https:\/\/erformance.eu\/et\/toode\/audi-a4-01-07-elektrinis-langu-pakelejas-priekinis-desinysis\/\" \/>\n<meta property=\"og:site_name\" content=\"Erformance.eu\" \/>\n<meta property=\"article:modified_time\" content=\"2026-03-12T13:49:04+00:00\" \/>\n<meta property=\"og:image\" content=\"https:\/\/erformance.eu\/wp-content\/uploads\/2026\/02\/pol_pm_Audi-A4-01-07-podnosnik-szyby-elektryczny-przedni-prawy-13702_2.jpg\" \/>\n\t<meta property=\"og:image:width\" content=\"1200\" \/>\n\t<meta property=\"og:image:height\" content=\"900\" \/>\n\t<meta property=\"og:image:type\" content=\"image\/jpeg\" \/>\n<meta name=\"twitter:card\" content=\"summary_large_image\" \/>\n<script type=\"application\/ld+json\" class=\"yoast-schema-graph\">{\"@context\":\"https:\\\/\\\/schema.org\",\"@graph\":[{\"@type\":\"WebPage\",\"@id\":\"https:\\\/\\\/erformance.eu\\\/et\\\/toode\\\/audi-a4-01-07-elektrinis-langu-pakelejas-priekinis-desinysis\\\/\",\"url\":\"https:\\\/\\\/erformance.eu\\\/et\\\/toode\\\/audi-a4-01-07-elektrinis-langu-pakelejas-priekinis-desinysis\\\/\",\"name\":\"Audi A4 01-07 elektrinis lang\u0173 pak\u0117l\u0117jas priekinis de\u0161inysis - Erformance.eu\",\"isPartOf\":{\"@id\":\"https:\\\/\\\/erformance.eu\\\/et\\\/#website\"},\"primaryImageOfPage\":{\"@id\":\"https:\\\/\\\/erformance.eu\\\/et\\\/toode\\\/audi-a4-01-07-elektrinis-langu-pakelejas-priekinis-desinysis\\\/#primaryimage\"},\"image\":{\"@id\":\"https:\\\/\\\/erformance.eu\\\/et\\\/toode\\\/audi-a4-01-07-elektrinis-langu-pakelejas-priekinis-desinysis\\\/#primaryimage\"},\"thumbnailUrl\":\"https:\\\/\\\/erformance.eu\\\/wp-content\\\/uploads\\\/2026\\\/02\\\/pol_pm_Audi-A4-01-07-podnosnik-szyby-elektryczny-przedni-prawy-13702_2.jpg\",\"datePublished\":\"2026-02-16T12:06:37+00:00\",\"dateModified\":\"2026-03-12T13:49:04+00:00\",\"breadcrumb\":{\"@id\":\"https:\\\/\\\/erformance.eu\\\/et\\\/toode\\\/audi-a4-01-07-elektrinis-langu-pakelejas-priekinis-desinysis\\\/#breadcrumb\"},\"inLanguage\":\"et\",\"potentialAction\":[{\"@type\":\"ReadAction\",\"target\":[\"https:\\\/\\\/erformance.eu\\\/et\\\/toode\\\/audi-a4-01-07-elektrinis-langu-pakelejas-priekinis-desinysis\\\/\"]}]},{\"@type\":\"ImageObject\",\"inLanguage\":\"et\",\"@id\":\"https:\\\/\\\/erformance.eu\\\/et\\\/toode\\\/audi-a4-01-07-elektrinis-langu-pakelejas-priekinis-desinysis\\\/#primaryimage\",\"url\":\"https:\\\/\\\/erformance.eu\\\/wp-content\\\/uploads\\\/2026\\\/02\\\/pol_pm_Audi-A4-01-07-podnosnik-szyby-elektryczny-przedni-prawy-13702_2.jpg\",\"contentUrl\":\"https:\\\/\\\/erformance.eu\\\/wp-content\\\/uploads\\\/2026\\\/02\\\/pol_pm_Audi-A4-01-07-podnosnik-szyby-elektryczny-przedni-prawy-13702_2.jpg\",\"width\":1200,\"height\":900},{\"@type\":\"BreadcrumbList\",\"@id\":\"https:\\\/\\\/erformance.eu\\\/et\\\/toode\\\/audi-a4-01-07-elektrinis-langu-pakelejas-priekinis-desinysis\\\/#breadcrumb\",\"itemListElement\":[{\"@type\":\"ListItem\",\"position\":1,\"name\":\"Home\",\"item\":\"https:\\\/\\\/erformance.eu\\\/et\\\/\"},{\"@type\":\"ListItem\",\"position\":2,\"name\":\"Pood\",\"item\":\"https:\\\/\\\/erformance.eu\\\/et\\\/pood\\\/\"},{\"@type\":\"ListItem\",\"position\":3,\"name\":\"Audi A4 01-07 elektrinis lang\u0173 pak\u0117l\u0117jas priekinis de\u0161inysis\"}]},{\"@type\":\"WebSite\",\"@id\":\"https:\\\/\\\/erformance.eu\\\/et\\\/#website\",\"url\":\"https:\\\/\\\/erformance.eu\\\/et\\\/\",\"name\":\"Erformance.eu\",\"description\":\"Automobili\u0173 dali\u0173 parduotuv\u0117\",\"potentialAction\":[{\"@type\":\"SearchAction\",\"target\":{\"@type\":\"EntryPoint\",\"urlTemplate\":\"https:\\\/\\\/erformance.eu\\\/et\\\/?s={search_term_string}\"},\"query-input\":{\"@type\":\"PropertyValueSpecification\",\"valueRequired\":true,\"valueName\":\"search_term_string\"}}],\"inLanguage\":\"et\"}]}<\/script>\n<!-- \/ Yoast SEO Premium plugin. -->","yoast_head_json":{"title":"Audi A4 01-07 elektrinis lang\u0173 pak\u0117l\u0117jas priekinis de\u0161inysis - Erformance.eu","robots":{"index":"index","follow":"follow","max-snippet":"max-snippet:-1","max-image-preview":"max-image-preview:large","max-video-preview":"max-video-preview:-1"},"canonical":"https:\/\/erformance.eu\/et\/toode\/audi-a4-01-07-elektrinis-langu-pakelejas-priekinis-desinysis\/","og_locale":"et_EE","og_type":"article","og_title":"Audi A4 01-07 elektrinis lang\u0173 pak\u0117l\u0117jas priekinis de\u0161inysis","og_description":"1. Prek\u0117: Priekinio stiklo keltuvas2. Pus\u0117: de\u0161in\u01173. Reguliavimas: elektrinis4. Gamintojas: pakeitimas5. Automobilis:   * Audi A4 01\u201307   * \u201eSeat Exeo\u201c 2009\u2013","og_url":"https:\/\/erformance.eu\/et\/toode\/audi-a4-01-07-elektrinis-langu-pakelejas-priekinis-desinysis\/","og_site_name":"Erformance.eu","article_modified_time":"2026-03-12T13:49:04+00:00","og_image":[{"width":1200,"height":900,"url":"https:\/\/erformance.eu\/wp-content\/uploads\/2026\/02\/pol_pm_Audi-A4-01-07-podnosnik-szyby-elektryczny-przedni-prawy-13702_2.jpg","type":"image\/jpeg"}],"twitter_card":"summary_large_image","schema":{"@context":"https:\/\/schema.org","@graph":[{"@type":"WebPage","@id":"https:\/\/erformance.eu\/et\/toode\/audi-a4-01-07-elektrinis-langu-pakelejas-priekinis-desinysis\/","url":"https:\/\/erformance.eu\/et\/toode\/audi-a4-01-07-elektrinis-langu-pakelejas-priekinis-desinysis\/","name":"Audi A4 01-07 elektrinis lang\u0173 pak\u0117l\u0117jas priekinis de\u0161inysis - Erformance.eu","isPartOf":{"@id":"https:\/\/erformance.eu\/et\/#website"},"primaryImageOfPage":{"@id":"https:\/\/erformance.eu\/et\/toode\/audi-a4-01-07-elektrinis-langu-pakelejas-priekinis-desinysis\/#primaryimage"},"image":{"@id":"https:\/\/erformance.eu\/et\/toode\/audi-a4-01-07-elektrinis-langu-pakelejas-priekinis-desinysis\/#primaryimage"},"thumbnailUrl":"https:\/\/erformance.eu\/wp-content\/uploads\/2026\/02\/pol_pm_Audi-A4-01-07-podnosnik-szyby-elektryczny-przedni-prawy-13702_2.jpg","datePublished":"2026-02-16T12:06:37+00:00","dateModified":"2026-03-12T13:49:04+00:00","breadcrumb":{"@id":"https:\/\/erformance.eu\/et\/toode\/audi-a4-01-07-elektrinis-langu-pakelejas-priekinis-desinysis\/#breadcrumb"},"inLanguage":"et","potentialAction":[{"@type":"ReadAction","target":["https:\/\/erformance.eu\/et\/toode\/audi-a4-01-07-elektrinis-langu-pakelejas-priekinis-desinysis\/"]}]},{"@type":"ImageObject","inLanguage":"et","@id":"https:\/\/erformance.eu\/et\/toode\/audi-a4-01-07-elektrinis-langu-pakelejas-priekinis-desinysis\/#primaryimage","url":"https:\/\/erformance.eu\/wp-content\/uploads\/2026\/02\/pol_pm_Audi-A4-01-07-podnosnik-szyby-elektryczny-przedni-prawy-13702_2.jpg","contentUrl":"https:\/\/erformance.eu\/wp-content\/uploads\/2026\/02\/pol_pm_Audi-A4-01-07-podnosnik-szyby-elektryczny-przedni-prawy-13702_2.jpg","width":1200,"height":900},{"@type":"BreadcrumbList","@id":"https:\/\/erformance.eu\/et\/toode\/audi-a4-01-07-elektrinis-langu-pakelejas-priekinis-desinysis\/#breadcrumb","itemListElement":[{"@type":"ListItem","position":1,"name":"Home","item":"https:\/\/erformance.eu\/et\/"},{"@type":"ListItem","position":2,"name":"Pood","item":"https:\/\/erformance.eu\/et\/pood\/"},{"@type":"ListItem","position":3,"name":"Audi A4 01-07 elektrinis lang\u0173 pak\u0117l\u0117jas priekinis de\u0161inysis"}]},{"@type":"WebSite","@id":"https:\/\/erformance.eu\/et\/#website","url":"https:\/\/erformance.eu\/et\/","name":"Erformance.eu","description":"Automobili\u0173 dali\u0173 parduotuv\u0117","potentialAction":[{"@type":"SearchAction","target":{"@type":"EntryPoint","urlTemplate":"https:\/\/erformance.eu\/et\/?s={search_term_string}"},"query-input":{"@type":"PropertyValueSpecification","valueRequired":true,"valueName":"search_term_string"}}],"inLanguage":"et"}]}},"jetpack_sharing_enabled":true,"_links":{"self":[{"href":"https:\/\/erformance.eu\/et\/wp-json\/wp\/v2\/product\/60347","targetHints":{"allow":["GET"]}}],"collection":[{"href":"https:\/\/erformance.eu\/et\/wp-json\/wp\/v2\/product"}],"about":[{"href":"https:\/\/erformance.eu\/et\/wp-json\/wp\/v2\/types\/product"}],"replies":[{"embeddable":true,"href":"https:\/\/erformance.eu\/et\/wp-json\/wp\/v2\/comments?post=60347"}],"version-history":[{"count":1,"href":"https:\/\/erformance.eu\/et\/wp-json\/wp\/v2\/product\/60347\/revisions"}],"predecessor-version":[{"id":60353,"href":"https:\/\/erformance.eu\/et\/wp-json\/wp\/v2\/product\/60347\/revisions\/60353"}],"wp:featuredmedia":[{"embeddable":true,"href":"https:\/\/erformance.eu\/et\/wp-json\/wp\/v2\/media\/60348"}],"wp:attachment":[{"href":"https:\/\/erformance.eu\/et\/wp-json\/wp\/v2\/media?parent=60347"}],"wp:term":[{"taxonomy":"product_brand","embeddable":true,"href":"https:\/\/erformance.eu\/et\/wp-json\/wp\/v2\/product_brand?post=60347"},{"taxonomy":"product_cat","embeddable":true,"href":"https:\/\/erformance.eu\/et\/wp-json\/wp\/v2\/product_cat?post=60347"},{"taxonomy":"product_tag","embeddable":true,"href":"https:\/\/erformance.eu\/et\/wp-json\/wp\/v2\/product_tag?post=60347"}],"curies":[{"name":"wp","href":"https:\/\/api.w.org\/{rel}","templated":true}]}}