{"id":60368,"date":"2026-02-16T15:06:44","date_gmt":"2026-02-16T12:06:44","guid":{"rendered":"https:\/\/erformance.eu\/?post_type=product&#038;p=60368"},"modified":"2026-03-05T20:37:41","modified_gmt":"2026-03-05T17:37:41","slug":"audi-a2-00-05-juoda-isorine-duru-rankena-su-skyle-priekine-kaire","status":"publish","type":"product","link":"https:\/\/erformance.eu\/et\/toode\/audi-a2-00-05-juoda-isorine-duru-rankena-su-skyle-priekine-kaire\/","title":{"rendered":"Audi A2 00-05 JUODA i\u0161orin\u0117 dur\u0173 rankena su skyle priekin\u0117 kair\u0117"},"content":{"rendered":"<p>Prek\u0117: i\u0161orin\u0117 dur\u0173 rankena priekin\u0117ms durims<br \/>\nPus\u0117: Kair\u0117 (vairuotojo pus\u0117)<br \/>\nOriginalus numeris:<\/p>\n<p>3B0837207F+3B4839879<br \/>\n3B0837205<br \/>\n3B0837205C<br \/>\n3B0837205F<br \/>\n3B0837205G<br \/>\n3B0837207<br \/>\n3B0837207C<br \/>\n3B0837207F<br \/>\n3B0837207G<br \/>\n3B4839879<br \/>\n3B0837205GGRU+3B483987<br \/>\n3B0837205GGRU+3B083787<br \/>\n3B0837207GGRU+3B483987<br \/>\n3B0837207GGRU+3B083787<\/p>\n<p>PASTABA: auk\u0161\u010diau pateikti numeriai yra original\u016bs dali\u0173 numeriai, kuriuos \u0161is pasi\u016blymas pakei\u010dia. Prie\u0161 pirkdami, palyginkite juos su originaliu dalies numeriu. Jei jie skiriasi net vienu simboliu, dalis netiks, neveiks arba veiks netinkamai. Tokiu atveju jos nepirkite.<br \/>\nAutomobilis:<\/p>\n<p>Audi A2 (8Z0), gamybos metai: 2000\u20132005<br \/>\nAudi TT (8N3), gamybos metai: 1998\u20132006<br \/>\nAudi TT Roadster (8N9), gamybos metai: 1999\u20132006<br \/>\n\u201eSeat Altea\u201c (5P1), modeliai, pagaminti nuo 2004 m.<br \/>\n\u201eSeat Altea XL\u201c (5P5, 5P8), modeliai, pagaminti nuo 2006 m.<br \/>\n\u201eSeat Arosa\u201c (6H), pagaminimo metai: 1997\u20132004<br \/>\n\u201eSeat Cordoba\u201c (6L2), pagaminimo metai: 2002\u20132009<br \/>\n\u201eSeat Ibiza III\u201c (6L1), pagaminimo metai: 2002\u20132009<br \/>\n\u201eSeat Leon I\u201c (1M1), pagaminimo metai: 1999\u20132006<br \/>\n\u201eSeat Leon II\u201c (1P1), pagaminimo metai: 2005\u20132012<br \/>\n\u201eSeat Toledo II\u201c, gamybos metai: 1998\u20132006<br \/>\n\u201eSeat Toledo III\u201c (5P2), pagaminimo metai: 2004\u20132009<br \/>\n\u201eSkoda Fabia I\u201c (6Y2), pagaminimo metai: 1999\u20132008<br \/>\n\u201eSkoda Fabia I Combi\u201c (6Y5), pagaminimo metai: 2001\u20132007<br \/>\nSkoda Fabia Praktik (6Y5), gamybos metai: 2000-2007<br \/>\n\u201eSkoda Fabia I\u201c sedanas (6Y3), pagaminimo metai: 1999\u20132007<br \/>\n\u201eSkoda Fabia II\u201c, gamybos metai: 2006\u20132014<br \/>\n\u201eSkoda Fabia II Combi\u201c (545), pagaminimo metai: 2007\u20132014<br \/>\n\u201eSkoda Fabia III\u201c (NJ3), modeliai, pagaminti nuo 2014 m.<br \/>\n\u201eSkoda Fabia III\u201c universalas (NJ5), modeliai, pagaminti nuo 2014 m.<br \/>\n\u201eSkoda Octavia I\u201c (1U2), pagaminimo metai: 1996\u20132010<br \/>\n\u201eSkoda Octavia I Combi\u201c (1U5), pagaminimo metai: 1998\u20132010<br \/>\n\u201eSkoda Octavia II\u201c (1Z3), pagaminimo metai: 2004\u20132013<br \/>\n\u201eSkoda Octavia II Combi\u201c (1Z5), pagaminimo metai: 2004\u20132013<br \/>\n\u201eSkoda Superb I\u201c (3U4), pagaminimo metai: 2001\u20132008<br \/>\nVW Golf V (1K1), pagaminimo metai: 2003\u20132009<br \/>\nVW Golf V Variant (1K5), pagaminimo metai: 2007\u20132009<br \/>\nVW Lupo (6X1, 6E1), pagaminimo metai: 1998\u20132005<br \/>\nVW Polo IV (9N_), pagaminimo metai: 2001\u20132009<br \/>\nVW Polo sedanas (9A4, 9A2, 9N2, 9A6), modeliai, pagaminti nuo 2002 m.<\/p>\n<p>Spalva: juoda<br \/>\nSpyna \/ raktai: nepridedami<br \/>\nGamintojas: pakaitalas<br \/>\nTechnin\u0117 b\u016bkl\u0117: prek\u0117 yra visi\u0161kai nauja, nenaudota, nepa\u017eeista ir nesugadinta<br \/>\nPastaba: Jame yra skyl\u0117 spynos \u012fd\u0117klui.<\/p>\n","protected":false},"excerpt":{"rendered":"<p>1. Prek\u0117: Priekini\u0173 dureli\u0173 i\u0161orin\u0117 rankena2. Pus\u0117: kair\u01173. Gamintojas: pakeitimas4. Automobilis:     * Audi A2 00-05     * Audi TT 98-06<\/p>\n","protected":false},"featured_media":60369,"comment_status":"open","ping_status":"closed","template":"","meta":[],"product_brand":[],"product_cat":[3904,393,144,3944,4149],"product_tag":[],"class_list":{"0":"post-60368","1":"product","2":"type-product","3":"status-publish","4":"has-post-thumbnail","6":"product_cat-audi-a2-8z","7":"product_cat-audi-a2","8":"product_cat-audi","9":"product_cat-audi-a2-8z-isores-dalys","10":"product_cat-audi-a2-8z-isores-kitos-dalys","12":"first","13":"instock","14":"shipping-taxable","15":"purchasable","16":"product-type-simple"},"yoast_head":"<!-- This site is optimized with the Yoast SEO Premium plugin v25.2 (Yoast SEO v27.3) - https:\/\/yoast.com\/product\/yoast-seo-premium-wordpress\/ -->\n<title>Audi A2 00-05 JUODA i\u0161orin\u0117 dur\u0173 rankena su skyle priekin\u0117 kair\u0117 - Erformance.eu<\/title>\n<meta name=\"robots\" content=\"index, follow, max-snippet:-1, max-image-preview:large, max-video-preview:-1\" \/>\n<link rel=\"canonical\" href=\"https:\/\/erformance.eu\/et\/toode\/audi-a2-00-05-juoda-isorine-duru-rankena-su-skyle-priekine-kaire\/\" \/>\n<meta property=\"og:locale\" content=\"et_EE\" \/>\n<meta property=\"og:type\" content=\"article\" \/>\n<meta property=\"og:title\" content=\"Audi A2 00-05 JUODA i\u0161orin\u0117 dur\u0173 rankena su skyle priekin\u0117 kair\u0117\" \/>\n<meta property=\"og:description\" content=\"1. Prek\u0117: Priekini\u0173 dureli\u0173 i\u0161orin\u0117 rankena2. Pus\u0117: kair\u01173. Gamintojas: pakeitimas4. Automobilis:   * Audi A2 00-05   * Audi TT 98-06\" \/>\n<meta property=\"og:url\" content=\"https:\/\/erformance.eu\/et\/toode\/audi-a2-00-05-juoda-isorine-duru-rankena-su-skyle-priekine-kaire\/\" \/>\n<meta property=\"og:site_name\" content=\"Erformance.eu\" \/>\n<meta property=\"article:modified_time\" content=\"2026-03-05T17:37:41+00:00\" \/>\n<meta property=\"og:image\" content=\"https:\/\/erformance.eu\/wp-content\/uploads\/2026\/02\/pol_pm_Audi-A2-00-05-klamka-zewnetrzna-CZARNA-Z-OTWOREM-przednia-lewa-19694_1.jpg\" \/>\n\t<meta property=\"og:image:width\" content=\"1200\" \/>\n\t<meta property=\"og:image:height\" content=\"900\" \/>\n\t<meta property=\"og:image:type\" content=\"image\/jpeg\" \/>\n<meta name=\"twitter:card\" content=\"summary_large_image\" \/>\n<meta name=\"twitter:label1\" content=\"Est. reading time\" \/>\n\t<meta name=\"twitter:data1\" content=\"2 minutit\" \/>\n<script type=\"application\/ld+json\" class=\"yoast-schema-graph\">{\"@context\":\"https:\\\/\\\/schema.org\",\"@graph\":[{\"@type\":\"WebPage\",\"@id\":\"https:\\\/\\\/erformance.eu\\\/et\\\/toode\\\/audi-a2-00-05-juoda-isorine-duru-rankena-su-skyle-priekine-kaire\\\/\",\"url\":\"https:\\\/\\\/erformance.eu\\\/et\\\/toode\\\/audi-a2-00-05-juoda-isorine-duru-rankena-su-skyle-priekine-kaire\\\/\",\"name\":\"Audi A2 00-05 JUODA i\u0161orin\u0117 dur\u0173 rankena su skyle priekin\u0117 kair\u0117 - Erformance.eu\",\"isPartOf\":{\"@id\":\"https:\\\/\\\/erformance.eu\\\/et\\\/#website\"},\"primaryImageOfPage\":{\"@id\":\"https:\\\/\\\/erformance.eu\\\/et\\\/toode\\\/audi-a2-00-05-juoda-isorine-duru-rankena-su-skyle-priekine-kaire\\\/#primaryimage\"},\"image\":{\"@id\":\"https:\\\/\\\/erformance.eu\\\/et\\\/toode\\\/audi-a2-00-05-juoda-isorine-duru-rankena-su-skyle-priekine-kaire\\\/#primaryimage\"},\"thumbnailUrl\":\"https:\\\/\\\/erformance.eu\\\/wp-content\\\/uploads\\\/2026\\\/02\\\/pol_pm_Audi-A2-00-05-klamka-zewnetrzna-CZARNA-Z-OTWOREM-przednia-lewa-19694_1.jpg\",\"datePublished\":\"2026-02-16T12:06:44+00:00\",\"dateModified\":\"2026-03-05T17:37:41+00:00\",\"breadcrumb\":{\"@id\":\"https:\\\/\\\/erformance.eu\\\/et\\\/toode\\\/audi-a2-00-05-juoda-isorine-duru-rankena-su-skyle-priekine-kaire\\\/#breadcrumb\"},\"inLanguage\":\"et\",\"potentialAction\":[{\"@type\":\"ReadAction\",\"target\":[\"https:\\\/\\\/erformance.eu\\\/et\\\/toode\\\/audi-a2-00-05-juoda-isorine-duru-rankena-su-skyle-priekine-kaire\\\/\"]}]},{\"@type\":\"ImageObject\",\"inLanguage\":\"et\",\"@id\":\"https:\\\/\\\/erformance.eu\\\/et\\\/toode\\\/audi-a2-00-05-juoda-isorine-duru-rankena-su-skyle-priekine-kaire\\\/#primaryimage\",\"url\":\"https:\\\/\\\/erformance.eu\\\/wp-content\\\/uploads\\\/2026\\\/02\\\/pol_pm_Audi-A2-00-05-klamka-zewnetrzna-CZARNA-Z-OTWOREM-przednia-lewa-19694_1.jpg\",\"contentUrl\":\"https:\\\/\\\/erformance.eu\\\/wp-content\\\/uploads\\\/2026\\\/02\\\/pol_pm_Audi-A2-00-05-klamka-zewnetrzna-CZARNA-Z-OTWOREM-przednia-lewa-19694_1.jpg\",\"width\":1200,\"height\":900},{\"@type\":\"BreadcrumbList\",\"@id\":\"https:\\\/\\\/erformance.eu\\\/et\\\/toode\\\/audi-a2-00-05-juoda-isorine-duru-rankena-su-skyle-priekine-kaire\\\/#breadcrumb\",\"itemListElement\":[{\"@type\":\"ListItem\",\"position\":1,\"name\":\"Home\",\"item\":\"https:\\\/\\\/erformance.eu\\\/et\\\/\"},{\"@type\":\"ListItem\",\"position\":2,\"name\":\"Pood\",\"item\":\"https:\\\/\\\/erformance.eu\\\/et\\\/pood\\\/\"},{\"@type\":\"ListItem\",\"position\":3,\"name\":\"Audi A2 00-05 JUODA i\u0161orin\u0117 dur\u0173 rankena su skyle priekin\u0117 kair\u0117\"}]},{\"@type\":\"WebSite\",\"@id\":\"https:\\\/\\\/erformance.eu\\\/et\\\/#website\",\"url\":\"https:\\\/\\\/erformance.eu\\\/et\\\/\",\"name\":\"Erformance.eu\",\"description\":\"Automobili\u0173 dali\u0173 parduotuv\u0117\",\"potentialAction\":[{\"@type\":\"SearchAction\",\"target\":{\"@type\":\"EntryPoint\",\"urlTemplate\":\"https:\\\/\\\/erformance.eu\\\/et\\\/?s={search_term_string}\"},\"query-input\":{\"@type\":\"PropertyValueSpecification\",\"valueRequired\":true,\"valueName\":\"search_term_string\"}}],\"inLanguage\":\"et\"}]}<\/script>\n<!-- \/ Yoast SEO Premium plugin. -->","yoast_head_json":{"title":"Audi A2 00-05 JUODA i\u0161orin\u0117 dur\u0173 rankena su skyle priekin\u0117 kair\u0117 - Erformance.eu","robots":{"index":"index","follow":"follow","max-snippet":"max-snippet:-1","max-image-preview":"max-image-preview:large","max-video-preview":"max-video-preview:-1"},"canonical":"https:\/\/erformance.eu\/et\/toode\/audi-a2-00-05-juoda-isorine-duru-rankena-su-skyle-priekine-kaire\/","og_locale":"et_EE","og_type":"article","og_title":"Audi A2 00-05 JUODA i\u0161orin\u0117 dur\u0173 rankena su skyle priekin\u0117 kair\u0117","og_description":"1. Prek\u0117: Priekini\u0173 dureli\u0173 i\u0161orin\u0117 rankena2. Pus\u0117: kair\u01173. Gamintojas: pakeitimas4. Automobilis:   * Audi A2 00-05   * Audi TT 98-06","og_url":"https:\/\/erformance.eu\/et\/toode\/audi-a2-00-05-juoda-isorine-duru-rankena-su-skyle-priekine-kaire\/","og_site_name":"Erformance.eu","article_modified_time":"2026-03-05T17:37:41+00:00","og_image":[{"width":1200,"height":900,"url":"https:\/\/erformance.eu\/wp-content\/uploads\/2026\/02\/pol_pm_Audi-A2-00-05-klamka-zewnetrzna-CZARNA-Z-OTWOREM-przednia-lewa-19694_1.jpg","type":"image\/jpeg"}],"twitter_card":"summary_large_image","twitter_misc":{"Est. reading time":"2 minutit"},"schema":{"@context":"https:\/\/schema.org","@graph":[{"@type":"WebPage","@id":"https:\/\/erformance.eu\/et\/toode\/audi-a2-00-05-juoda-isorine-duru-rankena-su-skyle-priekine-kaire\/","url":"https:\/\/erformance.eu\/et\/toode\/audi-a2-00-05-juoda-isorine-duru-rankena-su-skyle-priekine-kaire\/","name":"Audi A2 00-05 JUODA i\u0161orin\u0117 dur\u0173 rankena su skyle priekin\u0117 kair\u0117 - Erformance.eu","isPartOf":{"@id":"https:\/\/erformance.eu\/et\/#website"},"primaryImageOfPage":{"@id":"https:\/\/erformance.eu\/et\/toode\/audi-a2-00-05-juoda-isorine-duru-rankena-su-skyle-priekine-kaire\/#primaryimage"},"image":{"@id":"https:\/\/erformance.eu\/et\/toode\/audi-a2-00-05-juoda-isorine-duru-rankena-su-skyle-priekine-kaire\/#primaryimage"},"thumbnailUrl":"https:\/\/erformance.eu\/wp-content\/uploads\/2026\/02\/pol_pm_Audi-A2-00-05-klamka-zewnetrzna-CZARNA-Z-OTWOREM-przednia-lewa-19694_1.jpg","datePublished":"2026-02-16T12:06:44+00:00","dateModified":"2026-03-05T17:37:41+00:00","breadcrumb":{"@id":"https:\/\/erformance.eu\/et\/toode\/audi-a2-00-05-juoda-isorine-duru-rankena-su-skyle-priekine-kaire\/#breadcrumb"},"inLanguage":"et","potentialAction":[{"@type":"ReadAction","target":["https:\/\/erformance.eu\/et\/toode\/audi-a2-00-05-juoda-isorine-duru-rankena-su-skyle-priekine-kaire\/"]}]},{"@type":"ImageObject","inLanguage":"et","@id":"https:\/\/erformance.eu\/et\/toode\/audi-a2-00-05-juoda-isorine-duru-rankena-su-skyle-priekine-kaire\/#primaryimage","url":"https:\/\/erformance.eu\/wp-content\/uploads\/2026\/02\/pol_pm_Audi-A2-00-05-klamka-zewnetrzna-CZARNA-Z-OTWOREM-przednia-lewa-19694_1.jpg","contentUrl":"https:\/\/erformance.eu\/wp-content\/uploads\/2026\/02\/pol_pm_Audi-A2-00-05-klamka-zewnetrzna-CZARNA-Z-OTWOREM-przednia-lewa-19694_1.jpg","width":1200,"height":900},{"@type":"BreadcrumbList","@id":"https:\/\/erformance.eu\/et\/toode\/audi-a2-00-05-juoda-isorine-duru-rankena-su-skyle-priekine-kaire\/#breadcrumb","itemListElement":[{"@type":"ListItem","position":1,"name":"Home","item":"https:\/\/erformance.eu\/et\/"},{"@type":"ListItem","position":2,"name":"Pood","item":"https:\/\/erformance.eu\/et\/pood\/"},{"@type":"ListItem","position":3,"name":"Audi A2 00-05 JUODA i\u0161orin\u0117 dur\u0173 rankena su skyle priekin\u0117 kair\u0117"}]},{"@type":"WebSite","@id":"https:\/\/erformance.eu\/et\/#website","url":"https:\/\/erformance.eu\/et\/","name":"Erformance.eu","description":"Automobili\u0173 dali\u0173 parduotuv\u0117","potentialAction":[{"@type":"SearchAction","target":{"@type":"EntryPoint","urlTemplate":"https:\/\/erformance.eu\/et\/?s={search_term_string}"},"query-input":{"@type":"PropertyValueSpecification","valueRequired":true,"valueName":"search_term_string"}}],"inLanguage":"et"}]}},"jetpack_sharing_enabled":true,"_links":{"self":[{"href":"https:\/\/erformance.eu\/et\/wp-json\/wp\/v2\/product\/60368","targetHints":{"allow":["GET"]}}],"collection":[{"href":"https:\/\/erformance.eu\/et\/wp-json\/wp\/v2\/product"}],"about":[{"href":"https:\/\/erformance.eu\/et\/wp-json\/wp\/v2\/types\/product"}],"replies":[{"embeddable":true,"href":"https:\/\/erformance.eu\/et\/wp-json\/wp\/v2\/comments?post=60368"}],"version-history":[{"count":1,"href":"https:\/\/erformance.eu\/et\/wp-json\/wp\/v2\/product\/60368\/revisions"}],"predecessor-version":[{"id":60371,"href":"https:\/\/erformance.eu\/et\/wp-json\/wp\/v2\/product\/60368\/revisions\/60371"}],"wp:featuredmedia":[{"embeddable":true,"href":"https:\/\/erformance.eu\/et\/wp-json\/wp\/v2\/media\/60369"}],"wp:attachment":[{"href":"https:\/\/erformance.eu\/et\/wp-json\/wp\/v2\/media?parent=60368"}],"wp:term":[{"taxonomy":"product_brand","embeddable":true,"href":"https:\/\/erformance.eu\/et\/wp-json\/wp\/v2\/product_brand?post=60368"},{"taxonomy":"product_cat","embeddable":true,"href":"https:\/\/erformance.eu\/et\/wp-json\/wp\/v2\/product_cat?post=60368"},{"taxonomy":"product_tag","embeddable":true,"href":"https:\/\/erformance.eu\/et\/wp-json\/wp\/v2\/product_tag?post=60368"}],"curies":[{"name":"wp","href":"https:\/\/api.w.org\/{rel}","templated":true}]}}