{"id":60428,"date":"2026-02-16T15:07:05","date_gmt":"2026-02-16T12:07:05","guid":{"rendered":"https:\/\/erformance.eu\/?post_type=product&#038;p=60428"},"modified":"2026-03-05T20:37:17","modified_gmt":"2026-03-05T17:37:17","slug":"audi-a2-8z-00-05-priekiniu-duru-ribotuvas","status":"publish","type":"product","link":"https:\/\/erformance.eu\/et\/toode\/audi-a2-8z-00-05-priekiniu-duru-ribotuvas\/","title":{"rendered":"Audi A2 8Z 00-05 priekini\u0173 dur\u0173 ribotuvas"},"content":{"rendered":"<p>Prek\u0117: Priekini\u0173 dur\u0173 atrama<br \/>\nPus\u0117: kair\u0117 = de\u0161in\u0117 (nesvarbu)<br \/>\nOE numeris: 8Z0837249<br \/>\nPASTABA: auk\u0161\u010diau pateikti numeriai yra original\u016bs dali\u0173 numeriai, kuriuos \u0161is pasi\u016blymas pakei\u010dia. Prie\u0161 pirkdami, palyginkite juos su originaliu dalies numeriu. Jei jie skiriasi net vienu simboliu, dalis netiks, neveiks arba veiks netinkamai. Tokiu atveju jos nepirkite.<br \/>\nAutomobilis:<br \/>\nAudi A2 (8Z0), gamybos metai: 2000\u20132005<\/p>\n<p>Audi A2 (8Z0) 1.2 TDI (ANY) 1191ccm 61KM\/45kW 2001\/03-2005\/08<br \/>\nAudi A2 (8Z0) 1.4 (AUA BBY) 1390ccm 75KM\/55kW 2000-02-2005-08<br \/>\nAudi A2 (8Z0) 1.4 TDI (AMF BHC) 1422ccm 75KM\/55kW 2000\/02-2005\/08<br \/>\nAudi A2 (8Z0) 1.4 TDI (ATL) 1422ccm 90KM\/66kW 2003\/11 &#8211; 2005\/08<br \/>\nAudi A2 (8Z0) 1.6 FSI (BAD) 1598ccm 110KM\/81kW 2002\/05-2005\/08<\/p>\n<p>Gamintojas: pakaitalas<br \/>\nTechnin\u0117 b\u016bkl\u0117: prek\u0117 yra visi\u0161kai nauja, nenaudota, nepa\u017eeista ir nesugadinta<\/p>\n","protected":false},"excerpt":{"rendered":"<p>1. Prek\u0117: Priekini\u0173 dur\u0173 kam\u0161tis2. Pus\u0117: kair\u0117 = de\u0161in\u01173. Gamintojas: pakeitimas4. Automobilis: Audi A2 8Z5. Pagaminimo metai: 2000\u20132005<\/p>\n","protected":false},"featured_media":60429,"comment_status":"open","ping_status":"closed","template":"","meta":[],"product_brand":[],"product_cat":[3904,393,144,3944,4149,4344],"product_tag":[],"class_list":{"0":"post-60428","1":"product","2":"type-product","3":"status-publish","4":"has-post-thumbnail","6":"product_cat-audi-a2-8z","7":"product_cat-audi-a2","8":"product_cat-audi","9":"product_cat-audi-a2-8z-isores-dalys","10":"product_cat-audi-a2-8z-isores-kitos-dalys","11":"product_cat-audi-a2-8z-mechanizmai-valytuvai","13":"first","14":"instock","15":"shipping-taxable","16":"purchasable","17":"product-type-simple"},"yoast_head":"<!-- This site is optimized with the Yoast SEO Premium plugin v25.2 (Yoast SEO v27.3) - https:\/\/yoast.com\/product\/yoast-seo-premium-wordpress\/ -->\n<title>Audi A2 8Z 00-05 priekini\u0173 dur\u0173 ribotuvas - Erformance.eu<\/title>\n<meta name=\"robots\" content=\"index, follow, max-snippet:-1, max-image-preview:large, max-video-preview:-1\" \/>\n<link rel=\"canonical\" href=\"https:\/\/erformance.eu\/et\/toode\/audi-a2-8z-00-05-priekiniu-duru-ribotuvas\/\" \/>\n<meta property=\"og:locale\" content=\"et_EE\" \/>\n<meta property=\"og:type\" content=\"article\" \/>\n<meta property=\"og:title\" content=\"Audi A2 8Z 00-05 priekini\u0173 dur\u0173 ribotuvas\" \/>\n<meta property=\"og:description\" content=\"1. Prek\u0117: Priekini\u0173 dur\u0173 kam\u0161tis2. Pus\u0117: kair\u0117 = de\u0161in\u01173. Gamintojas: pakeitimas4. Automobilis: Audi A2 8Z5. Pagaminimo metai: 2000\u20132005\" \/>\n<meta property=\"og:url\" content=\"https:\/\/erformance.eu\/et\/toode\/audi-a2-8z-00-05-priekiniu-duru-ribotuvas\/\" \/>\n<meta property=\"og:site_name\" content=\"Erformance.eu\" \/>\n<meta property=\"article:modified_time\" content=\"2026-03-05T17:37:17+00:00\" \/>\n<meta property=\"og:image\" content=\"https:\/\/erformance.eu\/wp-content\/uploads\/2026\/02\/pol_pm_Audi-A2-8Z-00-05-ogranicznik-drzwi-przednich-23047_1.jpg\" \/>\n\t<meta property=\"og:image:width\" content=\"1200\" \/>\n\t<meta property=\"og:image:height\" content=\"899\" \/>\n\t<meta property=\"og:image:type\" content=\"image\/jpeg\" \/>\n<meta name=\"twitter:card\" content=\"summary_large_image\" \/>\n<meta name=\"twitter:label1\" content=\"Est. reading time\" \/>\n\t<meta name=\"twitter:data1\" content=\"1 minut\" \/>\n<script type=\"application\/ld+json\" class=\"yoast-schema-graph\">{\"@context\":\"https:\\\/\\\/schema.org\",\"@graph\":[{\"@type\":\"WebPage\",\"@id\":\"https:\\\/\\\/erformance.eu\\\/et\\\/toode\\\/audi-a2-8z-00-05-priekiniu-duru-ribotuvas\\\/\",\"url\":\"https:\\\/\\\/erformance.eu\\\/et\\\/toode\\\/audi-a2-8z-00-05-priekiniu-duru-ribotuvas\\\/\",\"name\":\"Audi A2 8Z 00-05 priekini\u0173 dur\u0173 ribotuvas - Erformance.eu\",\"isPartOf\":{\"@id\":\"https:\\\/\\\/erformance.eu\\\/et\\\/#website\"},\"primaryImageOfPage\":{\"@id\":\"https:\\\/\\\/erformance.eu\\\/et\\\/toode\\\/audi-a2-8z-00-05-priekiniu-duru-ribotuvas\\\/#primaryimage\"},\"image\":{\"@id\":\"https:\\\/\\\/erformance.eu\\\/et\\\/toode\\\/audi-a2-8z-00-05-priekiniu-duru-ribotuvas\\\/#primaryimage\"},\"thumbnailUrl\":\"https:\\\/\\\/erformance.eu\\\/wp-content\\\/uploads\\\/2026\\\/02\\\/pol_pm_Audi-A2-8Z-00-05-ogranicznik-drzwi-przednich-23047_1.jpg\",\"datePublished\":\"2026-02-16T12:07:05+00:00\",\"dateModified\":\"2026-03-05T17:37:17+00:00\",\"breadcrumb\":{\"@id\":\"https:\\\/\\\/erformance.eu\\\/et\\\/toode\\\/audi-a2-8z-00-05-priekiniu-duru-ribotuvas\\\/#breadcrumb\"},\"inLanguage\":\"et\",\"potentialAction\":[{\"@type\":\"ReadAction\",\"target\":[\"https:\\\/\\\/erformance.eu\\\/et\\\/toode\\\/audi-a2-8z-00-05-priekiniu-duru-ribotuvas\\\/\"]}]},{\"@type\":\"ImageObject\",\"inLanguage\":\"et\",\"@id\":\"https:\\\/\\\/erformance.eu\\\/et\\\/toode\\\/audi-a2-8z-00-05-priekiniu-duru-ribotuvas\\\/#primaryimage\",\"url\":\"https:\\\/\\\/erformance.eu\\\/wp-content\\\/uploads\\\/2026\\\/02\\\/pol_pm_Audi-A2-8Z-00-05-ogranicznik-drzwi-przednich-23047_1.jpg\",\"contentUrl\":\"https:\\\/\\\/erformance.eu\\\/wp-content\\\/uploads\\\/2026\\\/02\\\/pol_pm_Audi-A2-8Z-00-05-ogranicznik-drzwi-przednich-23047_1.jpg\",\"width\":1200,\"height\":899},{\"@type\":\"BreadcrumbList\",\"@id\":\"https:\\\/\\\/erformance.eu\\\/et\\\/toode\\\/audi-a2-8z-00-05-priekiniu-duru-ribotuvas\\\/#breadcrumb\",\"itemListElement\":[{\"@type\":\"ListItem\",\"position\":1,\"name\":\"Home\",\"item\":\"https:\\\/\\\/erformance.eu\\\/et\\\/\"},{\"@type\":\"ListItem\",\"position\":2,\"name\":\"Pood\",\"item\":\"https:\\\/\\\/erformance.eu\\\/et\\\/pood\\\/\"},{\"@type\":\"ListItem\",\"position\":3,\"name\":\"Audi A2 8Z 00-05 priekini\u0173 dur\u0173 ribotuvas\"}]},{\"@type\":\"WebSite\",\"@id\":\"https:\\\/\\\/erformance.eu\\\/et\\\/#website\",\"url\":\"https:\\\/\\\/erformance.eu\\\/et\\\/\",\"name\":\"Erformance.eu\",\"description\":\"Automobili\u0173 dali\u0173 parduotuv\u0117\",\"potentialAction\":[{\"@type\":\"SearchAction\",\"target\":{\"@type\":\"EntryPoint\",\"urlTemplate\":\"https:\\\/\\\/erformance.eu\\\/et\\\/?s={search_term_string}\"},\"query-input\":{\"@type\":\"PropertyValueSpecification\",\"valueRequired\":true,\"valueName\":\"search_term_string\"}}],\"inLanguage\":\"et\"}]}<\/script>\n<!-- \/ Yoast SEO Premium plugin. -->","yoast_head_json":{"title":"Audi A2 8Z 00-05 priekini\u0173 dur\u0173 ribotuvas - Erformance.eu","robots":{"index":"index","follow":"follow","max-snippet":"max-snippet:-1","max-image-preview":"max-image-preview:large","max-video-preview":"max-video-preview:-1"},"canonical":"https:\/\/erformance.eu\/et\/toode\/audi-a2-8z-00-05-priekiniu-duru-ribotuvas\/","og_locale":"et_EE","og_type":"article","og_title":"Audi A2 8Z 00-05 priekini\u0173 dur\u0173 ribotuvas","og_description":"1. Prek\u0117: Priekini\u0173 dur\u0173 kam\u0161tis2. Pus\u0117: kair\u0117 = de\u0161in\u01173. Gamintojas: pakeitimas4. Automobilis: Audi A2 8Z5. Pagaminimo metai: 2000\u20132005","og_url":"https:\/\/erformance.eu\/et\/toode\/audi-a2-8z-00-05-priekiniu-duru-ribotuvas\/","og_site_name":"Erformance.eu","article_modified_time":"2026-03-05T17:37:17+00:00","og_image":[{"width":1200,"height":899,"url":"https:\/\/erformance.eu\/wp-content\/uploads\/2026\/02\/pol_pm_Audi-A2-8Z-00-05-ogranicznik-drzwi-przednich-23047_1.jpg","type":"image\/jpeg"}],"twitter_card":"summary_large_image","twitter_misc":{"Est. reading time":"1 minut"},"schema":{"@context":"https:\/\/schema.org","@graph":[{"@type":"WebPage","@id":"https:\/\/erformance.eu\/et\/toode\/audi-a2-8z-00-05-priekiniu-duru-ribotuvas\/","url":"https:\/\/erformance.eu\/et\/toode\/audi-a2-8z-00-05-priekiniu-duru-ribotuvas\/","name":"Audi A2 8Z 00-05 priekini\u0173 dur\u0173 ribotuvas - Erformance.eu","isPartOf":{"@id":"https:\/\/erformance.eu\/et\/#website"},"primaryImageOfPage":{"@id":"https:\/\/erformance.eu\/et\/toode\/audi-a2-8z-00-05-priekiniu-duru-ribotuvas\/#primaryimage"},"image":{"@id":"https:\/\/erformance.eu\/et\/toode\/audi-a2-8z-00-05-priekiniu-duru-ribotuvas\/#primaryimage"},"thumbnailUrl":"https:\/\/erformance.eu\/wp-content\/uploads\/2026\/02\/pol_pm_Audi-A2-8Z-00-05-ogranicznik-drzwi-przednich-23047_1.jpg","datePublished":"2026-02-16T12:07:05+00:00","dateModified":"2026-03-05T17:37:17+00:00","breadcrumb":{"@id":"https:\/\/erformance.eu\/et\/toode\/audi-a2-8z-00-05-priekiniu-duru-ribotuvas\/#breadcrumb"},"inLanguage":"et","potentialAction":[{"@type":"ReadAction","target":["https:\/\/erformance.eu\/et\/toode\/audi-a2-8z-00-05-priekiniu-duru-ribotuvas\/"]}]},{"@type":"ImageObject","inLanguage":"et","@id":"https:\/\/erformance.eu\/et\/toode\/audi-a2-8z-00-05-priekiniu-duru-ribotuvas\/#primaryimage","url":"https:\/\/erformance.eu\/wp-content\/uploads\/2026\/02\/pol_pm_Audi-A2-8Z-00-05-ogranicznik-drzwi-przednich-23047_1.jpg","contentUrl":"https:\/\/erformance.eu\/wp-content\/uploads\/2026\/02\/pol_pm_Audi-A2-8Z-00-05-ogranicznik-drzwi-przednich-23047_1.jpg","width":1200,"height":899},{"@type":"BreadcrumbList","@id":"https:\/\/erformance.eu\/et\/toode\/audi-a2-8z-00-05-priekiniu-duru-ribotuvas\/#breadcrumb","itemListElement":[{"@type":"ListItem","position":1,"name":"Home","item":"https:\/\/erformance.eu\/et\/"},{"@type":"ListItem","position":2,"name":"Pood","item":"https:\/\/erformance.eu\/et\/pood\/"},{"@type":"ListItem","position":3,"name":"Audi A2 8Z 00-05 priekini\u0173 dur\u0173 ribotuvas"}]},{"@type":"WebSite","@id":"https:\/\/erformance.eu\/et\/#website","url":"https:\/\/erformance.eu\/et\/","name":"Erformance.eu","description":"Automobili\u0173 dali\u0173 parduotuv\u0117","potentialAction":[{"@type":"SearchAction","target":{"@type":"EntryPoint","urlTemplate":"https:\/\/erformance.eu\/et\/?s={search_term_string}"},"query-input":{"@type":"PropertyValueSpecification","valueRequired":true,"valueName":"search_term_string"}}],"inLanguage":"et"}]}},"jetpack_sharing_enabled":true,"_links":{"self":[{"href":"https:\/\/erformance.eu\/et\/wp-json\/wp\/v2\/product\/60428","targetHints":{"allow":["GET"]}}],"collection":[{"href":"https:\/\/erformance.eu\/et\/wp-json\/wp\/v2\/product"}],"about":[{"href":"https:\/\/erformance.eu\/et\/wp-json\/wp\/v2\/types\/product"}],"replies":[{"embeddable":true,"href":"https:\/\/erformance.eu\/et\/wp-json\/wp\/v2\/comments?post=60428"}],"version-history":[{"count":1,"href":"https:\/\/erformance.eu\/et\/wp-json\/wp\/v2\/product\/60428\/revisions"}],"predecessor-version":[{"id":60435,"href":"https:\/\/erformance.eu\/et\/wp-json\/wp\/v2\/product\/60428\/revisions\/60435"}],"wp:featuredmedia":[{"embeddable":true,"href":"https:\/\/erformance.eu\/et\/wp-json\/wp\/v2\/media\/60429"}],"wp:attachment":[{"href":"https:\/\/erformance.eu\/et\/wp-json\/wp\/v2\/media?parent=60428"}],"wp:term":[{"taxonomy":"product_brand","embeddable":true,"href":"https:\/\/erformance.eu\/et\/wp-json\/wp\/v2\/product_brand?post=60428"},{"taxonomy":"product_cat","embeddable":true,"href":"https:\/\/erformance.eu\/et\/wp-json\/wp\/v2\/product_cat?post=60428"},{"taxonomy":"product_tag","embeddable":true,"href":"https:\/\/erformance.eu\/et\/wp-json\/wp\/v2\/product_tag?post=60428"}],"curies":[{"name":"wp","href":"https:\/\/api.w.org\/{rel}","templated":true}]}}