{"id":60772,"date":"2026-02-16T15:09:10","date_gmt":"2026-02-16T12:09:10","guid":{"rendered":"https:\/\/erformance.eu\/?post_type=product&#038;p=60772"},"modified":"2026-03-12T16:35:04","modified_gmt":"2026-03-12T13:35:04","slug":"audi-a4-b5-96-01-1-9-tdi-90km-110km-1-8-1-8-t-oro-kondicionieriaus-zarna","status":"publish","type":"product","link":"https:\/\/erformance.eu\/et\/toode\/audi-a4-b5-96-01-1-9-tdi-90km-110km-1-8-1-8-t-oro-kondicionieriaus-zarna\/","title":{"rendered":"Audi A4 B5 96-01 1.9 TDI 90KM 110KM 1.8 1.8 T oro kondicionieriaus \u017earna"},"content":{"rendered":"<p>Tema: oro kondicionavimo \u017earna<br \/>\nOriginalus numeris:<\/p>\n<p>8D0260701H<br \/>\n8D0260701 H<br \/>\n8D0 260 701H<br \/>\n8D0 260 701 H<\/p>\n<p>PASTABA: auk\u0161\u010diau pateikti numeriai yra original\u016bs dali\u0173 numeriai, kuriuos \u0161is pasi\u016blymas pakei\u010dia. Prie\u0161 pirkdami, palyginkite juos su originaliu dalies numeriu. Jei jie skiriasi net vienu simboliu, dalis netiks, neveiks arba veiks netinkamai. Tokiu atveju jos nepirkite.<br \/>\nAutomobilis:<br \/>\nAudi A4 B5 (8D2), pagaminimo metai: 1996\u20132000<\/p>\n<p>1.8 (ADR APT ARG AVV) 1781ccm 125KM\/92kW 1994\/11\u20132000\/11<br \/>\n1.8 (AFY) 1781ccm 115km\/85kW 1995\/04-2000\/11<br \/>\n1.8 quattro (ADR APT ARG) 1781ccm 125KM\/92kW 1995\/01\u20132000\/11<br \/>\n1.8 quattro (AFY) 1781ccm 115km\/85kW 1995\/07-2000\/11<br \/>\n1.8 T (AEB ANB APU ARK ATW AWT) 1781ccm 150KM\/110kW 1995\/01-2000\/11<br \/>\n1.8 T (AJL) 1781ccm 180KM\/132kW 1997\/12\u20132000\/11<br \/>\n1.8 T quattro (AEB ANB APU ARK ATW AWT) 1781ccm 150KM\/110kW 1995\/01\u20132000\/11<br \/>\n1.8 T quattro (AJL) 1781ccm 180km\/132kW 1997\/12-2000\/11<br \/>\n1.9 TDI (1Z AHH AHU) 1896ccm 90km\/66kW 1995\/01-2000\/11<br \/>\n1.9 TDI (AFN AVG) 1896ccm 110KM\/81kW 1995\/10-2000\/11<br \/>\n1.9 TDI quattro (AFN AVG) 1896ccm 110KM\/81kW 1996\/09-2000\/11<\/p>\n<p>Audi A4 B5 Avant (8D5), pagaminimo metai: 1996\u20132001<\/p>\n<p>1.8 (ADR APT ARG AVV) 1781ccm 125KM\/92kW 1996\/02-2001\/09<br \/>\n1.8 (AFY) 1781ccm 115km\/85kW 1995\/07-2001\/09<br \/>\n1.8 quattro (ADR APT ARG) 1781ccm 125KM\/92kW 1996\/01\u20132001\/09<br \/>\n1.8 quattro (AFY) 1781ccm 115km\/85kW 1995\/07-2001\/09<br \/>\n1.8 T (AEB ANB APU ARK AWT) 1781ccm 150KM\/110kW 1996\/03-2001\/09<br \/>\n1.8 T (AJL) 1781ccm 180KM\/132kW 1997\/12\u20132001\/09<br \/>\n1.8 T quattro (AEB ANB APU ARK ATW AWT) 1781ccm 150KM\/110kW 1996\/01-2001\/09<br \/>\n1.8 T quattro (AJL) 1781ccm 180km\/132kW 1997\/12-2001\/09<br \/>\n1.9 TDI (1Z AHH AHU) 1896ccm 90km\/66kW 1996\/02-2001\/09<br \/>\n1.9 TDI (AFN AVG) 1896ccm 110KM\/81kW 1996\/02-2001\/09<br \/>\n1.9 TDI quattro (AFN AVG) 1896ccm 110KM\/81kW 1996\/09-2001\/09<\/p>\n<p>Audi A6 C5 (4B2), gamybos metai: 1997\u20132000<\/p>\n<p>1.8 (AFY) 1781ccm 116km\/85kW 1997\/05-2005\/01<br \/>\n1.8 (AJP AQE ARH) 1781ccm 125KM\/92kW 1997\/07-2005\/01<br \/>\n1.8 T (AEB ANB APU ARK AWT) 1781ccm 150KM\/110kW 1997\/01-2005\/01<br \/>\n1.8 T (AJL) 1781ccm 180KM\/132kW 1997\/12-2005\/01<br \/>\n1.8 T quattro (AEB ANB APU ARK AWT) 1781ccm 150KM\/110kW 1997\/02-2005\/01<br \/>\n1.8 T quattro (AJL) 1781ccm 180km\/132kW 1997\/12-2005\/01<br \/>\n1.9 TDI (AFN AVG) 1896ccm 110KM\/81kW 1997\/04-2000\/10<\/p>\n<p>Audi A6 C5 Avant (4B5), gamybos metai: 1997-2000<\/p>\n<p>1.8 (AFY) 1781ccm 116km\/85kW 1998\/02-2005\/01<br \/>\n1.8 (AJP AQE ARH) 1781ccm 125KM \/ 92kW 1997\/12-2005\/01<br \/>\n1.8 T (AEB ANB APU ARK AWT) 1781ccm 150KM\/110kW 1997\/12-2005\/01<br \/>\n1.8 T (AJL) 1781ccm 180KM\/132kW 1999\/04-2005\/01<br \/>\n1.8 T quattro (AEB ANB APU ARK AWT) 1781ccm 150KM\/110kW 1997\/12-2005\/01<br \/>\n1.8 T quattro (AJL) 1781ccm 180km\/132kW 1997\/12-2005\/01<br \/>\n1.9 TDI (AFN AVG) 1896ccm 110KM\/81kW 1998\/02-2001\/04<\/p>\n<p>Volkswagen PASSAT B5 (3B2), gamybos metai: 1996\u20132000<\/p>\n<p>1.8 (ADR APT ARG) 1781ccm 125KM\/92kW 1996\/10-2000\/11<br \/>\n1.8 (AFY) 1781ccm 115km\/85kW 1997\/01-2000\/11<br \/>\n1.8 Syncro\/4motion (ADR APT ARG) 1781ccm 125KM\/92kW 1996\/12\u20132000\/08<br \/>\n1.8 T (AEB ANB APU ATW AUG) 1781ccm 150KM\/110kW 1996\/10-2000\/11<br \/>\n1.9 TDI (AFN AVG) 1896ccm 110KM\/81kW 1996\/10-2000\/11<br \/>\n1.9 TDI (AHH AHU) 1896ccm 90km\/66kW 1996\/10-2000\/11<br \/>\n1.9 TDI Syncro\/4motion (AFN AVG) 1896ccm 110KM\/81kW 1997\/06-2000\/08<\/p>\n<p>Volkswagen PASSAT B5 Variant (3B5), pagaminimo metai: 1997\u20132000<\/p>\n<p>1.8 (ADR APT ARG) 1781ccm 125KM\/92kW 1997\/06-2000\/11<br \/>\n1.8 (AFY) 1781ccm 115km\/85kW 1997\/06-2000\/11<br \/>\n1.8 Syncro\/4motion (ADR APT ARG) 1781ccm 125KM\/92kW 1997\/06-2000\/11<br \/>\n1.8 T (AEB ANB APU ATW AUG) 1781ccm 150KM\/110kW 1997\/05-2000\/11<br \/>\n1.9 TDI (AFN AVG) 1896ccm 110KM\/81kW 1997\/06-2000\/11<br \/>\n1.9 TDI (AHH AHU) 1896ccm 90km\/66kW 1997\/06-2000\/11<br \/>\n1.9 TDI Syncro\/4motion (AFN AVG) 1896ccm 110KM\/81kW 1997\/06-2000\/08<\/p>\n<p>Gamintojas: pakaitalas<br \/>\nTechnin\u0117 b\u016bkl\u0117: prek\u0117 yra visi\u0161kai nauja, nenaudota, nepa\u017eeista ir nesugadinta<\/p>\n","protected":false},"excerpt":{"rendered":"<p>1. Prek\u0117: Oro kondicionavimo \u017earna2. Gamintojas: pakeitimas3. Automobilis:* Audi A4 B5 96-01* Audi A6 C5 97-00* VW Passat B5 96-004. Variklis:1,9 TDI 90 AG1,9 TDI 110 AG* 1,8 \/ 1,8 T<\/p>\n","protected":false},"featured_media":60773,"comment_status":"open","ping_status":"closed","template":"","meta":[],"product_brand":[],"product_cat":[390,144,3908,3948,4153],"product_tag":[],"class_list":{"0":"post-60772","1":"product","2":"type-product","3":"status-publish","4":"has-post-thumbnail","6":"product_cat-audi-a4","7":"product_cat-audi","8":"product_cat-audi-a4-b5","9":"product_cat-audi-a4-b5-isores-dalys","10":"product_cat-audi-a4-b5-isores-kitos-dalys","12":"first","13":"instock","14":"shipping-taxable","15":"purchasable","16":"product-type-simple"},"yoast_head":"<!-- This site is optimized with the Yoast SEO Premium plugin v25.2 (Yoast SEO v27.5) - https:\/\/yoast.com\/product\/yoast-seo-premium-wordpress\/ -->\n<title>Audi A4 B5 96-01 1.9 TDI 90KM 110KM 1.8 1.8 T oro kondicionieriaus \u017earna - Erformance.eu<\/title>\n<meta name=\"robots\" content=\"index, follow, max-snippet:-1, max-image-preview:large, max-video-preview:-1\" \/>\n<link rel=\"canonical\" href=\"https:\/\/erformance.eu\/et\/toode\/audi-a4-b5-96-01-1-9-tdi-90km-110km-1-8-1-8-t-oro-kondicionieriaus-zarna\/\" \/>\n<meta property=\"og:locale\" content=\"et_EE\" \/>\n<meta property=\"og:type\" content=\"article\" \/>\n<meta property=\"og:title\" content=\"Audi A4 B5 96-01 1.9 TDI 90KM 110KM 1.8 1.8 T oro kondicionieriaus \u017earna\" \/>\n<meta property=\"og:description\" content=\"1. Prek\u0117: Oro kondicionavimo \u017earna2. Gamintojas: pakeitimas3. Automobilis:* Audi A4 B5 96-01* Audi A6 C5 97-00* VW Passat B5 96-004. Variklis:1,9 TDI 90 AG1,9 TDI 110 AG* 1,8 \/ 1,8 T\" \/>\n<meta property=\"og:url\" content=\"https:\/\/erformance.eu\/et\/toode\/audi-a4-b5-96-01-1-9-tdi-90km-110km-1-8-1-8-t-oro-kondicionieriaus-zarna\/\" \/>\n<meta property=\"og:site_name\" content=\"Erformance.eu\" \/>\n<meta property=\"article:modified_time\" content=\"2026-03-12T13:35:04+00:00\" \/>\n<meta property=\"og:image\" content=\"https:\/\/erformance.eu\/wp-content\/uploads\/2026\/02\/pol_pm_Audi-A4-B5-96-01-1-9-TDI-90KM-110KM-1-8-1-8-T-przewod-klimatyzacji-32300_1.jpg\" \/>\n\t<meta property=\"og:image:width\" content=\"1200\" \/>\n\t<meta property=\"og:image:height\" content=\"1200\" \/>\n\t<meta property=\"og:image:type\" content=\"image\/jpeg\" \/>\n<meta name=\"twitter:card\" content=\"summary_large_image\" \/>\n<meta name=\"twitter:label1\" content=\"Est. reading time\" \/>\n\t<meta name=\"twitter:data1\" content=\"2 minutit\" \/>\n<script type=\"application\/ld+json\" class=\"yoast-schema-graph\">{\"@context\":\"https:\\\/\\\/schema.org\",\"@graph\":[{\"@type\":\"WebPage\",\"@id\":\"https:\\\/\\\/erformance.eu\\\/et\\\/toode\\\/audi-a4-b5-96-01-1-9-tdi-90km-110km-1-8-1-8-t-oro-kondicionieriaus-zarna\\\/\",\"url\":\"https:\\\/\\\/erformance.eu\\\/et\\\/toode\\\/audi-a4-b5-96-01-1-9-tdi-90km-110km-1-8-1-8-t-oro-kondicionieriaus-zarna\\\/\",\"name\":\"Audi A4 B5 96-01 1.9 TDI 90KM 110KM 1.8 1.8 T oro kondicionieriaus \u017earna - Erformance.eu\",\"isPartOf\":{\"@id\":\"https:\\\/\\\/erformance.eu\\\/et\\\/#website\"},\"primaryImageOfPage\":{\"@id\":\"https:\\\/\\\/erformance.eu\\\/et\\\/toode\\\/audi-a4-b5-96-01-1-9-tdi-90km-110km-1-8-1-8-t-oro-kondicionieriaus-zarna\\\/#primaryimage\"},\"image\":{\"@id\":\"https:\\\/\\\/erformance.eu\\\/et\\\/toode\\\/audi-a4-b5-96-01-1-9-tdi-90km-110km-1-8-1-8-t-oro-kondicionieriaus-zarna\\\/#primaryimage\"},\"thumbnailUrl\":\"https:\\\/\\\/erformance.eu\\\/wp-content\\\/uploads\\\/2026\\\/02\\\/pol_pm_Audi-A4-B5-96-01-1-9-TDI-90KM-110KM-1-8-1-8-T-przewod-klimatyzacji-32300_1.jpg\",\"datePublished\":\"2026-02-16T12:09:10+00:00\",\"dateModified\":\"2026-03-12T13:35:04+00:00\",\"breadcrumb\":{\"@id\":\"https:\\\/\\\/erformance.eu\\\/et\\\/toode\\\/audi-a4-b5-96-01-1-9-tdi-90km-110km-1-8-1-8-t-oro-kondicionieriaus-zarna\\\/#breadcrumb\"},\"inLanguage\":\"et\",\"potentialAction\":[{\"@type\":\"ReadAction\",\"target\":[\"https:\\\/\\\/erformance.eu\\\/et\\\/toode\\\/audi-a4-b5-96-01-1-9-tdi-90km-110km-1-8-1-8-t-oro-kondicionieriaus-zarna\\\/\"]}]},{\"@type\":\"ImageObject\",\"inLanguage\":\"et\",\"@id\":\"https:\\\/\\\/erformance.eu\\\/et\\\/toode\\\/audi-a4-b5-96-01-1-9-tdi-90km-110km-1-8-1-8-t-oro-kondicionieriaus-zarna\\\/#primaryimage\",\"url\":\"https:\\\/\\\/erformance.eu\\\/wp-content\\\/uploads\\\/2026\\\/02\\\/pol_pm_Audi-A4-B5-96-01-1-9-TDI-90KM-110KM-1-8-1-8-T-przewod-klimatyzacji-32300_1.jpg\",\"contentUrl\":\"https:\\\/\\\/erformance.eu\\\/wp-content\\\/uploads\\\/2026\\\/02\\\/pol_pm_Audi-A4-B5-96-01-1-9-TDI-90KM-110KM-1-8-1-8-T-przewod-klimatyzacji-32300_1.jpg\",\"width\":1200,\"height\":1200},{\"@type\":\"BreadcrumbList\",\"@id\":\"https:\\\/\\\/erformance.eu\\\/et\\\/toode\\\/audi-a4-b5-96-01-1-9-tdi-90km-110km-1-8-1-8-t-oro-kondicionieriaus-zarna\\\/#breadcrumb\",\"itemListElement\":[{\"@type\":\"ListItem\",\"position\":1,\"name\":\"Home\",\"item\":\"https:\\\/\\\/erformance.eu\\\/et\\\/\"},{\"@type\":\"ListItem\",\"position\":2,\"name\":\"Pood\",\"item\":\"https:\\\/\\\/erformance.eu\\\/et\\\/pood\\\/\"},{\"@type\":\"ListItem\",\"position\":3,\"name\":\"Audi A4 B5 96-01 1.9 TDI 90KM 110KM 1.8 1.8 T oro kondicionieriaus \u017earna\"}]},{\"@type\":\"WebSite\",\"@id\":\"https:\\\/\\\/erformance.eu\\\/et\\\/#website\",\"url\":\"https:\\\/\\\/erformance.eu\\\/et\\\/\",\"name\":\"Erformance.eu\",\"description\":\"Automobili\u0173 dali\u0173 parduotuv\u0117\",\"potentialAction\":[{\"@type\":\"SearchAction\",\"target\":{\"@type\":\"EntryPoint\",\"urlTemplate\":\"https:\\\/\\\/erformance.eu\\\/et\\\/?s={search_term_string}\"},\"query-input\":{\"@type\":\"PropertyValueSpecification\",\"valueRequired\":true,\"valueName\":\"search_term_string\"}}],\"inLanguage\":\"et\"}]}<\/script>\n<!-- \/ Yoast SEO Premium plugin. -->","yoast_head_json":{"title":"Audi A4 B5 96-01 1.9 TDI 90KM 110KM 1.8 1.8 T oro kondicionieriaus \u017earna - Erformance.eu","robots":{"index":"index","follow":"follow","max-snippet":"max-snippet:-1","max-image-preview":"max-image-preview:large","max-video-preview":"max-video-preview:-1"},"canonical":"https:\/\/erformance.eu\/et\/toode\/audi-a4-b5-96-01-1-9-tdi-90km-110km-1-8-1-8-t-oro-kondicionieriaus-zarna\/","og_locale":"et_EE","og_type":"article","og_title":"Audi A4 B5 96-01 1.9 TDI 90KM 110KM 1.8 1.8 T oro kondicionieriaus \u017earna","og_description":"1. Prek\u0117: Oro kondicionavimo \u017earna2. Gamintojas: pakeitimas3. Automobilis:* Audi A4 B5 96-01* Audi A6 C5 97-00* VW Passat B5 96-004. Variklis:1,9 TDI 90 AG1,9 TDI 110 AG* 1,8 \/ 1,8 T","og_url":"https:\/\/erformance.eu\/et\/toode\/audi-a4-b5-96-01-1-9-tdi-90km-110km-1-8-1-8-t-oro-kondicionieriaus-zarna\/","og_site_name":"Erformance.eu","article_modified_time":"2026-03-12T13:35:04+00:00","og_image":[{"width":1200,"height":1200,"url":"https:\/\/erformance.eu\/wp-content\/uploads\/2026\/02\/pol_pm_Audi-A4-B5-96-01-1-9-TDI-90KM-110KM-1-8-1-8-T-przewod-klimatyzacji-32300_1.jpg","type":"image\/jpeg"}],"twitter_card":"summary_large_image","twitter_misc":{"Est. reading time":"2 minutit"},"schema":{"@context":"https:\/\/schema.org","@graph":[{"@type":"WebPage","@id":"https:\/\/erformance.eu\/et\/toode\/audi-a4-b5-96-01-1-9-tdi-90km-110km-1-8-1-8-t-oro-kondicionieriaus-zarna\/","url":"https:\/\/erformance.eu\/et\/toode\/audi-a4-b5-96-01-1-9-tdi-90km-110km-1-8-1-8-t-oro-kondicionieriaus-zarna\/","name":"Audi A4 B5 96-01 1.9 TDI 90KM 110KM 1.8 1.8 T oro kondicionieriaus \u017earna - Erformance.eu","isPartOf":{"@id":"https:\/\/erformance.eu\/et\/#website"},"primaryImageOfPage":{"@id":"https:\/\/erformance.eu\/et\/toode\/audi-a4-b5-96-01-1-9-tdi-90km-110km-1-8-1-8-t-oro-kondicionieriaus-zarna\/#primaryimage"},"image":{"@id":"https:\/\/erformance.eu\/et\/toode\/audi-a4-b5-96-01-1-9-tdi-90km-110km-1-8-1-8-t-oro-kondicionieriaus-zarna\/#primaryimage"},"thumbnailUrl":"https:\/\/erformance.eu\/wp-content\/uploads\/2026\/02\/pol_pm_Audi-A4-B5-96-01-1-9-TDI-90KM-110KM-1-8-1-8-T-przewod-klimatyzacji-32300_1.jpg","datePublished":"2026-02-16T12:09:10+00:00","dateModified":"2026-03-12T13:35:04+00:00","breadcrumb":{"@id":"https:\/\/erformance.eu\/et\/toode\/audi-a4-b5-96-01-1-9-tdi-90km-110km-1-8-1-8-t-oro-kondicionieriaus-zarna\/#breadcrumb"},"inLanguage":"et","potentialAction":[{"@type":"ReadAction","target":["https:\/\/erformance.eu\/et\/toode\/audi-a4-b5-96-01-1-9-tdi-90km-110km-1-8-1-8-t-oro-kondicionieriaus-zarna\/"]}]},{"@type":"ImageObject","inLanguage":"et","@id":"https:\/\/erformance.eu\/et\/toode\/audi-a4-b5-96-01-1-9-tdi-90km-110km-1-8-1-8-t-oro-kondicionieriaus-zarna\/#primaryimage","url":"https:\/\/erformance.eu\/wp-content\/uploads\/2026\/02\/pol_pm_Audi-A4-B5-96-01-1-9-TDI-90KM-110KM-1-8-1-8-T-przewod-klimatyzacji-32300_1.jpg","contentUrl":"https:\/\/erformance.eu\/wp-content\/uploads\/2026\/02\/pol_pm_Audi-A4-B5-96-01-1-9-TDI-90KM-110KM-1-8-1-8-T-przewod-klimatyzacji-32300_1.jpg","width":1200,"height":1200},{"@type":"BreadcrumbList","@id":"https:\/\/erformance.eu\/et\/toode\/audi-a4-b5-96-01-1-9-tdi-90km-110km-1-8-1-8-t-oro-kondicionieriaus-zarna\/#breadcrumb","itemListElement":[{"@type":"ListItem","position":1,"name":"Home","item":"https:\/\/erformance.eu\/et\/"},{"@type":"ListItem","position":2,"name":"Pood","item":"https:\/\/erformance.eu\/et\/pood\/"},{"@type":"ListItem","position":3,"name":"Audi A4 B5 96-01 1.9 TDI 90KM 110KM 1.8 1.8 T oro kondicionieriaus \u017earna"}]},{"@type":"WebSite","@id":"https:\/\/erformance.eu\/et\/#website","url":"https:\/\/erformance.eu\/et\/","name":"Erformance.eu","description":"Automobili\u0173 dali\u0173 parduotuv\u0117","potentialAction":[{"@type":"SearchAction","target":{"@type":"EntryPoint","urlTemplate":"https:\/\/erformance.eu\/et\/?s={search_term_string}"},"query-input":{"@type":"PropertyValueSpecification","valueRequired":true,"valueName":"search_term_string"}}],"inLanguage":"et"}]}},"jetpack_sharing_enabled":true,"_links":{"self":[{"href":"https:\/\/erformance.eu\/et\/wp-json\/wp\/v2\/product\/60772","targetHints":{"allow":["GET"]}}],"collection":[{"href":"https:\/\/erformance.eu\/et\/wp-json\/wp\/v2\/product"}],"about":[{"href":"https:\/\/erformance.eu\/et\/wp-json\/wp\/v2\/types\/product"}],"replies":[{"embeddable":true,"href":"https:\/\/erformance.eu\/et\/wp-json\/wp\/v2\/comments?post=60772"}],"version-history":[{"count":1,"href":"https:\/\/erformance.eu\/et\/wp-json\/wp\/v2\/product\/60772\/revisions"}],"predecessor-version":[{"id":60783,"href":"https:\/\/erformance.eu\/et\/wp-json\/wp\/v2\/product\/60772\/revisions\/60783"}],"wp:featuredmedia":[{"embeddable":true,"href":"https:\/\/erformance.eu\/et\/wp-json\/wp\/v2\/media\/60773"}],"wp:attachment":[{"href":"https:\/\/erformance.eu\/et\/wp-json\/wp\/v2\/media?parent=60772"}],"wp:term":[{"taxonomy":"product_brand","embeddable":true,"href":"https:\/\/erformance.eu\/et\/wp-json\/wp\/v2\/product_brand?post=60772"},{"taxonomy":"product_cat","embeddable":true,"href":"https:\/\/erformance.eu\/et\/wp-json\/wp\/v2\/product_cat?post=60772"},{"taxonomy":"product_tag","embeddable":true,"href":"https:\/\/erformance.eu\/et\/wp-json\/wp\/v2\/product_tag?post=60772"}],"curies":[{"name":"wp","href":"https:\/\/api.w.org\/{rel}","templated":true}]}}