{"id":61005,"date":"2026-02-16T15:10:36","date_gmt":"2026-02-16T12:10:36","guid":{"rendered":"https:\/\/erformance.eu\/?post_type=product&#038;p=61005"},"modified":"2026-03-02T16:12:23","modified_gmt":"2026-03-02T13:12:23","slug":"audi-q3-8u-2011-salono-filtro-dangtelis","status":"publish","type":"product","link":"https:\/\/erformance.eu\/et\/toode\/audi-q3-8u-2011-salono-filtro-dangtelis\/","title":{"rendered":"Audi Q3 8U 2011- salono filtro dangtelis"},"content":{"rendered":"<p>Prek\u0117: salono oro filtro dangtelis<br \/>\nOE numeris: 1K0819422B<br \/>\nPASTABA: auk\u0161\u010diau pateikti numeriai yra original\u016bs dali\u0173 numeriai, kuriuos \u0161is pasi\u016blymas pakei\u010dia. Prie\u0161 pirkdami, palyginkite juos su originaliu dalies numeriu. Jei jie skiriasi net vienu simboliu, dalis netiks, neveiks arba veiks netinkamai. Tokiu atveju jos nepirkite.<br \/>\nAutomobilis:<\/p>\n<p>Audi A3 (8P1), pagaminimo metai: 2003\u20132012<br \/>\nAudi A3 Sportback (8PA), pagaminimo metai: 2004\u20132013<br \/>\nAudi A3 kabrioletas (8P7), pagaminimo metai: 2008\u20132013<br \/>\n\u201eAudi Q3\u201c (8UB, 8UG), modeliai, pagaminti nuo 2011 m.<br \/>\nAudi TT (8J3), pagaminimo metai: 2006\u20132014<br \/>\nAudi TT Roadster (8J9), pagaminimo metai: 2007\u20132014<br \/>\n\u201eSeat ALHAMBRA\u201c (710, 711), modeliai, pagaminti nuo 2010 m.<br \/>\n\u201eSeat ALHAMBRA VAN\u201c (711), modeliai, pagaminti nuo 2015 m.<br \/>\n\u201eSeat ALTEA\u201c (5P1), modeliai, pagaminti nuo 2004 m.<br \/>\n\u201eSeat ALTEA XL\u201c (5P5, 5P8), modeliai, pagaminti nuo 2006 m.<br \/>\nSeat LEON (1P1), pagaminimo metai: 2005\u20132012<br \/>\nSeat TOLEDO III (5P2), pagaminimo metai: 2004-2009<br \/>\n\u0160koda OCTAVIA II (1Z3), pagaminimo metai: 2004\u20132013<br \/>\n\u201eSkoda OCTAVIA II Combi\u201c (1Z5), pagaminimo metai: 2004\u20132013<br \/>\n\u201eSkoda SUPERB II\u201c (3T4), pagaminimo metai: 2008\u20132015<br \/>\n\u201eSkoda SUPERB II Kombi\u201c (3T5), modeliai, pagaminti nuo 2009 m.<br \/>\nSkoda YETI (5L), gamybos metai: 2009-2017<br \/>\nVolkswagen BEETLE (5C1, 5C2), pagaminimo metai: 2011\u20132019<br \/>\nVolkswagen BEETLE kabrioletas (5C7, 5C8), pagaminimo metai: 2011\u20132019<br \/>\nVolkswagen CADDY III komercinis (2KA, 2KH, 2CA, 2CH), pagaminimo metai: 2004-2015<br \/>\nVolkswagen CADDY III universalas (2KB, 2KJ, 2CB, 2CJ) 1.2 TSI, gamybos metai: 2004\u20132015<br \/>\nVolkswagen CADDY IV krovininis automobilis \/ vienat\u016bris (SAA, SAH), modeliai, pagaminti nuo 2015 m.<br \/>\nVolkswagen CADDY ALLTRACK vienat\u016bris (SAA), modeliai, pagaminti nuo 2015 m.<br \/>\nVolkswagen CC B7 (358), gamybos metai: 2011\u20132016<br \/>\n\u201eVolkswagen EOS\u201c (1F7, 1F8), gamybos metai: 2006\u20132015<br \/>\nVolkswagen GOLF PLUS V (5M1, 521), pagaminimo metai: 2005\u20132013<br \/>\nVolkswagen GOLF PLUS mikroautobusas (521), pagaminimo metai: 2009\u20132014<br \/>\nVolkswagen GOLF V (1K1), gamybos metai: 2003\u20132009<br \/>\nVolkswagen GOLF V Variant (1K5), pagaminimo metai: 2007\u20132009<br \/>\nVolkswagen GOLF VI (5K1), gamybos metai: 2008\u20132012<br \/>\nVolkswagen GOLF VI Variant (AJ5), pagaminimo metai: 2009\u20132013<br \/>\nVolkswagen GOLF VI kabrioletas (517), pagaminimo metai: 2011\u20132016<br \/>\nVolkswagen GOLF VI Van (5K1_), rok produkcji: 2008-2012<br \/>\nVolkswagen GOLF VAN VI Variant (AJ5), rok produkcji: 2009-2014<br \/>\nVolkswagen JETTA III (1K2), rok produkcji: 2004-2010<br \/>\nVolkswagen JETTA IV (162, 163, AV3, AV2), modele produkowane od roku 2010<br \/>\nVolkswagen PASSAT B6 (3C2), rok produkcji: 2005-2010<br \/>\nVolkswagen PASSAT B6 Variant (3C5), rok produkcji: 2005-2010<br \/>\nVolkswagen PASSAT B7 (362), rok produkcji: 2010-2014<br \/>\nVolkswagen PASSAT B7 Variant (365), rok produkcji: 2010-2015<br \/>\nVolkswagen PASSAT B7 nadwozie zamkni\u0119te \/ kombi (365), rok produkcji: 2010-2014<br \/>\nVolkswagen PASSAT ALLTRACK B7 (365), rok produkcji: 2012-2014<br \/>\nVolkswagen PASSAT CC B6 (357), rok produkcji: 2008-2012<br \/>\nVolkswagen SCIROCCO III (137, 138), rok produkcji: 2008-2017<br \/>\nVolkswagen SCIROCCO Van (137), rok produkcji: 2008-2014<br \/>\nVolkswagen SHARAN (7N1, 7N2), modele produkowane od roku 2010<br \/>\nVolkswagen SHARAN VAN (7N1, 7N2), rok produkcji: 2010-2015<br \/>\nVolkswagen TIGUAN (5N_), rok produkcji: 2008-2018<br \/>\nVolkswagen TIGUAN VAN (5N_), rok produkcji: 2008-2018<br \/>\nVolkswagen TOURAN (1T1, 1T2), rok produkcji: 2003-2010<br \/>\nVolkswagen TOURAN VAN (1T1, 1T2), rok produkcji: 2003-2010<br \/>\nVolkswagen TOURAN (1T3), rok produkcji: 2010-2015<br \/>\nVolkswagen TOURAN VAN (1T3), rok produkcji: 2010-2015<\/p>\n<p>Wymiary: 28,3 x 5,6 cm<br \/>\nProducent: zamiennik<br \/>\nStan techniczny: przedmiot jest fabrycznie NOWY, nieu\u017cywany, nieuszkodzony i niezniszczony<\/p>\n","protected":false},"excerpt":{"rendered":"<p>1. Prek\u0117: salono oro filtro dangtelis2. Gamintojas: pakeitimas3. Automobilis:     * Audi A3 8P 03-13     * Audi Q3 8U 2011-     * Audi TT 8J 06-14<\/p>\n","protected":false},"featured_media":61006,"comment_status":"open","ping_status":"closed","template":"","meta":[],"product_brand":[],"product_cat":[3927,144,3967,4172,398],"product_tag":[],"class_list":{"0":"post-61005","1":"product","2":"type-product","3":"status-publish","4":"has-post-thumbnail","6":"product_cat-audi-q3-8u","7":"product_cat-audi","8":"product_cat-audi-q3-8u-isores-dalys","9":"product_cat-audi-q3-8u-isores-kitos-dalys","10":"product_cat-audi-q3","12":"first","13":"instock","14":"shipping-taxable","15":"purchasable","16":"product-type-simple"},"yoast_head":"<!-- This site is optimized with the Yoast SEO Premium plugin v25.2 (Yoast SEO v27.4) - https:\/\/yoast.com\/product\/yoast-seo-premium-wordpress\/ -->\n<title>Audi Q3 8U 2011- salono filtro dangtelis - Erformance.eu<\/title>\n<meta name=\"robots\" content=\"index, follow, max-snippet:-1, max-image-preview:large, max-video-preview:-1\" \/>\n<link rel=\"canonical\" href=\"https:\/\/erformance.eu\/et\/toode\/audi-q3-8u-2011-salono-filtro-dangtelis\/\" \/>\n<meta property=\"og:locale\" content=\"et_EE\" \/>\n<meta property=\"og:type\" content=\"article\" \/>\n<meta property=\"og:title\" content=\"Audi Q3 8U 2011- salono filtro dangtelis\" \/>\n<meta property=\"og:description\" content=\"1. Prek\u0117: salono oro filtro dangtelis2. Gamintojas: pakeitimas3. Automobilis:   * Audi A3 8P 03-13   * Audi Q3 8U 2011-   * Audi TT 8J 06-14\" \/>\n<meta property=\"og:url\" content=\"https:\/\/erformance.eu\/et\/toode\/audi-q3-8u-2011-salono-filtro-dangtelis\/\" \/>\n<meta property=\"og:site_name\" content=\"Erformance.eu\" \/>\n<meta property=\"article:modified_time\" content=\"2026-03-02T13:12:23+00:00\" \/>\n<meta property=\"og:image\" content=\"https:\/\/erformance.eu\/wp-content\/uploads\/2026\/02\/pol_pm_Audi-Q3-8U-2011-zaslepka-filtra-kabinowego-26242_1.jpg\" \/>\n\t<meta property=\"og:image:width\" content=\"1200\" \/>\n\t<meta property=\"og:image:height\" content=\"1200\" \/>\n\t<meta property=\"og:image:type\" content=\"image\/jpeg\" \/>\n<meta name=\"twitter:card\" content=\"summary_large_image\" \/>\n<meta name=\"twitter:label1\" content=\"Est. reading time\" \/>\n\t<meta name=\"twitter:data1\" content=\"2 minutit\" \/>\n<script type=\"application\/ld+json\" class=\"yoast-schema-graph\">{\"@context\":\"https:\\\/\\\/schema.org\",\"@graph\":[{\"@type\":\"WebPage\",\"@id\":\"https:\\\/\\\/erformance.eu\\\/et\\\/toode\\\/audi-q3-8u-2011-salono-filtro-dangtelis\\\/\",\"url\":\"https:\\\/\\\/erformance.eu\\\/et\\\/toode\\\/audi-q3-8u-2011-salono-filtro-dangtelis\\\/\",\"name\":\"Audi Q3 8U 2011- salono filtro dangtelis - Erformance.eu\",\"isPartOf\":{\"@id\":\"https:\\\/\\\/erformance.eu\\\/et\\\/#website\"},\"primaryImageOfPage\":{\"@id\":\"https:\\\/\\\/erformance.eu\\\/et\\\/toode\\\/audi-q3-8u-2011-salono-filtro-dangtelis\\\/#primaryimage\"},\"image\":{\"@id\":\"https:\\\/\\\/erformance.eu\\\/et\\\/toode\\\/audi-q3-8u-2011-salono-filtro-dangtelis\\\/#primaryimage\"},\"thumbnailUrl\":\"https:\\\/\\\/erformance.eu\\\/wp-content\\\/uploads\\\/2026\\\/02\\\/pol_pm_Audi-Q3-8U-2011-zaslepka-filtra-kabinowego-26242_1.jpg\",\"datePublished\":\"2026-02-16T12:10:36+00:00\",\"dateModified\":\"2026-03-02T13:12:23+00:00\",\"breadcrumb\":{\"@id\":\"https:\\\/\\\/erformance.eu\\\/et\\\/toode\\\/audi-q3-8u-2011-salono-filtro-dangtelis\\\/#breadcrumb\"},\"inLanguage\":\"et\",\"potentialAction\":[{\"@type\":\"ReadAction\",\"target\":[\"https:\\\/\\\/erformance.eu\\\/et\\\/toode\\\/audi-q3-8u-2011-salono-filtro-dangtelis\\\/\"]}]},{\"@type\":\"ImageObject\",\"inLanguage\":\"et\",\"@id\":\"https:\\\/\\\/erformance.eu\\\/et\\\/toode\\\/audi-q3-8u-2011-salono-filtro-dangtelis\\\/#primaryimage\",\"url\":\"https:\\\/\\\/erformance.eu\\\/wp-content\\\/uploads\\\/2026\\\/02\\\/pol_pm_Audi-Q3-8U-2011-zaslepka-filtra-kabinowego-26242_1.jpg\",\"contentUrl\":\"https:\\\/\\\/erformance.eu\\\/wp-content\\\/uploads\\\/2026\\\/02\\\/pol_pm_Audi-Q3-8U-2011-zaslepka-filtra-kabinowego-26242_1.jpg\",\"width\":1200,\"height\":1200},{\"@type\":\"BreadcrumbList\",\"@id\":\"https:\\\/\\\/erformance.eu\\\/et\\\/toode\\\/audi-q3-8u-2011-salono-filtro-dangtelis\\\/#breadcrumb\",\"itemListElement\":[{\"@type\":\"ListItem\",\"position\":1,\"name\":\"Home\",\"item\":\"https:\\\/\\\/erformance.eu\\\/et\\\/\"},{\"@type\":\"ListItem\",\"position\":2,\"name\":\"Pood\",\"item\":\"https:\\\/\\\/erformance.eu\\\/et\\\/pood\\\/\"},{\"@type\":\"ListItem\",\"position\":3,\"name\":\"Audi Q3 8U 2011- salono filtro dangtelis\"}]},{\"@type\":\"WebSite\",\"@id\":\"https:\\\/\\\/erformance.eu\\\/et\\\/#website\",\"url\":\"https:\\\/\\\/erformance.eu\\\/et\\\/\",\"name\":\"Erformance.eu\",\"description\":\"Automobili\u0173 dali\u0173 parduotuv\u0117\",\"potentialAction\":[{\"@type\":\"SearchAction\",\"target\":{\"@type\":\"EntryPoint\",\"urlTemplate\":\"https:\\\/\\\/erformance.eu\\\/et\\\/?s={search_term_string}\"},\"query-input\":{\"@type\":\"PropertyValueSpecification\",\"valueRequired\":true,\"valueName\":\"search_term_string\"}}],\"inLanguage\":\"et\"}]}<\/script>\n<!-- \/ Yoast SEO Premium plugin. -->","yoast_head_json":{"title":"Audi Q3 8U 2011- salono filtro dangtelis - Erformance.eu","robots":{"index":"index","follow":"follow","max-snippet":"max-snippet:-1","max-image-preview":"max-image-preview:large","max-video-preview":"max-video-preview:-1"},"canonical":"https:\/\/erformance.eu\/et\/toode\/audi-q3-8u-2011-salono-filtro-dangtelis\/","og_locale":"et_EE","og_type":"article","og_title":"Audi Q3 8U 2011- salono filtro dangtelis","og_description":"1. Prek\u0117: salono oro filtro dangtelis2. Gamintojas: pakeitimas3. Automobilis:   * Audi A3 8P 03-13   * Audi Q3 8U 2011-   * Audi TT 8J 06-14","og_url":"https:\/\/erformance.eu\/et\/toode\/audi-q3-8u-2011-salono-filtro-dangtelis\/","og_site_name":"Erformance.eu","article_modified_time":"2026-03-02T13:12:23+00:00","og_image":[{"width":1200,"height":1200,"url":"https:\/\/erformance.eu\/wp-content\/uploads\/2026\/02\/pol_pm_Audi-Q3-8U-2011-zaslepka-filtra-kabinowego-26242_1.jpg","type":"image\/jpeg"}],"twitter_card":"summary_large_image","twitter_misc":{"Est. reading time":"2 minutit"},"schema":{"@context":"https:\/\/schema.org","@graph":[{"@type":"WebPage","@id":"https:\/\/erformance.eu\/et\/toode\/audi-q3-8u-2011-salono-filtro-dangtelis\/","url":"https:\/\/erformance.eu\/et\/toode\/audi-q3-8u-2011-salono-filtro-dangtelis\/","name":"Audi Q3 8U 2011- salono filtro dangtelis - Erformance.eu","isPartOf":{"@id":"https:\/\/erformance.eu\/et\/#website"},"primaryImageOfPage":{"@id":"https:\/\/erformance.eu\/et\/toode\/audi-q3-8u-2011-salono-filtro-dangtelis\/#primaryimage"},"image":{"@id":"https:\/\/erformance.eu\/et\/toode\/audi-q3-8u-2011-salono-filtro-dangtelis\/#primaryimage"},"thumbnailUrl":"https:\/\/erformance.eu\/wp-content\/uploads\/2026\/02\/pol_pm_Audi-Q3-8U-2011-zaslepka-filtra-kabinowego-26242_1.jpg","datePublished":"2026-02-16T12:10:36+00:00","dateModified":"2026-03-02T13:12:23+00:00","breadcrumb":{"@id":"https:\/\/erformance.eu\/et\/toode\/audi-q3-8u-2011-salono-filtro-dangtelis\/#breadcrumb"},"inLanguage":"et","potentialAction":[{"@type":"ReadAction","target":["https:\/\/erformance.eu\/et\/toode\/audi-q3-8u-2011-salono-filtro-dangtelis\/"]}]},{"@type":"ImageObject","inLanguage":"et","@id":"https:\/\/erformance.eu\/et\/toode\/audi-q3-8u-2011-salono-filtro-dangtelis\/#primaryimage","url":"https:\/\/erformance.eu\/wp-content\/uploads\/2026\/02\/pol_pm_Audi-Q3-8U-2011-zaslepka-filtra-kabinowego-26242_1.jpg","contentUrl":"https:\/\/erformance.eu\/wp-content\/uploads\/2026\/02\/pol_pm_Audi-Q3-8U-2011-zaslepka-filtra-kabinowego-26242_1.jpg","width":1200,"height":1200},{"@type":"BreadcrumbList","@id":"https:\/\/erformance.eu\/et\/toode\/audi-q3-8u-2011-salono-filtro-dangtelis\/#breadcrumb","itemListElement":[{"@type":"ListItem","position":1,"name":"Home","item":"https:\/\/erformance.eu\/et\/"},{"@type":"ListItem","position":2,"name":"Pood","item":"https:\/\/erformance.eu\/et\/pood\/"},{"@type":"ListItem","position":3,"name":"Audi Q3 8U 2011- salono filtro dangtelis"}]},{"@type":"WebSite","@id":"https:\/\/erformance.eu\/et\/#website","url":"https:\/\/erformance.eu\/et\/","name":"Erformance.eu","description":"Automobili\u0173 dali\u0173 parduotuv\u0117","potentialAction":[{"@type":"SearchAction","target":{"@type":"EntryPoint","urlTemplate":"https:\/\/erformance.eu\/et\/?s={search_term_string}"},"query-input":{"@type":"PropertyValueSpecification","valueRequired":true,"valueName":"search_term_string"}}],"inLanguage":"et"}]}},"jetpack_sharing_enabled":true,"_links":{"self":[{"href":"https:\/\/erformance.eu\/et\/wp-json\/wp\/v2\/product\/61005","targetHints":{"allow":["GET"]}}],"collection":[{"href":"https:\/\/erformance.eu\/et\/wp-json\/wp\/v2\/product"}],"about":[{"href":"https:\/\/erformance.eu\/et\/wp-json\/wp\/v2\/types\/product"}],"replies":[{"embeddable":true,"href":"https:\/\/erformance.eu\/et\/wp-json\/wp\/v2\/comments?post=61005"}],"version-history":[{"count":1,"href":"https:\/\/erformance.eu\/et\/wp-json\/wp\/v2\/product\/61005\/revisions"}],"predecessor-version":[{"id":61012,"href":"https:\/\/erformance.eu\/et\/wp-json\/wp\/v2\/product\/61005\/revisions\/61012"}],"wp:featuredmedia":[{"embeddable":true,"href":"https:\/\/erformance.eu\/et\/wp-json\/wp\/v2\/media\/61006"}],"wp:attachment":[{"href":"https:\/\/erformance.eu\/et\/wp-json\/wp\/v2\/media?parent=61005"}],"wp:term":[{"taxonomy":"product_brand","embeddable":true,"href":"https:\/\/erformance.eu\/et\/wp-json\/wp\/v2\/product_brand?post=61005"},{"taxonomy":"product_cat","embeddable":true,"href":"https:\/\/erformance.eu\/et\/wp-json\/wp\/v2\/product_cat?post=61005"},{"taxonomy":"product_tag","embeddable":true,"href":"https:\/\/erformance.eu\/et\/wp-json\/wp\/v2\/product_tag?post=61005"}],"curies":[{"name":"wp","href":"https:\/\/api.w.org\/{rel}","templated":true}]}}