{"id":61106,"date":"2026-02-16T15:11:12","date_gmt":"2026-02-16T12:11:12","guid":{"rendered":"https:\/\/erformance.eu\/?post_type=product&#038;p=61106"},"modified":"2026-03-12T16:26:42","modified_gmt":"2026-03-12T13:26:42","slug":"audi-a4-b6-avant-00-04-valytuvu-mechanizmas-pilnas","status":"publish","type":"product","link":"https:\/\/erformance.eu\/et\/toode\/audi-a4-b6-avant-00-04-valytuvu-mechanizmas-pilnas\/","title":{"rendered":"Audi A4 B6 \/ Avant 00-04 valytuv\u0173 mechanizmas pilnas"},"content":{"rendered":"<p>Tema: priekinio stiklo valytuv\u0173 mechanizmas<br \/>\nOriginalus numeris:<\/p>\n<p>8E1955603D<br \/>\n8H1955603A<br \/>\n8E1955603A<br \/>\n8E1955603B<br \/>\n8E1955603C<br \/>\n8E1955023A<br \/>\n8E1955023B<br \/>\n05SKV013<br \/>\n07.61.021<br \/>\n30936705<br \/>\n08557017501036705<br \/>\nLCC3104<br \/>\nV10-1909<br \/>\n8E1 955 603 D<br \/>\n8H1 95 5603 A<br \/>\n8E1 955 603 A<br \/>\n8E1 955 603 B<br \/>\n8E1 955 603 C<br \/>\n8E1 955 023 A<br \/>\n8E1 955 023 B<\/p>\n<p>PASTABA: auk\u0161\u010diau pateikti numeriai yra original\u016bs dali\u0173 numeriai, kuriuos \u0161is pasi\u016blymas pakei\u010dia. Prie\u0161 pirkdami, palyginkite juos su originaliu dalies numeriu. Jei jie skiriasi net vienu simboliu, dalis netiks, neveiks arba veiks netinkamai. Tokiu atveju jos nepirkite.<br \/>\nAutomobilis:<\/p>\n<p>Audi A4 B6 (8E2), pagaminimo metai: 2000\u20132004<br \/>\nAudi A4 B6 Avant (8E5), gamybos metai: 2001-2004<br \/>\nAudi A4 B7 (8EC), gamybos metai: 2004-2008<br \/>\nAudi A4 B7 Avant (8ED), gamybos metai: 2004-2008<br \/>\n\u201eSeat Exeo\u201c (3R2), modeliai, pagaminti nuo 2008 m.<br \/>\n\u201eSeat Exeo ST\u201c (3R5), modeliai, pagaminti nuo 2009 m.<\/p>\n<p>Variklio versija: tinka visoms variklio versijoms<br \/>\nVariklis: ne\u012ftrauktas<br \/>\nGamintojas: pakaitalas<br \/>\nTechnin\u0117 b\u016bkl\u0117: prek\u0117 yra visi\u0161kai nauja, nenaudota, nepa\u017eeista ir nesugadinta<br \/>\nPastaba: Skirta automobiliams su vairu kair\u0117je pus\u0117je \u2013 europieti\u0161ka versija, ne \u201eangli\u0161ka\u201c<\/p>\n","protected":false},"excerpt":{"rendered":"<p>1. Prek\u0117: Priekinio stiklo valytuvo mechanizmas2. Gamintojas: pakeitimas3. Automobilis:     * Audi A4 B6 \/ Avant 00-04     * Audi A4 B7 \/ Avant 04-08     * Seat Exeo \/ ST 2008-<\/p>\n","protected":false},"featured_media":61107,"comment_status":"open","ping_status":"closed","template":"","meta":[],"product_brand":[],"product_cat":[390,144,3909,3949,4349],"product_tag":[],"class_list":{"0":"post-61106","1":"product","2":"type-product","3":"status-publish","4":"has-post-thumbnail","6":"product_cat-audi-a4","7":"product_cat-audi","8":"product_cat-audi-a4-b6","9":"product_cat-audi-a4-b6-isores-dalys","10":"product_cat-audi-a4-b6-mechanizmai-valytuvai","12":"first","13":"instock","14":"shipping-taxable","15":"purchasable","16":"product-type-simple"},"yoast_head":"<!-- This site is optimized with the Yoast SEO Premium plugin v25.2 (Yoast SEO v27.4) - https:\/\/yoast.com\/product\/yoast-seo-premium-wordpress\/ -->\n<title>Audi A4 B6 \/ Avant 00-04 valytuv\u0173 mechanizmas pilnas - Erformance.eu<\/title>\n<meta name=\"robots\" content=\"index, follow, max-snippet:-1, max-image-preview:large, max-video-preview:-1\" \/>\n<link rel=\"canonical\" href=\"https:\/\/erformance.eu\/et\/toode\/audi-a4-b6-avant-00-04-valytuvu-mechanizmas-pilnas\/\" \/>\n<meta property=\"og:locale\" content=\"et_EE\" \/>\n<meta property=\"og:type\" content=\"article\" \/>\n<meta property=\"og:title\" content=\"Audi A4 B6 \/ Avant 00-04 valytuv\u0173 mechanizmas pilnas\" \/>\n<meta property=\"og:description\" content=\"1. Prek\u0117: Priekinio stiklo valytuvo mechanizmas2. Gamintojas: pakeitimas3. Automobilis:   * Audi A4 B6 \/ Avant 00-04   * Audi A4 B7 \/ Avant 04-08   * Seat Exeo \/ ST 2008-\" \/>\n<meta property=\"og:url\" content=\"https:\/\/erformance.eu\/et\/toode\/audi-a4-b6-avant-00-04-valytuvu-mechanizmas-pilnas\/\" \/>\n<meta property=\"og:site_name\" content=\"Erformance.eu\" \/>\n<meta property=\"article:modified_time\" content=\"2026-03-12T13:26:42+00:00\" \/>\n<meta property=\"og:image\" content=\"https:\/\/erformance.eu\/wp-content\/uploads\/2026\/02\/pol_pm_Audi-A4-B6-Avant-00-04-mechanizm-wycieraczek-KOMPLETNY-17039_1.jpg\" \/>\n\t<meta property=\"og:image:width\" content=\"1200\" \/>\n\t<meta property=\"og:image:height\" content=\"900\" \/>\n\t<meta property=\"og:image:type\" content=\"image\/jpeg\" \/>\n<meta name=\"twitter:card\" content=\"summary_large_image\" \/>\n<meta name=\"twitter:label1\" content=\"Est. reading time\" \/>\n\t<meta name=\"twitter:data1\" content=\"1 minut\" \/>\n<script type=\"application\/ld+json\" class=\"yoast-schema-graph\">{\"@context\":\"https:\\\/\\\/schema.org\",\"@graph\":[{\"@type\":\"WebPage\",\"@id\":\"https:\\\/\\\/erformance.eu\\\/et\\\/toode\\\/audi-a4-b6-avant-00-04-valytuvu-mechanizmas-pilnas\\\/\",\"url\":\"https:\\\/\\\/erformance.eu\\\/et\\\/toode\\\/audi-a4-b6-avant-00-04-valytuvu-mechanizmas-pilnas\\\/\",\"name\":\"Audi A4 B6 \\\/ Avant 00-04 valytuv\u0173 mechanizmas pilnas - Erformance.eu\",\"isPartOf\":{\"@id\":\"https:\\\/\\\/erformance.eu\\\/et\\\/#website\"},\"primaryImageOfPage\":{\"@id\":\"https:\\\/\\\/erformance.eu\\\/et\\\/toode\\\/audi-a4-b6-avant-00-04-valytuvu-mechanizmas-pilnas\\\/#primaryimage\"},\"image\":{\"@id\":\"https:\\\/\\\/erformance.eu\\\/et\\\/toode\\\/audi-a4-b6-avant-00-04-valytuvu-mechanizmas-pilnas\\\/#primaryimage\"},\"thumbnailUrl\":\"https:\\\/\\\/erformance.eu\\\/wp-content\\\/uploads\\\/2026\\\/02\\\/pol_pm_Audi-A4-B6-Avant-00-04-mechanizm-wycieraczek-KOMPLETNY-17039_1.jpg\",\"datePublished\":\"2026-02-16T12:11:12+00:00\",\"dateModified\":\"2026-03-12T13:26:42+00:00\",\"breadcrumb\":{\"@id\":\"https:\\\/\\\/erformance.eu\\\/et\\\/toode\\\/audi-a4-b6-avant-00-04-valytuvu-mechanizmas-pilnas\\\/#breadcrumb\"},\"inLanguage\":\"et\",\"potentialAction\":[{\"@type\":\"ReadAction\",\"target\":[\"https:\\\/\\\/erformance.eu\\\/et\\\/toode\\\/audi-a4-b6-avant-00-04-valytuvu-mechanizmas-pilnas\\\/\"]}]},{\"@type\":\"ImageObject\",\"inLanguage\":\"et\",\"@id\":\"https:\\\/\\\/erformance.eu\\\/et\\\/toode\\\/audi-a4-b6-avant-00-04-valytuvu-mechanizmas-pilnas\\\/#primaryimage\",\"url\":\"https:\\\/\\\/erformance.eu\\\/wp-content\\\/uploads\\\/2026\\\/02\\\/pol_pm_Audi-A4-B6-Avant-00-04-mechanizm-wycieraczek-KOMPLETNY-17039_1.jpg\",\"contentUrl\":\"https:\\\/\\\/erformance.eu\\\/wp-content\\\/uploads\\\/2026\\\/02\\\/pol_pm_Audi-A4-B6-Avant-00-04-mechanizm-wycieraczek-KOMPLETNY-17039_1.jpg\",\"width\":1200,\"height\":900},{\"@type\":\"BreadcrumbList\",\"@id\":\"https:\\\/\\\/erformance.eu\\\/et\\\/toode\\\/audi-a4-b6-avant-00-04-valytuvu-mechanizmas-pilnas\\\/#breadcrumb\",\"itemListElement\":[{\"@type\":\"ListItem\",\"position\":1,\"name\":\"Home\",\"item\":\"https:\\\/\\\/erformance.eu\\\/et\\\/\"},{\"@type\":\"ListItem\",\"position\":2,\"name\":\"Pood\",\"item\":\"https:\\\/\\\/erformance.eu\\\/et\\\/pood\\\/\"},{\"@type\":\"ListItem\",\"position\":3,\"name\":\"Audi A4 B6 \\\/ Avant 00-04 valytuv\u0173 mechanizmas pilnas\"}]},{\"@type\":\"WebSite\",\"@id\":\"https:\\\/\\\/erformance.eu\\\/et\\\/#website\",\"url\":\"https:\\\/\\\/erformance.eu\\\/et\\\/\",\"name\":\"Erformance.eu\",\"description\":\"Automobili\u0173 dali\u0173 parduotuv\u0117\",\"potentialAction\":[{\"@type\":\"SearchAction\",\"target\":{\"@type\":\"EntryPoint\",\"urlTemplate\":\"https:\\\/\\\/erformance.eu\\\/et\\\/?s={search_term_string}\"},\"query-input\":{\"@type\":\"PropertyValueSpecification\",\"valueRequired\":true,\"valueName\":\"search_term_string\"}}],\"inLanguage\":\"et\"}]}<\/script>\n<!-- \/ Yoast SEO Premium plugin. -->","yoast_head_json":{"title":"Audi A4 B6 \/ Avant 00-04 valytuv\u0173 mechanizmas pilnas - Erformance.eu","robots":{"index":"index","follow":"follow","max-snippet":"max-snippet:-1","max-image-preview":"max-image-preview:large","max-video-preview":"max-video-preview:-1"},"canonical":"https:\/\/erformance.eu\/et\/toode\/audi-a4-b6-avant-00-04-valytuvu-mechanizmas-pilnas\/","og_locale":"et_EE","og_type":"article","og_title":"Audi A4 B6 \/ Avant 00-04 valytuv\u0173 mechanizmas pilnas","og_description":"1. Prek\u0117: Priekinio stiklo valytuvo mechanizmas2. Gamintojas: pakeitimas3. Automobilis:   * Audi A4 B6 \/ Avant 00-04   * Audi A4 B7 \/ Avant 04-08   * Seat Exeo \/ ST 2008-","og_url":"https:\/\/erformance.eu\/et\/toode\/audi-a4-b6-avant-00-04-valytuvu-mechanizmas-pilnas\/","og_site_name":"Erformance.eu","article_modified_time":"2026-03-12T13:26:42+00:00","og_image":[{"width":1200,"height":900,"url":"https:\/\/erformance.eu\/wp-content\/uploads\/2026\/02\/pol_pm_Audi-A4-B6-Avant-00-04-mechanizm-wycieraczek-KOMPLETNY-17039_1.jpg","type":"image\/jpeg"}],"twitter_card":"summary_large_image","twitter_misc":{"Est. reading time":"1 minut"},"schema":{"@context":"https:\/\/schema.org","@graph":[{"@type":"WebPage","@id":"https:\/\/erformance.eu\/et\/toode\/audi-a4-b6-avant-00-04-valytuvu-mechanizmas-pilnas\/","url":"https:\/\/erformance.eu\/et\/toode\/audi-a4-b6-avant-00-04-valytuvu-mechanizmas-pilnas\/","name":"Audi A4 B6 \/ Avant 00-04 valytuv\u0173 mechanizmas pilnas - Erformance.eu","isPartOf":{"@id":"https:\/\/erformance.eu\/et\/#website"},"primaryImageOfPage":{"@id":"https:\/\/erformance.eu\/et\/toode\/audi-a4-b6-avant-00-04-valytuvu-mechanizmas-pilnas\/#primaryimage"},"image":{"@id":"https:\/\/erformance.eu\/et\/toode\/audi-a4-b6-avant-00-04-valytuvu-mechanizmas-pilnas\/#primaryimage"},"thumbnailUrl":"https:\/\/erformance.eu\/wp-content\/uploads\/2026\/02\/pol_pm_Audi-A4-B6-Avant-00-04-mechanizm-wycieraczek-KOMPLETNY-17039_1.jpg","datePublished":"2026-02-16T12:11:12+00:00","dateModified":"2026-03-12T13:26:42+00:00","breadcrumb":{"@id":"https:\/\/erformance.eu\/et\/toode\/audi-a4-b6-avant-00-04-valytuvu-mechanizmas-pilnas\/#breadcrumb"},"inLanguage":"et","potentialAction":[{"@type":"ReadAction","target":["https:\/\/erformance.eu\/et\/toode\/audi-a4-b6-avant-00-04-valytuvu-mechanizmas-pilnas\/"]}]},{"@type":"ImageObject","inLanguage":"et","@id":"https:\/\/erformance.eu\/et\/toode\/audi-a4-b6-avant-00-04-valytuvu-mechanizmas-pilnas\/#primaryimage","url":"https:\/\/erformance.eu\/wp-content\/uploads\/2026\/02\/pol_pm_Audi-A4-B6-Avant-00-04-mechanizm-wycieraczek-KOMPLETNY-17039_1.jpg","contentUrl":"https:\/\/erformance.eu\/wp-content\/uploads\/2026\/02\/pol_pm_Audi-A4-B6-Avant-00-04-mechanizm-wycieraczek-KOMPLETNY-17039_1.jpg","width":1200,"height":900},{"@type":"BreadcrumbList","@id":"https:\/\/erformance.eu\/et\/toode\/audi-a4-b6-avant-00-04-valytuvu-mechanizmas-pilnas\/#breadcrumb","itemListElement":[{"@type":"ListItem","position":1,"name":"Home","item":"https:\/\/erformance.eu\/et\/"},{"@type":"ListItem","position":2,"name":"Pood","item":"https:\/\/erformance.eu\/et\/pood\/"},{"@type":"ListItem","position":3,"name":"Audi A4 B6 \/ Avant 00-04 valytuv\u0173 mechanizmas pilnas"}]},{"@type":"WebSite","@id":"https:\/\/erformance.eu\/et\/#website","url":"https:\/\/erformance.eu\/et\/","name":"Erformance.eu","description":"Automobili\u0173 dali\u0173 parduotuv\u0117","potentialAction":[{"@type":"SearchAction","target":{"@type":"EntryPoint","urlTemplate":"https:\/\/erformance.eu\/et\/?s={search_term_string}"},"query-input":{"@type":"PropertyValueSpecification","valueRequired":true,"valueName":"search_term_string"}}],"inLanguage":"et"}]}},"jetpack_sharing_enabled":true,"_links":{"self":[{"href":"https:\/\/erformance.eu\/et\/wp-json\/wp\/v2\/product\/61106","targetHints":{"allow":["GET"]}}],"collection":[{"href":"https:\/\/erformance.eu\/et\/wp-json\/wp\/v2\/product"}],"about":[{"href":"https:\/\/erformance.eu\/et\/wp-json\/wp\/v2\/types\/product"}],"replies":[{"embeddable":true,"href":"https:\/\/erformance.eu\/et\/wp-json\/wp\/v2\/comments?post=61106"}],"version-history":[{"count":1,"href":"https:\/\/erformance.eu\/et\/wp-json\/wp\/v2\/product\/61106\/revisions"}],"predecessor-version":[{"id":61109,"href":"https:\/\/erformance.eu\/et\/wp-json\/wp\/v2\/product\/61106\/revisions\/61109"}],"wp:featuredmedia":[{"embeddable":true,"href":"https:\/\/erformance.eu\/et\/wp-json\/wp\/v2\/media\/61107"}],"wp:attachment":[{"href":"https:\/\/erformance.eu\/et\/wp-json\/wp\/v2\/media?parent=61106"}],"wp:term":[{"taxonomy":"product_brand","embeddable":true,"href":"https:\/\/erformance.eu\/et\/wp-json\/wp\/v2\/product_brand?post=61106"},{"taxonomy":"product_cat","embeddable":true,"href":"https:\/\/erformance.eu\/et\/wp-json\/wp\/v2\/product_cat?post=61106"},{"taxonomy":"product_tag","embeddable":true,"href":"https:\/\/erformance.eu\/et\/wp-json\/wp\/v2\/product_tag?post=61106"}],"curies":[{"name":"wp","href":"https:\/\/api.w.org\/{rel}","templated":true}]}}