{"id":61148,"date":"2026-02-16T15:11:27","date_gmt":"2026-02-16T12:11:27","guid":{"rendered":"https:\/\/erformance.eu\/?post_type=product&#038;p=61148"},"modified":"2026-02-16T15:11:29","modified_gmt":"2026-02-16T12:11:29","slug":"mercedes-sprinter-906-2006-m-vairuotojo-sedynes-aukscio-reguliavimo-rankenele","status":"publish","type":"product","link":"https:\/\/erformance.eu\/et\/toode\/mercedes-sprinter-906-2006-m-vairuotojo-sedynes-aukscio-reguliavimo-rankenele\/","title":{"rendered":"\u201eMercedes Sprinter 906\u201c 2006 m. \u2013 vairuotojo s\u0117dyn\u0117s auk\u0161\u010dio reguliavimo ranken\u0117l\u0117"},"content":{"rendered":"<p>Prek\u0117: S\u0117dyn\u0117s auk\u0161\u010dio reguliavimo ranken\u0117l\u0117<br \/>\nPus\u0117: kair\u0117 (vairuotojo s\u0117dyn\u0117)<br \/>\nOriginalus numeris: A1699190161<br \/>\nPASTABA: auk\u0161\u010diau pateikti numeriai yra original\u016bs dali\u0173 numeriai, kuriuos \u0161is pasi\u016blymas pakei\u010dia. Prie\u0161 pirkdami, palyginkite juos su originaliu dalies numeriu. Jei jie skiriasi net vienu simboliu, dalis netiks, neveiks arba veiks netinkamai. Tokiu atveju jos nepirkite.<br \/>\nAutomobilis:<\/p>\n<p>\u201eMercedes-Benz A-CLASS\u201c (W169), pagaminimo metai: 2004\u20132012<br \/>\n\u201eMercedes-Benz B-CLASS Sports Tourer\u201c (W245), pagaminimo metai: 2005\u20132011<br \/>\n\u201eMercedes-Benz SPRINTER 3,5-t\u201c autobusas (B906), modeliai, pagaminti nuo 2006 m.<br \/>\n\u201eMercedes-Benz SPRINTER 3.5-t\u201c platforma \/ va\u017eiuokl\u0117 (B906), modeliai, pagaminti nuo 2006 m.<br \/>\n\u201eMercedes-Benz SPRINTER 3,5-t Box\u201c (B906), modeliai, pagaminti nuo 2006 m.<br \/>\n\u201eMercedes-Benz SPRINTER 3-t\u201c autobusas (B906), modeliai, pagaminti nuo 2006 m.<br \/>\n\u201eMercedes-Benz SPRINTER 3-t\u201c platforma \/ va\u017eiuokl\u0117 (B906), modeliai, pagaminti nuo 2006 m.<br \/>\n\u201eMercedes-Benz SPRINTER 3-t Box\u201c (B906), modeliai, pagaminti nuo 2006 m.<br \/>\n\u201eMercedes-Benz SPRINTER 4.6-t\u201c platforma \/ va\u017eiuokl\u0117 (B906), modeliai, pagaminti nuo 2006 m.<br \/>\n\u201eMercedes-Benz SPRINTER 4.6-t Box\u201c (B906), modeliai, pagaminti nuo 2006 m.<br \/>\n\u201eMercedes-Benz SPRINTER 5-t\u201c autobusas (B906), modeliai, pagaminti nuo 2009 m.<br \/>\n\u201eMercedes-Benz SPRINTER 5-t\u201c platforma \/ va\u017eiuokl\u0117 (B906), modeliai, pagaminti nuo 2006 m.<br \/>\n\u201eMercedes-Benz SPRINTER 5-t Box\u201c (B906), modeliai, pagaminti nuo 2006 m.<br \/>\nVolkswagen CRAFTER 30-35 autobusas (2E_), pagaminimo metai: 2006-2016<br \/>\nVolkswagen CRAFTER 30-50 platforma\/va\u017eiuokl\u0117 (2F_), gamybos metai: 2006-2016<br \/>\nVolkswagen CRAFTER 30-50 komercinis (2E_), pagaminimo metai: 2006-2016<\/p>\n<p>Spalva: juoda<br \/>\nGamintojas: pakaitalas<br \/>\nTechnin\u0117 b\u016bkl\u0117: prek\u0117 yra visi\u0161kai nauja, nenaudota, nepa\u017eeista ir nesugadinta<\/p>\n","protected":false},"excerpt":{"rendered":"<p>1. Prek\u0117: Vairuotojo s\u0117dyn\u0117s auk\u0161\u010dio reguliavimo ranken\u0117l\u01172. Pus\u0117: kair\u01173. Gamintojas: pakeitimas4. Spalva: juoda5. Automobilis:* \u201eMercedes W169 A\u201c klas\u0117 04\u201312* \u201eMercedes W245 B\u201c klas\u0117 05\u201311* Mercedes Sprinter 906 2006-* VW Crafter 2006-<\/p>\n","protected":false},"featured_media":61149,"comment_status":"open","ping_status":"closed","template":"","meta":[],"product_brand":[],"product_cat":[144],"product_tag":[],"class_list":{"0":"post-61148","1":"product","2":"type-product","3":"status-publish","4":"has-post-thumbnail","6":"product_cat-audi","8":"first","9":"instock","10":"shipping-taxable","11":"purchasable","12":"product-type-simple"},"yoast_head":"<!-- This site is optimized with the Yoast SEO Premium plugin v25.2 (Yoast SEO v27.4) - https:\/\/yoast.com\/product\/yoast-seo-premium-wordpress\/ -->\n<title>\u201eMercedes Sprinter 906\u201c 2006 m. \u2013 vairuotojo s\u0117dyn\u0117s auk\u0161\u010dio reguliavimo ranken\u0117l\u0117 - Erformance.eu<\/title>\n<meta name=\"robots\" content=\"index, follow, max-snippet:-1, max-image-preview:large, max-video-preview:-1\" \/>\n<link rel=\"canonical\" href=\"https:\/\/erformance.eu\/et\/toode\/mercedes-sprinter-906-2006-m-vairuotojo-sedynes-aukscio-reguliavimo-rankenele\/\" \/>\n<meta property=\"og:locale\" content=\"et_EE\" \/>\n<meta property=\"og:type\" content=\"article\" \/>\n<meta property=\"og:title\" content=\"\u201eMercedes Sprinter 906\u201c 2006 m. \u2013 vairuotojo s\u0117dyn\u0117s auk\u0161\u010dio reguliavimo ranken\u0117l\u0117\" \/>\n<meta property=\"og:description\" content=\"1. Prek\u0117: Vairuotojo s\u0117dyn\u0117s auk\u0161\u010dio reguliavimo ranken\u0117l\u01172. Pus\u0117: kair\u01173. Gamintojas: pakeitimas4. Spalva: juoda5. Automobilis:* \u201eMercedes W169 A\u201c klas\u0117 04\u201312* \u201eMercedes W245 B\u201c klas\u0117 05\u201311* Mercedes Sprinter 906 2006-* VW Crafter 2006-\" \/>\n<meta property=\"og:url\" content=\"https:\/\/erformance.eu\/et\/toode\/mercedes-sprinter-906-2006-m-vairuotojo-sedynes-aukscio-reguliavimo-rankenele\/\" \/>\n<meta property=\"og:site_name\" content=\"Erformance.eu\" \/>\n<meta property=\"article:modified_time\" content=\"2026-02-16T12:11:29+00:00\" \/>\n<meta name=\"twitter:card\" content=\"summary_large_image\" \/>\n<meta name=\"twitter:label1\" content=\"Est. reading time\" \/>\n\t<meta name=\"twitter:data1\" content=\"1 minut\" \/>\n<script type=\"application\/ld+json\" class=\"yoast-schema-graph\">{\"@context\":\"https:\\\/\\\/schema.org\",\"@graph\":[{\"@type\":\"WebPage\",\"@id\":\"https:\\\/\\\/erformance.eu\\\/et\\\/toode\\\/mercedes-sprinter-906-2006-m-vairuotojo-sedynes-aukscio-reguliavimo-rankenele\\\/\",\"url\":\"https:\\\/\\\/erformance.eu\\\/et\\\/toode\\\/mercedes-sprinter-906-2006-m-vairuotojo-sedynes-aukscio-reguliavimo-rankenele\\\/\",\"name\":\"\u201eMercedes Sprinter 906\u201c 2006 m. \u2013 vairuotojo s\u0117dyn\u0117s auk\u0161\u010dio reguliavimo ranken\u0117l\u0117 - Erformance.eu\",\"isPartOf\":{\"@id\":\"https:\\\/\\\/erformance.eu\\\/et\\\/#website\"},\"primaryImageOfPage\":{\"@id\":\"https:\\\/\\\/erformance.eu\\\/et\\\/toode\\\/mercedes-sprinter-906-2006-m-vairuotojo-sedynes-aukscio-reguliavimo-rankenele\\\/#primaryimage\"},\"image\":{\"@id\":\"https:\\\/\\\/erformance.eu\\\/et\\\/toode\\\/mercedes-sprinter-906-2006-m-vairuotojo-sedynes-aukscio-reguliavimo-rankenele\\\/#primaryimage\"},\"thumbnailUrl\":\"https:\\\/\\\/erformance.eu\\\/wp-content\\\/uploads\\\/2026\\\/02\\\/pol_pm_Mercedes-Sprinter-906-2006-uchwyt-regulacji-wysokosci-siedziska-fotela-kierowcy-25853_1.jpg\",\"datePublished\":\"2026-02-16T12:11:27+00:00\",\"dateModified\":\"2026-02-16T12:11:29+00:00\",\"breadcrumb\":{\"@id\":\"https:\\\/\\\/erformance.eu\\\/et\\\/toode\\\/mercedes-sprinter-906-2006-m-vairuotojo-sedynes-aukscio-reguliavimo-rankenele\\\/#breadcrumb\"},\"inLanguage\":\"et\",\"potentialAction\":[{\"@type\":\"ReadAction\",\"target\":[\"https:\\\/\\\/erformance.eu\\\/et\\\/toode\\\/mercedes-sprinter-906-2006-m-vairuotojo-sedynes-aukscio-reguliavimo-rankenele\\\/\"]}]},{\"@type\":\"ImageObject\",\"inLanguage\":\"et\",\"@id\":\"https:\\\/\\\/erformance.eu\\\/et\\\/toode\\\/mercedes-sprinter-906-2006-m-vairuotojo-sedynes-aukscio-reguliavimo-rankenele\\\/#primaryimage\",\"url\":\"https:\\\/\\\/erformance.eu\\\/wp-content\\\/uploads\\\/2026\\\/02\\\/pol_pm_Mercedes-Sprinter-906-2006-uchwyt-regulacji-wysokosci-siedziska-fotela-kierowcy-25853_1.jpg\",\"contentUrl\":\"https:\\\/\\\/erformance.eu\\\/wp-content\\\/uploads\\\/2026\\\/02\\\/pol_pm_Mercedes-Sprinter-906-2006-uchwyt-regulacji-wysokosci-siedziska-fotela-kierowcy-25853_1.jpg\",\"width\":1200,\"height\":1200},{\"@type\":\"BreadcrumbList\",\"@id\":\"https:\\\/\\\/erformance.eu\\\/et\\\/toode\\\/mercedes-sprinter-906-2006-m-vairuotojo-sedynes-aukscio-reguliavimo-rankenele\\\/#breadcrumb\",\"itemListElement\":[{\"@type\":\"ListItem\",\"position\":1,\"name\":\"Home\",\"item\":\"https:\\\/\\\/erformance.eu\\\/et\\\/\"},{\"@type\":\"ListItem\",\"position\":2,\"name\":\"Pood\",\"item\":\"https:\\\/\\\/erformance.eu\\\/et\\\/pood\\\/\"},{\"@type\":\"ListItem\",\"position\":3,\"name\":\"\u201eMercedes Sprinter 906\u201c 2006 m. \u2013 vairuotojo s\u0117dyn\u0117s auk\u0161\u010dio reguliavimo ranken\u0117l\u0117\"}]},{\"@type\":\"WebSite\",\"@id\":\"https:\\\/\\\/erformance.eu\\\/et\\\/#website\",\"url\":\"https:\\\/\\\/erformance.eu\\\/et\\\/\",\"name\":\"Erformance.eu\",\"description\":\"Automobili\u0173 dali\u0173 parduotuv\u0117\",\"potentialAction\":[{\"@type\":\"SearchAction\",\"target\":{\"@type\":\"EntryPoint\",\"urlTemplate\":\"https:\\\/\\\/erformance.eu\\\/et\\\/?s={search_term_string}\"},\"query-input\":{\"@type\":\"PropertyValueSpecification\",\"valueRequired\":true,\"valueName\":\"search_term_string\"}}],\"inLanguage\":\"et\"}]}<\/script>\n<!-- \/ Yoast SEO Premium plugin. -->","yoast_head_json":{"title":"\u201eMercedes Sprinter 906\u201c 2006 m. \u2013 vairuotojo s\u0117dyn\u0117s auk\u0161\u010dio reguliavimo ranken\u0117l\u0117 - Erformance.eu","robots":{"index":"index","follow":"follow","max-snippet":"max-snippet:-1","max-image-preview":"max-image-preview:large","max-video-preview":"max-video-preview:-1"},"canonical":"https:\/\/erformance.eu\/et\/toode\/mercedes-sprinter-906-2006-m-vairuotojo-sedynes-aukscio-reguliavimo-rankenele\/","og_locale":"et_EE","og_type":"article","og_title":"\u201eMercedes Sprinter 906\u201c 2006 m. \u2013 vairuotojo s\u0117dyn\u0117s auk\u0161\u010dio reguliavimo ranken\u0117l\u0117","og_description":"1. Prek\u0117: Vairuotojo s\u0117dyn\u0117s auk\u0161\u010dio reguliavimo ranken\u0117l\u01172. Pus\u0117: kair\u01173. Gamintojas: pakeitimas4. Spalva: juoda5. Automobilis:* \u201eMercedes W169 A\u201c klas\u0117 04\u201312* \u201eMercedes W245 B\u201c klas\u0117 05\u201311* Mercedes Sprinter 906 2006-* VW Crafter 2006-","og_url":"https:\/\/erformance.eu\/et\/toode\/mercedes-sprinter-906-2006-m-vairuotojo-sedynes-aukscio-reguliavimo-rankenele\/","og_site_name":"Erformance.eu","article_modified_time":"2026-02-16T12:11:29+00:00","twitter_card":"summary_large_image","twitter_misc":{"Est. reading time":"1 minut"},"schema":{"@context":"https:\/\/schema.org","@graph":[{"@type":"WebPage","@id":"https:\/\/erformance.eu\/et\/toode\/mercedes-sprinter-906-2006-m-vairuotojo-sedynes-aukscio-reguliavimo-rankenele\/","url":"https:\/\/erformance.eu\/et\/toode\/mercedes-sprinter-906-2006-m-vairuotojo-sedynes-aukscio-reguliavimo-rankenele\/","name":"\u201eMercedes Sprinter 906\u201c 2006 m. \u2013 vairuotojo s\u0117dyn\u0117s auk\u0161\u010dio reguliavimo ranken\u0117l\u0117 - Erformance.eu","isPartOf":{"@id":"https:\/\/erformance.eu\/et\/#website"},"primaryImageOfPage":{"@id":"https:\/\/erformance.eu\/et\/toode\/mercedes-sprinter-906-2006-m-vairuotojo-sedynes-aukscio-reguliavimo-rankenele\/#primaryimage"},"image":{"@id":"https:\/\/erformance.eu\/et\/toode\/mercedes-sprinter-906-2006-m-vairuotojo-sedynes-aukscio-reguliavimo-rankenele\/#primaryimage"},"thumbnailUrl":"https:\/\/erformance.eu\/wp-content\/uploads\/2026\/02\/pol_pm_Mercedes-Sprinter-906-2006-uchwyt-regulacji-wysokosci-siedziska-fotela-kierowcy-25853_1.jpg","datePublished":"2026-02-16T12:11:27+00:00","dateModified":"2026-02-16T12:11:29+00:00","breadcrumb":{"@id":"https:\/\/erformance.eu\/et\/toode\/mercedes-sprinter-906-2006-m-vairuotojo-sedynes-aukscio-reguliavimo-rankenele\/#breadcrumb"},"inLanguage":"et","potentialAction":[{"@type":"ReadAction","target":["https:\/\/erformance.eu\/et\/toode\/mercedes-sprinter-906-2006-m-vairuotojo-sedynes-aukscio-reguliavimo-rankenele\/"]}]},{"@type":"ImageObject","inLanguage":"et","@id":"https:\/\/erformance.eu\/et\/toode\/mercedes-sprinter-906-2006-m-vairuotojo-sedynes-aukscio-reguliavimo-rankenele\/#primaryimage","url":"https:\/\/erformance.eu\/wp-content\/uploads\/2026\/02\/pol_pm_Mercedes-Sprinter-906-2006-uchwyt-regulacji-wysokosci-siedziska-fotela-kierowcy-25853_1.jpg","contentUrl":"https:\/\/erformance.eu\/wp-content\/uploads\/2026\/02\/pol_pm_Mercedes-Sprinter-906-2006-uchwyt-regulacji-wysokosci-siedziska-fotela-kierowcy-25853_1.jpg","width":1200,"height":1200},{"@type":"BreadcrumbList","@id":"https:\/\/erformance.eu\/et\/toode\/mercedes-sprinter-906-2006-m-vairuotojo-sedynes-aukscio-reguliavimo-rankenele\/#breadcrumb","itemListElement":[{"@type":"ListItem","position":1,"name":"Home","item":"https:\/\/erformance.eu\/et\/"},{"@type":"ListItem","position":2,"name":"Pood","item":"https:\/\/erformance.eu\/et\/pood\/"},{"@type":"ListItem","position":3,"name":"\u201eMercedes Sprinter 906\u201c 2006 m. \u2013 vairuotojo s\u0117dyn\u0117s auk\u0161\u010dio reguliavimo ranken\u0117l\u0117"}]},{"@type":"WebSite","@id":"https:\/\/erformance.eu\/et\/#website","url":"https:\/\/erformance.eu\/et\/","name":"Erformance.eu","description":"Automobili\u0173 dali\u0173 parduotuv\u0117","potentialAction":[{"@type":"SearchAction","target":{"@type":"EntryPoint","urlTemplate":"https:\/\/erformance.eu\/et\/?s={search_term_string}"},"query-input":{"@type":"PropertyValueSpecification","valueRequired":true,"valueName":"search_term_string"}}],"inLanguage":"et"}]}},"jetpack_sharing_enabled":true,"_links":{"self":[{"href":"https:\/\/erformance.eu\/et\/wp-json\/wp\/v2\/product\/61148","targetHints":{"allow":["GET"]}}],"collection":[{"href":"https:\/\/erformance.eu\/et\/wp-json\/wp\/v2\/product"}],"about":[{"href":"https:\/\/erformance.eu\/et\/wp-json\/wp\/v2\/types\/product"}],"replies":[{"embeddable":true,"href":"https:\/\/erformance.eu\/et\/wp-json\/wp\/v2\/comments?post=61148"}],"version-history":[{"count":1,"href":"https:\/\/erformance.eu\/et\/wp-json\/wp\/v2\/product\/61148\/revisions"}],"predecessor-version":[{"id":61155,"href":"https:\/\/erformance.eu\/et\/wp-json\/wp\/v2\/product\/61148\/revisions\/61155"}],"wp:featuredmedia":[{"embeddable":true,"href":"https:\/\/erformance.eu\/et\/wp-json\/wp\/v2\/media\/61149"}],"wp:attachment":[{"href":"https:\/\/erformance.eu\/et\/wp-json\/wp\/v2\/media?parent=61148"}],"wp:term":[{"taxonomy":"product_brand","embeddable":true,"href":"https:\/\/erformance.eu\/et\/wp-json\/wp\/v2\/product_brand?post=61148"},{"taxonomy":"product_cat","embeddable":true,"href":"https:\/\/erformance.eu\/et\/wp-json\/wp\/v2\/product_cat?post=61148"},{"taxonomy":"product_tag","embeddable":true,"href":"https:\/\/erformance.eu\/et\/wp-json\/wp\/v2\/product_tag?post=61148"}],"curies":[{"name":"wp","href":"https:\/\/api.w.org\/{rel}","templated":true}]}}