{"id":61382,"date":"2026-02-16T15:12:49","date_gmt":"2026-02-16T12:12:49","guid":{"rendered":"https:\/\/erformance.eu\/?post_type=product&#038;p=61382"},"modified":"2026-03-05T20:36:27","modified_gmt":"2026-03-05T17:36:27","slug":"audi-a2-00-05-bagazines-dangcio-centrinio-uzrakto-pavara","status":"publish","type":"product","link":"https:\/\/erformance.eu\/et\/toode\/audi-a2-00-05-bagazines-dangcio-centrinio-uzrakto-pavara\/","title":{"rendered":"Audi A2 00-05 baga\u017ein\u0117s dang\u010dio centrinio u\u017erakto pavara"},"content":{"rendered":"<p>Prek\u0117: Centrinio baga\u017ein\u0117s dang\u010dio u\u017erakto pavara<br \/>\nOriginalus numeris: 8E5962115B<br \/>\nPASTABA: auk\u0161\u010diau pateikti numeriai yra original\u016bs dali\u0173 numeriai, kuriuos \u0161is pasi\u016blymas pakei\u010dia. Prie\u0161 pirkdami, palyginkite juos su originaliu dalies numeriu. Jei jie skiriasi net vienu simboliu, dalis netiks, neveiks arba veiks netinkamai. Tokiu atveju jos nepirkite.<br \/>\nKai\u0161\u010di\u0173 skai\u010dius: 2<br \/>\nAutomobilis:<\/p>\n<p>Audi A4 B6, gamybos metai: 2000-2004<br \/>\nAudi A4 B7, gamybos metai: 2005-2007<br \/>\n\u201eAudi A2\u201c, gamybos metai: 2000\u20132005<\/p>\n<p>K\u0117bulo tipas: SEDANAS \/ UNIVERSALAS<br \/>\nGamintojas: pakaitalas<br \/>\nTechnin\u0117 b\u016bkl\u0117: prek\u0117 yra visi\u0161kai nauja, nenaudota, nepa\u017eeista ir nesugadinta<\/p>\n","protected":false},"excerpt":{"rendered":"<p>1. Prek\u0117: Centrinio baga\u017ein\u0117s dang\u010dio u\u017erakto pavara2. Gamintojas: pakeitimas3. Automobilis:     * Audi A4 B6 00-04     * Audi A4 B7 05-07     * Audi A2 00-054. K\u0117bulo tipas: sedanas \/ universalas<\/p>\n","protected":false},"featured_media":61383,"comment_status":"open","ping_status":"closed","template":"","meta":[],"product_brand":[],"product_cat":[3904,393,144,3944,4344],"product_tag":[],"class_list":{"0":"post-61382","1":"product","2":"type-product","3":"status-publish","4":"has-post-thumbnail","6":"product_cat-audi-a2-8z","7":"product_cat-audi-a2","8":"product_cat-audi","9":"product_cat-audi-a2-8z-isores-dalys","10":"product_cat-audi-a2-8z-mechanizmai-valytuvai","12":"first","13":"instock","14":"shipping-taxable","15":"purchasable","16":"product-type-simple"},"yoast_head":"<!-- This site is optimized with the Yoast SEO Premium plugin v25.2 (Yoast SEO v27.3) - https:\/\/yoast.com\/product\/yoast-seo-premium-wordpress\/ -->\n<title>Audi A2 00-05 baga\u017ein\u0117s dang\u010dio centrinio u\u017erakto pavara - Erformance.eu<\/title>\n<meta name=\"robots\" content=\"index, follow, max-snippet:-1, max-image-preview:large, max-video-preview:-1\" \/>\n<link rel=\"canonical\" href=\"https:\/\/erformance.eu\/et\/toode\/audi-a2-00-05-bagazines-dangcio-centrinio-uzrakto-pavara\/\" \/>\n<meta property=\"og:locale\" content=\"et_EE\" \/>\n<meta property=\"og:type\" content=\"article\" \/>\n<meta property=\"og:title\" content=\"Audi A2 00-05 baga\u017ein\u0117s dang\u010dio centrinio u\u017erakto pavara\" \/>\n<meta property=\"og:description\" content=\"1. Prek\u0117: Centrinio baga\u017ein\u0117s dang\u010dio u\u017erakto pavara2. Gamintojas: pakeitimas3. Automobilis:   * Audi A4 B6 00-04   * Audi A4 B7 05-07   * Audi A2 00-054. K\u0117bulo tipas: sedanas \/ universalas\" \/>\n<meta property=\"og:url\" content=\"https:\/\/erformance.eu\/et\/toode\/audi-a2-00-05-bagazines-dangcio-centrinio-uzrakto-pavara\/\" \/>\n<meta property=\"og:site_name\" content=\"Erformance.eu\" \/>\n<meta property=\"article:modified_time\" content=\"2026-03-05T17:36:27+00:00\" \/>\n<meta property=\"og:image\" content=\"https:\/\/erformance.eu\/wp-content\/uploads\/2026\/02\/pol_pm_Audi-A2-00-05-silownik-centralnego-zamka-klapy-bagaznika-13425_1.jpg\" \/>\n\t<meta property=\"og:image:width\" content=\"667\" \/>\n\t<meta property=\"og:image:height\" content=\"500\" \/>\n\t<meta property=\"og:image:type\" content=\"image\/jpeg\" \/>\n<meta name=\"twitter:card\" content=\"summary_large_image\" \/>\n<script type=\"application\/ld+json\" class=\"yoast-schema-graph\">{\"@context\":\"https:\\\/\\\/schema.org\",\"@graph\":[{\"@type\":\"WebPage\",\"@id\":\"https:\\\/\\\/erformance.eu\\\/et\\\/toode\\\/audi-a2-00-05-bagazines-dangcio-centrinio-uzrakto-pavara\\\/\",\"url\":\"https:\\\/\\\/erformance.eu\\\/et\\\/toode\\\/audi-a2-00-05-bagazines-dangcio-centrinio-uzrakto-pavara\\\/\",\"name\":\"Audi A2 00-05 baga\u017ein\u0117s dang\u010dio centrinio u\u017erakto pavara - Erformance.eu\",\"isPartOf\":{\"@id\":\"https:\\\/\\\/erformance.eu\\\/et\\\/#website\"},\"primaryImageOfPage\":{\"@id\":\"https:\\\/\\\/erformance.eu\\\/et\\\/toode\\\/audi-a2-00-05-bagazines-dangcio-centrinio-uzrakto-pavara\\\/#primaryimage\"},\"image\":{\"@id\":\"https:\\\/\\\/erformance.eu\\\/et\\\/toode\\\/audi-a2-00-05-bagazines-dangcio-centrinio-uzrakto-pavara\\\/#primaryimage\"},\"thumbnailUrl\":\"https:\\\/\\\/erformance.eu\\\/wp-content\\\/uploads\\\/2026\\\/02\\\/pol_pm_Audi-A2-00-05-silownik-centralnego-zamka-klapy-bagaznika-13425_1.jpg\",\"datePublished\":\"2026-02-16T12:12:49+00:00\",\"dateModified\":\"2026-03-05T17:36:27+00:00\",\"breadcrumb\":{\"@id\":\"https:\\\/\\\/erformance.eu\\\/et\\\/toode\\\/audi-a2-00-05-bagazines-dangcio-centrinio-uzrakto-pavara\\\/#breadcrumb\"},\"inLanguage\":\"et\",\"potentialAction\":[{\"@type\":\"ReadAction\",\"target\":[\"https:\\\/\\\/erformance.eu\\\/et\\\/toode\\\/audi-a2-00-05-bagazines-dangcio-centrinio-uzrakto-pavara\\\/\"]}]},{\"@type\":\"ImageObject\",\"inLanguage\":\"et\",\"@id\":\"https:\\\/\\\/erformance.eu\\\/et\\\/toode\\\/audi-a2-00-05-bagazines-dangcio-centrinio-uzrakto-pavara\\\/#primaryimage\",\"url\":\"https:\\\/\\\/erformance.eu\\\/wp-content\\\/uploads\\\/2026\\\/02\\\/pol_pm_Audi-A2-00-05-silownik-centralnego-zamka-klapy-bagaznika-13425_1.jpg\",\"contentUrl\":\"https:\\\/\\\/erformance.eu\\\/wp-content\\\/uploads\\\/2026\\\/02\\\/pol_pm_Audi-A2-00-05-silownik-centralnego-zamka-klapy-bagaznika-13425_1.jpg\",\"width\":667,\"height\":500},{\"@type\":\"BreadcrumbList\",\"@id\":\"https:\\\/\\\/erformance.eu\\\/et\\\/toode\\\/audi-a2-00-05-bagazines-dangcio-centrinio-uzrakto-pavara\\\/#breadcrumb\",\"itemListElement\":[{\"@type\":\"ListItem\",\"position\":1,\"name\":\"Home\",\"item\":\"https:\\\/\\\/erformance.eu\\\/et\\\/\"},{\"@type\":\"ListItem\",\"position\":2,\"name\":\"Pood\",\"item\":\"https:\\\/\\\/erformance.eu\\\/et\\\/pood\\\/\"},{\"@type\":\"ListItem\",\"position\":3,\"name\":\"Audi A2 00-05 baga\u017ein\u0117s dang\u010dio centrinio u\u017erakto pavara\"}]},{\"@type\":\"WebSite\",\"@id\":\"https:\\\/\\\/erformance.eu\\\/et\\\/#website\",\"url\":\"https:\\\/\\\/erformance.eu\\\/et\\\/\",\"name\":\"Erformance.eu\",\"description\":\"Automobili\u0173 dali\u0173 parduotuv\u0117\",\"potentialAction\":[{\"@type\":\"SearchAction\",\"target\":{\"@type\":\"EntryPoint\",\"urlTemplate\":\"https:\\\/\\\/erformance.eu\\\/et\\\/?s={search_term_string}\"},\"query-input\":{\"@type\":\"PropertyValueSpecification\",\"valueRequired\":true,\"valueName\":\"search_term_string\"}}],\"inLanguage\":\"et\"}]}<\/script>\n<!-- \/ Yoast SEO Premium plugin. -->","yoast_head_json":{"title":"Audi A2 00-05 baga\u017ein\u0117s dang\u010dio centrinio u\u017erakto pavara - Erformance.eu","robots":{"index":"index","follow":"follow","max-snippet":"max-snippet:-1","max-image-preview":"max-image-preview:large","max-video-preview":"max-video-preview:-1"},"canonical":"https:\/\/erformance.eu\/et\/toode\/audi-a2-00-05-bagazines-dangcio-centrinio-uzrakto-pavara\/","og_locale":"et_EE","og_type":"article","og_title":"Audi A2 00-05 baga\u017ein\u0117s dang\u010dio centrinio u\u017erakto pavara","og_description":"1. Prek\u0117: Centrinio baga\u017ein\u0117s dang\u010dio u\u017erakto pavara2. Gamintojas: pakeitimas3. Automobilis:   * Audi A4 B6 00-04   * Audi A4 B7 05-07   * Audi A2 00-054. K\u0117bulo tipas: sedanas \/ universalas","og_url":"https:\/\/erformance.eu\/et\/toode\/audi-a2-00-05-bagazines-dangcio-centrinio-uzrakto-pavara\/","og_site_name":"Erformance.eu","article_modified_time":"2026-03-05T17:36:27+00:00","og_image":[{"width":667,"height":500,"url":"https:\/\/erformance.eu\/wp-content\/uploads\/2026\/02\/pol_pm_Audi-A2-00-05-silownik-centralnego-zamka-klapy-bagaznika-13425_1.jpg","type":"image\/jpeg"}],"twitter_card":"summary_large_image","schema":{"@context":"https:\/\/schema.org","@graph":[{"@type":"WebPage","@id":"https:\/\/erformance.eu\/et\/toode\/audi-a2-00-05-bagazines-dangcio-centrinio-uzrakto-pavara\/","url":"https:\/\/erformance.eu\/et\/toode\/audi-a2-00-05-bagazines-dangcio-centrinio-uzrakto-pavara\/","name":"Audi A2 00-05 baga\u017ein\u0117s dang\u010dio centrinio u\u017erakto pavara - Erformance.eu","isPartOf":{"@id":"https:\/\/erformance.eu\/et\/#website"},"primaryImageOfPage":{"@id":"https:\/\/erformance.eu\/et\/toode\/audi-a2-00-05-bagazines-dangcio-centrinio-uzrakto-pavara\/#primaryimage"},"image":{"@id":"https:\/\/erformance.eu\/et\/toode\/audi-a2-00-05-bagazines-dangcio-centrinio-uzrakto-pavara\/#primaryimage"},"thumbnailUrl":"https:\/\/erformance.eu\/wp-content\/uploads\/2026\/02\/pol_pm_Audi-A2-00-05-silownik-centralnego-zamka-klapy-bagaznika-13425_1.jpg","datePublished":"2026-02-16T12:12:49+00:00","dateModified":"2026-03-05T17:36:27+00:00","breadcrumb":{"@id":"https:\/\/erformance.eu\/et\/toode\/audi-a2-00-05-bagazines-dangcio-centrinio-uzrakto-pavara\/#breadcrumb"},"inLanguage":"et","potentialAction":[{"@type":"ReadAction","target":["https:\/\/erformance.eu\/et\/toode\/audi-a2-00-05-bagazines-dangcio-centrinio-uzrakto-pavara\/"]}]},{"@type":"ImageObject","inLanguage":"et","@id":"https:\/\/erformance.eu\/et\/toode\/audi-a2-00-05-bagazines-dangcio-centrinio-uzrakto-pavara\/#primaryimage","url":"https:\/\/erformance.eu\/wp-content\/uploads\/2026\/02\/pol_pm_Audi-A2-00-05-silownik-centralnego-zamka-klapy-bagaznika-13425_1.jpg","contentUrl":"https:\/\/erformance.eu\/wp-content\/uploads\/2026\/02\/pol_pm_Audi-A2-00-05-silownik-centralnego-zamka-klapy-bagaznika-13425_1.jpg","width":667,"height":500},{"@type":"BreadcrumbList","@id":"https:\/\/erformance.eu\/et\/toode\/audi-a2-00-05-bagazines-dangcio-centrinio-uzrakto-pavara\/#breadcrumb","itemListElement":[{"@type":"ListItem","position":1,"name":"Home","item":"https:\/\/erformance.eu\/et\/"},{"@type":"ListItem","position":2,"name":"Pood","item":"https:\/\/erformance.eu\/et\/pood\/"},{"@type":"ListItem","position":3,"name":"Audi A2 00-05 baga\u017ein\u0117s dang\u010dio centrinio u\u017erakto pavara"}]},{"@type":"WebSite","@id":"https:\/\/erformance.eu\/et\/#website","url":"https:\/\/erformance.eu\/et\/","name":"Erformance.eu","description":"Automobili\u0173 dali\u0173 parduotuv\u0117","potentialAction":[{"@type":"SearchAction","target":{"@type":"EntryPoint","urlTemplate":"https:\/\/erformance.eu\/et\/?s={search_term_string}"},"query-input":{"@type":"PropertyValueSpecification","valueRequired":true,"valueName":"search_term_string"}}],"inLanguage":"et"}]}},"jetpack_sharing_enabled":true,"_links":{"self":[{"href":"https:\/\/erformance.eu\/et\/wp-json\/wp\/v2\/product\/61382","targetHints":{"allow":["GET"]}}],"collection":[{"href":"https:\/\/erformance.eu\/et\/wp-json\/wp\/v2\/product"}],"about":[{"href":"https:\/\/erformance.eu\/et\/wp-json\/wp\/v2\/types\/product"}],"replies":[{"embeddable":true,"href":"https:\/\/erformance.eu\/et\/wp-json\/wp\/v2\/comments?post=61382"}],"version-history":[{"count":1,"href":"https:\/\/erformance.eu\/et\/wp-json\/wp\/v2\/product\/61382\/revisions"}],"predecessor-version":[{"id":61385,"href":"https:\/\/erformance.eu\/et\/wp-json\/wp\/v2\/product\/61382\/revisions\/61385"}],"wp:featuredmedia":[{"embeddable":true,"href":"https:\/\/erformance.eu\/et\/wp-json\/wp\/v2\/media\/61383"}],"wp:attachment":[{"href":"https:\/\/erformance.eu\/et\/wp-json\/wp\/v2\/media?parent=61382"}],"wp:term":[{"taxonomy":"product_brand","embeddable":true,"href":"https:\/\/erformance.eu\/et\/wp-json\/wp\/v2\/product_brand?post=61382"},{"taxonomy":"product_cat","embeddable":true,"href":"https:\/\/erformance.eu\/et\/wp-json\/wp\/v2\/product_cat?post=61382"},{"taxonomy":"product_tag","embeddable":true,"href":"https:\/\/erformance.eu\/et\/wp-json\/wp\/v2\/product_tag?post=61382"}],"curies":[{"name":"wp","href":"https:\/\/api.w.org\/{rel}","templated":true}]}}