{"id":61548,"date":"2026-02-16T15:13:47","date_gmt":"2026-02-16T12:13:47","guid":{"rendered":"https:\/\/erformance.eu\/?post_type=product&#038;p=61548"},"modified":"2026-03-05T23:03:28","modified_gmt":"2026-03-05T20:03:28","slug":"audi-a3-8l-a4-b5-a6-c4-a6-c5-1-9-tdi-pakaitinimo-zvakiu-dirzai","status":"publish","type":"product","link":"https:\/\/erformance.eu\/et\/toode\/audi-a3-8l-a4-b5-a6-c4-a6-c5-1-9-tdi-pakaitinimo-zvakiu-dirzai\/","title":{"rendered":"Audi A3 8L A4 B5 A6 C4 A6 C5 1.9 TDI pakaitinimo \u017evaki\u0173 dir\u017eai"},"content":{"rendered":"<p>Prek\u0117: Kaitinimo \u017evaki\u0173 rinkinys<br \/>\nOEM numeris: 028971766<br \/>\nPASTABA: auk\u0161\u010diau pateikti numeriai yra original\u016bs dali\u0173 numeriai, kuriuos \u0161is pasi\u016blymas pakei\u010dia. Prie\u0161 pirkdami, palyginkite juos su originaliu dalies numeriu. Jei jie skiriasi net vienu simboliu, dalis netiks, neveiks arba veiks netinkamai. Tokiu atveju jos nepirkite.<br \/>\nAutomobilis:<br \/>\nAudi A3 (8L1), gamybos metai: 1996\u20132001<\/p>\n<p>Audi A3 (8L1) 1.9 TDI (AGR ALH) 1896ccm 90KM\/66kW 1996\/09-2001\/07<br \/>\nAudi A3 (8L1) 1.9 TDI (AHF ASV) 1896ccm 110KM\/81kW 1997\/08-2001\/07<\/p>\n<p>Audi A4 B5 (8D2), gamybos metai: 1995\u20132000<\/p>\n<p>Audi A4 B5 (8D2) 1.9 TDI (1Z AHH AHU) 1896ccm 90KM\/66kW 1995\/01-2000\/11<br \/>\nAudi A4 B5 (8D2) 1.9 TDI (AFN AVG) 1896ccm 110KM\/81kW 1995\/10-2000\/11<\/p>\n<p>Audi A4 B5 Avant (8D5), pagaminimo metai: 1996\u20132001<\/p>\n<p>Audi A4 B5 Avant (8D5) 1.9 TDI (1Z AHH AHU) 1896ccm 90KM\/66kW 1996\/02-2001\/09<br \/>\nAudi A4 B5 Avant (8D5) 1.9 TDI (AFN AVG) 1896ccm 110KM\/81kW 1996\/02-2001\/09<\/p>\n<p>Audi A6 C4 (4A2), gamybos metai: 1994-1997<\/p>\n<p>Audi A6 C4 (4A2) 1.9 TDI (1Z AHU) 1896ccm 90KM\/66kW 1994\/06-1997\/10<\/p>\n<p>Audi A6 C4 Avant (4A5), gamybos metai: 1994-1997<\/p>\n<p>Audi A6 C4 Avant (4A5) 1.9 TDI (1Z AHU) 1896ccm 90KM\/66kW 1994\/06-1997\/12<\/p>\n<p>Audi A6 C5 (4B2), gamybos metai: 1997\u20132000<\/p>\n<p>Audi A6 C5 (4B2) 1.9 TDI (AFN AVG) 1896ccm 110KM\/81kW 1997\/04-2000\/10<\/p>\n<p>Audi A6 C5 Avant (4B5), gamybos metai: 1998-2001<\/p>\n<p>Audi A6 C5 Avant (4B5) 1.9 TDI (AFN AVG) 1896ccm 110KM\/81kW 1998\/02-2001\/04<\/p>\n<p>Ford GALAXY I (WGR), gamybos metai: 1995\u20132006<\/p>\n<p>Ford GALAXY I (WGR) 1.9 TDI (1Z AHU ANU) 1896ccm 90KM\/66kW 1995\/03-2006\/05<br \/>\nFord GALAXY I (WGR) 1.9 TDI (AFN AVG) 1896ccm 110KM\/81kW 1997\/08-2000\/04<\/p>\n<p>Ford GALAXY MK I VAN (WGR), gamybos metai: 1996-2006<\/p>\n<p>Ford GALAXY MK I VAN (WGR) 1.9 TDi (AHU ANU) 1896ccm 90KM\/66kW 1996\/09-2006\/03<\/p>\n<p>Seat ALHAMBRA (7V8, 7V9), pagaminimo metai: 1996\u20132010<\/p>\n<p>S\u0117dyn\u0117 ALHAMBRA (7V8, 7V9) 1.9 TDI (1Z AHU ANU) 1896ccm 90KM\/66kW 1996\/04-2010\/03<br \/>\nSeat ALHAMBRA (7V8, 7V9) 1.9 TDI (AFN AVG) 1896ccm 110KM\/81kW 1996\/08-2000\/06<\/p>\n<p>S\u0117dyn\u0117 AROSA (6H1), pagaminimo metai: 1997\u20132004<\/p>\n<p>Seat AROSA (6H1) 1.7 SDI (AKU) 1716ccm 60KM\/44kW 1997\/08-2004\/06<\/p>\n<p>Seat CORDOBA (6K1, 6K2), pagaminimo metai: 1996\u20132002<\/p>\n<p>S\u0117dyn\u0117 CORDOBA (6K1, 6K2) 1.9 SDI (AEY) 1896ccm 64KM\/47kW 1996\/08-1999\/06<br \/>\nS\u0117dyn\u0117 CORDOBA (6K1, 6K2) 1.9 SDI (AGP AQM) 1896ccm 68KM\/50kW 1999\/06-2002\/10<br \/>\nS\u0117dyn\u0117 CORDOBA (6K1, 6K2) 1.9 TDI (1Z AGR AHU ALH) 1896ccm 90KM\/66kW 1996\/08-2002\/10<br \/>\nSEAT CORDOBA (6K1, 6K2) 1.9 TDI (AFN ASV) 1896ccm 110KM\/81kW 1997\/03-2002\/10<\/p>\n<p>Seat CORDOBA Vario (6K5), pagaminimo metai: 1996\u20132002<\/p>\n<p>S\u0117dyn\u0117 CORDOBA Vario (6K5) 1.9 SDI (AEY) 1896ccm 64KM\/47kW 1996\/09-1999\/06<br \/>\nSeat CORDOBA Vario (6K5) 1.9 SDI (AGP AQM) 1896ccm 68KM\/50kW 1999\/06-2002\/12<br \/>\nSeat CORDOBA Vario (6K5) 1.9 TDI (1Z AGR AHU ALH) 1896ccm 90KM\/66kW 1996\/08-2002\/12<br \/>\nSeat CORDOBA Vario (6K5) 1.9 TDI (AFN ASV) 1896ccm 110KM\/81kW 1997\/07-2002\/12<br \/>\nSeat CORDOBA Vario (6K5) 1.9 TDI (ASV) 1896ccm 110KM\/81kW 2000\/08-2002\/12<\/p>\n<p>Seat IBIZA II (6K1), rok produkcji: 1996-2002<\/p>\n<p>Seat IBIZA II (6K1) 1.9 SDI (AEY) 1896ccm 64KM\/47kW 1996\/08-1999\/08<br \/>\nSeat IBIZA II (6K1) 1.9 SDI (AGP AQM) 1896ccm 68KM\/50kW 1999\/08-2002\/02<br \/>\nSeat IBIZA II (6K1) 1.9 TDI (1Z AGR AHU ALH) 1896ccm 90KM\/66kW 1996\/08-2002\/02<br \/>\nSeat IBIZA II (6K1) 1.9 TDI (AFN ASV) 1896ccm 110KM\/81kW 1997\/02-2002\/02<\/p>\n<p>Seat INCA (6K9), rok produkcji: 1996-2003<\/p>\n<p>Seat INCA (6K9) 1.9 SDI (AEY AYQ) 1896ccm 64KM\/47kW 1995\/11-2003\/06<br \/>\nSeat INCA (6K9) 1.9 TDI (ALH) 1896ccm 90KM\/66kW 1996\/09-2003\/06<\/p>\n<p>Seat LEON (1M1), rok produkcji: 1999-2006<\/p>\n<p>Seat LEON (1M1) 1.9 SDI (AQM) 1896ccm 68KM\/50kW 1999\/11-2006\/06<br \/>\nSeat LEON (1M1) 1.9 TDI (AGR ALH) 1896ccm 90KM\/66kW 1999\/11-2006\/06<br \/>\nSeat LEON (1M1) 1.9 TDI (AHF ASV) 1896ccm 110KM\/81kW 1999\/11-2006\/06<\/p>\n<p>Seat TOLEDO I (1L2), rok produkcji: 1995-1999<\/p>\n<p>Seat TOLEDO I (1L2) 1.9 TDI (1Z AHU) 1896ccm 90KM\/66kW 1995\/08-1999\/03<br \/>\nSeat TOLEDO I (1L2) 1.9 TDI (AFN) 1896ccm 110KM\/81kW 1996\/11-1999\/03<\/p>\n<p>Seat TOLEDO II (1M2), rok produkcji: 1998-2004<\/p>\n<p>Seat TOLEDO II (1M2) 1.9 TDI (AGR ALH) 1896ccm 90KM\/66kW 1999\/03-2004\/07<br \/>\nSeat TOLEDO II (1M2) 1.9 TDI (AHF ASV) 1896ccm 110KM\/81kW 1998\/10-2004\/07<\/p>\n<p>Skoda OCTAVIA I (1U2), rok produkcji: 1996-2010<\/p>\n<p>Skoda OCTAVIA I (1U2) 1.9 SDI (AGP AQM) 1896ccm 68KM\/50kW 1997\/06-2003\/12<br \/>\nSkoda OCTAVIA I (1U2) 1.9 TDI (AGR ALH) 1896ccm 90KM\/66kW 1996\/09-2010\/03<br \/>\nSkoda OCTAVIA I (1U2) 1.9 TDI (AHF ASV) 1896ccm 110KM\/81kW 1997\/08-2006\/01<\/p>\n<p>Skoda OCTAVIA I Combi (1U5), rok produkcji: 1998-2010<\/p>\n<p>Skoda OCTAVIA I Combi (1U5) 1.9 SDI (AGP AQM) 1896ccm 68KM\/50kW 1998\/07-2003\/12<br \/>\nSkoda OCTAVIA I Combi (1U5) 1.9 TDI (AGR ALH) 1896ccm 90KM\/66kW 1998\/07-2010\/03<br \/>\nSkoda OCTAVIA I Combi (1U5) 1.9 TDI (AHF ASV) 1896ccm 110KM\/81kW 1998\/07-2006\/01<br \/>\nSkoda OCTAVIA I Combi (1U5) 1.9 TDI 4&#215;4 (AGR) 1896ccm 90KM\/66kW 1999\/11-2006\/02<\/p>\n<p>Skoda OCTAVIA I nadwozie zamkni\u0119te \/ kombi (1U5), rok produkcji: 2000-2010<\/p>\n<p>Skoda OCTAVIA I nadwozie zamkni\u0119te \/ kombi (1U5) 1.9 D (AQM) 1896ccm 68KM\/50kW 2000\/08-2003\/12<br \/>\nSkoda OCTAVIA I nadwozie zamkni\u0119te \/ kombi (1U5) 1.9 TDI (ALH) 1896ccm 90KM\/66kW 2000\/08-2010\/03<\/p>\n<p>Volkswagen BORA I (1J2), rok produkcji: 1998-2005<\/p>\n<p>Volkswagen BORA I (1J2) 1.9 SDI (AGP AQM) 1896ccm 68KM\/50kW 1998\/10-2005\/05<br \/>\nVolkswagen BORA I (1J2) 1.9 TDI (AGR ALH) 1896ccm 90KM\/66kW 1998\/10-2005\/05<br \/>\nVolkswagen BORA I (1J2) 1.9 TDI (AHF ASV) 1896ccm 110KM\/81kW 1998\/10-2001\/06<br \/>\nVolkswagen BORA I (1J2) 1.9 TDI 4motion (AGR) 1896ccm 90KM\/66kW 1998\/11-2002\/04<\/p>\n<p>Volkswagen BORA Variant (1J6), rok produkcji: 1999-2005<\/p>\n<p>Volkswagen BORA Variant (1J6) 1.9 TDI (AGR ALH) 1896ccm 90KM\/66kW 2004\/07-2005\/05<br \/>\nVolkswagen BORA Variant (1J6) 1.9 TDI (AHF ASV) 1896ccm 110KM\/81kW 1999\/05-2001\/06<\/p>\n<p>Volkswagen CADDY II Nadwozie pe\u0142ne\/minivan (9K9A), rok produkcji: 1995-2004<\/p>\n<p>Volkswagen CADDY II Nadwozie pe\u0142ne\/minivan (9K9A) 1.7 SDI (AHB) 1715ccm 57KM\/42kW 1996\/07-2000\/09<br \/>\nVolkswagen CADDY II Nadwozie pe\u0142ne\/minivan (9K9A) 1.9 SDI (AEY AYQ) 1896ccm 64KM\/47kW 1995\/11-2004\/01<br \/>\nVolkswagen CADDY II Nadwozie pe\u0142ne\/minivan (9K9A) 1.9 TDI (1Z AHU ALE ALH) 1896ccm 90KM\/66kW 1996\/09-2004\/01<\/p>\n<p>Volkswagen CADDY II nadwozie wielkoprzestrzenne (MPV) (9K9B), rok produkcji: 1995-2004<\/p>\n<p>Volkswagen CADDY II nadwozie wielkoprzestrzenne (MPV) (9K9B) 1.7 SDI (AHB) 1715ccm 57KM\/42kW 1996\/07-2000\/09<br \/>\nVolkswagen CADDY II nadwozie wielkoprzestrzenne (MPV) (9K9B) 1.9 SDI (AEY AYQ) 1896ccm 64KM\/47kW 1995\/11-2004\/01<br \/>\nVolkswagen CADDY II nadwozie wielkoprzestrzenne (MPV) (9K9B) 1.9 TDI (1Z AHU ALE ALH) 1896ccm 90KM\/66kW 1996\/10-2004\/01<\/p>\n<p>Volkswagen GOLF III (1H1), rok produkcji: 1993-1997<\/p>\n<p>Volkswagen GOLF III (1H1) 1.9 SDI (AEY) 1896ccm 64KM\/47kW 1995\/07-1997\/08<br \/>\nVolkswagen GOLF III (1H1) 1.9 TDI (1Z AHU ALE) 1896ccm 90KM\/66kW 1993\/08-1997\/08<br \/>\nVolkswagen GOLF III (1H1) 1.9 TDI (AFN) 1896ccm 110KM\/81kW 1996\/04-1997\/08<br \/>\nVolkswagen GOLF III (1H1) 1.9 TDI Syncro (1HX1) (1Z AHU ALE) 1896ccm 90KM\/66kW 1995\/08-1997\/08<\/p>\n<p>Volkswagen GOLF III Cabriolet (1E7), rok produkcji: 1995-1998<\/p>\n<p>Volkswagen GOLF III Cabriolet (1E7) 1.9 TDI (1Z AHU ALE) 1896ccm 90KM\/66kW 1995\/08-1998\/05<br \/>\nVolkswagen GOLF III Cabriolet (1E7) 1.9 TDI (AFN) 1896ccm 110KM\/81kW 1996\/07-1998\/05<\/p>\n<p>Volkswagen GOLF III Van (1H1), rok produkcji: 1991-1997<\/p>\n<p>Volkswagen GOLF III Van (1H1) 1.9 SDI (AEY) 1896ccm 64KM\/47kW 1995\/08-1997\/09<br \/>\nVolkswagen GOLF III Van (1H1) 1.9 TDI (1Z) 1896ccm 90KM\/66kW 1991\/08-1997\/09<\/p>\n<p>Volkswagen GOLF III Variant (1H5), rok produkcji: 1994-1999<\/p>\n<p>Volkswagen GOLF III Variant (1H5) 1.9 SDI (AEY) 1896ccm 64KM\/47kW 1995\/07-1999\/04<br \/>\nVolkswagen GOLF III Variant (1H5) 1.9 TDI (1Z AHU ALE) 1896ccm 90KM\/66kW 1994\/03-1999\/04<br \/>\nVolkswagen GOLF III Variant (1H5) 1.9 TDI (AFN) 1896ccm 110KM\/81kW 1996\/04-1999\/04<br \/>\nVolkswagen GOLF III Variant (1H5) 1.9 TDI Syncro (1Z AHU ALE) 1896ccm 90KM\/66kW 1995\/07-1999\/04<\/p>\n<p>Volkswagen GOLF Van III Variant (1H5), rok produkcji: 1993-1999<\/p>\n<p>Volkswagen GOLF Van III Variant (1H5) 1.9 SDI (AEY) 1896ccm 64KM\/47kW 1995\/07-1999\/02<br \/>\nVolkswagen GOLF Van III Variant (1H5) 1.9 TDI (1Z AHU) 1896ccm 90KM\/66kW 1993\/08-1999\/12<br \/>\nVolkswagen GOLF Van III Variant (1H5) 1.9 TDI (AFN) 1896ccm 110KM\/81kW 1996\/05-1999\/02<\/p>\n<p>Volkswagen GOLF IV (1J1), rok produkcji: 1997-2005<\/p>\n<p>Volkswagen GOLF IV (1J1) 1.9 SDI (AGP AQM) 1896ccm 68KM\/50kW 1997\/08-2005\/06<br \/>\nVolkswagen GOLF IV (1J1) 1.9 TDI (AGR ALH) 1896ccm 90KM\/66kW 1997\/10-2004\/05<br \/>\nVolkswagen GOLF IV (1J1) 1.9 TDI (AHF ASV) 1896ccm 110KM\/81kW 1997\/08-2004\/05<br \/>\nVolkswagen GOLF IV (1J1) 1.9 TDI 4motion (AGR) 1896ccm 90KM\/66kW 1998\/07-2002\/04<\/p>\n<p>Volkswagen GOLF IV Cabriolet (1E7), rok produkcji: 1998-2002<\/p>\n<p>Volkswagen GOLF IV Cabriolet (1E7) 1.9 TDI (AFN AVG) 1896ccm 110KM\/81kW 1998\/06-2002\/06<br \/>\nVolkswagen GOLF IV Cabriolet (1E7) 1.9 TDI (AHU ALE) 1896ccm 90KM\/66kW 1998\/06-2002\/06<\/p>\n<p>Volkswagen GOLF IV Van (1J1), rok produkcji: 1997-2004<\/p>\n<p>Volkswagen GOLF IV Van (1J1) 1.9 SDI (AQM) 1896ccm 68KM\/50kW 1998\/11-2004\/05<br \/>\nVolkswagen GOLF IV Van (1J1) 1.9 TDI (AGR) 1896ccm 90KM\/66kW 2000\/05-2002\/09<br \/>\nVolkswagen GOLF IV Van (1J1) 1.9 TDI (AHF) 1896ccm 110KM\/81kW 1997\/10-2004\/05<\/p>\n<p>Volkswagen GOLF IV Variant (1J5), rok produkcji: 1999-2006<\/p>\n<p>Volkswagen GOLF IV Variant (1J5) 1.9 SDI (AGP AQM) 1896ccm 68KM\/50kW 1999\/05-2006\/06<br \/>\nVolkswagen GOLF IV Variant (1J5) 1.9 TDI (AGR ALH) 1896ccm 90KM\/66kW 1999\/05-2006\/05<br \/>\nVolkswagen GOLF IV Variant (1J5) 1.9 TDI (AHF ASV) 1896ccm 110KM\/81kW 1999\/05-2001\/06<br \/>\nVolkswagen GOLF IV Variant (1J5) 1.9 TDI 4motion (AGR) 1896ccm 90KM\/66kW 1999\/05-2002\/04<\/p>\n<p>Volkswagen GOLF VAN IV Variant (1J5), rok produkcji: 1999-2006<\/p>\n<p>Volkswagen GOLF VAN IV Variant (1J5) 1.9 SDI (AQM) 1896ccm 68KM\/50kW 1999\/05-2006\/05<br \/>\nVolkswagen GOLF VAN IV Variant (1J5) 1.9 TDI (AGR ALH) 1896ccm 90KM\/66kW 1999\/05-2006\/05<br \/>\nVolkswagen GOLF VAN IV Variant (1J5) 1.9 TDI (AHF ASV) 1896ccm 110KM\/81kW 1999\/05-2006\/05<\/p>\n<p>Volkswagen LUPO I (6X1, 6E1), rok produkcji: 1998-2005<\/p>\n<p>Volkswagen LUPO I (6X1, 6E1) 1.7 SDI (AKU) 1716ccm 60KM\/44kW 1998\/09-2005\/07<\/p>\n<p>Volkswagen NEW BEETLE (9C1, 1C1), rok produkcji: 1998-2004<\/p>\n<p>Volkswagen NEW BEETLE (9C1, 1C1) 1.9 TDI (ALH) 1896ccm 90KM\/66kW 1998\/01-2004\/06<\/p>\n<p>Volkswagen PASSAT B3\/B4 (3A2, 35I), rok produkcji: 1993-1996<\/p>\n<p>Volkswagen PASSAT B3\/B4 (3A2, 35I) 1.9 TDI (1Z AHU) 1896ccm 90KM\/66kW 1993\/10-1996\/08<br \/>\nVolkswagen PASSAT B3\/B4 (3A2, 35I) 1.9 TDI (AFN) 1896ccm 110KM\/81kW 1996\/03-1996\/08<\/p>\n<p>Volkswagen PASSAT B3\/B4 Variant (3A5, 35I), rok produkcji: 1993-1997<\/p>\n<p>Volkswagen PASSAT B3\/B4 Variant (3A5, 35I) 1.9 TDI (1Z AHU) 1896ccm 90KM\/66kW 1993\/10-1997\/05<br \/>\nVolkswagen PASSAT B3\/B4 Variant (3A5, 35I) 1.9 TDI (AFN) 1896ccm 110KM\/81kW 1996\/03-1997\/05<\/p>\n<p>Volkswagen PASSAT B5 (3B2), rok produkcji: 1996-2000<\/p>\n<p>Volkswagen PASSAT B5 (3B2) 1.9 TDI (AFN AVG) 1896ccm 110KM\/81kW 1996\/10-2000\/11<br \/>\nVolkswagen PASSAT B5 (3B2) 1.9 TDI (AHH AHU) 1896ccm 90KM\/66kW 1996\/10-2000\/11<\/p>\n<p>Volkswagen PASSAT B5 Variant (3B5), rok produkcji: 1997-2000<\/p>\n<p>Volkswagen PASSAT B5 Variant (3B5) 1.9 TDI (AFN AVG) 1896ccm 110KM\/81kW 1997\/06-2000\/11<br \/>\nVolkswagen PASSAT B5 Variant (3B5) 1.9 TDI (AHH AHU) 1896ccm 90KM\/66kW 1997\/06-2000\/11<\/p>\n<p>Volkswagen POLO (6N2), rok produkcji: 1999-2001<\/p>\n<p>Volkswagen POLO (6N2) 1.7 SDI (AKU) 1716ccm 60KM\/44kW 1999\/10-2001\/09<br \/>\nVolkswagen POLO (6N2) 1.9 SDI (AGD ASX) 1896ccm 64KM\/47kW 1999\/10-2001\/09<\/p>\n<p>Volkswagen POLO III (6N1), rok produkcji: 1996-1999<\/p>\n<p>Volkswagen POLO III (6N1) 1.7 SDI (AHG) 1716ccm 57KM\/42kW 1997\/04-1999\/10<br \/>\nVolkswagen POLO III (6N1) 64 1.9 SDI (AGD) 1896ccm 64KM\/47kW 1996\/07-1999\/10<\/p>\n<p>Volkswagen POLO III CLASSIC (6V2), rok produkcji: 1995-2001<\/p>\n<p>Volkswagen POLO III CLASSIC (6V2) 57 1.7 SDI (AKW) 1715ccm 57KM\/42kW 1997\/07-2001\/09<br \/>\nVolkswagen POLO III CLASSIC (6V2) 64 1.9 SDI (AEY) 1896ccm 64KM\/47kW 1995\/12-1999\/08<br \/>\nVolkswagen POLO III CLASSIC (6V2) 68 1.9 SDI (AGP AQM) 1896ccm 68KM\/50kW 1999\/08-2002\/01<br \/>\nVolkswagen POLO III CLASSIC (6V2) 90 1.9 TDI (AGR AHU ALE ALH) 1896ccm 90KM\/66kW 1996\/09-2001\/09<\/p>\n<p>Volkswagen POLO Van Furgon \/ liftback (6N1), rok produkcji: 1996-1999<\/p>\n<p>Volkswagen POLO Van Furgon \/ liftback (6N1) 1.7 SDI (AKU) 1716ccm 60KM\/44kW 1997\/08-1999\/12<br \/>\nVolkswagen POLO Van Furgon \/ liftback (6N1) 1.9 SDI (AEY) 1896ccm 64KM\/47kW 1996\/07-1999\/12<\/p>\n<p>Volkswagen POLO Van nadwozie zamkni\u0119te \/ kombi (6V5), rok produkcji: 1996-2001<\/p>\n<p>Volkswagen POLO Van nadwozie zamkni\u0119te \/ kombi (6V5) 1.7 SDI (AKU) 1716ccm 60KM\/44kW 1997\/08-1999\/12<br \/>\nVolkswagen POLO Van nadwozie zamkni\u0119te \/ kombi (6V5) 1.9 SDI (AEY) 1896ccm 64KM\/47kW 1996\/05-1996\/08<br \/>\nVolkswagen POLO Van nadwozie zamkni\u0119te \/ kombi (6V5) 1.9 SDI (AGP AQM) 1896ccm 68KM\/50kW 1999\/10-2001\/09<\/p>\n<p>Volkswagen POLO Variant (6V5), rok produkcji: 1997-2001<\/p>\n<p>Volkswagen POLO Variant (6V5) 1.7 SDI (AKW) 1715ccm 57KM\/42kW 1997\/08-2001\/09<br \/>\nVolkswagen POLO Variant (6V5) 1.9 SDI (AEY) 1896ccm 64KM\/47kW 1997\/06-2001\/09<br \/>\nVolkswagen POLO Variant (6V5) 1.9 SDI (AGP AQM) 1896ccm 68KM\/50kW 1999\/08-2001\/09<br \/>\nVolkswagen POLO Variant (6V5) 1.9 TDI (AFN ASV) 1896ccm 110KM\/81kW 1998\/06-2001\/09<br \/>\nVolkswagen POLO Variant (6V5) 1.9 TDI (AGR AHU ALE ALH) 1896ccm 90KM\/66kW 1997\/05-2001\/09<\/p>\n<p>Volkswagen SHARAN (7M8, 7M9, 7M6), rok produkcji: 1995-2010<\/p>\n<p>Volkswagen SHARAN (7M8, 7M9, 7M6) 1.9 TDI (1Z AHU ANU) 1896ccm 90KM\/66kW 1995\/09-2010\/03<br \/>\nVolkswagen SHARAN (7M8, 7M9, 7M6) 1.9 TDI (AFN AVG) 1896ccm 110KM\/81kW 1996\/09-2000\/04<\/p>\n<p>Volkswagen VENTO (1H2), rok produkcji: 1993-1998<\/p>\n<p>Volkswagen VENTO (1H2) 1.9 SDI (AEY) 1896ccm 64KM\/47kW 1997\/04-1998\/09<br \/>\nVolkswagen VENTO (1H2) 1.9 TDI (1Z AHU ALE) 1896ccm 90KM\/66kW 1993\/09-1998\/09<br \/>\nVolkswagen VENTO (1H2) 1.9 TDI (AFN) 1896ccm 110KM\/81kW 1996\/04-1998\/09<\/p>\n<p>Producent: zamiennik<br \/>\nStan techniczny: przedmiot jest fabrycznie NOWY, nieu\u017cywany, nieuszkodzony i niezniszczony<br \/>\nUwaga!<\/p>\n<p>Wersja silnika: 1.9 TDI \/ 1.9 SDI \/ 1.7 SDI<br \/>\nKod silnika: 1Z \/ AEF \/ AEY \/ AFN \/ AGD \/ AGP \/ AGR \/ AHB \/ AHF \/ AHG \/ AHU \/ AKU \/ AKW \/ ALE \/ ALH \/ ANU \/ AQM \/ ASV \/ ASX \/ AUB<\/p>\n","protected":false},"excerpt":{"rendered":"<p>1. Prek\u0117: Kaitinimo \u017evaki\u0173 rinkinys2. Gamintojas: pakeitimas3. Automobilis:     * Audi A3 8L 96-01     * Audi A4 B5 95-01     * Audi A6 C4 94-97     * Audi A6 C5 97-014. Variklis: 1,9 TDI<\/p>\n","protected":false},"featured_media":61549,"comment_status":"open","ping_status":"closed","template":"","meta":[],"product_brand":[],"product_cat":[3905,186,390,394,144,3908,3916,3917,3945,3948,3955,3956,4150,4153,4160,4161],"product_tag":[],"class_list":{"0":"post-61548","1":"product","2":"type-product","3":"status-publish","4":"has-post-thumbnail","6":"product_cat-audi-a3-8l","7":"product_cat-a3","8":"product_cat-audi-a4","9":"product_cat-audi-a6","10":"product_cat-audi","11":"product_cat-audi-a4-b5","12":"product_cat-audi-a6-c4","13":"product_cat-audi-a6-c5","14":"product_cat-audi-a3-8l-isores-dalys","15":"product_cat-audi-a4-b5-isores-dalys","16":"product_cat-audi-a6-c4-isores-dalys","17":"product_cat-audi-a6-c5-isores-dalys","18":"product_cat-audi-a3-8l-isores-kitos-dalys","19":"product_cat-audi-a4-b5-isores-kitos-dalys","20":"product_cat-audi-a6-c4-isores-kitos-dalys","21":"product_cat-audi-a6-c5-isores-kitos-dalys","23":"first","24":"instock","25":"shipping-taxable","26":"purchasable","27":"product-type-simple"},"yoast_head":"<!-- This site is optimized with the Yoast SEO Premium plugin v25.2 (Yoast SEO v27.4) - https:\/\/yoast.com\/product\/yoast-seo-premium-wordpress\/ -->\n<title>Audi A3 8L A4 B5 A6 C4 A6 C5 1.9 TDI pakaitinimo \u017evaki\u0173 dir\u017eai - Erformance.eu<\/title>\n<meta name=\"robots\" content=\"index, follow, max-snippet:-1, max-image-preview:large, max-video-preview:-1\" \/>\n<link rel=\"canonical\" href=\"https:\/\/erformance.eu\/et\/toode\/audi-a3-8l-a4-b5-a6-c4-a6-c5-1-9-tdi-pakaitinimo-zvakiu-dirzai\/\" \/>\n<meta property=\"og:locale\" content=\"et_EE\" \/>\n<meta property=\"og:type\" content=\"article\" \/>\n<meta property=\"og:title\" content=\"Audi A3 8L A4 B5 A6 C4 A6 C5 1.9 TDI pakaitinimo \u017evaki\u0173 dir\u017eai\" \/>\n<meta property=\"og:description\" content=\"1. Prek\u0117: Kaitinimo \u017evaki\u0173 rinkinys2. Gamintojas: pakeitimas3. Automobilis:   * Audi A3 8L 96-01   * Audi A4 B5 95-01   * Audi A6 C4 94-97   * Audi A6 C5 97-014. Variklis: 1,9 TDI\" \/>\n<meta property=\"og:url\" content=\"https:\/\/erformance.eu\/et\/toode\/audi-a3-8l-a4-b5-a6-c4-a6-c5-1-9-tdi-pakaitinimo-zvakiu-dirzai\/\" \/>\n<meta property=\"og:site_name\" content=\"Erformance.eu\" \/>\n<meta property=\"article:modified_time\" content=\"2026-03-05T20:03:28+00:00\" \/>\n<meta property=\"og:image\" content=\"https:\/\/erformance.eu\/wp-content\/uploads\/2026\/02\/pol_pm_Audi-A3-8L-A4-B5-A6-C4-A6-C5-1-9-TDI-wiazka-swiec-zarowych-25106_1.jpg\" \/>\n\t<meta property=\"og:image:width\" content=\"900\" \/>\n\t<meta property=\"og:image:height\" content=\"900\" \/>\n\t<meta property=\"og:image:type\" content=\"image\/jpeg\" \/>\n<meta name=\"twitter:card\" content=\"summary_large_image\" \/>\n<meta name=\"twitter:label1\" content=\"Est. reading time\" \/>\n\t<meta name=\"twitter:data1\" content=\"10 minutit\" \/>\n<script type=\"application\/ld+json\" class=\"yoast-schema-graph\">{\"@context\":\"https:\\\/\\\/schema.org\",\"@graph\":[{\"@type\":\"WebPage\",\"@id\":\"https:\\\/\\\/erformance.eu\\\/et\\\/toode\\\/audi-a3-8l-a4-b5-a6-c4-a6-c5-1-9-tdi-pakaitinimo-zvakiu-dirzai\\\/\",\"url\":\"https:\\\/\\\/erformance.eu\\\/et\\\/toode\\\/audi-a3-8l-a4-b5-a6-c4-a6-c5-1-9-tdi-pakaitinimo-zvakiu-dirzai\\\/\",\"name\":\"Audi A3 8L A4 B5 A6 C4 A6 C5 1.9 TDI pakaitinimo \u017evaki\u0173 dir\u017eai - Erformance.eu\",\"isPartOf\":{\"@id\":\"https:\\\/\\\/erformance.eu\\\/et\\\/#website\"},\"primaryImageOfPage\":{\"@id\":\"https:\\\/\\\/erformance.eu\\\/et\\\/toode\\\/audi-a3-8l-a4-b5-a6-c4-a6-c5-1-9-tdi-pakaitinimo-zvakiu-dirzai\\\/#primaryimage\"},\"image\":{\"@id\":\"https:\\\/\\\/erformance.eu\\\/et\\\/toode\\\/audi-a3-8l-a4-b5-a6-c4-a6-c5-1-9-tdi-pakaitinimo-zvakiu-dirzai\\\/#primaryimage\"},\"thumbnailUrl\":\"https:\\\/\\\/erformance.eu\\\/wp-content\\\/uploads\\\/2026\\\/02\\\/pol_pm_Audi-A3-8L-A4-B5-A6-C4-A6-C5-1-9-TDI-wiazka-swiec-zarowych-25106_1.jpg\",\"datePublished\":\"2026-02-16T12:13:47+00:00\",\"dateModified\":\"2026-03-05T20:03:28+00:00\",\"breadcrumb\":{\"@id\":\"https:\\\/\\\/erformance.eu\\\/et\\\/toode\\\/audi-a3-8l-a4-b5-a6-c4-a6-c5-1-9-tdi-pakaitinimo-zvakiu-dirzai\\\/#breadcrumb\"},\"inLanguage\":\"et\",\"potentialAction\":[{\"@type\":\"ReadAction\",\"target\":[\"https:\\\/\\\/erformance.eu\\\/et\\\/toode\\\/audi-a3-8l-a4-b5-a6-c4-a6-c5-1-9-tdi-pakaitinimo-zvakiu-dirzai\\\/\"]}]},{\"@type\":\"ImageObject\",\"inLanguage\":\"et\",\"@id\":\"https:\\\/\\\/erformance.eu\\\/et\\\/toode\\\/audi-a3-8l-a4-b5-a6-c4-a6-c5-1-9-tdi-pakaitinimo-zvakiu-dirzai\\\/#primaryimage\",\"url\":\"https:\\\/\\\/erformance.eu\\\/wp-content\\\/uploads\\\/2026\\\/02\\\/pol_pm_Audi-A3-8L-A4-B5-A6-C4-A6-C5-1-9-TDI-wiazka-swiec-zarowych-25106_1.jpg\",\"contentUrl\":\"https:\\\/\\\/erformance.eu\\\/wp-content\\\/uploads\\\/2026\\\/02\\\/pol_pm_Audi-A3-8L-A4-B5-A6-C4-A6-C5-1-9-TDI-wiazka-swiec-zarowych-25106_1.jpg\",\"width\":900,\"height\":900},{\"@type\":\"BreadcrumbList\",\"@id\":\"https:\\\/\\\/erformance.eu\\\/et\\\/toode\\\/audi-a3-8l-a4-b5-a6-c4-a6-c5-1-9-tdi-pakaitinimo-zvakiu-dirzai\\\/#breadcrumb\",\"itemListElement\":[{\"@type\":\"ListItem\",\"position\":1,\"name\":\"Home\",\"item\":\"https:\\\/\\\/erformance.eu\\\/et\\\/\"},{\"@type\":\"ListItem\",\"position\":2,\"name\":\"Pood\",\"item\":\"https:\\\/\\\/erformance.eu\\\/et\\\/pood\\\/\"},{\"@type\":\"ListItem\",\"position\":3,\"name\":\"Audi A3 8L A4 B5 A6 C4 A6 C5 1.9 TDI pakaitinimo \u017evaki\u0173 dir\u017eai\"}]},{\"@type\":\"WebSite\",\"@id\":\"https:\\\/\\\/erformance.eu\\\/et\\\/#website\",\"url\":\"https:\\\/\\\/erformance.eu\\\/et\\\/\",\"name\":\"Erformance.eu\",\"description\":\"Automobili\u0173 dali\u0173 parduotuv\u0117\",\"potentialAction\":[{\"@type\":\"SearchAction\",\"target\":{\"@type\":\"EntryPoint\",\"urlTemplate\":\"https:\\\/\\\/erformance.eu\\\/et\\\/?s={search_term_string}\"},\"query-input\":{\"@type\":\"PropertyValueSpecification\",\"valueRequired\":true,\"valueName\":\"search_term_string\"}}],\"inLanguage\":\"et\"}]}<\/script>\n<!-- \/ Yoast SEO Premium plugin. -->","yoast_head_json":{"title":"Audi A3 8L A4 B5 A6 C4 A6 C5 1.9 TDI pakaitinimo \u017evaki\u0173 dir\u017eai - Erformance.eu","robots":{"index":"index","follow":"follow","max-snippet":"max-snippet:-1","max-image-preview":"max-image-preview:large","max-video-preview":"max-video-preview:-1"},"canonical":"https:\/\/erformance.eu\/et\/toode\/audi-a3-8l-a4-b5-a6-c4-a6-c5-1-9-tdi-pakaitinimo-zvakiu-dirzai\/","og_locale":"et_EE","og_type":"article","og_title":"Audi A3 8L A4 B5 A6 C4 A6 C5 1.9 TDI pakaitinimo \u017evaki\u0173 dir\u017eai","og_description":"1. Prek\u0117: Kaitinimo \u017evaki\u0173 rinkinys2. Gamintojas: pakeitimas3. Automobilis:   * Audi A3 8L 96-01   * Audi A4 B5 95-01   * Audi A6 C4 94-97   * Audi A6 C5 97-014. Variklis: 1,9 TDI","og_url":"https:\/\/erformance.eu\/et\/toode\/audi-a3-8l-a4-b5-a6-c4-a6-c5-1-9-tdi-pakaitinimo-zvakiu-dirzai\/","og_site_name":"Erformance.eu","article_modified_time":"2026-03-05T20:03:28+00:00","og_image":[{"width":900,"height":900,"url":"https:\/\/erformance.eu\/wp-content\/uploads\/2026\/02\/pol_pm_Audi-A3-8L-A4-B5-A6-C4-A6-C5-1-9-TDI-wiazka-swiec-zarowych-25106_1.jpg","type":"image\/jpeg"}],"twitter_card":"summary_large_image","twitter_misc":{"Est. reading time":"10 minutit"},"schema":{"@context":"https:\/\/schema.org","@graph":[{"@type":"WebPage","@id":"https:\/\/erformance.eu\/et\/toode\/audi-a3-8l-a4-b5-a6-c4-a6-c5-1-9-tdi-pakaitinimo-zvakiu-dirzai\/","url":"https:\/\/erformance.eu\/et\/toode\/audi-a3-8l-a4-b5-a6-c4-a6-c5-1-9-tdi-pakaitinimo-zvakiu-dirzai\/","name":"Audi A3 8L A4 B5 A6 C4 A6 C5 1.9 TDI pakaitinimo \u017evaki\u0173 dir\u017eai - Erformance.eu","isPartOf":{"@id":"https:\/\/erformance.eu\/et\/#website"},"primaryImageOfPage":{"@id":"https:\/\/erformance.eu\/et\/toode\/audi-a3-8l-a4-b5-a6-c4-a6-c5-1-9-tdi-pakaitinimo-zvakiu-dirzai\/#primaryimage"},"image":{"@id":"https:\/\/erformance.eu\/et\/toode\/audi-a3-8l-a4-b5-a6-c4-a6-c5-1-9-tdi-pakaitinimo-zvakiu-dirzai\/#primaryimage"},"thumbnailUrl":"https:\/\/erformance.eu\/wp-content\/uploads\/2026\/02\/pol_pm_Audi-A3-8L-A4-B5-A6-C4-A6-C5-1-9-TDI-wiazka-swiec-zarowych-25106_1.jpg","datePublished":"2026-02-16T12:13:47+00:00","dateModified":"2026-03-05T20:03:28+00:00","breadcrumb":{"@id":"https:\/\/erformance.eu\/et\/toode\/audi-a3-8l-a4-b5-a6-c4-a6-c5-1-9-tdi-pakaitinimo-zvakiu-dirzai\/#breadcrumb"},"inLanguage":"et","potentialAction":[{"@type":"ReadAction","target":["https:\/\/erformance.eu\/et\/toode\/audi-a3-8l-a4-b5-a6-c4-a6-c5-1-9-tdi-pakaitinimo-zvakiu-dirzai\/"]}]},{"@type":"ImageObject","inLanguage":"et","@id":"https:\/\/erformance.eu\/et\/toode\/audi-a3-8l-a4-b5-a6-c4-a6-c5-1-9-tdi-pakaitinimo-zvakiu-dirzai\/#primaryimage","url":"https:\/\/erformance.eu\/wp-content\/uploads\/2026\/02\/pol_pm_Audi-A3-8L-A4-B5-A6-C4-A6-C5-1-9-TDI-wiazka-swiec-zarowych-25106_1.jpg","contentUrl":"https:\/\/erformance.eu\/wp-content\/uploads\/2026\/02\/pol_pm_Audi-A3-8L-A4-B5-A6-C4-A6-C5-1-9-TDI-wiazka-swiec-zarowych-25106_1.jpg","width":900,"height":900},{"@type":"BreadcrumbList","@id":"https:\/\/erformance.eu\/et\/toode\/audi-a3-8l-a4-b5-a6-c4-a6-c5-1-9-tdi-pakaitinimo-zvakiu-dirzai\/#breadcrumb","itemListElement":[{"@type":"ListItem","position":1,"name":"Home","item":"https:\/\/erformance.eu\/et\/"},{"@type":"ListItem","position":2,"name":"Pood","item":"https:\/\/erformance.eu\/et\/pood\/"},{"@type":"ListItem","position":3,"name":"Audi A3 8L A4 B5 A6 C4 A6 C5 1.9 TDI pakaitinimo \u017evaki\u0173 dir\u017eai"}]},{"@type":"WebSite","@id":"https:\/\/erformance.eu\/et\/#website","url":"https:\/\/erformance.eu\/et\/","name":"Erformance.eu","description":"Automobili\u0173 dali\u0173 parduotuv\u0117","potentialAction":[{"@type":"SearchAction","target":{"@type":"EntryPoint","urlTemplate":"https:\/\/erformance.eu\/et\/?s={search_term_string}"},"query-input":{"@type":"PropertyValueSpecification","valueRequired":true,"valueName":"search_term_string"}}],"inLanguage":"et"}]}},"jetpack_sharing_enabled":true,"_links":{"self":[{"href":"https:\/\/erformance.eu\/et\/wp-json\/wp\/v2\/product\/61548","targetHints":{"allow":["GET"]}}],"collection":[{"href":"https:\/\/erformance.eu\/et\/wp-json\/wp\/v2\/product"}],"about":[{"href":"https:\/\/erformance.eu\/et\/wp-json\/wp\/v2\/types\/product"}],"replies":[{"embeddable":true,"href":"https:\/\/erformance.eu\/et\/wp-json\/wp\/v2\/comments?post=61548"}],"version-history":[{"count":1,"href":"https:\/\/erformance.eu\/et\/wp-json\/wp\/v2\/product\/61548\/revisions"}],"predecessor-version":[{"id":61555,"href":"https:\/\/erformance.eu\/et\/wp-json\/wp\/v2\/product\/61548\/revisions\/61555"}],"wp:featuredmedia":[{"embeddable":true,"href":"https:\/\/erformance.eu\/et\/wp-json\/wp\/v2\/media\/61549"}],"wp:attachment":[{"href":"https:\/\/erformance.eu\/et\/wp-json\/wp\/v2\/media?parent=61548"}],"wp:term":[{"taxonomy":"product_brand","embeddable":true,"href":"https:\/\/erformance.eu\/et\/wp-json\/wp\/v2\/product_brand?post=61548"},{"taxonomy":"product_cat","embeddable":true,"href":"https:\/\/erformance.eu\/et\/wp-json\/wp\/v2\/product_cat?post=61548"},{"taxonomy":"product_tag","embeddable":true,"href":"https:\/\/erformance.eu\/et\/wp-json\/wp\/v2\/product_tag?post=61548"}],"curies":[{"name":"wp","href":"https:\/\/api.w.org\/{rel}","templated":true}]}}