{"id":61651,"date":"2026-02-16T15:14:22","date_gmt":"2026-02-16T12:14:22","guid":{"rendered":"https:\/\/erformance.eu\/?post_type=product&#038;p=61651"},"modified":"2026-03-05T23:01:21","modified_gmt":"2026-03-05T20:01:21","slug":"audi-a3-8l-96-06-sviesu-jungiklis","status":"publish","type":"product","link":"https:\/\/erformance.eu\/et\/toode\/audi-a3-8l-96-06-sviesu-jungiklis\/","title":{"rendered":"Audi A3 8L 96-06 \u0161vies\u0173 jungiklis"},"content":{"rendered":"<p>Prek\u0117: \u0161viesos jungiklis<br \/>\nSavyb\u0117s:<\/p>\n<p>artimosios \u0161viesos \u017eibintai<br \/>\npriekiniai r\u016bko \u017eibintai<br \/>\ngaliniai r\u016bko \u017eibintai<\/p>\n<p>Originalus numeris:<\/p>\n<p>1M1941531E<br \/>\n6Y1941531L<br \/>\n8L2941531G<\/p>\n<p>PASTABA: auk\u0161\u010diau pateikti numeriai yra original\u016bs dali\u0173 numeriai, kuriuos \u0161is pasi\u016blymas pakei\u010dia. Prie\u0161 pirkdami, palyginkite juos su originaliu dalies numeriu. Jei jie skiriasi net vienu simboliu, dalis netiks, neveiks arba veiks netinkamai. Tokiu atveju jos nepirkite.<br \/>\nAutomobilis:<\/p>\n<p>Audi A3 (8L1), gamybos metai: 1996\u20132006<br \/>\nSeat LEON (1M1), pagaminimo metai: 1999\u20132006<br \/>\nSeat TOLEDO II (1M2), pagaminimo metai: 1998\u20132006<br \/>\n\u0160koda FABIA I (6Y2), pagaminimo metai: 1999\u20132008<\/p>\n<p>Veikimo re\u017eimas: elektrinis<br \/>\n\u012etampa: 12 V<br \/>\nKai\u0161\u010di\u0173 skai\u010dius: 17<br \/>\nFoninio ap\u0161vietimo spalva: raudona<br \/>\nGamintojas: pakaitalas<br \/>\nTechnin\u0117 b\u016bkl\u0117: prek\u0117 yra visi\u0161kai nauja, nenaudota, nepa\u017eeista ir nesugadinta<br \/>\nD\u0117mesio!<\/p>\n<p>transporto priemon\u0117ms su elektriniu priekini\u0173 \u017eibint\u0173 diapazono reguliavimu<br \/>\ntransporto priemon\u0117ms be automatini\u0173 dienos \u017eibint\u0173<\/p>\n","protected":false},"excerpt":{"rendered":"<p>1. Prek\u0117: \u0161viesos jungiklis2. Gamintojas: pakeitimas3. Automobilis:* Audi A3 8L 96-06* Seat Leon I 99-06* Seat Toledo II 98-06* \u0160koda Fabia I 99-08<\/p>\n","protected":false},"featured_media":61652,"comment_status":"open","ping_status":"closed","template":"","meta":[],"product_brand":[],"product_cat":[3905,186,144,4661,3984],"product_tag":[],"class_list":{"0":"post-61651","1":"product","2":"type-product","3":"status-publish","4":"has-post-thumbnail","6":"product_cat-audi-a3-8l","7":"product_cat-a3","8":"product_cat-audi","9":"product_cat-audi-a3-8l-mygtukai-mechanizmai","10":"product_cat-audi-a3-8l-salono-dalys","12":"first","13":"instock","14":"shipping-taxable","15":"purchasable","16":"product-type-simple"},"yoast_head":"<!-- This site is optimized with the Yoast SEO Premium plugin v25.2 (Yoast SEO v27.4) - https:\/\/yoast.com\/product\/yoast-seo-premium-wordpress\/ -->\n<title>Audi A3 8L 96-06 \u0161vies\u0173 jungiklis - Erformance.eu<\/title>\n<meta name=\"robots\" content=\"index, follow, max-snippet:-1, max-image-preview:large, max-video-preview:-1\" \/>\n<link rel=\"canonical\" href=\"https:\/\/erformance.eu\/et\/toode\/audi-a3-8l-96-06-sviesu-jungiklis\/\" \/>\n<meta property=\"og:locale\" content=\"et_EE\" \/>\n<meta property=\"og:type\" content=\"article\" \/>\n<meta property=\"og:title\" content=\"Audi A3 8L 96-06 \u0161vies\u0173 jungiklis\" \/>\n<meta property=\"og:description\" content=\"1. Prek\u0117: \u0161viesos jungiklis2. Gamintojas: pakeitimas3. Automobilis:* Audi A3 8L 96-06* Seat Leon I 99-06* Seat Toledo II 98-06* \u0160koda Fabia I 99-08\" \/>\n<meta property=\"og:url\" content=\"https:\/\/erformance.eu\/et\/toode\/audi-a3-8l-96-06-sviesu-jungiklis\/\" \/>\n<meta property=\"og:site_name\" content=\"Erformance.eu\" \/>\n<meta property=\"article:modified_time\" content=\"2026-03-05T20:01:21+00:00\" \/>\n<meta property=\"og:image\" content=\"https:\/\/erformance.eu\/wp-content\/uploads\/2026\/02\/pol_pm_Audi-A3-8L-96-06-wlacznik-swiatel-33898_1.jpg\" \/>\n\t<meta property=\"og:image:width\" content=\"1200\" \/>\n\t<meta property=\"og:image:height\" content=\"1200\" \/>\n\t<meta property=\"og:image:type\" content=\"image\/jpeg\" \/>\n<meta name=\"twitter:card\" content=\"summary_large_image\" \/>\n<meta name=\"twitter:label1\" content=\"Est. reading time\" \/>\n\t<meta name=\"twitter:data1\" content=\"1 minut\" \/>\n<script type=\"application\/ld+json\" class=\"yoast-schema-graph\">{\"@context\":\"https:\\\/\\\/schema.org\",\"@graph\":[{\"@type\":\"WebPage\",\"@id\":\"https:\\\/\\\/erformance.eu\\\/et\\\/toode\\\/audi-a3-8l-96-06-sviesu-jungiklis\\\/\",\"url\":\"https:\\\/\\\/erformance.eu\\\/et\\\/toode\\\/audi-a3-8l-96-06-sviesu-jungiklis\\\/\",\"name\":\"Audi A3 8L 96-06 \u0161vies\u0173 jungiklis - Erformance.eu\",\"isPartOf\":{\"@id\":\"https:\\\/\\\/erformance.eu\\\/et\\\/#website\"},\"primaryImageOfPage\":{\"@id\":\"https:\\\/\\\/erformance.eu\\\/et\\\/toode\\\/audi-a3-8l-96-06-sviesu-jungiklis\\\/#primaryimage\"},\"image\":{\"@id\":\"https:\\\/\\\/erformance.eu\\\/et\\\/toode\\\/audi-a3-8l-96-06-sviesu-jungiklis\\\/#primaryimage\"},\"thumbnailUrl\":\"https:\\\/\\\/erformance.eu\\\/wp-content\\\/uploads\\\/2026\\\/02\\\/pol_pm_Audi-A3-8L-96-06-wlacznik-swiatel-33898_1.jpg\",\"datePublished\":\"2026-02-16T12:14:22+00:00\",\"dateModified\":\"2026-03-05T20:01:21+00:00\",\"breadcrumb\":{\"@id\":\"https:\\\/\\\/erformance.eu\\\/et\\\/toode\\\/audi-a3-8l-96-06-sviesu-jungiklis\\\/#breadcrumb\"},\"inLanguage\":\"et\",\"potentialAction\":[{\"@type\":\"ReadAction\",\"target\":[\"https:\\\/\\\/erformance.eu\\\/et\\\/toode\\\/audi-a3-8l-96-06-sviesu-jungiklis\\\/\"]}]},{\"@type\":\"ImageObject\",\"inLanguage\":\"et\",\"@id\":\"https:\\\/\\\/erformance.eu\\\/et\\\/toode\\\/audi-a3-8l-96-06-sviesu-jungiklis\\\/#primaryimage\",\"url\":\"https:\\\/\\\/erformance.eu\\\/wp-content\\\/uploads\\\/2026\\\/02\\\/pol_pm_Audi-A3-8L-96-06-wlacznik-swiatel-33898_1.jpg\",\"contentUrl\":\"https:\\\/\\\/erformance.eu\\\/wp-content\\\/uploads\\\/2026\\\/02\\\/pol_pm_Audi-A3-8L-96-06-wlacznik-swiatel-33898_1.jpg\",\"width\":1200,\"height\":1200},{\"@type\":\"BreadcrumbList\",\"@id\":\"https:\\\/\\\/erformance.eu\\\/et\\\/toode\\\/audi-a3-8l-96-06-sviesu-jungiklis\\\/#breadcrumb\",\"itemListElement\":[{\"@type\":\"ListItem\",\"position\":1,\"name\":\"Home\",\"item\":\"https:\\\/\\\/erformance.eu\\\/et\\\/\"},{\"@type\":\"ListItem\",\"position\":2,\"name\":\"Pood\",\"item\":\"https:\\\/\\\/erformance.eu\\\/et\\\/pood\\\/\"},{\"@type\":\"ListItem\",\"position\":3,\"name\":\"Audi A3 8L 96-06 \u0161vies\u0173 jungiklis\"}]},{\"@type\":\"WebSite\",\"@id\":\"https:\\\/\\\/erformance.eu\\\/et\\\/#website\",\"url\":\"https:\\\/\\\/erformance.eu\\\/et\\\/\",\"name\":\"Erformance.eu\",\"description\":\"Automobili\u0173 dali\u0173 parduotuv\u0117\",\"potentialAction\":[{\"@type\":\"SearchAction\",\"target\":{\"@type\":\"EntryPoint\",\"urlTemplate\":\"https:\\\/\\\/erformance.eu\\\/et\\\/?s={search_term_string}\"},\"query-input\":{\"@type\":\"PropertyValueSpecification\",\"valueRequired\":true,\"valueName\":\"search_term_string\"}}],\"inLanguage\":\"et\"}]}<\/script>\n<!-- \/ Yoast SEO Premium plugin. -->","yoast_head_json":{"title":"Audi A3 8L 96-06 \u0161vies\u0173 jungiklis - Erformance.eu","robots":{"index":"index","follow":"follow","max-snippet":"max-snippet:-1","max-image-preview":"max-image-preview:large","max-video-preview":"max-video-preview:-1"},"canonical":"https:\/\/erformance.eu\/et\/toode\/audi-a3-8l-96-06-sviesu-jungiklis\/","og_locale":"et_EE","og_type":"article","og_title":"Audi A3 8L 96-06 \u0161vies\u0173 jungiklis","og_description":"1. Prek\u0117: \u0161viesos jungiklis2. Gamintojas: pakeitimas3. Automobilis:* Audi A3 8L 96-06* Seat Leon I 99-06* Seat Toledo II 98-06* \u0160koda Fabia I 99-08","og_url":"https:\/\/erformance.eu\/et\/toode\/audi-a3-8l-96-06-sviesu-jungiklis\/","og_site_name":"Erformance.eu","article_modified_time":"2026-03-05T20:01:21+00:00","og_image":[{"width":1200,"height":1200,"url":"https:\/\/erformance.eu\/wp-content\/uploads\/2026\/02\/pol_pm_Audi-A3-8L-96-06-wlacznik-swiatel-33898_1.jpg","type":"image\/jpeg"}],"twitter_card":"summary_large_image","twitter_misc":{"Est. reading time":"1 minut"},"schema":{"@context":"https:\/\/schema.org","@graph":[{"@type":"WebPage","@id":"https:\/\/erformance.eu\/et\/toode\/audi-a3-8l-96-06-sviesu-jungiklis\/","url":"https:\/\/erformance.eu\/et\/toode\/audi-a3-8l-96-06-sviesu-jungiklis\/","name":"Audi A3 8L 96-06 \u0161vies\u0173 jungiklis - Erformance.eu","isPartOf":{"@id":"https:\/\/erformance.eu\/et\/#website"},"primaryImageOfPage":{"@id":"https:\/\/erformance.eu\/et\/toode\/audi-a3-8l-96-06-sviesu-jungiklis\/#primaryimage"},"image":{"@id":"https:\/\/erformance.eu\/et\/toode\/audi-a3-8l-96-06-sviesu-jungiklis\/#primaryimage"},"thumbnailUrl":"https:\/\/erformance.eu\/wp-content\/uploads\/2026\/02\/pol_pm_Audi-A3-8L-96-06-wlacznik-swiatel-33898_1.jpg","datePublished":"2026-02-16T12:14:22+00:00","dateModified":"2026-03-05T20:01:21+00:00","breadcrumb":{"@id":"https:\/\/erformance.eu\/et\/toode\/audi-a3-8l-96-06-sviesu-jungiklis\/#breadcrumb"},"inLanguage":"et","potentialAction":[{"@type":"ReadAction","target":["https:\/\/erformance.eu\/et\/toode\/audi-a3-8l-96-06-sviesu-jungiklis\/"]}]},{"@type":"ImageObject","inLanguage":"et","@id":"https:\/\/erformance.eu\/et\/toode\/audi-a3-8l-96-06-sviesu-jungiklis\/#primaryimage","url":"https:\/\/erformance.eu\/wp-content\/uploads\/2026\/02\/pol_pm_Audi-A3-8L-96-06-wlacznik-swiatel-33898_1.jpg","contentUrl":"https:\/\/erformance.eu\/wp-content\/uploads\/2026\/02\/pol_pm_Audi-A3-8L-96-06-wlacznik-swiatel-33898_1.jpg","width":1200,"height":1200},{"@type":"BreadcrumbList","@id":"https:\/\/erformance.eu\/et\/toode\/audi-a3-8l-96-06-sviesu-jungiklis\/#breadcrumb","itemListElement":[{"@type":"ListItem","position":1,"name":"Home","item":"https:\/\/erformance.eu\/et\/"},{"@type":"ListItem","position":2,"name":"Pood","item":"https:\/\/erformance.eu\/et\/pood\/"},{"@type":"ListItem","position":3,"name":"Audi A3 8L 96-06 \u0161vies\u0173 jungiklis"}]},{"@type":"WebSite","@id":"https:\/\/erformance.eu\/et\/#website","url":"https:\/\/erformance.eu\/et\/","name":"Erformance.eu","description":"Automobili\u0173 dali\u0173 parduotuv\u0117","potentialAction":[{"@type":"SearchAction","target":{"@type":"EntryPoint","urlTemplate":"https:\/\/erformance.eu\/et\/?s={search_term_string}"},"query-input":{"@type":"PropertyValueSpecification","valueRequired":true,"valueName":"search_term_string"}}],"inLanguage":"et"}]}},"jetpack_sharing_enabled":true,"_links":{"self":[{"href":"https:\/\/erformance.eu\/et\/wp-json\/wp\/v2\/product\/61651","targetHints":{"allow":["GET"]}}],"collection":[{"href":"https:\/\/erformance.eu\/et\/wp-json\/wp\/v2\/product"}],"about":[{"href":"https:\/\/erformance.eu\/et\/wp-json\/wp\/v2\/types\/product"}],"replies":[{"embeddable":true,"href":"https:\/\/erformance.eu\/et\/wp-json\/wp\/v2\/comments?post=61651"}],"version-history":[{"count":1,"href":"https:\/\/erformance.eu\/et\/wp-json\/wp\/v2\/product\/61651\/revisions"}],"predecessor-version":[{"id":61658,"href":"https:\/\/erformance.eu\/et\/wp-json\/wp\/v2\/product\/61651\/revisions\/61658"}],"wp:featuredmedia":[{"embeddable":true,"href":"https:\/\/erformance.eu\/et\/wp-json\/wp\/v2\/media\/61652"}],"wp:attachment":[{"href":"https:\/\/erformance.eu\/et\/wp-json\/wp\/v2\/media?parent=61651"}],"wp:term":[{"taxonomy":"product_brand","embeddable":true,"href":"https:\/\/erformance.eu\/et\/wp-json\/wp\/v2\/product_brand?post=61651"},{"taxonomy":"product_cat","embeddable":true,"href":"https:\/\/erformance.eu\/et\/wp-json\/wp\/v2\/product_cat?post=61651"},{"taxonomy":"product_tag","embeddable":true,"href":"https:\/\/erformance.eu\/et\/wp-json\/wp\/v2\/product_tag?post=61651"}],"curies":[{"name":"wp","href":"https:\/\/api.w.org\/{rel}","templated":true}]}}