{"id":61841,"date":"2026-02-16T15:15:32","date_gmt":"2026-02-16T12:15:32","guid":{"rendered":"https:\/\/erformance.eu\/?post_type=product&#038;p=61841"},"modified":"2026-02-16T15:15:33","modified_gmt":"2026-02-16T12:15:33","slug":"citroen-c4-2010-su-halogeninemis-grotelemis-priekiniame-bamperyje-desineje","status":"publish","type":"product","link":"https:\/\/erformance.eu\/et\/toode\/citroen-c4-2010-su-halogeninemis-grotelemis-priekiniame-bamperyje-desineje\/","title":{"rendered":"\u201eCitroen C4\u201c 2010- SU HALOGENIN\u0116MIS grotel\u0117mis priekiniame bamperyje de\u0161in\u0117je"},"content":{"rendered":"<p>Prek\u0117: priekinio bamperio grotel\u0117s<br \/>\nPus\u0117: De\u0161in\u0117 (keleivio pus\u0117)<br \/>\nOriginalus numeris:<\/p>\n<p>7453,65<br \/>\n745365<br \/>\n7453 65<\/p>\n<p>PASTABA: auk\u0161\u010diau pateikti numeriai yra original\u016bs dali\u0173 numeriai, kuriuos \u0161is pasi\u016blymas pakei\u010dia. Prie\u0161 pirkdami, palyginkite juos su originaliu dalies numeriu. Jei jie skiriasi net vienu simboliu, dalis netiks, neveiks arba veiks netinkamai. Tokiu atveju jos nepirkite.<br \/>\nAutomobilis:<\/p>\n<p>Automobilis: Citro\u00ebn C4<br \/>\nPagaminimo metai: modeliai, pagaminti nuo 2010 m.<\/p>\n<p>Spalva: juoda<br \/>\nGamintojas: pakaitalas<br \/>\nTechnin\u0117 b\u016bkl\u0117: prek\u0117 yra visi\u0161kai nauja, nenaudota, nepa\u017eeista ir nesugadinta<br \/>\nPASTABA: Jame yra skyl\u0117 halogeninei lempai.<\/p>\n","protected":false},"excerpt":{"rendered":"<p>1. Prek\u0117: Priekinio bamperio grotel\u0117s2. Pus\u0117: de\u0161in\u01173. Gamintojas: pakeitimas4. Automobilis: \u201eCitroen C4\u201c5. Pagaminimo metai: 2010-<\/p>\n","protected":false},"featured_media":61842,"comment_status":"open","ping_status":"closed","template":"","meta":[],"product_brand":[],"product_cat":[144],"product_tag":[],"class_list":{"0":"post-61841","1":"product","2":"type-product","3":"status-publish","4":"has-post-thumbnail","6":"product_cat-audi","8":"first","9":"instock","10":"shipping-taxable","11":"purchasable","12":"product-type-simple"},"yoast_head":"<!-- This site is optimized with the Yoast SEO Premium plugin v25.2 (Yoast SEO v27.5) - https:\/\/yoast.com\/product\/yoast-seo-premium-wordpress\/ -->\n<title>\u201eCitroen C4\u201c 2010- SU HALOGENIN\u0116MIS grotel\u0117mis priekiniame bamperyje de\u0161in\u0117je - Erformance.eu<\/title>\n<meta name=\"robots\" content=\"index, follow, max-snippet:-1, max-image-preview:large, max-video-preview:-1\" \/>\n<link rel=\"canonical\" href=\"https:\/\/erformance.eu\/et\/toode\/citroen-c4-2010-su-halogeninemis-grotelemis-priekiniame-bamperyje-desineje\/\" \/>\n<meta property=\"og:locale\" content=\"et_EE\" \/>\n<meta property=\"og:type\" content=\"article\" \/>\n<meta property=\"og:title\" content=\"\u201eCitroen C4\u201c 2010- SU HALOGENIN\u0116MIS grotel\u0117mis priekiniame bamperyje de\u0161in\u0117je\" \/>\n<meta property=\"og:description\" content=\"1. Prek\u0117: Priekinio bamperio grotel\u0117s2. Pus\u0117: de\u0161in\u01173. Gamintojas: pakeitimas4. Automobilis: \u201eCitroen C4\u201c5. Pagaminimo metai: 2010-\" \/>\n<meta property=\"og:url\" content=\"https:\/\/erformance.eu\/et\/toode\/citroen-c4-2010-su-halogeninemis-grotelemis-priekiniame-bamperyje-desineje\/\" \/>\n<meta property=\"og:site_name\" content=\"Erformance.eu\" \/>\n<meta property=\"article:modified_time\" content=\"2026-02-16T12:15:33+00:00\" \/>\n<meta name=\"twitter:card\" content=\"summary_large_image\" \/>\n<script type=\"application\/ld+json\" class=\"yoast-schema-graph\">{\"@context\":\"https:\\\/\\\/schema.org\",\"@graph\":[{\"@type\":\"WebPage\",\"@id\":\"https:\\\/\\\/erformance.eu\\\/et\\\/toode\\\/citroen-c4-2010-su-halogeninemis-grotelemis-priekiniame-bamperyje-desineje\\\/\",\"url\":\"https:\\\/\\\/erformance.eu\\\/et\\\/toode\\\/citroen-c4-2010-su-halogeninemis-grotelemis-priekiniame-bamperyje-desineje\\\/\",\"name\":\"\u201eCitroen C4\u201c 2010- SU HALOGENIN\u0116MIS grotel\u0117mis priekiniame bamperyje de\u0161in\u0117je - Erformance.eu\",\"isPartOf\":{\"@id\":\"https:\\\/\\\/erformance.eu\\\/et\\\/#website\"},\"primaryImageOfPage\":{\"@id\":\"https:\\\/\\\/erformance.eu\\\/et\\\/toode\\\/citroen-c4-2010-su-halogeninemis-grotelemis-priekiniame-bamperyje-desineje\\\/#primaryimage\"},\"image\":{\"@id\":\"https:\\\/\\\/erformance.eu\\\/et\\\/toode\\\/citroen-c4-2010-su-halogeninemis-grotelemis-priekiniame-bamperyje-desineje\\\/#primaryimage\"},\"thumbnailUrl\":\"https:\\\/\\\/erformance.eu\\\/wp-content\\\/uploads\\\/2026\\\/02\\\/pol_pm_Citroen-C4-2010-Z-HALOGENAMI-atrapka-kratka-w-zderzak-przedni-prawa-28026_1.jpg\",\"datePublished\":\"2026-02-16T12:15:32+00:00\",\"dateModified\":\"2026-02-16T12:15:33+00:00\",\"breadcrumb\":{\"@id\":\"https:\\\/\\\/erformance.eu\\\/et\\\/toode\\\/citroen-c4-2010-su-halogeninemis-grotelemis-priekiniame-bamperyje-desineje\\\/#breadcrumb\"},\"inLanguage\":\"et\",\"potentialAction\":[{\"@type\":\"ReadAction\",\"target\":[\"https:\\\/\\\/erformance.eu\\\/et\\\/toode\\\/citroen-c4-2010-su-halogeninemis-grotelemis-priekiniame-bamperyje-desineje\\\/\"]}]},{\"@type\":\"ImageObject\",\"inLanguage\":\"et\",\"@id\":\"https:\\\/\\\/erformance.eu\\\/et\\\/toode\\\/citroen-c4-2010-su-halogeninemis-grotelemis-priekiniame-bamperyje-desineje\\\/#primaryimage\",\"url\":\"https:\\\/\\\/erformance.eu\\\/wp-content\\\/uploads\\\/2026\\\/02\\\/pol_pm_Citroen-C4-2010-Z-HALOGENAMI-atrapka-kratka-w-zderzak-przedni-prawa-28026_1.jpg\",\"contentUrl\":\"https:\\\/\\\/erformance.eu\\\/wp-content\\\/uploads\\\/2026\\\/02\\\/pol_pm_Citroen-C4-2010-Z-HALOGENAMI-atrapka-kratka-w-zderzak-przedni-prawa-28026_1.jpg\",\"width\":1200,\"height\":1200},{\"@type\":\"BreadcrumbList\",\"@id\":\"https:\\\/\\\/erformance.eu\\\/et\\\/toode\\\/citroen-c4-2010-su-halogeninemis-grotelemis-priekiniame-bamperyje-desineje\\\/#breadcrumb\",\"itemListElement\":[{\"@type\":\"ListItem\",\"position\":1,\"name\":\"Home\",\"item\":\"https:\\\/\\\/erformance.eu\\\/et\\\/\"},{\"@type\":\"ListItem\",\"position\":2,\"name\":\"Pood\",\"item\":\"https:\\\/\\\/erformance.eu\\\/et\\\/pood\\\/\"},{\"@type\":\"ListItem\",\"position\":3,\"name\":\"\u201eCitroen C4\u201c 2010- SU HALOGENIN\u0116MIS grotel\u0117mis priekiniame bamperyje de\u0161in\u0117je\"}]},{\"@type\":\"WebSite\",\"@id\":\"https:\\\/\\\/erformance.eu\\\/et\\\/#website\",\"url\":\"https:\\\/\\\/erformance.eu\\\/et\\\/\",\"name\":\"Erformance.eu\",\"description\":\"Automobili\u0173 dali\u0173 parduotuv\u0117\",\"potentialAction\":[{\"@type\":\"SearchAction\",\"target\":{\"@type\":\"EntryPoint\",\"urlTemplate\":\"https:\\\/\\\/erformance.eu\\\/et\\\/?s={search_term_string}\"},\"query-input\":{\"@type\":\"PropertyValueSpecification\",\"valueRequired\":true,\"valueName\":\"search_term_string\"}}],\"inLanguage\":\"et\"}]}<\/script>\n<!-- \/ Yoast SEO Premium plugin. -->","yoast_head_json":{"title":"\u201eCitroen C4\u201c 2010- SU HALOGENIN\u0116MIS grotel\u0117mis priekiniame bamperyje de\u0161in\u0117je - Erformance.eu","robots":{"index":"index","follow":"follow","max-snippet":"max-snippet:-1","max-image-preview":"max-image-preview:large","max-video-preview":"max-video-preview:-1"},"canonical":"https:\/\/erformance.eu\/et\/toode\/citroen-c4-2010-su-halogeninemis-grotelemis-priekiniame-bamperyje-desineje\/","og_locale":"et_EE","og_type":"article","og_title":"\u201eCitroen C4\u201c 2010- SU HALOGENIN\u0116MIS grotel\u0117mis priekiniame bamperyje de\u0161in\u0117je","og_description":"1. Prek\u0117: Priekinio bamperio grotel\u0117s2. Pus\u0117: de\u0161in\u01173. Gamintojas: pakeitimas4. Automobilis: \u201eCitroen C4\u201c5. Pagaminimo metai: 2010-","og_url":"https:\/\/erformance.eu\/et\/toode\/citroen-c4-2010-su-halogeninemis-grotelemis-priekiniame-bamperyje-desineje\/","og_site_name":"Erformance.eu","article_modified_time":"2026-02-16T12:15:33+00:00","twitter_card":"summary_large_image","schema":{"@context":"https:\/\/schema.org","@graph":[{"@type":"WebPage","@id":"https:\/\/erformance.eu\/et\/toode\/citroen-c4-2010-su-halogeninemis-grotelemis-priekiniame-bamperyje-desineje\/","url":"https:\/\/erformance.eu\/et\/toode\/citroen-c4-2010-su-halogeninemis-grotelemis-priekiniame-bamperyje-desineje\/","name":"\u201eCitroen C4\u201c 2010- SU HALOGENIN\u0116MIS grotel\u0117mis priekiniame bamperyje de\u0161in\u0117je - Erformance.eu","isPartOf":{"@id":"https:\/\/erformance.eu\/et\/#website"},"primaryImageOfPage":{"@id":"https:\/\/erformance.eu\/et\/toode\/citroen-c4-2010-su-halogeninemis-grotelemis-priekiniame-bamperyje-desineje\/#primaryimage"},"image":{"@id":"https:\/\/erformance.eu\/et\/toode\/citroen-c4-2010-su-halogeninemis-grotelemis-priekiniame-bamperyje-desineje\/#primaryimage"},"thumbnailUrl":"https:\/\/erformance.eu\/wp-content\/uploads\/2026\/02\/pol_pm_Citroen-C4-2010-Z-HALOGENAMI-atrapka-kratka-w-zderzak-przedni-prawa-28026_1.jpg","datePublished":"2026-02-16T12:15:32+00:00","dateModified":"2026-02-16T12:15:33+00:00","breadcrumb":{"@id":"https:\/\/erformance.eu\/et\/toode\/citroen-c4-2010-su-halogeninemis-grotelemis-priekiniame-bamperyje-desineje\/#breadcrumb"},"inLanguage":"et","potentialAction":[{"@type":"ReadAction","target":["https:\/\/erformance.eu\/et\/toode\/citroen-c4-2010-su-halogeninemis-grotelemis-priekiniame-bamperyje-desineje\/"]}]},{"@type":"ImageObject","inLanguage":"et","@id":"https:\/\/erformance.eu\/et\/toode\/citroen-c4-2010-su-halogeninemis-grotelemis-priekiniame-bamperyje-desineje\/#primaryimage","url":"https:\/\/erformance.eu\/wp-content\/uploads\/2026\/02\/pol_pm_Citroen-C4-2010-Z-HALOGENAMI-atrapka-kratka-w-zderzak-przedni-prawa-28026_1.jpg","contentUrl":"https:\/\/erformance.eu\/wp-content\/uploads\/2026\/02\/pol_pm_Citroen-C4-2010-Z-HALOGENAMI-atrapka-kratka-w-zderzak-przedni-prawa-28026_1.jpg","width":1200,"height":1200},{"@type":"BreadcrumbList","@id":"https:\/\/erformance.eu\/et\/toode\/citroen-c4-2010-su-halogeninemis-grotelemis-priekiniame-bamperyje-desineje\/#breadcrumb","itemListElement":[{"@type":"ListItem","position":1,"name":"Home","item":"https:\/\/erformance.eu\/et\/"},{"@type":"ListItem","position":2,"name":"Pood","item":"https:\/\/erformance.eu\/et\/pood\/"},{"@type":"ListItem","position":3,"name":"\u201eCitroen C4\u201c 2010- SU HALOGENIN\u0116MIS grotel\u0117mis priekiniame bamperyje de\u0161in\u0117je"}]},{"@type":"WebSite","@id":"https:\/\/erformance.eu\/et\/#website","url":"https:\/\/erformance.eu\/et\/","name":"Erformance.eu","description":"Automobili\u0173 dali\u0173 parduotuv\u0117","potentialAction":[{"@type":"SearchAction","target":{"@type":"EntryPoint","urlTemplate":"https:\/\/erformance.eu\/et\/?s={search_term_string}"},"query-input":{"@type":"PropertyValueSpecification","valueRequired":true,"valueName":"search_term_string"}}],"inLanguage":"et"}]}},"jetpack_sharing_enabled":true,"_links":{"self":[{"href":"https:\/\/erformance.eu\/et\/wp-json\/wp\/v2\/product\/61841","targetHints":{"allow":["GET"]}}],"collection":[{"href":"https:\/\/erformance.eu\/et\/wp-json\/wp\/v2\/product"}],"about":[{"href":"https:\/\/erformance.eu\/et\/wp-json\/wp\/v2\/types\/product"}],"replies":[{"embeddable":true,"href":"https:\/\/erformance.eu\/et\/wp-json\/wp\/v2\/comments?post=61841"}],"version-history":[{"count":1,"href":"https:\/\/erformance.eu\/et\/wp-json\/wp\/v2\/product\/61841\/revisions"}],"predecessor-version":[{"id":61848,"href":"https:\/\/erformance.eu\/et\/wp-json\/wp\/v2\/product\/61841\/revisions\/61848"}],"wp:featuredmedia":[{"embeddable":true,"href":"https:\/\/erformance.eu\/et\/wp-json\/wp\/v2\/media\/61842"}],"wp:attachment":[{"href":"https:\/\/erformance.eu\/et\/wp-json\/wp\/v2\/media?parent=61841"}],"wp:term":[{"taxonomy":"product_brand","embeddable":true,"href":"https:\/\/erformance.eu\/et\/wp-json\/wp\/v2\/product_brand?post=61841"},{"taxonomy":"product_cat","embeddable":true,"href":"https:\/\/erformance.eu\/et\/wp-json\/wp\/v2\/product_cat?post=61841"},{"taxonomy":"product_tag","embeddable":true,"href":"https:\/\/erformance.eu\/et\/wp-json\/wp\/v2\/product_tag?post=61841"}],"curies":[{"name":"wp","href":"https:\/\/api.w.org\/{rel}","templated":true}]}}