{"id":61901,"date":"2026-02-16T15:15:56","date_gmt":"2026-02-16T12:15:56","guid":{"rendered":"https:\/\/erformance.eu\/?post_type=product&#038;p=61901"},"modified":"2026-03-03T00:19:25","modified_gmt":"2026-03-02T21:19:25","slug":"bmw-1-e81-e82-e87-e88-07-13-obd-lizdo-dangtelis-juodas","status":"publish","type":"product","link":"https:\/\/erformance.eu\/et\/toode\/bmw-1-e81-e82-e87-e88-07-13-obd-lizdo-dangtelis-juodas\/","title":{"rendered":"BMW 1 E81 E82 E87 E88 07-13 OBD lizdo dangtelis JUODAS"},"content":{"rendered":"<p>Prek\u0117: OBD lizdo dangtelis<br \/>\nOEM numeris: 51437144966<br \/>\nPASTABA: auk\u0161\u010diau pateikti numeriai yra original\u016bs dali\u0173 numeriai, kuriuos \u0161is pasi\u016blymas pakei\u010dia. Prie\u0161 pirkdami, palyginkite juos su originaliu dalies numeriu. Jei jie skiriasi net vienu simboliu, dalis netiks, neveiks arba veiks netinkamai. Tokiu atveju jos nepirkite.<br \/>\nAutomobilis:<\/p>\n<p>BMW 1 E81 E82 E87 E88, pagaminimo metai: 2007\u20132013<br \/>\nBMW X1 E84, pagaminimo metai: 2009\u20132015<\/p>\n<p>Spalva: juoda<br \/>\nGamintojas: pakaitalas<br \/>\nTechnin\u0117 b\u016bkl\u0117: prek\u0117 yra visi\u0161kai nauja, nenaudota, nepa\u017eeista ir nesugadinta<\/p>\n","protected":false},"excerpt":{"rendered":"<p>1. Prek\u0117: OBD lizdo dangtelis2. Gamintojas: pakeitimas3. Automobilis:* BMW 1 E81 E82 E87 E88 07-13* BMW X1 E84 09\u201315<\/p>\n","protected":false},"featured_media":61902,"comment_status":"open","ping_status":"closed","template":"","meta":[],"product_brand":[],"product_cat":[122,121,42,2835,2704],"product_tag":[],"class_list":{"0":"post-61901","1":"product","2":"type-product","3":"status-publish","4":"has-post-thumbnail","6":"product_cat-1-serija","7":"product_cat-bmw","8":"product_cat-e81-e82-e87-e88","9":"product_cat-e81-e82-e87-e88-salono-kitos-salono-dalys","10":"product_cat-e81-e82-e87-e88-salono-dalys","12":"first","13":"instock","14":"shipping-taxable","15":"purchasable","16":"product-type-simple"},"yoast_head":"<!-- This site is optimized with the Yoast SEO Premium plugin v25.2 (Yoast SEO v27.4) - https:\/\/yoast.com\/product\/yoast-seo-premium-wordpress\/ -->\n<title>BMW 1 E81 E82 E87 E88 07-13 OBD lizdo dangtelis JUODAS - Erformance.eu<\/title>\n<meta name=\"robots\" content=\"index, follow, max-snippet:-1, max-image-preview:large, max-video-preview:-1\" \/>\n<link rel=\"canonical\" href=\"https:\/\/erformance.eu\/et\/toode\/bmw-1-e81-e82-e87-e88-07-13-obd-lizdo-dangtelis-juodas\/\" \/>\n<meta property=\"og:locale\" content=\"et_EE\" \/>\n<meta property=\"og:type\" content=\"article\" \/>\n<meta property=\"og:title\" content=\"BMW 1 E81 E82 E87 E88 07-13 OBD lizdo dangtelis JUODAS\" \/>\n<meta property=\"og:description\" content=\"1. Prek\u0117: OBD lizdo dangtelis2. Gamintojas: pakeitimas3. Automobilis:* BMW 1 E81 E82 E87 E88 07-13* BMW X1 E84 09\u201315\" \/>\n<meta property=\"og:url\" content=\"https:\/\/erformance.eu\/et\/toode\/bmw-1-e81-e82-e87-e88-07-13-obd-lizdo-dangtelis-juodas\/\" \/>\n<meta property=\"og:site_name\" content=\"Erformance.eu\" \/>\n<meta property=\"article:modified_time\" content=\"2026-03-02T21:19:25+00:00\" \/>\n<meta property=\"og:image\" content=\"https:\/\/erformance.eu\/wp-content\/uploads\/2026\/02\/pol_pm_BMW-1-E81-E82-E87-E88-07-13-zaslepka-gniazda-OBD-CZARNA-27933_1.jpg\" \/>\n\t<meta property=\"og:image:width\" content=\"1200\" \/>\n\t<meta property=\"og:image:height\" content=\"1200\" \/>\n\t<meta property=\"og:image:type\" content=\"image\/jpeg\" \/>\n<meta name=\"twitter:card\" content=\"summary_large_image\" \/>\n<meta name=\"twitter:label1\" content=\"Est. reading time\" \/>\n\t<meta name=\"twitter:data1\" content=\"1 minut\" \/>\n<script type=\"application\/ld+json\" class=\"yoast-schema-graph\">{\"@context\":\"https:\\\/\\\/schema.org\",\"@graph\":[{\"@type\":\"WebPage\",\"@id\":\"https:\\\/\\\/erformance.eu\\\/et\\\/toode\\\/bmw-1-e81-e82-e87-e88-07-13-obd-lizdo-dangtelis-juodas\\\/\",\"url\":\"https:\\\/\\\/erformance.eu\\\/et\\\/toode\\\/bmw-1-e81-e82-e87-e88-07-13-obd-lizdo-dangtelis-juodas\\\/\",\"name\":\"BMW 1 E81 E82 E87 E88 07-13 OBD lizdo dangtelis JUODAS - Erformance.eu\",\"isPartOf\":{\"@id\":\"https:\\\/\\\/erformance.eu\\\/et\\\/#website\"},\"primaryImageOfPage\":{\"@id\":\"https:\\\/\\\/erformance.eu\\\/et\\\/toode\\\/bmw-1-e81-e82-e87-e88-07-13-obd-lizdo-dangtelis-juodas\\\/#primaryimage\"},\"image\":{\"@id\":\"https:\\\/\\\/erformance.eu\\\/et\\\/toode\\\/bmw-1-e81-e82-e87-e88-07-13-obd-lizdo-dangtelis-juodas\\\/#primaryimage\"},\"thumbnailUrl\":\"https:\\\/\\\/erformance.eu\\\/wp-content\\\/uploads\\\/2026\\\/02\\\/pol_pm_BMW-1-E81-E82-E87-E88-07-13-zaslepka-gniazda-OBD-CZARNA-27933_1.jpg\",\"datePublished\":\"2026-02-16T12:15:56+00:00\",\"dateModified\":\"2026-03-02T21:19:25+00:00\",\"breadcrumb\":{\"@id\":\"https:\\\/\\\/erformance.eu\\\/et\\\/toode\\\/bmw-1-e81-e82-e87-e88-07-13-obd-lizdo-dangtelis-juodas\\\/#breadcrumb\"},\"inLanguage\":\"et\",\"potentialAction\":[{\"@type\":\"ReadAction\",\"target\":[\"https:\\\/\\\/erformance.eu\\\/et\\\/toode\\\/bmw-1-e81-e82-e87-e88-07-13-obd-lizdo-dangtelis-juodas\\\/\"]}]},{\"@type\":\"ImageObject\",\"inLanguage\":\"et\",\"@id\":\"https:\\\/\\\/erformance.eu\\\/et\\\/toode\\\/bmw-1-e81-e82-e87-e88-07-13-obd-lizdo-dangtelis-juodas\\\/#primaryimage\",\"url\":\"https:\\\/\\\/erformance.eu\\\/wp-content\\\/uploads\\\/2026\\\/02\\\/pol_pm_BMW-1-E81-E82-E87-E88-07-13-zaslepka-gniazda-OBD-CZARNA-27933_1.jpg\",\"contentUrl\":\"https:\\\/\\\/erformance.eu\\\/wp-content\\\/uploads\\\/2026\\\/02\\\/pol_pm_BMW-1-E81-E82-E87-E88-07-13-zaslepka-gniazda-OBD-CZARNA-27933_1.jpg\",\"width\":1200,\"height\":1200},{\"@type\":\"BreadcrumbList\",\"@id\":\"https:\\\/\\\/erformance.eu\\\/et\\\/toode\\\/bmw-1-e81-e82-e87-e88-07-13-obd-lizdo-dangtelis-juodas\\\/#breadcrumb\",\"itemListElement\":[{\"@type\":\"ListItem\",\"position\":1,\"name\":\"Home\",\"item\":\"https:\\\/\\\/erformance.eu\\\/et\\\/\"},{\"@type\":\"ListItem\",\"position\":2,\"name\":\"Pood\",\"item\":\"https:\\\/\\\/erformance.eu\\\/et\\\/pood\\\/\"},{\"@type\":\"ListItem\",\"position\":3,\"name\":\"BMW 1 E81 E82 E87 E88 07-13 OBD lizdo dangtelis JUODAS\"}]},{\"@type\":\"WebSite\",\"@id\":\"https:\\\/\\\/erformance.eu\\\/et\\\/#website\",\"url\":\"https:\\\/\\\/erformance.eu\\\/et\\\/\",\"name\":\"Erformance.eu\",\"description\":\"Automobili\u0173 dali\u0173 parduotuv\u0117\",\"potentialAction\":[{\"@type\":\"SearchAction\",\"target\":{\"@type\":\"EntryPoint\",\"urlTemplate\":\"https:\\\/\\\/erformance.eu\\\/et\\\/?s={search_term_string}\"},\"query-input\":{\"@type\":\"PropertyValueSpecification\",\"valueRequired\":true,\"valueName\":\"search_term_string\"}}],\"inLanguage\":\"et\"}]}<\/script>\n<!-- \/ Yoast SEO Premium plugin. -->","yoast_head_json":{"title":"BMW 1 E81 E82 E87 E88 07-13 OBD lizdo dangtelis JUODAS - Erformance.eu","robots":{"index":"index","follow":"follow","max-snippet":"max-snippet:-1","max-image-preview":"max-image-preview:large","max-video-preview":"max-video-preview:-1"},"canonical":"https:\/\/erformance.eu\/et\/toode\/bmw-1-e81-e82-e87-e88-07-13-obd-lizdo-dangtelis-juodas\/","og_locale":"et_EE","og_type":"article","og_title":"BMW 1 E81 E82 E87 E88 07-13 OBD lizdo dangtelis JUODAS","og_description":"1. Prek\u0117: OBD lizdo dangtelis2. Gamintojas: pakeitimas3. Automobilis:* BMW 1 E81 E82 E87 E88 07-13* BMW X1 E84 09\u201315","og_url":"https:\/\/erformance.eu\/et\/toode\/bmw-1-e81-e82-e87-e88-07-13-obd-lizdo-dangtelis-juodas\/","og_site_name":"Erformance.eu","article_modified_time":"2026-03-02T21:19:25+00:00","og_image":[{"width":1200,"height":1200,"url":"https:\/\/erformance.eu\/wp-content\/uploads\/2026\/02\/pol_pm_BMW-1-E81-E82-E87-E88-07-13-zaslepka-gniazda-OBD-CZARNA-27933_1.jpg","type":"image\/jpeg"}],"twitter_card":"summary_large_image","twitter_misc":{"Est. reading time":"1 minut"},"schema":{"@context":"https:\/\/schema.org","@graph":[{"@type":"WebPage","@id":"https:\/\/erformance.eu\/et\/toode\/bmw-1-e81-e82-e87-e88-07-13-obd-lizdo-dangtelis-juodas\/","url":"https:\/\/erformance.eu\/et\/toode\/bmw-1-e81-e82-e87-e88-07-13-obd-lizdo-dangtelis-juodas\/","name":"BMW 1 E81 E82 E87 E88 07-13 OBD lizdo dangtelis JUODAS - Erformance.eu","isPartOf":{"@id":"https:\/\/erformance.eu\/et\/#website"},"primaryImageOfPage":{"@id":"https:\/\/erformance.eu\/et\/toode\/bmw-1-e81-e82-e87-e88-07-13-obd-lizdo-dangtelis-juodas\/#primaryimage"},"image":{"@id":"https:\/\/erformance.eu\/et\/toode\/bmw-1-e81-e82-e87-e88-07-13-obd-lizdo-dangtelis-juodas\/#primaryimage"},"thumbnailUrl":"https:\/\/erformance.eu\/wp-content\/uploads\/2026\/02\/pol_pm_BMW-1-E81-E82-E87-E88-07-13-zaslepka-gniazda-OBD-CZARNA-27933_1.jpg","datePublished":"2026-02-16T12:15:56+00:00","dateModified":"2026-03-02T21:19:25+00:00","breadcrumb":{"@id":"https:\/\/erformance.eu\/et\/toode\/bmw-1-e81-e82-e87-e88-07-13-obd-lizdo-dangtelis-juodas\/#breadcrumb"},"inLanguage":"et","potentialAction":[{"@type":"ReadAction","target":["https:\/\/erformance.eu\/et\/toode\/bmw-1-e81-e82-e87-e88-07-13-obd-lizdo-dangtelis-juodas\/"]}]},{"@type":"ImageObject","inLanguage":"et","@id":"https:\/\/erformance.eu\/et\/toode\/bmw-1-e81-e82-e87-e88-07-13-obd-lizdo-dangtelis-juodas\/#primaryimage","url":"https:\/\/erformance.eu\/wp-content\/uploads\/2026\/02\/pol_pm_BMW-1-E81-E82-E87-E88-07-13-zaslepka-gniazda-OBD-CZARNA-27933_1.jpg","contentUrl":"https:\/\/erformance.eu\/wp-content\/uploads\/2026\/02\/pol_pm_BMW-1-E81-E82-E87-E88-07-13-zaslepka-gniazda-OBD-CZARNA-27933_1.jpg","width":1200,"height":1200},{"@type":"BreadcrumbList","@id":"https:\/\/erformance.eu\/et\/toode\/bmw-1-e81-e82-e87-e88-07-13-obd-lizdo-dangtelis-juodas\/#breadcrumb","itemListElement":[{"@type":"ListItem","position":1,"name":"Home","item":"https:\/\/erformance.eu\/et\/"},{"@type":"ListItem","position":2,"name":"Pood","item":"https:\/\/erformance.eu\/et\/pood\/"},{"@type":"ListItem","position":3,"name":"BMW 1 E81 E82 E87 E88 07-13 OBD lizdo dangtelis JUODAS"}]},{"@type":"WebSite","@id":"https:\/\/erformance.eu\/et\/#website","url":"https:\/\/erformance.eu\/et\/","name":"Erformance.eu","description":"Automobili\u0173 dali\u0173 parduotuv\u0117","potentialAction":[{"@type":"SearchAction","target":{"@type":"EntryPoint","urlTemplate":"https:\/\/erformance.eu\/et\/?s={search_term_string}"},"query-input":{"@type":"PropertyValueSpecification","valueRequired":true,"valueName":"search_term_string"}}],"inLanguage":"et"}]}},"jetpack_sharing_enabled":true,"_links":{"self":[{"href":"https:\/\/erformance.eu\/et\/wp-json\/wp\/v2\/product\/61901","targetHints":{"allow":["GET"]}}],"collection":[{"href":"https:\/\/erformance.eu\/et\/wp-json\/wp\/v2\/product"}],"about":[{"href":"https:\/\/erformance.eu\/et\/wp-json\/wp\/v2\/types\/product"}],"replies":[{"embeddable":true,"href":"https:\/\/erformance.eu\/et\/wp-json\/wp\/v2\/comments?post=61901"}],"version-history":[{"count":1,"href":"https:\/\/erformance.eu\/et\/wp-json\/wp\/v2\/product\/61901\/revisions"}],"predecessor-version":[{"id":61908,"href":"https:\/\/erformance.eu\/et\/wp-json\/wp\/v2\/product\/61901\/revisions\/61908"}],"wp:featuredmedia":[{"embeddable":true,"href":"https:\/\/erformance.eu\/et\/wp-json\/wp\/v2\/media\/61902"}],"wp:attachment":[{"href":"https:\/\/erformance.eu\/et\/wp-json\/wp\/v2\/media?parent=61901"}],"wp:term":[{"taxonomy":"product_brand","embeddable":true,"href":"https:\/\/erformance.eu\/et\/wp-json\/wp\/v2\/product_brand?post=61901"},{"taxonomy":"product_cat","embeddable":true,"href":"https:\/\/erformance.eu\/et\/wp-json\/wp\/v2\/product_cat?post=61901"},{"taxonomy":"product_tag","embeddable":true,"href":"https:\/\/erformance.eu\/et\/wp-json\/wp\/v2\/product_tag?post=61901"}],"curies":[{"name":"wp","href":"https:\/\/api.w.org\/{rel}","templated":true}]}}