{"id":61946,"date":"2026-02-16T15:16:11","date_gmt":"2026-02-16T12:16:11","guid":{"rendered":"https:\/\/erformance.eu\/?post_type=product&#038;p=61946"},"modified":"2026-04-02T22:27:07","modified_gmt":"2026-04-02T19:27:07","slug":"audi-a6-c4-94-97-kuro-bako-dangtelis-2","status":"publish","type":"product","link":"https:\/\/erformance.eu\/et\/toode\/audi-a6-c4-94-97-kuro-bako-dangtelis-2\/","title":{"rendered":"Audi A6 C4 94-97 kuro bako dangtelis"},"content":{"rendered":"<p>Prek\u0117: degal\u0173 bako dangtelis<br \/>\nOriginalus numeris:<\/p>\n<p>191201551<br \/>\n9117533<br \/>\n0808211<\/p>\n<p>PASTABA: auk\u0161\u010diau pateikti numeriai yra original\u016bs dali\u0173 numeriai, kuriuos \u0161is pasi\u016blymas pakei\u010dia. Prie\u0161 pirkdami, palyginkite juos su originaliu dalies numeriu. Jei jie skiriasi net vienu simboliu, dalis netiks, neveiks arba veiks netinkamai. Tokiu atveju jos nepirkite.<br \/>\nSpyna\/raktai: \u012ftraukti<br \/>\nAutomobilis:<\/p>\n<p>\u201eAudi 80 B3\u201c, gamybos metai: 1986\u20131991<br \/>\nAudi 80 B4 (8C2), pagaminimo metai: 1991\u20131995<br \/>\nAudi 80 B4 Avant (8C5), gamybos metai: 1991-1996<br \/>\nAudi A4 B5 (8D2), gamybos metai: 1994\u20132001<br \/>\nAudi A4 B5 Avant (8D5), pagaminimo metai: 1994\u20132001<br \/>\nAudi A6 C4 (4A2), gamybos metai: 1994-1997<br \/>\nAudi A6 C4 Avant (4A5), gamybos metai: 1994-1997<br \/>\n\u201eFord Escort Mk5\u201c, gamybos metai: 1990\u20131995<br \/>\n\u201eFord Fiesta Mk6\u201c, gamybos metai: 2002\u20132008<br \/>\n\u201eFord Focus Mk1\u201c, gamybos metai: 1998\u20132008<br \/>\n\u201eFord Fusion\u201c (JU_), modeliai, pagaminti nuo 2002 m.<br \/>\n\u201eFord Mondeo Mk2\u201c, gamybos metai: 1996\u20132000<br \/>\n\u201eFord Mondeo Mk3\u201c, gamybos metai: 2000\u20132007<br \/>\nFord Orion<br \/>\nOpel Astra II G, gamybos metai: 1998\u20132005<br \/>\nOpel Astra III H, pagaminimo metai: 2004\u20132009<br \/>\nOpel Corsa B, gamybos metai: 1993\u20132000<br \/>\nOpel Corsa C, gamybos metai: 2000\u20132005<br \/>\n\u201eOpel Meriva A\u201c, gamybos metai: 2003\u20132010<br \/>\nOpel Omega B, gamybos metai: 1994\u20131999<br \/>\nOpel Vectra B, gamybos metai: 1995\u20132002<br \/>\nOpel Zafira A, gamybos metai: 1999\u20132005<br \/>\n\u201eSeat Arosa\u201c (6H), pagaminimo metai: 1997\u20132004<br \/>\n\u201eSeat Cordoba\u201c (6K1, 6K2), pagaminimo metai: 1993\u20132002<br \/>\n\u201eSeat Cordoba Vario\u201c (6K5), pagaminimo metai: 1996\u20132002<br \/>\n\u201eSeat Cordoba II\u201c (6L2), pagaminimo metai: 2002\u20132009<br \/>\n\u201eSeat Ibiza II\u201c (6K1), gamybos metai: 1993\u20132002<br \/>\n\u201eSeat Ibiza III\u201c (6L1), pagaminimo metai: 2002\u20132009<br \/>\n\u201eSeat Inca\u201c (6K9), pagaminimo metai: 1995\u20132003<br \/>\n\u201eSeat Leon\u201c (1M1), pagaminimo metai: 1999\u20132006<br \/>\n\u201eSeat Toledo I\u201c (1L), gamybos metai: 1991\u20131999<br \/>\n\u201eSeat Toledo II\u201c (1M2), pagaminimo metai: 1998\u20132006<br \/>\n\u201eSkoda Fabia I\u201c (6Y2), pagaminimo metai: 1999\u20132008<br \/>\n\u201eSkoda Fabia I Combi\u201c (6Y5), pagaminimo metai: 2000\u20132007<br \/>\nSkoda Fabia I Praktik (6Y5), gamybos metai: 2000-2007<br \/>\n\u201eSkoda Fabia I\u201c sedanas (6Y3), pagaminimo metai: 1999\u20132007<br \/>\nSkoda Felicia \/ Felicja, modeliai gaminami nuo 1994 m<br \/>\n\u201eSkoda Octavia I\u201c (1U2), modeliai, gaminami nuo 1996 m.<br \/>\n\u201eSkoda Octavia I Combi\u201c (1U5), modeliai, pagaminti nuo 1998 m.<br \/>\nSkoda Roomster (5J), modele produkowane od roku 2007<br \/>\nSkoda Superb I (3U4), modele produkowane od roku 2001<br \/>\nVW Bora (1J2), modele produkowane od roku 1998<br \/>\nVW Bora Variant (1J6), rok produkcji: 1999-2005<br \/>\nVW Caddy II kombi (9K9B), rok produkcji: 1995-2004<br \/>\nVW Caddy II Furgon (9K9A), rok produkcji: 1995-2004<br \/>\nVW Caddy II pick-up (9U7), rok produkcji: 1996-2000<br \/>\nVW Corrado (53I), rok produkcji: 1987-1995<br \/>\nVW Golf I (17), rok produkcji: 1971-1985<br \/>\nVW Golf II (19E, 1G1), rok produkcji: 1983-1992<br \/>\nVW Golf III (1H1), rok produkcji: 1991-1997<br \/>\nVW Golf III Variant (1H5), rok produkcji: 1993-1999<br \/>\nVW Golf III Cabriolet (1E7), rok produkcji: 1993-1998<br \/>\nVW Golf IV (1J1), rok produkcji: 1997-2003<br \/>\nVW Golf IV Cabriolet (1E7), rok produkcji: 1998-2002<br \/>\nVW Jetta II (19E, 1G2, 165), rok produkcji: 1983-1992<br \/>\nVW Lupo (6X1, 6E1), rok produkcji: 1998-2005<br \/>\nVW Passat B3 (3A2, 35I), rok produkcji: 1988-1993<br \/>\nVW Passat B3 Variant (3A5, 35I), rok produkcji: 1988-1993<br \/>\nVW Passat B4, rok produkcji: 1993-1997<br \/>\nVW Passat B4 Variant, rok produkcji: 1993-1997<br \/>\nVW Passat B5 (3B2), rok produkcji: 1996-2001<br \/>\nVW Passat B5 Variant (3B5), rok produkcji: 1997-2001<br \/>\nVW Passat B5 FL Variant (3B6), rok produkcji: 2000-2005<br \/>\nVW Passat B5 FL (3B3), rok produkcji: 2000-2005<br \/>\nVW Passat B6 (3C2), rok produkcji: 2005-2010<br \/>\nVW Passat B6 Variant (3C5), rok produkcji: 2005-2011<br \/>\nVW Polo (6N1), rok produkcji: 1994-1999<br \/>\nVW Polo (6N2), rok produkcji: 1999-2001<br \/>\nVW Polo (9N_), modele produkowane od roku 2001<br \/>\nVW Polo Classic (6V2), rok produkcji: 1995-2009<br \/>\nVW Polo Sedan (9A4), modele produkowane od roku 2002<br \/>\nVW Polo Variant (6V5), rok produkcji: 1997-2007<br \/>\nVW Polo Van Furgon \/ kombi (6V5), rok produkcji: 1996-2001<br \/>\nVW Vento (1H2), rok produkcji: 1991-1998<br \/>\nVolvo 240 (P242, P244)<br \/>\nVolvo 240 Kombi (P245)<br \/>\nVolvo 260 (P262, P264)<br \/>\nVolvo 260 kombi (P265)<br \/>\nVolvo 740 (744)<br \/>\nVolvo 740 Kombi (745)<br \/>\nVolvo 760 (704, 764)<br \/>\nVolvo 760 Kombi (704, 765)<br \/>\nVolvo 780 (782)<br \/>\nVolvo 850 (854)<br \/>\nVolvo 850 kombi (855)<br \/>\nVolvo 940 (944)<br \/>\nVolvo 940 Kombi (945)<br \/>\nVolvo 940 II (944)<br \/>\nVolvo 940 II kombi (945)<br \/>\nVolvo 960 (964)<br \/>\nVolvo 960 Kombi (965)<br \/>\nVolvo 960 II (964)<br \/>\nVolvo 960 II kombi (965)<br \/>\nVolvo S90 (964)<br \/>\nVolvo V90 kombi (965)<\/p>\n<p>Producent: zamiennik<br \/>\nTechnin\u0117 b\u016bkl\u0117: prek\u0117 yra visi\u0161kai nauja, nenaudota, nepa\u017eeista ir nesugadinta<br \/>\nPASTABA! Tinka tik versijoms be centrinio u\u017erakto.<\/p>\n","protected":false},"excerpt":{"rendered":"<p>1. Prek\u0117: Kuro \u012fpylimo angos dangtelis2. Spyna \/ raktai: \u012ftraukti3. Gamintojas: pakeitimas4. Automobilis: * Audi 80 B3 86-91 * Audi 80 B4 91-96 * Audi A4 B5 94-01 * Audi A6 C4 94-97<\/p>\n","protected":false},"featured_media":53439,"comment_status":"open","ping_status":"closed","template":"","meta":[],"product_brand":[],"product_cat":[394,144,3916,3955,4160],"product_tag":[],"class_list":{"0":"post-61946","1":"product","2":"type-product","3":"status-publish","4":"has-post-thumbnail","6":"product_cat-audi-a6","7":"product_cat-audi","8":"product_cat-audi-a6-c4","9":"product_cat-audi-a6-c4-isores-dalys","10":"product_cat-audi-a6-c4-isores-kitos-dalys","12":"first","13":"instock","14":"shipping-taxable","15":"purchasable","16":"product-type-simple"},"yoast_head":"<!-- This site is optimized with the Yoast SEO Premium plugin v25.2 (Yoast SEO v27.3) - https:\/\/yoast.com\/product\/yoast-seo-premium-wordpress\/ -->\n<title>Audi A6 C4 94-97 kuro bako dangtelis - Erformance.eu<\/title>\n<meta name=\"robots\" content=\"index, follow, max-snippet:-1, max-image-preview:large, max-video-preview:-1\" \/>\n<link rel=\"canonical\" href=\"https:\/\/erformance.eu\/et\/toode\/audi-a6-c4-94-97-kuro-bako-dangtelis-2\/\" \/>\n<meta property=\"og:locale\" content=\"et_EE\" \/>\n<meta property=\"og:type\" content=\"article\" \/>\n<meta property=\"og:title\" content=\"Audi A6 C4 94-97 kuro bako dangtelis\" \/>\n<meta property=\"og:description\" content=\"1. Prek\u0117: Kuro \u012fpylimo angos dangtelis2. Spyna \/ raktai: \u012ftraukti3. Gamintojas: pakeitimas4. Automobilis: * Audi 80 B3 86-91 * Audi 80 B4 91-96 * Audi A4 B5 94-01 * Audi A6 C4 94-97\" \/>\n<meta property=\"og:url\" content=\"https:\/\/erformance.eu\/et\/toode\/audi-a6-c4-94-97-kuro-bako-dangtelis-2\/\" \/>\n<meta property=\"og:site_name\" content=\"Erformance.eu\" \/>\n<meta property=\"article:modified_time\" content=\"2026-04-02T19:27:07+00:00\" \/>\n<meta property=\"og:image\" content=\"https:\/\/erformance.eu\/wp-content\/uploads\/2026\/02\/pol_pm_Audi-A6-C4-94-97-korek-wlewu-paliwa-3790_1.jpg\" \/>\n\t<meta property=\"og:image:width\" content=\"1200\" \/>\n\t<meta property=\"og:image:height\" content=\"900\" \/>\n\t<meta property=\"og:image:type\" content=\"image\/jpeg\" \/>\n<meta name=\"twitter:card\" content=\"summary_large_image\" \/>\n<meta name=\"twitter:label1\" content=\"Est. reading time\" \/>\n\t<meta name=\"twitter:data1\" content=\"4 minutit\" \/>\n<script type=\"application\/ld+json\" class=\"yoast-schema-graph\">{\"@context\":\"https:\\\/\\\/schema.org\",\"@graph\":[{\"@type\":\"WebPage\",\"@id\":\"https:\\\/\\\/erformance.eu\\\/et\\\/toode\\\/audi-a6-c4-94-97-kuro-bako-dangtelis-2\\\/\",\"url\":\"https:\\\/\\\/erformance.eu\\\/et\\\/toode\\\/audi-a6-c4-94-97-kuro-bako-dangtelis-2\\\/\",\"name\":\"Audi A6 C4 94-97 kuro bako dangtelis - Erformance.eu\",\"isPartOf\":{\"@id\":\"https:\\\/\\\/erformance.eu\\\/et\\\/#website\"},\"primaryImageOfPage\":{\"@id\":\"https:\\\/\\\/erformance.eu\\\/et\\\/toode\\\/audi-a6-c4-94-97-kuro-bako-dangtelis-2\\\/#primaryimage\"},\"image\":{\"@id\":\"https:\\\/\\\/erformance.eu\\\/et\\\/toode\\\/audi-a6-c4-94-97-kuro-bako-dangtelis-2\\\/#primaryimage\"},\"thumbnailUrl\":\"https:\\\/\\\/erformance.eu\\\/wp-content\\\/uploads\\\/2026\\\/02\\\/pol_pm_Audi-A6-C4-94-97-korek-wlewu-paliwa-3790_1.jpg\",\"datePublished\":\"2026-02-16T12:16:11+00:00\",\"dateModified\":\"2026-04-02T19:27:07+00:00\",\"breadcrumb\":{\"@id\":\"https:\\\/\\\/erformance.eu\\\/et\\\/toode\\\/audi-a6-c4-94-97-kuro-bako-dangtelis-2\\\/#breadcrumb\"},\"inLanguage\":\"et\",\"potentialAction\":[{\"@type\":\"ReadAction\",\"target\":[\"https:\\\/\\\/erformance.eu\\\/et\\\/toode\\\/audi-a6-c4-94-97-kuro-bako-dangtelis-2\\\/\"]}]},{\"@type\":\"ImageObject\",\"inLanguage\":\"et\",\"@id\":\"https:\\\/\\\/erformance.eu\\\/et\\\/toode\\\/audi-a6-c4-94-97-kuro-bako-dangtelis-2\\\/#primaryimage\",\"url\":\"https:\\\/\\\/erformance.eu\\\/wp-content\\\/uploads\\\/2026\\\/02\\\/pol_pm_Audi-A6-C4-94-97-korek-wlewu-paliwa-3790_1.jpg\",\"contentUrl\":\"https:\\\/\\\/erformance.eu\\\/wp-content\\\/uploads\\\/2026\\\/02\\\/pol_pm_Audi-A6-C4-94-97-korek-wlewu-paliwa-3790_1.jpg\",\"width\":1200,\"height\":900},{\"@type\":\"BreadcrumbList\",\"@id\":\"https:\\\/\\\/erformance.eu\\\/et\\\/toode\\\/audi-a6-c4-94-97-kuro-bako-dangtelis-2\\\/#breadcrumb\",\"itemListElement\":[{\"@type\":\"ListItem\",\"position\":1,\"name\":\"Home\",\"item\":\"https:\\\/\\\/erformance.eu\\\/et\\\/\"},{\"@type\":\"ListItem\",\"position\":2,\"name\":\"Pood\",\"item\":\"https:\\\/\\\/erformance.eu\\\/et\\\/pood\\\/\"},{\"@type\":\"ListItem\",\"position\":3,\"name\":\"Audi A6 C4 94-97 kuro bako dangtelis\"}]},{\"@type\":\"WebSite\",\"@id\":\"https:\\\/\\\/erformance.eu\\\/et\\\/#website\",\"url\":\"https:\\\/\\\/erformance.eu\\\/et\\\/\",\"name\":\"Erformance.eu\",\"description\":\"Automobili\u0173 dali\u0173 parduotuv\u0117\",\"potentialAction\":[{\"@type\":\"SearchAction\",\"target\":{\"@type\":\"EntryPoint\",\"urlTemplate\":\"https:\\\/\\\/erformance.eu\\\/et\\\/?s={search_term_string}\"},\"query-input\":{\"@type\":\"PropertyValueSpecification\",\"valueRequired\":true,\"valueName\":\"search_term_string\"}}],\"inLanguage\":\"et\"}]}<\/script>\n<!-- \/ Yoast SEO Premium plugin. -->","yoast_head_json":{"title":"Audi A6 C4 94-97 kuro bako dangtelis - Erformance.eu","robots":{"index":"index","follow":"follow","max-snippet":"max-snippet:-1","max-image-preview":"max-image-preview:large","max-video-preview":"max-video-preview:-1"},"canonical":"https:\/\/erformance.eu\/et\/toode\/audi-a6-c4-94-97-kuro-bako-dangtelis-2\/","og_locale":"et_EE","og_type":"article","og_title":"Audi A6 C4 94-97 kuro bako dangtelis","og_description":"1. Prek\u0117: Kuro \u012fpylimo angos dangtelis2. Spyna \/ raktai: \u012ftraukti3. Gamintojas: pakeitimas4. Automobilis: * Audi 80 B3 86-91 * Audi 80 B4 91-96 * Audi A4 B5 94-01 * Audi A6 C4 94-97","og_url":"https:\/\/erformance.eu\/et\/toode\/audi-a6-c4-94-97-kuro-bako-dangtelis-2\/","og_site_name":"Erformance.eu","article_modified_time":"2026-04-02T19:27:07+00:00","og_image":[{"width":1200,"height":900,"url":"https:\/\/erformance.eu\/wp-content\/uploads\/2026\/02\/pol_pm_Audi-A6-C4-94-97-korek-wlewu-paliwa-3790_1.jpg","type":"image\/jpeg"}],"twitter_card":"summary_large_image","twitter_misc":{"Est. reading time":"4 minutit"},"schema":{"@context":"https:\/\/schema.org","@graph":[{"@type":"WebPage","@id":"https:\/\/erformance.eu\/et\/toode\/audi-a6-c4-94-97-kuro-bako-dangtelis-2\/","url":"https:\/\/erformance.eu\/et\/toode\/audi-a6-c4-94-97-kuro-bako-dangtelis-2\/","name":"Audi A6 C4 94-97 kuro bako dangtelis - Erformance.eu","isPartOf":{"@id":"https:\/\/erformance.eu\/et\/#website"},"primaryImageOfPage":{"@id":"https:\/\/erformance.eu\/et\/toode\/audi-a6-c4-94-97-kuro-bako-dangtelis-2\/#primaryimage"},"image":{"@id":"https:\/\/erformance.eu\/et\/toode\/audi-a6-c4-94-97-kuro-bako-dangtelis-2\/#primaryimage"},"thumbnailUrl":"https:\/\/erformance.eu\/wp-content\/uploads\/2026\/02\/pol_pm_Audi-A6-C4-94-97-korek-wlewu-paliwa-3790_1.jpg","datePublished":"2026-02-16T12:16:11+00:00","dateModified":"2026-04-02T19:27:07+00:00","breadcrumb":{"@id":"https:\/\/erformance.eu\/et\/toode\/audi-a6-c4-94-97-kuro-bako-dangtelis-2\/#breadcrumb"},"inLanguage":"et","potentialAction":[{"@type":"ReadAction","target":["https:\/\/erformance.eu\/et\/toode\/audi-a6-c4-94-97-kuro-bako-dangtelis-2\/"]}]},{"@type":"ImageObject","inLanguage":"et","@id":"https:\/\/erformance.eu\/et\/toode\/audi-a6-c4-94-97-kuro-bako-dangtelis-2\/#primaryimage","url":"https:\/\/erformance.eu\/wp-content\/uploads\/2026\/02\/pol_pm_Audi-A6-C4-94-97-korek-wlewu-paliwa-3790_1.jpg","contentUrl":"https:\/\/erformance.eu\/wp-content\/uploads\/2026\/02\/pol_pm_Audi-A6-C4-94-97-korek-wlewu-paliwa-3790_1.jpg","width":1200,"height":900},{"@type":"BreadcrumbList","@id":"https:\/\/erformance.eu\/et\/toode\/audi-a6-c4-94-97-kuro-bako-dangtelis-2\/#breadcrumb","itemListElement":[{"@type":"ListItem","position":1,"name":"Home","item":"https:\/\/erformance.eu\/et\/"},{"@type":"ListItem","position":2,"name":"Pood","item":"https:\/\/erformance.eu\/et\/pood\/"},{"@type":"ListItem","position":3,"name":"Audi A6 C4 94-97 kuro bako dangtelis"}]},{"@type":"WebSite","@id":"https:\/\/erformance.eu\/et\/#website","url":"https:\/\/erformance.eu\/et\/","name":"Erformance.eu","description":"Automobili\u0173 dali\u0173 parduotuv\u0117","potentialAction":[{"@type":"SearchAction","target":{"@type":"EntryPoint","urlTemplate":"https:\/\/erformance.eu\/et\/?s={search_term_string}"},"query-input":{"@type":"PropertyValueSpecification","valueRequired":true,"valueName":"search_term_string"}}],"inLanguage":"et"}]}},"jetpack_sharing_enabled":true,"_links":{"self":[{"href":"https:\/\/erformance.eu\/et\/wp-json\/wp\/v2\/product\/61946","targetHints":{"allow":["GET"]}}],"collection":[{"href":"https:\/\/erformance.eu\/et\/wp-json\/wp\/v2\/product"}],"about":[{"href":"https:\/\/erformance.eu\/et\/wp-json\/wp\/v2\/types\/product"}],"replies":[{"embeddable":true,"href":"https:\/\/erformance.eu\/et\/wp-json\/wp\/v2\/comments?post=61946"}],"version-history":[{"count":1,"href":"https:\/\/erformance.eu\/et\/wp-json\/wp\/v2\/product\/61946\/revisions"}],"predecessor-version":[{"id":61947,"href":"https:\/\/erformance.eu\/et\/wp-json\/wp\/v2\/product\/61946\/revisions\/61947"}],"wp:featuredmedia":[{"embeddable":true,"href":"https:\/\/erformance.eu\/et\/wp-json\/wp\/v2\/media\/53439"}],"wp:attachment":[{"href":"https:\/\/erformance.eu\/et\/wp-json\/wp\/v2\/media?parent=61946"}],"wp:term":[{"taxonomy":"product_brand","embeddable":true,"href":"https:\/\/erformance.eu\/et\/wp-json\/wp\/v2\/product_brand?post=61946"},{"taxonomy":"product_cat","embeddable":true,"href":"https:\/\/erformance.eu\/et\/wp-json\/wp\/v2\/product_cat?post=61946"},{"taxonomy":"product_tag","embeddable":true,"href":"https:\/\/erformance.eu\/et\/wp-json\/wp\/v2\/product_tag?post=61946"}],"curies":[{"name":"wp","href":"https:\/\/api.w.org\/{rel}","templated":true}]}}