{"id":62213,"date":"2026-02-16T15:17:48","date_gmt":"2026-02-16T12:17:48","guid":{"rendered":"https:\/\/erformance.eu\/?post_type=product&#038;p=62213"},"modified":"2026-03-12T16:00:25","modified_gmt":"2026-03-12T13:00:25","slug":"audi-a4-b8-07-16-galinio-bagazines-dangcio-spyna","status":"publish","type":"product","link":"https:\/\/erformance.eu\/et\/toode\/audi-a4-b8-07-16-galinio-bagazines-dangcio-spyna\/","title":{"rendered":"Audi A4 B8 07-16 galinio baga\u017ein\u0117s dang\u010dio spyna"},"content":{"rendered":"<p>Prek\u0117: Galinio baga\u017ein\u0117s dang\u010dio u\u017eraktas<br \/>\nOriginalus numeris:<\/p>\n<p>4F9827383H<br \/>\n4F9827383G<br \/>\n4F9827383A<\/p>\n<p>PASTABA: auk\u0161\u010diau pateikti numeriai yra original\u016bs dali\u0173 numeriai, kuriuos \u0161is pasi\u016blymas pakei\u010dia. Prie\u0161 pirkdami, palyginkite juos su originaliu dalies numeriu. Jei jie skiriasi net vienu simboliu, dalis netiks, neveiks arba veiks netinkamai. Tokiu atveju jos nepirkite.<br \/>\nAutomobilis:<\/p>\n<p>Audi A4 \/ S4 \/ RS4 \/ Avant \/ Allroad B8 (8K_), gamybos metai: 2007-2016<br \/>\nAudi A6 \/ S6 \/ RS6 \/ Avant \/ Allroad C6 (4F_), pagaminimo metai: 2004\u20132011<br \/>\n\u201eAudi Q5 \/ SQ5 8R\u201c, pagaminimo metai: 2008\u20132017<br \/>\nAudi Q7 4L, gamybos metai: 2006-2016<br \/>\n\u201eSkoda Superb II Kombi\u201c (3T5), pagaminimo metai: 2009\u20132015<\/p>\n<p>Jungtis: 5 kontakt\u0173<br \/>\nGamintojas: pakaitalas<br \/>\nTechnin\u0117 b\u016bkl\u0117: prek\u0117 yra visi\u0161kai nauja, nenaudota, nepa\u017eeista ir nesugadinta<\/p>\n","protected":false},"excerpt":{"rendered":"<p>1. Prek\u0117: Galinio baga\u017ein\u0117s dang\u010dio u\u017eraktas2. Gamintojas: pakeitimas3. Automobilis:* Audi A4 B8 07-16* Audi A6 C6 04\u201311* Audi Q5 8R 08-17* Audi Q7 4L 06-16* Skoda Superb II universalas 09-15<\/p>\n","protected":false},"featured_media":62214,"comment_status":"open","ping_status":"closed","template":"","meta":[],"product_brand":[],"product_cat":[390,144,3911,3951,4156,4351],"product_tag":[],"class_list":{"0":"post-62213","1":"product","2":"type-product","3":"status-publish","4":"has-post-thumbnail","6":"product_cat-audi-a4","7":"product_cat-audi","8":"product_cat-audi-a4-b8","9":"product_cat-audi-a4-b8-isores-dalys","10":"product_cat-audi-a4-b8-isores-kitos-dalys","11":"product_cat-audi-a4-b8-mechanizmai-valytuvai","13":"first","14":"instock","15":"shipping-taxable","16":"purchasable","17":"product-type-simple"},"yoast_head":"<!-- This site is optimized with the Yoast SEO Premium plugin v25.2 (Yoast SEO v27.4) - https:\/\/yoast.com\/product\/yoast-seo-premium-wordpress\/ -->\n<title>Audi A4 B8 07-16 galinio baga\u017ein\u0117s dang\u010dio spyna - Erformance.eu<\/title>\n<meta name=\"robots\" content=\"index, follow, max-snippet:-1, max-image-preview:large, max-video-preview:-1\" \/>\n<link rel=\"canonical\" href=\"https:\/\/erformance.eu\/et\/toode\/audi-a4-b8-07-16-galinio-bagazines-dangcio-spyna\/\" \/>\n<meta property=\"og:locale\" content=\"et_EE\" \/>\n<meta property=\"og:type\" content=\"article\" \/>\n<meta property=\"og:title\" content=\"Audi A4 B8 07-16 galinio baga\u017ein\u0117s dang\u010dio spyna\" \/>\n<meta property=\"og:description\" content=\"1. Prek\u0117: Galinio baga\u017ein\u0117s dang\u010dio u\u017eraktas2. Gamintojas: pakeitimas3. Automobilis:* Audi A4 B8 07-16* Audi A6 C6 04\u201311* Audi Q5 8R 08-17* Audi Q7 4L 06-16* Skoda Superb II universalas 09-15\" \/>\n<meta property=\"og:url\" content=\"https:\/\/erformance.eu\/et\/toode\/audi-a4-b8-07-16-galinio-bagazines-dangcio-spyna\/\" \/>\n<meta property=\"og:site_name\" content=\"Erformance.eu\" \/>\n<meta property=\"article:modified_time\" content=\"2026-03-12T13:00:25+00:00\" \/>\n<meta property=\"og:image\" content=\"https:\/\/erformance.eu\/wp-content\/uploads\/2026\/02\/pol_pm_Audi-A4-B8-07-16-zamek-dociag-tylnej-klapy-bagaznika-28434_1.jpg\" \/>\n\t<meta property=\"og:image:width\" content=\"1200\" \/>\n\t<meta property=\"og:image:height\" content=\"1200\" \/>\n\t<meta property=\"og:image:type\" content=\"image\/jpeg\" \/>\n<meta name=\"twitter:card\" content=\"summary_large_image\" \/>\n<meta name=\"twitter:label1\" content=\"Est. reading time\" \/>\n\t<meta name=\"twitter:data1\" content=\"1 minut\" \/>\n<script type=\"application\/ld+json\" class=\"yoast-schema-graph\">{\"@context\":\"https:\\\/\\\/schema.org\",\"@graph\":[{\"@type\":\"WebPage\",\"@id\":\"https:\\\/\\\/erformance.eu\\\/et\\\/toode\\\/audi-a4-b8-07-16-galinio-bagazines-dangcio-spyna\\\/\",\"url\":\"https:\\\/\\\/erformance.eu\\\/et\\\/toode\\\/audi-a4-b8-07-16-galinio-bagazines-dangcio-spyna\\\/\",\"name\":\"Audi A4 B8 07-16 galinio baga\u017ein\u0117s dang\u010dio spyna - Erformance.eu\",\"isPartOf\":{\"@id\":\"https:\\\/\\\/erformance.eu\\\/et\\\/#website\"},\"primaryImageOfPage\":{\"@id\":\"https:\\\/\\\/erformance.eu\\\/et\\\/toode\\\/audi-a4-b8-07-16-galinio-bagazines-dangcio-spyna\\\/#primaryimage\"},\"image\":{\"@id\":\"https:\\\/\\\/erformance.eu\\\/et\\\/toode\\\/audi-a4-b8-07-16-galinio-bagazines-dangcio-spyna\\\/#primaryimage\"},\"thumbnailUrl\":\"https:\\\/\\\/erformance.eu\\\/wp-content\\\/uploads\\\/2026\\\/02\\\/pol_pm_Audi-A4-B8-07-16-zamek-dociag-tylnej-klapy-bagaznika-28434_1.jpg\",\"datePublished\":\"2026-02-16T12:17:48+00:00\",\"dateModified\":\"2026-03-12T13:00:25+00:00\",\"breadcrumb\":{\"@id\":\"https:\\\/\\\/erformance.eu\\\/et\\\/toode\\\/audi-a4-b8-07-16-galinio-bagazines-dangcio-spyna\\\/#breadcrumb\"},\"inLanguage\":\"et\",\"potentialAction\":[{\"@type\":\"ReadAction\",\"target\":[\"https:\\\/\\\/erformance.eu\\\/et\\\/toode\\\/audi-a4-b8-07-16-galinio-bagazines-dangcio-spyna\\\/\"]}]},{\"@type\":\"ImageObject\",\"inLanguage\":\"et\",\"@id\":\"https:\\\/\\\/erformance.eu\\\/et\\\/toode\\\/audi-a4-b8-07-16-galinio-bagazines-dangcio-spyna\\\/#primaryimage\",\"url\":\"https:\\\/\\\/erformance.eu\\\/wp-content\\\/uploads\\\/2026\\\/02\\\/pol_pm_Audi-A4-B8-07-16-zamek-dociag-tylnej-klapy-bagaznika-28434_1.jpg\",\"contentUrl\":\"https:\\\/\\\/erformance.eu\\\/wp-content\\\/uploads\\\/2026\\\/02\\\/pol_pm_Audi-A4-B8-07-16-zamek-dociag-tylnej-klapy-bagaznika-28434_1.jpg\",\"width\":1200,\"height\":1200},{\"@type\":\"BreadcrumbList\",\"@id\":\"https:\\\/\\\/erformance.eu\\\/et\\\/toode\\\/audi-a4-b8-07-16-galinio-bagazines-dangcio-spyna\\\/#breadcrumb\",\"itemListElement\":[{\"@type\":\"ListItem\",\"position\":1,\"name\":\"Home\",\"item\":\"https:\\\/\\\/erformance.eu\\\/et\\\/\"},{\"@type\":\"ListItem\",\"position\":2,\"name\":\"Pood\",\"item\":\"https:\\\/\\\/erformance.eu\\\/et\\\/pood\\\/\"},{\"@type\":\"ListItem\",\"position\":3,\"name\":\"Audi A4 B8 07-16 galinio baga\u017ein\u0117s dang\u010dio spyna\"}]},{\"@type\":\"WebSite\",\"@id\":\"https:\\\/\\\/erformance.eu\\\/et\\\/#website\",\"url\":\"https:\\\/\\\/erformance.eu\\\/et\\\/\",\"name\":\"Erformance.eu\",\"description\":\"Automobili\u0173 dali\u0173 parduotuv\u0117\",\"potentialAction\":[{\"@type\":\"SearchAction\",\"target\":{\"@type\":\"EntryPoint\",\"urlTemplate\":\"https:\\\/\\\/erformance.eu\\\/et\\\/?s={search_term_string}\"},\"query-input\":{\"@type\":\"PropertyValueSpecification\",\"valueRequired\":true,\"valueName\":\"search_term_string\"}}],\"inLanguage\":\"et\"}]}<\/script>\n<!-- \/ Yoast SEO Premium plugin. -->","yoast_head_json":{"title":"Audi A4 B8 07-16 galinio baga\u017ein\u0117s dang\u010dio spyna - Erformance.eu","robots":{"index":"index","follow":"follow","max-snippet":"max-snippet:-1","max-image-preview":"max-image-preview:large","max-video-preview":"max-video-preview:-1"},"canonical":"https:\/\/erformance.eu\/et\/toode\/audi-a4-b8-07-16-galinio-bagazines-dangcio-spyna\/","og_locale":"et_EE","og_type":"article","og_title":"Audi A4 B8 07-16 galinio baga\u017ein\u0117s dang\u010dio spyna","og_description":"1. Prek\u0117: Galinio baga\u017ein\u0117s dang\u010dio u\u017eraktas2. Gamintojas: pakeitimas3. Automobilis:* Audi A4 B8 07-16* Audi A6 C6 04\u201311* Audi Q5 8R 08-17* Audi Q7 4L 06-16* Skoda Superb II universalas 09-15","og_url":"https:\/\/erformance.eu\/et\/toode\/audi-a4-b8-07-16-galinio-bagazines-dangcio-spyna\/","og_site_name":"Erformance.eu","article_modified_time":"2026-03-12T13:00:25+00:00","og_image":[{"width":1200,"height":1200,"url":"https:\/\/erformance.eu\/wp-content\/uploads\/2026\/02\/pol_pm_Audi-A4-B8-07-16-zamek-dociag-tylnej-klapy-bagaznika-28434_1.jpg","type":"image\/jpeg"}],"twitter_card":"summary_large_image","twitter_misc":{"Est. reading time":"1 minut"},"schema":{"@context":"https:\/\/schema.org","@graph":[{"@type":"WebPage","@id":"https:\/\/erformance.eu\/et\/toode\/audi-a4-b8-07-16-galinio-bagazines-dangcio-spyna\/","url":"https:\/\/erformance.eu\/et\/toode\/audi-a4-b8-07-16-galinio-bagazines-dangcio-spyna\/","name":"Audi A4 B8 07-16 galinio baga\u017ein\u0117s dang\u010dio spyna - Erformance.eu","isPartOf":{"@id":"https:\/\/erformance.eu\/et\/#website"},"primaryImageOfPage":{"@id":"https:\/\/erformance.eu\/et\/toode\/audi-a4-b8-07-16-galinio-bagazines-dangcio-spyna\/#primaryimage"},"image":{"@id":"https:\/\/erformance.eu\/et\/toode\/audi-a4-b8-07-16-galinio-bagazines-dangcio-spyna\/#primaryimage"},"thumbnailUrl":"https:\/\/erformance.eu\/wp-content\/uploads\/2026\/02\/pol_pm_Audi-A4-B8-07-16-zamek-dociag-tylnej-klapy-bagaznika-28434_1.jpg","datePublished":"2026-02-16T12:17:48+00:00","dateModified":"2026-03-12T13:00:25+00:00","breadcrumb":{"@id":"https:\/\/erformance.eu\/et\/toode\/audi-a4-b8-07-16-galinio-bagazines-dangcio-spyna\/#breadcrumb"},"inLanguage":"et","potentialAction":[{"@type":"ReadAction","target":["https:\/\/erformance.eu\/et\/toode\/audi-a4-b8-07-16-galinio-bagazines-dangcio-spyna\/"]}]},{"@type":"ImageObject","inLanguage":"et","@id":"https:\/\/erformance.eu\/et\/toode\/audi-a4-b8-07-16-galinio-bagazines-dangcio-spyna\/#primaryimage","url":"https:\/\/erformance.eu\/wp-content\/uploads\/2026\/02\/pol_pm_Audi-A4-B8-07-16-zamek-dociag-tylnej-klapy-bagaznika-28434_1.jpg","contentUrl":"https:\/\/erformance.eu\/wp-content\/uploads\/2026\/02\/pol_pm_Audi-A4-B8-07-16-zamek-dociag-tylnej-klapy-bagaznika-28434_1.jpg","width":1200,"height":1200},{"@type":"BreadcrumbList","@id":"https:\/\/erformance.eu\/et\/toode\/audi-a4-b8-07-16-galinio-bagazines-dangcio-spyna\/#breadcrumb","itemListElement":[{"@type":"ListItem","position":1,"name":"Home","item":"https:\/\/erformance.eu\/et\/"},{"@type":"ListItem","position":2,"name":"Pood","item":"https:\/\/erformance.eu\/et\/pood\/"},{"@type":"ListItem","position":3,"name":"Audi A4 B8 07-16 galinio baga\u017ein\u0117s dang\u010dio spyna"}]},{"@type":"WebSite","@id":"https:\/\/erformance.eu\/et\/#website","url":"https:\/\/erformance.eu\/et\/","name":"Erformance.eu","description":"Automobili\u0173 dali\u0173 parduotuv\u0117","potentialAction":[{"@type":"SearchAction","target":{"@type":"EntryPoint","urlTemplate":"https:\/\/erformance.eu\/et\/?s={search_term_string}"},"query-input":{"@type":"PropertyValueSpecification","valueRequired":true,"valueName":"search_term_string"}}],"inLanguage":"et"}]}},"jetpack_sharing_enabled":true,"_links":{"self":[{"href":"https:\/\/erformance.eu\/et\/wp-json\/wp\/v2\/product\/62213","targetHints":{"allow":["GET"]}}],"collection":[{"href":"https:\/\/erformance.eu\/et\/wp-json\/wp\/v2\/product"}],"about":[{"href":"https:\/\/erformance.eu\/et\/wp-json\/wp\/v2\/types\/product"}],"replies":[{"embeddable":true,"href":"https:\/\/erformance.eu\/et\/wp-json\/wp\/v2\/comments?post=62213"}],"version-history":[{"count":1,"href":"https:\/\/erformance.eu\/et\/wp-json\/wp\/v2\/product\/62213\/revisions"}],"predecessor-version":[{"id":62220,"href":"https:\/\/erformance.eu\/et\/wp-json\/wp\/v2\/product\/62213\/revisions\/62220"}],"wp:featuredmedia":[{"embeddable":true,"href":"https:\/\/erformance.eu\/et\/wp-json\/wp\/v2\/media\/62214"}],"wp:attachment":[{"href":"https:\/\/erformance.eu\/et\/wp-json\/wp\/v2\/media?parent=62213"}],"wp:term":[{"taxonomy":"product_brand","embeddable":true,"href":"https:\/\/erformance.eu\/et\/wp-json\/wp\/v2\/product_brand?post=62213"},{"taxonomy":"product_cat","embeddable":true,"href":"https:\/\/erformance.eu\/et\/wp-json\/wp\/v2\/product_cat?post=62213"},{"taxonomy":"product_tag","embeddable":true,"href":"https:\/\/erformance.eu\/et\/wp-json\/wp\/v2\/product_tag?post=62213"}],"curies":[{"name":"wp","href":"https:\/\/api.w.org\/{rel}","templated":true}]}}