{"id":62404,"date":"2026-02-16T15:18:56","date_gmt":"2026-02-16T12:18:56","guid":{"rendered":"https:\/\/erformance.eu\/?post_type=product&#038;p=62404"},"modified":"2026-03-05T22:21:47","modified_gmt":"2026-03-05T19:21:47","slug":"audi-a3-8v-2014-1-2-tsi-1-4-tsi-oro-filtro-korpusas","status":"publish","type":"product","link":"https:\/\/erformance.eu\/et\/toode\/audi-a3-8v-2014-1-2-tsi-1-4-tsi-oro-filtro-korpusas\/","title":{"rendered":"Audi A3 8V 2014- 1.2 TSI \/ 1.4 TSI oro filtro korpusas"},"content":{"rendered":"<p>Prek\u0117: oro filtro korpusas<br \/>\nOriginalus numeris:<\/p>\n<p>04E129611AK<br \/>\n04E129611A<br \/>\n04E129611C<br \/>\n04E129611G<br \/>\n04E 129 611 AK<br \/>\n04E 129 611 A<br \/>\n04E 129 611 C<br \/>\n04E 129 611 G<\/p>\n<p>PASTABA: auk\u0161\u010diau pateikti numeriai yra original\u016bs dali\u0173 numeriai, kuriuos \u0161is pasi\u016blymas pakei\u010dia. Prie\u0161 pirkdami, palyginkite juos su originaliu dalies numeriu. Jei jie skiriasi net vienu simboliu, dalis netiks, neveiks arba veiks netinkamai. Tokiu atveju jos nepirkite.<br \/>\nAutomobilis:<\/p>\n<p>VW Golf VII, modeliai, pagaminti nuo 2012 m.<br \/>\nVW Beetle, pagaminimo metai: 2011\u20132019<br \/>\nVW Caddy III, pagaminimo metai: 2010\u20132015<br \/>\nVW Passat B8, modeliai, pagaminti nuo 2014 m.<br \/>\n\u201eSkoda Octavia III\u201c, modeliai, pagaminti nuo 2012 m.<br \/>\n\u201eSkoda Superb III\u201c, modeliai, pagaminti nuo 2015 m.<br \/>\n\u201eSeat Leon III\u201c, modeliai, pagaminti nuo 2012 m.<br \/>\n\u201eAudi A3 8V\u201c, modeliai, pagaminti nuo 2014 m.<\/p>\n<p>Variklis:<\/p>\n<p>1.2 TSS<br \/>\n1.4 TSI<\/p>\n<p>Gamintojas: pakaitalas<br \/>\nTechnin\u0117 b\u016bkl\u0117: prek\u0117 yra visi\u0161kai nauja, nenaudota, nepa\u017eeista ir nesugadinta<\/p>\n","protected":false},"excerpt":{"rendered":"<p>1. Prek\u0117: Oro filtro korpusas2. Automobilis:* VW Golf VII 2012-* VW Beetle 11-19* VW Caddy III 10-15* VW Passat B8 2014-* \u0160koda Octavia III 2012-* \u201eSkoda Superb III\u201c 2015\u2013* Seat Leon III 2012-* Audi A3 8V 2014-3. Variklis:* 1.2 TSI* 1.4 TSI<\/p>\n","protected":false},"featured_media":62405,"comment_status":"open","ping_status":"closed","template":"","meta":[],"product_brand":[],"product_cat":[3907,186,144,3947,4152],"product_tag":[],"class_list":{"0":"post-62404","1":"product","2":"type-product","3":"status-publish","4":"has-post-thumbnail","6":"product_cat-audi-a3-8v","7":"product_cat-a3","8":"product_cat-audi","9":"product_cat-audi-a3-8v-isores-dalys","10":"product_cat-audi-a3-8v-isores-kitos-dalys","12":"first","13":"instock","14":"shipping-taxable","15":"purchasable","16":"product-type-simple"},"yoast_head":"<!-- This site is optimized with the Yoast SEO Premium plugin v25.2 (Yoast SEO v27.4) - https:\/\/yoast.com\/product\/yoast-seo-premium-wordpress\/ -->\n<title>Audi A3 8V 2014- 1.2 TSI \/ 1.4 TSI oro filtro korpusas - Erformance.eu<\/title>\n<meta name=\"robots\" content=\"index, follow, max-snippet:-1, max-image-preview:large, max-video-preview:-1\" \/>\n<link rel=\"canonical\" href=\"https:\/\/erformance.eu\/et\/toode\/audi-a3-8v-2014-1-2-tsi-1-4-tsi-oro-filtro-korpusas\/\" \/>\n<meta property=\"og:locale\" content=\"et_EE\" \/>\n<meta property=\"og:type\" content=\"article\" \/>\n<meta property=\"og:title\" content=\"Audi A3 8V 2014- 1.2 TSI \/ 1.4 TSI oro filtro korpusas\" \/>\n<meta property=\"og:description\" content=\"1. Prek\u0117: Oro filtro korpusas2. Automobilis:* VW Golf VII 2012-* VW Beetle 11-19* VW Caddy III 10-15* VW Passat B8 2014-* \u0160koda Octavia III 2012-* \u201eSkoda Superb III\u201c 2015\u2013* Seat Leon III 2012-* Audi A3 8V 2014-3. Variklis:* 1.2 TSI* 1.4 TSI\" \/>\n<meta property=\"og:url\" content=\"https:\/\/erformance.eu\/et\/toode\/audi-a3-8v-2014-1-2-tsi-1-4-tsi-oro-filtro-korpusas\/\" \/>\n<meta property=\"og:site_name\" content=\"Erformance.eu\" \/>\n<meta property=\"article:modified_time\" content=\"2026-03-05T19:21:47+00:00\" \/>\n<meta property=\"og:image\" content=\"https:\/\/erformance.eu\/wp-content\/uploads\/2026\/02\/pol_pm_Audi-A3-8V-2014-1-2-TSI-1-4-TSI-obudowa-filtra-powietrza-32617_1.jpg\" \/>\n\t<meta property=\"og:image:width\" content=\"1200\" \/>\n\t<meta property=\"og:image:height\" content=\"1200\" \/>\n\t<meta property=\"og:image:type\" content=\"image\/jpeg\" \/>\n<meta name=\"twitter:card\" content=\"summary_large_image\" \/>\n<meta name=\"twitter:label1\" content=\"Est. reading time\" \/>\n\t<meta name=\"twitter:data1\" content=\"1 minut\" \/>\n<script type=\"application\/ld+json\" class=\"yoast-schema-graph\">{\"@context\":\"https:\\\/\\\/schema.org\",\"@graph\":[{\"@type\":\"WebPage\",\"@id\":\"https:\\\/\\\/erformance.eu\\\/et\\\/toode\\\/audi-a3-8v-2014-1-2-tsi-1-4-tsi-oro-filtro-korpusas\\\/\",\"url\":\"https:\\\/\\\/erformance.eu\\\/et\\\/toode\\\/audi-a3-8v-2014-1-2-tsi-1-4-tsi-oro-filtro-korpusas\\\/\",\"name\":\"Audi A3 8V 2014- 1.2 TSI \\\/ 1.4 TSI oro filtro korpusas - Erformance.eu\",\"isPartOf\":{\"@id\":\"https:\\\/\\\/erformance.eu\\\/et\\\/#website\"},\"primaryImageOfPage\":{\"@id\":\"https:\\\/\\\/erformance.eu\\\/et\\\/toode\\\/audi-a3-8v-2014-1-2-tsi-1-4-tsi-oro-filtro-korpusas\\\/#primaryimage\"},\"image\":{\"@id\":\"https:\\\/\\\/erformance.eu\\\/et\\\/toode\\\/audi-a3-8v-2014-1-2-tsi-1-4-tsi-oro-filtro-korpusas\\\/#primaryimage\"},\"thumbnailUrl\":\"https:\\\/\\\/erformance.eu\\\/wp-content\\\/uploads\\\/2026\\\/02\\\/pol_pm_Audi-A3-8V-2014-1-2-TSI-1-4-TSI-obudowa-filtra-powietrza-32617_1.jpg\",\"datePublished\":\"2026-02-16T12:18:56+00:00\",\"dateModified\":\"2026-03-05T19:21:47+00:00\",\"breadcrumb\":{\"@id\":\"https:\\\/\\\/erformance.eu\\\/et\\\/toode\\\/audi-a3-8v-2014-1-2-tsi-1-4-tsi-oro-filtro-korpusas\\\/#breadcrumb\"},\"inLanguage\":\"et\",\"potentialAction\":[{\"@type\":\"ReadAction\",\"target\":[\"https:\\\/\\\/erformance.eu\\\/et\\\/toode\\\/audi-a3-8v-2014-1-2-tsi-1-4-tsi-oro-filtro-korpusas\\\/\"]}]},{\"@type\":\"ImageObject\",\"inLanguage\":\"et\",\"@id\":\"https:\\\/\\\/erformance.eu\\\/et\\\/toode\\\/audi-a3-8v-2014-1-2-tsi-1-4-tsi-oro-filtro-korpusas\\\/#primaryimage\",\"url\":\"https:\\\/\\\/erformance.eu\\\/wp-content\\\/uploads\\\/2026\\\/02\\\/pol_pm_Audi-A3-8V-2014-1-2-TSI-1-4-TSI-obudowa-filtra-powietrza-32617_1.jpg\",\"contentUrl\":\"https:\\\/\\\/erformance.eu\\\/wp-content\\\/uploads\\\/2026\\\/02\\\/pol_pm_Audi-A3-8V-2014-1-2-TSI-1-4-TSI-obudowa-filtra-powietrza-32617_1.jpg\",\"width\":1200,\"height\":1200},{\"@type\":\"BreadcrumbList\",\"@id\":\"https:\\\/\\\/erformance.eu\\\/et\\\/toode\\\/audi-a3-8v-2014-1-2-tsi-1-4-tsi-oro-filtro-korpusas\\\/#breadcrumb\",\"itemListElement\":[{\"@type\":\"ListItem\",\"position\":1,\"name\":\"Home\",\"item\":\"https:\\\/\\\/erformance.eu\\\/et\\\/\"},{\"@type\":\"ListItem\",\"position\":2,\"name\":\"Pood\",\"item\":\"https:\\\/\\\/erformance.eu\\\/et\\\/pood\\\/\"},{\"@type\":\"ListItem\",\"position\":3,\"name\":\"Audi A3 8V 2014- 1.2 TSI \\\/ 1.4 TSI oro filtro korpusas\"}]},{\"@type\":\"WebSite\",\"@id\":\"https:\\\/\\\/erformance.eu\\\/et\\\/#website\",\"url\":\"https:\\\/\\\/erformance.eu\\\/et\\\/\",\"name\":\"Erformance.eu\",\"description\":\"Automobili\u0173 dali\u0173 parduotuv\u0117\",\"potentialAction\":[{\"@type\":\"SearchAction\",\"target\":{\"@type\":\"EntryPoint\",\"urlTemplate\":\"https:\\\/\\\/erformance.eu\\\/et\\\/?s={search_term_string}\"},\"query-input\":{\"@type\":\"PropertyValueSpecification\",\"valueRequired\":true,\"valueName\":\"search_term_string\"}}],\"inLanguage\":\"et\"}]}<\/script>\n<!-- \/ Yoast SEO Premium plugin. -->","yoast_head_json":{"title":"Audi A3 8V 2014- 1.2 TSI \/ 1.4 TSI oro filtro korpusas - Erformance.eu","robots":{"index":"index","follow":"follow","max-snippet":"max-snippet:-1","max-image-preview":"max-image-preview:large","max-video-preview":"max-video-preview:-1"},"canonical":"https:\/\/erformance.eu\/et\/toode\/audi-a3-8v-2014-1-2-tsi-1-4-tsi-oro-filtro-korpusas\/","og_locale":"et_EE","og_type":"article","og_title":"Audi A3 8V 2014- 1.2 TSI \/ 1.4 TSI oro filtro korpusas","og_description":"1. Prek\u0117: Oro filtro korpusas2. Automobilis:* VW Golf VII 2012-* VW Beetle 11-19* VW Caddy III 10-15* VW Passat B8 2014-* \u0160koda Octavia III 2012-* \u201eSkoda Superb III\u201c 2015\u2013* Seat Leon III 2012-* Audi A3 8V 2014-3. Variklis:* 1.2 TSI* 1.4 TSI","og_url":"https:\/\/erformance.eu\/et\/toode\/audi-a3-8v-2014-1-2-tsi-1-4-tsi-oro-filtro-korpusas\/","og_site_name":"Erformance.eu","article_modified_time":"2026-03-05T19:21:47+00:00","og_image":[{"width":1200,"height":1200,"url":"https:\/\/erformance.eu\/wp-content\/uploads\/2026\/02\/pol_pm_Audi-A3-8V-2014-1-2-TSI-1-4-TSI-obudowa-filtra-powietrza-32617_1.jpg","type":"image\/jpeg"}],"twitter_card":"summary_large_image","twitter_misc":{"Est. reading time":"1 minut"},"schema":{"@context":"https:\/\/schema.org","@graph":[{"@type":"WebPage","@id":"https:\/\/erformance.eu\/et\/toode\/audi-a3-8v-2014-1-2-tsi-1-4-tsi-oro-filtro-korpusas\/","url":"https:\/\/erformance.eu\/et\/toode\/audi-a3-8v-2014-1-2-tsi-1-4-tsi-oro-filtro-korpusas\/","name":"Audi A3 8V 2014- 1.2 TSI \/ 1.4 TSI oro filtro korpusas - Erformance.eu","isPartOf":{"@id":"https:\/\/erformance.eu\/et\/#website"},"primaryImageOfPage":{"@id":"https:\/\/erformance.eu\/et\/toode\/audi-a3-8v-2014-1-2-tsi-1-4-tsi-oro-filtro-korpusas\/#primaryimage"},"image":{"@id":"https:\/\/erformance.eu\/et\/toode\/audi-a3-8v-2014-1-2-tsi-1-4-tsi-oro-filtro-korpusas\/#primaryimage"},"thumbnailUrl":"https:\/\/erformance.eu\/wp-content\/uploads\/2026\/02\/pol_pm_Audi-A3-8V-2014-1-2-TSI-1-4-TSI-obudowa-filtra-powietrza-32617_1.jpg","datePublished":"2026-02-16T12:18:56+00:00","dateModified":"2026-03-05T19:21:47+00:00","breadcrumb":{"@id":"https:\/\/erformance.eu\/et\/toode\/audi-a3-8v-2014-1-2-tsi-1-4-tsi-oro-filtro-korpusas\/#breadcrumb"},"inLanguage":"et","potentialAction":[{"@type":"ReadAction","target":["https:\/\/erformance.eu\/et\/toode\/audi-a3-8v-2014-1-2-tsi-1-4-tsi-oro-filtro-korpusas\/"]}]},{"@type":"ImageObject","inLanguage":"et","@id":"https:\/\/erformance.eu\/et\/toode\/audi-a3-8v-2014-1-2-tsi-1-4-tsi-oro-filtro-korpusas\/#primaryimage","url":"https:\/\/erformance.eu\/wp-content\/uploads\/2026\/02\/pol_pm_Audi-A3-8V-2014-1-2-TSI-1-4-TSI-obudowa-filtra-powietrza-32617_1.jpg","contentUrl":"https:\/\/erformance.eu\/wp-content\/uploads\/2026\/02\/pol_pm_Audi-A3-8V-2014-1-2-TSI-1-4-TSI-obudowa-filtra-powietrza-32617_1.jpg","width":1200,"height":1200},{"@type":"BreadcrumbList","@id":"https:\/\/erformance.eu\/et\/toode\/audi-a3-8v-2014-1-2-tsi-1-4-tsi-oro-filtro-korpusas\/#breadcrumb","itemListElement":[{"@type":"ListItem","position":1,"name":"Home","item":"https:\/\/erformance.eu\/et\/"},{"@type":"ListItem","position":2,"name":"Pood","item":"https:\/\/erformance.eu\/et\/pood\/"},{"@type":"ListItem","position":3,"name":"Audi A3 8V 2014- 1.2 TSI \/ 1.4 TSI oro filtro korpusas"}]},{"@type":"WebSite","@id":"https:\/\/erformance.eu\/et\/#website","url":"https:\/\/erformance.eu\/et\/","name":"Erformance.eu","description":"Automobili\u0173 dali\u0173 parduotuv\u0117","potentialAction":[{"@type":"SearchAction","target":{"@type":"EntryPoint","urlTemplate":"https:\/\/erformance.eu\/et\/?s={search_term_string}"},"query-input":{"@type":"PropertyValueSpecification","valueRequired":true,"valueName":"search_term_string"}}],"inLanguage":"et"}]}},"jetpack_sharing_enabled":true,"_links":{"self":[{"href":"https:\/\/erformance.eu\/et\/wp-json\/wp\/v2\/product\/62404","targetHints":{"allow":["GET"]}}],"collection":[{"href":"https:\/\/erformance.eu\/et\/wp-json\/wp\/v2\/product"}],"about":[{"href":"https:\/\/erformance.eu\/et\/wp-json\/wp\/v2\/types\/product"}],"replies":[{"embeddable":true,"href":"https:\/\/erformance.eu\/et\/wp-json\/wp\/v2\/comments?post=62404"}],"version-history":[{"count":1,"href":"https:\/\/erformance.eu\/et\/wp-json\/wp\/v2\/product\/62404\/revisions"}],"predecessor-version":[{"id":62407,"href":"https:\/\/erformance.eu\/et\/wp-json\/wp\/v2\/product\/62404\/revisions\/62407"}],"wp:featuredmedia":[{"embeddable":true,"href":"https:\/\/erformance.eu\/et\/wp-json\/wp\/v2\/media\/62405"}],"wp:attachment":[{"href":"https:\/\/erformance.eu\/et\/wp-json\/wp\/v2\/media?parent=62404"}],"wp:term":[{"taxonomy":"product_brand","embeddable":true,"href":"https:\/\/erformance.eu\/et\/wp-json\/wp\/v2\/product_brand?post=62404"},{"taxonomy":"product_cat","embeddable":true,"href":"https:\/\/erformance.eu\/et\/wp-json\/wp\/v2\/product_cat?post=62404"},{"taxonomy":"product_tag","embeddable":true,"href":"https:\/\/erformance.eu\/et\/wp-json\/wp\/v2\/product_tag?post=62404"}],"curies":[{"name":"wp","href":"https:\/\/api.w.org\/{rel}","templated":true}]}}