{"id":62476,"date":"2026-02-16T15:19:25","date_gmt":"2026-02-16T12:19:25","guid":{"rendered":"https:\/\/erformance.eu\/?post_type=product&#038;p=62476"},"modified":"2026-03-05T20:02:00","modified_gmt":"2026-03-05T17:02:00","slug":"audi-a2-2000-1-2-tdi-1-4-tdi-purkstuku-jungtis","status":"publish","type":"product","link":"https:\/\/erformance.eu\/et\/toode\/audi-a2-2000-1-2-tdi-1-4-tdi-purkstuku-jungtis\/","title":{"rendered":"Audi A2 2000- 1.2 TDI \/ 1.4 TDI purk\u0161tuk\u0173 jungtis"},"content":{"rendered":"<p>Tema: purk\u0161tuko jungtis<br \/>\nOriginalus numeris: 045971600<br \/>\nPASTABA: auk\u0161\u010diau pateikti numeriai yra original\u016bs dali\u0173 numeriai, kuriuos \u0161is pasi\u016blymas pakei\u010dia. Prie\u0161 pirkdami, palyginkite juos su originaliu dalies numeriu. Jei jie skiriasi net vienu simboliu, dalis netiks, neveiks arba veiks netinkamai. Tokiu atveju jos nepirkite.<br \/>\nAutomobilis:<br \/>\n\u201eAudi A2\u201c, modeliai, pagaminti nuo 2000 m.<\/p>\n<p>1.2 TDI<br \/>\n1.4 TDI<\/p>\n<p>\u201eSeat AROSA\u201c, modeliai, pagaminti nuo 2000 m.<\/p>\n<p>1.4 TDI<\/p>\n<p>\u201eSeat CORDOBA\u201c, modeliai, pagaminti nuo 2002 m.<\/p>\n<p>1.4 TDI<\/p>\n<p>\u201eSeat IBIZA\u201c, modeliai, pagaminti nuo 2002 m.<\/p>\n<p>1.4 TDI<\/p>\n<p>\u201eSkoda FABIA\u201c, modeliai, pagaminti nuo 2003 m.<\/p>\n<p>1.4 TDI<\/p>\n<p>\u201eSkoda FABIA II\u201c, modeliai, pagaminti nuo 2007 m.<\/p>\n<p>1.4 TDI<\/p>\n<p>\u201eSkoda ROOMSTER\u201c, modeliai, pagaminti nuo 2006 m.<\/p>\n<p>1.4 TDI<\/p>\n<p>VW LUPO, modeliai, pagaminti nuo 1999 m.<\/p>\n<p>1.2 TDI<br \/>\n1.4 TDI<\/p>\n<p>VW POLO, modeliai, pagaminti nuo 2001 m.<\/p>\n<p>1.4 TDI<\/p>\n<p>VW FOX, modeliai, pagaminti nuo 2005 m.<\/p>\n<p>1.4 TDI<\/p>\n<p>Gamintojas: pakaitalas<br \/>\nTechnin\u0117 b\u016bkl\u0117: prek\u0117 yra visi\u0161kai nauja, nenaudota, nepa\u017eeista ir nesugadinta<\/p>\n","protected":false},"excerpt":{"rendered":"<p>1. Prek\u0117: \u012epur\u0161kimo \u012frenginio laidynas2. Automobilis:Audi A2 2000-Seat Arosa 2000-Seat Cordoba 2002-Seat Ibiza 2002-\u0160koda Fabia I 2003-II 2007-\u0160koda Roomster 2006-VW Lupo 1999-VW Polo 2001-VW Fox 2005-3. Variklis:1.2 TDI1.4 TDI<\/p>\n","protected":false},"featured_media":62477,"comment_status":"open","ping_status":"closed","template":"","meta":[],"product_brand":[],"product_cat":[3904,393,144,3944,4149],"product_tag":[],"class_list":{"0":"post-62476","1":"product","2":"type-product","3":"status-publish","4":"has-post-thumbnail","6":"product_cat-audi-a2-8z","7":"product_cat-audi-a2","8":"product_cat-audi","9":"product_cat-audi-a2-8z-isores-dalys","10":"product_cat-audi-a2-8z-isores-kitos-dalys","12":"first","13":"instock","14":"shipping-taxable","15":"purchasable","16":"product-type-simple"},"yoast_head":"<!-- This site is optimized with the Yoast SEO Premium plugin v25.2 (Yoast SEO v27.3) - https:\/\/yoast.com\/product\/yoast-seo-premium-wordpress\/ -->\n<title>Audi A2 2000- 1.2 TDI \/ 1.4 TDI purk\u0161tuk\u0173 jungtis - Erformance.eu<\/title>\n<meta name=\"robots\" content=\"index, follow, max-snippet:-1, max-image-preview:large, max-video-preview:-1\" \/>\n<link rel=\"canonical\" href=\"https:\/\/erformance.eu\/et\/toode\/audi-a2-2000-1-2-tdi-1-4-tdi-purkstuku-jungtis\/\" \/>\n<meta property=\"og:locale\" content=\"et_EE\" \/>\n<meta property=\"og:type\" content=\"article\" \/>\n<meta property=\"og:title\" content=\"Audi A2 2000- 1.2 TDI \/ 1.4 TDI purk\u0161tuk\u0173 jungtis\" \/>\n<meta property=\"og:description\" content=\"1. Prek\u0117: \u012epur\u0161kimo \u012frenginio laidynas2. Automobilis:Audi A2 2000-Seat Arosa 2000-Seat Cordoba 2002-Seat Ibiza 2002-\u0160koda Fabia I 2003-II 2007-\u0160koda Roomster 2006-VW Lupo 1999-VW Polo 2001-VW Fox 2005-3. Variklis:1.2 TDI1.4 TDI\" \/>\n<meta property=\"og:url\" content=\"https:\/\/erformance.eu\/et\/toode\/audi-a2-2000-1-2-tdi-1-4-tdi-purkstuku-jungtis\/\" \/>\n<meta property=\"og:site_name\" content=\"Erformance.eu\" \/>\n<meta property=\"article:modified_time\" content=\"2026-03-05T17:02:00+00:00\" \/>\n<meta property=\"og:image\" content=\"https:\/\/erformance.eu\/wp-content\/uploads\/2026\/02\/pol_pm_Audi-A2-2000-1-2-TDI-1-4-TDI-wiazka-pompowtryskiwaczy-31278_1.jpg\" \/>\n\t<meta property=\"og:image:width\" content=\"1200\" \/>\n\t<meta property=\"og:image:height\" content=\"1200\" \/>\n\t<meta property=\"og:image:type\" content=\"image\/jpeg\" \/>\n<meta name=\"twitter:card\" content=\"summary_large_image\" \/>\n<meta name=\"twitter:label1\" content=\"Est. reading time\" \/>\n\t<meta name=\"twitter:data1\" content=\"1 minut\" \/>\n<script type=\"application\/ld+json\" class=\"yoast-schema-graph\">{\"@context\":\"https:\\\/\\\/schema.org\",\"@graph\":[{\"@type\":\"WebPage\",\"@id\":\"https:\\\/\\\/erformance.eu\\\/et\\\/toode\\\/audi-a2-2000-1-2-tdi-1-4-tdi-purkstuku-jungtis\\\/\",\"url\":\"https:\\\/\\\/erformance.eu\\\/et\\\/toode\\\/audi-a2-2000-1-2-tdi-1-4-tdi-purkstuku-jungtis\\\/\",\"name\":\"Audi A2 2000- 1.2 TDI \\\/ 1.4 TDI purk\u0161tuk\u0173 jungtis - Erformance.eu\",\"isPartOf\":{\"@id\":\"https:\\\/\\\/erformance.eu\\\/et\\\/#website\"},\"primaryImageOfPage\":{\"@id\":\"https:\\\/\\\/erformance.eu\\\/et\\\/toode\\\/audi-a2-2000-1-2-tdi-1-4-tdi-purkstuku-jungtis\\\/#primaryimage\"},\"image\":{\"@id\":\"https:\\\/\\\/erformance.eu\\\/et\\\/toode\\\/audi-a2-2000-1-2-tdi-1-4-tdi-purkstuku-jungtis\\\/#primaryimage\"},\"thumbnailUrl\":\"https:\\\/\\\/erformance.eu\\\/wp-content\\\/uploads\\\/2026\\\/02\\\/pol_pm_Audi-A2-2000-1-2-TDI-1-4-TDI-wiazka-pompowtryskiwaczy-31278_1.jpg\",\"datePublished\":\"2026-02-16T12:19:25+00:00\",\"dateModified\":\"2026-03-05T17:02:00+00:00\",\"breadcrumb\":{\"@id\":\"https:\\\/\\\/erformance.eu\\\/et\\\/toode\\\/audi-a2-2000-1-2-tdi-1-4-tdi-purkstuku-jungtis\\\/#breadcrumb\"},\"inLanguage\":\"et\",\"potentialAction\":[{\"@type\":\"ReadAction\",\"target\":[\"https:\\\/\\\/erformance.eu\\\/et\\\/toode\\\/audi-a2-2000-1-2-tdi-1-4-tdi-purkstuku-jungtis\\\/\"]}]},{\"@type\":\"ImageObject\",\"inLanguage\":\"et\",\"@id\":\"https:\\\/\\\/erformance.eu\\\/et\\\/toode\\\/audi-a2-2000-1-2-tdi-1-4-tdi-purkstuku-jungtis\\\/#primaryimage\",\"url\":\"https:\\\/\\\/erformance.eu\\\/wp-content\\\/uploads\\\/2026\\\/02\\\/pol_pm_Audi-A2-2000-1-2-TDI-1-4-TDI-wiazka-pompowtryskiwaczy-31278_1.jpg\",\"contentUrl\":\"https:\\\/\\\/erformance.eu\\\/wp-content\\\/uploads\\\/2026\\\/02\\\/pol_pm_Audi-A2-2000-1-2-TDI-1-4-TDI-wiazka-pompowtryskiwaczy-31278_1.jpg\",\"width\":1200,\"height\":1200},{\"@type\":\"BreadcrumbList\",\"@id\":\"https:\\\/\\\/erformance.eu\\\/et\\\/toode\\\/audi-a2-2000-1-2-tdi-1-4-tdi-purkstuku-jungtis\\\/#breadcrumb\",\"itemListElement\":[{\"@type\":\"ListItem\",\"position\":1,\"name\":\"Home\",\"item\":\"https:\\\/\\\/erformance.eu\\\/et\\\/\"},{\"@type\":\"ListItem\",\"position\":2,\"name\":\"Pood\",\"item\":\"https:\\\/\\\/erformance.eu\\\/et\\\/pood\\\/\"},{\"@type\":\"ListItem\",\"position\":3,\"name\":\"Audi A2 2000- 1.2 TDI \\\/ 1.4 TDI purk\u0161tuk\u0173 jungtis\"}]},{\"@type\":\"WebSite\",\"@id\":\"https:\\\/\\\/erformance.eu\\\/et\\\/#website\",\"url\":\"https:\\\/\\\/erformance.eu\\\/et\\\/\",\"name\":\"Erformance.eu\",\"description\":\"Automobili\u0173 dali\u0173 parduotuv\u0117\",\"potentialAction\":[{\"@type\":\"SearchAction\",\"target\":{\"@type\":\"EntryPoint\",\"urlTemplate\":\"https:\\\/\\\/erformance.eu\\\/et\\\/?s={search_term_string}\"},\"query-input\":{\"@type\":\"PropertyValueSpecification\",\"valueRequired\":true,\"valueName\":\"search_term_string\"}}],\"inLanguage\":\"et\"}]}<\/script>\n<!-- \/ Yoast SEO Premium plugin. -->","yoast_head_json":{"title":"Audi A2 2000- 1.2 TDI \/ 1.4 TDI purk\u0161tuk\u0173 jungtis - Erformance.eu","robots":{"index":"index","follow":"follow","max-snippet":"max-snippet:-1","max-image-preview":"max-image-preview:large","max-video-preview":"max-video-preview:-1"},"canonical":"https:\/\/erformance.eu\/et\/toode\/audi-a2-2000-1-2-tdi-1-4-tdi-purkstuku-jungtis\/","og_locale":"et_EE","og_type":"article","og_title":"Audi A2 2000- 1.2 TDI \/ 1.4 TDI purk\u0161tuk\u0173 jungtis","og_description":"1. Prek\u0117: \u012epur\u0161kimo \u012frenginio laidynas2. Automobilis:Audi A2 2000-Seat Arosa 2000-Seat Cordoba 2002-Seat Ibiza 2002-\u0160koda Fabia I 2003-II 2007-\u0160koda Roomster 2006-VW Lupo 1999-VW Polo 2001-VW Fox 2005-3. Variklis:1.2 TDI1.4 TDI","og_url":"https:\/\/erformance.eu\/et\/toode\/audi-a2-2000-1-2-tdi-1-4-tdi-purkstuku-jungtis\/","og_site_name":"Erformance.eu","article_modified_time":"2026-03-05T17:02:00+00:00","og_image":[{"width":1200,"height":1200,"url":"https:\/\/erformance.eu\/wp-content\/uploads\/2026\/02\/pol_pm_Audi-A2-2000-1-2-TDI-1-4-TDI-wiazka-pompowtryskiwaczy-31278_1.jpg","type":"image\/jpeg"}],"twitter_card":"summary_large_image","twitter_misc":{"Est. reading time":"1 minut"},"schema":{"@context":"https:\/\/schema.org","@graph":[{"@type":"WebPage","@id":"https:\/\/erformance.eu\/et\/toode\/audi-a2-2000-1-2-tdi-1-4-tdi-purkstuku-jungtis\/","url":"https:\/\/erformance.eu\/et\/toode\/audi-a2-2000-1-2-tdi-1-4-tdi-purkstuku-jungtis\/","name":"Audi A2 2000- 1.2 TDI \/ 1.4 TDI purk\u0161tuk\u0173 jungtis - Erformance.eu","isPartOf":{"@id":"https:\/\/erformance.eu\/et\/#website"},"primaryImageOfPage":{"@id":"https:\/\/erformance.eu\/et\/toode\/audi-a2-2000-1-2-tdi-1-4-tdi-purkstuku-jungtis\/#primaryimage"},"image":{"@id":"https:\/\/erformance.eu\/et\/toode\/audi-a2-2000-1-2-tdi-1-4-tdi-purkstuku-jungtis\/#primaryimage"},"thumbnailUrl":"https:\/\/erformance.eu\/wp-content\/uploads\/2026\/02\/pol_pm_Audi-A2-2000-1-2-TDI-1-4-TDI-wiazka-pompowtryskiwaczy-31278_1.jpg","datePublished":"2026-02-16T12:19:25+00:00","dateModified":"2026-03-05T17:02:00+00:00","breadcrumb":{"@id":"https:\/\/erformance.eu\/et\/toode\/audi-a2-2000-1-2-tdi-1-4-tdi-purkstuku-jungtis\/#breadcrumb"},"inLanguage":"et","potentialAction":[{"@type":"ReadAction","target":["https:\/\/erformance.eu\/et\/toode\/audi-a2-2000-1-2-tdi-1-4-tdi-purkstuku-jungtis\/"]}]},{"@type":"ImageObject","inLanguage":"et","@id":"https:\/\/erformance.eu\/et\/toode\/audi-a2-2000-1-2-tdi-1-4-tdi-purkstuku-jungtis\/#primaryimage","url":"https:\/\/erformance.eu\/wp-content\/uploads\/2026\/02\/pol_pm_Audi-A2-2000-1-2-TDI-1-4-TDI-wiazka-pompowtryskiwaczy-31278_1.jpg","contentUrl":"https:\/\/erformance.eu\/wp-content\/uploads\/2026\/02\/pol_pm_Audi-A2-2000-1-2-TDI-1-4-TDI-wiazka-pompowtryskiwaczy-31278_1.jpg","width":1200,"height":1200},{"@type":"BreadcrumbList","@id":"https:\/\/erformance.eu\/et\/toode\/audi-a2-2000-1-2-tdi-1-4-tdi-purkstuku-jungtis\/#breadcrumb","itemListElement":[{"@type":"ListItem","position":1,"name":"Home","item":"https:\/\/erformance.eu\/et\/"},{"@type":"ListItem","position":2,"name":"Pood","item":"https:\/\/erformance.eu\/et\/pood\/"},{"@type":"ListItem","position":3,"name":"Audi A2 2000- 1.2 TDI \/ 1.4 TDI purk\u0161tuk\u0173 jungtis"}]},{"@type":"WebSite","@id":"https:\/\/erformance.eu\/et\/#website","url":"https:\/\/erformance.eu\/et\/","name":"Erformance.eu","description":"Automobili\u0173 dali\u0173 parduotuv\u0117","potentialAction":[{"@type":"SearchAction","target":{"@type":"EntryPoint","urlTemplate":"https:\/\/erformance.eu\/et\/?s={search_term_string}"},"query-input":{"@type":"PropertyValueSpecification","valueRequired":true,"valueName":"search_term_string"}}],"inLanguage":"et"}]}},"jetpack_sharing_enabled":true,"_links":{"self":[{"href":"https:\/\/erformance.eu\/et\/wp-json\/wp\/v2\/product\/62476","targetHints":{"allow":["GET"]}}],"collection":[{"href":"https:\/\/erformance.eu\/et\/wp-json\/wp\/v2\/product"}],"about":[{"href":"https:\/\/erformance.eu\/et\/wp-json\/wp\/v2\/types\/product"}],"replies":[{"embeddable":true,"href":"https:\/\/erformance.eu\/et\/wp-json\/wp\/v2\/comments?post=62476"}],"version-history":[{"count":1,"href":"https:\/\/erformance.eu\/et\/wp-json\/wp\/v2\/product\/62476\/revisions"}],"predecessor-version":[{"id":62483,"href":"https:\/\/erformance.eu\/et\/wp-json\/wp\/v2\/product\/62476\/revisions\/62483"}],"wp:featuredmedia":[{"embeddable":true,"href":"https:\/\/erformance.eu\/et\/wp-json\/wp\/v2\/media\/62477"}],"wp:attachment":[{"href":"https:\/\/erformance.eu\/et\/wp-json\/wp\/v2\/media?parent=62476"}],"wp:term":[{"taxonomy":"product_brand","embeddable":true,"href":"https:\/\/erformance.eu\/et\/wp-json\/wp\/v2\/product_brand?post=62476"},{"taxonomy":"product_cat","embeddable":true,"href":"https:\/\/erformance.eu\/et\/wp-json\/wp\/v2\/product_cat?post=62476"},{"taxonomy":"product_tag","embeddable":true,"href":"https:\/\/erformance.eu\/et\/wp-json\/wp\/v2\/product_tag?post=62476"}],"curies":[{"name":"wp","href":"https:\/\/api.w.org\/{rel}","templated":true}]}}