{"id":62546,"date":"2026-02-16T15:19:50","date_gmt":"2026-02-16T12:19:50","guid":{"rendered":"https:\/\/erformance.eu\/?post_type=product&#038;p=62546"},"modified":"2026-03-05T19:36:16","modified_gmt":"2026-03-05T16:36:16","slug":"audi-a1-a3-a4-a5-a6-a7-a8-q2-q3-q5-q7-q8-tt-degalu-bako-dangtelis","status":"publish","type":"product","link":"https:\/\/erformance.eu\/et\/toode\/audi-a1-a3-a4-a5-a6-a7-a8-q2-q3-q5-q7-q8-tt-degalu-bako-dangtelis\/","title":{"rendered":"Audi A1 A3 A4 A5 A6 A7 A8 Q2 Q3 Q5 Q7 Q8 TT degal\u0173 bako dangtelis"},"content":{"rendered":"<p>Prek\u0117: degal\u0173 bako dangtelis<br \/>\nOriginalus numeris:<\/p>\n<p>8K0201550L<br \/>\n7N0201550G<br \/>\n7N0201550C<br \/>\n7L8201550L<br \/>\n5WA201550F<br \/>\n5WA201550E<br \/>\n5Q0201550L<br \/>\n5Q0201550J<br \/>\n5Q0201550H<br \/>\n5Q0201550AT<br \/>\n5Q0201550AS<br \/>\n5Q0201550AN<br \/>\n5Q0201550AD<br \/>\n5N0201550C<br \/>\n5C0201550AF<br \/>\n4G0201550L<br \/>\n3AA201550M<br \/>\n3AA201550K<br \/>\n3AA201550A<\/p>\n<p>PASTABA: Auk\u0161\u010diau pateikt\u0105 numer\u012f reikia palyginti su originaliu detal\u0117s numeriu. Jei jis skirsis bent vienu simboliu, detal\u0117 netiks, neveiks arba veiks netinkamai.<br \/>\nAutomobilis:<\/p>\n<p>\u201eAudi A1 Sportback\u201c (GBA), modeliai, pagaminti nuo 2018 m.<br \/>\nAudi A1 CITY CARVER (GBH), modeliai, pagaminti nuo 2019 m.<br \/>\n\u201eAudi A1 Allstreet\u201c (GBH), modeliai, pagaminti nuo 2022 m.<br \/>\n\u201eAudi A3\u201c (8V1, 8VK), modeliai, pagaminti nuo 2012 m.<br \/>\n\u201eAudi A3 Limousine\u201c (8VS, 8VM), modeliai, pagaminti nuo 2013 m.<br \/>\n\u201eAudi A3 Sportback\u201c (8VA, 8VF), modeliai, pagaminti nuo 2012 m.<br \/>\n\u201eAudi A3 Allstreet\u201c (8YH), modeliai, pagaminti nuo 2022 m.<br \/>\n\u201eAudi A3 Limousine\u201c (8YS), modeliai, pagaminti nuo 2020 m.<br \/>\n\u201eAudi A3 Sportback\u201c (8YA), modeliai, pagaminti nuo 2019 m.<br \/>\nAudi A4 B8 (8K2), pagaminimo metai: 2007\u20132015<br \/>\nAudi A4 B8 Avant (8K5), gamybos metai: 2007-2015<br \/>\nAudi A4 Allroad B8 (8KH), pagaminimo metai: 2009\u20132016<br \/>\n\u201eAudi A4 B9\u201c (8W2, 8WC), modeliai, pagaminti nuo 2015 m.<br \/>\n\u201eAudi A4 B9 Avant\u201c (8W5, 8WD), modeliai, pagaminti nuo 2015 m.<br \/>\n\u201eAudi A4 Allroad B9\u201c (8WH, 8WJ), modeliai, pagaminti nuo 2016 m.<br \/>\nAudi A5 (8T3), pagaminimo metai: 2007\u20132017<br \/>\nAudi A5 Sportback (8TA), pagaminimo metai: 2009\u20132017<br \/>\n\u201eAudi A5\u201c (F53, F5P), modeliai, pagaminti nuo 2016 m.<br \/>\n\u201eAudi A5 Sportback\u201c (F5A, F5F), modeliai, pagaminti nuo 2016 m.<br \/>\n\u201eAudi A5\u201c kabrioletas (F57, F5E), modeliai, pagaminti nuo 2016 m.<br \/>\nAudi A6 C7 (4G2, 4GC), pagaminimo metai: 2010\u20132018<br \/>\nAudi A6 C7 Avant (4G5, 4GD), gamybos metai: 2011-2018<br \/>\nAudi A6 Allroad C7 (4GH, 4GJ), gamybos metai: 2012-2018<br \/>\n\u201eAudi A6 C8\u201c (4A2), modeliai, pagaminti nuo 2018 m.<br \/>\n\u201eAudi A6 C8 Avant\u201c (4A5), modeliai, pagaminti nuo 2018 m.<br \/>\nAudi A7 Sportback (4GA, 4GF), pagaminimo metai: 2010\u20132018<br \/>\nAudi A8 D4 (4H2, 4H8, 4HC, 4HL), pagaminimo metai: 2009\u20132018<br \/>\n\u201eAudi A8 D5\u201c (4N2, 4N8), modeliai, pagaminti nuo 2017 m.<br \/>\n\u201eAudi Q2\u201c (GAB, GAG), modeliai, pagaminti nuo 2016 m.<br \/>\n\u201eAudi Q3\u201c (F3B), modeliai, pagaminti nuo 2018 m.<br \/>\n\u201eAudi Q3 Sportback\u201c (F3N), modeliai, pagaminti nuo 2019 m.<br \/>\nAudi Q5 (8RB), gamybos metai: 2009\u20132017<br \/>\n\u201eAudi Q5\u201c (FYB, FYG), modeliai, pagaminti nuo 2016 m.<br \/>\n\u201eAudi Q5 Sportback\u201c (FYT), modeliai, pagaminti nuo 2020 m.<br \/>\nAudi Q7 (4LB), gamybos metai: 2006\u20132015<br \/>\n\u201eAudi Q7\u201c (4MB, 4MG), modeliai, pagaminti nuo 2015 m.<br \/>\nAudi Q7 (4MB, 4MG, 4MQ), modele produkowane od roku 2020<br \/>\nAudi Q8 (4MN), modele produkowane od roku 2018<br \/>\nAudi TT (FV3, FVP), modele produkowane od roku 2014<br \/>\nAudi TT Roadster (FV9, FVR), modele produkowane od roku 2014<br \/>\nCupra FORMENTOR (KM7), modele produkowane od roku 2020<br \/>\nCupra LEON (KL1), modele produkowane od roku 2020<br \/>\nCupra LEON Sportstourer (KL8), modele produkowane od roku 2020<br \/>\nSeat ALHAMBRA (710, 711), modele produkowane od roku 2010<br \/>\nSeat ARONA (KJ7), modele produkowane od roku 2017<br \/>\nSeat ATECA (KH7, KHP), modele produkowane od roku 2016<br \/>\nSeat IBIZA V (KJ1), modele produkowane od roku 2017<br \/>\nSeat LEON (5F1), modele produkowane od roku 2012<br \/>\nSeat LEON SC (5F5), modele produkowane od roku 2013<br \/>\nSeat LEON ST (5F8), modele produkowane od roku 2013<br \/>\nSeat LEON (KL1), modele produkowane od roku 2020<br \/>\nSeat LEON (KL1, KLG), modele produkowane od roku 2020<br \/>\nSeat LEON Sportstourer (KL8), modele produkowane od roku 2020<br \/>\nSeat TARRACO (KN2), modele produkowane od roku 2018<br \/>\nSkoda FABIA IV (PJ3), modele produkowane od roku 2021<br \/>\nSkoda KAMIQ (NW4), modele produkowane od roku 2019<br \/>\nSkoda KAROQ (NU7), modele produkowane od roku 2017<br \/>\nSkoda KODIAQ (NS7, NV7), modele produkowane od roku 2016<br \/>\nSkoda OCTAVIA III (5E3, NL3, NR3), modele produkowane od roku 2012<br \/>\nSkoda OCTAVIA III Combi (5E5, 5E6), modele produkowane od roku 2012<br \/>\nSkoda OCTAVIA IV (NX3), modele produkowane od roku 2020<br \/>\nSkoda OCTAVIA IV Combi (NX5), modele produkowane od roku 2020<br \/>\nSkoda SCALA (NW1), modele produkowane od roku 2019<br \/>\nSkoda SUPERB III (3V3), modele produkowane od roku 2015<br \/>\nSkoda SUPERB III Kombi (3V5), modele produkowane od roku 2015<br \/>\nVolkswagen ARTEON (3H7, 3H8), modele produkowane od roku 2017<br \/>\nVolkswagen CADDY IV (SB), modele produkowane od roku 2020<br \/>\nVolkswagen CRAFTER Autobus (SYI, SYJ), modele produkowane od roku 2016<br \/>\nVolkswagen CRAFTER Furgon (SY_, SX_), modele produkowane od roku 2015<br \/>\nVolkswagen CRAFTER Platforma \/ podwozie (SZ_), modele produkowane od roku 2016<br \/>\nVolkswagen GOLF SPORTSVAN VII (AM1, AN1), modele produkowane od roku 2014<br \/>\nVolkswagen GOLF VIII (CD1), modele produkowane od roku 2019<br \/>\nVolkswagen GOLF ALLTRACK VIII (CG5), modele produkowane od roku 2020<br \/>\nVolkswagen GOLF VIII Variant (CG5), modeliai, pagaminti nuo 2020 m.<br \/>\n\u201eVolkswagen JETTA USA\u201c (A7), modeliai, pagaminti nuo 2018 m.<br \/>\nVolkswagen MULTIVAN VII (T7), modeliai, pagaminti nuo 2021 m.<br \/>\n\u201eVolkswagen PASSAT\u201c (NMS) JAV, modeliai, pagaminti nuo 2011 m.<br \/>\n\u201eVolkswagen PASSAT B8\u201c (3G2, CB2), modeliai, pagaminti nuo 2014 m.<br \/>\n\u201eVolkswagen PASSAT B8 Variant\u201c (3G5, CB5), modeliai, pagaminti nuo 2014 m.<br \/>\n\u201eVolkswagen PASSAT ALLTRACK B8 Variant\u201c (3G5, CB5), modeliai, pagaminti nuo 2015 m.<br \/>\n\u201eVolkswagen SHARAN\u201c (7N1, 7N2), modeliai, pagaminti nuo 2010 m.<br \/>\nVolkswagen T-CROSS (C11), modeliai, pagaminti nuo 2018 m.<br \/>\n\u201eVolkswagen T-ROC\u201c (A11), modeliai, pagaminti nuo 2017 m.<br \/>\nVolkswagen TAIGO (CS1), modeliai, pagaminti nuo 2021 m.<br \/>\nVolkswagen TIGUAN (5N_), gamybos metai: 2007\u20132018<br \/>\nVolkswagen TIGUAN (AD1, AX1), modeliai, pagaminti nuo 2016 m.<br \/>\nVolkswagen TIGUAN ALLSPACE (BW2), modeliai, pagaminti nuo 2017 m.<br \/>\n\u201eVolkswagen TOUAREG\u201c (CR7), modeliai, pagaminti nuo 2018 m.<\/p>\n<p>Gamintojas: pakaitalas<br \/>\nTechnin\u0117 b\u016bkl\u0117: prek\u0117 yra visi\u0161kai nauja, nenaudota, nepa\u017eeista ir nesugadinta<\/p>\n","protected":false},"excerpt":{"rendered":"<p>1. Prek\u0117: Kuro \u012fpylimo angos dangtelis2. Gamintojas: pakeitimas3. Automobilis:Audi A1 GBAudi A3 8V 8YAudi A4 B8 B9Audi A5 8T F5Audi A6 C7 C8Audi A7 4GAudi A8 D4 D5Audi Q2 GAAudi Q3 F3Audi Q5 8R FYAudi Q7 4L 4MAudi Q8 4MAudi TT FV<\/p>\n","protected":false},"featured_media":62547,"comment_status":"open","ping_status":"closed","template":"","meta":[],"product_brand":[],"product_cat":[3920,3921,3930,3931,3932,3933,3905,3934,3906,3928,3927,3907,3902,392,186,390,391,394,395,396,144,3908,3909,3910,3911,3913,3912,3914,3916,3917,3918,3919,3935,3922,3923,3924,3925,3929,3926,3903,3954,3945,3968,3959,3950,3973,3964,3955,3946,3969,3960,3951,3974,3965,3956,3947,3970,3961,3952,3942,3966,3957,3948,3971,3962,3953,3943,3967,3958,3949,3972,3963,4159,4150,4173,4164,4155,4178,4169,4160,4151,4174,4165,4156,4179,4170,4161,4152,4175,4166,4157,4147,4171,4162,4153,4176,4167,4158,4148,4172,4163,4154,4177,4168,397,398,399,400,402,401],"product_tag":[],"class_list":{"0":"post-62546","1":"product","2":"type-product","3":"status-publish","4":"has-post-thumbnail","6":"product_cat-audi-a7-4g","7":"product_cat-audi-a7-4k","8":"product_cat-audi-q7-4l","9":"product_cat-audi-q7-4m","10":"product_cat-audi-q8-4m","11":"product_cat-audi-tt-8j","12":"product_cat-audi-a3-8l","13":"product_cat-audi-tt-8n","14":"product_cat-audi-a3-8p","15":"product_cat-audi-q5-8r","16":"product_cat-audi-q3-8u","17":"product_cat-audi-a3-8v","18":"product_cat-audi-a1-8x","19":"product_cat-audi-a1","20":"product_cat-a3","21":"product_cat-audi-a4","22":"product_cat-audi-a5","23":"product_cat-audi-a6","24":"product_cat-audi-a7","25":"product_cat-audi-a8","26":"product_cat-audi","27":"product_cat-audi-a4-b5","28":"product_cat-audi-a4-b6","29":"product_cat-audi-a4-b7","30":"product_cat-audi-a4-b8","31":"product_cat-audi-a5-b8-8t","32":"product_cat-audi-a4-b9","33":"product_cat-audi-a5-b9-f5","34":"product_cat-audi-a6-c4","35":"product_cat-audi-a6-c5","36":"product_cat-audi-a6-c6","37":"product_cat-audi-a6-c7","38":"product_cat-audi-a6-c8","39":"product_cat-audi-a8-d2","40":"product_cat-audi-a8-d3","41":"product_cat-audi-a8-d4","42":"product_cat-audi-a8-d5","43":"product_cat-audi-q5-fy","44":"product_cat-audi-q2-ga","45":"product_cat-audi-a1-gb","46":"product_cat-audi-a5-b9-f5-isores-dalys","47":"product_cat-audi-a3-8l-isores-dalys","48":"product_cat-audi-q5-8r-isores-dalys","49":"product_cat-audi-a6-c8-isores-dalys","50":"product_cat-audi-a4-b7-isores-dalys","51":"product_cat-audi-tt-8j-isores-dalys","52":"product_cat-audi-a8-d4-isores-dalys","53":"product_cat-audi-a6-c4-isores-dalys","54":"product_cat-audi-a3-8p-isores-dalys","55":"product_cat-audi-q5-fy-isores-dalys","56":"product_cat-audi-a7-4g-isores-dalys","57":"product_cat-audi-a4-b8-isores-dalys","58":"product_cat-audi-tt-8n-isores-dalys","59":"product_cat-audi-a8-d5-isores-dalys","60":"product_cat-audi-a6-c5-isores-dalys","61":"product_cat-audi-a3-8v-isores-dalys","62":"product_cat-audi-q7-4l-isores-dalys","63":"product_cat-audi-a7-4k-isores-dalys","64":"product_cat-audi-a4-b9-isores-dalys","65":"product_cat-audi-a1-8x-isores-dalys","66":"product_cat-audi-q2-ga-isores-dalys","67":"product_cat-audi-a6-c6-isores-dalys","68":"product_cat-audi-a4-b5-isores-dalys","69":"product_cat-audi-q7-4m-isores-dalys","70":"product_cat-audi-a8-d2-isores-dalys","71":"product_cat-audi-a5-b8-8t-isores-dalys","72":"product_cat-audi-a1-gb-isores-dalys","73":"product_cat-audi-q3-8u-isores-dalys","74":"product_cat-audi-a6-c7-isores-dalys","75":"product_cat-audi-a4-b6-isores-dalys","76":"product_cat-audi-q8-4m-isores-dalys","77":"product_cat-audi-a8-d3-isores-dalys","78":"product_cat-audi-a5-b9-f5-isores-kitos-dalys","79":"product_cat-audi-a3-8l-isores-kitos-dalys","80":"product_cat-audi-q5-8r-isores-kitos-dalys","81":"product_cat-audi-a6-c8-isores-kitos-dalys","82":"product_cat-audi-a4-b7-isores-kitos-dalys","83":"product_cat-audi-tt-8j-isores-kitos-dalys","84":"product_cat-audi-a8-d4-isores-kitos-dalys","85":"product_cat-audi-a6-c4-isores-kitos-dalys","86":"product_cat-audi-a3-8p-isores-kitos-dalys","87":"product_cat-audi-q5-fy-isores-kitos-dalys","88":"product_cat-audi-a7-4g-isores-kitos-dalys","89":"product_cat-audi-a4-b8-isores-kitos-dalys","90":"product_cat-audi-tt-8n-isores-kitos-dalys","91":"product_cat-audi-a8-d5-isores-kitos-dalys","92":"product_cat-audi-a6-c5-isores-kitos-dalys","93":"product_cat-audi-a3-8v-isores-kitos-dalys","94":"product_cat-audi-q7-4l-isores-kitos-dalys","95":"product_cat-audi-a7-4k-isores-kitos-dalys","96":"product_cat-audi-a4-b9-isores-kitos-dalys","97":"product_cat-audi-a1-8x-isores-kitos-dalys","98":"product_cat-audi-q2-ga-isores-kitos-dalys","99":"product_cat-audi-a6-c6-isores-kitos-dalys","100":"product_cat-audi-a4-b5-isores-kitos-dalys","101":"product_cat-audi-q7-4m-isores-kitos-dalys","102":"product_cat-audi-a8-d2-isores-kitos-dalys","103":"product_cat-audi-a5-b8-8t-isores-kitos-dalys","104":"product_cat-audi-a1-gb-isores-kitos-dalys","105":"product_cat-audi-q3-8u-isores-kitos-dalys","106":"product_cat-audi-a6-c7-isores-kitos-dalys","107":"product_cat-audi-a4-b6-isores-kitos-dalys","108":"product_cat-audi-q8-4m-isores-kitos-dalys","109":"product_cat-audi-a8-d3-isores-kitos-dalys","110":"product_cat-audi-q2","111":"product_cat-audi-q3","112":"product_cat-audi-q5","113":"product_cat-audi-q7","114":"product_cat-audi-q8","115":"product_cat-audi-tt","117":"first","118":"instock","119":"shipping-taxable","120":"purchasable","121":"product-type-simple"},"yoast_head":"<!-- This site is optimized with the Yoast SEO Premium plugin v25.2 (Yoast SEO v27.4) - https:\/\/yoast.com\/product\/yoast-seo-premium-wordpress\/ -->\n<title>Audi A1 A3 A4 A5 A6 A7 A8 Q2 Q3 Q5 Q7 Q8 TT degal\u0173 bako dangtelis - Erformance.eu<\/title>\n<meta name=\"robots\" content=\"index, follow, max-snippet:-1, max-image-preview:large, max-video-preview:-1\" \/>\n<link rel=\"canonical\" href=\"https:\/\/erformance.eu\/et\/toode\/audi-a1-a3-a4-a5-a6-a7-a8-q2-q3-q5-q7-q8-tt-degalu-bako-dangtelis\/\" \/>\n<meta property=\"og:locale\" content=\"et_EE\" \/>\n<meta property=\"og:type\" content=\"article\" \/>\n<meta property=\"og:title\" content=\"Audi A1 A3 A4 A5 A6 A7 A8 Q2 Q3 Q5 Q7 Q8 TT degal\u0173 bako dangtelis\" \/>\n<meta property=\"og:description\" content=\"1. Prek\u0117: Kuro \u012fpylimo angos dangtelis2. Gamintojas: pakeitimas3. Automobilis:Audi A1 GBAudi A3 8V 8YAudi A4 B8 B9Audi A5 8T F5Audi A6 C7 C8Audi A7 4GAudi A8 D4 D5Audi Q2 GAAudi Q3 F3Audi Q5 8R FYAudi Q7 4L 4MAudi Q8 4MAudi TT FV\" \/>\n<meta property=\"og:url\" content=\"https:\/\/erformance.eu\/et\/toode\/audi-a1-a3-a4-a5-a6-a7-a8-q2-q3-q5-q7-q8-tt-degalu-bako-dangtelis\/\" \/>\n<meta property=\"og:site_name\" content=\"Erformance.eu\" \/>\n<meta property=\"article:modified_time\" content=\"2026-03-05T16:36:16+00:00\" \/>\n<meta property=\"og:image\" content=\"https:\/\/erformance.eu\/wp-content\/uploads\/2026\/02\/pol_pm_Audi-A1-A3-A4-A5-A6-A7-A8-Q2-Q3-Q5-Q7-Q8-TT-korek-wlewu-paliwa-35247_1.jpg\" \/>\n\t<meta property=\"og:image:width\" content=\"1200\" \/>\n\t<meta property=\"og:image:height\" content=\"1200\" \/>\n\t<meta property=\"og:image:type\" content=\"image\/jpeg\" \/>\n<meta name=\"twitter:card\" content=\"summary_large_image\" \/>\n<meta name=\"twitter:label1\" content=\"Est. reading time\" \/>\n\t<meta name=\"twitter:data1\" content=\"4 minutit\" \/>\n<script type=\"application\/ld+json\" class=\"yoast-schema-graph\">{\"@context\":\"https:\\\/\\\/schema.org\",\"@graph\":[{\"@type\":\"WebPage\",\"@id\":\"https:\\\/\\\/erformance.eu\\\/et\\\/toode\\\/audi-a1-a3-a4-a5-a6-a7-a8-q2-q3-q5-q7-q8-tt-degalu-bako-dangtelis\\\/\",\"url\":\"https:\\\/\\\/erformance.eu\\\/et\\\/toode\\\/audi-a1-a3-a4-a5-a6-a7-a8-q2-q3-q5-q7-q8-tt-degalu-bako-dangtelis\\\/\",\"name\":\"Audi A1 A3 A4 A5 A6 A7 A8 Q2 Q3 Q5 Q7 Q8 TT degal\u0173 bako dangtelis - Erformance.eu\",\"isPartOf\":{\"@id\":\"https:\\\/\\\/erformance.eu\\\/et\\\/#website\"},\"primaryImageOfPage\":{\"@id\":\"https:\\\/\\\/erformance.eu\\\/et\\\/toode\\\/audi-a1-a3-a4-a5-a6-a7-a8-q2-q3-q5-q7-q8-tt-degalu-bako-dangtelis\\\/#primaryimage\"},\"image\":{\"@id\":\"https:\\\/\\\/erformance.eu\\\/et\\\/toode\\\/audi-a1-a3-a4-a5-a6-a7-a8-q2-q3-q5-q7-q8-tt-degalu-bako-dangtelis\\\/#primaryimage\"},\"thumbnailUrl\":\"https:\\\/\\\/erformance.eu\\\/wp-content\\\/uploads\\\/2026\\\/02\\\/pol_pm_Audi-A1-A3-A4-A5-A6-A7-A8-Q2-Q3-Q5-Q7-Q8-TT-korek-wlewu-paliwa-35247_1.jpg\",\"datePublished\":\"2026-02-16T12:19:50+00:00\",\"dateModified\":\"2026-03-05T16:36:16+00:00\",\"breadcrumb\":{\"@id\":\"https:\\\/\\\/erformance.eu\\\/et\\\/toode\\\/audi-a1-a3-a4-a5-a6-a7-a8-q2-q3-q5-q7-q8-tt-degalu-bako-dangtelis\\\/#breadcrumb\"},\"inLanguage\":\"et\",\"potentialAction\":[{\"@type\":\"ReadAction\",\"target\":[\"https:\\\/\\\/erformance.eu\\\/et\\\/toode\\\/audi-a1-a3-a4-a5-a6-a7-a8-q2-q3-q5-q7-q8-tt-degalu-bako-dangtelis\\\/\"]}]},{\"@type\":\"ImageObject\",\"inLanguage\":\"et\",\"@id\":\"https:\\\/\\\/erformance.eu\\\/et\\\/toode\\\/audi-a1-a3-a4-a5-a6-a7-a8-q2-q3-q5-q7-q8-tt-degalu-bako-dangtelis\\\/#primaryimage\",\"url\":\"https:\\\/\\\/erformance.eu\\\/wp-content\\\/uploads\\\/2026\\\/02\\\/pol_pm_Audi-A1-A3-A4-A5-A6-A7-A8-Q2-Q3-Q5-Q7-Q8-TT-korek-wlewu-paliwa-35247_1.jpg\",\"contentUrl\":\"https:\\\/\\\/erformance.eu\\\/wp-content\\\/uploads\\\/2026\\\/02\\\/pol_pm_Audi-A1-A3-A4-A5-A6-A7-A8-Q2-Q3-Q5-Q7-Q8-TT-korek-wlewu-paliwa-35247_1.jpg\",\"width\":1200,\"height\":1200},{\"@type\":\"BreadcrumbList\",\"@id\":\"https:\\\/\\\/erformance.eu\\\/et\\\/toode\\\/audi-a1-a3-a4-a5-a6-a7-a8-q2-q3-q5-q7-q8-tt-degalu-bako-dangtelis\\\/#breadcrumb\",\"itemListElement\":[{\"@type\":\"ListItem\",\"position\":1,\"name\":\"Home\",\"item\":\"https:\\\/\\\/erformance.eu\\\/et\\\/\"},{\"@type\":\"ListItem\",\"position\":2,\"name\":\"Pood\",\"item\":\"https:\\\/\\\/erformance.eu\\\/et\\\/pood\\\/\"},{\"@type\":\"ListItem\",\"position\":3,\"name\":\"Audi A1 A3 A4 A5 A6 A7 A8 Q2 Q3 Q5 Q7 Q8 TT degal\u0173 bako dangtelis\"}]},{\"@type\":\"WebSite\",\"@id\":\"https:\\\/\\\/erformance.eu\\\/et\\\/#website\",\"url\":\"https:\\\/\\\/erformance.eu\\\/et\\\/\",\"name\":\"Erformance.eu\",\"description\":\"Automobili\u0173 dali\u0173 parduotuv\u0117\",\"potentialAction\":[{\"@type\":\"SearchAction\",\"target\":{\"@type\":\"EntryPoint\",\"urlTemplate\":\"https:\\\/\\\/erformance.eu\\\/et\\\/?s={search_term_string}\"},\"query-input\":{\"@type\":\"PropertyValueSpecification\",\"valueRequired\":true,\"valueName\":\"search_term_string\"}}],\"inLanguage\":\"et\"}]}<\/script>\n<!-- \/ Yoast SEO Premium plugin. -->","yoast_head_json":{"title":"Audi A1 A3 A4 A5 A6 A7 A8 Q2 Q3 Q5 Q7 Q8 TT degal\u0173 bako dangtelis - Erformance.eu","robots":{"index":"index","follow":"follow","max-snippet":"max-snippet:-1","max-image-preview":"max-image-preview:large","max-video-preview":"max-video-preview:-1"},"canonical":"https:\/\/erformance.eu\/et\/toode\/audi-a1-a3-a4-a5-a6-a7-a8-q2-q3-q5-q7-q8-tt-degalu-bako-dangtelis\/","og_locale":"et_EE","og_type":"article","og_title":"Audi A1 A3 A4 A5 A6 A7 A8 Q2 Q3 Q5 Q7 Q8 TT degal\u0173 bako dangtelis","og_description":"1. Prek\u0117: Kuro \u012fpylimo angos dangtelis2. Gamintojas: pakeitimas3. Automobilis:Audi A1 GBAudi A3 8V 8YAudi A4 B8 B9Audi A5 8T F5Audi A6 C7 C8Audi A7 4GAudi A8 D4 D5Audi Q2 GAAudi Q3 F3Audi Q5 8R FYAudi Q7 4L 4MAudi Q8 4MAudi TT FV","og_url":"https:\/\/erformance.eu\/et\/toode\/audi-a1-a3-a4-a5-a6-a7-a8-q2-q3-q5-q7-q8-tt-degalu-bako-dangtelis\/","og_site_name":"Erformance.eu","article_modified_time":"2026-03-05T16:36:16+00:00","og_image":[{"width":1200,"height":1200,"url":"https:\/\/erformance.eu\/wp-content\/uploads\/2026\/02\/pol_pm_Audi-A1-A3-A4-A5-A6-A7-A8-Q2-Q3-Q5-Q7-Q8-TT-korek-wlewu-paliwa-35247_1.jpg","type":"image\/jpeg"}],"twitter_card":"summary_large_image","twitter_misc":{"Est. reading time":"4 minutit"},"schema":{"@context":"https:\/\/schema.org","@graph":[{"@type":"WebPage","@id":"https:\/\/erformance.eu\/et\/toode\/audi-a1-a3-a4-a5-a6-a7-a8-q2-q3-q5-q7-q8-tt-degalu-bako-dangtelis\/","url":"https:\/\/erformance.eu\/et\/toode\/audi-a1-a3-a4-a5-a6-a7-a8-q2-q3-q5-q7-q8-tt-degalu-bako-dangtelis\/","name":"Audi A1 A3 A4 A5 A6 A7 A8 Q2 Q3 Q5 Q7 Q8 TT degal\u0173 bako dangtelis - Erformance.eu","isPartOf":{"@id":"https:\/\/erformance.eu\/et\/#website"},"primaryImageOfPage":{"@id":"https:\/\/erformance.eu\/et\/toode\/audi-a1-a3-a4-a5-a6-a7-a8-q2-q3-q5-q7-q8-tt-degalu-bako-dangtelis\/#primaryimage"},"image":{"@id":"https:\/\/erformance.eu\/et\/toode\/audi-a1-a3-a4-a5-a6-a7-a8-q2-q3-q5-q7-q8-tt-degalu-bako-dangtelis\/#primaryimage"},"thumbnailUrl":"https:\/\/erformance.eu\/wp-content\/uploads\/2026\/02\/pol_pm_Audi-A1-A3-A4-A5-A6-A7-A8-Q2-Q3-Q5-Q7-Q8-TT-korek-wlewu-paliwa-35247_1.jpg","datePublished":"2026-02-16T12:19:50+00:00","dateModified":"2026-03-05T16:36:16+00:00","breadcrumb":{"@id":"https:\/\/erformance.eu\/et\/toode\/audi-a1-a3-a4-a5-a6-a7-a8-q2-q3-q5-q7-q8-tt-degalu-bako-dangtelis\/#breadcrumb"},"inLanguage":"et","potentialAction":[{"@type":"ReadAction","target":["https:\/\/erformance.eu\/et\/toode\/audi-a1-a3-a4-a5-a6-a7-a8-q2-q3-q5-q7-q8-tt-degalu-bako-dangtelis\/"]}]},{"@type":"ImageObject","inLanguage":"et","@id":"https:\/\/erformance.eu\/et\/toode\/audi-a1-a3-a4-a5-a6-a7-a8-q2-q3-q5-q7-q8-tt-degalu-bako-dangtelis\/#primaryimage","url":"https:\/\/erformance.eu\/wp-content\/uploads\/2026\/02\/pol_pm_Audi-A1-A3-A4-A5-A6-A7-A8-Q2-Q3-Q5-Q7-Q8-TT-korek-wlewu-paliwa-35247_1.jpg","contentUrl":"https:\/\/erformance.eu\/wp-content\/uploads\/2026\/02\/pol_pm_Audi-A1-A3-A4-A5-A6-A7-A8-Q2-Q3-Q5-Q7-Q8-TT-korek-wlewu-paliwa-35247_1.jpg","width":1200,"height":1200},{"@type":"BreadcrumbList","@id":"https:\/\/erformance.eu\/et\/toode\/audi-a1-a3-a4-a5-a6-a7-a8-q2-q3-q5-q7-q8-tt-degalu-bako-dangtelis\/#breadcrumb","itemListElement":[{"@type":"ListItem","position":1,"name":"Home","item":"https:\/\/erformance.eu\/et\/"},{"@type":"ListItem","position":2,"name":"Pood","item":"https:\/\/erformance.eu\/et\/pood\/"},{"@type":"ListItem","position":3,"name":"Audi A1 A3 A4 A5 A6 A7 A8 Q2 Q3 Q5 Q7 Q8 TT degal\u0173 bako dangtelis"}]},{"@type":"WebSite","@id":"https:\/\/erformance.eu\/et\/#website","url":"https:\/\/erformance.eu\/et\/","name":"Erformance.eu","description":"Automobili\u0173 dali\u0173 parduotuv\u0117","potentialAction":[{"@type":"SearchAction","target":{"@type":"EntryPoint","urlTemplate":"https:\/\/erformance.eu\/et\/?s={search_term_string}"},"query-input":{"@type":"PropertyValueSpecification","valueRequired":true,"valueName":"search_term_string"}}],"inLanguage":"et"}]}},"jetpack_sharing_enabled":true,"_links":{"self":[{"href":"https:\/\/erformance.eu\/et\/wp-json\/wp\/v2\/product\/62546","targetHints":{"allow":["GET"]}}],"collection":[{"href":"https:\/\/erformance.eu\/et\/wp-json\/wp\/v2\/product"}],"about":[{"href":"https:\/\/erformance.eu\/et\/wp-json\/wp\/v2\/types\/product"}],"replies":[{"embeddable":true,"href":"https:\/\/erformance.eu\/et\/wp-json\/wp\/v2\/comments?post=62546"}],"version-history":[{"count":1,"href":"https:\/\/erformance.eu\/et\/wp-json\/wp\/v2\/product\/62546\/revisions"}],"predecessor-version":[{"id":62557,"href":"https:\/\/erformance.eu\/et\/wp-json\/wp\/v2\/product\/62546\/revisions\/62557"}],"wp:featuredmedia":[{"embeddable":true,"href":"https:\/\/erformance.eu\/et\/wp-json\/wp\/v2\/media\/62547"}],"wp:attachment":[{"href":"https:\/\/erformance.eu\/et\/wp-json\/wp\/v2\/media?parent=62546"}],"wp:term":[{"taxonomy":"product_brand","embeddable":true,"href":"https:\/\/erformance.eu\/et\/wp-json\/wp\/v2\/product_brand?post=62546"},{"taxonomy":"product_cat","embeddable":true,"href":"https:\/\/erformance.eu\/et\/wp-json\/wp\/v2\/product_cat?post=62546"},{"taxonomy":"product_tag","embeddable":true,"href":"https:\/\/erformance.eu\/et\/wp-json\/wp\/v2\/product_tag?post=62546"}],"curies":[{"name":"wp","href":"https:\/\/api.w.org\/{rel}","templated":true}]}}