{"id":62608,"date":"2026-02-16T15:20:12","date_gmt":"2026-02-16T12:20:12","guid":{"rendered":"https:\/\/erformance.eu\/?post_type=product&#038;p=62608"},"modified":"2026-03-05T22:17:38","modified_gmt":"2026-03-05T19:17:38","slug":"audi-a3-2003-priekinio-stiklo-apiplovimo-bakelis","status":"publish","type":"product","link":"https:\/\/erformance.eu\/et\/toode\/audi-a3-2003-priekinio-stiklo-apiplovimo-bakelis\/","title":{"rendered":"Audi A3 2003- priekinio stiklo apiplovimo bakelis"},"content":{"rendered":"<p>Prek\u0117: priekinio stiklo apiplovimo bakelis<br \/>\nOriginalus numeris:<\/p>\n<p>1K0 955 453 S<br \/>\n1K0 955 453 Q<br \/>\n1K0 955 453 R<\/p>\n<p>PASTABA: auk\u0161\u010diau pateikti numeriai yra original\u016bs dali\u0173 numeriai, kuriuos \u0161is pasi\u016blymas pakei\u010dia. Prie\u0161 pirkdami, palyginkite juos su originaliu dalies numeriu. Jei jie skiriasi net vienu simboliu, dalis netiks, neveiks arba veiks netinkamai. Tokiu atveju jos nepirkite.<br \/>\nAutomobilis:<\/p>\n<p>\u201eAudi A3\u201c modeliai, pagaminti nuo 2003 m.<br \/>\n\u201eSeat Altea\u201c modeliai, pagaminti nuo 2004 m.<br \/>\n\u201eSeat Leon II\u201c , modeliai, pagaminti nuo 2005 m.<br \/>\n\u201eSeat Toledo III\u201c , modeliai, pagaminti nuo 2004 m.<br \/>\n\u201eSkoda Octavia II\u201c , modeliai, pagaminti nuo 2004 m.<br \/>\n\u201eVW Caddy\u201c , modeliai, pagaminti nuo 2003 m.<br \/>\nVW Golf V , modeliai, pagaminti nuo 2003 m.<br \/>\nVW Golf VI , modeliai, pagaminti nuo 2008 m.<br \/>\nVW Golf V Plus , modeliai, pagaminti nuo 2005 m.<br \/>\nVW Jetta A5 , modeliai, pagaminti nuo 2005 m.<br \/>\nVW Touran , modeliai, pagaminti nuo 2003 m.<\/p>\n<p>Gamintojas: pakaitalas<br \/>\nTechnin\u0117 b\u016bkl\u0117: prek\u0117 yra visi\u0161kai nauja, nenaudota, nepa\u017eeista ir nesugadinta<\/p>\n","protected":false},"excerpt":{"rendered":"<p>1. Prek\u0117: priekinio stiklo apiplovimo skys\u010dio rezervuaras2. Gamintojas: pakeitimas3. Automobilis:* Audi A3* Seat Altea* Seat Leon II* Seat Toledo III* \u0160koda Octavia II* VW Caddy* VW Golf V* VW Golf VI* VW Golf PlusVW Jetta A5* VW Touran<\/p>\n","protected":false},"featured_media":62609,"comment_status":"open","ping_status":"closed","template":"","meta":[],"product_brand":[],"product_cat":[3905,3906,186,144,3945,3946,4151,4150],"product_tag":[],"class_list":{"0":"post-62608","1":"product","2":"type-product","3":"status-publish","4":"has-post-thumbnail","6":"product_cat-audi-a3-8l","7":"product_cat-audi-a3-8p","8":"product_cat-a3","9":"product_cat-audi","10":"product_cat-audi-a3-8l-isores-dalys","11":"product_cat-audi-a3-8p-isores-dalys","12":"product_cat-audi-a3-8p-isores-kitos-dalys","13":"product_cat-audi-a3-8l-isores-kitos-dalys","15":"first","16":"instock","17":"shipping-taxable","18":"purchasable","19":"product-type-simple"},"yoast_head":"<!-- This site is optimized with the Yoast SEO Premium plugin v25.2 (Yoast SEO v27.4) - https:\/\/yoast.com\/product\/yoast-seo-premium-wordpress\/ -->\n<title>Audi A3 2003- priekinio stiklo apiplovimo bakelis - Erformance.eu<\/title>\n<meta name=\"robots\" content=\"index, follow, max-snippet:-1, max-image-preview:large, max-video-preview:-1\" \/>\n<link rel=\"canonical\" href=\"https:\/\/erformance.eu\/et\/toode\/audi-a3-2003-priekinio-stiklo-apiplovimo-bakelis\/\" \/>\n<meta property=\"og:locale\" content=\"et_EE\" \/>\n<meta property=\"og:type\" content=\"article\" \/>\n<meta property=\"og:title\" content=\"Audi A3 2003- priekinio stiklo apiplovimo bakelis\" \/>\n<meta property=\"og:description\" content=\"1. Prek\u0117: priekinio stiklo apiplovimo skys\u010dio rezervuaras2. Gamintojas: pakeitimas3. Automobilis:* Audi A3* Seat Altea* Seat Leon II* Seat Toledo III* \u0160koda Octavia II* VW Caddy* VW Golf V* VW Golf VI* VW Golf PlusVW Jetta A5* VW Touran\" \/>\n<meta property=\"og:url\" content=\"https:\/\/erformance.eu\/et\/toode\/audi-a3-2003-priekinio-stiklo-apiplovimo-bakelis\/\" \/>\n<meta property=\"og:site_name\" content=\"Erformance.eu\" \/>\n<meta property=\"article:modified_time\" content=\"2026-03-05T19:17:38+00:00\" \/>\n<meta property=\"og:image\" content=\"https:\/\/erformance.eu\/wp-content\/uploads\/2026\/02\/pol_pm_Audi-A3-2003-zbiorniczek-spryskiwaczy-5496_1.jpg\" \/>\n\t<meta property=\"og:image:width\" content=\"667\" \/>\n\t<meta property=\"og:image:height\" content=\"500\" \/>\n\t<meta property=\"og:image:type\" content=\"image\/jpeg\" \/>\n<meta name=\"twitter:card\" content=\"summary_large_image\" \/>\n<meta name=\"twitter:label1\" content=\"Est. reading time\" \/>\n\t<meta name=\"twitter:data1\" content=\"1 minut\" \/>\n<script type=\"application\/ld+json\" class=\"yoast-schema-graph\">{\"@context\":\"https:\\\/\\\/schema.org\",\"@graph\":[{\"@type\":\"WebPage\",\"@id\":\"https:\\\/\\\/erformance.eu\\\/et\\\/toode\\\/audi-a3-2003-priekinio-stiklo-apiplovimo-bakelis\\\/\",\"url\":\"https:\\\/\\\/erformance.eu\\\/et\\\/toode\\\/audi-a3-2003-priekinio-stiklo-apiplovimo-bakelis\\\/\",\"name\":\"Audi A3 2003- priekinio stiklo apiplovimo bakelis - Erformance.eu\",\"isPartOf\":{\"@id\":\"https:\\\/\\\/erformance.eu\\\/et\\\/#website\"},\"primaryImageOfPage\":{\"@id\":\"https:\\\/\\\/erformance.eu\\\/et\\\/toode\\\/audi-a3-2003-priekinio-stiklo-apiplovimo-bakelis\\\/#primaryimage\"},\"image\":{\"@id\":\"https:\\\/\\\/erformance.eu\\\/et\\\/toode\\\/audi-a3-2003-priekinio-stiklo-apiplovimo-bakelis\\\/#primaryimage\"},\"thumbnailUrl\":\"https:\\\/\\\/erformance.eu\\\/wp-content\\\/uploads\\\/2026\\\/02\\\/pol_pm_Audi-A3-2003-zbiorniczek-spryskiwaczy-5496_1.jpg\",\"datePublished\":\"2026-02-16T12:20:12+00:00\",\"dateModified\":\"2026-03-05T19:17:38+00:00\",\"breadcrumb\":{\"@id\":\"https:\\\/\\\/erformance.eu\\\/et\\\/toode\\\/audi-a3-2003-priekinio-stiklo-apiplovimo-bakelis\\\/#breadcrumb\"},\"inLanguage\":\"et\",\"potentialAction\":[{\"@type\":\"ReadAction\",\"target\":[\"https:\\\/\\\/erformance.eu\\\/et\\\/toode\\\/audi-a3-2003-priekinio-stiklo-apiplovimo-bakelis\\\/\"]}]},{\"@type\":\"ImageObject\",\"inLanguage\":\"et\",\"@id\":\"https:\\\/\\\/erformance.eu\\\/et\\\/toode\\\/audi-a3-2003-priekinio-stiklo-apiplovimo-bakelis\\\/#primaryimage\",\"url\":\"https:\\\/\\\/erformance.eu\\\/wp-content\\\/uploads\\\/2026\\\/02\\\/pol_pm_Audi-A3-2003-zbiorniczek-spryskiwaczy-5496_1.jpg\",\"contentUrl\":\"https:\\\/\\\/erformance.eu\\\/wp-content\\\/uploads\\\/2026\\\/02\\\/pol_pm_Audi-A3-2003-zbiorniczek-spryskiwaczy-5496_1.jpg\",\"width\":667,\"height\":500},{\"@type\":\"BreadcrumbList\",\"@id\":\"https:\\\/\\\/erformance.eu\\\/et\\\/toode\\\/audi-a3-2003-priekinio-stiklo-apiplovimo-bakelis\\\/#breadcrumb\",\"itemListElement\":[{\"@type\":\"ListItem\",\"position\":1,\"name\":\"Home\",\"item\":\"https:\\\/\\\/erformance.eu\\\/et\\\/\"},{\"@type\":\"ListItem\",\"position\":2,\"name\":\"Pood\",\"item\":\"https:\\\/\\\/erformance.eu\\\/et\\\/pood\\\/\"},{\"@type\":\"ListItem\",\"position\":3,\"name\":\"Audi A3 2003- priekinio stiklo apiplovimo bakelis\"}]},{\"@type\":\"WebSite\",\"@id\":\"https:\\\/\\\/erformance.eu\\\/et\\\/#website\",\"url\":\"https:\\\/\\\/erformance.eu\\\/et\\\/\",\"name\":\"Erformance.eu\",\"description\":\"Automobili\u0173 dali\u0173 parduotuv\u0117\",\"potentialAction\":[{\"@type\":\"SearchAction\",\"target\":{\"@type\":\"EntryPoint\",\"urlTemplate\":\"https:\\\/\\\/erformance.eu\\\/et\\\/?s={search_term_string}\"},\"query-input\":{\"@type\":\"PropertyValueSpecification\",\"valueRequired\":true,\"valueName\":\"search_term_string\"}}],\"inLanguage\":\"et\"}]}<\/script>\n<!-- \/ Yoast SEO Premium plugin. -->","yoast_head_json":{"title":"Audi A3 2003- priekinio stiklo apiplovimo bakelis - Erformance.eu","robots":{"index":"index","follow":"follow","max-snippet":"max-snippet:-1","max-image-preview":"max-image-preview:large","max-video-preview":"max-video-preview:-1"},"canonical":"https:\/\/erformance.eu\/et\/toode\/audi-a3-2003-priekinio-stiklo-apiplovimo-bakelis\/","og_locale":"et_EE","og_type":"article","og_title":"Audi A3 2003- priekinio stiklo apiplovimo bakelis","og_description":"1. Prek\u0117: priekinio stiklo apiplovimo skys\u010dio rezervuaras2. Gamintojas: pakeitimas3. Automobilis:* Audi A3* Seat Altea* Seat Leon II* Seat Toledo III* \u0160koda Octavia II* VW Caddy* VW Golf V* VW Golf VI* VW Golf PlusVW Jetta A5* VW Touran","og_url":"https:\/\/erformance.eu\/et\/toode\/audi-a3-2003-priekinio-stiklo-apiplovimo-bakelis\/","og_site_name":"Erformance.eu","article_modified_time":"2026-03-05T19:17:38+00:00","og_image":[{"width":667,"height":500,"url":"https:\/\/erformance.eu\/wp-content\/uploads\/2026\/02\/pol_pm_Audi-A3-2003-zbiorniczek-spryskiwaczy-5496_1.jpg","type":"image\/jpeg"}],"twitter_card":"summary_large_image","twitter_misc":{"Est. reading time":"1 minut"},"schema":{"@context":"https:\/\/schema.org","@graph":[{"@type":"WebPage","@id":"https:\/\/erformance.eu\/et\/toode\/audi-a3-2003-priekinio-stiklo-apiplovimo-bakelis\/","url":"https:\/\/erformance.eu\/et\/toode\/audi-a3-2003-priekinio-stiklo-apiplovimo-bakelis\/","name":"Audi A3 2003- priekinio stiklo apiplovimo bakelis - Erformance.eu","isPartOf":{"@id":"https:\/\/erformance.eu\/et\/#website"},"primaryImageOfPage":{"@id":"https:\/\/erformance.eu\/et\/toode\/audi-a3-2003-priekinio-stiklo-apiplovimo-bakelis\/#primaryimage"},"image":{"@id":"https:\/\/erformance.eu\/et\/toode\/audi-a3-2003-priekinio-stiklo-apiplovimo-bakelis\/#primaryimage"},"thumbnailUrl":"https:\/\/erformance.eu\/wp-content\/uploads\/2026\/02\/pol_pm_Audi-A3-2003-zbiorniczek-spryskiwaczy-5496_1.jpg","datePublished":"2026-02-16T12:20:12+00:00","dateModified":"2026-03-05T19:17:38+00:00","breadcrumb":{"@id":"https:\/\/erformance.eu\/et\/toode\/audi-a3-2003-priekinio-stiklo-apiplovimo-bakelis\/#breadcrumb"},"inLanguage":"et","potentialAction":[{"@type":"ReadAction","target":["https:\/\/erformance.eu\/et\/toode\/audi-a3-2003-priekinio-stiklo-apiplovimo-bakelis\/"]}]},{"@type":"ImageObject","inLanguage":"et","@id":"https:\/\/erformance.eu\/et\/toode\/audi-a3-2003-priekinio-stiklo-apiplovimo-bakelis\/#primaryimage","url":"https:\/\/erformance.eu\/wp-content\/uploads\/2026\/02\/pol_pm_Audi-A3-2003-zbiorniczek-spryskiwaczy-5496_1.jpg","contentUrl":"https:\/\/erformance.eu\/wp-content\/uploads\/2026\/02\/pol_pm_Audi-A3-2003-zbiorniczek-spryskiwaczy-5496_1.jpg","width":667,"height":500},{"@type":"BreadcrumbList","@id":"https:\/\/erformance.eu\/et\/toode\/audi-a3-2003-priekinio-stiklo-apiplovimo-bakelis\/#breadcrumb","itemListElement":[{"@type":"ListItem","position":1,"name":"Home","item":"https:\/\/erformance.eu\/et\/"},{"@type":"ListItem","position":2,"name":"Pood","item":"https:\/\/erformance.eu\/et\/pood\/"},{"@type":"ListItem","position":3,"name":"Audi A3 2003- priekinio stiklo apiplovimo bakelis"}]},{"@type":"WebSite","@id":"https:\/\/erformance.eu\/et\/#website","url":"https:\/\/erformance.eu\/et\/","name":"Erformance.eu","description":"Automobili\u0173 dali\u0173 parduotuv\u0117","potentialAction":[{"@type":"SearchAction","target":{"@type":"EntryPoint","urlTemplate":"https:\/\/erformance.eu\/et\/?s={search_term_string}"},"query-input":{"@type":"PropertyValueSpecification","valueRequired":true,"valueName":"search_term_string"}}],"inLanguage":"et"}]}},"jetpack_sharing_enabled":true,"_links":{"self":[{"href":"https:\/\/erformance.eu\/et\/wp-json\/wp\/v2\/product\/62608","targetHints":{"allow":["GET"]}}],"collection":[{"href":"https:\/\/erformance.eu\/et\/wp-json\/wp\/v2\/product"}],"about":[{"href":"https:\/\/erformance.eu\/et\/wp-json\/wp\/v2\/types\/product"}],"replies":[{"embeddable":true,"href":"https:\/\/erformance.eu\/et\/wp-json\/wp\/v2\/comments?post=62608"}],"version-history":[{"count":1,"href":"https:\/\/erformance.eu\/et\/wp-json\/wp\/v2\/product\/62608\/revisions"}],"predecessor-version":[{"id":62611,"href":"https:\/\/erformance.eu\/et\/wp-json\/wp\/v2\/product\/62608\/revisions\/62611"}],"wp:featuredmedia":[{"embeddable":true,"href":"https:\/\/erformance.eu\/et\/wp-json\/wp\/v2\/media\/62609"}],"wp:attachment":[{"href":"https:\/\/erformance.eu\/et\/wp-json\/wp\/v2\/media?parent=62608"}],"wp:term":[{"taxonomy":"product_brand","embeddable":true,"href":"https:\/\/erformance.eu\/et\/wp-json\/wp\/v2\/product_brand?post=62608"},{"taxonomy":"product_cat","embeddable":true,"href":"https:\/\/erformance.eu\/et\/wp-json\/wp\/v2\/product_cat?post=62608"},{"taxonomy":"product_tag","embeddable":true,"href":"https:\/\/erformance.eu\/et\/wp-json\/wp\/v2\/product_tag?post=62608"}],"curies":[{"name":"wp","href":"https:\/\/api.w.org\/{rel}","templated":true}]}}