{"id":62963,"date":"2026-02-16T15:22:17","date_gmt":"2026-02-16T12:22:17","guid":{"rendered":"https:\/\/erformance.eu\/?post_type=product&#038;p=62963"},"modified":"2026-03-12T14:38:51","modified_gmt":"2026-03-12T11:38:51","slug":"audi-a4-00-07-kombinuotas-jungiklis-elektriniam-langu-reguliavimui","status":"publish","type":"product","link":"https:\/\/erformance.eu\/et\/toode\/audi-a4-00-07-kombinuotas-jungiklis-elektriniam-langu-reguliavimui\/","title":{"rendered":"Audi A4 00-07 Kombinuotas jungiklis elektriniam lang\u0173 reguliavimui"},"content":{"rendered":"<p>Tema: Kombinuotas elektrinio lango reguliavimo jungiklis<br \/>\nOE numeris: 8E0959851B<br \/>\nAutomobilis:<\/p>\n<p>Audi A4 B6 , gamybos metai: 2000-2004<br \/>\nAudi A4 B7 , gamybos metai: 2004-2007<\/p>\n<p>Gamintojas: pakaitalas<br \/>\nTechnin\u0117 b\u016bkl\u0117: prek\u0117 yra visi\u0161kai nauja, nenaudota, nepa\u017eeista ir nesugadinta<\/p>\n","protected":false},"excerpt":{"rendered":"<p>1. Prek\u0117: Kombinuotas elektrinio lango reguliavimo jungiklis2. Automobilis:    * Audi A4 B6 00-04    * Audi A4 B7 04-07<\/p>\n","protected":false},"featured_media":62964,"comment_status":"open","ping_status":"closed","template":"","meta":[],"product_brand":[],"product_cat":[390,144,3909,3910,4666,4665,3988,3989],"product_tag":[],"class_list":{"0":"post-62963","1":"product","2":"type-product","3":"status-publish","4":"has-post-thumbnail","6":"product_cat-audi-a4","7":"product_cat-audi","8":"product_cat-audi-a4-b6","9":"product_cat-audi-a4-b7","10":"product_cat-audi-a4-b7-mygtukai-mechanizmai","11":"product_cat-audi-a4-b6-mygtukai-mechanizmai","12":"product_cat-audi-a4-b6-salono-dalys","13":"product_cat-audi-a4-b7-salono-dalys","15":"first","16":"instock","17":"shipping-taxable","18":"purchasable","19":"product-type-simple"},"yoast_head":"<!-- This site is optimized with the Yoast SEO Premium plugin v25.2 (Yoast SEO v27.3) - https:\/\/yoast.com\/product\/yoast-seo-premium-wordpress\/ -->\n<title>Audi A4 00-07 Kombinuotas jungiklis elektriniam lang\u0173 reguliavimui - Erformance.eu<\/title>\n<meta name=\"robots\" content=\"index, follow, max-snippet:-1, max-image-preview:large, max-video-preview:-1\" \/>\n<link rel=\"canonical\" href=\"https:\/\/erformance.eu\/et\/toode\/audi-a4-00-07-kombinuotas-jungiklis-elektriniam-langu-reguliavimui\/\" \/>\n<meta property=\"og:locale\" content=\"et_EE\" \/>\n<meta property=\"og:type\" content=\"article\" \/>\n<meta property=\"og:title\" content=\"Audi A4 00-07 Kombinuotas jungiklis elektriniam lang\u0173 reguliavimui\" \/>\n<meta property=\"og:description\" content=\"1. Prek\u0117: Kombinuotas elektrinio lango reguliavimo jungiklis2. Automobilis:  * Audi A4 B6 00-04  * Audi A4 B7 04-07\" \/>\n<meta property=\"og:url\" content=\"https:\/\/erformance.eu\/et\/toode\/audi-a4-00-07-kombinuotas-jungiklis-elektriniam-langu-reguliavimui\/\" \/>\n<meta property=\"og:site_name\" content=\"Erformance.eu\" \/>\n<meta property=\"article:modified_time\" content=\"2026-03-12T11:38:51+00:00\" \/>\n<meta property=\"og:image\" content=\"https:\/\/erformance.eu\/wp-content\/uploads\/2026\/02\/pol_pm_Audi-A4-00-07-przelacznik-ZESPOLONY-regulacji-szyb-elektrycznych-15591_1.jpg\" \/>\n\t<meta property=\"og:image:width\" content=\"1200\" \/>\n\t<meta property=\"og:image:height\" content=\"900\" \/>\n\t<meta property=\"og:image:type\" content=\"image\/jpeg\" \/>\n<meta name=\"twitter:card\" content=\"summary_large_image\" \/>\n<script type=\"application\/ld+json\" class=\"yoast-schema-graph\">{\"@context\":\"https:\\\/\\\/schema.org\",\"@graph\":[{\"@type\":\"WebPage\",\"@id\":\"https:\\\/\\\/erformance.eu\\\/et\\\/toode\\\/audi-a4-00-07-kombinuotas-jungiklis-elektriniam-langu-reguliavimui\\\/\",\"url\":\"https:\\\/\\\/erformance.eu\\\/et\\\/toode\\\/audi-a4-00-07-kombinuotas-jungiklis-elektriniam-langu-reguliavimui\\\/\",\"name\":\"Audi A4 00-07 Kombinuotas jungiklis elektriniam lang\u0173 reguliavimui - Erformance.eu\",\"isPartOf\":{\"@id\":\"https:\\\/\\\/erformance.eu\\\/et\\\/#website\"},\"primaryImageOfPage\":{\"@id\":\"https:\\\/\\\/erformance.eu\\\/et\\\/toode\\\/audi-a4-00-07-kombinuotas-jungiklis-elektriniam-langu-reguliavimui\\\/#primaryimage\"},\"image\":{\"@id\":\"https:\\\/\\\/erformance.eu\\\/et\\\/toode\\\/audi-a4-00-07-kombinuotas-jungiklis-elektriniam-langu-reguliavimui\\\/#primaryimage\"},\"thumbnailUrl\":\"https:\\\/\\\/erformance.eu\\\/wp-content\\\/uploads\\\/2026\\\/02\\\/pol_pm_Audi-A4-00-07-przelacznik-ZESPOLONY-regulacji-szyb-elektrycznych-15591_1.jpg\",\"datePublished\":\"2026-02-16T12:22:17+00:00\",\"dateModified\":\"2026-03-12T11:38:51+00:00\",\"breadcrumb\":{\"@id\":\"https:\\\/\\\/erformance.eu\\\/et\\\/toode\\\/audi-a4-00-07-kombinuotas-jungiklis-elektriniam-langu-reguliavimui\\\/#breadcrumb\"},\"inLanguage\":\"et\",\"potentialAction\":[{\"@type\":\"ReadAction\",\"target\":[\"https:\\\/\\\/erformance.eu\\\/et\\\/toode\\\/audi-a4-00-07-kombinuotas-jungiklis-elektriniam-langu-reguliavimui\\\/\"]}]},{\"@type\":\"ImageObject\",\"inLanguage\":\"et\",\"@id\":\"https:\\\/\\\/erformance.eu\\\/et\\\/toode\\\/audi-a4-00-07-kombinuotas-jungiklis-elektriniam-langu-reguliavimui\\\/#primaryimage\",\"url\":\"https:\\\/\\\/erformance.eu\\\/wp-content\\\/uploads\\\/2026\\\/02\\\/pol_pm_Audi-A4-00-07-przelacznik-ZESPOLONY-regulacji-szyb-elektrycznych-15591_1.jpg\",\"contentUrl\":\"https:\\\/\\\/erformance.eu\\\/wp-content\\\/uploads\\\/2026\\\/02\\\/pol_pm_Audi-A4-00-07-przelacznik-ZESPOLONY-regulacji-szyb-elektrycznych-15591_1.jpg\",\"width\":1200,\"height\":900},{\"@type\":\"BreadcrumbList\",\"@id\":\"https:\\\/\\\/erformance.eu\\\/et\\\/toode\\\/audi-a4-00-07-kombinuotas-jungiklis-elektriniam-langu-reguliavimui\\\/#breadcrumb\",\"itemListElement\":[{\"@type\":\"ListItem\",\"position\":1,\"name\":\"Home\",\"item\":\"https:\\\/\\\/erformance.eu\\\/et\\\/\"},{\"@type\":\"ListItem\",\"position\":2,\"name\":\"Pood\",\"item\":\"https:\\\/\\\/erformance.eu\\\/et\\\/pood\\\/\"},{\"@type\":\"ListItem\",\"position\":3,\"name\":\"Audi A4 00-07 Kombinuotas jungiklis elektriniam lang\u0173 reguliavimui\"}]},{\"@type\":\"WebSite\",\"@id\":\"https:\\\/\\\/erformance.eu\\\/et\\\/#website\",\"url\":\"https:\\\/\\\/erformance.eu\\\/et\\\/\",\"name\":\"Erformance.eu\",\"description\":\"Automobili\u0173 dali\u0173 parduotuv\u0117\",\"potentialAction\":[{\"@type\":\"SearchAction\",\"target\":{\"@type\":\"EntryPoint\",\"urlTemplate\":\"https:\\\/\\\/erformance.eu\\\/et\\\/?s={search_term_string}\"},\"query-input\":{\"@type\":\"PropertyValueSpecification\",\"valueRequired\":true,\"valueName\":\"search_term_string\"}}],\"inLanguage\":\"et\"}]}<\/script>\n<!-- \/ Yoast SEO Premium plugin. -->","yoast_head_json":{"title":"Audi A4 00-07 Kombinuotas jungiklis elektriniam lang\u0173 reguliavimui - Erformance.eu","robots":{"index":"index","follow":"follow","max-snippet":"max-snippet:-1","max-image-preview":"max-image-preview:large","max-video-preview":"max-video-preview:-1"},"canonical":"https:\/\/erformance.eu\/et\/toode\/audi-a4-00-07-kombinuotas-jungiklis-elektriniam-langu-reguliavimui\/","og_locale":"et_EE","og_type":"article","og_title":"Audi A4 00-07 Kombinuotas jungiklis elektriniam lang\u0173 reguliavimui","og_description":"1. Prek\u0117: Kombinuotas elektrinio lango reguliavimo jungiklis2. Automobilis:  * Audi A4 B6 00-04  * Audi A4 B7 04-07","og_url":"https:\/\/erformance.eu\/et\/toode\/audi-a4-00-07-kombinuotas-jungiklis-elektriniam-langu-reguliavimui\/","og_site_name":"Erformance.eu","article_modified_time":"2026-03-12T11:38:51+00:00","og_image":[{"width":1200,"height":900,"url":"https:\/\/erformance.eu\/wp-content\/uploads\/2026\/02\/pol_pm_Audi-A4-00-07-przelacznik-ZESPOLONY-regulacji-szyb-elektrycznych-15591_1.jpg","type":"image\/jpeg"}],"twitter_card":"summary_large_image","schema":{"@context":"https:\/\/schema.org","@graph":[{"@type":"WebPage","@id":"https:\/\/erformance.eu\/et\/toode\/audi-a4-00-07-kombinuotas-jungiklis-elektriniam-langu-reguliavimui\/","url":"https:\/\/erformance.eu\/et\/toode\/audi-a4-00-07-kombinuotas-jungiklis-elektriniam-langu-reguliavimui\/","name":"Audi A4 00-07 Kombinuotas jungiklis elektriniam lang\u0173 reguliavimui - Erformance.eu","isPartOf":{"@id":"https:\/\/erformance.eu\/et\/#website"},"primaryImageOfPage":{"@id":"https:\/\/erformance.eu\/et\/toode\/audi-a4-00-07-kombinuotas-jungiklis-elektriniam-langu-reguliavimui\/#primaryimage"},"image":{"@id":"https:\/\/erformance.eu\/et\/toode\/audi-a4-00-07-kombinuotas-jungiklis-elektriniam-langu-reguliavimui\/#primaryimage"},"thumbnailUrl":"https:\/\/erformance.eu\/wp-content\/uploads\/2026\/02\/pol_pm_Audi-A4-00-07-przelacznik-ZESPOLONY-regulacji-szyb-elektrycznych-15591_1.jpg","datePublished":"2026-02-16T12:22:17+00:00","dateModified":"2026-03-12T11:38:51+00:00","breadcrumb":{"@id":"https:\/\/erformance.eu\/et\/toode\/audi-a4-00-07-kombinuotas-jungiklis-elektriniam-langu-reguliavimui\/#breadcrumb"},"inLanguage":"et","potentialAction":[{"@type":"ReadAction","target":["https:\/\/erformance.eu\/et\/toode\/audi-a4-00-07-kombinuotas-jungiklis-elektriniam-langu-reguliavimui\/"]}]},{"@type":"ImageObject","inLanguage":"et","@id":"https:\/\/erformance.eu\/et\/toode\/audi-a4-00-07-kombinuotas-jungiklis-elektriniam-langu-reguliavimui\/#primaryimage","url":"https:\/\/erformance.eu\/wp-content\/uploads\/2026\/02\/pol_pm_Audi-A4-00-07-przelacznik-ZESPOLONY-regulacji-szyb-elektrycznych-15591_1.jpg","contentUrl":"https:\/\/erformance.eu\/wp-content\/uploads\/2026\/02\/pol_pm_Audi-A4-00-07-przelacznik-ZESPOLONY-regulacji-szyb-elektrycznych-15591_1.jpg","width":1200,"height":900},{"@type":"BreadcrumbList","@id":"https:\/\/erformance.eu\/et\/toode\/audi-a4-00-07-kombinuotas-jungiklis-elektriniam-langu-reguliavimui\/#breadcrumb","itemListElement":[{"@type":"ListItem","position":1,"name":"Home","item":"https:\/\/erformance.eu\/et\/"},{"@type":"ListItem","position":2,"name":"Pood","item":"https:\/\/erformance.eu\/et\/pood\/"},{"@type":"ListItem","position":3,"name":"Audi A4 00-07 Kombinuotas jungiklis elektriniam lang\u0173 reguliavimui"}]},{"@type":"WebSite","@id":"https:\/\/erformance.eu\/et\/#website","url":"https:\/\/erformance.eu\/et\/","name":"Erformance.eu","description":"Automobili\u0173 dali\u0173 parduotuv\u0117","potentialAction":[{"@type":"SearchAction","target":{"@type":"EntryPoint","urlTemplate":"https:\/\/erformance.eu\/et\/?s={search_term_string}"},"query-input":{"@type":"PropertyValueSpecification","valueRequired":true,"valueName":"search_term_string"}}],"inLanguage":"et"}]}},"jetpack_sharing_enabled":true,"_links":{"self":[{"href":"https:\/\/erformance.eu\/et\/wp-json\/wp\/v2\/product\/62963","targetHints":{"allow":["GET"]}}],"collection":[{"href":"https:\/\/erformance.eu\/et\/wp-json\/wp\/v2\/product"}],"about":[{"href":"https:\/\/erformance.eu\/et\/wp-json\/wp\/v2\/types\/product"}],"replies":[{"embeddable":true,"href":"https:\/\/erformance.eu\/et\/wp-json\/wp\/v2\/comments?post=62963"}],"version-history":[{"count":1,"href":"https:\/\/erformance.eu\/et\/wp-json\/wp\/v2\/product\/62963\/revisions"}],"predecessor-version":[{"id":62966,"href":"https:\/\/erformance.eu\/et\/wp-json\/wp\/v2\/product\/62963\/revisions\/62966"}],"wp:featuredmedia":[{"embeddable":true,"href":"https:\/\/erformance.eu\/et\/wp-json\/wp\/v2\/media\/62964"}],"wp:attachment":[{"href":"https:\/\/erformance.eu\/et\/wp-json\/wp\/v2\/media?parent=62963"}],"wp:term":[{"taxonomy":"product_brand","embeddable":true,"href":"https:\/\/erformance.eu\/et\/wp-json\/wp\/v2\/product_brand?post=62963"},{"taxonomy":"product_cat","embeddable":true,"href":"https:\/\/erformance.eu\/et\/wp-json\/wp\/v2\/product_cat?post=62963"},{"taxonomy":"product_tag","embeddable":true,"href":"https:\/\/erformance.eu\/et\/wp-json\/wp\/v2\/product_tag?post=62963"}],"curies":[{"name":"wp","href":"https:\/\/api.w.org\/{rel}","templated":true}]}}