{"id":63071,"date":"2026-02-16T15:22:55","date_gmt":"2026-02-16T12:22:55","guid":{"rendered":"https:\/\/erformance.eu\/?post_type=product&#038;p=63071"},"modified":"2026-03-12T14:34:38","modified_gmt":"2026-03-12T11:34:38","slug":"audi-a4-b8-avant-allroad-07-16-galinio-valytuvo-svirtis-sluotele-galinio-lango-apiplovimo-antgalis-2-vnt-komplektas-2","status":"publish","type":"product","link":"https:\/\/erformance.eu\/et\/toode\/audi-a4-b8-avant-allroad-07-16-galinio-valytuvo-svirtis-sluotele-galinio-lango-apiplovimo-antgalis-2-vnt-komplektas-2\/","title":{"rendered":"Audi A4 B8 Avant \/ Allroad 07-16 galinio valytuvo svirtis + \u0161luotel\u0117 + galinio lango apiplovimo antgalis (2 vnt.) komplektas"},"content":{"rendered":"<p>Prek\u0117: RINKINYS, kur\u012f sudaro:<\/p>\n<p>galinio valytuvo svirtis + \u0161luotel\u0117 (360 mm)<br \/>\ngalinio lango apiplovimo antgalis<\/p>\n<p>Purk\u0161tuko originalus numeris: 8E9955985<br \/>\nPASTABA: auk\u0161\u010diau pateikti numeriai yra original\u016bs dali\u0173 numeriai, kuriuos \u0161is pasi\u016blymas pakei\u010dia. Prie\u0161 pirkdami, palyginkite juos su originaliu dalies numeriu. Jei jie skiriasi net vienu simboliu, dalis netiks, neveiks arba veiks netinkamai. Tokiu atveju jos nepirkite.<br \/>\nAutomobilis:<br \/>\nAudi A4 Avant (8K5, B8), gamybos metai: 2007-2015<\/p>\n<p>Audi A4 Avant (8K5, B8) 1.8 TFSI (CABB CDHB) 1798ccm 160KM\/118kW 2007\/11-2012\/03<br \/>\nAudi A4 Avant (8K5, B8) 1.8 TFSI (CDHA) 1798ccm 120kM\/88kW 2008\/04-2015\/12<br \/>\nAudi A4 Avant (8K5, B8) 1.8 TFSI (CJEB) 1798ccm 170KM\/125kW 2011\/11-2015\/12<br \/>\nAudi A4 Avant (8K5, B8) 1.8 TFSI quattro (CDHB) 1798ccm 160km\/118kW 2008\/09-2012\/03<br \/>\nAudi A4 Avant (8K5, B8) 1.8 TFSI quattro (CJEB) 1798ccm 170KM\/125kW 2011\/11-2015\/12<br \/>\nAudi A4 Avant (8K5, B8) 2.0 TDI (CAGA CJCA CMEA CMFA) 1968ccm 143KM\/105kW 2008\/04-2015\/12<br \/>\nAudi A4 Avant (8K5, B8) 2.0 TDI (CAGB, CJCB, CSUB) (nuo 2008 iki 2015 m.) 1968 cm3 (136 km\/100 kW)<br \/>\nAudi A4 Avant (8K5, B8) 2.0 TDI (CAGC CJCC) 1968ccm 120KM\/88kW 2008\/06-2015\/12<br \/>\nAudi A4 Avant (8K5, B8) 2.0 TDI (CAHA) 1968ccm 170KM\/125kW 2008\/04-2012\/03<br \/>\nAudi A4 Avant (8K5, B8) 2.0 TDI (CAHB CGLD CNHC) 1968ccm 163KM\/120kW 2008\/08-2015\/12<br \/>\nAudi A4 Avant (8K5, B8) 2.0 TDI (CGLC) 1968ccm 177KM\/130kW 2011\/11-2015\/12<br \/>\nAudi A4 Avant (8K5, B8) 2.0 TDI (CJCD CMFB CSUA) 1968ccm 150KM\/110kW 2013\/05-2015\/12<br \/>\nAudi A4 Avant (8K5, B8) 2.0 TDI (CNHA) 1968ccm 190KM\/140kW 2013\/09-2015\/12<br \/>\nAudi A4 Avant (8K5, B8) 2.0 TDI quattro (CAGA CJCA) 1968ccm 143KM\/105kW 2008\/04-2015\/12<br \/>\nAudi A4 Avant (8K5, B8) 2.0 TDI quattro (CAHA) 1968ccm 170KM\/125kW 2008\/08-2012\/03<br \/>\nAudi A4 Avant (8K5, B8) 2.0 TDI quattro (CGLC) 1968ccm 177KM\/130kW 2011\/11-2015\/12<br \/>\nAudi A4 Avant (8K5, B8) 2.0 TDI quattro (CJCD CSUA) 1968ccm 150KM\/110kW 2013\/05-2015\/12<br \/>\nAudi A4 Avant (8K5, B8) 2.0 TDI quattro (CNHA) 1968ccm 190KM\/140kW 2013\/09-2015\/12<br \/>\nAudi A4 Avant (8K5, B8) 2.0 TFSI (CAEB CDNC) 1984ccm 211KM\/155kW 2008\/06-2013\/05<br \/>\nAudi A4 Avant (8K5, B8) 2.0 TFSI (CDNB, CFKA) 1984 cm3 (180 km\/132 kW) 2008-06-2015<br \/>\nAudi A4 Avant (8K5, B8) 2.0 TFSI (CNCD) 2013-05-2015-12 224 KM\/165 kW (1984 cm\u00b3)<br \/>\nAudi A4 Avant (8K5, B8) 2.0 TFSI flexible fuel (CFKA) 1984ccm 180KM\/132kW 2009\/11-2015\/12<br \/>\nAudi A4 Avant (8K5, B8) 2.0 TFSI quattro (CFKA) 1984 cm\u00b3 (180 km\/132 kW) 2009-11-2015<br \/>\nAudi A4 Avant (8K5, B8) 2.0 TFSI quattro (CAEB CDNC) 1984ccm 211KM\/155kW 2008\/06-2015\/12<br \/>\nAudi A4 Avant (8K5, B8) 2.0 TFSI quattro (CNCD) 1984ccm 224KM\/165kW 2013\/05-2015\/12<br \/>\nAudi A4 Avant (8K5, B8) 2.7 TDI (CAMA CGKA) 2698ccm 190KM\/140kW 2008\/04-2012\/03<br \/>\nAudi A4 Avant (8K5, B8) 2.7 TDI (CAMB CGKB) 2698ccm 163KM\/120kW 2008\/06-2012\/03<br \/>\nAudi A4 Avant (8K5, B8) 3.0 TDI (CLAB) 2967ccm 204KM\/150kW 2011\/11-2015\/12<br \/>\nAudi A4 Avant (8K5, B8) 3.0 TDI quattro (CAPA CCLA CCWA) 2967ccm 240KM\/176kW 2008\/04-2012\/03<br \/>\nAudi A4 Avant (8K5, B8) 3.0 TDI quattro (CDUC CKVB CKVC) 2967ccm 245KM\/180kW 2011\/11-2015\/12<br \/>\nAudi A4 Avant (8K5, B8) 3.0 TFSI quattro (CMUA CRED) 2995ccm 272KM\/200kW 2012\/02-2015\/12<br \/>\nAudi A4 Avant (8K5, B8) 3.2 FSI (CALA) 3197ccm 265KM\/195kW 2008\/09-2012\/03<br \/>\nAudi A4 Avant (8K5, B8) 3.2 FSI quattro (CALA) 3197ccm 265KM\/195kW 2008\/04-2012\/03<br \/>\nAudi A4 Avant (8K5, B8) RS4 quattro (CFSA) 4163ccm 450KM\/331kW 2012\/05-2015\/08<br \/>\nAudi A4 Avant (8K5, B8) S4 quattro (CAKA CCBA CGWC CGXC CREC CTUB) 2995ccm 333KM\/245kW 2008\/11-2015\/12<\/p>\n<p>Audi A4 Allroad (8KH, B8), rok produkcji: 2009-2016<\/p>\n<p>Audi A4 Allroad (8KH, B8) 2.0 TDI quattro (CAGA CJCA) 1968ccm 143KM\/105kW 2009\/09-2016\/05<br \/>\nAudi A4 Allroad (8KH, B8) 2.0 TDI quattro (CAGB CJCB CSUB) 1968ccm 136KM\/100kW 2009\/09-2016\/05<br \/>\nAudi A4 Allroad (8KH, B8) 2.0 TDI quattro (CAHA) 1968ccm 170KM\/125kW 2009\/04-2016\/05<br \/>\nAudi A4 Allroad (8KH, B8) 2.0 TDI quattro (CAHB CGLD CNHC) 1968ccm 163KM\/120kW 2009\/04-2016\/05<br \/>\nAudi A4 Allroad (8KH, B8) 2.0 TDI quattro (CGLC) 1968ccm 177KM\/130kW 2011\/11-2016\/05<br \/>\nAudi A4 Allroad (8KH, B8) 2.0 TDI quattro (CJCD CSUA) 1968ccm 150KM\/110kW 2013\/05-2016\/05<br \/>\nAudi A4 Allroad (8KH, B8) 2.0 TDI quattro (CNHA) 1968ccm 190KM\/140kW 2013\/09-2016\/05<br \/>\nAudi A4 Allroad (8KH, B8) 2.0 TFSI quattro (CDNC CPMA) 1984ccm 211KM\/155kW 2009\/04-2016\/05<br \/>\nAudi A4 Allroad (8KH, B8) 2.0 TFSI quattro (CNCD) 1984ccm 224KM\/165kW 2013\/05-2016\/05<br \/>\nAudi A4 Allroad (8KH, B8) 2.0 TFSI quattro (CPMB) 1984ccm 220KM\/162kW 2013\/05-2016\/05<br \/>\nAudi A4 Allroad (8KH, B8) 3.0 TDI quattro (CCWA) 2967ccm 240KM\/176kW 2009\/04-2012\/01<br \/>\nAudi A4 Allroad (8KH, B8) 3.0 TDI quattro (CDUC CKVB CKVC) 2967ccm 245KM\/180kW 2012\/01-2016\/05<\/p>\n<p>Audi A6 Avant (4F5, C6), rok produkcji: 2004-2011<\/p>\n<p>Audi A6 Avant (4F5, C6) 2.0 TDI (BLB BRE) 1968ccm 140KM\/103kW 2005\/06-2008\/10<br \/>\nAudi A6 Avant (4F5, C6) 2.0 TDI (BNA BRF CAGB) 1968ccm 136KM\/100kW 2005\/06-2011\/08<br \/>\nAudi A6 Avant (4F5, C6) 2.0 TDI (BVG) 1968ccm 121KM\/89kW 2005\/09-2006\/06<br \/>\nAudi A6 Avant (4F5, C6) 2.0 TDI (CAHA) 1968ccm 170KM\/125kW 2008\/10-2011\/08<br \/>\nAudi A6 Avant (4F5, C6) 2.0 TFSI (BPJ) 1984ccm 170KM\/125kW 2005\/06-2011\/08<br \/>\nAudi A6 Avant (4F5, C6) 2.4 (BDW) 2393ccm 177KM\/130kW 2005\/03-2008\/10<br \/>\nAudi A6 Avant (4F5, C6) 2.4 quattro (BDW) 2393ccm 177KM\/130kW 2005\/03-2008\/10<br \/>\nAudi A6 Avant (4F5, C6) 2.7 TDI (BPP) 2698ccm 180KM\/132kW 2005\/03-2008\/10<br \/>\nAudi A6 Avant (4F5, C6) 2.7 TDI (BSG CANB) 2698ccm 163KM\/120kW 2005\/03-2011\/08<br \/>\nAudi A6 Avant (4F5, C6) 2.7 TDI (CANA) 2698ccm 190KM\/140kW 2008\/10-2011\/08<br \/>\nAudi A6 Avant (4F5, C6) 2.7 TDI quattro (BPP) 2698ccm 180KM\/132kW 2004\/11-2008\/10<br \/>\nAudi A6 Avant (4F5, C6) 2.7 TDI quattro (BSG CAND) 2698ccm 163KM\/120kW 2005\/06-2011\/08<br \/>\nAudi A6 Avant (4F5, C6) 2.7 TDI quattro (CANC) 2698ccm 190KM\/140kW 2008\/10-2011\/08<br \/>\nAudi A6 Avant (4F5, C6) 2.8 FSI (BDX) 2773ccm 210KM\/154kW 2006\/11-2008\/10<br \/>\nAudi A6 Avant (4F5, C6) 2.8 FSI (CCDA) 2773ccm 190KM\/140kW 2008\/10-2011\/08<br \/>\nAudi A6 Avant (4F5, C6) 2.8 FSI (CCEA) 2773ccm 220KM\/162kW 2008\/10-2011\/08<br \/>\nAudi A6 Avant (4F5, C6) 2.8 FSI quattro (BDX) 2773ccm 210KM\/154kW 2007\/06-2008\/10<br \/>\nAudi A6 Avant (4F5, C6) 2.8 FSI quattro (CCDA) 2773ccm 190KM\/140kW 2008\/10-2011\/08<br \/>\nAudi A6 Avant (4F5, C6) 2.8 FSI quattro (CCEA) 2773ccm 220KM\/162kW 2008\/10-2011\/08<br \/>\nAudi A6 Avant (4F5, C6) 3.0 (BBJ) 2976ccm 218KM\/160kW 2005\/03-2006\/05<br \/>\nAudi A6 Avant (4F5, C6) 3.0 TDI quattro (ASB) 2967ccm 233KM\/171kW 2006\/06-2008\/10<br \/>\nAudi A6 Avant (4F5, C6) 3.0 TDI quattro (BMK) 2967ccm 225KM\/165kW 2005\/03-2006\/05<br \/>\nAudi A6 Avant (4F5, C6) 3.0 TDI quattro (BNG CDYB) 2967ccm 211KM\/155kW 2005\/03-2011\/08<br \/>\nAudi A6 Avant (4F5, C6) 3.0 TDI quattro (CDYA CDYC) 2967ccm 240KM\/176kW 2008\/10-2011\/08<br \/>\nAudi A6 Avant (4F5, C6) 3.0 TFSI quattro (CAJA) 2995ccm 290KM\/213kW 2008\/10-2011\/08<br \/>\nAudi A6 Avant (4F5, C6) 3.0 TFSI quattro (CCAA) 2995ccm 299KM\/220kW 2008\/10-2011\/08<br \/>\nAudi A6 Avant (4F5, C6) 3.0 quattro (BBJ) 2976ccm 218KM\/160kW 2005\/03-2006\/05<br \/>\nAudi A6 Avant (4F5, C6) 3.2 FSI (AUK) 3123ccm 255KM\/188kW 2005\/03-2008\/10<br \/>\nAudi A6 Avant (4F5, C6) 3.2 FSI quattro (AUK BKH) 3123ccm 255KM\/188kW 2005\/03-2008\/10<br \/>\nAudi A6 Avant (4F5, C6) 4.2 FSI quattro (BVJ) 4163ccm 350KM\/257kW 2006\/06-2011\/08<br \/>\nAudi A6 Avant (4F5, C6) 4.2 quattro (BAT) 4163ccm 335KM\/246kW 2005\/03-2006\/05<br \/>\nAudi A6 Avant (4F5, C6) RS6 quattro (BUH) 4991ccm 580KM\/426kW 2008\/04-2010\/08<br \/>\nAudi A6 Avant (4F5, C6) S6 quattro (BXA) 5204ccm 435KM\/320kW 2006\/03-2011\/08<\/p>\n<p>Audi A6 Allroad (4FH, C6), rok produkcji: 2006-2011<\/p>\n<p>Audi A6 Allroad (4FH, C6) 2.7 TDI quattro (BPP) 2698ccm 180KM\/132kW 2006\/03-2008\/10<br \/>\nAudi A6 Allroad (4FH, C6) 2.7 TDI quattro (BSG CAND) 2698ccm 163KM\/120kW 2006\/05-2011\/08<br \/>\nAudi A6 Allroad (4FH, C6) 2.7 TDI quattro (CANC) 2698ccm 190KM\/140kW 2008\/10-2011\/08<br \/>\nAudi A6 Allroad (4FH, C6) 3.0 TDI quattro (ASB) 2967ccm 233KM\/171kW 2006\/05-2008\/10<br \/>\nAudi A6 Allroad (4FH, C6) 3.0 TDI quattro (BNG CDYB) 2967ccm 211KM\/155kW 2006\/05-2011\/08<br \/>\nAudi A6 Allroad (4FH, C6) 3.0 TDI quattro (CDYA CDYC) 2967ccm 240KM\/176kW 2008\/10-2011\/08<br \/>\nAudi A6 Allroad (4FH, C6) 3.0 TFSI quattro (CAJA) 2995ccm 290KM\/213kW 2008\/10-2011\/08<br \/>\nAudi A6 Allroad (4FH, C6) 3.2 FSI quattro (AUK) 3123ccm 255KM\/188kW 2006\/05-2008\/10<br \/>\nAudi A6 Allroad (4FH, C6) 4.2 FSI quattro (BVJ) 4163ccm 350KM\/257kW 2006\/05-2010\/12<\/p>\n<p>Producent: zamiennik<br \/>\nStan techniczny: przedmiot jest fabrycznie NOWY, nieu\u017cywany, nieuszkodzony i niezniszczony<\/p>\n","protected":false},"excerpt":{"rendered":"<p>1. Prek\u0117: rinkinys, kur\u012f sudaro:     * galinio valytuvo svirtis + \u0161luotel\u0117     * galinio lango apiplovimo antgalis2. Automobilis:     * Audi A4 B8 Avant \/ Allroad 07-16     * Audi A6 C6 Avant \/ Allroad 04-11<\/p>\n","protected":false},"featured_media":63072,"comment_status":"open","ping_status":"closed","template":"","meta":[],"product_brand":[],"product_cat":[390,144,3911,3951,4351],"product_tag":[],"class_list":{"0":"post-63071","1":"product","2":"type-product","3":"status-publish","4":"has-post-thumbnail","6":"product_cat-audi-a4","7":"product_cat-audi","8":"product_cat-audi-a4-b8","9":"product_cat-audi-a4-b8-isores-dalys","10":"product_cat-audi-a4-b8-mechanizmai-valytuvai","12":"first","13":"instock","14":"shipping-taxable","15":"purchasable","16":"product-type-simple"},"yoast_head":"<!-- This site is optimized with the Yoast SEO Premium plugin v25.2 (Yoast SEO v27.4) - https:\/\/yoast.com\/product\/yoast-seo-premium-wordpress\/ -->\n<title>Audi A4 B8 Avant \/ Allroad 07-16 galinio valytuvo svirtis + \u0161luotel\u0117 + galinio lango apiplovimo antgalis (2 vnt.) komplektas - Erformance.eu<\/title>\n<meta name=\"robots\" content=\"index, follow, max-snippet:-1, max-image-preview:large, max-video-preview:-1\" \/>\n<link rel=\"canonical\" href=\"https:\/\/erformance.eu\/et\/toode\/audi-a4-b8-avant-allroad-07-16-galinio-valytuvo-svirtis-sluotele-galinio-lango-apiplovimo-antgalis-2-vnt-komplektas-2\/\" \/>\n<meta property=\"og:locale\" content=\"et_EE\" \/>\n<meta property=\"og:type\" content=\"article\" \/>\n<meta property=\"og:title\" content=\"Audi A4 B8 Avant \/ Allroad 07-16 galinio valytuvo svirtis + \u0161luotel\u0117 + galinio lango apiplovimo antgalis (2 vnt.) komplektas\" \/>\n<meta property=\"og:description\" content=\"1. Prek\u0117: rinkinys, kur\u012f sudaro:   * galinio valytuvo svirtis + \u0161luotel\u0117   * galinio lango apiplovimo antgalis2. Automobilis:   * Audi A4 B8 Avant \/ Allroad 07-16   * Audi A6 C6 Avant \/ Allroad 04-11\" \/>\n<meta property=\"og:url\" content=\"https:\/\/erformance.eu\/et\/toode\/audi-a4-b8-avant-allroad-07-16-galinio-valytuvo-svirtis-sluotele-galinio-lango-apiplovimo-antgalis-2-vnt-komplektas-2\/\" \/>\n<meta property=\"og:site_name\" content=\"Erformance.eu\" \/>\n<meta property=\"article:modified_time\" content=\"2026-03-12T11:34:38+00:00\" \/>\n<meta property=\"og:image\" content=\"https:\/\/erformance.eu\/wp-content\/uploads\/2026\/02\/pol_pm_Audi-A4-B8-Avant-Allroad-07-16-wycieraczka-tylna-ramie-pioro-dysza-spryskiwacza-tylnej-szyby-2-szt-KPL-22942_1.jpg\" \/>\n\t<meta property=\"og:image:width\" content=\"1200\" \/>\n\t<meta property=\"og:image:height\" content=\"900\" \/>\n\t<meta property=\"og:image:type\" content=\"image\/jpeg\" \/>\n<meta name=\"twitter:card\" content=\"summary_large_image\" \/>\n<meta name=\"twitter:label1\" content=\"Est. reading time\" \/>\n\t<meta name=\"twitter:data1\" content=\"6 minutit\" \/>\n<script type=\"application\/ld+json\" class=\"yoast-schema-graph\">{\"@context\":\"https:\\\/\\\/schema.org\",\"@graph\":[{\"@type\":\"WebPage\",\"@id\":\"https:\\\/\\\/erformance.eu\\\/et\\\/toode\\\/audi-a4-b8-avant-allroad-07-16-galinio-valytuvo-svirtis-sluotele-galinio-lango-apiplovimo-antgalis-2-vnt-komplektas-2\\\/\",\"url\":\"https:\\\/\\\/erformance.eu\\\/et\\\/toode\\\/audi-a4-b8-avant-allroad-07-16-galinio-valytuvo-svirtis-sluotele-galinio-lango-apiplovimo-antgalis-2-vnt-komplektas-2\\\/\",\"name\":\"Audi A4 B8 Avant \\\/ Allroad 07-16 galinio valytuvo svirtis + \u0161luotel\u0117 + galinio lango apiplovimo antgalis (2 vnt.) komplektas - Erformance.eu\",\"isPartOf\":{\"@id\":\"https:\\\/\\\/erformance.eu\\\/et\\\/#website\"},\"primaryImageOfPage\":{\"@id\":\"https:\\\/\\\/erformance.eu\\\/et\\\/toode\\\/audi-a4-b8-avant-allroad-07-16-galinio-valytuvo-svirtis-sluotele-galinio-lango-apiplovimo-antgalis-2-vnt-komplektas-2\\\/#primaryimage\"},\"image\":{\"@id\":\"https:\\\/\\\/erformance.eu\\\/et\\\/toode\\\/audi-a4-b8-avant-allroad-07-16-galinio-valytuvo-svirtis-sluotele-galinio-lango-apiplovimo-antgalis-2-vnt-komplektas-2\\\/#primaryimage\"},\"thumbnailUrl\":\"https:\\\/\\\/erformance.eu\\\/wp-content\\\/uploads\\\/2026\\\/02\\\/pol_pm_Audi-A4-B8-Avant-Allroad-07-16-wycieraczka-tylna-ramie-pioro-dysza-spryskiwacza-tylnej-szyby-2-szt-KPL-22942_1.jpg\",\"datePublished\":\"2026-02-16T12:22:55+00:00\",\"dateModified\":\"2026-03-12T11:34:38+00:00\",\"breadcrumb\":{\"@id\":\"https:\\\/\\\/erformance.eu\\\/et\\\/toode\\\/audi-a4-b8-avant-allroad-07-16-galinio-valytuvo-svirtis-sluotele-galinio-lango-apiplovimo-antgalis-2-vnt-komplektas-2\\\/#breadcrumb\"},\"inLanguage\":\"et\",\"potentialAction\":[{\"@type\":\"ReadAction\",\"target\":[\"https:\\\/\\\/erformance.eu\\\/et\\\/toode\\\/audi-a4-b8-avant-allroad-07-16-galinio-valytuvo-svirtis-sluotele-galinio-lango-apiplovimo-antgalis-2-vnt-komplektas-2\\\/\"]}]},{\"@type\":\"ImageObject\",\"inLanguage\":\"et\",\"@id\":\"https:\\\/\\\/erformance.eu\\\/et\\\/toode\\\/audi-a4-b8-avant-allroad-07-16-galinio-valytuvo-svirtis-sluotele-galinio-lango-apiplovimo-antgalis-2-vnt-komplektas-2\\\/#primaryimage\",\"url\":\"https:\\\/\\\/erformance.eu\\\/wp-content\\\/uploads\\\/2026\\\/02\\\/pol_pm_Audi-A4-B8-Avant-Allroad-07-16-wycieraczka-tylna-ramie-pioro-dysza-spryskiwacza-tylnej-szyby-2-szt-KPL-22942_1.jpg\",\"contentUrl\":\"https:\\\/\\\/erformance.eu\\\/wp-content\\\/uploads\\\/2026\\\/02\\\/pol_pm_Audi-A4-B8-Avant-Allroad-07-16-wycieraczka-tylna-ramie-pioro-dysza-spryskiwacza-tylnej-szyby-2-szt-KPL-22942_1.jpg\",\"width\":1200,\"height\":900},{\"@type\":\"BreadcrumbList\",\"@id\":\"https:\\\/\\\/erformance.eu\\\/et\\\/toode\\\/audi-a4-b8-avant-allroad-07-16-galinio-valytuvo-svirtis-sluotele-galinio-lango-apiplovimo-antgalis-2-vnt-komplektas-2\\\/#breadcrumb\",\"itemListElement\":[{\"@type\":\"ListItem\",\"position\":1,\"name\":\"Home\",\"item\":\"https:\\\/\\\/erformance.eu\\\/et\\\/\"},{\"@type\":\"ListItem\",\"position\":2,\"name\":\"Pood\",\"item\":\"https:\\\/\\\/erformance.eu\\\/et\\\/pood\\\/\"},{\"@type\":\"ListItem\",\"position\":3,\"name\":\"Audi A4 B8 Avant \\\/ Allroad 07-16 galinio valytuvo svirtis + \u0161luotel\u0117 + galinio lango apiplovimo antgalis (2 vnt.) komplektas\"}]},{\"@type\":\"WebSite\",\"@id\":\"https:\\\/\\\/erformance.eu\\\/et\\\/#website\",\"url\":\"https:\\\/\\\/erformance.eu\\\/et\\\/\",\"name\":\"Erformance.eu\",\"description\":\"Automobili\u0173 dali\u0173 parduotuv\u0117\",\"potentialAction\":[{\"@type\":\"SearchAction\",\"target\":{\"@type\":\"EntryPoint\",\"urlTemplate\":\"https:\\\/\\\/erformance.eu\\\/et\\\/?s={search_term_string}\"},\"query-input\":{\"@type\":\"PropertyValueSpecification\",\"valueRequired\":true,\"valueName\":\"search_term_string\"}}],\"inLanguage\":\"et\"}]}<\/script>\n<!-- \/ Yoast SEO Premium plugin. -->","yoast_head_json":{"title":"Audi A4 B8 Avant \/ Allroad 07-16 galinio valytuvo svirtis + \u0161luotel\u0117 + galinio lango apiplovimo antgalis (2 vnt.) komplektas - Erformance.eu","robots":{"index":"index","follow":"follow","max-snippet":"max-snippet:-1","max-image-preview":"max-image-preview:large","max-video-preview":"max-video-preview:-1"},"canonical":"https:\/\/erformance.eu\/et\/toode\/audi-a4-b8-avant-allroad-07-16-galinio-valytuvo-svirtis-sluotele-galinio-lango-apiplovimo-antgalis-2-vnt-komplektas-2\/","og_locale":"et_EE","og_type":"article","og_title":"Audi A4 B8 Avant \/ Allroad 07-16 galinio valytuvo svirtis + \u0161luotel\u0117 + galinio lango apiplovimo antgalis (2 vnt.) komplektas","og_description":"1. Prek\u0117: rinkinys, kur\u012f sudaro:   * galinio valytuvo svirtis + \u0161luotel\u0117   * galinio lango apiplovimo antgalis2. Automobilis:   * Audi A4 B8 Avant \/ Allroad 07-16   * Audi A6 C6 Avant \/ Allroad 04-11","og_url":"https:\/\/erformance.eu\/et\/toode\/audi-a4-b8-avant-allroad-07-16-galinio-valytuvo-svirtis-sluotele-galinio-lango-apiplovimo-antgalis-2-vnt-komplektas-2\/","og_site_name":"Erformance.eu","article_modified_time":"2026-03-12T11:34:38+00:00","og_image":[{"width":1200,"height":900,"url":"https:\/\/erformance.eu\/wp-content\/uploads\/2026\/02\/pol_pm_Audi-A4-B8-Avant-Allroad-07-16-wycieraczka-tylna-ramie-pioro-dysza-spryskiwacza-tylnej-szyby-2-szt-KPL-22942_1.jpg","type":"image\/jpeg"}],"twitter_card":"summary_large_image","twitter_misc":{"Est. reading time":"6 minutit"},"schema":{"@context":"https:\/\/schema.org","@graph":[{"@type":"WebPage","@id":"https:\/\/erformance.eu\/et\/toode\/audi-a4-b8-avant-allroad-07-16-galinio-valytuvo-svirtis-sluotele-galinio-lango-apiplovimo-antgalis-2-vnt-komplektas-2\/","url":"https:\/\/erformance.eu\/et\/toode\/audi-a4-b8-avant-allroad-07-16-galinio-valytuvo-svirtis-sluotele-galinio-lango-apiplovimo-antgalis-2-vnt-komplektas-2\/","name":"Audi A4 B8 Avant \/ Allroad 07-16 galinio valytuvo svirtis + \u0161luotel\u0117 + galinio lango apiplovimo antgalis (2 vnt.) komplektas - Erformance.eu","isPartOf":{"@id":"https:\/\/erformance.eu\/et\/#website"},"primaryImageOfPage":{"@id":"https:\/\/erformance.eu\/et\/toode\/audi-a4-b8-avant-allroad-07-16-galinio-valytuvo-svirtis-sluotele-galinio-lango-apiplovimo-antgalis-2-vnt-komplektas-2\/#primaryimage"},"image":{"@id":"https:\/\/erformance.eu\/et\/toode\/audi-a4-b8-avant-allroad-07-16-galinio-valytuvo-svirtis-sluotele-galinio-lango-apiplovimo-antgalis-2-vnt-komplektas-2\/#primaryimage"},"thumbnailUrl":"https:\/\/erformance.eu\/wp-content\/uploads\/2026\/02\/pol_pm_Audi-A4-B8-Avant-Allroad-07-16-wycieraczka-tylna-ramie-pioro-dysza-spryskiwacza-tylnej-szyby-2-szt-KPL-22942_1.jpg","datePublished":"2026-02-16T12:22:55+00:00","dateModified":"2026-03-12T11:34:38+00:00","breadcrumb":{"@id":"https:\/\/erformance.eu\/et\/toode\/audi-a4-b8-avant-allroad-07-16-galinio-valytuvo-svirtis-sluotele-galinio-lango-apiplovimo-antgalis-2-vnt-komplektas-2\/#breadcrumb"},"inLanguage":"et","potentialAction":[{"@type":"ReadAction","target":["https:\/\/erformance.eu\/et\/toode\/audi-a4-b8-avant-allroad-07-16-galinio-valytuvo-svirtis-sluotele-galinio-lango-apiplovimo-antgalis-2-vnt-komplektas-2\/"]}]},{"@type":"ImageObject","inLanguage":"et","@id":"https:\/\/erformance.eu\/et\/toode\/audi-a4-b8-avant-allroad-07-16-galinio-valytuvo-svirtis-sluotele-galinio-lango-apiplovimo-antgalis-2-vnt-komplektas-2\/#primaryimage","url":"https:\/\/erformance.eu\/wp-content\/uploads\/2026\/02\/pol_pm_Audi-A4-B8-Avant-Allroad-07-16-wycieraczka-tylna-ramie-pioro-dysza-spryskiwacza-tylnej-szyby-2-szt-KPL-22942_1.jpg","contentUrl":"https:\/\/erformance.eu\/wp-content\/uploads\/2026\/02\/pol_pm_Audi-A4-B8-Avant-Allroad-07-16-wycieraczka-tylna-ramie-pioro-dysza-spryskiwacza-tylnej-szyby-2-szt-KPL-22942_1.jpg","width":1200,"height":900},{"@type":"BreadcrumbList","@id":"https:\/\/erformance.eu\/et\/toode\/audi-a4-b8-avant-allroad-07-16-galinio-valytuvo-svirtis-sluotele-galinio-lango-apiplovimo-antgalis-2-vnt-komplektas-2\/#breadcrumb","itemListElement":[{"@type":"ListItem","position":1,"name":"Home","item":"https:\/\/erformance.eu\/et\/"},{"@type":"ListItem","position":2,"name":"Pood","item":"https:\/\/erformance.eu\/et\/pood\/"},{"@type":"ListItem","position":3,"name":"Audi A4 B8 Avant \/ Allroad 07-16 galinio valytuvo svirtis + \u0161luotel\u0117 + galinio lango apiplovimo antgalis (2 vnt.) komplektas"}]},{"@type":"WebSite","@id":"https:\/\/erformance.eu\/et\/#website","url":"https:\/\/erformance.eu\/et\/","name":"Erformance.eu","description":"Automobili\u0173 dali\u0173 parduotuv\u0117","potentialAction":[{"@type":"SearchAction","target":{"@type":"EntryPoint","urlTemplate":"https:\/\/erformance.eu\/et\/?s={search_term_string}"},"query-input":{"@type":"PropertyValueSpecification","valueRequired":true,"valueName":"search_term_string"}}],"inLanguage":"et"}]}},"jetpack_sharing_enabled":true,"_links":{"self":[{"href":"https:\/\/erformance.eu\/et\/wp-json\/wp\/v2\/product\/63071","targetHints":{"allow":["GET"]}}],"collection":[{"href":"https:\/\/erformance.eu\/et\/wp-json\/wp\/v2\/product"}],"about":[{"href":"https:\/\/erformance.eu\/et\/wp-json\/wp\/v2\/types\/product"}],"replies":[{"embeddable":true,"href":"https:\/\/erformance.eu\/et\/wp-json\/wp\/v2\/comments?post=63071"}],"version-history":[{"count":1,"href":"https:\/\/erformance.eu\/et\/wp-json\/wp\/v2\/product\/63071\/revisions"}],"predecessor-version":[{"id":63082,"href":"https:\/\/erformance.eu\/et\/wp-json\/wp\/v2\/product\/63071\/revisions\/63082"}],"wp:featuredmedia":[{"embeddable":true,"href":"https:\/\/erformance.eu\/et\/wp-json\/wp\/v2\/media\/63072"}],"wp:attachment":[{"href":"https:\/\/erformance.eu\/et\/wp-json\/wp\/v2\/media?parent=63071"}],"wp:term":[{"taxonomy":"product_brand","embeddable":true,"href":"https:\/\/erformance.eu\/et\/wp-json\/wp\/v2\/product_brand?post=63071"},{"taxonomy":"product_cat","embeddable":true,"href":"https:\/\/erformance.eu\/et\/wp-json\/wp\/v2\/product_cat?post=63071"},{"taxonomy":"product_tag","embeddable":true,"href":"https:\/\/erformance.eu\/et\/wp-json\/wp\/v2\/product_tag?post=63071"}],"curies":[{"name":"wp","href":"https:\/\/api.w.org\/{rel}","templated":true}]}}