{"id":63105,"date":"2026-02-16T15:23:05","date_gmt":"2026-02-16T12:23:05","guid":{"rendered":"https:\/\/erformance.eu\/?post_type=product&#038;p=63105"},"modified":"2026-03-12T14:34:07","modified_gmt":"2026-03-12T11:34:07","slug":"audi-a4-b8-07-15-sidabrine-galine-kaire-vidine-duru-rankena","status":"publish","type":"product","link":"https:\/\/erformance.eu\/et\/toode\/audi-a4-b8-07-15-sidabrine-galine-kaire-vidine-duru-rankena\/","title":{"rendered":"Audi A4 B8 07-15 sidabrin\u0117 galin\u0117 kair\u0117 vidin\u0117 dur\u0173 rankena"},"content":{"rendered":"<p>Prek\u0117: Galini\u0173 dureli\u0173 vidin\u0117 rankena<br \/>\nPus\u0117: Kair\u0117 (vairuotojo pus\u0117)<br \/>\nOriginalus numeris: 8K0839019<br \/>\nPASTABA: auk\u0161\u010diau pateikti numeriai yra original\u016bs dali\u0173 numeriai, kuriuos \u0161is pasi\u016blymas pakei\u010dia. Prie\u0161 pirkdami, palyginkite juos su originaliu dalies numeriu. Jei jie skiriasi net vienu simboliu, dalis netiks, neveiks arba veiks netinkamai. Tokiu atveju jos nepirkite.<br \/>\nAutomobilis:<\/p>\n<p>\u201eAudi A4 B8\u201c, pagaminimo metai: 2007\u20132015<br \/>\n\u201eAudi A5 8T\u201c, pagaminimo metai: 2007\u20132017<\/p>\n<p>Spalva: juodas korpusas su SIDABRINE rankena (matinis chromas)<br \/>\nGamintojas: pakaitalas<br \/>\nTechnin\u0117 b\u016bkl\u0117: prek\u0117 yra visi\u0161kai nauja, nenaudota, nepa\u017eeista ir nesugadinta<\/p>\n","protected":false},"excerpt":{"rendered":"<p>1. Prek\u0117: Galini\u0173 dureli\u0173 vidin\u0117 rankena2. Pus\u0117: kair\u01173. Gamintojas: pakeitimas4. Spalva: juodas korpusas + sidabrin\u0117 rankena5. Automobilis:     * Audi A4 B8 07-15     * Audi A5 8T 07-17<\/p>\n","protected":false},"featured_media":63106,"comment_status":"open","ping_status":"closed","template":"","meta":[],"product_brand":[],"product_cat":[390,144,3911,4628,3990],"product_tag":[],"class_list":{"0":"post-63105","1":"product","2":"type-product","3":"status-publish","4":"has-post-thumbnail","6":"product_cat-audi-a4","7":"product_cat-audi","8":"product_cat-audi-a4-b8","9":"product_cat-audi-a4-b8-rankenos","10":"product_cat-audi-a4-b8-salono-dalys","12":"first","13":"instock","14":"shipping-taxable","15":"purchasable","16":"product-type-simple"},"yoast_head":"<!-- This site is optimized with the Yoast SEO Premium plugin v25.2 (Yoast SEO v27.4) - https:\/\/yoast.com\/product\/yoast-seo-premium-wordpress\/ -->\n<title>Audi A4 B8 07-15 sidabrin\u0117 galin\u0117 kair\u0117 vidin\u0117 dur\u0173 rankena - Erformance.eu<\/title>\n<meta name=\"robots\" content=\"index, follow, max-snippet:-1, max-image-preview:large, max-video-preview:-1\" \/>\n<link rel=\"canonical\" href=\"https:\/\/erformance.eu\/et\/toode\/audi-a4-b8-07-15-sidabrine-galine-kaire-vidine-duru-rankena\/\" \/>\n<meta property=\"og:locale\" content=\"et_EE\" \/>\n<meta property=\"og:type\" content=\"article\" \/>\n<meta property=\"og:title\" content=\"Audi A4 B8 07-15 sidabrin\u0117 galin\u0117 kair\u0117 vidin\u0117 dur\u0173 rankena\" \/>\n<meta property=\"og:description\" content=\"1. Prek\u0117: Galini\u0173 dureli\u0173 vidin\u0117 rankena2. Pus\u0117: kair\u01173. Gamintojas: pakeitimas4. Spalva: juodas korpusas + sidabrin\u0117 rankena5. Automobilis:   * Audi A4 B8 07-15   * Audi A5 8T 07-17\" \/>\n<meta property=\"og:url\" content=\"https:\/\/erformance.eu\/et\/toode\/audi-a4-b8-07-15-sidabrine-galine-kaire-vidine-duru-rankena\/\" \/>\n<meta property=\"og:site_name\" content=\"Erformance.eu\" \/>\n<meta property=\"article:modified_time\" content=\"2026-03-12T11:34:07+00:00\" \/>\n<meta property=\"og:image\" content=\"https:\/\/erformance.eu\/wp-content\/uploads\/2026\/02\/pol_pm_Audi-A4-B8-07-15-klamka-wewnetrzna-SILVER-tylna-lewa-20689_1.jpg\" \/>\n\t<meta property=\"og:image:width\" content=\"1200\" \/>\n\t<meta property=\"og:image:height\" content=\"900\" \/>\n\t<meta property=\"og:image:type\" content=\"image\/jpeg\" \/>\n<meta name=\"twitter:card\" content=\"summary_large_image\" \/>\n<script type=\"application\/ld+json\" class=\"yoast-schema-graph\">{\"@context\":\"https:\\\/\\\/schema.org\",\"@graph\":[{\"@type\":\"WebPage\",\"@id\":\"https:\\\/\\\/erformance.eu\\\/et\\\/toode\\\/audi-a4-b8-07-15-sidabrine-galine-kaire-vidine-duru-rankena\\\/\",\"url\":\"https:\\\/\\\/erformance.eu\\\/et\\\/toode\\\/audi-a4-b8-07-15-sidabrine-galine-kaire-vidine-duru-rankena\\\/\",\"name\":\"Audi A4 B8 07-15 sidabrin\u0117 galin\u0117 kair\u0117 vidin\u0117 dur\u0173 rankena - Erformance.eu\",\"isPartOf\":{\"@id\":\"https:\\\/\\\/erformance.eu\\\/et\\\/#website\"},\"primaryImageOfPage\":{\"@id\":\"https:\\\/\\\/erformance.eu\\\/et\\\/toode\\\/audi-a4-b8-07-15-sidabrine-galine-kaire-vidine-duru-rankena\\\/#primaryimage\"},\"image\":{\"@id\":\"https:\\\/\\\/erformance.eu\\\/et\\\/toode\\\/audi-a4-b8-07-15-sidabrine-galine-kaire-vidine-duru-rankena\\\/#primaryimage\"},\"thumbnailUrl\":\"https:\\\/\\\/erformance.eu\\\/wp-content\\\/uploads\\\/2026\\\/02\\\/pol_pm_Audi-A4-B8-07-15-klamka-wewnetrzna-SILVER-tylna-lewa-20689_1.jpg\",\"datePublished\":\"2026-02-16T12:23:05+00:00\",\"dateModified\":\"2026-03-12T11:34:07+00:00\",\"breadcrumb\":{\"@id\":\"https:\\\/\\\/erformance.eu\\\/et\\\/toode\\\/audi-a4-b8-07-15-sidabrine-galine-kaire-vidine-duru-rankena\\\/#breadcrumb\"},\"inLanguage\":\"et\",\"potentialAction\":[{\"@type\":\"ReadAction\",\"target\":[\"https:\\\/\\\/erformance.eu\\\/et\\\/toode\\\/audi-a4-b8-07-15-sidabrine-galine-kaire-vidine-duru-rankena\\\/\"]}]},{\"@type\":\"ImageObject\",\"inLanguage\":\"et\",\"@id\":\"https:\\\/\\\/erformance.eu\\\/et\\\/toode\\\/audi-a4-b8-07-15-sidabrine-galine-kaire-vidine-duru-rankena\\\/#primaryimage\",\"url\":\"https:\\\/\\\/erformance.eu\\\/wp-content\\\/uploads\\\/2026\\\/02\\\/pol_pm_Audi-A4-B8-07-15-klamka-wewnetrzna-SILVER-tylna-lewa-20689_1.jpg\",\"contentUrl\":\"https:\\\/\\\/erformance.eu\\\/wp-content\\\/uploads\\\/2026\\\/02\\\/pol_pm_Audi-A4-B8-07-15-klamka-wewnetrzna-SILVER-tylna-lewa-20689_1.jpg\",\"width\":1200,\"height\":900},{\"@type\":\"BreadcrumbList\",\"@id\":\"https:\\\/\\\/erformance.eu\\\/et\\\/toode\\\/audi-a4-b8-07-15-sidabrine-galine-kaire-vidine-duru-rankena\\\/#breadcrumb\",\"itemListElement\":[{\"@type\":\"ListItem\",\"position\":1,\"name\":\"Home\",\"item\":\"https:\\\/\\\/erformance.eu\\\/et\\\/\"},{\"@type\":\"ListItem\",\"position\":2,\"name\":\"Pood\",\"item\":\"https:\\\/\\\/erformance.eu\\\/et\\\/pood\\\/\"},{\"@type\":\"ListItem\",\"position\":3,\"name\":\"Audi A4 B8 07-15 sidabrin\u0117 galin\u0117 kair\u0117 vidin\u0117 dur\u0173 rankena\"}]},{\"@type\":\"WebSite\",\"@id\":\"https:\\\/\\\/erformance.eu\\\/et\\\/#website\",\"url\":\"https:\\\/\\\/erformance.eu\\\/et\\\/\",\"name\":\"Erformance.eu\",\"description\":\"Automobili\u0173 dali\u0173 parduotuv\u0117\",\"potentialAction\":[{\"@type\":\"SearchAction\",\"target\":{\"@type\":\"EntryPoint\",\"urlTemplate\":\"https:\\\/\\\/erformance.eu\\\/et\\\/?s={search_term_string}\"},\"query-input\":{\"@type\":\"PropertyValueSpecification\",\"valueRequired\":true,\"valueName\":\"search_term_string\"}}],\"inLanguage\":\"et\"}]}<\/script>\n<!-- \/ Yoast SEO Premium plugin. -->","yoast_head_json":{"title":"Audi A4 B8 07-15 sidabrin\u0117 galin\u0117 kair\u0117 vidin\u0117 dur\u0173 rankena - Erformance.eu","robots":{"index":"index","follow":"follow","max-snippet":"max-snippet:-1","max-image-preview":"max-image-preview:large","max-video-preview":"max-video-preview:-1"},"canonical":"https:\/\/erformance.eu\/et\/toode\/audi-a4-b8-07-15-sidabrine-galine-kaire-vidine-duru-rankena\/","og_locale":"et_EE","og_type":"article","og_title":"Audi A4 B8 07-15 sidabrin\u0117 galin\u0117 kair\u0117 vidin\u0117 dur\u0173 rankena","og_description":"1. Prek\u0117: Galini\u0173 dureli\u0173 vidin\u0117 rankena2. Pus\u0117: kair\u01173. Gamintojas: pakeitimas4. Spalva: juodas korpusas + sidabrin\u0117 rankena5. Automobilis:   * Audi A4 B8 07-15   * Audi A5 8T 07-17","og_url":"https:\/\/erformance.eu\/et\/toode\/audi-a4-b8-07-15-sidabrine-galine-kaire-vidine-duru-rankena\/","og_site_name":"Erformance.eu","article_modified_time":"2026-03-12T11:34:07+00:00","og_image":[{"width":1200,"height":900,"url":"https:\/\/erformance.eu\/wp-content\/uploads\/2026\/02\/pol_pm_Audi-A4-B8-07-15-klamka-wewnetrzna-SILVER-tylna-lewa-20689_1.jpg","type":"image\/jpeg"}],"twitter_card":"summary_large_image","schema":{"@context":"https:\/\/schema.org","@graph":[{"@type":"WebPage","@id":"https:\/\/erformance.eu\/et\/toode\/audi-a4-b8-07-15-sidabrine-galine-kaire-vidine-duru-rankena\/","url":"https:\/\/erformance.eu\/et\/toode\/audi-a4-b8-07-15-sidabrine-galine-kaire-vidine-duru-rankena\/","name":"Audi A4 B8 07-15 sidabrin\u0117 galin\u0117 kair\u0117 vidin\u0117 dur\u0173 rankena - Erformance.eu","isPartOf":{"@id":"https:\/\/erformance.eu\/et\/#website"},"primaryImageOfPage":{"@id":"https:\/\/erformance.eu\/et\/toode\/audi-a4-b8-07-15-sidabrine-galine-kaire-vidine-duru-rankena\/#primaryimage"},"image":{"@id":"https:\/\/erformance.eu\/et\/toode\/audi-a4-b8-07-15-sidabrine-galine-kaire-vidine-duru-rankena\/#primaryimage"},"thumbnailUrl":"https:\/\/erformance.eu\/wp-content\/uploads\/2026\/02\/pol_pm_Audi-A4-B8-07-15-klamka-wewnetrzna-SILVER-tylna-lewa-20689_1.jpg","datePublished":"2026-02-16T12:23:05+00:00","dateModified":"2026-03-12T11:34:07+00:00","breadcrumb":{"@id":"https:\/\/erformance.eu\/et\/toode\/audi-a4-b8-07-15-sidabrine-galine-kaire-vidine-duru-rankena\/#breadcrumb"},"inLanguage":"et","potentialAction":[{"@type":"ReadAction","target":["https:\/\/erformance.eu\/et\/toode\/audi-a4-b8-07-15-sidabrine-galine-kaire-vidine-duru-rankena\/"]}]},{"@type":"ImageObject","inLanguage":"et","@id":"https:\/\/erformance.eu\/et\/toode\/audi-a4-b8-07-15-sidabrine-galine-kaire-vidine-duru-rankena\/#primaryimage","url":"https:\/\/erformance.eu\/wp-content\/uploads\/2026\/02\/pol_pm_Audi-A4-B8-07-15-klamka-wewnetrzna-SILVER-tylna-lewa-20689_1.jpg","contentUrl":"https:\/\/erformance.eu\/wp-content\/uploads\/2026\/02\/pol_pm_Audi-A4-B8-07-15-klamka-wewnetrzna-SILVER-tylna-lewa-20689_1.jpg","width":1200,"height":900},{"@type":"BreadcrumbList","@id":"https:\/\/erformance.eu\/et\/toode\/audi-a4-b8-07-15-sidabrine-galine-kaire-vidine-duru-rankena\/#breadcrumb","itemListElement":[{"@type":"ListItem","position":1,"name":"Home","item":"https:\/\/erformance.eu\/et\/"},{"@type":"ListItem","position":2,"name":"Pood","item":"https:\/\/erformance.eu\/et\/pood\/"},{"@type":"ListItem","position":3,"name":"Audi A4 B8 07-15 sidabrin\u0117 galin\u0117 kair\u0117 vidin\u0117 dur\u0173 rankena"}]},{"@type":"WebSite","@id":"https:\/\/erformance.eu\/et\/#website","url":"https:\/\/erformance.eu\/et\/","name":"Erformance.eu","description":"Automobili\u0173 dali\u0173 parduotuv\u0117","potentialAction":[{"@type":"SearchAction","target":{"@type":"EntryPoint","urlTemplate":"https:\/\/erformance.eu\/et\/?s={search_term_string}"},"query-input":{"@type":"PropertyValueSpecification","valueRequired":true,"valueName":"search_term_string"}}],"inLanguage":"et"}]}},"jetpack_sharing_enabled":true,"_links":{"self":[{"href":"https:\/\/erformance.eu\/et\/wp-json\/wp\/v2\/product\/63105","targetHints":{"allow":["GET"]}}],"collection":[{"href":"https:\/\/erformance.eu\/et\/wp-json\/wp\/v2\/product"}],"about":[{"href":"https:\/\/erformance.eu\/et\/wp-json\/wp\/v2\/types\/product"}],"replies":[{"embeddable":true,"href":"https:\/\/erformance.eu\/et\/wp-json\/wp\/v2\/comments?post=63105"}],"version-history":[{"count":1,"href":"https:\/\/erformance.eu\/et\/wp-json\/wp\/v2\/product\/63105\/revisions"}],"predecessor-version":[{"id":63108,"href":"https:\/\/erformance.eu\/et\/wp-json\/wp\/v2\/product\/63105\/revisions\/63108"}],"wp:featuredmedia":[{"embeddable":true,"href":"https:\/\/erformance.eu\/et\/wp-json\/wp\/v2\/media\/63106"}],"wp:attachment":[{"href":"https:\/\/erformance.eu\/et\/wp-json\/wp\/v2\/media?parent=63105"}],"wp:term":[{"taxonomy":"product_brand","embeddable":true,"href":"https:\/\/erformance.eu\/et\/wp-json\/wp\/v2\/product_brand?post=63105"},{"taxonomy":"product_cat","embeddable":true,"href":"https:\/\/erformance.eu\/et\/wp-json\/wp\/v2\/product_cat?post=63105"},{"taxonomy":"product_tag","embeddable":true,"href":"https:\/\/erformance.eu\/et\/wp-json\/wp\/v2\/product_tag?post=63105"}],"curies":[{"name":"wp","href":"https:\/\/api.w.org\/{rel}","templated":true}]}}