{"id":63325,"date":"2026-02-16T15:24:32","date_gmt":"2026-02-16T12:24:32","guid":{"rendered":"https:\/\/erformance.eu\/?post_type=product&#038;p=63325"},"modified":"2026-03-12T14:29:07","modified_gmt":"2026-03-12T11:29:07","slug":"audi-a4-b8-avant-2008-valytuvu-mechanizmas","status":"publish","type":"product","link":"https:\/\/erformance.eu\/et\/toode\/audi-a4-b8-avant-2008-valytuvu-mechanizmas\/","title":{"rendered":"Audi A4 B8 \/ Avant 2008 &#8211; valytuv\u0173 mechanizmas"},"content":{"rendered":"<p>Tema: priekinio stiklo valytuv\u0173 mechanizmas<br \/>\nOriginalus numeris:<\/p>\n<p>8K1955023<br \/>\n8K1955023C<br \/>\n8K1955119<br \/>\n8K1955119A<\/p>\n<p>PASTABA: auk\u0161\u010diau pateikti numeriai yra original\u016bs dali\u0173 numeriai, kuriuos \u0161is pasi\u016blymas pakei\u010dia. Prie\u0161 pirkdami, palyginkite juos su originaliu dalies numeriu. Jei jie skiriasi net vienu simboliu, dalis netiks, neveiks arba veiks netinkamai. Tokiu atveju jos nepirkite.<br \/>\nAutomobilis: Audi A4 B8 \/ Avant<br \/>\nPagaminimo metai: modeliai, gaminami nuo 2008 m.<br \/>\nVariklis: ne\u012ftrauktas<br \/>\nGamintojas: pakaitalas<br \/>\nTechnin\u0117 b\u016bkl\u0117: prek\u0117 yra visi\u0161kai nauja, nenaudota, nepa\u017eeista ir nesugadinta<\/p>\n","protected":false},"excerpt":{"rendered":"<p>1. Prek\u0117: Priekinio stiklo valytuvo mechanizmas2. Gamintojas: pakeitimas3. Automobilis: Audi A4 B8 \/ Avant4. Pagaminimo metai: 2008\u2013<\/p>\n","protected":false},"featured_media":63326,"comment_status":"open","ping_status":"closed","template":"","meta":[],"product_brand":[],"product_cat":[390,144,3911,3951,4351],"product_tag":[],"class_list":{"0":"post-63325","1":"product","2":"type-product","3":"status-publish","4":"has-post-thumbnail","6":"product_cat-audi-a4","7":"product_cat-audi","8":"product_cat-audi-a4-b8","9":"product_cat-audi-a4-b8-isores-dalys","10":"product_cat-audi-a4-b8-mechanizmai-valytuvai","12":"first","13":"instock","14":"shipping-taxable","15":"purchasable","16":"product-type-simple"},"yoast_head":"<!-- This site is optimized with the Yoast SEO Premium plugin v25.2 (Yoast SEO v27.4) - https:\/\/yoast.com\/product\/yoast-seo-premium-wordpress\/ -->\n<title>Audi A4 B8 \/ Avant 2008 - valytuv\u0173 mechanizmas - Erformance.eu<\/title>\n<meta name=\"robots\" content=\"index, follow, max-snippet:-1, max-image-preview:large, max-video-preview:-1\" \/>\n<link rel=\"canonical\" href=\"https:\/\/erformance.eu\/et\/toode\/audi-a4-b8-avant-2008-valytuvu-mechanizmas\/\" \/>\n<meta property=\"og:locale\" content=\"et_EE\" \/>\n<meta property=\"og:type\" content=\"article\" \/>\n<meta property=\"og:title\" content=\"Audi A4 B8 \/ Avant 2008 - valytuv\u0173 mechanizmas\" \/>\n<meta property=\"og:description\" content=\"1. Prek\u0117: Priekinio stiklo valytuvo mechanizmas2. Gamintojas: pakeitimas3. Automobilis: Audi A4 B8 \/ Avant4. Pagaminimo metai: 2008\u2013\" \/>\n<meta property=\"og:url\" content=\"https:\/\/erformance.eu\/et\/toode\/audi-a4-b8-avant-2008-valytuvu-mechanizmas\/\" \/>\n<meta property=\"og:site_name\" content=\"Erformance.eu\" \/>\n<meta property=\"article:modified_time\" content=\"2026-03-12T11:29:07+00:00\" \/>\n<meta property=\"og:image\" content=\"https:\/\/erformance.eu\/wp-content\/uploads\/2026\/02\/pol_pm_Audi-A4-B8-Avant-2008-mechanizm-wycieraczek-17042_1.jpg\" \/>\n\t<meta property=\"og:image:width\" content=\"1200\" \/>\n\t<meta property=\"og:image:height\" content=\"900\" \/>\n\t<meta property=\"og:image:type\" content=\"image\/jpeg\" \/>\n<meta name=\"twitter:card\" content=\"summary_large_image\" \/>\n<script type=\"application\/ld+json\" class=\"yoast-schema-graph\">{\"@context\":\"https:\\\/\\\/schema.org\",\"@graph\":[{\"@type\":\"WebPage\",\"@id\":\"https:\\\/\\\/erformance.eu\\\/et\\\/toode\\\/audi-a4-b8-avant-2008-valytuvu-mechanizmas\\\/\",\"url\":\"https:\\\/\\\/erformance.eu\\\/et\\\/toode\\\/audi-a4-b8-avant-2008-valytuvu-mechanizmas\\\/\",\"name\":\"Audi A4 B8 \\\/ Avant 2008 - valytuv\u0173 mechanizmas - Erformance.eu\",\"isPartOf\":{\"@id\":\"https:\\\/\\\/erformance.eu\\\/et\\\/#website\"},\"primaryImageOfPage\":{\"@id\":\"https:\\\/\\\/erformance.eu\\\/et\\\/toode\\\/audi-a4-b8-avant-2008-valytuvu-mechanizmas\\\/#primaryimage\"},\"image\":{\"@id\":\"https:\\\/\\\/erformance.eu\\\/et\\\/toode\\\/audi-a4-b8-avant-2008-valytuvu-mechanizmas\\\/#primaryimage\"},\"thumbnailUrl\":\"https:\\\/\\\/erformance.eu\\\/wp-content\\\/uploads\\\/2026\\\/02\\\/pol_pm_Audi-A4-B8-Avant-2008-mechanizm-wycieraczek-17042_1.jpg\",\"datePublished\":\"2026-02-16T12:24:32+00:00\",\"dateModified\":\"2026-03-12T11:29:07+00:00\",\"breadcrumb\":{\"@id\":\"https:\\\/\\\/erformance.eu\\\/et\\\/toode\\\/audi-a4-b8-avant-2008-valytuvu-mechanizmas\\\/#breadcrumb\"},\"inLanguage\":\"et\",\"potentialAction\":[{\"@type\":\"ReadAction\",\"target\":[\"https:\\\/\\\/erformance.eu\\\/et\\\/toode\\\/audi-a4-b8-avant-2008-valytuvu-mechanizmas\\\/\"]}]},{\"@type\":\"ImageObject\",\"inLanguage\":\"et\",\"@id\":\"https:\\\/\\\/erformance.eu\\\/et\\\/toode\\\/audi-a4-b8-avant-2008-valytuvu-mechanizmas\\\/#primaryimage\",\"url\":\"https:\\\/\\\/erformance.eu\\\/wp-content\\\/uploads\\\/2026\\\/02\\\/pol_pm_Audi-A4-B8-Avant-2008-mechanizm-wycieraczek-17042_1.jpg\",\"contentUrl\":\"https:\\\/\\\/erformance.eu\\\/wp-content\\\/uploads\\\/2026\\\/02\\\/pol_pm_Audi-A4-B8-Avant-2008-mechanizm-wycieraczek-17042_1.jpg\",\"width\":1200,\"height\":900},{\"@type\":\"BreadcrumbList\",\"@id\":\"https:\\\/\\\/erformance.eu\\\/et\\\/toode\\\/audi-a4-b8-avant-2008-valytuvu-mechanizmas\\\/#breadcrumb\",\"itemListElement\":[{\"@type\":\"ListItem\",\"position\":1,\"name\":\"Home\",\"item\":\"https:\\\/\\\/erformance.eu\\\/et\\\/\"},{\"@type\":\"ListItem\",\"position\":2,\"name\":\"Pood\",\"item\":\"https:\\\/\\\/erformance.eu\\\/et\\\/pood\\\/\"},{\"@type\":\"ListItem\",\"position\":3,\"name\":\"Audi A4 B8 \\\/ Avant 2008 &#8211; valytuv\u0173 mechanizmas\"}]},{\"@type\":\"WebSite\",\"@id\":\"https:\\\/\\\/erformance.eu\\\/et\\\/#website\",\"url\":\"https:\\\/\\\/erformance.eu\\\/et\\\/\",\"name\":\"Erformance.eu\",\"description\":\"Automobili\u0173 dali\u0173 parduotuv\u0117\",\"potentialAction\":[{\"@type\":\"SearchAction\",\"target\":{\"@type\":\"EntryPoint\",\"urlTemplate\":\"https:\\\/\\\/erformance.eu\\\/et\\\/?s={search_term_string}\"},\"query-input\":{\"@type\":\"PropertyValueSpecification\",\"valueRequired\":true,\"valueName\":\"search_term_string\"}}],\"inLanguage\":\"et\"}]}<\/script>\n<!-- \/ Yoast SEO Premium plugin. -->","yoast_head_json":{"title":"Audi A4 B8 \/ Avant 2008 - valytuv\u0173 mechanizmas - Erformance.eu","robots":{"index":"index","follow":"follow","max-snippet":"max-snippet:-1","max-image-preview":"max-image-preview:large","max-video-preview":"max-video-preview:-1"},"canonical":"https:\/\/erformance.eu\/et\/toode\/audi-a4-b8-avant-2008-valytuvu-mechanizmas\/","og_locale":"et_EE","og_type":"article","og_title":"Audi A4 B8 \/ Avant 2008 - valytuv\u0173 mechanizmas","og_description":"1. Prek\u0117: Priekinio stiklo valytuvo mechanizmas2. Gamintojas: pakeitimas3. Automobilis: Audi A4 B8 \/ Avant4. Pagaminimo metai: 2008\u2013","og_url":"https:\/\/erformance.eu\/et\/toode\/audi-a4-b8-avant-2008-valytuvu-mechanizmas\/","og_site_name":"Erformance.eu","article_modified_time":"2026-03-12T11:29:07+00:00","og_image":[{"width":1200,"height":900,"url":"https:\/\/erformance.eu\/wp-content\/uploads\/2026\/02\/pol_pm_Audi-A4-B8-Avant-2008-mechanizm-wycieraczek-17042_1.jpg","type":"image\/jpeg"}],"twitter_card":"summary_large_image","schema":{"@context":"https:\/\/schema.org","@graph":[{"@type":"WebPage","@id":"https:\/\/erformance.eu\/et\/toode\/audi-a4-b8-avant-2008-valytuvu-mechanizmas\/","url":"https:\/\/erformance.eu\/et\/toode\/audi-a4-b8-avant-2008-valytuvu-mechanizmas\/","name":"Audi A4 B8 \/ Avant 2008 - valytuv\u0173 mechanizmas - Erformance.eu","isPartOf":{"@id":"https:\/\/erformance.eu\/et\/#website"},"primaryImageOfPage":{"@id":"https:\/\/erformance.eu\/et\/toode\/audi-a4-b8-avant-2008-valytuvu-mechanizmas\/#primaryimage"},"image":{"@id":"https:\/\/erformance.eu\/et\/toode\/audi-a4-b8-avant-2008-valytuvu-mechanizmas\/#primaryimage"},"thumbnailUrl":"https:\/\/erformance.eu\/wp-content\/uploads\/2026\/02\/pol_pm_Audi-A4-B8-Avant-2008-mechanizm-wycieraczek-17042_1.jpg","datePublished":"2026-02-16T12:24:32+00:00","dateModified":"2026-03-12T11:29:07+00:00","breadcrumb":{"@id":"https:\/\/erformance.eu\/et\/toode\/audi-a4-b8-avant-2008-valytuvu-mechanizmas\/#breadcrumb"},"inLanguage":"et","potentialAction":[{"@type":"ReadAction","target":["https:\/\/erformance.eu\/et\/toode\/audi-a4-b8-avant-2008-valytuvu-mechanizmas\/"]}]},{"@type":"ImageObject","inLanguage":"et","@id":"https:\/\/erformance.eu\/et\/toode\/audi-a4-b8-avant-2008-valytuvu-mechanizmas\/#primaryimage","url":"https:\/\/erformance.eu\/wp-content\/uploads\/2026\/02\/pol_pm_Audi-A4-B8-Avant-2008-mechanizm-wycieraczek-17042_1.jpg","contentUrl":"https:\/\/erformance.eu\/wp-content\/uploads\/2026\/02\/pol_pm_Audi-A4-B8-Avant-2008-mechanizm-wycieraczek-17042_1.jpg","width":1200,"height":900},{"@type":"BreadcrumbList","@id":"https:\/\/erformance.eu\/et\/toode\/audi-a4-b8-avant-2008-valytuvu-mechanizmas\/#breadcrumb","itemListElement":[{"@type":"ListItem","position":1,"name":"Home","item":"https:\/\/erformance.eu\/et\/"},{"@type":"ListItem","position":2,"name":"Pood","item":"https:\/\/erformance.eu\/et\/pood\/"},{"@type":"ListItem","position":3,"name":"Audi A4 B8 \/ Avant 2008 &#8211; valytuv\u0173 mechanizmas"}]},{"@type":"WebSite","@id":"https:\/\/erformance.eu\/et\/#website","url":"https:\/\/erformance.eu\/et\/","name":"Erformance.eu","description":"Automobili\u0173 dali\u0173 parduotuv\u0117","potentialAction":[{"@type":"SearchAction","target":{"@type":"EntryPoint","urlTemplate":"https:\/\/erformance.eu\/et\/?s={search_term_string}"},"query-input":{"@type":"PropertyValueSpecification","valueRequired":true,"valueName":"search_term_string"}}],"inLanguage":"et"}]}},"jetpack_sharing_enabled":true,"_links":{"self":[{"href":"https:\/\/erformance.eu\/et\/wp-json\/wp\/v2\/product\/63325","targetHints":{"allow":["GET"]}}],"collection":[{"href":"https:\/\/erformance.eu\/et\/wp-json\/wp\/v2\/product"}],"about":[{"href":"https:\/\/erformance.eu\/et\/wp-json\/wp\/v2\/types\/product"}],"replies":[{"embeddable":true,"href":"https:\/\/erformance.eu\/et\/wp-json\/wp\/v2\/comments?post=63325"}],"version-history":[{"count":1,"href":"https:\/\/erformance.eu\/et\/wp-json\/wp\/v2\/product\/63325\/revisions"}],"predecessor-version":[{"id":63332,"href":"https:\/\/erformance.eu\/et\/wp-json\/wp\/v2\/product\/63325\/revisions\/63332"}],"wp:featuredmedia":[{"embeddable":true,"href":"https:\/\/erformance.eu\/et\/wp-json\/wp\/v2\/media\/63326"}],"wp:attachment":[{"href":"https:\/\/erformance.eu\/et\/wp-json\/wp\/v2\/media?parent=63325"}],"wp:term":[{"taxonomy":"product_brand","embeddable":true,"href":"https:\/\/erformance.eu\/et\/wp-json\/wp\/v2\/product_brand?post=63325"},{"taxonomy":"product_cat","embeddable":true,"href":"https:\/\/erformance.eu\/et\/wp-json\/wp\/v2\/product_cat?post=63325"},{"taxonomy":"product_tag","embeddable":true,"href":"https:\/\/erformance.eu\/et\/wp-json\/wp\/v2\/product_tag?post=63325"}],"curies":[{"name":"wp","href":"https:\/\/api.w.org\/{rel}","templated":true}]}}