{"id":63367,"date":"2026-02-16T15:24:47","date_gmt":"2026-02-16T12:24:47","guid":{"rendered":"https:\/\/erformance.eu\/?post_type=product&#038;p=63367"},"modified":"2026-03-12T14:28:14","modified_gmt":"2026-03-12T11:28:14","slug":"audi-a4-b6-00-04-sildytuvo-oraputes-variklis","status":"publish","type":"product","link":"https:\/\/erformance.eu\/et\/toode\/audi-a4-b6-00-04-sildytuvo-oraputes-variklis\/","title":{"rendered":"Audi A4 B6 00-04 \u0161ildytuvo orap\u016bt\u0117s variklis"},"content":{"rendered":"<p>Tema: \u0161ildytuvo p\u016bstuvo variklis &#8211; p\u016bstuvo \/ oro kondicionieriaus sklend\u0117s valdiklis<br \/>\nOriginalus numeris:<\/p>\n<p>1K1907511C<br \/>\n2Q0907511E<br \/>\n3C0907511<br \/>\n3C0907511A<br \/>\n3C0907511B<br \/>\n3C0907511D<br \/>\n3C0907511Q<br \/>\n3C0907511R<br \/>\n3C0907511T<br \/>\n3C1907511<br \/>\n3C1907511A<br \/>\n3C1907511B<br \/>\n3C1907511F<br \/>\n3C1907511G<br \/>\n3C1907511R<br \/>\n5Q0907511L<br \/>\n0132801362<br \/>\n0132801363<br \/>\n0132801370<br \/>\n0132801386<\/p>\n<p>PASTABA: auk\u0161\u010diau pateikti numeriai yra original\u016bs dali\u0173 numeriai, kuriuos \u0161is pasi\u016blymas pakei\u010dia. Prie\u0161 pirkdami, palyginkite juos su originaliu dalies numeriu. Jei jie skiriasi net vienu simboliu, dalis netiks, neveiks arba veiks netinkamai. Tokiu atveju jos nepirkite.<br \/>\nAutomobilis:<\/p>\n<p>AUDI A3 (8P1), pagaminimo metai: 2003\u20132012<br \/>\nAUDI A3 Sportback (8PA), pagaminimo metai: 2004\u20132013<br \/>\nAUDI A3 kabrioletas (8P7), pagaminimo metai: 2008\u20132013<br \/>\nAUDI A4 B6 (8E2), pagaminimo metai: 2000\u20132004<br \/>\nAUDI A4 B6 Avant (8E5), gamybos metai: 2001-2004<br \/>\nAUDI A4 B7 (8EC), gamybos metai: 2004-2008<br \/>\nAUDI A4 Avant (8ED, B7), gamybos metai: 2004-2008<br \/>\nAUDI A4 kabrioletas (8H7, B6, 8HE, B7), gamybos metai: 2002-2009<br \/>\nAUDI Q3 (8UB, 8UG), pagaminimo metai: 2011\u20132018<br \/>\nAUDI TT (8J3), pagaminimo metai: 2006\u20132014<br \/>\nAUDI TT Roadster (8J9), pagaminimo metai: 2007\u20132014<br \/>\nFIAT STILO (192_), pagaminimo metai: 2001\u20132007<br \/>\nFIAT STILO universalas (192_), pagaminimo metai: 2003\u20132008<br \/>\nFIAT STILO VAN (192_), gamybos metai: 2001-2008<br \/>\nSEAT ALHAMBRA (710, 711), modeliai, pagaminti nuo 2010 m.<br \/>\nSEAT ALTEA (5P1), modeliai, pagaminti nuo 2004 m.<br \/>\nSEAT ALTEA XL (5P5, 5P8), modeliai, pagaminti nuo 2006 m.<br \/>\nSEAT LEON (1P1), pagaminimo metai: 2005\u20132012<br \/>\nSEAT TOLEDO III (5P2), pagaminimo metai: 2004\u20132009<br \/>\nSKODA OCTAVIA II (1Z3), pagaminimo metai: 2004\u20132013<br \/>\nSKODA OCTAVIA II Combi (1Z5), pagaminimo metai: 2004\u20132013<br \/>\nSKODA SUPERB II (3T4), pagaminimo metai: 2008\u20132015<br \/>\nSKODA SUPERB II universalas (3T5), pagaminimo metai: 2009\u20132015<br \/>\nSKODA YETI (5L), gamybos metai: 2009-2017<br \/>\nVW BEETLE (5C1, 5C2), modeliai, pagaminti nuo 2011 m.<br \/>\nVW BEETLE kabrioletas (5C7, 5C8), modeliai pagaminti nuo 2011 m.<br \/>\nVW CADDY III komercinis (2KA, 2KH, 2CA, 2CH), pagaminimo metai: 2004-2015<br \/>\nVW CADDY III universalas (2KB, 2KJ, 2CB, 2CJ), pagaminimo metai: 2004\u20132015<br \/>\nVW CADDY IV komercinis (SAA, SAH), modeliai, pagaminti nuo 2015 m.<br \/>\nVW CADDY IV universalas (SAB, SAJ), modeliai, pagaminti nuo 2015 m.<br \/>\nVW CC (358), pagaminimo metai: 2011\u20132016<br \/>\nVW EOS (1F7, 1F8), rok produkcji: 2006-2015<br \/>\nVW GOLF PLUS (5M1, 521), rok produkcji: 2004-2013<br \/>\nVW GOLF V (1K1), rok produkcji: 2003-2009<br \/>\nVW GOLF V Variant (1K5), rok produkcji: 2007-2009<br \/>\nVW GOLF VI (5K1), rok produkcji: 2008-2013<br \/>\nVW GOLF VI Variant (AJ5), rok produkcji: 2009-2013<br \/>\nVW GOLF VI kabriolet (517), rok produkcji: 2011-2016<br \/>\nVW JETTA III (1K2), rok produkcji: 2005-2010<br \/>\nVW JETTA IV (162, 163, AV3, AV2), modele produkowane od roku 2010<br \/>\nVW PASSAT B6 (3C2), rok produkcji: 2005-2010<br \/>\nVW PASSAT B6 Variant (3C5), rok produkcji: 2005-2010<br \/>\nVW PASSAT B7 (362), rok produkcji: 2010-2014<br \/>\nVW PASSAT B7 Variant (365), rok produkcji: 2010-2015<br \/>\nVW PASSAT CC (357), rok produkcji: 2008-2012<br \/>\nVW SCIROCCO (137, 138), rok produkcji: 2008-2017<br \/>\nVW SHARAN (7N1, 7N2), modele produkowane od roku 2010<br \/>\nVW TIGUAN (5N_), rok produkcji: 2007-2018<br \/>\nVW TOURAN (1T1, 1T2), rok produkcji: 2003-2010<br \/>\nVW TOURAN (1T3), rok produkcji: 2010-2015<br \/>\nVW TOURAN (5T1), modele produkowane od roku 2015<\/p>\n<p>Z\u0142\u0105cze: wtyczka &#8211; 5 PIN\u00d3W<br \/>\nProducent: zamiennik<br \/>\nStan techniczny: przedmiot jest fabrycznie NOWY, nieu\u017cywany, nieuszkodzony i niezniszczony<br \/>\nUwaga!<br \/>\nPotencjometr stosowany m.in. w: V68, V69, V70, V71, V104, V107, V113, V157 V158, V159, V213, V425<\/p>\n<p>8E1820511 &#8211; 8E1 820 511 &#8211; silnik nastawczy klapy regulacji temperatury LEWY &#8211; V158<br \/>\n8E1820511 A &#8211; 8E1 820 511 A &#8211; silnik nastawczy klapy regulacji temperatury PRAWY &#8211; V159<br \/>\n8E1820511 B &#8211; 8E1 820 511 B &#8211; silnik nastawczy klapy rozmra\u017cania &#8211; V107<br \/>\n8E1820511 C &#8211; 8E1 820 511 C &#8211; silnik nastawczy klapy w przestrze\u0144 na nogi &#8211; V70<br \/>\n8E1820511 D &#8211; 8E1 820 511 D &#8211; silnik nastawczy obiegu zamkni\u0119tego powietrza &#8211; V113<br \/>\n8E1820511 F &#8211; 8E1 820 511 F &#8211; silnik nastawczy klapy d\u0142awienia powietrza &#8211; V71<\/p>\n<p>1K907511 &#8211; 1K0 907 511 &#8211; klapa centralna &#8211; V70<br \/>\n1K907511D &#8211; 1K0 907 511 D &#8211; klapa d\u0142awienia &#8211; V71 \/ V154<br \/>\n1K1907511 E &#8211; 1K1 907 511 E &#8211; klapa rozmra\u017cania &#8211; V107<br \/>\n1K1907511 G &#8211; 1K1 907 511 G &#8211; klapa zamkni\u0119tego obiegu powietrza &#8211; V113<br \/>\n1K1907511 C &#8211; 1K1 907 511 C &#8211; klapa temperatury lewa &#8211; V158<br \/>\n1K907511B &#8211; 1K0 907 511 B &#8211; klapa temperatury prawa &#8211; V159<\/p>\n","protected":false},"excerpt":{"rendered":"<p>1. Prek\u0117: \u0160ildytuvo p\u016bstuvo variklis2. Gamintojas: pakeitimas3. Automobilis:     * Audi A3 8P 03-13     * Audi A4 B6 00-04     * Audi A4 B7 04-09     * Audi Q3 8U 11-18     * Audi TT 8J 06-14<\/p>\n","protected":false},"featured_media":63368,"comment_status":"open","ping_status":"closed","template":"","meta":[],"product_brand":[],"product_cat":[390,144,3909,4782,3988],"product_tag":[],"class_list":{"0":"post-63367","1":"product","2":"type-product","3":"status-publish","4":"has-post-thumbnail","6":"product_cat-audi-a4","7":"product_cat-audi","8":"product_cat-audi-a4-b6","9":"product_cat-audi-a4-b6-salono-kitos-dalys","10":"product_cat-audi-a4-b6-salono-dalys","12":"first","13":"instock","14":"shipping-taxable","15":"purchasable","16":"product-type-simple"},"yoast_head":"<!-- This site is optimized with the Yoast SEO Premium plugin v25.2 (Yoast SEO v27.4) - https:\/\/yoast.com\/product\/yoast-seo-premium-wordpress\/ -->\n<title>Audi A4 B6 00-04 \u0161ildytuvo orap\u016bt\u0117s variklis - Erformance.eu<\/title>\n<meta name=\"robots\" content=\"index, follow, max-snippet:-1, max-image-preview:large, max-video-preview:-1\" \/>\n<link rel=\"canonical\" href=\"https:\/\/erformance.eu\/et\/toode\/audi-a4-b6-00-04-sildytuvo-oraputes-variklis\/\" \/>\n<meta property=\"og:locale\" content=\"et_EE\" \/>\n<meta property=\"og:type\" content=\"article\" \/>\n<meta property=\"og:title\" content=\"Audi A4 B6 00-04 \u0161ildytuvo orap\u016bt\u0117s variklis\" \/>\n<meta property=\"og:description\" content=\"1. Prek\u0117: \u0160ildytuvo p\u016bstuvo variklis2. Gamintojas: pakeitimas3. Automobilis:   * Audi A3 8P 03-13   * Audi A4 B6 00-04   * Audi A4 B7 04-09   * Audi Q3 8U 11-18   * Audi TT 8J 06-14\" \/>\n<meta property=\"og:url\" content=\"https:\/\/erformance.eu\/et\/toode\/audi-a4-b6-00-04-sildytuvo-oraputes-variklis\/\" \/>\n<meta property=\"og:site_name\" content=\"Erformance.eu\" \/>\n<meta property=\"article:modified_time\" content=\"2026-03-12T11:28:14+00:00\" \/>\n<meta property=\"og:image\" content=\"https:\/\/erformance.eu\/wp-content\/uploads\/2026\/02\/pol_pm_Audi-A4-B6-00-04-silniczek-nagrzewnicy-dmuchawy-21591_1.jpg\" \/>\n\t<meta property=\"og:image:width\" content=\"1200\" \/>\n\t<meta property=\"og:image:height\" content=\"900\" \/>\n\t<meta property=\"og:image:type\" content=\"image\/jpeg\" \/>\n<meta name=\"twitter:card\" content=\"summary_large_image\" \/>\n<meta name=\"twitter:label1\" content=\"Est. reading time\" \/>\n\t<meta name=\"twitter:data1\" content=\"3 minutit\" \/>\n<script type=\"application\/ld+json\" class=\"yoast-schema-graph\">{\"@context\":\"https:\\\/\\\/schema.org\",\"@graph\":[{\"@type\":\"WebPage\",\"@id\":\"https:\\\/\\\/erformance.eu\\\/et\\\/toode\\\/audi-a4-b6-00-04-sildytuvo-oraputes-variklis\\\/\",\"url\":\"https:\\\/\\\/erformance.eu\\\/et\\\/toode\\\/audi-a4-b6-00-04-sildytuvo-oraputes-variklis\\\/\",\"name\":\"Audi A4 B6 00-04 \u0161ildytuvo orap\u016bt\u0117s variklis - Erformance.eu\",\"isPartOf\":{\"@id\":\"https:\\\/\\\/erformance.eu\\\/et\\\/#website\"},\"primaryImageOfPage\":{\"@id\":\"https:\\\/\\\/erformance.eu\\\/et\\\/toode\\\/audi-a4-b6-00-04-sildytuvo-oraputes-variklis\\\/#primaryimage\"},\"image\":{\"@id\":\"https:\\\/\\\/erformance.eu\\\/et\\\/toode\\\/audi-a4-b6-00-04-sildytuvo-oraputes-variklis\\\/#primaryimage\"},\"thumbnailUrl\":\"https:\\\/\\\/erformance.eu\\\/wp-content\\\/uploads\\\/2026\\\/02\\\/pol_pm_Audi-A4-B6-00-04-silniczek-nagrzewnicy-dmuchawy-21591_1.jpg\",\"datePublished\":\"2026-02-16T12:24:47+00:00\",\"dateModified\":\"2026-03-12T11:28:14+00:00\",\"breadcrumb\":{\"@id\":\"https:\\\/\\\/erformance.eu\\\/et\\\/toode\\\/audi-a4-b6-00-04-sildytuvo-oraputes-variklis\\\/#breadcrumb\"},\"inLanguage\":\"et\",\"potentialAction\":[{\"@type\":\"ReadAction\",\"target\":[\"https:\\\/\\\/erformance.eu\\\/et\\\/toode\\\/audi-a4-b6-00-04-sildytuvo-oraputes-variklis\\\/\"]}]},{\"@type\":\"ImageObject\",\"inLanguage\":\"et\",\"@id\":\"https:\\\/\\\/erformance.eu\\\/et\\\/toode\\\/audi-a4-b6-00-04-sildytuvo-oraputes-variklis\\\/#primaryimage\",\"url\":\"https:\\\/\\\/erformance.eu\\\/wp-content\\\/uploads\\\/2026\\\/02\\\/pol_pm_Audi-A4-B6-00-04-silniczek-nagrzewnicy-dmuchawy-21591_1.jpg\",\"contentUrl\":\"https:\\\/\\\/erformance.eu\\\/wp-content\\\/uploads\\\/2026\\\/02\\\/pol_pm_Audi-A4-B6-00-04-silniczek-nagrzewnicy-dmuchawy-21591_1.jpg\",\"width\":1200,\"height\":900},{\"@type\":\"BreadcrumbList\",\"@id\":\"https:\\\/\\\/erformance.eu\\\/et\\\/toode\\\/audi-a4-b6-00-04-sildytuvo-oraputes-variklis\\\/#breadcrumb\",\"itemListElement\":[{\"@type\":\"ListItem\",\"position\":1,\"name\":\"Home\",\"item\":\"https:\\\/\\\/erformance.eu\\\/et\\\/\"},{\"@type\":\"ListItem\",\"position\":2,\"name\":\"Pood\",\"item\":\"https:\\\/\\\/erformance.eu\\\/et\\\/pood\\\/\"},{\"@type\":\"ListItem\",\"position\":3,\"name\":\"Audi A4 B6 00-04 \u0161ildytuvo orap\u016bt\u0117s variklis\"}]},{\"@type\":\"WebSite\",\"@id\":\"https:\\\/\\\/erformance.eu\\\/et\\\/#website\",\"url\":\"https:\\\/\\\/erformance.eu\\\/et\\\/\",\"name\":\"Erformance.eu\",\"description\":\"Automobili\u0173 dali\u0173 parduotuv\u0117\",\"potentialAction\":[{\"@type\":\"SearchAction\",\"target\":{\"@type\":\"EntryPoint\",\"urlTemplate\":\"https:\\\/\\\/erformance.eu\\\/et\\\/?s={search_term_string}\"},\"query-input\":{\"@type\":\"PropertyValueSpecification\",\"valueRequired\":true,\"valueName\":\"search_term_string\"}}],\"inLanguage\":\"et\"}]}<\/script>\n<!-- \/ Yoast SEO Premium plugin. -->","yoast_head_json":{"title":"Audi A4 B6 00-04 \u0161ildytuvo orap\u016bt\u0117s variklis - Erformance.eu","robots":{"index":"index","follow":"follow","max-snippet":"max-snippet:-1","max-image-preview":"max-image-preview:large","max-video-preview":"max-video-preview:-1"},"canonical":"https:\/\/erformance.eu\/et\/toode\/audi-a4-b6-00-04-sildytuvo-oraputes-variklis\/","og_locale":"et_EE","og_type":"article","og_title":"Audi A4 B6 00-04 \u0161ildytuvo orap\u016bt\u0117s variklis","og_description":"1. Prek\u0117: \u0160ildytuvo p\u016bstuvo variklis2. Gamintojas: pakeitimas3. Automobilis:   * Audi A3 8P 03-13   * Audi A4 B6 00-04   * Audi A4 B7 04-09   * Audi Q3 8U 11-18   * Audi TT 8J 06-14","og_url":"https:\/\/erformance.eu\/et\/toode\/audi-a4-b6-00-04-sildytuvo-oraputes-variklis\/","og_site_name":"Erformance.eu","article_modified_time":"2026-03-12T11:28:14+00:00","og_image":[{"width":1200,"height":900,"url":"https:\/\/erformance.eu\/wp-content\/uploads\/2026\/02\/pol_pm_Audi-A4-B6-00-04-silniczek-nagrzewnicy-dmuchawy-21591_1.jpg","type":"image\/jpeg"}],"twitter_card":"summary_large_image","twitter_misc":{"Est. reading time":"3 minutit"},"schema":{"@context":"https:\/\/schema.org","@graph":[{"@type":"WebPage","@id":"https:\/\/erformance.eu\/et\/toode\/audi-a4-b6-00-04-sildytuvo-oraputes-variklis\/","url":"https:\/\/erformance.eu\/et\/toode\/audi-a4-b6-00-04-sildytuvo-oraputes-variklis\/","name":"Audi A4 B6 00-04 \u0161ildytuvo orap\u016bt\u0117s variklis - Erformance.eu","isPartOf":{"@id":"https:\/\/erformance.eu\/et\/#website"},"primaryImageOfPage":{"@id":"https:\/\/erformance.eu\/et\/toode\/audi-a4-b6-00-04-sildytuvo-oraputes-variklis\/#primaryimage"},"image":{"@id":"https:\/\/erformance.eu\/et\/toode\/audi-a4-b6-00-04-sildytuvo-oraputes-variklis\/#primaryimage"},"thumbnailUrl":"https:\/\/erformance.eu\/wp-content\/uploads\/2026\/02\/pol_pm_Audi-A4-B6-00-04-silniczek-nagrzewnicy-dmuchawy-21591_1.jpg","datePublished":"2026-02-16T12:24:47+00:00","dateModified":"2026-03-12T11:28:14+00:00","breadcrumb":{"@id":"https:\/\/erformance.eu\/et\/toode\/audi-a4-b6-00-04-sildytuvo-oraputes-variklis\/#breadcrumb"},"inLanguage":"et","potentialAction":[{"@type":"ReadAction","target":["https:\/\/erformance.eu\/et\/toode\/audi-a4-b6-00-04-sildytuvo-oraputes-variklis\/"]}]},{"@type":"ImageObject","inLanguage":"et","@id":"https:\/\/erformance.eu\/et\/toode\/audi-a4-b6-00-04-sildytuvo-oraputes-variklis\/#primaryimage","url":"https:\/\/erformance.eu\/wp-content\/uploads\/2026\/02\/pol_pm_Audi-A4-B6-00-04-silniczek-nagrzewnicy-dmuchawy-21591_1.jpg","contentUrl":"https:\/\/erformance.eu\/wp-content\/uploads\/2026\/02\/pol_pm_Audi-A4-B6-00-04-silniczek-nagrzewnicy-dmuchawy-21591_1.jpg","width":1200,"height":900},{"@type":"BreadcrumbList","@id":"https:\/\/erformance.eu\/et\/toode\/audi-a4-b6-00-04-sildytuvo-oraputes-variklis\/#breadcrumb","itemListElement":[{"@type":"ListItem","position":1,"name":"Home","item":"https:\/\/erformance.eu\/et\/"},{"@type":"ListItem","position":2,"name":"Pood","item":"https:\/\/erformance.eu\/et\/pood\/"},{"@type":"ListItem","position":3,"name":"Audi A4 B6 00-04 \u0161ildytuvo orap\u016bt\u0117s variklis"}]},{"@type":"WebSite","@id":"https:\/\/erformance.eu\/et\/#website","url":"https:\/\/erformance.eu\/et\/","name":"Erformance.eu","description":"Automobili\u0173 dali\u0173 parduotuv\u0117","potentialAction":[{"@type":"SearchAction","target":{"@type":"EntryPoint","urlTemplate":"https:\/\/erformance.eu\/et\/?s={search_term_string}"},"query-input":{"@type":"PropertyValueSpecification","valueRequired":true,"valueName":"search_term_string"}}],"inLanguage":"et"}]}},"jetpack_sharing_enabled":true,"_links":{"self":[{"href":"https:\/\/erformance.eu\/et\/wp-json\/wp\/v2\/product\/63367","targetHints":{"allow":["GET"]}}],"collection":[{"href":"https:\/\/erformance.eu\/et\/wp-json\/wp\/v2\/product"}],"about":[{"href":"https:\/\/erformance.eu\/et\/wp-json\/wp\/v2\/types\/product"}],"replies":[{"embeddable":true,"href":"https:\/\/erformance.eu\/et\/wp-json\/wp\/v2\/comments?post=63367"}],"version-history":[{"count":1,"href":"https:\/\/erformance.eu\/et\/wp-json\/wp\/v2\/product\/63367\/revisions"}],"predecessor-version":[{"id":63370,"href":"https:\/\/erformance.eu\/et\/wp-json\/wp\/v2\/product\/63367\/revisions\/63370"}],"wp:featuredmedia":[{"embeddable":true,"href":"https:\/\/erformance.eu\/et\/wp-json\/wp\/v2\/media\/63368"}],"wp:attachment":[{"href":"https:\/\/erformance.eu\/et\/wp-json\/wp\/v2\/media?parent=63367"}],"wp:term":[{"taxonomy":"product_brand","embeddable":true,"href":"https:\/\/erformance.eu\/et\/wp-json\/wp\/v2\/product_brand?post=63367"},{"taxonomy":"product_cat","embeddable":true,"href":"https:\/\/erformance.eu\/et\/wp-json\/wp\/v2\/product_cat?post=63367"},{"taxonomy":"product_tag","embeddable":true,"href":"https:\/\/erformance.eu\/et\/wp-json\/wp\/v2\/product_tag?post=63367"}],"curies":[{"name":"wp","href":"https:\/\/api.w.org\/{rel}","templated":true}]}}