{"id":63399,"date":"2026-02-16T15:24:58","date_gmt":"2026-02-16T12:24:58","guid":{"rendered":"https:\/\/erformance.eu\/?post_type=product&#038;p=63399"},"modified":"2026-03-05T21:12:46","modified_gmt":"2026-03-05T18:12:46","slug":"audi-a3-03-09-galinis-desines-puses-stabdziu-disko-dangtelis","status":"publish","type":"product","link":"https:\/\/erformance.eu\/et\/toode\/audi-a3-03-09-galinis-desines-puses-stabdziu-disko-dangtelis\/","title":{"rendered":"Audi A3 03-09 galinis de\u0161in\u0117s pus\u0117s stabd\u017ei\u0173 disko dangtelis"},"content":{"rendered":"<p>Prek\u0117: Galinio stabd\u017ei\u0173 disko dangtelis<br \/>\nPus\u0117: De\u0161in\u0117 (keleivio pus\u0117)<br \/>\nOE numeris: 1J0615612D <\/p>\n<p>PASTABA: Auk\u0161\u010diau pateikti numeriai yra original\u016bs dali\u0173 numeriai, kuriuos pakei\u010dia \u0161is pasi\u016blymas. Prie\u0161 pirkdami, palyginkite juos su originaliu dalies numeriu. Jei jie skiriasi net vienu simboliu, \u0161i dalis netiks, neveiks arba veiks netinkamai. Tokiu atveju jos nepirkite.<\/p>\n<p>Automobilis:<\/p>\n<p>\u201eAudi A3 8L1\u201c, pagaminimo metai: 2003\u20132009<br \/>\nAudi TT 8N3, 8N9, gamybos metai: 1998\u20132006<br \/>\nAudi TT 8J3, 8J9, pagaminimo metai: 2006\u20132014<\/p>\n<p>1,8 160 AG<br \/>\n2.0 TDI quattro 170 AG<br \/>\n2.0 TFSI 200 AG<br \/>\n2.0 TTS quattro 272 AG<br \/>\n3,2 V6 quattro 250 AG<\/p>\n<p>\u201eSeat Leon 1M1\u201c, gamybos metai: 1999\u20132006<br \/>\n\u201eSeat Toledo II 1M2\u201c, gamybos metai: 1998\u20132006<br \/>\nVW Golf IV 1J1, 1E7, 1J5, pagaminimo metai: 1997\u20132006<br \/>\nVW Bora 1J2, 1J6, pagaminimo metai: 1998\u20132005<br \/>\nVW New Beetle, gamybos metai: 1998\u20132010<br \/>\n\u201eSkoda Octavia 1U2\u201c, 1U5, modeliai, pagaminti nuo 1996 m.<br \/>\n\u201eSkoda Fabia II\u201c, gamybos metai: 2007\u20132010<br \/>\n\u201eSkoda Rapid\u201c, modeliai, pagaminti nuo 2012 m.<br \/>\nSkoda Roomster, gamybos metai: 2006-2010<\/p>\n<p>Gamintojas: pakaitalas<br \/>\nTechnin\u0117 b\u016bkl\u0117: prek\u0117 yra visi\u0161kai nauja, nenaudota, nepa\u017eeista ir nesugadinta<br \/>\nD\u0117mesio!<\/p>\n<p>dangtelio skersmuo: 250 mm \/ 50 mm<br \/>\nskirtas stabd\u017ei\u0173 diskams: 230 mm ir 232 mm <\/p>\n","protected":false},"excerpt":{"rendered":"<p>1. Prek\u0117: Galinio stabd\u017ei\u0173 disko dangtelis2. Pus\u0117: de\u0161in\u01173. Gamintojas: pakeitimas4. Automobilis:   * Audi A3 03\u201309   * Audi TT 98-14   * Seat Leon 99-06   * Seat Toledo II 98-06<\/p>\n","protected":false},"featured_media":63400,"comment_status":"open","ping_status":"closed","template":"","meta":[],"product_brand":[],"product_cat":[3906,186,144,3946,4151],"product_tag":[],"class_list":{"0":"post-63399","1":"product","2":"type-product","3":"status-publish","4":"has-post-thumbnail","6":"product_cat-audi-a3-8p","7":"product_cat-a3","8":"product_cat-audi","9":"product_cat-audi-a3-8p-isores-dalys","10":"product_cat-audi-a3-8p-isores-kitos-dalys","12":"first","13":"instock","14":"shipping-taxable","15":"purchasable","16":"product-type-simple"},"yoast_head":"<!-- This site is optimized with the Yoast SEO Premium plugin v25.2 (Yoast SEO v27.4) - https:\/\/yoast.com\/product\/yoast-seo-premium-wordpress\/ -->\n<title>Audi A3 03-09 galinis de\u0161in\u0117s pus\u0117s stabd\u017ei\u0173 disko dangtelis - Erformance.eu<\/title>\n<meta name=\"robots\" content=\"index, follow, max-snippet:-1, max-image-preview:large, max-video-preview:-1\" \/>\n<link rel=\"canonical\" href=\"https:\/\/erformance.eu\/et\/toode\/audi-a3-03-09-galinis-desines-puses-stabdziu-disko-dangtelis\/\" \/>\n<meta property=\"og:locale\" content=\"et_EE\" \/>\n<meta property=\"og:type\" content=\"article\" \/>\n<meta property=\"og:title\" content=\"Audi A3 03-09 galinis de\u0161in\u0117s pus\u0117s stabd\u017ei\u0173 disko dangtelis\" \/>\n<meta property=\"og:description\" content=\"1. Prek\u0117: Galinio stabd\u017ei\u0173 disko dangtelis2. Pus\u0117: de\u0161in\u01173. Gamintojas: pakeitimas4. Automobilis:  * Audi A3 03\u201309  * Audi TT 98-14  * Seat Leon 99-06  * Seat Toledo II 98-06\" \/>\n<meta property=\"og:url\" content=\"https:\/\/erformance.eu\/et\/toode\/audi-a3-03-09-galinis-desines-puses-stabdziu-disko-dangtelis\/\" \/>\n<meta property=\"og:site_name\" content=\"Erformance.eu\" \/>\n<meta property=\"article:modified_time\" content=\"2026-03-05T18:12:46+00:00\" \/>\n<meta property=\"og:image\" content=\"https:\/\/erformance.eu\/wp-content\/uploads\/2026\/02\/pol_pm_Audi-A3-03-09-oslona-tarczy-hamulcowej-tylnej-prawej-13589_1.jpg\" \/>\n\t<meta property=\"og:image:width\" content=\"667\" \/>\n\t<meta property=\"og:image:height\" content=\"500\" \/>\n\t<meta property=\"og:image:type\" content=\"image\/jpeg\" \/>\n<meta name=\"twitter:card\" content=\"summary_large_image\" \/>\n<meta name=\"twitter:label1\" content=\"Est. reading time\" \/>\n\t<meta name=\"twitter:data1\" content=\"1 minut\" \/>\n<script type=\"application\/ld+json\" class=\"yoast-schema-graph\">{\"@context\":\"https:\\\/\\\/schema.org\",\"@graph\":[{\"@type\":\"WebPage\",\"@id\":\"https:\\\/\\\/erformance.eu\\\/et\\\/toode\\\/audi-a3-03-09-galinis-desines-puses-stabdziu-disko-dangtelis\\\/\",\"url\":\"https:\\\/\\\/erformance.eu\\\/et\\\/toode\\\/audi-a3-03-09-galinis-desines-puses-stabdziu-disko-dangtelis\\\/\",\"name\":\"Audi A3 03-09 galinis de\u0161in\u0117s pus\u0117s stabd\u017ei\u0173 disko dangtelis - Erformance.eu\",\"isPartOf\":{\"@id\":\"https:\\\/\\\/erformance.eu\\\/et\\\/#website\"},\"primaryImageOfPage\":{\"@id\":\"https:\\\/\\\/erformance.eu\\\/et\\\/toode\\\/audi-a3-03-09-galinis-desines-puses-stabdziu-disko-dangtelis\\\/#primaryimage\"},\"image\":{\"@id\":\"https:\\\/\\\/erformance.eu\\\/et\\\/toode\\\/audi-a3-03-09-galinis-desines-puses-stabdziu-disko-dangtelis\\\/#primaryimage\"},\"thumbnailUrl\":\"https:\\\/\\\/erformance.eu\\\/wp-content\\\/uploads\\\/2026\\\/02\\\/pol_pm_Audi-A3-03-09-oslona-tarczy-hamulcowej-tylnej-prawej-13589_1.jpg\",\"datePublished\":\"2026-02-16T12:24:58+00:00\",\"dateModified\":\"2026-03-05T18:12:46+00:00\",\"breadcrumb\":{\"@id\":\"https:\\\/\\\/erformance.eu\\\/et\\\/toode\\\/audi-a3-03-09-galinis-desines-puses-stabdziu-disko-dangtelis\\\/#breadcrumb\"},\"inLanguage\":\"et\",\"potentialAction\":[{\"@type\":\"ReadAction\",\"target\":[\"https:\\\/\\\/erformance.eu\\\/et\\\/toode\\\/audi-a3-03-09-galinis-desines-puses-stabdziu-disko-dangtelis\\\/\"]}]},{\"@type\":\"ImageObject\",\"inLanguage\":\"et\",\"@id\":\"https:\\\/\\\/erformance.eu\\\/et\\\/toode\\\/audi-a3-03-09-galinis-desines-puses-stabdziu-disko-dangtelis\\\/#primaryimage\",\"url\":\"https:\\\/\\\/erformance.eu\\\/wp-content\\\/uploads\\\/2026\\\/02\\\/pol_pm_Audi-A3-03-09-oslona-tarczy-hamulcowej-tylnej-prawej-13589_1.jpg\",\"contentUrl\":\"https:\\\/\\\/erformance.eu\\\/wp-content\\\/uploads\\\/2026\\\/02\\\/pol_pm_Audi-A3-03-09-oslona-tarczy-hamulcowej-tylnej-prawej-13589_1.jpg\",\"width\":667,\"height\":500},{\"@type\":\"BreadcrumbList\",\"@id\":\"https:\\\/\\\/erformance.eu\\\/et\\\/toode\\\/audi-a3-03-09-galinis-desines-puses-stabdziu-disko-dangtelis\\\/#breadcrumb\",\"itemListElement\":[{\"@type\":\"ListItem\",\"position\":1,\"name\":\"Home\",\"item\":\"https:\\\/\\\/erformance.eu\\\/et\\\/\"},{\"@type\":\"ListItem\",\"position\":2,\"name\":\"Pood\",\"item\":\"https:\\\/\\\/erformance.eu\\\/et\\\/pood\\\/\"},{\"@type\":\"ListItem\",\"position\":3,\"name\":\"Audi A3 03-09 galinis de\u0161in\u0117s pus\u0117s stabd\u017ei\u0173 disko dangtelis\"}]},{\"@type\":\"WebSite\",\"@id\":\"https:\\\/\\\/erformance.eu\\\/et\\\/#website\",\"url\":\"https:\\\/\\\/erformance.eu\\\/et\\\/\",\"name\":\"Erformance.eu\",\"description\":\"Automobili\u0173 dali\u0173 parduotuv\u0117\",\"potentialAction\":[{\"@type\":\"SearchAction\",\"target\":{\"@type\":\"EntryPoint\",\"urlTemplate\":\"https:\\\/\\\/erformance.eu\\\/et\\\/?s={search_term_string}\"},\"query-input\":{\"@type\":\"PropertyValueSpecification\",\"valueRequired\":true,\"valueName\":\"search_term_string\"}}],\"inLanguage\":\"et\"}]}<\/script>\n<!-- \/ Yoast SEO Premium plugin. -->","yoast_head_json":{"title":"Audi A3 03-09 galinis de\u0161in\u0117s pus\u0117s stabd\u017ei\u0173 disko dangtelis - Erformance.eu","robots":{"index":"index","follow":"follow","max-snippet":"max-snippet:-1","max-image-preview":"max-image-preview:large","max-video-preview":"max-video-preview:-1"},"canonical":"https:\/\/erformance.eu\/et\/toode\/audi-a3-03-09-galinis-desines-puses-stabdziu-disko-dangtelis\/","og_locale":"et_EE","og_type":"article","og_title":"Audi A3 03-09 galinis de\u0161in\u0117s pus\u0117s stabd\u017ei\u0173 disko dangtelis","og_description":"1. Prek\u0117: Galinio stabd\u017ei\u0173 disko dangtelis2. Pus\u0117: de\u0161in\u01173. Gamintojas: pakeitimas4. Automobilis:  * Audi A3 03\u201309  * Audi TT 98-14  * Seat Leon 99-06  * Seat Toledo II 98-06","og_url":"https:\/\/erformance.eu\/et\/toode\/audi-a3-03-09-galinis-desines-puses-stabdziu-disko-dangtelis\/","og_site_name":"Erformance.eu","article_modified_time":"2026-03-05T18:12:46+00:00","og_image":[{"width":667,"height":500,"url":"https:\/\/erformance.eu\/wp-content\/uploads\/2026\/02\/pol_pm_Audi-A3-03-09-oslona-tarczy-hamulcowej-tylnej-prawej-13589_1.jpg","type":"image\/jpeg"}],"twitter_card":"summary_large_image","twitter_misc":{"Est. reading time":"1 minut"},"schema":{"@context":"https:\/\/schema.org","@graph":[{"@type":"WebPage","@id":"https:\/\/erformance.eu\/et\/toode\/audi-a3-03-09-galinis-desines-puses-stabdziu-disko-dangtelis\/","url":"https:\/\/erformance.eu\/et\/toode\/audi-a3-03-09-galinis-desines-puses-stabdziu-disko-dangtelis\/","name":"Audi A3 03-09 galinis de\u0161in\u0117s pus\u0117s stabd\u017ei\u0173 disko dangtelis - Erformance.eu","isPartOf":{"@id":"https:\/\/erformance.eu\/et\/#website"},"primaryImageOfPage":{"@id":"https:\/\/erformance.eu\/et\/toode\/audi-a3-03-09-galinis-desines-puses-stabdziu-disko-dangtelis\/#primaryimage"},"image":{"@id":"https:\/\/erformance.eu\/et\/toode\/audi-a3-03-09-galinis-desines-puses-stabdziu-disko-dangtelis\/#primaryimage"},"thumbnailUrl":"https:\/\/erformance.eu\/wp-content\/uploads\/2026\/02\/pol_pm_Audi-A3-03-09-oslona-tarczy-hamulcowej-tylnej-prawej-13589_1.jpg","datePublished":"2026-02-16T12:24:58+00:00","dateModified":"2026-03-05T18:12:46+00:00","breadcrumb":{"@id":"https:\/\/erformance.eu\/et\/toode\/audi-a3-03-09-galinis-desines-puses-stabdziu-disko-dangtelis\/#breadcrumb"},"inLanguage":"et","potentialAction":[{"@type":"ReadAction","target":["https:\/\/erformance.eu\/et\/toode\/audi-a3-03-09-galinis-desines-puses-stabdziu-disko-dangtelis\/"]}]},{"@type":"ImageObject","inLanguage":"et","@id":"https:\/\/erformance.eu\/et\/toode\/audi-a3-03-09-galinis-desines-puses-stabdziu-disko-dangtelis\/#primaryimage","url":"https:\/\/erformance.eu\/wp-content\/uploads\/2026\/02\/pol_pm_Audi-A3-03-09-oslona-tarczy-hamulcowej-tylnej-prawej-13589_1.jpg","contentUrl":"https:\/\/erformance.eu\/wp-content\/uploads\/2026\/02\/pol_pm_Audi-A3-03-09-oslona-tarczy-hamulcowej-tylnej-prawej-13589_1.jpg","width":667,"height":500},{"@type":"BreadcrumbList","@id":"https:\/\/erformance.eu\/et\/toode\/audi-a3-03-09-galinis-desines-puses-stabdziu-disko-dangtelis\/#breadcrumb","itemListElement":[{"@type":"ListItem","position":1,"name":"Home","item":"https:\/\/erformance.eu\/et\/"},{"@type":"ListItem","position":2,"name":"Pood","item":"https:\/\/erformance.eu\/et\/pood\/"},{"@type":"ListItem","position":3,"name":"Audi A3 03-09 galinis de\u0161in\u0117s pus\u0117s stabd\u017ei\u0173 disko dangtelis"}]},{"@type":"WebSite","@id":"https:\/\/erformance.eu\/et\/#website","url":"https:\/\/erformance.eu\/et\/","name":"Erformance.eu","description":"Automobili\u0173 dali\u0173 parduotuv\u0117","potentialAction":[{"@type":"SearchAction","target":{"@type":"EntryPoint","urlTemplate":"https:\/\/erformance.eu\/et\/?s={search_term_string}"},"query-input":{"@type":"PropertyValueSpecification","valueRequired":true,"valueName":"search_term_string"}}],"inLanguage":"et"}]}},"jetpack_sharing_enabled":true,"_links":{"self":[{"href":"https:\/\/erformance.eu\/et\/wp-json\/wp\/v2\/product\/63399","targetHints":{"allow":["GET"]}}],"collection":[{"href":"https:\/\/erformance.eu\/et\/wp-json\/wp\/v2\/product"}],"about":[{"href":"https:\/\/erformance.eu\/et\/wp-json\/wp\/v2\/types\/product"}],"replies":[{"embeddable":true,"href":"https:\/\/erformance.eu\/et\/wp-json\/wp\/v2\/comments?post=63399"}],"version-history":[{"count":1,"href":"https:\/\/erformance.eu\/et\/wp-json\/wp\/v2\/product\/63399\/revisions"}],"predecessor-version":[{"id":63402,"href":"https:\/\/erformance.eu\/et\/wp-json\/wp\/v2\/product\/63399\/revisions\/63402"}],"wp:featuredmedia":[{"embeddable":true,"href":"https:\/\/erformance.eu\/et\/wp-json\/wp\/v2\/media\/63400"}],"wp:attachment":[{"href":"https:\/\/erformance.eu\/et\/wp-json\/wp\/v2\/media?parent=63399"}],"wp:term":[{"taxonomy":"product_brand","embeddable":true,"href":"https:\/\/erformance.eu\/et\/wp-json\/wp\/v2\/product_brand?post=63399"},{"taxonomy":"product_cat","embeddable":true,"href":"https:\/\/erformance.eu\/et\/wp-json\/wp\/v2\/product_cat?post=63399"},{"taxonomy":"product_tag","embeddable":true,"href":"https:\/\/erformance.eu\/et\/wp-json\/wp\/v2\/product_tag?post=63399"}],"curies":[{"name":"wp","href":"https:\/\/api.w.org\/{rel}","templated":true}]}}