{"id":63509,"date":"2026-02-16T15:25:43","date_gmt":"2026-02-16T12:25:43","guid":{"rendered":"https:\/\/erformance.eu\/?post_type=product&#038;p=63509"},"modified":"2026-03-12T14:24:47","modified_gmt":"2026-03-12T11:24:47","slug":"audi-a4-b5-94-01-juoda-pavaru-perjungimo-svirtis-juodi-apsauginiai-su-raudonu-siulu-raudonas-ziedas-5-greiciu","status":"publish","type":"product","link":"https:\/\/erformance.eu\/et\/toode\/audi-a4-b5-94-01-juoda-pavaru-perjungimo-svirtis-juodi-apsauginiai-su-raudonu-siulu-raudonas-ziedas-5-greiciu\/","title":{"rendered":"Audi A4 B5 94-01 JUODA pavar\u0173 perjungimo svirtis + JUODI APSAUGINIAI SU RAUDONU SI\u016aLU RAUDONAS \u017dIEDAS 5 GREI\u010cI\u0172"},"content":{"rendered":"<p>Prek\u0117: Pavar\u0173 perjungimo svirtis + gaubtas<br \/>\nAutomobilis:<\/p>\n<p>Audi A3 (8L1), gamybos metai: 1996\u20132003<br \/>\nAudi A4 B5 (8D2), gamybos metai: 1994\u20132001<br \/>\nAudi A4 B5 Avant (8D5), pagaminimo metai: 1994\u20132001<br \/>\nAudi A4 B6 (8E2), pagaminimo metai: 2000\u20132004<br \/>\nAudi A4 B6 Avant (8E5), gamybos metai: 2001-2004<br \/>\nAudi A4 B7 (8EC), gamybos metai: 2004-2008<br \/>\nAudi A4 B7 Avant (8ED), gamybos metai: 2004-2008<br \/>\n\u201eSeat Arosa\u201c (6H), pagaminimo metai: 1997\u20132004<br \/>\n\u201eSeat Cordoba I\u201c (6K1, 6K2), pagaminimo metai: 1993\u20132002<br \/>\n\u201eSeat Cordoba I Vario\u201c (6K5), pagaminimo metai: 1996\u20132002<br \/>\n\u201eSeat Ibiza II\u201c (6K1), gamybos metai: 1993\u20132002<br \/>\n\u201eSeat Leon I\u201c (1M1), pagaminimo metai: 1999\u20132006<br \/>\n\u201eSeat Toledo II\u201c (1M2), pagaminimo metai: 1998\u20132006<br \/>\nVW Bora (1J2), pagaminimo metai: 1998\u20132005<br \/>\nVW Bora Variant (1J6), pagaminimo metai: 1999\u20132005<br \/>\nVW Corrado (53l), pagaminimo metai: 1988\u20131995<br \/>\nVW Golf I (17), pagaminimo metai: 1974\u20131984<br \/>\nVW Golf II (19E, 1G1), pagaminimo metai: 1983\u20131992<br \/>\nVW Golf III (1H1), pagaminimo metai: 1991\u20131997<br \/>\nVW Golf III kabrioletas (1E7), pagaminimo metai: 1993\u20131998<br \/>\nVW Golf III Variant (1H5), pagaminimo metai: 1993\u20131999<br \/>\nVW Golf IV (1J1), pagaminimo metai: 1997\u20132005<br \/>\nVW Golf IV (1J1), pagaminimo metai: 1997\u20132005<br \/>\nVW Golf IV Variant (1J5), pagaminimo metai: 1999\u20132006<br \/>\nVW Jetta I (16), pagaminimo metai: 1978\u20131984<br \/>\nVW Jetta II (19E, 1G2, 165), pagaminimo metai: 1984\u20131992<br \/>\nVW Lupo (6X1, 6E1), pagaminimo metai: 1998\u20132005<br \/>\nVW Polo III (6N1), pagaminimo metai: 1994\u20131999<br \/>\nVW Polo III (6N2), pagaminimo metai: 1999\u20132001<br \/>\nVW Vento (1H2), pagaminimo metai: 1991\u20131998<\/p>\n<p>Spalva: juoda ranken\u0117l\u0117 + juodas silfonas, prisi\u016btas raudonu si\u016blu + chromuotas \u017eiedas tarp ranken\u0117l\u0117s ir silfono<br \/>\nDiagrama: juodas dangtelis su raudonu \u017eiedu ir \u0161viesos diagrama: 5 pavaros + atbulin\u0117 eiga<br \/>\nGamintojas: pakaitalas<br \/>\nTechnin\u0117 b\u016bkl\u0117: prek\u0117 yra visi\u0161kai nauja, nenaudota, nepa\u017eeista ir nesugadinta<br \/>\nPastaba: ranken\u0117l\u0117s tvirtinimo angos skersmuo yra 12 mm.<\/p>\n","protected":false},"excerpt":{"rendered":"<p>1. Prek\u0117: Pavar\u0173 perjungimo svirtis + gaubtas2. Gamintojas: pakeitimas3. Automobilis:   * Audi A3 8L 96-03   * Audi A4 B5 94-01   * Audi A4 B6 00-04   * Audi A4 B7 04-08<\/p>\n","protected":false},"featured_media":63510,"comment_status":"open","ping_status":"closed","template":"","meta":[],"product_brand":[],"product_cat":[390,144,3908,4586,3987],"product_tag":[],"class_list":{"0":"post-63509","1":"product","2":"type-product","3":"status-publish","4":"has-post-thumbnail","6":"product_cat-audi-a4","7":"product_cat-audi","8":"product_cat-audi-a4-b5","9":"product_cat-audi-a4-b5-pavaru-svirtys","10":"product_cat-audi-a4-b5-salono-dalys","12":"first","13":"instock","14":"shipping-taxable","15":"purchasable","16":"product-type-simple"},"yoast_head":"<!-- This site is optimized with the Yoast SEO Premium plugin v25.2 (Yoast SEO v27.4) - https:\/\/yoast.com\/product\/yoast-seo-premium-wordpress\/ -->\n<title>Audi A4 B5 94-01 JUODA pavar\u0173 perjungimo svirtis + JUODI APSAUGINIAI SU RAUDONU SI\u016aLU RAUDONAS \u017dIEDAS 5 GREI\u010cI\u0172 - Erformance.eu<\/title>\n<meta name=\"robots\" content=\"index, follow, max-snippet:-1, max-image-preview:large, max-video-preview:-1\" \/>\n<link rel=\"canonical\" href=\"https:\/\/erformance.eu\/et\/toode\/audi-a4-b5-94-01-juoda-pavaru-perjungimo-svirtis-juodi-apsauginiai-su-raudonu-siulu-raudonas-ziedas-5-greiciu\/\" \/>\n<meta property=\"og:locale\" content=\"et_EE\" \/>\n<meta property=\"og:type\" content=\"article\" \/>\n<meta property=\"og:title\" content=\"Audi A4 B5 94-01 JUODA pavar\u0173 perjungimo svirtis + JUODI APSAUGINIAI SU RAUDONU SI\u016aLU RAUDONAS \u017dIEDAS 5 GREI\u010cI\u0172\" \/>\n<meta property=\"og:description\" content=\"1. Prek\u0117: Pavar\u0173 perjungimo svirtis + gaubtas2. Gamintojas: pakeitimas3. Automobilis:  * Audi A3 8L 96-03  * Audi A4 B5 94-01  * Audi A4 B6 00-04  * Audi A4 B7 04-08\" \/>\n<meta property=\"og:url\" content=\"https:\/\/erformance.eu\/et\/toode\/audi-a4-b5-94-01-juoda-pavaru-perjungimo-svirtis-juodi-apsauginiai-su-raudonu-siulu-raudonas-ziedas-5-greiciu\/\" \/>\n<meta property=\"og:site_name\" content=\"Erformance.eu\" \/>\n<meta property=\"article:modified_time\" content=\"2026-03-12T11:24:47+00:00\" \/>\n<meta property=\"og:image\" content=\"https:\/\/erformance.eu\/wp-content\/uploads\/2026\/02\/pol_pm_Audi-A4-B5-94-01-galka-zmiany-biegow-CZARNA-MIESZEK-CZARNY-z-CZERWONA-NITKA-CZERWONY-PIERSCIEN-5-BIEGOW-21072_1.jpg\" \/>\n\t<meta property=\"og:image:width\" content=\"1200\" \/>\n\t<meta property=\"og:image:height\" content=\"900\" \/>\n\t<meta property=\"og:image:type\" content=\"image\/jpeg\" \/>\n<meta name=\"twitter:card\" content=\"summary_large_image\" \/>\n<meta name=\"twitter:label1\" content=\"Est. reading time\" \/>\n\t<meta name=\"twitter:data1\" content=\"1 minut\" \/>\n<script type=\"application\/ld+json\" class=\"yoast-schema-graph\">{\"@context\":\"https:\\\/\\\/schema.org\",\"@graph\":[{\"@type\":\"WebPage\",\"@id\":\"https:\\\/\\\/erformance.eu\\\/et\\\/toode\\\/audi-a4-b5-94-01-juoda-pavaru-perjungimo-svirtis-juodi-apsauginiai-su-raudonu-siulu-raudonas-ziedas-5-greiciu\\\/\",\"url\":\"https:\\\/\\\/erformance.eu\\\/et\\\/toode\\\/audi-a4-b5-94-01-juoda-pavaru-perjungimo-svirtis-juodi-apsauginiai-su-raudonu-siulu-raudonas-ziedas-5-greiciu\\\/\",\"name\":\"Audi A4 B5 94-01 JUODA pavar\u0173 perjungimo svirtis + JUODI APSAUGINIAI SU RAUDONU SI\u016aLU RAUDONAS \u017dIEDAS 5 GREI\u010cI\u0172 - Erformance.eu\",\"isPartOf\":{\"@id\":\"https:\\\/\\\/erformance.eu\\\/et\\\/#website\"},\"primaryImageOfPage\":{\"@id\":\"https:\\\/\\\/erformance.eu\\\/et\\\/toode\\\/audi-a4-b5-94-01-juoda-pavaru-perjungimo-svirtis-juodi-apsauginiai-su-raudonu-siulu-raudonas-ziedas-5-greiciu\\\/#primaryimage\"},\"image\":{\"@id\":\"https:\\\/\\\/erformance.eu\\\/et\\\/toode\\\/audi-a4-b5-94-01-juoda-pavaru-perjungimo-svirtis-juodi-apsauginiai-su-raudonu-siulu-raudonas-ziedas-5-greiciu\\\/#primaryimage\"},\"thumbnailUrl\":\"https:\\\/\\\/erformance.eu\\\/wp-content\\\/uploads\\\/2026\\\/02\\\/pol_pm_Audi-A4-B5-94-01-galka-zmiany-biegow-CZARNA-MIESZEK-CZARNY-z-CZERWONA-NITKA-CZERWONY-PIERSCIEN-5-BIEGOW-21072_1.jpg\",\"datePublished\":\"2026-02-16T12:25:43+00:00\",\"dateModified\":\"2026-03-12T11:24:47+00:00\",\"breadcrumb\":{\"@id\":\"https:\\\/\\\/erformance.eu\\\/et\\\/toode\\\/audi-a4-b5-94-01-juoda-pavaru-perjungimo-svirtis-juodi-apsauginiai-su-raudonu-siulu-raudonas-ziedas-5-greiciu\\\/#breadcrumb\"},\"inLanguage\":\"et\",\"potentialAction\":[{\"@type\":\"ReadAction\",\"target\":[\"https:\\\/\\\/erformance.eu\\\/et\\\/toode\\\/audi-a4-b5-94-01-juoda-pavaru-perjungimo-svirtis-juodi-apsauginiai-su-raudonu-siulu-raudonas-ziedas-5-greiciu\\\/\"]}]},{\"@type\":\"ImageObject\",\"inLanguage\":\"et\",\"@id\":\"https:\\\/\\\/erformance.eu\\\/et\\\/toode\\\/audi-a4-b5-94-01-juoda-pavaru-perjungimo-svirtis-juodi-apsauginiai-su-raudonu-siulu-raudonas-ziedas-5-greiciu\\\/#primaryimage\",\"url\":\"https:\\\/\\\/erformance.eu\\\/wp-content\\\/uploads\\\/2026\\\/02\\\/pol_pm_Audi-A4-B5-94-01-galka-zmiany-biegow-CZARNA-MIESZEK-CZARNY-z-CZERWONA-NITKA-CZERWONY-PIERSCIEN-5-BIEGOW-21072_1.jpg\",\"contentUrl\":\"https:\\\/\\\/erformance.eu\\\/wp-content\\\/uploads\\\/2026\\\/02\\\/pol_pm_Audi-A4-B5-94-01-galka-zmiany-biegow-CZARNA-MIESZEK-CZARNY-z-CZERWONA-NITKA-CZERWONY-PIERSCIEN-5-BIEGOW-21072_1.jpg\",\"width\":1200,\"height\":900},{\"@type\":\"BreadcrumbList\",\"@id\":\"https:\\\/\\\/erformance.eu\\\/et\\\/toode\\\/audi-a4-b5-94-01-juoda-pavaru-perjungimo-svirtis-juodi-apsauginiai-su-raudonu-siulu-raudonas-ziedas-5-greiciu\\\/#breadcrumb\",\"itemListElement\":[{\"@type\":\"ListItem\",\"position\":1,\"name\":\"Home\",\"item\":\"https:\\\/\\\/erformance.eu\\\/et\\\/\"},{\"@type\":\"ListItem\",\"position\":2,\"name\":\"Pood\",\"item\":\"https:\\\/\\\/erformance.eu\\\/et\\\/pood\\\/\"},{\"@type\":\"ListItem\",\"position\":3,\"name\":\"Audi A4 B5 94-01 JUODA pavar\u0173 perjungimo svirtis + JUODI APSAUGINIAI SU RAUDONU SI\u016aLU RAUDONAS \u017dIEDAS 5 GREI\u010cI\u0172\"}]},{\"@type\":\"WebSite\",\"@id\":\"https:\\\/\\\/erformance.eu\\\/et\\\/#website\",\"url\":\"https:\\\/\\\/erformance.eu\\\/et\\\/\",\"name\":\"Erformance.eu\",\"description\":\"Automobili\u0173 dali\u0173 parduotuv\u0117\",\"potentialAction\":[{\"@type\":\"SearchAction\",\"target\":{\"@type\":\"EntryPoint\",\"urlTemplate\":\"https:\\\/\\\/erformance.eu\\\/et\\\/?s={search_term_string}\"},\"query-input\":{\"@type\":\"PropertyValueSpecification\",\"valueRequired\":true,\"valueName\":\"search_term_string\"}}],\"inLanguage\":\"et\"}]}<\/script>\n<!-- \/ Yoast SEO Premium plugin. -->","yoast_head_json":{"title":"Audi A4 B5 94-01 JUODA pavar\u0173 perjungimo svirtis + JUODI APSAUGINIAI SU RAUDONU SI\u016aLU RAUDONAS \u017dIEDAS 5 GREI\u010cI\u0172 - Erformance.eu","robots":{"index":"index","follow":"follow","max-snippet":"max-snippet:-1","max-image-preview":"max-image-preview:large","max-video-preview":"max-video-preview:-1"},"canonical":"https:\/\/erformance.eu\/et\/toode\/audi-a4-b5-94-01-juoda-pavaru-perjungimo-svirtis-juodi-apsauginiai-su-raudonu-siulu-raudonas-ziedas-5-greiciu\/","og_locale":"et_EE","og_type":"article","og_title":"Audi A4 B5 94-01 JUODA pavar\u0173 perjungimo svirtis + JUODI APSAUGINIAI SU RAUDONU SI\u016aLU RAUDONAS \u017dIEDAS 5 GREI\u010cI\u0172","og_description":"1. Prek\u0117: Pavar\u0173 perjungimo svirtis + gaubtas2. Gamintojas: pakeitimas3. Automobilis:  * Audi A3 8L 96-03  * Audi A4 B5 94-01  * Audi A4 B6 00-04  * Audi A4 B7 04-08","og_url":"https:\/\/erformance.eu\/et\/toode\/audi-a4-b5-94-01-juoda-pavaru-perjungimo-svirtis-juodi-apsauginiai-su-raudonu-siulu-raudonas-ziedas-5-greiciu\/","og_site_name":"Erformance.eu","article_modified_time":"2026-03-12T11:24:47+00:00","og_image":[{"width":1200,"height":900,"url":"https:\/\/erformance.eu\/wp-content\/uploads\/2026\/02\/pol_pm_Audi-A4-B5-94-01-galka-zmiany-biegow-CZARNA-MIESZEK-CZARNY-z-CZERWONA-NITKA-CZERWONY-PIERSCIEN-5-BIEGOW-21072_1.jpg","type":"image\/jpeg"}],"twitter_card":"summary_large_image","twitter_misc":{"Est. reading time":"1 minut"},"schema":{"@context":"https:\/\/schema.org","@graph":[{"@type":"WebPage","@id":"https:\/\/erformance.eu\/et\/toode\/audi-a4-b5-94-01-juoda-pavaru-perjungimo-svirtis-juodi-apsauginiai-su-raudonu-siulu-raudonas-ziedas-5-greiciu\/","url":"https:\/\/erformance.eu\/et\/toode\/audi-a4-b5-94-01-juoda-pavaru-perjungimo-svirtis-juodi-apsauginiai-su-raudonu-siulu-raudonas-ziedas-5-greiciu\/","name":"Audi A4 B5 94-01 JUODA pavar\u0173 perjungimo svirtis + JUODI APSAUGINIAI SU RAUDONU SI\u016aLU RAUDONAS \u017dIEDAS 5 GREI\u010cI\u0172 - Erformance.eu","isPartOf":{"@id":"https:\/\/erformance.eu\/et\/#website"},"primaryImageOfPage":{"@id":"https:\/\/erformance.eu\/et\/toode\/audi-a4-b5-94-01-juoda-pavaru-perjungimo-svirtis-juodi-apsauginiai-su-raudonu-siulu-raudonas-ziedas-5-greiciu\/#primaryimage"},"image":{"@id":"https:\/\/erformance.eu\/et\/toode\/audi-a4-b5-94-01-juoda-pavaru-perjungimo-svirtis-juodi-apsauginiai-su-raudonu-siulu-raudonas-ziedas-5-greiciu\/#primaryimage"},"thumbnailUrl":"https:\/\/erformance.eu\/wp-content\/uploads\/2026\/02\/pol_pm_Audi-A4-B5-94-01-galka-zmiany-biegow-CZARNA-MIESZEK-CZARNY-z-CZERWONA-NITKA-CZERWONY-PIERSCIEN-5-BIEGOW-21072_1.jpg","datePublished":"2026-02-16T12:25:43+00:00","dateModified":"2026-03-12T11:24:47+00:00","breadcrumb":{"@id":"https:\/\/erformance.eu\/et\/toode\/audi-a4-b5-94-01-juoda-pavaru-perjungimo-svirtis-juodi-apsauginiai-su-raudonu-siulu-raudonas-ziedas-5-greiciu\/#breadcrumb"},"inLanguage":"et","potentialAction":[{"@type":"ReadAction","target":["https:\/\/erformance.eu\/et\/toode\/audi-a4-b5-94-01-juoda-pavaru-perjungimo-svirtis-juodi-apsauginiai-su-raudonu-siulu-raudonas-ziedas-5-greiciu\/"]}]},{"@type":"ImageObject","inLanguage":"et","@id":"https:\/\/erformance.eu\/et\/toode\/audi-a4-b5-94-01-juoda-pavaru-perjungimo-svirtis-juodi-apsauginiai-su-raudonu-siulu-raudonas-ziedas-5-greiciu\/#primaryimage","url":"https:\/\/erformance.eu\/wp-content\/uploads\/2026\/02\/pol_pm_Audi-A4-B5-94-01-galka-zmiany-biegow-CZARNA-MIESZEK-CZARNY-z-CZERWONA-NITKA-CZERWONY-PIERSCIEN-5-BIEGOW-21072_1.jpg","contentUrl":"https:\/\/erformance.eu\/wp-content\/uploads\/2026\/02\/pol_pm_Audi-A4-B5-94-01-galka-zmiany-biegow-CZARNA-MIESZEK-CZARNY-z-CZERWONA-NITKA-CZERWONY-PIERSCIEN-5-BIEGOW-21072_1.jpg","width":1200,"height":900},{"@type":"BreadcrumbList","@id":"https:\/\/erformance.eu\/et\/toode\/audi-a4-b5-94-01-juoda-pavaru-perjungimo-svirtis-juodi-apsauginiai-su-raudonu-siulu-raudonas-ziedas-5-greiciu\/#breadcrumb","itemListElement":[{"@type":"ListItem","position":1,"name":"Home","item":"https:\/\/erformance.eu\/et\/"},{"@type":"ListItem","position":2,"name":"Pood","item":"https:\/\/erformance.eu\/et\/pood\/"},{"@type":"ListItem","position":3,"name":"Audi A4 B5 94-01 JUODA pavar\u0173 perjungimo svirtis + JUODI APSAUGINIAI SU RAUDONU SI\u016aLU RAUDONAS \u017dIEDAS 5 GREI\u010cI\u0172"}]},{"@type":"WebSite","@id":"https:\/\/erformance.eu\/et\/#website","url":"https:\/\/erformance.eu\/et\/","name":"Erformance.eu","description":"Automobili\u0173 dali\u0173 parduotuv\u0117","potentialAction":[{"@type":"SearchAction","target":{"@type":"EntryPoint","urlTemplate":"https:\/\/erformance.eu\/et\/?s={search_term_string}"},"query-input":{"@type":"PropertyValueSpecification","valueRequired":true,"valueName":"search_term_string"}}],"inLanguage":"et"}]}},"jetpack_sharing_enabled":true,"_links":{"self":[{"href":"https:\/\/erformance.eu\/et\/wp-json\/wp\/v2\/product\/63509","targetHints":{"allow":["GET"]}}],"collection":[{"href":"https:\/\/erformance.eu\/et\/wp-json\/wp\/v2\/product"}],"about":[{"href":"https:\/\/erformance.eu\/et\/wp-json\/wp\/v2\/types\/product"}],"replies":[{"embeddable":true,"href":"https:\/\/erformance.eu\/et\/wp-json\/wp\/v2\/comments?post=63509"}],"version-history":[{"count":1,"href":"https:\/\/erformance.eu\/et\/wp-json\/wp\/v2\/product\/63509\/revisions"}],"predecessor-version":[{"id":63520,"href":"https:\/\/erformance.eu\/et\/wp-json\/wp\/v2\/product\/63509\/revisions\/63520"}],"wp:featuredmedia":[{"embeddable":true,"href":"https:\/\/erformance.eu\/et\/wp-json\/wp\/v2\/media\/63510"}],"wp:attachment":[{"href":"https:\/\/erformance.eu\/et\/wp-json\/wp\/v2\/media?parent=63509"}],"wp:term":[{"taxonomy":"product_brand","embeddable":true,"href":"https:\/\/erformance.eu\/et\/wp-json\/wp\/v2\/product_brand?post=63509"},{"taxonomy":"product_cat","embeddable":true,"href":"https:\/\/erformance.eu\/et\/wp-json\/wp\/v2\/product_cat?post=63509"},{"taxonomy":"product_tag","embeddable":true,"href":"https:\/\/erformance.eu\/et\/wp-json\/wp\/v2\/product_tag?post=63509"}],"curies":[{"name":"wp","href":"https:\/\/api.w.org\/{rel}","templated":true}]}}