{"id":63734,"date":"2026-02-16T15:27:04","date_gmt":"2026-02-16T12:27:04","guid":{"rendered":"https:\/\/erformance.eu\/?post_type=product&#038;p=63734"},"modified":"2026-03-12T14:19:47","modified_gmt":"2026-03-12T11:19:47","slug":"audi-a4-b6-00-04-uzdegimo-ideklas-2-rakteliu-komplektas","status":"publish","type":"product","link":"https:\/\/erformance.eu\/et\/toode\/audi-a4-b6-00-04-uzdegimo-ideklas-2-rakteliu-komplektas\/","title":{"rendered":"Audi A4 B6 00-04 u\u017edegimo \u012fd\u0117klas + 2 rakteli\u0173 komplektas"},"content":{"rendered":"<p>Prek\u0117: u\u017edegimo jungiklio \u012fd\u0117klas<br \/>\nOriginalus numeris:<\/p>\n<p>3B0905955E<br \/>\n3B0905855G<br \/>\n3B0905855C<\/p>\n<p>PASTABA: auk\u0161\u010diau pateikti numeriai yra original\u016bs dali\u0173 numeriai, kuriuos \u0161is pasi\u016blymas pakei\u010dia. Prie\u0161 pirkdami, palyginkite juos su originaliu dalies numeriu. Jei jie skiriasi net vienu simboliu, dalis netiks, neveiks arba veiks netinkamai. Tokiu atveju jos nepirkite.<br \/>\nAutomobilis:<\/p>\n<p>Audi A3 (8L1), pagaminimo metai: 2001\u20132003<br \/>\nAudi A3 (8P1), pagaminimo metai: 2003\u20132005<br \/>\nAudi A4 B6 (8E2), pagaminimo metai: 2000\u20132004<br \/>\nAudi A4 B6 Avant (8E5), gamybos metai: 2001-2004<br \/>\nSeat CORDOBA (6L2), pagaminimo metai: 2002\u20132009<br \/>\nSeat IBIZA III (6L1), pagaminimo metai: 2002\u20132009<br \/>\nSeat IBIZA IV (6J5, 6P1), pagaminimo metai: 2008\u20132017<br \/>\nSeat IBIZA IV d\u0117\u017e\u0117s k\u0117bulas \/ universalas (6J1), pagaminimo metai: 2008\u20132015<br \/>\nSeat IBIZA IV SC (6J1, 6P5), pagaminimo metai: 2008\u20132016<br \/>\nSeat IBIZA IV ST (6J8, 6P8), pagaminimo metai: 2010\u20132016<br \/>\nVolkswagen BORA I (1J2), gamybos metai: 1998\u20132005<br \/>\nVolkswagen BORA Variant (1J6), gamybos metai: 1999\u20132005<br \/>\nVolkswagen GOLF IV (1J1), gamybos metai: 1999\u20132005<br \/>\nVolkswagen GOLF IV Variant (1J5), pagaminimo metai: 1999\u20132005<br \/>\nVolkswagen LUPO I (6X1, 6E1), pagaminimo metai: 1998\u20132005<br \/>\nVolkswagen NEW BEETLE (9C1, 1C1), gamybos metai: 1998\u20132010<br \/>\nVolkswagen PASSAT B5 (3B2), gamybos metai: 1996\u20132000<br \/>\nVolkswagen PASSAT B5 Variant (3B5), pagaminimo metai: 1997\u20132000<br \/>\nVolkswagen PASSAT B5.5 (3B3), gamybos metai: 2000\u20132005<br \/>\nVolkswagen PASSAT B5.5 Variant (3B6), pagaminimo metai: 2000\u20132005<br \/>\nVolkswagen POLO (9N_), gamybos metai: 2002\u20132009<br \/>\nVolkswagen POLO IV sedanas (9A4, 9A2, 9N2, 9A6), pagaminimo metai: 2002\u20132012<br \/>\nVolkswagen POLO V (6R1, 6C1), pagaminimo metai: 2009\u20132014<br \/>\n\u201eVolkswagen POLO V\u201c sedanas (602, 604, 612, 614), pagaminimo metai: 2010\u20132014<br \/>\nVolkswagen TRANSPORTER V autobusas (7HB, 7HJ, 7EB, 7EJ, 7EF, 7EG, 7HF, 7E, gamybos metai: 2003-2012 m.<br \/>\nVolkswagen TRANSPORTER V plok\u0161\u010diadugnis \/ va\u017eiuokl\u0117 (7JD, 7JE, 7JL, 7JY, 7JZ,, gamybos metai: 2003\u20132012<br \/>\nVolkswagen TRANSPORTER V komercinis (7HA, 7HH, 7EA, 7EH), pagaminimo metai: 2003\u20132012<\/p>\n<p>Gamintojas: pakaitalas<br \/>\nTechnin\u0117 b\u016bkl\u0117: prek\u0117 yra visi\u0161kai nauja, nenaudota, nepa\u017eeista ir nesugadinta<br \/>\nPASTABA: Rinkinyje yra 1 pora (2 vnt.) rakt\u0173<\/p>\n","protected":false},"excerpt":{"rendered":"<p>1. Prek\u0117: u\u017edegimo jungiklio \u012fd\u0117klas2. Gamintojas: pakeitimas3. Automobilis:   * Audi A3 8L 2001\u20132003 m.   * Audi A3 8P 03-05   * Audi A4 B6 00-04   * Seat Cordoba II 02-09   * Seat Ibiza III 2002\u20132009 m.   * Seat Ibiza IV 2008\u20132017 m.<\/p>\n","protected":false},"featured_media":63735,"comment_status":"open","ping_status":"closed","template":"","meta":[],"product_brand":[],"product_cat":[390,144,3909,4743,3988],"product_tag":[],"class_list":{"0":"post-63734","1":"product","2":"type-product","3":"status-publish","4":"has-post-thumbnail","6":"product_cat-audi-a4","7":"product_cat-audi","8":"product_cat-audi-a4-b6","9":"product_cat-audi-a4-b6-raktai-korpusai","10":"product_cat-audi-a4-b6-salono-dalys","12":"first","13":"instock","14":"shipping-taxable","15":"purchasable","16":"product-type-simple"},"yoast_head":"<!-- This site is optimized with the Yoast SEO Premium plugin v25.2 (Yoast SEO v27.4) - https:\/\/yoast.com\/product\/yoast-seo-premium-wordpress\/ -->\n<title>Audi A4 B6 00-04 u\u017edegimo \u012fd\u0117klas + 2 rakteli\u0173 komplektas - Erformance.eu<\/title>\n<meta name=\"robots\" content=\"index, follow, max-snippet:-1, max-image-preview:large, max-video-preview:-1\" \/>\n<link rel=\"canonical\" href=\"https:\/\/erformance.eu\/et\/toode\/audi-a4-b6-00-04-uzdegimo-ideklas-2-rakteliu-komplektas\/\" \/>\n<meta property=\"og:locale\" content=\"et_EE\" \/>\n<meta property=\"og:type\" content=\"article\" \/>\n<meta property=\"og:title\" content=\"Audi A4 B6 00-04 u\u017edegimo \u012fd\u0117klas + 2 rakteli\u0173 komplektas\" \/>\n<meta property=\"og:description\" content=\"1. Prek\u0117: u\u017edegimo jungiklio \u012fd\u0117klas2. Gamintojas: pakeitimas3. Automobilis:  * Audi A3 8L 2001\u20132003 m.  * Audi A3 8P 03-05  * Audi A4 B6 00-04  * Seat Cordoba II 02-09  * Seat Ibiza III 2002\u20132009 m.  * Seat Ibiza IV 2008\u20132017 m.\" \/>\n<meta property=\"og:url\" content=\"https:\/\/erformance.eu\/et\/toode\/audi-a4-b6-00-04-uzdegimo-ideklas-2-rakteliu-komplektas\/\" \/>\n<meta property=\"og:site_name\" content=\"Erformance.eu\" \/>\n<meta property=\"article:modified_time\" content=\"2026-03-12T11:19:47+00:00\" \/>\n<meta property=\"og:image\" content=\"https:\/\/erformance.eu\/wp-content\/uploads\/2026\/02\/pol_pm_Audi-A4-B6-00-04-wklad-stacyjki-2-kluczyki-KPL-24741_1.jpg\" \/>\n\t<meta property=\"og:image:width\" content=\"900\" \/>\n\t<meta property=\"og:image:height\" content=\"900\" \/>\n\t<meta property=\"og:image:type\" content=\"image\/jpeg\" \/>\n<meta name=\"twitter:card\" content=\"summary_large_image\" \/>\n<meta name=\"twitter:label1\" content=\"Est. reading time\" \/>\n\t<meta name=\"twitter:data1\" content=\"1 minut\" \/>\n<script type=\"application\/ld+json\" class=\"yoast-schema-graph\">{\"@context\":\"https:\\\/\\\/schema.org\",\"@graph\":[{\"@type\":\"WebPage\",\"@id\":\"https:\\\/\\\/erformance.eu\\\/et\\\/toode\\\/audi-a4-b6-00-04-uzdegimo-ideklas-2-rakteliu-komplektas\\\/\",\"url\":\"https:\\\/\\\/erformance.eu\\\/et\\\/toode\\\/audi-a4-b6-00-04-uzdegimo-ideklas-2-rakteliu-komplektas\\\/\",\"name\":\"Audi A4 B6 00-04 u\u017edegimo \u012fd\u0117klas + 2 rakteli\u0173 komplektas - Erformance.eu\",\"isPartOf\":{\"@id\":\"https:\\\/\\\/erformance.eu\\\/et\\\/#website\"},\"primaryImageOfPage\":{\"@id\":\"https:\\\/\\\/erformance.eu\\\/et\\\/toode\\\/audi-a4-b6-00-04-uzdegimo-ideklas-2-rakteliu-komplektas\\\/#primaryimage\"},\"image\":{\"@id\":\"https:\\\/\\\/erformance.eu\\\/et\\\/toode\\\/audi-a4-b6-00-04-uzdegimo-ideklas-2-rakteliu-komplektas\\\/#primaryimage\"},\"thumbnailUrl\":\"https:\\\/\\\/erformance.eu\\\/wp-content\\\/uploads\\\/2026\\\/02\\\/pol_pm_Audi-A4-B6-00-04-wklad-stacyjki-2-kluczyki-KPL-24741_1.jpg\",\"datePublished\":\"2026-02-16T12:27:04+00:00\",\"dateModified\":\"2026-03-12T11:19:47+00:00\",\"breadcrumb\":{\"@id\":\"https:\\\/\\\/erformance.eu\\\/et\\\/toode\\\/audi-a4-b6-00-04-uzdegimo-ideklas-2-rakteliu-komplektas\\\/#breadcrumb\"},\"inLanguage\":\"et\",\"potentialAction\":[{\"@type\":\"ReadAction\",\"target\":[\"https:\\\/\\\/erformance.eu\\\/et\\\/toode\\\/audi-a4-b6-00-04-uzdegimo-ideklas-2-rakteliu-komplektas\\\/\"]}]},{\"@type\":\"ImageObject\",\"inLanguage\":\"et\",\"@id\":\"https:\\\/\\\/erformance.eu\\\/et\\\/toode\\\/audi-a4-b6-00-04-uzdegimo-ideklas-2-rakteliu-komplektas\\\/#primaryimage\",\"url\":\"https:\\\/\\\/erformance.eu\\\/wp-content\\\/uploads\\\/2026\\\/02\\\/pol_pm_Audi-A4-B6-00-04-wklad-stacyjki-2-kluczyki-KPL-24741_1.jpg\",\"contentUrl\":\"https:\\\/\\\/erformance.eu\\\/wp-content\\\/uploads\\\/2026\\\/02\\\/pol_pm_Audi-A4-B6-00-04-wklad-stacyjki-2-kluczyki-KPL-24741_1.jpg\",\"width\":900,\"height\":900},{\"@type\":\"BreadcrumbList\",\"@id\":\"https:\\\/\\\/erformance.eu\\\/et\\\/toode\\\/audi-a4-b6-00-04-uzdegimo-ideklas-2-rakteliu-komplektas\\\/#breadcrumb\",\"itemListElement\":[{\"@type\":\"ListItem\",\"position\":1,\"name\":\"Home\",\"item\":\"https:\\\/\\\/erformance.eu\\\/et\\\/\"},{\"@type\":\"ListItem\",\"position\":2,\"name\":\"Pood\",\"item\":\"https:\\\/\\\/erformance.eu\\\/et\\\/pood\\\/\"},{\"@type\":\"ListItem\",\"position\":3,\"name\":\"Audi A4 B6 00-04 u\u017edegimo \u012fd\u0117klas + 2 rakteli\u0173 komplektas\"}]},{\"@type\":\"WebSite\",\"@id\":\"https:\\\/\\\/erformance.eu\\\/et\\\/#website\",\"url\":\"https:\\\/\\\/erformance.eu\\\/et\\\/\",\"name\":\"Erformance.eu\",\"description\":\"Automobili\u0173 dali\u0173 parduotuv\u0117\",\"potentialAction\":[{\"@type\":\"SearchAction\",\"target\":{\"@type\":\"EntryPoint\",\"urlTemplate\":\"https:\\\/\\\/erformance.eu\\\/et\\\/?s={search_term_string}\"},\"query-input\":{\"@type\":\"PropertyValueSpecification\",\"valueRequired\":true,\"valueName\":\"search_term_string\"}}],\"inLanguage\":\"et\"}]}<\/script>\n<!-- \/ Yoast SEO Premium plugin. -->","yoast_head_json":{"title":"Audi A4 B6 00-04 u\u017edegimo \u012fd\u0117klas + 2 rakteli\u0173 komplektas - Erformance.eu","robots":{"index":"index","follow":"follow","max-snippet":"max-snippet:-1","max-image-preview":"max-image-preview:large","max-video-preview":"max-video-preview:-1"},"canonical":"https:\/\/erformance.eu\/et\/toode\/audi-a4-b6-00-04-uzdegimo-ideklas-2-rakteliu-komplektas\/","og_locale":"et_EE","og_type":"article","og_title":"Audi A4 B6 00-04 u\u017edegimo \u012fd\u0117klas + 2 rakteli\u0173 komplektas","og_description":"1. Prek\u0117: u\u017edegimo jungiklio \u012fd\u0117klas2. Gamintojas: pakeitimas3. Automobilis:  * Audi A3 8L 2001\u20132003 m.  * Audi A3 8P 03-05  * Audi A4 B6 00-04  * Seat Cordoba II 02-09  * Seat Ibiza III 2002\u20132009 m.  * Seat Ibiza IV 2008\u20132017 m.","og_url":"https:\/\/erformance.eu\/et\/toode\/audi-a4-b6-00-04-uzdegimo-ideklas-2-rakteliu-komplektas\/","og_site_name":"Erformance.eu","article_modified_time":"2026-03-12T11:19:47+00:00","og_image":[{"width":900,"height":900,"url":"https:\/\/erformance.eu\/wp-content\/uploads\/2026\/02\/pol_pm_Audi-A4-B6-00-04-wklad-stacyjki-2-kluczyki-KPL-24741_1.jpg","type":"image\/jpeg"}],"twitter_card":"summary_large_image","twitter_misc":{"Est. reading time":"1 minut"},"schema":{"@context":"https:\/\/schema.org","@graph":[{"@type":"WebPage","@id":"https:\/\/erformance.eu\/et\/toode\/audi-a4-b6-00-04-uzdegimo-ideklas-2-rakteliu-komplektas\/","url":"https:\/\/erformance.eu\/et\/toode\/audi-a4-b6-00-04-uzdegimo-ideklas-2-rakteliu-komplektas\/","name":"Audi A4 B6 00-04 u\u017edegimo \u012fd\u0117klas + 2 rakteli\u0173 komplektas - Erformance.eu","isPartOf":{"@id":"https:\/\/erformance.eu\/et\/#website"},"primaryImageOfPage":{"@id":"https:\/\/erformance.eu\/et\/toode\/audi-a4-b6-00-04-uzdegimo-ideklas-2-rakteliu-komplektas\/#primaryimage"},"image":{"@id":"https:\/\/erformance.eu\/et\/toode\/audi-a4-b6-00-04-uzdegimo-ideklas-2-rakteliu-komplektas\/#primaryimage"},"thumbnailUrl":"https:\/\/erformance.eu\/wp-content\/uploads\/2026\/02\/pol_pm_Audi-A4-B6-00-04-wklad-stacyjki-2-kluczyki-KPL-24741_1.jpg","datePublished":"2026-02-16T12:27:04+00:00","dateModified":"2026-03-12T11:19:47+00:00","breadcrumb":{"@id":"https:\/\/erformance.eu\/et\/toode\/audi-a4-b6-00-04-uzdegimo-ideklas-2-rakteliu-komplektas\/#breadcrumb"},"inLanguage":"et","potentialAction":[{"@type":"ReadAction","target":["https:\/\/erformance.eu\/et\/toode\/audi-a4-b6-00-04-uzdegimo-ideklas-2-rakteliu-komplektas\/"]}]},{"@type":"ImageObject","inLanguage":"et","@id":"https:\/\/erformance.eu\/et\/toode\/audi-a4-b6-00-04-uzdegimo-ideklas-2-rakteliu-komplektas\/#primaryimage","url":"https:\/\/erformance.eu\/wp-content\/uploads\/2026\/02\/pol_pm_Audi-A4-B6-00-04-wklad-stacyjki-2-kluczyki-KPL-24741_1.jpg","contentUrl":"https:\/\/erformance.eu\/wp-content\/uploads\/2026\/02\/pol_pm_Audi-A4-B6-00-04-wklad-stacyjki-2-kluczyki-KPL-24741_1.jpg","width":900,"height":900},{"@type":"BreadcrumbList","@id":"https:\/\/erformance.eu\/et\/toode\/audi-a4-b6-00-04-uzdegimo-ideklas-2-rakteliu-komplektas\/#breadcrumb","itemListElement":[{"@type":"ListItem","position":1,"name":"Home","item":"https:\/\/erformance.eu\/et\/"},{"@type":"ListItem","position":2,"name":"Pood","item":"https:\/\/erformance.eu\/et\/pood\/"},{"@type":"ListItem","position":3,"name":"Audi A4 B6 00-04 u\u017edegimo \u012fd\u0117klas + 2 rakteli\u0173 komplektas"}]},{"@type":"WebSite","@id":"https:\/\/erformance.eu\/et\/#website","url":"https:\/\/erformance.eu\/et\/","name":"Erformance.eu","description":"Automobili\u0173 dali\u0173 parduotuv\u0117","potentialAction":[{"@type":"SearchAction","target":{"@type":"EntryPoint","urlTemplate":"https:\/\/erformance.eu\/et\/?s={search_term_string}"},"query-input":{"@type":"PropertyValueSpecification","valueRequired":true,"valueName":"search_term_string"}}],"inLanguage":"et"}]}},"jetpack_sharing_enabled":true,"_links":{"self":[{"href":"https:\/\/erformance.eu\/et\/wp-json\/wp\/v2\/product\/63734","targetHints":{"allow":["GET"]}}],"collection":[{"href":"https:\/\/erformance.eu\/et\/wp-json\/wp\/v2\/product"}],"about":[{"href":"https:\/\/erformance.eu\/et\/wp-json\/wp\/v2\/types\/product"}],"replies":[{"embeddable":true,"href":"https:\/\/erformance.eu\/et\/wp-json\/wp\/v2\/comments?post=63734"}],"version-history":[{"count":1,"href":"https:\/\/erformance.eu\/et\/wp-json\/wp\/v2\/product\/63734\/revisions"}],"predecessor-version":[{"id":63737,"href":"https:\/\/erformance.eu\/et\/wp-json\/wp\/v2\/product\/63734\/revisions\/63737"}],"wp:featuredmedia":[{"embeddable":true,"href":"https:\/\/erformance.eu\/et\/wp-json\/wp\/v2\/media\/63735"}],"wp:attachment":[{"href":"https:\/\/erformance.eu\/et\/wp-json\/wp\/v2\/media?parent=63734"}],"wp:term":[{"taxonomy":"product_brand","embeddable":true,"href":"https:\/\/erformance.eu\/et\/wp-json\/wp\/v2\/product_brand?post=63734"},{"taxonomy":"product_cat","embeddable":true,"href":"https:\/\/erformance.eu\/et\/wp-json\/wp\/v2\/product_cat?post=63734"},{"taxonomy":"product_tag","embeddable":true,"href":"https:\/\/erformance.eu\/et\/wp-json\/wp\/v2\/product_tag?post=63734"}],"curies":[{"name":"wp","href":"https:\/\/api.w.org\/{rel}","templated":true}]}}