{"id":63942,"date":"2026-02-16T15:28:23","date_gmt":"2026-02-16T12:28:23","guid":{"rendered":"https:\/\/erformance.eu\/?post_type=product&#038;p=63942"},"modified":"2026-03-12T14:05:29","modified_gmt":"2026-03-12T11:05:29","slug":"audi-a4-b5-avant-94-01-galinio-valytuvo-svirtis-sluotele-galinio-lango-apiplovimo-antgalis-2-vnt-komplektas","status":"publish","type":"product","link":"https:\/\/erformance.eu\/et\/toode\/audi-a4-b5-avant-94-01-galinio-valytuvo-svirtis-sluotele-galinio-lango-apiplovimo-antgalis-2-vnt-komplektas\/","title":{"rendered":"Audi A4 B5 Avant 94-01 galinio valytuvo svirtis + \u0161luotel\u0117 + galinio lango apiplovimo antgalis, 2 vnt. komplektas"},"content":{"rendered":"<p>Prek\u0117: RINKINYS, kur\u012f sudaro:<\/p>\n<p>galinio valytuvo svirtis ir \u0161luotel\u0117 (345 mm)<br \/>\ngalinio lango apiplovimo antgalis<\/p>\n<p>Purk\u0161tuko OE numeris: 3B9955985A<br \/>\nPASTABA: auk\u0161\u010diau pateikti numeriai yra original\u016bs dali\u0173 numeriai, kuriuos \u0161is pasi\u016blymas pakei\u010dia. Prie\u0161 pirkdami, palyginkite juos su originaliu dalies numeriu. Jei jie skiriasi net vienu simboliu, dalis netiks, neveiks arba veiks netinkamai. Tokiu atveju jos nepirkite.<br \/>\nAutomobilis:<br \/>\nAudi A3 (8L1), gamybos metai: 1996\u20132003<\/p>\n<p>Audi A3 (8L1) 1.6 (AEH AKL APF) 1595ccm 101KM\/74kW 1996\/09-2003\/05<br \/>\nAudi A3 (8L1) 1.6 (AVU BFQ) 1595ccm 102KM\/75kW 2000\/08-2003\/05<br \/>\nAudi A3 (8L1) 1.8 (AGN APG) 1781ccm 125KM\/92kW 1996\/09-2003\/05<br \/>\nAudi A3 (8L1) 1.8 T (AGU AQA ARZ AUM) 1781 cm\u00b3 (150 km\/110 kW) 1996-12-2003<br \/>\nAudi A3 (8L1) 1.8 T (AJQ APP ARY AUQ) 1781ccm 180KM\/132kW 1998\/12-2003\/05<br \/>\nAudi A3 (8L1) 1.8 T quattro (AGU AQA ARX) 1781 cm\u00b3 (150 km\/110 kW) 1996-12-2003<br \/>\nAudi A3 (8L1) 1.8 T quattro (AJQ ARY) 1781 cm\u00b3 (180 km\/132 kW) 1998-10 &#8211; 2003-05<br \/>\nAudi A3 (8L1) 1.9 TDI (AGR ALH) 1896ccm 90KM\/66kW 1996\/09-2001\/07<br \/>\nAudi A3 (8L1) 1.9 TDI (AHF ASV) 1896ccm 110KM\/81kW 1997\/08-2001\/07<br \/>\nAudi A3 (8L1) 1.9 TDI (ASZ) 1896ccm 130KM\/96kW 2000\/08-2003\/05<br \/>\nAudi A3 (8L1) 1.9 TDI (ATD AXR) 1896ccm 100km\/74kW 2000\/10-2003\/05<br \/>\nAudi A3 (8L1) 1.9 TDI quattro (ASZ) 1896ccm 130KM\/96kW 2000\/08-2003\/05<br \/>\nAudi A3 (8L1) S3 quattro (AMK APY AUL) 1781ccm 210KM\/154kW 1999\/03-2002\/04<br \/>\nAudi A3 (8L1) S3 quattro (BAM) 1781ccm 224km\/165kW 2001\/10-2003\/05<\/p>\n<p>Audi A4 Avant (8D5, B5), pagaminimo metai: 1994\u20132001<\/p>\n<p>Audi A4 Avant (8D5, B5) 1.6 (ADP AHL ANA ARM) 1595ccm 100km\/74kW 1994\/11-2001\/09<br \/>\nAudi A4 Avant (8D5, B5) 1.6 (ALZ) 1595ccm 102KM\/75kW 2000\/07-2001\/09<br \/>\nAudi A4 Avant (8D5, B5) 1.8 (ADR APT ARG AVV) 1781ccm 125kM\/92kW 1996\/02-2001\/09<br \/>\nAudi A4 Avant (8D5, B5) 1.8 T (AEB ANB APU ARK AWT) 1781 cm3 (150 km\/110 kW) 1996-03-2001-09<br \/>\nAudi A4 Avant (8D5, B5) 1.8 T (AJL) 1781 cm\u00b3 (180 km\/132 kW) 1997-12-2001<br \/>\nAudi A4 Avant (8D5, B5) 1.8 T quattro (AEB ANB APU ARK ATW AWT) 1781 cm3 (150 km\/110 kW) 1996-01-2001-09<br \/>\nAudi A4 Avant (8D5, B5) 1.8 T quattro (AJL) 1781 cm\u00b3 (180 km\/132 kW) 1997-12-2001<br \/>\nAudi A4 Avant (8D5, B5) 1.8 quattro (ADR APT ARG) 1781 cm3 (125 km\/92 kW) 1996-01-2001-09<br \/>\nAudi A4 Avant (8D5, B5) 1.9 DUO (AHU) 1896ccm 90KM\/66kW 1998\/03-2001\/09<br \/>\nAudi A4 Avant (8D5, B5) 1.9 TDI (1Z AHH AHU) 1896ccm 90KM\/66kW 1996\/02-2001\/09<br \/>\nAudi A4 Avant (8D5, B5) 1.9 TDI (AFF) 1896ccm 75KM\/55kW 1996\/03-2001\/09<br \/>\nAudi A4 Avant (8D5, B5) 1.9 TDI (AFN AVG) 1896ccm 110KM\/81kW 1996\/02-2001\/09<br \/>\nAudi A4 Avant (8D5, B5) 1.9 TDI (AJM ATJ) 1896ccm 115KM\/85kW 2000\/03-2001\/09<br \/>\nAudi A4 Avant (8D5, B5) 1.9 TDI quattro (AFN AVG) 1896ccm 110KM\/81kW 1996\/09-2001\/09<br \/>\nAudi A4 Avant (8D5, B5) 1.9 TDI quattro (ATJ) 1896ccm 115KM\/85kW 2000\/03-2001\/09<br \/>\nAudi A4 Avant (8D5, B5) 2.4 (AGA ALF AML APS ARJ) 2393ccm 165KM\/121kW 1997\/03-2001\/09<br \/>\nAudi A4 Avant (8D5, B5) 2.4 (AJG AMM APZ) 2393ccm 163KM\/120kW 1997\/08-2001\/09<br \/>\nAudi A4 Avant (8D5, B5) 2.4 quattro (AGA ALF AML APS ARJ) 2393ccm 165KM\/121kW 1997\/03-2001\/09<br \/>\nAudi A4 Avant (8D5, B5) 2.4 quattro (AJG APZ) 2393ccm 163KM\/120kW 1997\/08-2001\/09<br \/>\nAudi A4 Avant (8D5, B5) 2.5 TDI (AFB AKN) 2496ccm 150KM\/110kW 1997\/09-2001\/09<br \/>\nAudi A4 Avant (8D5, B5) 2.5 TDI quattro (AFB AKN) 2496ccm 150KM\/110kW 1997\/09-2001\/09<br \/>\nAudi A4 Avant (8D5, B5) 2.6 (ABC) 2598ccm 150KM\/110kW 1996\/02-2001\/09<br \/>\nAudi A4 Avant (8D5, B5) 2.6 quattro (ABC) 2598ccm 150KM\/110kW 1996\/01-2001\/09<br \/>\nAudi A4 Avant (8D5, B5) 2.8 (AAH) 2771ccm 174KM\/128kW 1996\/03-1996\/09<br \/>\nAudi A4 Avant (8D5, B5) 2.8 (ACK AHA ALG APR AQD) 2771ccm 193KM\/142kW 1996\/10-2001\/09<br \/>\nAudi A4 Avant (8D5, B5) 2.8 quattro (AAH) 2771ccm 174KM\/128kW 1996\/01-1996\/09<br \/>\nAudi A4 Avant (8D5, B5) 2.8 quattro (ACK AHA ALG AMX APR AQD ATQ) 2771ccm 193KM\/142kW 1996\/10-2001\/09<br \/>\nAudi A4 Avant (8D5, B5) RS4 quattro (ASJ AZR) 2671ccm 380KM\/280kW 2000\/05-2001\/09<br \/>\nAudi A4 Avant (8D5, B5) S4 quattro (AGB AZB) 2671ccm 265KM\/195kW 1997\/09-2001\/09<\/p>\n<p>Audi A6 Avant (4B5, C5), rok produkcji: 1997-2005<\/p>\n<p>Audi A6 Avant (4B5, C5) 1.8 (AJP AQE ARH) 1781ccm 125KM\/92kW 1997\/12-2005\/01<br \/>\nAudi A6 Avant (4B5, C5) 1.8 T (AEB ANB APU ARK AWT) 1781ccm 150KM\/110kW 1997\/12-2005\/01<br \/>\nAudi A6 Avant (4B5, C5) 1.8 T (AJL) 1781ccm 180KM\/132kW 1999\/04-2005\/01<br \/>\nAudi A6 Avant (4B5, C5) 1.8 T quattro (AEB ANB APU ARK AWT) 1781ccm 150KM\/110kW 1997\/12-2005\/01<br \/>\nAudi A6 Avant (4B5, C5) 1.8 T quattro (AJL) 1781ccm 180KM\/132kW 1997\/12-2005\/01<br \/>\nAudi A6 Avant (4B5, C5) 1.9 TDI (AFN AVG) 1896ccm 110KM\/81kW 1998\/02-2001\/04<br \/>\nAudi A6 Avant (4B5, C5) 1.9 TDI (AJM) 1896ccm 115KM\/85kW 2000\/07-2005\/01<br \/>\nAudi A6 Avant (4B5, C5) 1.9 TDI (AVF AWX) 1896ccm 130KM\/96kW 2001\/08-2005\/01<br \/>\nAudi A6 Avant (4B5, C5) 2.0 (ALT) 1984ccm 130KM\/96kW 2001\/08-2005\/01<br \/>\nAudi A6 Avant (4B5, C5) 2.4 (AGA ALF AML APS ARJ) 2393ccm 165KM\/121kW 1997\/12-2005\/01<br \/>\nAudi A6 Avant (4B5, C5) 2.4 (AJG AMM APZ) 2393ccm 163KM\/120kW 1997\/12-2005\/01<br \/>\nAudi A6 Avant (4B5, C5) 2.4 (ALW ARN ASM) 2393ccm 136KM\/100kW 1998\/07-2005\/01<br \/>\nAudi A6 Avant (4B5, C5) 2.4 (APC) 2393ccm 156KM\/115kW 1997\/12-2005\/01<br \/>\nAudi A6 Avant (4B5, C5) 2.4 (BDV) 2393ccm 170KM\/125kW 2001\/08-2005\/01<br \/>\nAudi A6 Avant (4B5, C5) 2.4 quattro (AGA ALF AML APS ARJ) 2393ccm 165KM\/121kW 1997\/12-2005\/01<br \/>\nAudi A6 Avant (4B5, C5) 2.4 quattro (AJG APZ) 2393ccm 163KM\/120kW 1997\/12-2005\/01<br \/>\nAudi A6 Avant (4B5, C5) 2.4 quattro (APC) 2393ccm 156KM\/115kW 1998\/08-2001\/05<br \/>\nAudi A6 Avant (4B5, C5) 2.4 quattro (BDV) 2393ccm 170KM\/125kW 2001\/08-2005\/01<br \/>\nAudi A6 Avant (4B5, C5) 2.5 TDI (AFB AKN) 2496ccm 150KM\/110kW 1997\/12-2005\/01<br \/>\nAudi A6 Avant (4B5, C5) 2.5 TDI (AKE BAU BDH) 2496ccm 180KM\/132kW 2000\/02-2005\/01<br \/>\nAudi A6 Avant (4B5, C5) 2.5 TDI (AYM) 2496ccm 155KM\/114kW 2001\/08-2005\/01<br \/>\nAudi A6 Avant (4B5, C5) 2.5 TDI (BCZ BDG BFC) 2496ccm 163KM\/120kW 2002\/07-2005\/01<br \/>\nAudi A6 Avant (4B5, C5) 2.5 TDI quattro (AFB AKN) 2496ccm 150KM\/110kW 1997\/12-2005\/01<br \/>\nAudi A6 Avant (4B5, C5) 2.5 TDI quattro (AKE BAU BDH) 2496ccm 180KM\/132kW 2000\/02-2005\/01<br \/>\nAudi A6 Avant (4B5, C5) 2.7 T (AJK) 2671ccm 230KM\/169kW 1999\/02-2005\/01<br \/>\nAudi A6 Avant (4B5, C5) 2.7 T quattro (AJK AZA) 2671ccm 230KM\/169kW 1997\/12-2005\/01<br \/>\nAudi A6 Avant (4B5, C5) 2.7 T quattro (ARE BES) 2671ccm 250KM\/184kW 2001\/08-2005\/01<br \/>\nAudi A6 Avant (4B5, C5) 2.8 (ACK ALG AMX APR AQD) 2771ccm 193kM\/142kW 1997\/12-2005\/01<br \/>\nAudi A6 Avant (4B5, C5) 2.8 (AGE) 2771ccm 180KM\/132kW 1997\/12-2000\/05<br \/>\nAudi A6 Avant (4B5, C5) 2.8 (ATX) 2771ccm 190KM\/140kW 1999\/07-2005\/01<br \/>\nAudi A6 Avant (4B5, C5) 2.8 quattro (ACK ALG AMX APR AQD ATQ) 2771ccm 193KM\/142kW 1997\/12-2005\/01<br \/>\nAudi A6 Avant (4B5, C5) 3.0 (ASN) 2976ccm 220KM\/162kW 2001\/08-2005\/01<br \/>\nAudi A6 Avant (4B5, C5) 3.0 quattro (CB5) 2976 cm\u00b3 (220 km\/162 kW) 2001-08-2005<br \/>\nAudi A6 Avant (4B5, C5) 3.7 (AQG) 3697ccm 260KM\/191kW 1999\/03-2005\/01<br \/>\nAudi A6 Avant (4B5, C5) 3.7 quattro (AQG) 3697ccm 260km\/191kW 1999\/03-2005\/01<br \/>\nAudi A6 Avant (4B5, C5) 4.2 quattro (ARS ASG) 4172ccm 299KM\/220kW 1998\/11-2005\/01<br \/>\nAudi A6 Avant (4B5, C5) RS6 plus quattro (BRV) 4172ccm 480KM\/353kW 2004\/04-2005\/01<br \/>\nAudi A6 Avant (4B5, C5) RS6 quattro (BCY) 4172ccm 450KM\/331kW 2002\/07-2005\/01<br \/>\nAudi A6 Avant (4B5, C5) S6 quattro (ANK AQJ BBD) 4172ccm 340KM\/250kW 1999\/09-2005\/01<\/p>\n<p>Gamintojas: pakaitalas<br \/>\nTechnin\u0117 b\u016bkl\u0117: prek\u0117 yra visi\u0161kai nauja, nenaudota, nepa\u017eeista ir nesugadinta<\/p>\n","protected":false},"excerpt":{"rendered":"<p>1. Prek\u0117: rinkinys, kur\u012f sudaro:     * galinio valytuvo svirtis + \u0161luotel\u0117     * galinio lango apiplovimo antgalis2. Automobilis:     * Audi A3 8L 96-03     * Audi A4 B5 Avant 94-01     * Audi A6 C5 Avant 97-05<\/p>\n","protected":false},"featured_media":63943,"comment_status":"open","ping_status":"closed","template":"","meta":[],"product_brand":[],"product_cat":[390,144,3908,3948,4348],"product_tag":[],"class_list":{"0":"post-63942","1":"product","2":"type-product","3":"status-publish","4":"has-post-thumbnail","6":"product_cat-audi-a4","7":"product_cat-audi","8":"product_cat-audi-a4-b5","9":"product_cat-audi-a4-b5-isores-dalys","10":"product_cat-audi-a4-b5-mechanizmai-valytuvai","12":"first","13":"instock","14":"shipping-taxable","15":"purchasable","16":"product-type-simple"},"yoast_head":"<!-- This site is optimized with the Yoast SEO Premium plugin v25.2 (Yoast SEO v27.5) - https:\/\/yoast.com\/product\/yoast-seo-premium-wordpress\/ -->\n<title>Audi A4 B5 Avant 94-01 galinio valytuvo svirtis + \u0161luotel\u0117 + galinio lango apiplovimo antgalis, 2 vnt. komplektas - Erformance.eu<\/title>\n<meta name=\"robots\" content=\"index, follow, max-snippet:-1, max-image-preview:large, max-video-preview:-1\" \/>\n<link rel=\"canonical\" href=\"https:\/\/erformance.eu\/et\/toode\/audi-a4-b5-avant-94-01-galinio-valytuvo-svirtis-sluotele-galinio-lango-apiplovimo-antgalis-2-vnt-komplektas\/\" \/>\n<meta property=\"og:locale\" content=\"et_EE\" \/>\n<meta property=\"og:type\" content=\"article\" \/>\n<meta property=\"og:title\" content=\"Audi A4 B5 Avant 94-01 galinio valytuvo svirtis + \u0161luotel\u0117 + galinio lango apiplovimo antgalis, 2 vnt. komplektas\" \/>\n<meta property=\"og:description\" content=\"1. Prek\u0117: rinkinys, kur\u012f sudaro:   * galinio valytuvo svirtis + \u0161luotel\u0117   * galinio lango apiplovimo antgalis2. Automobilis:   * Audi A3 8L 96-03   * Audi A4 B5 Avant 94-01   * Audi A6 C5 Avant 97-05\" \/>\n<meta property=\"og:url\" content=\"https:\/\/erformance.eu\/et\/toode\/audi-a4-b5-avant-94-01-galinio-valytuvo-svirtis-sluotele-galinio-lango-apiplovimo-antgalis-2-vnt-komplektas\/\" \/>\n<meta property=\"og:site_name\" content=\"Erformance.eu\" \/>\n<meta property=\"article:modified_time\" content=\"2026-03-12T11:05:29+00:00\" \/>\n<meta property=\"og:image\" content=\"https:\/\/erformance.eu\/wp-content\/uploads\/2026\/02\/pol_pm_Audi-A4-B5-Avant-94-01-wycieraczka-tylna-ramie-pioro-dysza-spryskiwacza-tylnej-szyby-2-szt-KPL-22948_1.jpg\" \/>\n\t<meta property=\"og:image:width\" content=\"1200\" \/>\n\t<meta property=\"og:image:height\" content=\"900\" \/>\n\t<meta property=\"og:image:type\" content=\"image\/jpeg\" \/>\n<meta name=\"twitter:card\" content=\"summary_large_image\" \/>\n<meta name=\"twitter:label1\" content=\"Est. reading time\" \/>\n\t<meta name=\"twitter:data1\" content=\"5 minutit\" \/>\n<script type=\"application\/ld+json\" class=\"yoast-schema-graph\">{\"@context\":\"https:\\\/\\\/schema.org\",\"@graph\":[{\"@type\":\"WebPage\",\"@id\":\"https:\\\/\\\/erformance.eu\\\/et\\\/toode\\\/audi-a4-b5-avant-94-01-galinio-valytuvo-svirtis-sluotele-galinio-lango-apiplovimo-antgalis-2-vnt-komplektas\\\/\",\"url\":\"https:\\\/\\\/erformance.eu\\\/et\\\/toode\\\/audi-a4-b5-avant-94-01-galinio-valytuvo-svirtis-sluotele-galinio-lango-apiplovimo-antgalis-2-vnt-komplektas\\\/\",\"name\":\"Audi A4 B5 Avant 94-01 galinio valytuvo svirtis + \u0161luotel\u0117 + galinio lango apiplovimo antgalis, 2 vnt. komplektas - Erformance.eu\",\"isPartOf\":{\"@id\":\"https:\\\/\\\/erformance.eu\\\/et\\\/#website\"},\"primaryImageOfPage\":{\"@id\":\"https:\\\/\\\/erformance.eu\\\/et\\\/toode\\\/audi-a4-b5-avant-94-01-galinio-valytuvo-svirtis-sluotele-galinio-lango-apiplovimo-antgalis-2-vnt-komplektas\\\/#primaryimage\"},\"image\":{\"@id\":\"https:\\\/\\\/erformance.eu\\\/et\\\/toode\\\/audi-a4-b5-avant-94-01-galinio-valytuvo-svirtis-sluotele-galinio-lango-apiplovimo-antgalis-2-vnt-komplektas\\\/#primaryimage\"},\"thumbnailUrl\":\"https:\\\/\\\/erformance.eu\\\/wp-content\\\/uploads\\\/2026\\\/02\\\/pol_pm_Audi-A4-B5-Avant-94-01-wycieraczka-tylna-ramie-pioro-dysza-spryskiwacza-tylnej-szyby-2-szt-KPL-22948_1.jpg\",\"datePublished\":\"2026-02-16T12:28:23+00:00\",\"dateModified\":\"2026-03-12T11:05:29+00:00\",\"breadcrumb\":{\"@id\":\"https:\\\/\\\/erformance.eu\\\/et\\\/toode\\\/audi-a4-b5-avant-94-01-galinio-valytuvo-svirtis-sluotele-galinio-lango-apiplovimo-antgalis-2-vnt-komplektas\\\/#breadcrumb\"},\"inLanguage\":\"et\",\"potentialAction\":[{\"@type\":\"ReadAction\",\"target\":[\"https:\\\/\\\/erformance.eu\\\/et\\\/toode\\\/audi-a4-b5-avant-94-01-galinio-valytuvo-svirtis-sluotele-galinio-lango-apiplovimo-antgalis-2-vnt-komplektas\\\/\"]}]},{\"@type\":\"ImageObject\",\"inLanguage\":\"et\",\"@id\":\"https:\\\/\\\/erformance.eu\\\/et\\\/toode\\\/audi-a4-b5-avant-94-01-galinio-valytuvo-svirtis-sluotele-galinio-lango-apiplovimo-antgalis-2-vnt-komplektas\\\/#primaryimage\",\"url\":\"https:\\\/\\\/erformance.eu\\\/wp-content\\\/uploads\\\/2026\\\/02\\\/pol_pm_Audi-A4-B5-Avant-94-01-wycieraczka-tylna-ramie-pioro-dysza-spryskiwacza-tylnej-szyby-2-szt-KPL-22948_1.jpg\",\"contentUrl\":\"https:\\\/\\\/erformance.eu\\\/wp-content\\\/uploads\\\/2026\\\/02\\\/pol_pm_Audi-A4-B5-Avant-94-01-wycieraczka-tylna-ramie-pioro-dysza-spryskiwacza-tylnej-szyby-2-szt-KPL-22948_1.jpg\",\"width\":1200,\"height\":900},{\"@type\":\"BreadcrumbList\",\"@id\":\"https:\\\/\\\/erformance.eu\\\/et\\\/toode\\\/audi-a4-b5-avant-94-01-galinio-valytuvo-svirtis-sluotele-galinio-lango-apiplovimo-antgalis-2-vnt-komplektas\\\/#breadcrumb\",\"itemListElement\":[{\"@type\":\"ListItem\",\"position\":1,\"name\":\"Home\",\"item\":\"https:\\\/\\\/erformance.eu\\\/et\\\/\"},{\"@type\":\"ListItem\",\"position\":2,\"name\":\"Pood\",\"item\":\"https:\\\/\\\/erformance.eu\\\/et\\\/pood\\\/\"},{\"@type\":\"ListItem\",\"position\":3,\"name\":\"Audi A4 B5 Avant 94-01 galinio valytuvo svirtis + \u0161luotel\u0117 + galinio lango apiplovimo antgalis, 2 vnt. komplektas\"}]},{\"@type\":\"WebSite\",\"@id\":\"https:\\\/\\\/erformance.eu\\\/et\\\/#website\",\"url\":\"https:\\\/\\\/erformance.eu\\\/et\\\/\",\"name\":\"Erformance.eu\",\"description\":\"Automobili\u0173 dali\u0173 parduotuv\u0117\",\"potentialAction\":[{\"@type\":\"SearchAction\",\"target\":{\"@type\":\"EntryPoint\",\"urlTemplate\":\"https:\\\/\\\/erformance.eu\\\/et\\\/?s={search_term_string}\"},\"query-input\":{\"@type\":\"PropertyValueSpecification\",\"valueRequired\":true,\"valueName\":\"search_term_string\"}}],\"inLanguage\":\"et\"}]}<\/script>\n<!-- \/ Yoast SEO Premium plugin. -->","yoast_head_json":{"title":"Audi A4 B5 Avant 94-01 galinio valytuvo svirtis + \u0161luotel\u0117 + galinio lango apiplovimo antgalis, 2 vnt. komplektas - Erformance.eu","robots":{"index":"index","follow":"follow","max-snippet":"max-snippet:-1","max-image-preview":"max-image-preview:large","max-video-preview":"max-video-preview:-1"},"canonical":"https:\/\/erformance.eu\/et\/toode\/audi-a4-b5-avant-94-01-galinio-valytuvo-svirtis-sluotele-galinio-lango-apiplovimo-antgalis-2-vnt-komplektas\/","og_locale":"et_EE","og_type":"article","og_title":"Audi A4 B5 Avant 94-01 galinio valytuvo svirtis + \u0161luotel\u0117 + galinio lango apiplovimo antgalis, 2 vnt. komplektas","og_description":"1. Prek\u0117: rinkinys, kur\u012f sudaro:   * galinio valytuvo svirtis + \u0161luotel\u0117   * galinio lango apiplovimo antgalis2. Automobilis:   * Audi A3 8L 96-03   * Audi A4 B5 Avant 94-01   * Audi A6 C5 Avant 97-05","og_url":"https:\/\/erformance.eu\/et\/toode\/audi-a4-b5-avant-94-01-galinio-valytuvo-svirtis-sluotele-galinio-lango-apiplovimo-antgalis-2-vnt-komplektas\/","og_site_name":"Erformance.eu","article_modified_time":"2026-03-12T11:05:29+00:00","og_image":[{"width":1200,"height":900,"url":"https:\/\/erformance.eu\/wp-content\/uploads\/2026\/02\/pol_pm_Audi-A4-B5-Avant-94-01-wycieraczka-tylna-ramie-pioro-dysza-spryskiwacza-tylnej-szyby-2-szt-KPL-22948_1.jpg","type":"image\/jpeg"}],"twitter_card":"summary_large_image","twitter_misc":{"Est. reading time":"5 minutit"},"schema":{"@context":"https:\/\/schema.org","@graph":[{"@type":"WebPage","@id":"https:\/\/erformance.eu\/et\/toode\/audi-a4-b5-avant-94-01-galinio-valytuvo-svirtis-sluotele-galinio-lango-apiplovimo-antgalis-2-vnt-komplektas\/","url":"https:\/\/erformance.eu\/et\/toode\/audi-a4-b5-avant-94-01-galinio-valytuvo-svirtis-sluotele-galinio-lango-apiplovimo-antgalis-2-vnt-komplektas\/","name":"Audi A4 B5 Avant 94-01 galinio valytuvo svirtis + \u0161luotel\u0117 + galinio lango apiplovimo antgalis, 2 vnt. komplektas - Erformance.eu","isPartOf":{"@id":"https:\/\/erformance.eu\/et\/#website"},"primaryImageOfPage":{"@id":"https:\/\/erformance.eu\/et\/toode\/audi-a4-b5-avant-94-01-galinio-valytuvo-svirtis-sluotele-galinio-lango-apiplovimo-antgalis-2-vnt-komplektas\/#primaryimage"},"image":{"@id":"https:\/\/erformance.eu\/et\/toode\/audi-a4-b5-avant-94-01-galinio-valytuvo-svirtis-sluotele-galinio-lango-apiplovimo-antgalis-2-vnt-komplektas\/#primaryimage"},"thumbnailUrl":"https:\/\/erformance.eu\/wp-content\/uploads\/2026\/02\/pol_pm_Audi-A4-B5-Avant-94-01-wycieraczka-tylna-ramie-pioro-dysza-spryskiwacza-tylnej-szyby-2-szt-KPL-22948_1.jpg","datePublished":"2026-02-16T12:28:23+00:00","dateModified":"2026-03-12T11:05:29+00:00","breadcrumb":{"@id":"https:\/\/erformance.eu\/et\/toode\/audi-a4-b5-avant-94-01-galinio-valytuvo-svirtis-sluotele-galinio-lango-apiplovimo-antgalis-2-vnt-komplektas\/#breadcrumb"},"inLanguage":"et","potentialAction":[{"@type":"ReadAction","target":["https:\/\/erformance.eu\/et\/toode\/audi-a4-b5-avant-94-01-galinio-valytuvo-svirtis-sluotele-galinio-lango-apiplovimo-antgalis-2-vnt-komplektas\/"]}]},{"@type":"ImageObject","inLanguage":"et","@id":"https:\/\/erformance.eu\/et\/toode\/audi-a4-b5-avant-94-01-galinio-valytuvo-svirtis-sluotele-galinio-lango-apiplovimo-antgalis-2-vnt-komplektas\/#primaryimage","url":"https:\/\/erformance.eu\/wp-content\/uploads\/2026\/02\/pol_pm_Audi-A4-B5-Avant-94-01-wycieraczka-tylna-ramie-pioro-dysza-spryskiwacza-tylnej-szyby-2-szt-KPL-22948_1.jpg","contentUrl":"https:\/\/erformance.eu\/wp-content\/uploads\/2026\/02\/pol_pm_Audi-A4-B5-Avant-94-01-wycieraczka-tylna-ramie-pioro-dysza-spryskiwacza-tylnej-szyby-2-szt-KPL-22948_1.jpg","width":1200,"height":900},{"@type":"BreadcrumbList","@id":"https:\/\/erformance.eu\/et\/toode\/audi-a4-b5-avant-94-01-galinio-valytuvo-svirtis-sluotele-galinio-lango-apiplovimo-antgalis-2-vnt-komplektas\/#breadcrumb","itemListElement":[{"@type":"ListItem","position":1,"name":"Home","item":"https:\/\/erformance.eu\/et\/"},{"@type":"ListItem","position":2,"name":"Pood","item":"https:\/\/erformance.eu\/et\/pood\/"},{"@type":"ListItem","position":3,"name":"Audi A4 B5 Avant 94-01 galinio valytuvo svirtis + \u0161luotel\u0117 + galinio lango apiplovimo antgalis, 2 vnt. komplektas"}]},{"@type":"WebSite","@id":"https:\/\/erformance.eu\/et\/#website","url":"https:\/\/erformance.eu\/et\/","name":"Erformance.eu","description":"Automobili\u0173 dali\u0173 parduotuv\u0117","potentialAction":[{"@type":"SearchAction","target":{"@type":"EntryPoint","urlTemplate":"https:\/\/erformance.eu\/et\/?s={search_term_string}"},"query-input":{"@type":"PropertyValueSpecification","valueRequired":true,"valueName":"search_term_string"}}],"inLanguage":"et"}]}},"jetpack_sharing_enabled":true,"_links":{"self":[{"href":"https:\/\/erformance.eu\/et\/wp-json\/wp\/v2\/product\/63942","targetHints":{"allow":["GET"]}}],"collection":[{"href":"https:\/\/erformance.eu\/et\/wp-json\/wp\/v2\/product"}],"about":[{"href":"https:\/\/erformance.eu\/et\/wp-json\/wp\/v2\/types\/product"}],"replies":[{"embeddable":true,"href":"https:\/\/erformance.eu\/et\/wp-json\/wp\/v2\/comments?post=63942"}],"version-history":[{"count":1,"href":"https:\/\/erformance.eu\/et\/wp-json\/wp\/v2\/product\/63942\/revisions"}],"predecessor-version":[{"id":63953,"href":"https:\/\/erformance.eu\/et\/wp-json\/wp\/v2\/product\/63942\/revisions\/63953"}],"wp:featuredmedia":[{"embeddable":true,"href":"https:\/\/erformance.eu\/et\/wp-json\/wp\/v2\/media\/63943"}],"wp:attachment":[{"href":"https:\/\/erformance.eu\/et\/wp-json\/wp\/v2\/media?parent=63942"}],"wp:term":[{"taxonomy":"product_brand","embeddable":true,"href":"https:\/\/erformance.eu\/et\/wp-json\/wp\/v2\/product_brand?post=63942"},{"taxonomy":"product_cat","embeddable":true,"href":"https:\/\/erformance.eu\/et\/wp-json\/wp\/v2\/product_cat?post=63942"},{"taxonomy":"product_tag","embeddable":true,"href":"https:\/\/erformance.eu\/et\/wp-json\/wp\/v2\/product_tag?post=63942"}],"curies":[{"name":"wp","href":"https:\/\/api.w.org\/{rel}","templated":true}]}}