{"id":63993,"date":"2026-02-16T15:28:43","date_gmt":"2026-02-16T12:28:43","guid":{"rendered":"https:\/\/erformance.eu\/?post_type=product&#038;p=63993"},"modified":"2026-03-12T13:30:54","modified_gmt":"2026-03-12T10:30:54","slug":"audi-a5-8t-08-10-led-posukio-signalas-desiniajame-veidrodelyje-2","status":"publish","type":"product","link":"https:\/\/erformance.eu\/et\/toode\/audi-a5-8t-08-10-led-posukio-signalas-desiniajame-veidrodelyje-2\/","title":{"rendered":"Audi A5 8T 08-10 LED pos\u016bkio signalas de\u0161iniajame veidrod\u0117lyje"},"content":{"rendered":"<p>Prek\u0117: Veidrod\u0117lio pos\u016bkio \u017eibintas<br \/>\nPus\u0117: De\u0161in\u0117 (keleivio pus\u0117)<br \/>\nAutomobilis:<\/p>\n<p>Audi A3 8P<br \/>\nAudi A4 B8<br \/>\nAudi A5 8T<br \/>\nAudi A6 C6<\/p>\n<p>Pagaminimo metai: 2008\u20132010<br \/>\nLemput\u0117: \u0161viesos diodai (\u012fmontuoti \u012f pos\u016bkio \u017eibint\u0105)<br \/>\nGamintojas: pakaitalas<br \/>\nTechnin\u0117 b\u016bkl\u0117: prek\u0117 yra visi\u0161kai nauja, nenaudota, nepa\u017eeista ir nesugadintaD\u0117mesio!<\/p>\n<p>Prie\u0161 pirkdami pos\u016bkio signal\u0105, palyginkite jo form\u0105 su senuoju (ypa\u010d i\u0161 vidaus) \u2013 nes j\u0173 buvo 2 tipai<br \/>\nPasi\u016blyme esantis pos\u016bkio signalas yra B8 versijoje \u2013 jis tinka tik tuo atveju, jei yra \u012fmontuotas \u012f veidrod\u0117lio dangtel\u012f \/ dangtel\u012f<br \/>\nJei j\u016bs\u0173 modelyje indikatorius yra \u012fmontuotas po veidrod\u0117lio dangteliu ( B8.5 versija ) \u2013 \u0161io pasi\u016blymo indikatorius netiks.<\/p>\n","protected":false},"excerpt":{"rendered":"<p>1. Prek\u0117: LED pos\u016bkio signalas veidrodyje2. Pus\u0117: de\u0161in\u01173. Gamintojas: pakeitimas4. Automobilis:     * Audi A3 8P     * Audi A4 B8     * Audi A5 8T     * Audi A6 C65. Pagaminimo metai: 2008\u20132010<\/p>\n","protected":false},"featured_media":51096,"comment_status":"open","ping_status":"closed","template":"","meta":[],"product_brand":[],"product_cat":[391,144,3913,3953,4314,4275],"product_tag":[],"class_list":{"0":"post-63993","1":"product","2":"type-product","3":"status-publish","4":"has-post-thumbnail","6":"product_cat-audi-a5","7":"product_cat-audi","8":"product_cat-audi-a5-b8-8t","9":"product_cat-audi-a5-b8-8t-isores-dalys","10":"product_cat-audi-a5-b8-8t-veidrodeliai","11":"product_cat-audi-a5-b8-8t-zibintai-apsvietimas","13":"first","14":"instock","15":"shipping-taxable","16":"purchasable","17":"product-type-simple"},"yoast_head":"<!-- This site is optimized with the Yoast SEO Premium plugin v25.2 (Yoast SEO v27.6) - https:\/\/yoast.com\/product\/yoast-seo-premium-wordpress\/ -->\n<title>Audi A5 8T 08-10 LED pos\u016bkio signalas de\u0161iniajame veidrod\u0117lyje - Erformance.eu<\/title>\n<meta name=\"robots\" content=\"index, follow, max-snippet:-1, max-image-preview:large, max-video-preview:-1\" \/>\n<link rel=\"canonical\" href=\"https:\/\/erformance.eu\/et\/toode\/audi-a5-8t-08-10-led-posukio-signalas-desiniajame-veidrodelyje-2\/\" \/>\n<meta property=\"og:locale\" content=\"et_EE\" \/>\n<meta property=\"og:type\" content=\"article\" \/>\n<meta property=\"og:title\" content=\"Audi A5 8T 08-10 LED pos\u016bkio signalas de\u0161iniajame veidrod\u0117lyje\" \/>\n<meta property=\"og:description\" content=\"1. Prek\u0117: LED pos\u016bkio signalas veidrodyje2. Pus\u0117: de\u0161in\u01173. Gamintojas: pakeitimas4. Automobilis:   * Audi A3 8P   * Audi A4 B8   * Audi A5 8T   * Audi A6 C65. Pagaminimo metai: 2008\u20132010\" \/>\n<meta property=\"og:url\" content=\"https:\/\/erformance.eu\/et\/toode\/audi-a5-8t-08-10-led-posukio-signalas-desiniajame-veidrodelyje-2\/\" \/>\n<meta property=\"og:site_name\" content=\"Erformance.eu\" \/>\n<meta property=\"article:modified_time\" content=\"2026-03-12T10:30:54+00:00\" \/>\n<meta property=\"og:image\" content=\"https:\/\/erformance.eu\/wp-content\/uploads\/2026\/02\/pol_pm_Audi-A5-8T-08-10-kierunkowskaz-LED-w-lusterko-prawy-17474_1.jpg\" \/>\n\t<meta property=\"og:image:width\" content=\"1200\" \/>\n\t<meta property=\"og:image:height\" content=\"900\" \/>\n\t<meta property=\"og:image:type\" content=\"image\/jpeg\" \/>\n<meta name=\"twitter:card\" content=\"summary_large_image\" \/>\n<meta name=\"twitter:label1\" content=\"Est. reading time\" \/>\n\t<meta name=\"twitter:data1\" content=\"1 minut\" \/>\n<script type=\"application\/ld+json\" class=\"yoast-schema-graph\">{\"@context\":\"https:\\\/\\\/schema.org\",\"@graph\":[{\"@type\":\"WebPage\",\"@id\":\"https:\\\/\\\/erformance.eu\\\/et\\\/toode\\\/audi-a5-8t-08-10-led-posukio-signalas-desiniajame-veidrodelyje-2\\\/\",\"url\":\"https:\\\/\\\/erformance.eu\\\/et\\\/toode\\\/audi-a5-8t-08-10-led-posukio-signalas-desiniajame-veidrodelyje-2\\\/\",\"name\":\"Audi A5 8T 08-10 LED pos\u016bkio signalas de\u0161iniajame veidrod\u0117lyje - Erformance.eu\",\"isPartOf\":{\"@id\":\"https:\\\/\\\/erformance.eu\\\/et\\\/#website\"},\"primaryImageOfPage\":{\"@id\":\"https:\\\/\\\/erformance.eu\\\/et\\\/toode\\\/audi-a5-8t-08-10-led-posukio-signalas-desiniajame-veidrodelyje-2\\\/#primaryimage\"},\"image\":{\"@id\":\"https:\\\/\\\/erformance.eu\\\/et\\\/toode\\\/audi-a5-8t-08-10-led-posukio-signalas-desiniajame-veidrodelyje-2\\\/#primaryimage\"},\"thumbnailUrl\":\"https:\\\/\\\/erformance.eu\\\/wp-content\\\/uploads\\\/2026\\\/02\\\/pol_pm_Audi-A5-8T-08-10-kierunkowskaz-LED-w-lusterko-prawy-17474_1.jpg\",\"datePublished\":\"2026-02-16T12:28:43+00:00\",\"dateModified\":\"2026-03-12T10:30:54+00:00\",\"breadcrumb\":{\"@id\":\"https:\\\/\\\/erformance.eu\\\/et\\\/toode\\\/audi-a5-8t-08-10-led-posukio-signalas-desiniajame-veidrodelyje-2\\\/#breadcrumb\"},\"inLanguage\":\"et\",\"potentialAction\":[{\"@type\":\"ReadAction\",\"target\":[\"https:\\\/\\\/erformance.eu\\\/et\\\/toode\\\/audi-a5-8t-08-10-led-posukio-signalas-desiniajame-veidrodelyje-2\\\/\"]}]},{\"@type\":\"ImageObject\",\"inLanguage\":\"et\",\"@id\":\"https:\\\/\\\/erformance.eu\\\/et\\\/toode\\\/audi-a5-8t-08-10-led-posukio-signalas-desiniajame-veidrodelyje-2\\\/#primaryimage\",\"url\":\"https:\\\/\\\/erformance.eu\\\/wp-content\\\/uploads\\\/2026\\\/02\\\/pol_pm_Audi-A5-8T-08-10-kierunkowskaz-LED-w-lusterko-prawy-17474_1.jpg\",\"contentUrl\":\"https:\\\/\\\/erformance.eu\\\/wp-content\\\/uploads\\\/2026\\\/02\\\/pol_pm_Audi-A5-8T-08-10-kierunkowskaz-LED-w-lusterko-prawy-17474_1.jpg\",\"width\":1200,\"height\":900},{\"@type\":\"BreadcrumbList\",\"@id\":\"https:\\\/\\\/erformance.eu\\\/et\\\/toode\\\/audi-a5-8t-08-10-led-posukio-signalas-desiniajame-veidrodelyje-2\\\/#breadcrumb\",\"itemListElement\":[{\"@type\":\"ListItem\",\"position\":1,\"name\":\"Home\",\"item\":\"https:\\\/\\\/erformance.eu\\\/et\\\/\"},{\"@type\":\"ListItem\",\"position\":2,\"name\":\"Pood\",\"item\":\"https:\\\/\\\/erformance.eu\\\/et\\\/pood\\\/\"},{\"@type\":\"ListItem\",\"position\":3,\"name\":\"Audi A5 8T 08-10 LED pos\u016bkio signalas de\u0161iniajame veidrod\u0117lyje\"}]},{\"@type\":\"WebSite\",\"@id\":\"https:\\\/\\\/erformance.eu\\\/et\\\/#website\",\"url\":\"https:\\\/\\\/erformance.eu\\\/et\\\/\",\"name\":\"Erformance.eu\",\"description\":\"Automobili\u0173 dali\u0173 parduotuv\u0117\",\"potentialAction\":[{\"@type\":\"SearchAction\",\"target\":{\"@type\":\"EntryPoint\",\"urlTemplate\":\"https:\\\/\\\/erformance.eu\\\/et\\\/?s={search_term_string}\"},\"query-input\":{\"@type\":\"PropertyValueSpecification\",\"valueRequired\":true,\"valueName\":\"search_term_string\"}}],\"inLanguage\":\"et\"}]}<\/script>\n<!-- \/ Yoast SEO Premium plugin. -->","yoast_head_json":{"title":"Audi A5 8T 08-10 LED pos\u016bkio signalas de\u0161iniajame veidrod\u0117lyje - Erformance.eu","robots":{"index":"index","follow":"follow","max-snippet":"max-snippet:-1","max-image-preview":"max-image-preview:large","max-video-preview":"max-video-preview:-1"},"canonical":"https:\/\/erformance.eu\/et\/toode\/audi-a5-8t-08-10-led-posukio-signalas-desiniajame-veidrodelyje-2\/","og_locale":"et_EE","og_type":"article","og_title":"Audi A5 8T 08-10 LED pos\u016bkio signalas de\u0161iniajame veidrod\u0117lyje","og_description":"1. Prek\u0117: LED pos\u016bkio signalas veidrodyje2. Pus\u0117: de\u0161in\u01173. Gamintojas: pakeitimas4. Automobilis:   * Audi A3 8P   * Audi A4 B8   * Audi A5 8T   * Audi A6 C65. Pagaminimo metai: 2008\u20132010","og_url":"https:\/\/erformance.eu\/et\/toode\/audi-a5-8t-08-10-led-posukio-signalas-desiniajame-veidrodelyje-2\/","og_site_name":"Erformance.eu","article_modified_time":"2026-03-12T10:30:54+00:00","og_image":[{"width":1200,"height":900,"url":"https:\/\/erformance.eu\/wp-content\/uploads\/2026\/02\/pol_pm_Audi-A5-8T-08-10-kierunkowskaz-LED-w-lusterko-prawy-17474_1.jpg","type":"image\/jpeg"}],"twitter_card":"summary_large_image","twitter_misc":{"Est. reading time":"1 minut"},"schema":{"@context":"https:\/\/schema.org","@graph":[{"@type":"WebPage","@id":"https:\/\/erformance.eu\/et\/toode\/audi-a5-8t-08-10-led-posukio-signalas-desiniajame-veidrodelyje-2\/","url":"https:\/\/erformance.eu\/et\/toode\/audi-a5-8t-08-10-led-posukio-signalas-desiniajame-veidrodelyje-2\/","name":"Audi A5 8T 08-10 LED pos\u016bkio signalas de\u0161iniajame veidrod\u0117lyje - Erformance.eu","isPartOf":{"@id":"https:\/\/erformance.eu\/et\/#website"},"primaryImageOfPage":{"@id":"https:\/\/erformance.eu\/et\/toode\/audi-a5-8t-08-10-led-posukio-signalas-desiniajame-veidrodelyje-2\/#primaryimage"},"image":{"@id":"https:\/\/erformance.eu\/et\/toode\/audi-a5-8t-08-10-led-posukio-signalas-desiniajame-veidrodelyje-2\/#primaryimage"},"thumbnailUrl":"https:\/\/erformance.eu\/wp-content\/uploads\/2026\/02\/pol_pm_Audi-A5-8T-08-10-kierunkowskaz-LED-w-lusterko-prawy-17474_1.jpg","datePublished":"2026-02-16T12:28:43+00:00","dateModified":"2026-03-12T10:30:54+00:00","breadcrumb":{"@id":"https:\/\/erformance.eu\/et\/toode\/audi-a5-8t-08-10-led-posukio-signalas-desiniajame-veidrodelyje-2\/#breadcrumb"},"inLanguage":"et","potentialAction":[{"@type":"ReadAction","target":["https:\/\/erformance.eu\/et\/toode\/audi-a5-8t-08-10-led-posukio-signalas-desiniajame-veidrodelyje-2\/"]}]},{"@type":"ImageObject","inLanguage":"et","@id":"https:\/\/erformance.eu\/et\/toode\/audi-a5-8t-08-10-led-posukio-signalas-desiniajame-veidrodelyje-2\/#primaryimage","url":"https:\/\/erformance.eu\/wp-content\/uploads\/2026\/02\/pol_pm_Audi-A5-8T-08-10-kierunkowskaz-LED-w-lusterko-prawy-17474_1.jpg","contentUrl":"https:\/\/erformance.eu\/wp-content\/uploads\/2026\/02\/pol_pm_Audi-A5-8T-08-10-kierunkowskaz-LED-w-lusterko-prawy-17474_1.jpg","width":1200,"height":900},{"@type":"BreadcrumbList","@id":"https:\/\/erformance.eu\/et\/toode\/audi-a5-8t-08-10-led-posukio-signalas-desiniajame-veidrodelyje-2\/#breadcrumb","itemListElement":[{"@type":"ListItem","position":1,"name":"Home","item":"https:\/\/erformance.eu\/et\/"},{"@type":"ListItem","position":2,"name":"Pood","item":"https:\/\/erformance.eu\/et\/pood\/"},{"@type":"ListItem","position":3,"name":"Audi A5 8T 08-10 LED pos\u016bkio signalas de\u0161iniajame veidrod\u0117lyje"}]},{"@type":"WebSite","@id":"https:\/\/erformance.eu\/et\/#website","url":"https:\/\/erformance.eu\/et\/","name":"Erformance.eu","description":"Automobili\u0173 dali\u0173 parduotuv\u0117","potentialAction":[{"@type":"SearchAction","target":{"@type":"EntryPoint","urlTemplate":"https:\/\/erformance.eu\/et\/?s={search_term_string}"},"query-input":{"@type":"PropertyValueSpecification","valueRequired":true,"valueName":"search_term_string"}}],"inLanguage":"et"}]}},"jetpack_sharing_enabled":true,"_links":{"self":[{"href":"https:\/\/erformance.eu\/et\/wp-json\/wp\/v2\/product\/63993","targetHints":{"allow":["GET"]}}],"collection":[{"href":"https:\/\/erformance.eu\/et\/wp-json\/wp\/v2\/product"}],"about":[{"href":"https:\/\/erformance.eu\/et\/wp-json\/wp\/v2\/types\/product"}],"replies":[{"embeddable":true,"href":"https:\/\/erformance.eu\/et\/wp-json\/wp\/v2\/comments?post=63993"}],"version-history":[{"count":1,"href":"https:\/\/erformance.eu\/et\/wp-json\/wp\/v2\/product\/63993\/revisions"}],"predecessor-version":[{"id":63994,"href":"https:\/\/erformance.eu\/et\/wp-json\/wp\/v2\/product\/63993\/revisions\/63994"}],"wp:featuredmedia":[{"embeddable":true,"href":"https:\/\/erformance.eu\/et\/wp-json\/wp\/v2\/media\/51096"}],"wp:attachment":[{"href":"https:\/\/erformance.eu\/et\/wp-json\/wp\/v2\/media?parent=63993"}],"wp:term":[{"taxonomy":"product_brand","embeddable":true,"href":"https:\/\/erformance.eu\/et\/wp-json\/wp\/v2\/product_brand?post=63993"},{"taxonomy":"product_cat","embeddable":true,"href":"https:\/\/erformance.eu\/et\/wp-json\/wp\/v2\/product_cat?post=63993"},{"taxonomy":"product_tag","embeddable":true,"href":"https:\/\/erformance.eu\/et\/wp-json\/wp\/v2\/product_tag?post=63993"}],"curies":[{"name":"wp","href":"https:\/\/api.w.org\/{rel}","templated":true}]}}