{"id":64063,"date":"2026-02-16T15:29:26","date_gmt":"2026-02-16T12:29:26","guid":{"rendered":"https:\/\/erformance.eu\/?post_type=product&#038;p=64063"},"modified":"2026-03-05T19:32:17","modified_gmt":"2026-03-05T16:32:17","slug":"audi-a1-a2-a3-a4-a5-a6-q3-q5-pavaru-perjungimo-svirtis-juoda-chromuota-6-pavaru","status":"publish","type":"product","link":"https:\/\/erformance.eu\/et\/toode\/audi-a1-a2-a3-a4-a5-a6-q3-q5-pavaru-perjungimo-svirtis-juoda-chromuota-6-pavaru\/","title":{"rendered":"Audi A1 A2 A3 A4 A5 A6 Q3 Q5 pavar\u0173 perjungimo svirtis, juoda + chromuota, 6 pavar\u0173"},"content":{"rendered":"<p>Prek\u0117: pavar\u0173 perjungimo svirtis<br \/>\nAutomobilis:<\/p>\n<p>Audi A1<br \/>\nAudi A2<br \/>\nAudi A3<br \/>\nAudi A4<br \/>\nAudi A5<br \/>\nAudi A6<br \/>\nAudi Q3<br \/>\nAudi Q5<br \/>\nS\u0117dyn\u0117<br \/>\n\u0160koda<br \/>\nVolkswagen<\/p>\n<p>Spalva: juoda eko oda + chromuotas \u017eiedas apa\u010dioje<br \/>\nDiagrama: juodas dangtelis su chromuotu \u017eiedu ir \u0161viesiai pilka diagrama: 6 pavaros + atbulin\u0117 eiga<br \/>\nGamintojas: pakaitalas<br \/>\nTechnin\u0117 b\u016bkl\u0117: prek\u0117 yra visi\u0161kai nauja, nenaudota, nepa\u017eeista ir nesugadinta<br \/>\nPastaba: Tinka standartiniam 12 mm skersmens strypui.<\/p>\n","protected":false},"excerpt":{"rendered":"<p>1. Prek\u0117: Pavar\u0173 perjungimo ranken\u0117l\u01172. Gamintojas: pakeitimas3. Automobilis:     * Audi A1 A2 A3 A4 A5 A6 Q3 Q5     * S\u0117dyn\u0117     * \u0160koda     * Volkswagen<\/p>\n","protected":false},"featured_media":64064,"comment_status":"open","ping_status":"closed","template":"","meta":[],"product_brand":[],"product_cat":[3933,3905,3934,3906,3928,3927,3907,3902,392,393,186,390,391,394,144,3908,3909,3910,3911,3913,3916,3917,3918,3919,3903,4591,4581,4605,4586,4593,4582,4606,4587,4594,4583,4611,4588,4595,4584,4612,4589,4580,4596,4585,398,399,3994,3983,4007,3988,3995,3984,4012,3989,3996,3985,4013,3990,3981,3997,3986,3992,3982,4006,3987,401],"product_tag":[],"class_list":{"0":"post-64063","1":"product","2":"type-product","3":"status-publish","4":"has-post-thumbnail","6":"product_cat-audi-tt-8j","7":"product_cat-audi-a3-8l","8":"product_cat-audi-tt-8n","9":"product_cat-audi-a3-8p","10":"product_cat-audi-q5-8r","11":"product_cat-audi-q3-8u","12":"product_cat-audi-a3-8v","13":"product_cat-audi-a1-8x","14":"product_cat-audi-a1","15":"product_cat-audi-a2","16":"product_cat-a3","17":"product_cat-audi-a4","18":"product_cat-audi-a5","19":"product_cat-audi-a6","20":"product_cat-audi","21":"product_cat-audi-a4-b5","22":"product_cat-audi-a4-b6","23":"product_cat-audi-a4-b7","24":"product_cat-audi-a4-b8","25":"product_cat-audi-a5-b8-8t","26":"product_cat-audi-a6-c4","27":"product_cat-audi-a6-c5","28":"product_cat-audi-a6-c6","29":"product_cat-audi-a6-c7","30":"product_cat-audi-a1-gb","31":"product_cat-audi-a5-b8-8t-pavaru-svirtys","32":"product_cat-audi-a1-gb-pavaru-svirtys","33":"product_cat-audi-q3-8u-pavaru-svirtys","34":"product_cat-audi-a4-b5-pavaru-svirtys","35":"product_cat-audi-a6-c4-pavaru-svirtys","36":"product_cat-audi-a2-8z-pavaru-svirtys","37":"product_cat-audi-q5-8r-pavaru-svirtys","38":"product_cat-audi-a4-b6-pavaru-svirtys","39":"product_cat-audi-a6-c5-pavaru-svirtys","40":"product_cat-audi-a3-8l-pavaru-svirtys","41":"product_cat-audi-tt-8j-pavaru-svirtys","42":"product_cat-audi-a4-b7-pavaru-svirtys","43":"product_cat-audi-a6-c6-pavaru-svirtys","44":"product_cat-audi-a3-8p-pavaru-svirtys","45":"product_cat-audi-tt-8n-pavaru-svirtys","46":"product_cat-audi-a4-b8-pavaru-svirtys","47":"product_cat-audi-a1-8x-pavaru-svirtys","48":"product_cat-audi-a6-c7-pavaru-svirtys","49":"product_cat-audi-a3-8v-pavaru-svirtys","50":"product_cat-audi-q3","51":"product_cat-audi-q5","52":"product_cat-audi-a6-c4-salono-dalys","53":"product_cat-audi-a2-8z-salono-dalys","54":"product_cat-audi-q5-8r-salono-dalys","55":"product_cat-audi-a4-b6-salono-dalys","56":"product_cat-audi-a6-c5-salono-dalys","57":"product_cat-audi-a3-8l-salono-dalys","58":"product_cat-audi-tt-8j-salono-dalys","59":"product_cat-audi-a4-b7-salono-dalys","60":"product_cat-audi-a6-c6-salono-dalys","61":"product_cat-audi-a3-8p-salono-dalys","62":"product_cat-audi-tt-8n-salono-dalys","63":"product_cat-audi-a4-b8-salono-dalys","64":"product_cat-audi-a1-8x-salono-dalys","65":"product_cat-audi-a6-c7-salono-dalys","66":"product_cat-audi-a3-8v-salono-dalys","67":"product_cat-audi-a5-b8-8t-salono-dalys","68":"product_cat-audi-a1-gb-salono-dalys","69":"product_cat-audi-q3-8u-salono-dalys","70":"product_cat-audi-a4-b5-salono-dalys","71":"product_cat-audi-tt","73":"first","74":"instock","75":"shipping-taxable","76":"purchasable","77":"product-type-simple"},"yoast_head":"<!-- This site is optimized with the Yoast SEO Premium plugin v25.2 (Yoast SEO v27.4) - https:\/\/yoast.com\/product\/yoast-seo-premium-wordpress\/ -->\n<title>Audi A1 A2 A3 A4 A5 A6 Q3 Q5 pavar\u0173 perjungimo svirtis, juoda + chromuota, 6 pavar\u0173 - Erformance.eu<\/title>\n<meta name=\"robots\" content=\"index, follow, max-snippet:-1, max-image-preview:large, max-video-preview:-1\" \/>\n<link rel=\"canonical\" href=\"https:\/\/erformance.eu\/et\/toode\/audi-a1-a2-a3-a4-a5-a6-q3-q5-pavaru-perjungimo-svirtis-juoda-chromuota-6-pavaru\/\" \/>\n<meta property=\"og:locale\" content=\"et_EE\" \/>\n<meta property=\"og:type\" content=\"article\" \/>\n<meta property=\"og:title\" content=\"Audi A1 A2 A3 A4 A5 A6 Q3 Q5 pavar\u0173 perjungimo svirtis, juoda + chromuota, 6 pavar\u0173\" \/>\n<meta property=\"og:description\" content=\"1. Prek\u0117: Pavar\u0173 perjungimo ranken\u0117l\u01172. Gamintojas: pakeitimas3. Automobilis:   * Audi A1 A2 A3 A4 A5 A6 Q3 Q5   * S\u0117dyn\u0117   * \u0160koda   * Volkswagen\" \/>\n<meta property=\"og:url\" content=\"https:\/\/erformance.eu\/et\/toode\/audi-a1-a2-a3-a4-a5-a6-q3-q5-pavaru-perjungimo-svirtis-juoda-chromuota-6-pavaru\/\" \/>\n<meta property=\"og:site_name\" content=\"Erformance.eu\" \/>\n<meta property=\"article:modified_time\" content=\"2026-03-05T16:32:17+00:00\" \/>\n<meta property=\"og:image\" content=\"https:\/\/erformance.eu\/wp-content\/uploads\/2026\/02\/pol_pm_Audi-A1-A2-A3-A4-A5-A6-Q3-Q5-galka-zmiany-biegow-CZARNA-CHROM-6-BIEGOW-26404_1.jpg\" \/>\n\t<meta property=\"og:image:width\" content=\"1200\" \/>\n\t<meta property=\"og:image:height\" content=\"1200\" \/>\n\t<meta property=\"og:image:type\" content=\"image\/jpeg\" \/>\n<meta name=\"twitter:card\" content=\"summary_large_image\" \/>\n<script type=\"application\/ld+json\" class=\"yoast-schema-graph\">{\"@context\":\"https:\\\/\\\/schema.org\",\"@graph\":[{\"@type\":\"WebPage\",\"@id\":\"https:\\\/\\\/erformance.eu\\\/et\\\/toode\\\/audi-a1-a2-a3-a4-a5-a6-q3-q5-pavaru-perjungimo-svirtis-juoda-chromuota-6-pavaru\\\/\",\"url\":\"https:\\\/\\\/erformance.eu\\\/et\\\/toode\\\/audi-a1-a2-a3-a4-a5-a6-q3-q5-pavaru-perjungimo-svirtis-juoda-chromuota-6-pavaru\\\/\",\"name\":\"Audi A1 A2 A3 A4 A5 A6 Q3 Q5 pavar\u0173 perjungimo svirtis, juoda + chromuota, 6 pavar\u0173 - Erformance.eu\",\"isPartOf\":{\"@id\":\"https:\\\/\\\/erformance.eu\\\/et\\\/#website\"},\"primaryImageOfPage\":{\"@id\":\"https:\\\/\\\/erformance.eu\\\/et\\\/toode\\\/audi-a1-a2-a3-a4-a5-a6-q3-q5-pavaru-perjungimo-svirtis-juoda-chromuota-6-pavaru\\\/#primaryimage\"},\"image\":{\"@id\":\"https:\\\/\\\/erformance.eu\\\/et\\\/toode\\\/audi-a1-a2-a3-a4-a5-a6-q3-q5-pavaru-perjungimo-svirtis-juoda-chromuota-6-pavaru\\\/#primaryimage\"},\"thumbnailUrl\":\"https:\\\/\\\/erformance.eu\\\/wp-content\\\/uploads\\\/2026\\\/02\\\/pol_pm_Audi-A1-A2-A3-A4-A5-A6-Q3-Q5-galka-zmiany-biegow-CZARNA-CHROM-6-BIEGOW-26404_1.jpg\",\"datePublished\":\"2026-02-16T12:29:26+00:00\",\"dateModified\":\"2026-03-05T16:32:17+00:00\",\"breadcrumb\":{\"@id\":\"https:\\\/\\\/erformance.eu\\\/et\\\/toode\\\/audi-a1-a2-a3-a4-a5-a6-q3-q5-pavaru-perjungimo-svirtis-juoda-chromuota-6-pavaru\\\/#breadcrumb\"},\"inLanguage\":\"et\",\"potentialAction\":[{\"@type\":\"ReadAction\",\"target\":[\"https:\\\/\\\/erformance.eu\\\/et\\\/toode\\\/audi-a1-a2-a3-a4-a5-a6-q3-q5-pavaru-perjungimo-svirtis-juoda-chromuota-6-pavaru\\\/\"]}]},{\"@type\":\"ImageObject\",\"inLanguage\":\"et\",\"@id\":\"https:\\\/\\\/erformance.eu\\\/et\\\/toode\\\/audi-a1-a2-a3-a4-a5-a6-q3-q5-pavaru-perjungimo-svirtis-juoda-chromuota-6-pavaru\\\/#primaryimage\",\"url\":\"https:\\\/\\\/erformance.eu\\\/wp-content\\\/uploads\\\/2026\\\/02\\\/pol_pm_Audi-A1-A2-A3-A4-A5-A6-Q3-Q5-galka-zmiany-biegow-CZARNA-CHROM-6-BIEGOW-26404_1.jpg\",\"contentUrl\":\"https:\\\/\\\/erformance.eu\\\/wp-content\\\/uploads\\\/2026\\\/02\\\/pol_pm_Audi-A1-A2-A3-A4-A5-A6-Q3-Q5-galka-zmiany-biegow-CZARNA-CHROM-6-BIEGOW-26404_1.jpg\",\"width\":1200,\"height\":1200},{\"@type\":\"BreadcrumbList\",\"@id\":\"https:\\\/\\\/erformance.eu\\\/et\\\/toode\\\/audi-a1-a2-a3-a4-a5-a6-q3-q5-pavaru-perjungimo-svirtis-juoda-chromuota-6-pavaru\\\/#breadcrumb\",\"itemListElement\":[{\"@type\":\"ListItem\",\"position\":1,\"name\":\"Home\",\"item\":\"https:\\\/\\\/erformance.eu\\\/et\\\/\"},{\"@type\":\"ListItem\",\"position\":2,\"name\":\"Pood\",\"item\":\"https:\\\/\\\/erformance.eu\\\/et\\\/pood\\\/\"},{\"@type\":\"ListItem\",\"position\":3,\"name\":\"Audi A1 A2 A3 A4 A5 A6 Q3 Q5 pavar\u0173 perjungimo svirtis, juoda + chromuota, 6 pavar\u0173\"}]},{\"@type\":\"WebSite\",\"@id\":\"https:\\\/\\\/erformance.eu\\\/et\\\/#website\",\"url\":\"https:\\\/\\\/erformance.eu\\\/et\\\/\",\"name\":\"Erformance.eu\",\"description\":\"Automobili\u0173 dali\u0173 parduotuv\u0117\",\"potentialAction\":[{\"@type\":\"SearchAction\",\"target\":{\"@type\":\"EntryPoint\",\"urlTemplate\":\"https:\\\/\\\/erformance.eu\\\/et\\\/?s={search_term_string}\"},\"query-input\":{\"@type\":\"PropertyValueSpecification\",\"valueRequired\":true,\"valueName\":\"search_term_string\"}}],\"inLanguage\":\"et\"}]}<\/script>\n<!-- \/ Yoast SEO Premium plugin. -->","yoast_head_json":{"title":"Audi A1 A2 A3 A4 A5 A6 Q3 Q5 pavar\u0173 perjungimo svirtis, juoda + chromuota, 6 pavar\u0173 - Erformance.eu","robots":{"index":"index","follow":"follow","max-snippet":"max-snippet:-1","max-image-preview":"max-image-preview:large","max-video-preview":"max-video-preview:-1"},"canonical":"https:\/\/erformance.eu\/et\/toode\/audi-a1-a2-a3-a4-a5-a6-q3-q5-pavaru-perjungimo-svirtis-juoda-chromuota-6-pavaru\/","og_locale":"et_EE","og_type":"article","og_title":"Audi A1 A2 A3 A4 A5 A6 Q3 Q5 pavar\u0173 perjungimo svirtis, juoda + chromuota, 6 pavar\u0173","og_description":"1. Prek\u0117: Pavar\u0173 perjungimo ranken\u0117l\u01172. Gamintojas: pakeitimas3. Automobilis:   * Audi A1 A2 A3 A4 A5 A6 Q3 Q5   * S\u0117dyn\u0117   * \u0160koda   * Volkswagen","og_url":"https:\/\/erformance.eu\/et\/toode\/audi-a1-a2-a3-a4-a5-a6-q3-q5-pavaru-perjungimo-svirtis-juoda-chromuota-6-pavaru\/","og_site_name":"Erformance.eu","article_modified_time":"2026-03-05T16:32:17+00:00","og_image":[{"width":1200,"height":1200,"url":"https:\/\/erformance.eu\/wp-content\/uploads\/2026\/02\/pol_pm_Audi-A1-A2-A3-A4-A5-A6-Q3-Q5-galka-zmiany-biegow-CZARNA-CHROM-6-BIEGOW-26404_1.jpg","type":"image\/jpeg"}],"twitter_card":"summary_large_image","schema":{"@context":"https:\/\/schema.org","@graph":[{"@type":"WebPage","@id":"https:\/\/erformance.eu\/et\/toode\/audi-a1-a2-a3-a4-a5-a6-q3-q5-pavaru-perjungimo-svirtis-juoda-chromuota-6-pavaru\/","url":"https:\/\/erformance.eu\/et\/toode\/audi-a1-a2-a3-a4-a5-a6-q3-q5-pavaru-perjungimo-svirtis-juoda-chromuota-6-pavaru\/","name":"Audi A1 A2 A3 A4 A5 A6 Q3 Q5 pavar\u0173 perjungimo svirtis, juoda + chromuota, 6 pavar\u0173 - Erformance.eu","isPartOf":{"@id":"https:\/\/erformance.eu\/et\/#website"},"primaryImageOfPage":{"@id":"https:\/\/erformance.eu\/et\/toode\/audi-a1-a2-a3-a4-a5-a6-q3-q5-pavaru-perjungimo-svirtis-juoda-chromuota-6-pavaru\/#primaryimage"},"image":{"@id":"https:\/\/erformance.eu\/et\/toode\/audi-a1-a2-a3-a4-a5-a6-q3-q5-pavaru-perjungimo-svirtis-juoda-chromuota-6-pavaru\/#primaryimage"},"thumbnailUrl":"https:\/\/erformance.eu\/wp-content\/uploads\/2026\/02\/pol_pm_Audi-A1-A2-A3-A4-A5-A6-Q3-Q5-galka-zmiany-biegow-CZARNA-CHROM-6-BIEGOW-26404_1.jpg","datePublished":"2026-02-16T12:29:26+00:00","dateModified":"2026-03-05T16:32:17+00:00","breadcrumb":{"@id":"https:\/\/erformance.eu\/et\/toode\/audi-a1-a2-a3-a4-a5-a6-q3-q5-pavaru-perjungimo-svirtis-juoda-chromuota-6-pavaru\/#breadcrumb"},"inLanguage":"et","potentialAction":[{"@type":"ReadAction","target":["https:\/\/erformance.eu\/et\/toode\/audi-a1-a2-a3-a4-a5-a6-q3-q5-pavaru-perjungimo-svirtis-juoda-chromuota-6-pavaru\/"]}]},{"@type":"ImageObject","inLanguage":"et","@id":"https:\/\/erformance.eu\/et\/toode\/audi-a1-a2-a3-a4-a5-a6-q3-q5-pavaru-perjungimo-svirtis-juoda-chromuota-6-pavaru\/#primaryimage","url":"https:\/\/erformance.eu\/wp-content\/uploads\/2026\/02\/pol_pm_Audi-A1-A2-A3-A4-A5-A6-Q3-Q5-galka-zmiany-biegow-CZARNA-CHROM-6-BIEGOW-26404_1.jpg","contentUrl":"https:\/\/erformance.eu\/wp-content\/uploads\/2026\/02\/pol_pm_Audi-A1-A2-A3-A4-A5-A6-Q3-Q5-galka-zmiany-biegow-CZARNA-CHROM-6-BIEGOW-26404_1.jpg","width":1200,"height":1200},{"@type":"BreadcrumbList","@id":"https:\/\/erformance.eu\/et\/toode\/audi-a1-a2-a3-a4-a5-a6-q3-q5-pavaru-perjungimo-svirtis-juoda-chromuota-6-pavaru\/#breadcrumb","itemListElement":[{"@type":"ListItem","position":1,"name":"Home","item":"https:\/\/erformance.eu\/et\/"},{"@type":"ListItem","position":2,"name":"Pood","item":"https:\/\/erformance.eu\/et\/pood\/"},{"@type":"ListItem","position":3,"name":"Audi A1 A2 A3 A4 A5 A6 Q3 Q5 pavar\u0173 perjungimo svirtis, juoda + chromuota, 6 pavar\u0173"}]},{"@type":"WebSite","@id":"https:\/\/erformance.eu\/et\/#website","url":"https:\/\/erformance.eu\/et\/","name":"Erformance.eu","description":"Automobili\u0173 dali\u0173 parduotuv\u0117","potentialAction":[{"@type":"SearchAction","target":{"@type":"EntryPoint","urlTemplate":"https:\/\/erformance.eu\/et\/?s={search_term_string}"},"query-input":{"@type":"PropertyValueSpecification","valueRequired":true,"valueName":"search_term_string"}}],"inLanguage":"et"}]}},"jetpack_sharing_enabled":true,"_links":{"self":[{"href":"https:\/\/erformance.eu\/et\/wp-json\/wp\/v2\/product\/64063","targetHints":{"allow":["GET"]}}],"collection":[{"href":"https:\/\/erformance.eu\/et\/wp-json\/wp\/v2\/product"}],"about":[{"href":"https:\/\/erformance.eu\/et\/wp-json\/wp\/v2\/types\/product"}],"replies":[{"embeddable":true,"href":"https:\/\/erformance.eu\/et\/wp-json\/wp\/v2\/comments?post=64063"}],"version-history":[{"count":1,"href":"https:\/\/erformance.eu\/et\/wp-json\/wp\/v2\/product\/64063\/revisions"}],"predecessor-version":[{"id":64074,"href":"https:\/\/erformance.eu\/et\/wp-json\/wp\/v2\/product\/64063\/revisions\/64074"}],"wp:featuredmedia":[{"embeddable":true,"href":"https:\/\/erformance.eu\/et\/wp-json\/wp\/v2\/media\/64064"}],"wp:attachment":[{"href":"https:\/\/erformance.eu\/et\/wp-json\/wp\/v2\/media?parent=64063"}],"wp:term":[{"taxonomy":"product_brand","embeddable":true,"href":"https:\/\/erformance.eu\/et\/wp-json\/wp\/v2\/product_brand?post=64063"},{"taxonomy":"product_cat","embeddable":true,"href":"https:\/\/erformance.eu\/et\/wp-json\/wp\/v2\/product_cat?post=64063"},{"taxonomy":"product_tag","embeddable":true,"href":"https:\/\/erformance.eu\/et\/wp-json\/wp\/v2\/product_tag?post=64063"}],"curies":[{"name":"wp","href":"https:\/\/api.w.org\/{rel}","templated":true}]}}