{"id":64089,"date":"2026-02-16T15:29:36","date_gmt":"2026-02-16T12:29:36","guid":{"rendered":"https:\/\/erformance.eu\/?post_type=product&#038;p=64089"},"modified":"2026-03-12T13:53:40","modified_gmt":"2026-03-12T10:53:40","slug":"audi-a4-b8-avant-07-15-elektriniu-langu-valdymo-jungiklis-2","status":"publish","type":"product","link":"https:\/\/erformance.eu\/et\/toode\/audi-a4-b8-avant-07-15-elektriniu-langu-valdymo-jungiklis-2\/","title":{"rendered":"Audi A4 B8 \/ Avant 07-15 elektrini\u0173 lang\u0173 valdymo jungiklis"},"content":{"rendered":"<p>Tema: Elektrinio lango valdymo jungiklis<br \/>\nOE numeris: 8K0959855A<br \/>\nPASTABA: auk\u0161\u010diau pateikti numeriai yra original\u016bs dali\u0173 numeriai, kuriuos \u0161is pasi\u016blymas pakei\u010dia. Prie\u0161 pirkdami, palyginkite juos su originaliu dalies numeriu. Jei jie skiriasi net vienu simboliu, dalis netiks, neveiks arba veiks netinkamai. Tokiu atveju jos nepirkite.<br \/>\nAutomobilis:<br \/>\nAudi A4 B8 (8K2), pagaminimo metai: 2007\u20132015<\/p>\n<p>Audi A4 B8 (8K2) 1.8 TFSI (CABA CDHA) 1798ccm 120KM\/88kW 2008\/01-2015\/12<br \/>\nAudi A4 B8 (8K2) 1.8 TFSI (CABB CDHB) 1798ccm 160KM\/118kW 2007\/11-2012\/03<br \/>\nAudi A4 B8 (8K2) 1.8 TFSI (CJEB) 1798ccm 170KM\/125kW 2011\/11-2015\/12<br \/>\nAudi A4 B8 (8K2) 1.8 TFSI quattro (CDHB) 1798ccm 160KM\/118kW 2008\/09-2012\/03<br \/>\nAudi A4 B8 (8K2) 1.8 TFSI quattro (CJEB) 1798ccm 170KM\/125kW 2011\/11-2015\/12<br \/>\nAudi A4 B8 (8K2) 2.0 TDI (CAGA CJCA CMEA CMFA) 1968 cm3 143 KM\/105 kW (2007-11 &#8211; 2015-12)<br \/>\nAudi A4 B8 (8K2) 2.0 TDI (CAGB CJCB CSUB) 1968ccm 136KM\/100kW 2007\/11-2015\/12<br \/>\nAudi A4 B8 (8K2) 2.0 TDI (CAGC CJCC) 1968ccm 120KM\/88kW 2008\/06-2015\/12<br \/>\nAudi A4 B8 (8K2) 2.0 TDI (CAHA) 1968ccm 170KM\/125kW 2008-01-2012-03<br \/>\nAudi A4 B8 (8K2) 2.0 TDI (CAHB CGLD CNHC) 1968ccm 163KM\/120kW 2008\/08-2015\/12<br \/>\nAudi A4 B8 (8K2) 2.0 TDI (CGLC CMGB) 1968 cm\u00b3 177 KM\/130 kW (2011-11-2015)<br \/>\nAudi A4 B8 (8K2) 2.0 TDI (CJCD, CFB, CSUA) 1968 cm3 (150 km\/110 kW) 2013-05-2015-12<br \/>\nAudi A4 B8 (8K2) 2.0 TDI (CNHA) 1968ccm 190KM\/140kW 2013-09-2015-12<br \/>\nAudi A4 B8 (8K2) 2.0 TDI quattro (CAGA CJCA) 1968ccm 143KM\/105kW 2008\/11-2015\/12<br \/>\nAudi A4 B8 (8K2) 2.0 TDI quattro (CAHA) 1968ccm 170KM\/125kW 2008\/01-2012\/03<br \/>\nAudi A4 B8 (8K2) 2.0 TDI quattro (CGLC) 1968 cm\u00b3 (177kM\/130kW) 2011-11-2015<br \/>\nAudi A4 B8 (8K2) 2.0 TDI quattro (CJCD CSUA) 1968ccm 150KM\/110kW 2013\/05-2015\/12<br \/>\nAudi A4 B8 (8K2) 2.0 TDI quattro (CNHA) 1968 cm\u00b3 (190 km\/140 kW) 2013-09-2015-12<br \/>\nAudi A4 B8 (8K2) 2.0 TFSI (CAEA CDNB CFKA) 1984 cm3 (180 km\/132 kW) 2008-06-2015<br \/>\nAudi A4 B8 (8K2) 2.0 TFSI (CAEB CDNC) 1984ccm 211KM\/155kW 2008\/06-2013\/05<br \/>\nAudi A4 B8 (8K2) 2.0 TFSI (CAED) 1984ccm 220KM\/162kW 2013-05-2015-2012<br \/>\nAudi A4 B8 (8K2) 2.0 TFSI (CNCD) 1984 cm\u00b3 (224 KM\/165 kW) 2013-05-2015-12<br \/>\nAudi A4 B8 (8K2) 2.0 TFSI flexible fuel (CFKA) 1984ccm 180KM\/132kW 2009\/11-2015\/12<br \/>\nAudi A4 B8 (8K2) 2.0 TFSI quattro (CFKA) 1984 cm\u00b3, 180 km\/132 kW (2009-11-2015)<br \/>\nAudi A4 B8 (8K2) 2.0 TFSI quattro (CAEB CDNC CPMA) 1984 cm3 (211 km\/155 kW) 2008-06-2015<br \/>\nAudi A4 B8 (8K2) 2.0 TFSI quattro (CAED CFAMB) 1984 cm\u00b3 (220 KM\/162 kW) 2013-05-2015-12<br \/>\nAudi A4 B8 (8K2) 2.0 TFSI quattro (CFCA) 1984 cm\u00b3 (180 km\/132 kW) 2009-11-2012<br \/>\nAudi A4 B8 (8K2) 2.0 TFSI quattro (CNCD) 1984 cm3 (224 KM\/165 kW) 2013-05-2015-12<br \/>\nAudi A4 B8 (8K2) 2.7 TDI (CAMA CGKA) 2698ccm 190KM\/140kW 2007\/11-2012\/03<br \/>\nAudi A4 B8 (8K2) 2.7 TDI (CAMB, CGKB) 2698ccm 163KM\/120kW 2007\/11-2012\/03<br \/>\nAudi A4 B8 (8K2) 3.0 TDI (CLAB) 2967ccm 204KM\/150kW 2011\/11-2015\/12<br \/>\nAudi A4 B8 (8K2) 3.0 TDI quattro (CAPA CCLA CCWA) 2967ccm 240KM\/176kW 2007\/11-2012\/03<br \/>\nAudi A4 B8 (8K2) 3.0 TDI quattro (CCWB) 2967ccm 211KM\/155kW 2008\/06-2010\/05<br \/>\nAudi A4 B8 (8K2) 3.0 TDI quattro (CDUC CKVB CKVC) 2967ccm 245KM\/180kW 2011\/11-2015\/12<br \/>\nAudi A4 B8 (8K2) 3.0 TFSI quattro (CMUA CRED) 2995ccm 272KM\/200kW 2012\/02-2015\/12<br \/>\nAudi A4 B8 (8K2) 3.2 FSI (CALA) 3197ccm 265KM\/195kW 2008\/09-2012\/03<br \/>\nAudi A4 B8 (8K2) 3.2 FSI quattro (CALA) 3197ccm 265KM\/195kW 2007\/11-2012\/03<br \/>\nAudi A4 B8 (8K2) S4 quattro (CAKA CCBA CGWC CGXC CREC CTUB) 2995ccm 333KM\/245kW 2008\/11-2015\/12<\/p>\n<p>Audi A4 B8 Avant (8K5), rok produkcji: 2007-2015<\/p>\n<p>Audi A4 B8 Avant (8K5) 1.8 TFSI (CABB CDHB) 1798ccm 160KM\/118kW 2007\/11-2012\/03<br \/>\nAudi A4 B8 Avant (8K5) 1.8 TFSI (CDHA) 1798ccm 120KM\/88kW 2008\/04-2015\/12<br \/>\nAudi A4 B8 Avant (8K5) 1.8 TFSI (CJEB) 1798ccm 170KM\/125kW 2011\/11-2015\/12<br \/>\nAudi A4 B8 Avant (8K5) 1.8 TFSI quattro (CDHB) 1798ccm 160KM\/118kW 2008\/09-2012\/03<br \/>\nAudi A4 B8 Avant (8K5) 1.8 TFSI quattro (CJEB) 1798ccm 170KM\/125kW 2011\/11-2015\/12<br \/>\nAudi A4 B8 Avant (8K5) 2.0 TDI (CAGA CJCA CMEA CMFA) 1968ccm 143KM\/105kW 2008\/04-2015\/12<br \/>\nAudi A4 B8 Avant (8K5) 2.0 TDI (CAGB CJCB CSUB) 1968ccm 136KM\/100kW 2008\/04-2015\/12<br \/>\nAudi A4 B8 Avant (8K5) 2.0 TDI (CAGC CJCC) 1968ccm 120KM\/88kW 2008\/06-2015\/12<br \/>\nAudi A4 B8 Avant (8K5) 2.0 TDI (CAHA) 1968ccm 170KM\/125kW 2008\/04-2012\/03<br \/>\nAudi A4 B8 Avant (8K5) 2.0 TDI (CAHB CGLD CNHC) 1968ccm 163KM\/120kW 2008\/08-2015\/12<br \/>\nAudi A4 B8 Avant (8K5) 2.0 TDI (CGLC) 1968ccm 177KM\/130kW 2011\/11-2015\/12<br \/>\nAudi A4 B8 Avant (8K5) 2.0 TDI (CJCD CMFB CSUA) 1968ccm 150KM\/110kW 2013\/05-2015\/12<br \/>\nAudi A4 B8 Avant (8K5) 2.0 TDI (CNHA) 1968ccm 190KM\/140kW 2013\/09-2015\/12<br \/>\nAudi A4 B8 Avant (8K5) 2.0 TDI quattro (CAGA CJCA) 1968ccm 143KM\/105kW 2008\/04-2015\/12<br \/>\nAudi A4 B8 Avant (8K5) 2.0 TDI quattro (CAHA) 1968ccm 170KM\/125kW 2008\/08-2012\/03<br \/>\nAudi A4 B8 Avant (8K5) 2.0 TDI quattro (CGLC) 1968ccm 177KM\/130kW 2011\/11-2015\/12<br \/>\nAudi A4 B8 Avant (8K5) 2.0 TDI quattro (CJCD CSUA) 1968ccm 150KM\/110kW 2013\/05-2015\/12<br \/>\nAudi A4 B8 Avant (8K5) 2.0 TDI quattro (CNHA) 1968ccm 190KM\/140kW 2013\/09-2015\/12<br \/>\nAudi A4 B8 Avant (8K5) 2.0 TFSI (CAEB CDNC) 1984ccm 211KM\/155kW 2008\/06-2013\/05<br \/>\nAudi A4 B8 Avant (8K5) 2.0 TFSI (CDNB CFKA) 1984ccm 180KM\/132kW 2008\/06-2015\/12<br \/>\nAudi A4 B8 Avant (8K5) 2.0 TFSI (CNCD) 1984ccm 224KM\/165kW 2013\/05-2015\/12<br \/>\nAudi A4 B8 Avant (8K5) 2.0 TFSI flexible fuel (CFKA) 1984ccm 180KM\/132kW 2009\/11-2015\/12<br \/>\nAudi A4 B8 Avant (8K5) 2.0 TFSI flexible fuel quattro (CFKA) 1984ccm 180KM\/132kW 2009\/11-2015\/12<br \/>\nAudi A4 B8 Avant (8K5) 2.0 TFSI quattro (CAEB CDNC) 1984ccm 211KM\/155kW 2008\/06-2015\/12<br \/>\nAudi A4 B8 Avant (8K5) 2.0 TFSI quattro (CNCD) 1984ccm 224KM\/165kW 2013\/05-2015\/12<br \/>\nAudi A4 B8 Avant (8K5) 2.7 TDI (CAMA CGKA) 2698ccm 190KM\/140kW 2008\/04-2012\/03<br \/>\nAudi A4 B8 Avant (8K5) 2.7 TDI (CAMB CGKB) 2698ccm 163KM\/120kW 2008\/06-2012\/03<br \/>\nAudi A4 B8 Avant (8K5) 3.0 TDI (CLAB) 2967ccm 204KM\/150kW 2011\/11-2015\/12<br \/>\nAudi A4 B8 Avant (8K5) 3.0 TDI quattro (CAPA CCLA CCWA) 2967ccm 240KM\/176kW 2008\/04-2012\/03<br \/>\nAudi A4 B8 Avant (8K5) 3.0 TDI quattro (CCWB) 2967ccm 211KM\/155kW 2008\/06-2010\/05<br \/>\nAudi A4 B8 Avant (8K5) 3.0 TDI quattro (CDUC CKVB CKVC) 2967ccm 245KM\/180kW 2011\/11-2015\/12<br \/>\nAudi A4 B8 Avant (8K5) 3.0 TFSI quattro (CMUA CRED) 2995ccm 272KM\/200kW 2012\/02-2015\/12<br \/>\nAudi A4 B8 Avant (8K5) 3.2 FSI (CALA) 3197ccm 265KM\/195kW 2008\/09-2012\/03<br \/>\nAudi A4 B8 Avant (8K5) 3.2 FSI quattro (CALA) 3197ccm 265KM\/195kW 2008\/04-2012\/03<br \/>\nAudi A4 B8 Avant (8K5) RS4 quattro (CFSA) 4163ccm 450KM\/331kW 2012\/05-2015\/08<br \/>\nAudi A4 B8 Avant (8K5) S4 quattro (CAKA CCBA CGWC CGXC CREC CTUB) 2995ccm 333KM\/245kW 2008\/11-2015\/12<\/p>\n<p>Audi A5 (8T3), rok produkcji: 2007-2017<\/p>\n<p>Audi A5 (8T3) 1.8 TFSI (CABD CJEB) 1798ccm 170KM\/125kW 2007\/10-2017\/01<br \/>\nAudi A5 (8T3) 1.8 TFSI (CDHB) 1798ccm 160KM\/118kW 2009\/05-2011\/09<br \/>\nAudi A5 (8T3) 1.8 TFSI (CJEE) 1798ccm 177KM\/130kW 2015\/05-2017\/01<br \/>\nAudi A5 (8T3) 2.0 TDI (CAHA) 1968ccm 170KM\/125kW 2008\/08-2012\/03<br \/>\nAudi A5 (8T3) 2.0 TDI (CAHB CGLD CNHC) 1968ccm 163KM\/120kW 2008\/08-2017\/01<br \/>\nAudi A5 (8T3) 2.0 TDI (CGLC) 1968ccm 177KM\/130kW 2011\/10-2017\/01<br \/>\nAudi A5 (8T3) 2.0 TDI (CNHA) 1968ccm 190KM\/140kW 2013\/09-2017\/01<br \/>\nAudi A5 (8T3) 2.0 TDI quattro (CAHA) 1968ccm 170KM\/125kW 2008\/08-2012\/03<br \/>\nAudi A5 (8T3) 2.0 TDI quattro (CGLC) 1968ccm 177KM\/130kW 2011\/12-2017\/01<br \/>\nAudi A5 (8T3) 2.0 TDI quattro (CNHA) 1968ccm 190KM\/140kW 2013\/09-2017\/01<br \/>\nAudi A5 (8T3) 2.0 TFSI (CDNB) 1984ccm 180KM\/132kW 2008\/11-2012\/03<br \/>\nAudi A5 (8T3) 2.0 TFSI (CDNC) 1984ccm 211KM\/155kW 2008\/06-2013\/11<br \/>\nAudi A5 (8T3) 2.0 TFSI (CNCD) 1984ccm 224KM\/165kW 2013\/05-2016\/05<br \/>\nAudi A5 (8T3) 2.0 TFSI (CNCE) 1984ccm 230KM\/169kW 2015\/08-2017\/01<br \/>\nAudi A5 (8T3) 2.0 TFSI quattro (CAEB CDNC CPMA) 1984ccm 211KM\/155kW 2008\/06-2017\/01<br \/>\nAudi A5 (8T3) 2.0 TFSI quattro (CAED CPMB) 1984ccm 220KM\/162kW 2012\/03-2017\/01<br \/>\nAudi A5 (8T3) 2.0 TFSI quattro (CNCD) 1984ccm 224KM\/165kW 2013\/05-2016\/05<br \/>\nAudi A5 (8T3) 2.0 TFSI quattro (CNCE) 1984ccm 230KM\/169kW 2015\/08-2017\/01<br \/>\nAudi A5 (8T3) 2.7 TDI (CAMA CGKA) 2698ccm 190KM\/140kW 2007\/06-2012\/03<br \/>\nAudi A5 (8T3) 2.7 TDI (CAMB CGKB) 2698ccm 163KM\/120kW 2007\/09-2012\/03<br \/>\nAudi A5 (8T3) 3.0 TDI (CLAB) 2967ccm 204KM\/150kW 2011\/10-2017\/01<br \/>\nAudi A5 (8T3) 3.0 TDI quattro (CAPA CCWA) 2967ccm 240KM\/176kW 2007\/06-2012\/03<br \/>\nAudi A5 (8T3) 3.0 TDI quattro (CCWB) 2967ccm 211KM\/155kW 2008\/03-2010\/05<br \/>\nAudi A5 (8T3) 3.0 TDI quattro (CDUC CKVB CKVC) 2967ccm 245KM\/180kW 2011\/10-2017\/01<br \/>\nAudi A5 (8T3) 3.0 TDI quattro (CKVD) 2967ccm 218KM\/160kW 2015\/05-2017\/01<br \/>\nAudi A5 (8T3) 3.0 TFSI quattro (CHMB CMUA CRED) 2995ccm 272KM\/200kW 2011\/12-2017\/01<br \/>\nAudi A5 (8T3) 3.2 FSI (CALA) 3197ccm 265KM\/195kW 2007\/06-2012\/03<br \/>\nAudi A5 (8T3) 3.2 FSI quattro (CALA) 3197ccm 265KM\/195kW 2007\/06-2012\/03<br \/>\nAudi A5 (8T3) RS5 quattro (CFSA) 4163ccm 450KM\/331kW 2010\/03-2017\/01<br \/>\nAudi A5 (8T3) S5 quattro (CAKA CGWC CGXC CREC CTDA CTUB) 2995ccm 333KM\/245kW 2011\/10-2017\/01<br \/>\nAudi A5 (8T3) S5 quattro (CAUA) 4163ccm 354KM\/260kW 2007\/06-2012\/03<\/p>\n<p>Audi A5 Sportback (8TA), rok produkcji: 2009-2017<\/p>\n<p>Audi A5 Sportback (8TA) 1.8 TFSI (CDHB) 1798ccm 160KM\/118kW 2009\/11-2011\/09<br \/>\nAudi A5 Sportback (8TA) 1.8 TFSI (CJEB) 1798ccm 170KM\/125kW 2011\/08-2017\/01<br \/>\nAudi A5 Sportback (8TA) 1.8 TFSI (CJED) 1798ccm 144KM\/106kW 2014\/09-2017\/01<br \/>\nAudi A5 Sportback (8TA) 1.8 TFSI (CJEE) 1798ccm 177KM\/130kW 2015\/05-2017\/01<br \/>\nAudi A5 Sportback (8TA) 2.0 TDI (CAGA CJCA CMEA CMFA) 1968ccm 143KM\/105kW 2009\/09-2017\/01<br \/>\nAudi A5 Sportback (8TA) 2.0 TDI (CAGB CJCB CSUB) 1968ccm 136KM\/100kW 2009\/09-2017\/01<br \/>\nAudi A5 Sportback (8TA) 2.0 TDI (CAHA) 1968ccm 170KM\/125kW 2009\/09-2012\/03<br \/>\nAudi A5 Sportback (8TA) 2.0 TDI (CAHB CGLD CNHC) 1968ccm 163KM\/120kW 2009\/09-2017\/01<br \/>\nAudi A5 Sportback (8TA) 2.0 TDI (CGLC) 1968ccm 177KM\/130kW 2011\/10-2017\/01<br \/>\nAudi A5 Sportback (8TA) 2.0 TDI (CJCD CMFB CSUA) 1968ccm 150KM\/110kW 2013\/05-2017\/01<br \/>\nAudi A5 Sportback (8TA) 2.0 TDI (CNHA) 1968ccm 190KM\/140kW 2013\/09-2017\/01<br \/>\nAudi A5 Sportback (8TA) 2.0 TDI quattro (CAHA) 1968ccm 170KM\/125kW 2009\/09-2012\/03<br \/>\nAudi A5 Sportback (8TA) 2.0 TDI quattro (CGLC) 1968ccm 177KM\/130kW 2011\/12-2017\/01<br \/>\nAudi A5 Sportback (8TA) 2.0 TDI quattro (CNHA) 1968ccm 190KM\/140kW 2013\/09-2017\/01<br \/>\nAudi A5 Sportback (8TA) 2.0 TFSI (CDNB) 1984ccm 180KM\/132kW 2009\/09-2014\/06<br \/>\nAudi A5 Sportback (8TA) 2.0 TFSI (CDNC) 1984ccm 211KM\/155kW 2009\/09-2013\/11<br \/>\nAudi A5 Sportback (8TA) 2.0 TFSI (CNCD) 1984ccm 224KM\/165kW 2013\/05-2016\/05<br \/>\nAudi A5 Sportback (8TA) 2.0 TFSI (CNCE) 1984ccm 230KM\/169kW 2015\/08-2017\/01<br \/>\nAudi A5 Sportback (8TA) 2.0 TFSI quattro (CDNC) 1984ccm 211KM\/155kW 2009\/09-2017\/01<br \/>\nAudi A5 Sportback (8TA) 2.0 TFSI quattro (CNCD) 1984ccm 224KM\/165kW 2013\/05-2016\/05<br \/>\nAudi A5 Sportback (8TA) 2.0 TFSI quattro (CNCE) 1984ccm 230KM\/169kW 2015\/08-2017\/01<br \/>\nAudi A5 Sportback (8TA) 2.7 TDI (CAMA CGKA) 2698ccm 190KM\/140kW 2009\/09-2012\/03<br \/>\nAudi A5 Sportback (8TA) 2.7 TDI (CGKB) 2698ccm 163KM\/120kW 2009\/09-2012\/03<br \/>\nAudi A5 Sportback (8TA) 3.0 TDI (CLAB) 2967ccm 204KM\/150kW 2011\/10-2017\/01<br \/>\nAudi A5 Sportback (8TA) 3.0 TDI quattro (CCWA) 2967ccm 240KM\/176kW 2009\/09-2012\/03<br \/>\nAudi A5 Sportback (8TA) 3.0 TDI quattro (CDUC CKVB CKVC) 2967ccm 245KM\/180kW 2011\/10-2017\/01<br \/>\nAudi A5 Sportback (8TA) 3.0 TDI quattro (CKVD) 2967ccm 218KM\/160kW 2015\/05-2017\/01<br \/>\nAudi A5 Sportback (8TA) 3.0 TFSI quattro (CHMB CMUA CRED) 2995ccm 272KM\/200kW 2011\/12-2017\/01<br \/>\nAudi A5 Sportback (8TA) 3.2 FSI quattro (CALA) 3197ccm 265KM\/195kW 2009\/09-2012\/03<br \/>\nAudi S5 quattro (CAKA CGWC CREC CTDA) 2995ccm 333KM\/245kW 2010\/01-2017\/01<\/p>\n<p>Audi Q5 (8RB), rok produkcji: 2008-2017<\/p>\n<p>Audi Q5 (8RB) 2.0 Hybrid quattro (CHJA) 1984ccm 245KM\/180kW 2012\/09-2016\/05<br \/>\nAudi Q5 (8RB) 2.0 TDI (CJCA) 1968ccm 143KM\/105kW 2010\/11-2013\/05<br \/>\nAudi Q5 (8RB) 2.0 TDI (CJCB CSUB) 1968ccm 136KM\/100kW 2010\/11-2017\/05<br \/>\nAudi Q5 (8RB) 2.0 TDI (CJCD CSUA) 1968ccm 150KM\/110kW 2013\/05-2017\/05<br \/>\nAudi Q5 (8RB) 2.0 TDI (CNHA) 1968ccm 190KM\/140kW 2015\/09-2017\/05<br \/>\nAudi Q5 (8RB) 2.0 TDI quattro (CAGA CJCA) 1968ccm 143KM\/105kW 2009\/08-2013\/05<br \/>\nAudi Q5 (8RB) 2.0 TDI quattro (CAGB CJCB CSUB) 1968ccm 136KM\/100kW 2009\/08-2017\/05<br \/>\nAudi Q5 (8RB) 2.0 TDI quattro (CAHA CGLB CMGA) 1968ccm 170KM\/125kW 2008\/11-2012\/09<br \/>\nAudi Q5 (8RB) 2.0 TDI quattro (CAHB CGLA CGLD CNHC) 1968ccm 163KM\/120kW 2008\/11-2017\/05<br \/>\nAudi Q5 (8RB) 2.0 TDI quattro (CGLC CMGB) 1968ccm 177KM\/130kW 2012\/06-2017\/05<br \/>\nAudi Q5 (8RB) 2.0 TDI quattro (CJCD CSUA) 1968ccm 150KM\/110kW 2013\/05-2017\/05<br \/>\nAudi Q5 (8RB) 2.0 TDI quattro (CNHA) 1968ccm 190KM\/140kW 2013\/11-2017\/05<br \/>\nAudi Q5 (8RB) 2.0 TFSI Hybrid quattro (CHJA) 1984ccm 211KM\/155kW 2011\/06-2016\/06<br \/>\nAudi Q5 (8RB) 2.0 TFSI quattro (CAEB CDNC) 1984ccm 211KM\/155kW 2008\/11-2012\/09<br \/>\nAudi Q5 (8RB) 2.0 TFSI quattro (CDNB CNCB) 1984ccm 180KM\/132kW 2009\/08-2017\/05<br \/>\nAudi Q5 (8RB) 2.0 TFSI quattro (CNCD) 1984ccm 224KM\/165kW 2012\/06-2016\/05<br \/>\nAudi Q5 (8RB) 2.0 TFSI quattro (CNCE) 1984ccm 230KM\/169kW 2015\/08-2017\/05<br \/>\nAudi Q5 (8RB) 2.0 TFSI quattro (CPMB) 1984ccm 220KM\/162kW 2013\/05-2017\/05<br \/>\nAudi Q5 (8RB) 3.0 TDI quattro (CCWA CPNB) 2967ccm 240KM\/176kW 2008\/11-2017\/05<br \/>\nAudi Q5 (8RB) 3.0 TDI quattro (CCWB) 2967ccm 211KM\/155kW 2008\/11-2012\/09<br \/>\nAudi Q5 (8RB) 3.0 TDI quattro (CDUD) 2967ccm 245KM\/180kW 2012\/06-2017\/05<br \/>\nAudi Q5 (8RB) 3.0 TDI quattro (CTBA) 2967ccm 258KM\/190kW 2013\/11-2017\/05<br \/>\nAudi Q5 (8RB) 3.0 TDI quattro (CTBC) 2967ccm 250KM\/184kW 2012\/06-2017\/05<br \/>\nAudi Q5 (8RB) 3.0 TFSI quattro (CTUC CTVA) 2995ccm 272KM\/200kW 2012\/06-2017\/05<br \/>\nAudi Q5 (8RB) 3.2 FSI quattro (CALB) 3197ccm 270KM\/199kW 2008\/11-2012\/12<br \/>\nAudi Q5 (8RB) SQ5 TDI quattro (CGQB CVUC) 2967ccm 313KM\/230kW 2012\/12-2015\/11<br \/>\nAudi Q5 (8RB) SQ5 TDI quattro (CVUB) 2967ccm 326KM\/240kW 2015\/04-2017\/05<br \/>\nAudi Q5 (8RB) SQ5 TDI quattro (DEHA) 2967ccm 340KM\/250kW 2015\/11-2017\/05<br \/>\nAudi Q5 (8RB) SQ5 TFSI quattro (CTUD CTXA) 2995ccm 354KM\/260kW 2013\/05-2017\/05<\/p>\n<p>Kolor: czarny<br \/>\nProducent: zamiennik<br \/>\nStan techniczny: przedmiot jest fabrycznie NOWY, nieu\u017cywany, nieuszkodzony i niezniszczony<\/p>\n","protected":false},"excerpt":{"rendered":"<p>1. Prek\u0117: Elektrini\u0173 lang\u0173 valdymo jungiklis2. Gamintojas: pakeitimas3. Automobilis:     * Audi A4 B8 \/ Avant 07-15     * Audi A5 07\u201317     * Audi Q5 2008\u20132017 m.<\/p>\n","protected":false},"featured_media":64090,"comment_status":"open","ping_status":"closed","template":"","meta":[],"product_brand":[],"product_cat":[390,144,3911,4667,3990],"product_tag":[],"class_list":{"0":"post-64089","1":"product","2":"type-product","3":"status-publish","4":"has-post-thumbnail","6":"product_cat-audi-a4","7":"product_cat-audi","8":"product_cat-audi-a4-b8","9":"product_cat-audi-a4-b8-mygtukai-mechanizmai","10":"product_cat-audi-a4-b8-salono-dalys","12":"first","13":"instock","14":"shipping-taxable","15":"purchasable","16":"product-type-simple"},"yoast_head":"<!-- This site is optimized with the Yoast SEO Premium plugin v25.2 (Yoast SEO v27.3) - https:\/\/yoast.com\/product\/yoast-seo-premium-wordpress\/ -->\n<title>Audi A4 B8 \/ Avant 07-15 elektrini\u0173 lang\u0173 valdymo jungiklis - Erformance.eu<\/title>\n<meta name=\"robots\" content=\"index, follow, max-snippet:-1, max-image-preview:large, max-video-preview:-1\" \/>\n<link rel=\"canonical\" href=\"https:\/\/erformance.eu\/et\/toode\/audi-a4-b8-avant-07-15-elektriniu-langu-valdymo-jungiklis-2\/\" \/>\n<meta property=\"og:locale\" content=\"et_EE\" \/>\n<meta property=\"og:type\" content=\"article\" \/>\n<meta property=\"og:title\" content=\"Audi A4 B8 \/ Avant 07-15 elektrini\u0173 lang\u0173 valdymo jungiklis\" \/>\n<meta property=\"og:description\" content=\"1. Prek\u0117: Elektrini\u0173 lang\u0173 valdymo jungiklis2. Gamintojas: pakeitimas3. Automobilis:   * Audi A4 B8 \/ Avant 07-15   * Audi A5 07\u201317   * Audi Q5 2008\u20132017 m.\" \/>\n<meta property=\"og:url\" content=\"https:\/\/erformance.eu\/et\/toode\/audi-a4-b8-avant-07-15-elektriniu-langu-valdymo-jungiklis-2\/\" \/>\n<meta property=\"og:site_name\" content=\"Erformance.eu\" \/>\n<meta property=\"article:modified_time\" content=\"2026-03-12T10:53:40+00:00\" \/>\n<meta property=\"og:image\" content=\"https:\/\/erformance.eu\/wp-content\/uploads\/2026\/02\/pol_pm_Audi-A4-B8-Avant-07-15-przelacznik-sterowania-szyb-elektrycznych-23918_1.jpg\" \/>\n\t<meta property=\"og:image:width\" content=\"900\" \/>\n\t<meta property=\"og:image:height\" content=\"900\" \/>\n\t<meta property=\"og:image:type\" content=\"image\/jpeg\" \/>\n<meta name=\"twitter:card\" content=\"summary_large_image\" \/>\n<meta name=\"twitter:label1\" content=\"Est. reading time\" \/>\n\t<meta name=\"twitter:data1\" content=\"10 minutit\" \/>\n<script type=\"application\/ld+json\" class=\"yoast-schema-graph\">{\"@context\":\"https:\\\/\\\/schema.org\",\"@graph\":[{\"@type\":\"WebPage\",\"@id\":\"https:\\\/\\\/erformance.eu\\\/et\\\/toode\\\/audi-a4-b8-avant-07-15-elektriniu-langu-valdymo-jungiklis-2\\\/\",\"url\":\"https:\\\/\\\/erformance.eu\\\/et\\\/toode\\\/audi-a4-b8-avant-07-15-elektriniu-langu-valdymo-jungiklis-2\\\/\",\"name\":\"Audi A4 B8 \\\/ Avant 07-15 elektrini\u0173 lang\u0173 valdymo jungiklis - Erformance.eu\",\"isPartOf\":{\"@id\":\"https:\\\/\\\/erformance.eu\\\/et\\\/#website\"},\"primaryImageOfPage\":{\"@id\":\"https:\\\/\\\/erformance.eu\\\/et\\\/toode\\\/audi-a4-b8-avant-07-15-elektriniu-langu-valdymo-jungiklis-2\\\/#primaryimage\"},\"image\":{\"@id\":\"https:\\\/\\\/erformance.eu\\\/et\\\/toode\\\/audi-a4-b8-avant-07-15-elektriniu-langu-valdymo-jungiklis-2\\\/#primaryimage\"},\"thumbnailUrl\":\"https:\\\/\\\/erformance.eu\\\/wp-content\\\/uploads\\\/2026\\\/02\\\/pol_pm_Audi-A4-B8-Avant-07-15-przelacznik-sterowania-szyb-elektrycznych-23918_1.jpg\",\"datePublished\":\"2026-02-16T12:29:36+00:00\",\"dateModified\":\"2026-03-12T10:53:40+00:00\",\"breadcrumb\":{\"@id\":\"https:\\\/\\\/erformance.eu\\\/et\\\/toode\\\/audi-a4-b8-avant-07-15-elektriniu-langu-valdymo-jungiklis-2\\\/#breadcrumb\"},\"inLanguage\":\"et\",\"potentialAction\":[{\"@type\":\"ReadAction\",\"target\":[\"https:\\\/\\\/erformance.eu\\\/et\\\/toode\\\/audi-a4-b8-avant-07-15-elektriniu-langu-valdymo-jungiklis-2\\\/\"]}]},{\"@type\":\"ImageObject\",\"inLanguage\":\"et\",\"@id\":\"https:\\\/\\\/erformance.eu\\\/et\\\/toode\\\/audi-a4-b8-avant-07-15-elektriniu-langu-valdymo-jungiklis-2\\\/#primaryimage\",\"url\":\"https:\\\/\\\/erformance.eu\\\/wp-content\\\/uploads\\\/2026\\\/02\\\/pol_pm_Audi-A4-B8-Avant-07-15-przelacznik-sterowania-szyb-elektrycznych-23918_1.jpg\",\"contentUrl\":\"https:\\\/\\\/erformance.eu\\\/wp-content\\\/uploads\\\/2026\\\/02\\\/pol_pm_Audi-A4-B8-Avant-07-15-przelacznik-sterowania-szyb-elektrycznych-23918_1.jpg\",\"width\":900,\"height\":900},{\"@type\":\"BreadcrumbList\",\"@id\":\"https:\\\/\\\/erformance.eu\\\/et\\\/toode\\\/audi-a4-b8-avant-07-15-elektriniu-langu-valdymo-jungiklis-2\\\/#breadcrumb\",\"itemListElement\":[{\"@type\":\"ListItem\",\"position\":1,\"name\":\"Home\",\"item\":\"https:\\\/\\\/erformance.eu\\\/et\\\/\"},{\"@type\":\"ListItem\",\"position\":2,\"name\":\"Pood\",\"item\":\"https:\\\/\\\/erformance.eu\\\/et\\\/pood\\\/\"},{\"@type\":\"ListItem\",\"position\":3,\"name\":\"Audi A4 B8 \\\/ Avant 07-15 elektrini\u0173 lang\u0173 valdymo jungiklis\"}]},{\"@type\":\"WebSite\",\"@id\":\"https:\\\/\\\/erformance.eu\\\/et\\\/#website\",\"url\":\"https:\\\/\\\/erformance.eu\\\/et\\\/\",\"name\":\"Erformance.eu\",\"description\":\"Automobili\u0173 dali\u0173 parduotuv\u0117\",\"potentialAction\":[{\"@type\":\"SearchAction\",\"target\":{\"@type\":\"EntryPoint\",\"urlTemplate\":\"https:\\\/\\\/erformance.eu\\\/et\\\/?s={search_term_string}\"},\"query-input\":{\"@type\":\"PropertyValueSpecification\",\"valueRequired\":true,\"valueName\":\"search_term_string\"}}],\"inLanguage\":\"et\"}]}<\/script>\n<!-- \/ Yoast SEO Premium plugin. -->","yoast_head_json":{"title":"Audi A4 B8 \/ Avant 07-15 elektrini\u0173 lang\u0173 valdymo jungiklis - Erformance.eu","robots":{"index":"index","follow":"follow","max-snippet":"max-snippet:-1","max-image-preview":"max-image-preview:large","max-video-preview":"max-video-preview:-1"},"canonical":"https:\/\/erformance.eu\/et\/toode\/audi-a4-b8-avant-07-15-elektriniu-langu-valdymo-jungiklis-2\/","og_locale":"et_EE","og_type":"article","og_title":"Audi A4 B8 \/ Avant 07-15 elektrini\u0173 lang\u0173 valdymo jungiklis","og_description":"1. Prek\u0117: Elektrini\u0173 lang\u0173 valdymo jungiklis2. Gamintojas: pakeitimas3. Automobilis:   * Audi A4 B8 \/ Avant 07-15   * Audi A5 07\u201317   * Audi Q5 2008\u20132017 m.","og_url":"https:\/\/erformance.eu\/et\/toode\/audi-a4-b8-avant-07-15-elektriniu-langu-valdymo-jungiklis-2\/","og_site_name":"Erformance.eu","article_modified_time":"2026-03-12T10:53:40+00:00","og_image":[{"width":900,"height":900,"url":"https:\/\/erformance.eu\/wp-content\/uploads\/2026\/02\/pol_pm_Audi-A4-B8-Avant-07-15-przelacznik-sterowania-szyb-elektrycznych-23918_1.jpg","type":"image\/jpeg"}],"twitter_card":"summary_large_image","twitter_misc":{"Est. reading time":"10 minutit"},"schema":{"@context":"https:\/\/schema.org","@graph":[{"@type":"WebPage","@id":"https:\/\/erformance.eu\/et\/toode\/audi-a4-b8-avant-07-15-elektriniu-langu-valdymo-jungiklis-2\/","url":"https:\/\/erformance.eu\/et\/toode\/audi-a4-b8-avant-07-15-elektriniu-langu-valdymo-jungiklis-2\/","name":"Audi A4 B8 \/ Avant 07-15 elektrini\u0173 lang\u0173 valdymo jungiklis - Erformance.eu","isPartOf":{"@id":"https:\/\/erformance.eu\/et\/#website"},"primaryImageOfPage":{"@id":"https:\/\/erformance.eu\/et\/toode\/audi-a4-b8-avant-07-15-elektriniu-langu-valdymo-jungiklis-2\/#primaryimage"},"image":{"@id":"https:\/\/erformance.eu\/et\/toode\/audi-a4-b8-avant-07-15-elektriniu-langu-valdymo-jungiklis-2\/#primaryimage"},"thumbnailUrl":"https:\/\/erformance.eu\/wp-content\/uploads\/2026\/02\/pol_pm_Audi-A4-B8-Avant-07-15-przelacznik-sterowania-szyb-elektrycznych-23918_1.jpg","datePublished":"2026-02-16T12:29:36+00:00","dateModified":"2026-03-12T10:53:40+00:00","breadcrumb":{"@id":"https:\/\/erformance.eu\/et\/toode\/audi-a4-b8-avant-07-15-elektriniu-langu-valdymo-jungiklis-2\/#breadcrumb"},"inLanguage":"et","potentialAction":[{"@type":"ReadAction","target":["https:\/\/erformance.eu\/et\/toode\/audi-a4-b8-avant-07-15-elektriniu-langu-valdymo-jungiklis-2\/"]}]},{"@type":"ImageObject","inLanguage":"et","@id":"https:\/\/erformance.eu\/et\/toode\/audi-a4-b8-avant-07-15-elektriniu-langu-valdymo-jungiklis-2\/#primaryimage","url":"https:\/\/erformance.eu\/wp-content\/uploads\/2026\/02\/pol_pm_Audi-A4-B8-Avant-07-15-przelacznik-sterowania-szyb-elektrycznych-23918_1.jpg","contentUrl":"https:\/\/erformance.eu\/wp-content\/uploads\/2026\/02\/pol_pm_Audi-A4-B8-Avant-07-15-przelacznik-sterowania-szyb-elektrycznych-23918_1.jpg","width":900,"height":900},{"@type":"BreadcrumbList","@id":"https:\/\/erformance.eu\/et\/toode\/audi-a4-b8-avant-07-15-elektriniu-langu-valdymo-jungiklis-2\/#breadcrumb","itemListElement":[{"@type":"ListItem","position":1,"name":"Home","item":"https:\/\/erformance.eu\/et\/"},{"@type":"ListItem","position":2,"name":"Pood","item":"https:\/\/erformance.eu\/et\/pood\/"},{"@type":"ListItem","position":3,"name":"Audi A4 B8 \/ Avant 07-15 elektrini\u0173 lang\u0173 valdymo jungiklis"}]},{"@type":"WebSite","@id":"https:\/\/erformance.eu\/et\/#website","url":"https:\/\/erformance.eu\/et\/","name":"Erformance.eu","description":"Automobili\u0173 dali\u0173 parduotuv\u0117","potentialAction":[{"@type":"SearchAction","target":{"@type":"EntryPoint","urlTemplate":"https:\/\/erformance.eu\/et\/?s={search_term_string}"},"query-input":{"@type":"PropertyValueSpecification","valueRequired":true,"valueName":"search_term_string"}}],"inLanguage":"et"}]}},"jetpack_sharing_enabled":true,"_links":{"self":[{"href":"https:\/\/erformance.eu\/et\/wp-json\/wp\/v2\/product\/64089","targetHints":{"allow":["GET"]}}],"collection":[{"href":"https:\/\/erformance.eu\/et\/wp-json\/wp\/v2\/product"}],"about":[{"href":"https:\/\/erformance.eu\/et\/wp-json\/wp\/v2\/types\/product"}],"replies":[{"embeddable":true,"href":"https:\/\/erformance.eu\/et\/wp-json\/wp\/v2\/comments?post=64089"}],"version-history":[{"count":1,"href":"https:\/\/erformance.eu\/et\/wp-json\/wp\/v2\/product\/64089\/revisions"}],"predecessor-version":[{"id":64096,"href":"https:\/\/erformance.eu\/et\/wp-json\/wp\/v2\/product\/64089\/revisions\/64096"}],"wp:featuredmedia":[{"embeddable":true,"href":"https:\/\/erformance.eu\/et\/wp-json\/wp\/v2\/media\/64090"}],"wp:attachment":[{"href":"https:\/\/erformance.eu\/et\/wp-json\/wp\/v2\/media?parent=64089"}],"wp:term":[{"taxonomy":"product_brand","embeddable":true,"href":"https:\/\/erformance.eu\/et\/wp-json\/wp\/v2\/product_brand?post=64089"},{"taxonomy":"product_cat","embeddable":true,"href":"https:\/\/erformance.eu\/et\/wp-json\/wp\/v2\/product_cat?post=64089"},{"taxonomy":"product_tag","embeddable":true,"href":"https:\/\/erformance.eu\/et\/wp-json\/wp\/v2\/product_tag?post=64089"}],"curies":[{"name":"wp","href":"https:\/\/api.w.org\/{rel}","templated":true}]}}