{"id":64247,"date":"2026-02-16T15:30:32","date_gmt":"2026-02-16T12:30:32","guid":{"rendered":"https:\/\/erformance.eu\/?post_type=product&#038;p=64247"},"modified":"2026-03-12T13:42:24","modified_gmt":"2026-03-12T10:42:24","slug":"audi-a4-00-07-sviesu-jungiklis-automatinis","status":"publish","type":"product","link":"https:\/\/erformance.eu\/et\/toode\/audi-a4-00-07-sviesu-jungiklis-automatinis\/","title":{"rendered":"Audi A4 00-07 \u0161vies\u0173 jungiklis + AUTOMATINIS"},"content":{"rendered":"<p>Prek\u0117: \u0160vies\u0173 jungiklis su AUTO funkcija<br \/>\nOE numeris: 8E0941531B<br \/>\nPASTABA! Auk\u0161\u010diau pateikt\u0105 detal\u0117s numer\u012f reikia atid\u017eiai palyginti su originalios detal\u0117s numeriu, nes \u0161iuose automobiliuose taip pat buvo sumontuoti kiti jungikliai su pana\u0161iais numeriais, pavyzd\u017eiui, tik su raide gale. Jei originalus detal\u0117s numeris skiriasi net vienu simboliu (pvz., kita raid\u0117 gale arba visai n\u0117ra raid\u0117s), \u0161iame s\u0105ra\u0161e esantis jungiklis neveiks tinkamai arba visai neveiks.<br \/>\nAutomobilis:<\/p>\n<p>Audi A4 B6 , gamybos metai: 2000-2004<br \/>\nAudi A4 B7 , gamybos metai: 2004-2007<\/p>\n<p>Gamintojas: pakaitalas<br \/>\nTechnin\u0117 b\u016bkl\u0117: prek\u0117 yra visi\u0161kai nauja, nenaudota, nepa\u017eeista ir nesugadinta<br \/>\nPASTABA! Sustiprinta konstrukcija, priekinis sluoksnis nenusiima<\/p>\n","protected":false},"excerpt":{"rendered":"<p>1. Prek\u0117: \u0160viesos jungiklis su AUTO funkcija2. Gamintojas: pakeitimas3. Automobilis:     * Audi A4 B6 00-04     * Audi A4 B7 04-07<\/p>\n","protected":false},"featured_media":64248,"comment_status":"open","ping_status":"closed","template":"","meta":[],"product_brand":[],"product_cat":[390,144,3909,3910,4665,4666,4627,4626,3988,3989],"product_tag":[],"class_list":{"0":"post-64247","1":"product","2":"type-product","3":"status-publish","4":"has-post-thumbnail","6":"product_cat-audi-a4","7":"product_cat-audi","8":"product_cat-audi-a4-b6","9":"product_cat-audi-a4-b7","10":"product_cat-audi-a4-b6-mygtukai-mechanizmai","11":"product_cat-audi-a4-b7-mygtukai-mechanizmai","12":"product_cat-audi-a4-b7-rankenos","13":"product_cat-audi-a4-b6-rankenos","14":"product_cat-audi-a4-b6-salono-dalys","15":"product_cat-audi-a4-b7-salono-dalys","17":"first","18":"instock","19":"shipping-taxable","20":"purchasable","21":"product-type-simple"},"yoast_head":"<!-- This site is optimized with the Yoast SEO Premium plugin v25.2 (Yoast SEO v27.4) - https:\/\/yoast.com\/product\/yoast-seo-premium-wordpress\/ -->\n<title>Audi A4 00-07 \u0161vies\u0173 jungiklis + AUTOMATINIS - Erformance.eu<\/title>\n<meta name=\"robots\" content=\"index, follow, max-snippet:-1, max-image-preview:large, max-video-preview:-1\" \/>\n<link rel=\"canonical\" href=\"https:\/\/erformance.eu\/et\/toode\/audi-a4-00-07-sviesu-jungiklis-automatinis\/\" \/>\n<meta property=\"og:locale\" content=\"et_EE\" \/>\n<meta property=\"og:type\" content=\"article\" \/>\n<meta property=\"og:title\" content=\"Audi A4 00-07 \u0161vies\u0173 jungiklis + AUTOMATINIS\" \/>\n<meta property=\"og:description\" content=\"1. Prek\u0117: \u0160viesos jungiklis su AUTO funkcija2. Gamintojas: pakeitimas3. Automobilis:   * Audi A4 B6 00-04   * Audi A4 B7 04-07\" \/>\n<meta property=\"og:url\" content=\"https:\/\/erformance.eu\/et\/toode\/audi-a4-00-07-sviesu-jungiklis-automatinis\/\" \/>\n<meta property=\"og:site_name\" content=\"Erformance.eu\" \/>\n<meta property=\"article:modified_time\" content=\"2026-03-12T10:42:24+00:00\" \/>\n<meta property=\"og:image\" content=\"https:\/\/erformance.eu\/wp-content\/uploads\/2026\/02\/pol_pm_Audi-A4-00-07-wlacznik-swiatel-AUTO-6048_1.jpg\" \/>\n\t<meta property=\"og:image:width\" content=\"1200\" \/>\n\t<meta property=\"og:image:height\" content=\"900\" \/>\n\t<meta property=\"og:image:type\" content=\"image\/jpeg\" \/>\n<meta name=\"twitter:card\" content=\"summary_large_image\" \/>\n<meta name=\"twitter:label1\" content=\"Est. reading time\" \/>\n\t<meta name=\"twitter:data1\" content=\"1 minut\" \/>\n<script type=\"application\/ld+json\" class=\"yoast-schema-graph\">{\"@context\":\"https:\\\/\\\/schema.org\",\"@graph\":[{\"@type\":\"WebPage\",\"@id\":\"https:\\\/\\\/erformance.eu\\\/et\\\/toode\\\/audi-a4-00-07-sviesu-jungiklis-automatinis\\\/\",\"url\":\"https:\\\/\\\/erformance.eu\\\/et\\\/toode\\\/audi-a4-00-07-sviesu-jungiklis-automatinis\\\/\",\"name\":\"Audi A4 00-07 \u0161vies\u0173 jungiklis + AUTOMATINIS - Erformance.eu\",\"isPartOf\":{\"@id\":\"https:\\\/\\\/erformance.eu\\\/et\\\/#website\"},\"primaryImageOfPage\":{\"@id\":\"https:\\\/\\\/erformance.eu\\\/et\\\/toode\\\/audi-a4-00-07-sviesu-jungiklis-automatinis\\\/#primaryimage\"},\"image\":{\"@id\":\"https:\\\/\\\/erformance.eu\\\/et\\\/toode\\\/audi-a4-00-07-sviesu-jungiklis-automatinis\\\/#primaryimage\"},\"thumbnailUrl\":\"https:\\\/\\\/erformance.eu\\\/wp-content\\\/uploads\\\/2026\\\/02\\\/pol_pm_Audi-A4-00-07-wlacznik-swiatel-AUTO-6048_1.jpg\",\"datePublished\":\"2026-02-16T12:30:32+00:00\",\"dateModified\":\"2026-03-12T10:42:24+00:00\",\"breadcrumb\":{\"@id\":\"https:\\\/\\\/erformance.eu\\\/et\\\/toode\\\/audi-a4-00-07-sviesu-jungiklis-automatinis\\\/#breadcrumb\"},\"inLanguage\":\"et\",\"potentialAction\":[{\"@type\":\"ReadAction\",\"target\":[\"https:\\\/\\\/erformance.eu\\\/et\\\/toode\\\/audi-a4-00-07-sviesu-jungiklis-automatinis\\\/\"]}]},{\"@type\":\"ImageObject\",\"inLanguage\":\"et\",\"@id\":\"https:\\\/\\\/erformance.eu\\\/et\\\/toode\\\/audi-a4-00-07-sviesu-jungiklis-automatinis\\\/#primaryimage\",\"url\":\"https:\\\/\\\/erformance.eu\\\/wp-content\\\/uploads\\\/2026\\\/02\\\/pol_pm_Audi-A4-00-07-wlacznik-swiatel-AUTO-6048_1.jpg\",\"contentUrl\":\"https:\\\/\\\/erformance.eu\\\/wp-content\\\/uploads\\\/2026\\\/02\\\/pol_pm_Audi-A4-00-07-wlacznik-swiatel-AUTO-6048_1.jpg\",\"width\":1200,\"height\":900},{\"@type\":\"BreadcrumbList\",\"@id\":\"https:\\\/\\\/erformance.eu\\\/et\\\/toode\\\/audi-a4-00-07-sviesu-jungiklis-automatinis\\\/#breadcrumb\",\"itemListElement\":[{\"@type\":\"ListItem\",\"position\":1,\"name\":\"Home\",\"item\":\"https:\\\/\\\/erformance.eu\\\/et\\\/\"},{\"@type\":\"ListItem\",\"position\":2,\"name\":\"Pood\",\"item\":\"https:\\\/\\\/erformance.eu\\\/et\\\/pood\\\/\"},{\"@type\":\"ListItem\",\"position\":3,\"name\":\"Audi A4 00-07 \u0161vies\u0173 jungiklis + AUTOMATINIS\"}]},{\"@type\":\"WebSite\",\"@id\":\"https:\\\/\\\/erformance.eu\\\/et\\\/#website\",\"url\":\"https:\\\/\\\/erformance.eu\\\/et\\\/\",\"name\":\"Erformance.eu\",\"description\":\"Automobili\u0173 dali\u0173 parduotuv\u0117\",\"potentialAction\":[{\"@type\":\"SearchAction\",\"target\":{\"@type\":\"EntryPoint\",\"urlTemplate\":\"https:\\\/\\\/erformance.eu\\\/et\\\/?s={search_term_string}\"},\"query-input\":{\"@type\":\"PropertyValueSpecification\",\"valueRequired\":true,\"valueName\":\"search_term_string\"}}],\"inLanguage\":\"et\"}]}<\/script>\n<!-- \/ Yoast SEO Premium plugin. -->","yoast_head_json":{"title":"Audi A4 00-07 \u0161vies\u0173 jungiklis + AUTOMATINIS - Erformance.eu","robots":{"index":"index","follow":"follow","max-snippet":"max-snippet:-1","max-image-preview":"max-image-preview:large","max-video-preview":"max-video-preview:-1"},"canonical":"https:\/\/erformance.eu\/et\/toode\/audi-a4-00-07-sviesu-jungiklis-automatinis\/","og_locale":"et_EE","og_type":"article","og_title":"Audi A4 00-07 \u0161vies\u0173 jungiklis + AUTOMATINIS","og_description":"1. Prek\u0117: \u0160viesos jungiklis su AUTO funkcija2. Gamintojas: pakeitimas3. Automobilis:   * Audi A4 B6 00-04   * Audi A4 B7 04-07","og_url":"https:\/\/erformance.eu\/et\/toode\/audi-a4-00-07-sviesu-jungiklis-automatinis\/","og_site_name":"Erformance.eu","article_modified_time":"2026-03-12T10:42:24+00:00","og_image":[{"width":1200,"height":900,"url":"https:\/\/erformance.eu\/wp-content\/uploads\/2026\/02\/pol_pm_Audi-A4-00-07-wlacznik-swiatel-AUTO-6048_1.jpg","type":"image\/jpeg"}],"twitter_card":"summary_large_image","twitter_misc":{"Est. reading time":"1 minut"},"schema":{"@context":"https:\/\/schema.org","@graph":[{"@type":"WebPage","@id":"https:\/\/erformance.eu\/et\/toode\/audi-a4-00-07-sviesu-jungiklis-automatinis\/","url":"https:\/\/erformance.eu\/et\/toode\/audi-a4-00-07-sviesu-jungiklis-automatinis\/","name":"Audi A4 00-07 \u0161vies\u0173 jungiklis + AUTOMATINIS - Erformance.eu","isPartOf":{"@id":"https:\/\/erformance.eu\/et\/#website"},"primaryImageOfPage":{"@id":"https:\/\/erformance.eu\/et\/toode\/audi-a4-00-07-sviesu-jungiklis-automatinis\/#primaryimage"},"image":{"@id":"https:\/\/erformance.eu\/et\/toode\/audi-a4-00-07-sviesu-jungiklis-automatinis\/#primaryimage"},"thumbnailUrl":"https:\/\/erformance.eu\/wp-content\/uploads\/2026\/02\/pol_pm_Audi-A4-00-07-wlacznik-swiatel-AUTO-6048_1.jpg","datePublished":"2026-02-16T12:30:32+00:00","dateModified":"2026-03-12T10:42:24+00:00","breadcrumb":{"@id":"https:\/\/erformance.eu\/et\/toode\/audi-a4-00-07-sviesu-jungiklis-automatinis\/#breadcrumb"},"inLanguage":"et","potentialAction":[{"@type":"ReadAction","target":["https:\/\/erformance.eu\/et\/toode\/audi-a4-00-07-sviesu-jungiklis-automatinis\/"]}]},{"@type":"ImageObject","inLanguage":"et","@id":"https:\/\/erformance.eu\/et\/toode\/audi-a4-00-07-sviesu-jungiklis-automatinis\/#primaryimage","url":"https:\/\/erformance.eu\/wp-content\/uploads\/2026\/02\/pol_pm_Audi-A4-00-07-wlacznik-swiatel-AUTO-6048_1.jpg","contentUrl":"https:\/\/erformance.eu\/wp-content\/uploads\/2026\/02\/pol_pm_Audi-A4-00-07-wlacznik-swiatel-AUTO-6048_1.jpg","width":1200,"height":900},{"@type":"BreadcrumbList","@id":"https:\/\/erformance.eu\/et\/toode\/audi-a4-00-07-sviesu-jungiklis-automatinis\/#breadcrumb","itemListElement":[{"@type":"ListItem","position":1,"name":"Home","item":"https:\/\/erformance.eu\/et\/"},{"@type":"ListItem","position":2,"name":"Pood","item":"https:\/\/erformance.eu\/et\/pood\/"},{"@type":"ListItem","position":3,"name":"Audi A4 00-07 \u0161vies\u0173 jungiklis + AUTOMATINIS"}]},{"@type":"WebSite","@id":"https:\/\/erformance.eu\/et\/#website","url":"https:\/\/erformance.eu\/et\/","name":"Erformance.eu","description":"Automobili\u0173 dali\u0173 parduotuv\u0117","potentialAction":[{"@type":"SearchAction","target":{"@type":"EntryPoint","urlTemplate":"https:\/\/erformance.eu\/et\/?s={search_term_string}"},"query-input":{"@type":"PropertyValueSpecification","valueRequired":true,"valueName":"search_term_string"}}],"inLanguage":"et"}]}},"jetpack_sharing_enabled":true,"_links":{"self":[{"href":"https:\/\/erformance.eu\/et\/wp-json\/wp\/v2\/product\/64247","targetHints":{"allow":["GET"]}}],"collection":[{"href":"https:\/\/erformance.eu\/et\/wp-json\/wp\/v2\/product"}],"about":[{"href":"https:\/\/erformance.eu\/et\/wp-json\/wp\/v2\/types\/product"}],"replies":[{"embeddable":true,"href":"https:\/\/erformance.eu\/et\/wp-json\/wp\/v2\/comments?post=64247"}],"version-history":[{"count":1,"href":"https:\/\/erformance.eu\/et\/wp-json\/wp\/v2\/product\/64247\/revisions"}],"predecessor-version":[{"id":64250,"href":"https:\/\/erformance.eu\/et\/wp-json\/wp\/v2\/product\/64247\/revisions\/64250"}],"wp:featuredmedia":[{"embeddable":true,"href":"https:\/\/erformance.eu\/et\/wp-json\/wp\/v2\/media\/64248"}],"wp:attachment":[{"href":"https:\/\/erformance.eu\/et\/wp-json\/wp\/v2\/media?parent=64247"}],"wp:term":[{"taxonomy":"product_brand","embeddable":true,"href":"https:\/\/erformance.eu\/et\/wp-json\/wp\/v2\/product_brand?post=64247"},{"taxonomy":"product_cat","embeddable":true,"href":"https:\/\/erformance.eu\/et\/wp-json\/wp\/v2\/product_cat?post=64247"},{"taxonomy":"product_tag","embeddable":true,"href":"https:\/\/erformance.eu\/et\/wp-json\/wp\/v2\/product_tag?post=64247"}],"curies":[{"name":"wp","href":"https:\/\/api.w.org\/{rel}","templated":true}]}}