{"id":64471,"date":"2026-02-16T15:31:53","date_gmt":"2026-02-16T12:31:53","guid":{"rendered":"https:\/\/erformance.eu\/?post_type=product&#038;p=64471"},"modified":"2026-02-16T15:31:54","modified_gmt":"2026-02-16T12:31:54","slug":"audi-seat-skoda-vw-laidu-pyne-su-4-kontaktu-ausinimo-skyscio-temperaturos-jutiklio-kistuku-6","status":"publish","type":"product","link":"https:\/\/erformance.eu\/et\/toode\/audi-seat-skoda-vw-laidu-pyne-su-4-kontaktu-ausinimo-skyscio-temperaturos-jutiklio-kistuku-6\/","title":{"rendered":"\u201eAudi\u201c, \u201eSeat\u201c, \u201eSkoda\u201c, \u201eVW\u201c laid\u0173 pyn\u0117 su 4 kontakt\u0173 au\u0161inimo skys\u010dio temperat\u016bros jutiklio ki\u0161tuku"},"content":{"rendered":"<p>Prek\u0117: Laid\u0173 pyn\u0117 su ki\u0161tuku 4 kontakt\u0173 au\u0161inimo skys\u010dio temperat\u016bros jutikliui<br \/>\nOriginalus numeris:<\/p>\n<p>4B0973712<br \/>\n4B0 973 712<br \/>\n4B0973712A<br \/>\n4B0973712 A<br \/>\n4B0 973 712A<br \/>\n4B0 973 712 A<\/p>\n<p>PASTABA: auk\u0161\u010diau pateikti numeriai yra original\u016bs dali\u0173 numeriai, kuriuos \u0161is pasi\u016blymas pakei\u010dia. Prie\u0161 pirkdami, palyginkite juos su originaliu dalies numeriu. Jei jie skiriasi net vienu simboliu, dalis netiks, neveiks arba veiks netinkamai. Tokiu atveju jos nepirkite.<br \/>\nAutomobilis:<\/p>\n<p>AUDI A2 8Z0<br \/>\nAUDI A3 8L1 8P1 8PA 8V1 8P7<br \/>\nAUDI A4 B5 B6 B7 B8<br \/>\nAUDI A5 A7<br \/>\nAUDI A6 C5 C6 C7<br \/>\nAUDI A8 D2<br \/>\nAUDI ALLROAD C5<br \/>\nAUDI Q3<br \/>\nAUDI Q5<br \/>\nAUDI Q7<br \/>\nAUDI TT<br \/>\nSEAT ALHAMBRA<br \/>\nSEAT ALTEA<br \/>\nSEAT ALTEA XL<br \/>\nSEAT AROSA<br \/>\nSEAT CORDOBA<br \/>\nSEAT EXEO<br \/>\nSEAT IBIZA<br \/>\nSEAT INCA<br \/>\nSEAT LEON<br \/>\nSEAT TOLEDO<br \/>\n\u0160KODA OCTAVIA I<br \/>\n\u0160KODA OCTAVIA II<br \/>\n\u0160KODA SUPERB I<br \/>\n\u0160KODA SUPERB II<br \/>\n\u0160KODA YETI<br \/>\nVW ARTEON<br \/>\nVW BEETLE<br \/>\nVW NAUJASIS VABALAS<br \/>\nVW BORA<br \/>\nVW CADDY<br \/>\nVW CC B6<br \/>\nVW CC B7<br \/>\nVW EOS<br \/>\nVW GOLF IV<br \/>\nVW GOLF V<br \/>\nVW GOLF V PLUS<br \/>\nVW GOLF VI<br \/>\nVW JETTA<br \/>\nVW LUPO<br \/>\nVW POLO<br \/>\nVW PASSAT B5<br \/>\nVW PASSAT B6<br \/>\nVW PASSAT B7<br \/>\nVW PASSAT B8<br \/>\nVW SCIROCCO<br \/>\nVW SHARAN<br \/>\nVW TOUAREG<br \/>\nVW TOURAN<br \/>\nVW TRANSPORTER IV V VI<\/p>\n<p>Laid\u0173 su jungtimi skai\u010dius: 4<br \/>\nLaido ilgis: apie 20 cm<br \/>\nGamintojas: pakaitalas<br \/>\nTechnin\u0117 b\u016bkl\u0117: prek\u0117 yra visi\u0161kai nauja, nenaudota, nepa\u017eeista ir nesugadinta<\/p>\n","protected":false},"excerpt":{"rendered":"<p>1. Prek\u0117: Laid\u0173 pyn\u0117 su ki\u0161tuku au\u0161inimo skys\u010dio temperat\u016bros jutikliui, 4 kontakt\u01732. Gamintojas: pakeitimas3. Automobilis:AudiS\u0117dyn\u0117\u0160kodaVW<\/p>\n","protected":false},"featured_media":55723,"comment_status":"open","ping_status":"closed","template":"","meta":[],"product_brand":[],"product_cat":[144],"product_tag":[],"class_list":{"0":"post-64471","1":"product","2":"type-product","3":"status-publish","4":"has-post-thumbnail","6":"product_cat-audi","8":"first","9":"instock","10":"shipping-taxable","11":"purchasable","12":"product-type-simple"},"yoast_head":"<!-- This site is optimized with the Yoast SEO Premium plugin v25.2 (Yoast SEO v27.5) - https:\/\/yoast.com\/product\/yoast-seo-premium-wordpress\/ -->\n<title>\u201eAudi\u201c, \u201eSeat\u201c, \u201eSkoda\u201c, \u201eVW\u201c laid\u0173 pyn\u0117 su 4 kontakt\u0173 au\u0161inimo skys\u010dio temperat\u016bros jutiklio ki\u0161tuku - Erformance.eu<\/title>\n<meta name=\"robots\" content=\"index, follow, max-snippet:-1, max-image-preview:large, max-video-preview:-1\" \/>\n<link rel=\"canonical\" href=\"https:\/\/erformance.eu\/et\/toode\/audi-seat-skoda-vw-laidu-pyne-su-4-kontaktu-ausinimo-skyscio-temperaturos-jutiklio-kistuku-6\/\" \/>\n<meta property=\"og:locale\" content=\"et_EE\" \/>\n<meta property=\"og:type\" content=\"article\" \/>\n<meta property=\"og:title\" content=\"\u201eAudi\u201c, \u201eSeat\u201c, \u201eSkoda\u201c, \u201eVW\u201c laid\u0173 pyn\u0117 su 4 kontakt\u0173 au\u0161inimo skys\u010dio temperat\u016bros jutiklio ki\u0161tuku\" \/>\n<meta property=\"og:description\" content=\"1. Prek\u0117: Laid\u0173 pyn\u0117 su ki\u0161tuku au\u0161inimo skys\u010dio temperat\u016bros jutikliui, 4 kontakt\u01732. Gamintojas: pakeitimas3. Automobilis:AudiS\u0117dyn\u0117\u0160kodaVW\" \/>\n<meta property=\"og:url\" content=\"https:\/\/erformance.eu\/et\/toode\/audi-seat-skoda-vw-laidu-pyne-su-4-kontaktu-ausinimo-skyscio-temperaturos-jutiklio-kistuku-6\/\" \/>\n<meta property=\"og:site_name\" content=\"Erformance.eu\" \/>\n<meta property=\"article:modified_time\" content=\"2026-02-16T12:31:54+00:00\" \/>\n<meta name=\"twitter:card\" content=\"summary_large_image\" \/>\n<meta name=\"twitter:label1\" content=\"Est. reading time\" \/>\n\t<meta name=\"twitter:data1\" content=\"1 minut\" \/>\n<script type=\"application\/ld+json\" class=\"yoast-schema-graph\">{\"@context\":\"https:\\\/\\\/schema.org\",\"@graph\":[{\"@type\":\"WebPage\",\"@id\":\"https:\\\/\\\/erformance.eu\\\/et\\\/toode\\\/audi-seat-skoda-vw-laidu-pyne-su-4-kontaktu-ausinimo-skyscio-temperaturos-jutiklio-kistuku-6\\\/\",\"url\":\"https:\\\/\\\/erformance.eu\\\/et\\\/toode\\\/audi-seat-skoda-vw-laidu-pyne-su-4-kontaktu-ausinimo-skyscio-temperaturos-jutiklio-kistuku-6\\\/\",\"name\":\"\u201eAudi\u201c, \u201eSeat\u201c, \u201eSkoda\u201c, \u201eVW\u201c laid\u0173 pyn\u0117 su 4 kontakt\u0173 au\u0161inimo skys\u010dio temperat\u016bros jutiklio ki\u0161tuku - Erformance.eu\",\"isPartOf\":{\"@id\":\"https:\\\/\\\/erformance.eu\\\/et\\\/#website\"},\"primaryImageOfPage\":{\"@id\":\"https:\\\/\\\/erformance.eu\\\/et\\\/toode\\\/audi-seat-skoda-vw-laidu-pyne-su-4-kontaktu-ausinimo-skyscio-temperaturos-jutiklio-kistuku-6\\\/#primaryimage\"},\"image\":{\"@id\":\"https:\\\/\\\/erformance.eu\\\/et\\\/toode\\\/audi-seat-skoda-vw-laidu-pyne-su-4-kontaktu-ausinimo-skyscio-temperaturos-jutiklio-kistuku-6\\\/#primaryimage\"},\"thumbnailUrl\":\"https:\\\/\\\/erformance.eu\\\/wp-content\\\/uploads\\\/2026\\\/02\\\/pol_pm_Audi-Seat-Skoda-VW-wiazka-przewodow-z-wtyczka-do-czujnika-temperatury-plynu-chlodzacego-4-PIN-34581_1.jpg\",\"datePublished\":\"2026-02-16T12:31:53+00:00\",\"dateModified\":\"2026-02-16T12:31:54+00:00\",\"breadcrumb\":{\"@id\":\"https:\\\/\\\/erformance.eu\\\/et\\\/toode\\\/audi-seat-skoda-vw-laidu-pyne-su-4-kontaktu-ausinimo-skyscio-temperaturos-jutiklio-kistuku-6\\\/#breadcrumb\"},\"inLanguage\":\"et\",\"potentialAction\":[{\"@type\":\"ReadAction\",\"target\":[\"https:\\\/\\\/erformance.eu\\\/et\\\/toode\\\/audi-seat-skoda-vw-laidu-pyne-su-4-kontaktu-ausinimo-skyscio-temperaturos-jutiklio-kistuku-6\\\/\"]}]},{\"@type\":\"ImageObject\",\"inLanguage\":\"et\",\"@id\":\"https:\\\/\\\/erformance.eu\\\/et\\\/toode\\\/audi-seat-skoda-vw-laidu-pyne-su-4-kontaktu-ausinimo-skyscio-temperaturos-jutiklio-kistuku-6\\\/#primaryimage\",\"url\":\"https:\\\/\\\/erformance.eu\\\/wp-content\\\/uploads\\\/2026\\\/02\\\/pol_pm_Audi-Seat-Skoda-VW-wiazka-przewodow-z-wtyczka-do-czujnika-temperatury-plynu-chlodzacego-4-PIN-34581_1.jpg\",\"contentUrl\":\"https:\\\/\\\/erformance.eu\\\/wp-content\\\/uploads\\\/2026\\\/02\\\/pol_pm_Audi-Seat-Skoda-VW-wiazka-przewodow-z-wtyczka-do-czujnika-temperatury-plynu-chlodzacego-4-PIN-34581_1.jpg\",\"width\":1200,\"height\":1200},{\"@type\":\"BreadcrumbList\",\"@id\":\"https:\\\/\\\/erformance.eu\\\/et\\\/toode\\\/audi-seat-skoda-vw-laidu-pyne-su-4-kontaktu-ausinimo-skyscio-temperaturos-jutiklio-kistuku-6\\\/#breadcrumb\",\"itemListElement\":[{\"@type\":\"ListItem\",\"position\":1,\"name\":\"Home\",\"item\":\"https:\\\/\\\/erformance.eu\\\/et\\\/\"},{\"@type\":\"ListItem\",\"position\":2,\"name\":\"Pood\",\"item\":\"https:\\\/\\\/erformance.eu\\\/et\\\/pood\\\/\"},{\"@type\":\"ListItem\",\"position\":3,\"name\":\"\u201eAudi\u201c, \u201eSeat\u201c, \u201eSkoda\u201c, \u201eVW\u201c laid\u0173 pyn\u0117 su 4 kontakt\u0173 au\u0161inimo skys\u010dio temperat\u016bros jutiklio ki\u0161tuku\"}]},{\"@type\":\"WebSite\",\"@id\":\"https:\\\/\\\/erformance.eu\\\/et\\\/#website\",\"url\":\"https:\\\/\\\/erformance.eu\\\/et\\\/\",\"name\":\"Erformance.eu\",\"description\":\"Automobili\u0173 dali\u0173 parduotuv\u0117\",\"potentialAction\":[{\"@type\":\"SearchAction\",\"target\":{\"@type\":\"EntryPoint\",\"urlTemplate\":\"https:\\\/\\\/erformance.eu\\\/et\\\/?s={search_term_string}\"},\"query-input\":{\"@type\":\"PropertyValueSpecification\",\"valueRequired\":true,\"valueName\":\"search_term_string\"}}],\"inLanguage\":\"et\"}]}<\/script>\n<!-- \/ Yoast SEO Premium plugin. -->","yoast_head_json":{"title":"\u201eAudi\u201c, \u201eSeat\u201c, \u201eSkoda\u201c, \u201eVW\u201c laid\u0173 pyn\u0117 su 4 kontakt\u0173 au\u0161inimo skys\u010dio temperat\u016bros jutiklio ki\u0161tuku - Erformance.eu","robots":{"index":"index","follow":"follow","max-snippet":"max-snippet:-1","max-image-preview":"max-image-preview:large","max-video-preview":"max-video-preview:-1"},"canonical":"https:\/\/erformance.eu\/et\/toode\/audi-seat-skoda-vw-laidu-pyne-su-4-kontaktu-ausinimo-skyscio-temperaturos-jutiklio-kistuku-6\/","og_locale":"et_EE","og_type":"article","og_title":"\u201eAudi\u201c, \u201eSeat\u201c, \u201eSkoda\u201c, \u201eVW\u201c laid\u0173 pyn\u0117 su 4 kontakt\u0173 au\u0161inimo skys\u010dio temperat\u016bros jutiklio ki\u0161tuku","og_description":"1. Prek\u0117: Laid\u0173 pyn\u0117 su ki\u0161tuku au\u0161inimo skys\u010dio temperat\u016bros jutikliui, 4 kontakt\u01732. Gamintojas: pakeitimas3. Automobilis:AudiS\u0117dyn\u0117\u0160kodaVW","og_url":"https:\/\/erformance.eu\/et\/toode\/audi-seat-skoda-vw-laidu-pyne-su-4-kontaktu-ausinimo-skyscio-temperaturos-jutiklio-kistuku-6\/","og_site_name":"Erformance.eu","article_modified_time":"2026-02-16T12:31:54+00:00","twitter_card":"summary_large_image","twitter_misc":{"Est. reading time":"1 minut"},"schema":{"@context":"https:\/\/schema.org","@graph":[{"@type":"WebPage","@id":"https:\/\/erformance.eu\/et\/toode\/audi-seat-skoda-vw-laidu-pyne-su-4-kontaktu-ausinimo-skyscio-temperaturos-jutiklio-kistuku-6\/","url":"https:\/\/erformance.eu\/et\/toode\/audi-seat-skoda-vw-laidu-pyne-su-4-kontaktu-ausinimo-skyscio-temperaturos-jutiklio-kistuku-6\/","name":"\u201eAudi\u201c, \u201eSeat\u201c, \u201eSkoda\u201c, \u201eVW\u201c laid\u0173 pyn\u0117 su 4 kontakt\u0173 au\u0161inimo skys\u010dio temperat\u016bros jutiklio ki\u0161tuku - Erformance.eu","isPartOf":{"@id":"https:\/\/erformance.eu\/et\/#website"},"primaryImageOfPage":{"@id":"https:\/\/erformance.eu\/et\/toode\/audi-seat-skoda-vw-laidu-pyne-su-4-kontaktu-ausinimo-skyscio-temperaturos-jutiklio-kistuku-6\/#primaryimage"},"image":{"@id":"https:\/\/erformance.eu\/et\/toode\/audi-seat-skoda-vw-laidu-pyne-su-4-kontaktu-ausinimo-skyscio-temperaturos-jutiklio-kistuku-6\/#primaryimage"},"thumbnailUrl":"https:\/\/erformance.eu\/wp-content\/uploads\/2026\/02\/pol_pm_Audi-Seat-Skoda-VW-wiazka-przewodow-z-wtyczka-do-czujnika-temperatury-plynu-chlodzacego-4-PIN-34581_1.jpg","datePublished":"2026-02-16T12:31:53+00:00","dateModified":"2026-02-16T12:31:54+00:00","breadcrumb":{"@id":"https:\/\/erformance.eu\/et\/toode\/audi-seat-skoda-vw-laidu-pyne-su-4-kontaktu-ausinimo-skyscio-temperaturos-jutiklio-kistuku-6\/#breadcrumb"},"inLanguage":"et","potentialAction":[{"@type":"ReadAction","target":["https:\/\/erformance.eu\/et\/toode\/audi-seat-skoda-vw-laidu-pyne-su-4-kontaktu-ausinimo-skyscio-temperaturos-jutiklio-kistuku-6\/"]}]},{"@type":"ImageObject","inLanguage":"et","@id":"https:\/\/erformance.eu\/et\/toode\/audi-seat-skoda-vw-laidu-pyne-su-4-kontaktu-ausinimo-skyscio-temperaturos-jutiklio-kistuku-6\/#primaryimage","url":"https:\/\/erformance.eu\/wp-content\/uploads\/2026\/02\/pol_pm_Audi-Seat-Skoda-VW-wiazka-przewodow-z-wtyczka-do-czujnika-temperatury-plynu-chlodzacego-4-PIN-34581_1.jpg","contentUrl":"https:\/\/erformance.eu\/wp-content\/uploads\/2026\/02\/pol_pm_Audi-Seat-Skoda-VW-wiazka-przewodow-z-wtyczka-do-czujnika-temperatury-plynu-chlodzacego-4-PIN-34581_1.jpg","width":1200,"height":1200},{"@type":"BreadcrumbList","@id":"https:\/\/erformance.eu\/et\/toode\/audi-seat-skoda-vw-laidu-pyne-su-4-kontaktu-ausinimo-skyscio-temperaturos-jutiklio-kistuku-6\/#breadcrumb","itemListElement":[{"@type":"ListItem","position":1,"name":"Home","item":"https:\/\/erformance.eu\/et\/"},{"@type":"ListItem","position":2,"name":"Pood","item":"https:\/\/erformance.eu\/et\/pood\/"},{"@type":"ListItem","position":3,"name":"\u201eAudi\u201c, \u201eSeat\u201c, \u201eSkoda\u201c, \u201eVW\u201c laid\u0173 pyn\u0117 su 4 kontakt\u0173 au\u0161inimo skys\u010dio temperat\u016bros jutiklio ki\u0161tuku"}]},{"@type":"WebSite","@id":"https:\/\/erformance.eu\/et\/#website","url":"https:\/\/erformance.eu\/et\/","name":"Erformance.eu","description":"Automobili\u0173 dali\u0173 parduotuv\u0117","potentialAction":[{"@type":"SearchAction","target":{"@type":"EntryPoint","urlTemplate":"https:\/\/erformance.eu\/et\/?s={search_term_string}"},"query-input":{"@type":"PropertyValueSpecification","valueRequired":true,"valueName":"search_term_string"}}],"inLanguage":"et"}]}},"jetpack_sharing_enabled":true,"_links":{"self":[{"href":"https:\/\/erformance.eu\/et\/wp-json\/wp\/v2\/product\/64471","targetHints":{"allow":["GET"]}}],"collection":[{"href":"https:\/\/erformance.eu\/et\/wp-json\/wp\/v2\/product"}],"about":[{"href":"https:\/\/erformance.eu\/et\/wp-json\/wp\/v2\/types\/product"}],"replies":[{"embeddable":true,"href":"https:\/\/erformance.eu\/et\/wp-json\/wp\/v2\/comments?post=64471"}],"version-history":[{"count":1,"href":"https:\/\/erformance.eu\/et\/wp-json\/wp\/v2\/product\/64471\/revisions"}],"predecessor-version":[{"id":64472,"href":"https:\/\/erformance.eu\/et\/wp-json\/wp\/v2\/product\/64471\/revisions\/64472"}],"wp:featuredmedia":[{"embeddable":true,"href":"https:\/\/erformance.eu\/et\/wp-json\/wp\/v2\/media\/55723"}],"wp:attachment":[{"href":"https:\/\/erformance.eu\/et\/wp-json\/wp\/v2\/media?parent=64471"}],"wp:term":[{"taxonomy":"product_brand","embeddable":true,"href":"https:\/\/erformance.eu\/et\/wp-json\/wp\/v2\/product_brand?post=64471"},{"taxonomy":"product_cat","embeddable":true,"href":"https:\/\/erformance.eu\/et\/wp-json\/wp\/v2\/product_cat?post=64471"},{"taxonomy":"product_tag","embeddable":true,"href":"https:\/\/erformance.eu\/et\/wp-json\/wp\/v2\/product_tag?post=64471"}],"curies":[{"name":"wp","href":"https:\/\/api.w.org\/{rel}","templated":true}]}}