{"id":64514,"date":"2026-02-16T15:32:10","date_gmt":"2026-02-16T12:32:10","guid":{"rendered":"https:\/\/erformance.eu\/?post_type=product&#038;p=64514"},"modified":"2026-03-05T20:01:29","modified_gmt":"2026-03-05T17:01:29","slug":"audi-a2-8z-00-05-pustuvo-rezistorius","status":"publish","type":"product","link":"https:\/\/erformance.eu\/et\/toode\/audi-a2-8z-00-05-pustuvo-rezistorius\/","title":{"rendered":"Audi A2 8Z 00-05 p\u016bstuvo rezistorius"},"content":{"rendered":"<p>Prek\u0117: Ventiliatoriaus rezistorius<br \/>\nOriginalus numeris:<\/p>\n<p>6Q1907521<br \/>\n6Q1907521A<br \/>\n6Q1907521B<\/p>\n<p>PASTABA: auk\u0161\u010diau pateikti numeriai yra original\u016bs dali\u0173 numeriai, kuriuos \u0161is pasi\u016blymas pakei\u010dia. Prie\u0161 pirkdami, palyginkite juos su originaliu dalies numeriu. Jei jie skiriasi net vienu simboliu, dalis netiks, neveiks arba veiks netinkamai. Tokiu atveju jos nepirkite.<br \/>\nAutomobilis:<br \/>\nAudi A2 (8Z0), gamybos metai: 2000\u20132005<\/p>\n<p>1.2 TDI (BET KOKIO) 1191ccm 61KM\/45kW 2001\/03-2005\/08<br \/>\n1.4 (AUA BBY) 1390ccm 75KM\/55kW 2000\/02-2005\/08<br \/>\n1.4 TDI (AMF BHC) 1422ccm 75KM\/55kW 2000\/02-2005\/08<br \/>\n1.4 TDI (ATL) 1422ccm 90KM\/66kW 2003\/11 &#8211; 2005\/08<br \/>\n1.6 FSI (blogas) 1598ccm 110KM\/81kW 2002\/05-2005\/08<\/p>\n<p>Seat CORDOBA (6L2), pagaminimo metai: 2002\u20132009<\/p>\n<p>1.2 (AZQ BME) 1198ccm 64KM\/47kW 2002\/10\u20132006\/06<br \/>\n1.2 12V (BXV) 1198ccm 70KM\/51kW 2006\/05-2009\/11<br \/>\n1.4 16V (BBY BKY) 1390ccm 75KM\/55kW 2002\/09-2007\/12<br \/>\n1.4 16V (BBZ) 1390ccm 100KM\/74kW 2002\/10-2009\/11<br \/>\n1.4 16V (BXW) 1390ccm 86KM\/63kW 2006\/05-2009\/11<br \/>\n1.4 TDI (AMF) 1422ccm 75KM\/55kW 2002\/10-2005\/12<br \/>\n1.4 TDI (BMS BNV) 1422ccm 80KM\/59kW 2005\/06-2009\/11<br \/>\n1.4 TDI (BNM) 1422ccm 70AG\/51kW 2005\/05-2009\/11<br \/>\n1.6 (BAH) 1598ccm 101km\/74kW 2003\/04-2009\/11<br \/>\n1.6 16V (BTS) 1598ccm 105KM\/77kW 2006\/11\u20132009\/11<br \/>\n1.9 SDI (ASY) 1896ccm 64km\/47kW 2002\/09-2009\/11<br \/>\n1.9 TDI (ASZ BLT) 1896ccm 131km\/96kW 2002\/10-2009\/11<br \/>\n1.9 TDI (ATD AXR BMT) 1896ccm 100km\/74kW 2002\/09-2009\/11<br \/>\n2.0 (AZL BBX) 1984ccm 115km\/85kW 2002\/09-2009\/11<\/p>\n<p>Seat IBIZA III (6L1), pagaminimo metai: 2002\u20132009<\/p>\n<p>1.2 (AZQ BME) 1198ccm 64KM\/47kW 2002\/02-2006\/06<br \/>\n1.2 (BBM) 1198ccm 60AG\/44kW 2007\/06-2008\/05<br \/>\n1.2 12V (BXV) 1198ccm 70KM\/51kW 2006\/05-2009\/11<br \/>\n1.4 16V (AUB BBZ) 1390ccm 100KM\/74kW 2002\/02-2009\/11<br \/>\n1.4 16V (BBY BKY) 1390ccm 75KM\/55kW 2002\/02-2007\/12<br \/>\n1.4 16V (BXW) 1390ccm 86KM\/63kW 2006\/05-2009\/11<br \/>\n1.4 TDI (AMF) 1422ccm 75KM\/55kW 2002\/05-2005\/12<br \/>\n1.4 TDI (BMS BNV) 1422ccm 80KM\/59kW 2005\/06-2009\/11<br \/>\n1.4 TDI (BNM) 1422ccm 70AG\/51kW 2005\/05-2009\/11<br \/>\n1.6 (BAH) 1598ccm 101km\/74kW 2003-02-2009-11<br \/>\n1.6 16V (BTS) 1598ccm 105KM\/77kW 2006\/11\u20132009\/11<br \/>\n1.8 T Cupra R (BBU BLZ) 1781ccm 180KM\/132kW 2004\/01-2008\/02<br \/>\n1.8 T FR (BJX BKV) 1781ccm 150AG\/110kW 2003\/12 &#8211; 2008\/05<br \/>\n1.9 SDI (ASY) 1896ccm 64km\/47kW 2002\/02-2005\/12<br \/>\n1.9 TDI (ASZ BLT) 1896ccm 131km\/96kW 2002\/02-2009\/11<br \/>\n1.9 TDI (ATD AXR BMT) 1896ccm 100km\/74kW 2002\/02-2009\/11<br \/>\n1.9 TDI Cupra R (BPX BUK) 1896ccm 160KM\/118kW 2004\/03-2008\/02<br \/>\n1.9 TDI Joya Racer (ASZ) 1896ccm 152KM\/112kW 2003\/07-2004\/06<br \/>\n2.0 (AZL BBX) 1984ccm 116km\/85kW 2002\/04-2009\/11<\/p>\n<p>Seat IBIZA IV (6J5, 6P1), pagaminimo metai: 2008\u20132017<\/p>\n<p>1.0 (CHYB) 999ccm 75KM\/55kW 2015-05-2017-06<br \/>\n1.0 TSI (CHZB) 999ccm 95km\/70kW 2015\/05-2017\/06<br \/>\n1.0 TSI (CHZC) 999ccm 110KM\/81kW 2015\/05-2017\/06<br \/>\n1.2 (BZG CGPA CJLB) 1198ccm 70KM \/ 51kW 2008-03-2015-05<br \/>\n1.2 (CGPB) 1198ccm 60KM\/44kW 2009\/07-2011\/05<br \/>\n1.2 LPG (BZG) 1198ccm 70KM\/51kW 2008\/03-2011\/05<br \/>\n1.2 TDI (CFWA) 1199ccm 75KM\/55kW 2010\/06-2012\/03<br \/>\n1.2 TSI (CBZA) 1197ccm 86KM \/ 63kW 2012-08-2015-05<br \/>\n1.2 TSI (CBZB) 1197ccm 105km\/77kW 2010\/09-2012\/03<br \/>\n1.2 TSI (CJZC) 1197ccm 90KM\/66kW 2015\/05-2017\/06<br \/>\n1.2 TSI (CJZD) 1197ccm 110KM\/81kW 2015\/09-2017\/06<br \/>\n1.4 (BXW CGGB) 1390ccm 85KM\/63kW 2008\/03-2015\/05<br \/>\n1.4 LPG (BXW) 1390ccm 85KM\/63kW 2008\/03-2011\/05<br \/>\n1.4 TDI (BMS) 1422ccm 80KM\/59kW 2008\/07-2010\/06<br \/>\n1.4 TDI (CUSA) 1422ccm 75km\/55kW 2015\/05-2017\/06<br \/>\n1.4 TDI (CUSB) 1422ccm 90km\/66kW 2015\/05-2017\/06<br \/>\n1.4 TDI (CUTA CYZA) 1422ccm 105km\/77kW 2015\/05-2017\/06<br \/>\n1.4 TSI (CAVF CNUB CTHF CTJB) 1390ccm 150KM\/110kW 2009\/06-2015\/05<br \/>\n1.4 TSI (CPTA) 1395ccm 140KM\/103kW 2013\/10-2015\/05<br \/>\n1.4 TSI (CZEA) 1395ccm 150KM\/110kW 2015\/11\u20132017\/06<br \/>\n1.6 (BTS) 1598ccm 105KM\/77kW 2008\/05-2012\/03<br \/>\n1.6 (CWVA) 1598ccm 110KM\/81kW 2015\/07-2017\/06<br \/>\n1.6 LPG (CNKA) 1598ccm 81KM\/60kW 2011\/05-2015\/05<br \/>\n1.6 TDI (CAYB) 1598ccm 90km\/66kW 2009\/05-2015\/05<br \/>\n1.6 TDI (CAYC CLNA) 1598ccm 105KM\/77kW 2009\/05-2015\/05<br \/>\n1.9 TDI (BLS) 1896ccm 105KM\/77kW 2008\/03-2010\/06<br \/>\n1.9 TDI (BXJ) 1896ccm 90km\/66kW 2008\/07-2010\/06<br \/>\n2.0 TDI (CFHD) 1968ccm 143KM\/105kW 2010\/01-2015\/05<\/p>\n<p>Seat IBIZA IV ST (6J8, 6P8), pagaminimo metai: 2010\u20132015<\/p>\n<p>1.0 (CHYB) 999ccm 75KM\/55kW 2015-05-2016-07<br \/>\n1.0 TSI (CHZB) 999ccm 95KM\/70kW 2015\/05-2016\/07<br \/>\n1.0 TSI (CHZC) 999ccm 110KM\/81kW 2015\/05-2016\/07<br \/>\n1.2 (BZG CGPA CJLB) 1198ccm 70KM\/51kW 2010\/05-2015\/05<br \/>\n1.2 (CGPB) 1198ccm 60KM\/44kW 2010\/05-2015\/05<br \/>\n1.2 TDI (CFWA) 1199ccm 75KM\/55kW 2010\/04-2015\/05<br \/>\n1.2 TSI (CBZA) 1197ccm 86KM\/63kW 2012\/09-2015\/05<br \/>\n1.2 TSI (CBZB) 1197ccm 105KM\/77kW 2010\/09-2015\/05<br \/>\n1.2 TSI (CJZC) 1197ccm 90KM\/66kW 2015\/05-2016\/07<br \/>\n1.2 TSI (CJZD) 1197ccm 110KM\/81kW 2015\/09-2016\/07<br \/>\n1.4 (CGGB) 1390ccm 85KM\/63kW 2010\/03-2015\/05<br \/>\n1.4 TDI (CUSA) 1422ccm 75KM\/55kW 2015\/05-2016\/07<br \/>\n1.4 TDI (CUSB) 1422ccm 90KM\/66kW 2015\/05-2016\/07<br \/>\n1.4 TDI (CUTA CYZA) 1422ccm 105KM\/77kW 2015\/05-2016\/07<br \/>\n1.4 TSI (CAVF CNUB CTHF CTJB) 1390ccm 150KM\/110kW 2012\/02-2015\/05<br \/>\n1.4 TSI (CPTA) 1395ccm 140KM\/103kW 2013\/10-2015\/05<br \/>\n1.4 TSI (CZEA) 1395ccm 150KM\/110kW 2015\/11-2016\/07<br \/>\n1.6 (BTS) 1598ccm 105KM\/77kW 2012\/02-2015\/05<br \/>\n1.6 TDI (CAYB) 1598ccm 90KM\/66kW 2010\/03-2015\/05<br \/>\n1.6 TDI (CAYC CLNA) 1598ccm 105KM\/77kW 2010\/03-2015\/05<\/p>\n<p>Skoda FABIA II (542), rok produkcji: 2006-2014<\/p>\n<p>1.2 (BBM CHFA) 1198ccm 60KM\/44kW 2006\/12-2014\/12<br \/>\n1.2 (BZG CEVA CGPA CHTA) 1198ccm 70KM\/51kW 2007\/01-2014\/12<br \/>\n1.2 12V (CGPB) 1198ccm 60KM\/44kW 2011\/11-2014\/12<br \/>\n1.2 LPG (CGPA) 1198ccm 69KM\/51kW 2007\/07-2014\/11<br \/>\n1.2 LPG (CHFA) 1198ccm 60KM\/44kW 2009\/03-2011\/11<br \/>\n1.2 TDI (CFWA) 1199ccm 75KM\/55kW 2010\/05-2014\/12<br \/>\n1.2 TSI (CBZA) 1197ccm 86KM\/63kW 2010\/03-2014\/12<br \/>\n1.2 TSI (CBZB) 1197ccm 105KM\/77kW 2010\/03-2014\/12<br \/>\n1.4 (BXW CGGB) 1390ccm 86KM\/63kW 2007\/01-2014\/12<br \/>\n1.4 LPG (BXW CGGB) 1390ccm 86KM\/63kW 2007\/01-2014\/11<br \/>\n1.4 TDI (BMS BNV) 1422ccm 80KM\/59kW 2007\/01-2010\/03<br \/>\n1.4 TDI (BNM) 1422ccm 70KM\/51kW 2007\/02-2010\/03<br \/>\n1.4 TSI RS (CAVE CTHE) 1390ccm 180KM\/132kW 2010\/05-2014\/12<br \/>\n1.6 (BTS CFNA CLSA) 1598ccm 105KM\/77kW 2007\/04-2014\/12<br \/>\n1.6 TDI (CAYA) 1598ccm 75KM\/55kW 2010\/04-2014\/12<br \/>\n1.6 TDI (CAYB) 1598ccm 90KM\/66kW 2010\/03-2014\/12<br \/>\n1.6 TDI (CAYC) 1598ccm 105KM\/77kW 2010\/03-2014\/12<br \/>\n1.9 TDI (BLS BSW) 1896ccm 105KM\/77kW 2007\/04-2010\/03<\/p>\n<p>Skoda FABIA II Combi (545), rok produkcji: 2007-2014<\/p>\n<p>1.2 (BBM CHFA) 1198ccm 60KM\/44kW 2007\/10-2014\/11<br \/>\n1.2 (BZG CEVA CGPA CHTA) 1198ccm 70KM\/51kW 2007\/10-2014\/12<br \/>\n1.2 12V (CGPB) 1198ccm 60KM\/44kW 2011\/11-2014\/12<br \/>\n1.2 LPG (CGPA) 1198ccm 69KM\/51kW 2007\/10-2014\/11<br \/>\n1.2 TDI (CFWA) 1199ccm 75KM\/55kW 2010\/05-2014\/12<br \/>\n1.2 TSI (CBZA) 1197ccm 86KM\/63kW 2010\/03-2014\/12<br \/>\n1.2 TSI (CBZB) 1197ccm 105KM\/77kW 2010\/03-2014\/12<br \/>\n1.4 (BXW CGGB) 1390ccm 86KM\/63kW 2007\/10-2014\/12<br \/>\n1.4 LPG (BXW CGGB) 1390ccm 86KM\/63kW 2007\/10-2014\/11<br \/>\n1.4 TDI (BMS BNV) 1422ccm 80KM\/59kW 2007\/10-2010\/03<br \/>\n1.4 TDI (BNM) 1422ccm 70KM\/51kW 2007\/10-2010\/03<br \/>\n1.4 TSI RS (CAVE CTHE) 1390ccm 180KM\/132kW 2010\/05-2014\/12<br \/>\n1.6 (BTS CFNA) 1598ccm 105KM\/77kW 2007\/10-2014\/12<br \/>\n1.6 TDI (CAYA) 1598ccm 75KM\/55kW 2010\/04-2014\/12<br \/>\n1.6 TDI (CAYB) 1598ccm 90KM\/66kW 2010\/03-2014\/12<br \/>\n1.6 TDI (CAYC) 1598ccm 105KM\/77kW 2010\/03-2014\/12<br \/>\n1.9 TDI (BLS BSW) 1896ccm 105KM\/77kW 2007\/10-2010\/03<\/p>\n<p>Skoda ROOMSTER (5J7), rok produkcji: 2006-2015<\/p>\n<p>1.2 (BME) 1198ccm 64KM\/47kW 2006\/05-2007\/01<br \/>\n1.2 (BZG CGPA) 1198ccm 70KM\/51kW 2007\/01-2015\/05<br \/>\n1.2 LPG (CGPA) 1198ccm 69KM\/51kW 2009\/03-2015\/05<br \/>\n1.2 TDI (CFWA) 1199ccm 75KM\/55kW 2010\/03-2015\/05<br \/>\n1.2 TSI (CBZA) 1197ccm 86KM\/63kW 2010\/03-2015\/05<br \/>\n1.2 TSI (CBZB) 1197ccm 105KM\/77kW 2010\/03-2015\/05<br \/>\n1.4 (BXW CGGB) 1390ccm 86KM\/63kW 2006\/09-2015\/05<br \/>\n1.4 LPG (BXW CGGB) 1390ccm 86KM\/63kW 2010\/03-2015\/05<br \/>\n1.4 TDI (BMS BNV) 1422ccm 80KM\/59kW 2006\/09-2010\/03<br \/>\n1.4 TDI (BNM) 1422ccm 70KM\/51kW 2006\/07-2010\/03<br \/>\n1.6 (BTS CFNA) 1598ccm 105KM\/77kW 2006\/09-2015\/05<br \/>\n1.6 TDI (CAYB) 1598ccm 90KM\/66kW 2010\/03-2015\/05<br \/>\n1.6 TDI (CAYC) 1598ccm 105KM\/77kW 2010\/03-2015\/05<br \/>\n1.9 TDI (AXR) 1896ccm 101KM\/74kW 2006\/03-2006\/05<br \/>\n1.9 TDI (BLS BSW) 1896ccm 105KM\/77kW 2006\/09-2010\/03<\/p>\n<p>Volkswagen POLO (9N_), rok produkcji: 2001-2009<\/p>\n<p>1.2 (AWY BMD) 1198ccm 54KM\/40kW 2002\/01-2007\/05<br \/>\n1.2 (BBM) 1198ccm 60KM\/44kW 2007\/05-2009\/11<br \/>\n1.2 12V (AZQ BME) 1198ccm 64KM\/47kW 2001\/10-2007\/07<br \/>\n1.2 12V (BZG) 1198ccm 69KM\/51kW 2007\/05-2009\/11<br \/>\n1.4 16V (AUA BBY BKY) 1390ccm 75KM\/55kW 2001\/10-2008\/05<br \/>\n1.4 16V (AUB BBZ) 1390ccm 101KM\/74kW 2001\/10-2008\/05<br \/>\n1.4 16V (BUD) 1390ccm 80KM\/59kW 2006\/05-2009\/11<br \/>\n1.4 FSI (AXU) 1390ccm 86KM\/63kW 2002\/02-2006\/07<br \/>\n1.4 TDI (AMF BAY) 1422ccm 75KM\/55kW 2001\/10-2005\/06<br \/>\n1.4 TDI (BMS BNV) 1422ccm 80KM\/59kW 2005\/04-2009\/11<br \/>\n1.4 TDI (BNM BWB) 1422ccm 70KM\/51kW 2005\/04-2009\/11<br \/>\n1.6 16V (BTS) 1598ccm 105KM\/77kW 2006\/05-2009\/11<br \/>\n1.8 GTI (BJX) 1781ccm 150KM\/110kW 2005\/09-2009\/11<br \/>\n1.8 GTi Cup Edition (BBU) 1781ccm 180KM\/132kW 2006\/05-2009\/11<br \/>\n1.9 SDI (ASY) 1896ccm 64KM\/47kW 2001\/10-2009\/11<br \/>\n1.9 TDI (ASZ BLT) 1896ccm 130KM\/96kW 2003\/11-2009\/11<br \/>\n1.9 TDI (ATD AXR BMT) 1896ccm 101KM\/74kW 2001\/10-2009\/11<\/p>\n<p>Volkswagen POLO (9N_, 9A_), rok produkcji: 2006-2009<\/p>\n<p>1.4 BiFuel (BUD) 1390ccm 82KM\/60kW 2006\/05-2009\/11<\/p>\n<p>Volkswagen POLO IV sedan (9A4, 9A2, 9N2, 9A6), modele produkowane od roku 2002<\/p>\n<p>1.4 (BBY BKY) 1390ccm 75KM\/55kW 2002\/11-2012\/04<br \/>\n1.4 (BBZ) 1390ccm 101KM\/74kW 2003\/11-2005\/06<br \/>\n1.4 TDI (AMF BAY) 1422ccm 75KM\/55kW 2003\/07-2005\/06<br \/>\n1.6 (BAH CCRA CFZA) 1598ccm 101KM\/74kW 2002\/09-<br \/>\n1.9 SDI (ASY) 1896ccm 64KM\/47kW 2002\/09-2012\/04<\/p>\n<p>Volkswagen POLO V (6R1, 6C1), modele produkowane od roku 2009<\/p>\n<p>1.2 (CGPA) 1198ccm 70KM\/51kW 2009\/06-<br \/>\n1.2 (CGPB) 1198ccm 60KM\/44kW 2009\/06-<br \/>\n1.2 TDI (CFWA) 1199ccm 75KM\/55kW 2009\/10-<br \/>\n1.2 TSI (CBZB) 1197ccm 105KM\/77kW 2009\/11-<br \/>\n1.4 (6R1) (CDDA CGGB CLPA) 1390ccm 85KM\/63kW 2009\/03-2014\/05<br \/>\n1.6 TDI (CAYA) 1598ccm 75KM\/55kW 2009\/06-<br \/>\n1.6 TDI (CAYB) 1598ccm 90KM\/66kW 2009\/06-<br \/>\n1.6 TDI (CAYC CLNA) 1598ccm 105KM\/77kW 2009\/06-<\/p>\n<p>Ilo\u015b\u0107 po\u0142\u0105cze\u0144: 6 + 2<br \/>\nProducent: zamiennik<br \/>\nStan techniczny: przedmiot jest fabrycznie NOWY, nieu\u017cywany, nieuszkodzony i niezniszczony<br \/>\nUwaga! dla pojazd\u00f3w z klimatyzacj\u0105 sterowan\u0105 automatycznie<\/p>\n","protected":false},"excerpt":{"rendered":"<p>1. Prek\u0117: Ventiliatoriaus rezistorius2. Gamintojas: pakeitimas3. Automobilis:* Audi A2 8Z 00-05* Seat Cordoba II 02-09* Seat Ibiza III 2002\u20132009 m.* Seat Ibiza IV 2008\u20132017 m.* \u0160koda Fabia II 06-14* \u0160koda Roomster 06-15* VW Polo IV 9N 2002-* VW Polo V 6R 2009-<\/p>\n","protected":false},"featured_media":64515,"comment_status":"open","ping_status":"closed","template":"","meta":[],"product_brand":[],"product_cat":[3904,393,144,3944,4149],"product_tag":[],"class_list":{"0":"post-64514","1":"product","2":"type-product","3":"status-publish","4":"has-post-thumbnail","6":"product_cat-audi-a2-8z","7":"product_cat-audi-a2","8":"product_cat-audi","9":"product_cat-audi-a2-8z-isores-dalys","10":"product_cat-audi-a2-8z-isores-kitos-dalys","12":"first","13":"instock","14":"shipping-taxable","15":"purchasable","16":"product-type-simple"},"yoast_head":"<!-- This site is optimized with the Yoast SEO Premium plugin v25.2 (Yoast SEO v27.3) - https:\/\/yoast.com\/product\/yoast-seo-premium-wordpress\/ -->\n<title>Audi A2 8Z 00-05 p\u016bstuvo rezistorius - Erformance.eu<\/title>\n<meta name=\"robots\" content=\"index, follow, max-snippet:-1, max-image-preview:large, max-video-preview:-1\" \/>\n<link rel=\"canonical\" href=\"https:\/\/erformance.eu\/et\/toode\/audi-a2-8z-00-05-pustuvo-rezistorius\/\" \/>\n<meta property=\"og:locale\" content=\"et_EE\" \/>\n<meta property=\"og:type\" content=\"article\" \/>\n<meta property=\"og:title\" content=\"Audi A2 8Z 00-05 p\u016bstuvo rezistorius\" \/>\n<meta property=\"og:description\" content=\"1. Prek\u0117: Ventiliatoriaus rezistorius2. Gamintojas: pakeitimas3. Automobilis:* Audi A2 8Z 00-05* Seat Cordoba II 02-09* Seat Ibiza III 2002\u20132009 m.* Seat Ibiza IV 2008\u20132017 m.* \u0160koda Fabia II 06-14* \u0160koda Roomster 06-15* VW Polo IV 9N 2002-* VW Polo V 6R 2009-\" \/>\n<meta property=\"og:url\" content=\"https:\/\/erformance.eu\/et\/toode\/audi-a2-8z-00-05-pustuvo-rezistorius\/\" \/>\n<meta property=\"og:site_name\" content=\"Erformance.eu\" \/>\n<meta property=\"article:modified_time\" content=\"2026-03-05T17:01:29+00:00\" \/>\n<meta property=\"og:image\" content=\"https:\/\/erformance.eu\/wp-content\/uploads\/2026\/02\/pol_pm_Audi-A2-8Z-00-05-rezystor-opornik-dmuchawy-33307_1.jpg\" \/>\n\t<meta property=\"og:image:width\" content=\"1200\" \/>\n\t<meta property=\"og:image:height\" content=\"1200\" \/>\n\t<meta property=\"og:image:type\" content=\"image\/jpeg\" \/>\n<meta name=\"twitter:card\" content=\"summary_large_image\" \/>\n<meta name=\"twitter:label1\" content=\"Est. reading time\" \/>\n\t<meta name=\"twitter:data1\" content=\"6 minutit\" \/>\n<script type=\"application\/ld+json\" class=\"yoast-schema-graph\">{\"@context\":\"https:\\\/\\\/schema.org\",\"@graph\":[{\"@type\":\"WebPage\",\"@id\":\"https:\\\/\\\/erformance.eu\\\/et\\\/toode\\\/audi-a2-8z-00-05-pustuvo-rezistorius\\\/\",\"url\":\"https:\\\/\\\/erformance.eu\\\/et\\\/toode\\\/audi-a2-8z-00-05-pustuvo-rezistorius\\\/\",\"name\":\"Audi A2 8Z 00-05 p\u016bstuvo rezistorius - Erformance.eu\",\"isPartOf\":{\"@id\":\"https:\\\/\\\/erformance.eu\\\/et\\\/#website\"},\"primaryImageOfPage\":{\"@id\":\"https:\\\/\\\/erformance.eu\\\/et\\\/toode\\\/audi-a2-8z-00-05-pustuvo-rezistorius\\\/#primaryimage\"},\"image\":{\"@id\":\"https:\\\/\\\/erformance.eu\\\/et\\\/toode\\\/audi-a2-8z-00-05-pustuvo-rezistorius\\\/#primaryimage\"},\"thumbnailUrl\":\"https:\\\/\\\/erformance.eu\\\/wp-content\\\/uploads\\\/2026\\\/02\\\/pol_pm_Audi-A2-8Z-00-05-rezystor-opornik-dmuchawy-33307_1.jpg\",\"datePublished\":\"2026-02-16T12:32:10+00:00\",\"dateModified\":\"2026-03-05T17:01:29+00:00\",\"breadcrumb\":{\"@id\":\"https:\\\/\\\/erformance.eu\\\/et\\\/toode\\\/audi-a2-8z-00-05-pustuvo-rezistorius\\\/#breadcrumb\"},\"inLanguage\":\"et\",\"potentialAction\":[{\"@type\":\"ReadAction\",\"target\":[\"https:\\\/\\\/erformance.eu\\\/et\\\/toode\\\/audi-a2-8z-00-05-pustuvo-rezistorius\\\/\"]}]},{\"@type\":\"ImageObject\",\"inLanguage\":\"et\",\"@id\":\"https:\\\/\\\/erformance.eu\\\/et\\\/toode\\\/audi-a2-8z-00-05-pustuvo-rezistorius\\\/#primaryimage\",\"url\":\"https:\\\/\\\/erformance.eu\\\/wp-content\\\/uploads\\\/2026\\\/02\\\/pol_pm_Audi-A2-8Z-00-05-rezystor-opornik-dmuchawy-33307_1.jpg\",\"contentUrl\":\"https:\\\/\\\/erformance.eu\\\/wp-content\\\/uploads\\\/2026\\\/02\\\/pol_pm_Audi-A2-8Z-00-05-rezystor-opornik-dmuchawy-33307_1.jpg\",\"width\":1200,\"height\":1200},{\"@type\":\"BreadcrumbList\",\"@id\":\"https:\\\/\\\/erformance.eu\\\/et\\\/toode\\\/audi-a2-8z-00-05-pustuvo-rezistorius\\\/#breadcrumb\",\"itemListElement\":[{\"@type\":\"ListItem\",\"position\":1,\"name\":\"Home\",\"item\":\"https:\\\/\\\/erformance.eu\\\/et\\\/\"},{\"@type\":\"ListItem\",\"position\":2,\"name\":\"Pood\",\"item\":\"https:\\\/\\\/erformance.eu\\\/et\\\/pood\\\/\"},{\"@type\":\"ListItem\",\"position\":3,\"name\":\"Audi A2 8Z 00-05 p\u016bstuvo rezistorius\"}]},{\"@type\":\"WebSite\",\"@id\":\"https:\\\/\\\/erformance.eu\\\/et\\\/#website\",\"url\":\"https:\\\/\\\/erformance.eu\\\/et\\\/\",\"name\":\"Erformance.eu\",\"description\":\"Automobili\u0173 dali\u0173 parduotuv\u0117\",\"potentialAction\":[{\"@type\":\"SearchAction\",\"target\":{\"@type\":\"EntryPoint\",\"urlTemplate\":\"https:\\\/\\\/erformance.eu\\\/et\\\/?s={search_term_string}\"},\"query-input\":{\"@type\":\"PropertyValueSpecification\",\"valueRequired\":true,\"valueName\":\"search_term_string\"}}],\"inLanguage\":\"et\"}]}<\/script>\n<!-- \/ Yoast SEO Premium plugin. -->","yoast_head_json":{"title":"Audi A2 8Z 00-05 p\u016bstuvo rezistorius - Erformance.eu","robots":{"index":"index","follow":"follow","max-snippet":"max-snippet:-1","max-image-preview":"max-image-preview:large","max-video-preview":"max-video-preview:-1"},"canonical":"https:\/\/erformance.eu\/et\/toode\/audi-a2-8z-00-05-pustuvo-rezistorius\/","og_locale":"et_EE","og_type":"article","og_title":"Audi A2 8Z 00-05 p\u016bstuvo rezistorius","og_description":"1. Prek\u0117: Ventiliatoriaus rezistorius2. Gamintojas: pakeitimas3. Automobilis:* Audi A2 8Z 00-05* Seat Cordoba II 02-09* Seat Ibiza III 2002\u20132009 m.* Seat Ibiza IV 2008\u20132017 m.* \u0160koda Fabia II 06-14* \u0160koda Roomster 06-15* VW Polo IV 9N 2002-* VW Polo V 6R 2009-","og_url":"https:\/\/erformance.eu\/et\/toode\/audi-a2-8z-00-05-pustuvo-rezistorius\/","og_site_name":"Erformance.eu","article_modified_time":"2026-03-05T17:01:29+00:00","og_image":[{"width":1200,"height":1200,"url":"https:\/\/erformance.eu\/wp-content\/uploads\/2026\/02\/pol_pm_Audi-A2-8Z-00-05-rezystor-opornik-dmuchawy-33307_1.jpg","type":"image\/jpeg"}],"twitter_card":"summary_large_image","twitter_misc":{"Est. reading time":"6 minutit"},"schema":{"@context":"https:\/\/schema.org","@graph":[{"@type":"WebPage","@id":"https:\/\/erformance.eu\/et\/toode\/audi-a2-8z-00-05-pustuvo-rezistorius\/","url":"https:\/\/erformance.eu\/et\/toode\/audi-a2-8z-00-05-pustuvo-rezistorius\/","name":"Audi A2 8Z 00-05 p\u016bstuvo rezistorius - Erformance.eu","isPartOf":{"@id":"https:\/\/erformance.eu\/et\/#website"},"primaryImageOfPage":{"@id":"https:\/\/erformance.eu\/et\/toode\/audi-a2-8z-00-05-pustuvo-rezistorius\/#primaryimage"},"image":{"@id":"https:\/\/erformance.eu\/et\/toode\/audi-a2-8z-00-05-pustuvo-rezistorius\/#primaryimage"},"thumbnailUrl":"https:\/\/erformance.eu\/wp-content\/uploads\/2026\/02\/pol_pm_Audi-A2-8Z-00-05-rezystor-opornik-dmuchawy-33307_1.jpg","datePublished":"2026-02-16T12:32:10+00:00","dateModified":"2026-03-05T17:01:29+00:00","breadcrumb":{"@id":"https:\/\/erformance.eu\/et\/toode\/audi-a2-8z-00-05-pustuvo-rezistorius\/#breadcrumb"},"inLanguage":"et","potentialAction":[{"@type":"ReadAction","target":["https:\/\/erformance.eu\/et\/toode\/audi-a2-8z-00-05-pustuvo-rezistorius\/"]}]},{"@type":"ImageObject","inLanguage":"et","@id":"https:\/\/erformance.eu\/et\/toode\/audi-a2-8z-00-05-pustuvo-rezistorius\/#primaryimage","url":"https:\/\/erformance.eu\/wp-content\/uploads\/2026\/02\/pol_pm_Audi-A2-8Z-00-05-rezystor-opornik-dmuchawy-33307_1.jpg","contentUrl":"https:\/\/erformance.eu\/wp-content\/uploads\/2026\/02\/pol_pm_Audi-A2-8Z-00-05-rezystor-opornik-dmuchawy-33307_1.jpg","width":1200,"height":1200},{"@type":"BreadcrumbList","@id":"https:\/\/erformance.eu\/et\/toode\/audi-a2-8z-00-05-pustuvo-rezistorius\/#breadcrumb","itemListElement":[{"@type":"ListItem","position":1,"name":"Home","item":"https:\/\/erformance.eu\/et\/"},{"@type":"ListItem","position":2,"name":"Pood","item":"https:\/\/erformance.eu\/et\/pood\/"},{"@type":"ListItem","position":3,"name":"Audi A2 8Z 00-05 p\u016bstuvo rezistorius"}]},{"@type":"WebSite","@id":"https:\/\/erformance.eu\/et\/#website","url":"https:\/\/erformance.eu\/et\/","name":"Erformance.eu","description":"Automobili\u0173 dali\u0173 parduotuv\u0117","potentialAction":[{"@type":"SearchAction","target":{"@type":"EntryPoint","urlTemplate":"https:\/\/erformance.eu\/et\/?s={search_term_string}"},"query-input":{"@type":"PropertyValueSpecification","valueRequired":true,"valueName":"search_term_string"}}],"inLanguage":"et"}]}},"jetpack_sharing_enabled":true,"_links":{"self":[{"href":"https:\/\/erformance.eu\/et\/wp-json\/wp\/v2\/product\/64514","targetHints":{"allow":["GET"]}}],"collection":[{"href":"https:\/\/erformance.eu\/et\/wp-json\/wp\/v2\/product"}],"about":[{"href":"https:\/\/erformance.eu\/et\/wp-json\/wp\/v2\/types\/product"}],"replies":[{"embeddable":true,"href":"https:\/\/erformance.eu\/et\/wp-json\/wp\/v2\/comments?post=64514"}],"version-history":[{"count":1,"href":"https:\/\/erformance.eu\/et\/wp-json\/wp\/v2\/product\/64514\/revisions"}],"predecessor-version":[{"id":64521,"href":"https:\/\/erformance.eu\/et\/wp-json\/wp\/v2\/product\/64514\/revisions\/64521"}],"wp:featuredmedia":[{"embeddable":true,"href":"https:\/\/erformance.eu\/et\/wp-json\/wp\/v2\/media\/64515"}],"wp:attachment":[{"href":"https:\/\/erformance.eu\/et\/wp-json\/wp\/v2\/media?parent=64514"}],"wp:term":[{"taxonomy":"product_brand","embeddable":true,"href":"https:\/\/erformance.eu\/et\/wp-json\/wp\/v2\/product_brand?post=64514"},{"taxonomy":"product_cat","embeddable":true,"href":"https:\/\/erformance.eu\/et\/wp-json\/wp\/v2\/product_cat?post=64514"},{"taxonomy":"product_tag","embeddable":true,"href":"https:\/\/erformance.eu\/et\/wp-json\/wp\/v2\/product_tag?post=64514"}],"curies":[{"name":"wp","href":"https:\/\/api.w.org\/{rel}","templated":true}]}}