{"id":65010,"date":"2026-02-16T15:35:17","date_gmt":"2026-02-16T12:35:17","guid":{"rendered":"https:\/\/erformance.eu\/?post_type=product&#038;p=65010"},"modified":"2026-03-12T12:12:35","modified_gmt":"2026-03-12T09:12:35","slug":"audi-a4-04-07-vilkimo-kablio-dangtelis-priekiniame-bamperyje-juodas","status":"publish","type":"product","link":"https:\/\/erformance.eu\/et\/toode\/audi-a4-04-07-vilkimo-kablio-dangtelis-priekiniame-bamperyje-juodas\/","title":{"rendered":"Audi A4 04-07 vilkimo kablio dangtelis priekiniame bamperyje, JUODAS"},"content":{"rendered":"<p>Prek\u0117: Priekinio bamperio vilkimo kablio dangtelis<br \/>\nOE numeris: 8E0807241C<br \/>\nPASTABA: auk\u0161\u010diau pateikti numeriai yra original\u016bs dali\u0173 numeriai, kuriuos \u0161is pasi\u016blymas pakei\u010dia. Prie\u0161 pirkdami, palyginkite juos su originaliu dalies numeriu. Jei jie skiriasi net vienu simboliu, dalis netiks, neveiks arba veiks netinkamai. Tokiu atveju jos nepirkite.<br \/>\nAutomobilis: Audi A4 B7<br \/>\nPagaminimo metai: 2004\u20132007<br \/>\nSpalva: juoda<br \/>\nGamintojas: pakaitalas<br \/>\nTechnin\u0117 b\u016bkl\u0117: prek\u0117 yra visi\u0161kai nauja, nenaudota, nepa\u017eeista ir nesugadinta<\/p>\n","protected":false},"excerpt":{"rendered":"<p>1. Prek\u0117: Vilkimo kablio buferio dangtelis2. Spalva: juoda \u2013 neda\u017eyta3. Gamintojas: pakeitimas4. Automobilis: Audi A4 B75. Pagaminimo metai: 2004\u20132007<\/p>\n","protected":false},"featured_media":65011,"comment_status":"open","ping_status":"closed","template":"","meta":[],"product_brand":[],"product_cat":[390,144,3910,4077,3950],"product_tag":[],"class_list":{"0":"post-65010","1":"product","2":"type-product","3":"status-publish","4":"has-post-thumbnail","6":"product_cat-audi-a4","7":"product_cat-audi","8":"product_cat-audi-a4-b7","9":"product_cat-audi-a4-b7-bamperiai-ju-dalys","10":"product_cat-audi-a4-b7-isores-dalys","12":"first","13":"instock","14":"shipping-taxable","15":"purchasable","16":"product-type-simple"},"yoast_head":"<!-- This site is optimized with the Yoast SEO Premium plugin v25.2 (Yoast SEO v27.5) - https:\/\/yoast.com\/product\/yoast-seo-premium-wordpress\/ -->\n<title>Audi A4 04-07 vilkimo kablio dangtelis priekiniame bamperyje, JUODAS - Erformance.eu<\/title>\n<meta name=\"robots\" content=\"index, follow, max-snippet:-1, max-image-preview:large, max-video-preview:-1\" \/>\n<link rel=\"canonical\" href=\"https:\/\/erformance.eu\/et\/toode\/audi-a4-04-07-vilkimo-kablio-dangtelis-priekiniame-bamperyje-juodas\/\" \/>\n<meta property=\"og:locale\" content=\"et_EE\" \/>\n<meta property=\"og:type\" content=\"article\" \/>\n<meta property=\"og:title\" content=\"Audi A4 04-07 vilkimo kablio dangtelis priekiniame bamperyje, JUODAS\" \/>\n<meta property=\"og:description\" content=\"1. Prek\u0117: Vilkimo kablio buferio dangtelis2. Spalva: juoda \u2013 neda\u017eyta3. Gamintojas: pakeitimas4. Automobilis: Audi A4 B75. Pagaminimo metai: 2004\u20132007\" \/>\n<meta property=\"og:url\" content=\"https:\/\/erformance.eu\/et\/toode\/audi-a4-04-07-vilkimo-kablio-dangtelis-priekiniame-bamperyje-juodas\/\" \/>\n<meta property=\"og:site_name\" content=\"Erformance.eu\" \/>\n<meta property=\"article:modified_time\" content=\"2026-03-12T09:12:35+00:00\" \/>\n<meta property=\"og:image\" content=\"https:\/\/erformance.eu\/wp-content\/uploads\/2026\/02\/pol_pm_Audi-A4-04-07-zaslepka-haka-holowniczego-w-zderzak-przedni-CZARNA-4947_1.jpg\" \/>\n\t<meta property=\"og:image:width\" content=\"667\" \/>\n\t<meta property=\"og:image:height\" content=\"500\" \/>\n\t<meta property=\"og:image:type\" content=\"image\/jpeg\" \/>\n<meta name=\"twitter:card\" content=\"summary_large_image\" \/>\n<script type=\"application\/ld+json\" class=\"yoast-schema-graph\">{\"@context\":\"https:\\\/\\\/schema.org\",\"@graph\":[{\"@type\":\"WebPage\",\"@id\":\"https:\\\/\\\/erformance.eu\\\/et\\\/toode\\\/audi-a4-04-07-vilkimo-kablio-dangtelis-priekiniame-bamperyje-juodas\\\/\",\"url\":\"https:\\\/\\\/erformance.eu\\\/et\\\/toode\\\/audi-a4-04-07-vilkimo-kablio-dangtelis-priekiniame-bamperyje-juodas\\\/\",\"name\":\"Audi A4 04-07 vilkimo kablio dangtelis priekiniame bamperyje, JUODAS - Erformance.eu\",\"isPartOf\":{\"@id\":\"https:\\\/\\\/erformance.eu\\\/et\\\/#website\"},\"primaryImageOfPage\":{\"@id\":\"https:\\\/\\\/erformance.eu\\\/et\\\/toode\\\/audi-a4-04-07-vilkimo-kablio-dangtelis-priekiniame-bamperyje-juodas\\\/#primaryimage\"},\"image\":{\"@id\":\"https:\\\/\\\/erformance.eu\\\/et\\\/toode\\\/audi-a4-04-07-vilkimo-kablio-dangtelis-priekiniame-bamperyje-juodas\\\/#primaryimage\"},\"thumbnailUrl\":\"https:\\\/\\\/erformance.eu\\\/wp-content\\\/uploads\\\/2026\\\/02\\\/pol_pm_Audi-A4-04-07-zaslepka-haka-holowniczego-w-zderzak-przedni-CZARNA-4947_1.jpg\",\"datePublished\":\"2026-02-16T12:35:17+00:00\",\"dateModified\":\"2026-03-12T09:12:35+00:00\",\"breadcrumb\":{\"@id\":\"https:\\\/\\\/erformance.eu\\\/et\\\/toode\\\/audi-a4-04-07-vilkimo-kablio-dangtelis-priekiniame-bamperyje-juodas\\\/#breadcrumb\"},\"inLanguage\":\"et\",\"potentialAction\":[{\"@type\":\"ReadAction\",\"target\":[\"https:\\\/\\\/erformance.eu\\\/et\\\/toode\\\/audi-a4-04-07-vilkimo-kablio-dangtelis-priekiniame-bamperyje-juodas\\\/\"]}]},{\"@type\":\"ImageObject\",\"inLanguage\":\"et\",\"@id\":\"https:\\\/\\\/erformance.eu\\\/et\\\/toode\\\/audi-a4-04-07-vilkimo-kablio-dangtelis-priekiniame-bamperyje-juodas\\\/#primaryimage\",\"url\":\"https:\\\/\\\/erformance.eu\\\/wp-content\\\/uploads\\\/2026\\\/02\\\/pol_pm_Audi-A4-04-07-zaslepka-haka-holowniczego-w-zderzak-przedni-CZARNA-4947_1.jpg\",\"contentUrl\":\"https:\\\/\\\/erformance.eu\\\/wp-content\\\/uploads\\\/2026\\\/02\\\/pol_pm_Audi-A4-04-07-zaslepka-haka-holowniczego-w-zderzak-przedni-CZARNA-4947_1.jpg\",\"width\":667,\"height\":500},{\"@type\":\"BreadcrumbList\",\"@id\":\"https:\\\/\\\/erformance.eu\\\/et\\\/toode\\\/audi-a4-04-07-vilkimo-kablio-dangtelis-priekiniame-bamperyje-juodas\\\/#breadcrumb\",\"itemListElement\":[{\"@type\":\"ListItem\",\"position\":1,\"name\":\"Home\",\"item\":\"https:\\\/\\\/erformance.eu\\\/et\\\/\"},{\"@type\":\"ListItem\",\"position\":2,\"name\":\"Pood\",\"item\":\"https:\\\/\\\/erformance.eu\\\/et\\\/pood\\\/\"},{\"@type\":\"ListItem\",\"position\":3,\"name\":\"Audi A4 04-07 vilkimo kablio dangtelis priekiniame bamperyje, JUODAS\"}]},{\"@type\":\"WebSite\",\"@id\":\"https:\\\/\\\/erformance.eu\\\/et\\\/#website\",\"url\":\"https:\\\/\\\/erformance.eu\\\/et\\\/\",\"name\":\"Erformance.eu\",\"description\":\"Automobili\u0173 dali\u0173 parduotuv\u0117\",\"potentialAction\":[{\"@type\":\"SearchAction\",\"target\":{\"@type\":\"EntryPoint\",\"urlTemplate\":\"https:\\\/\\\/erformance.eu\\\/et\\\/?s={search_term_string}\"},\"query-input\":{\"@type\":\"PropertyValueSpecification\",\"valueRequired\":true,\"valueName\":\"search_term_string\"}}],\"inLanguage\":\"et\"}]}<\/script>\n<!-- \/ Yoast SEO Premium plugin. -->","yoast_head_json":{"title":"Audi A4 04-07 vilkimo kablio dangtelis priekiniame bamperyje, JUODAS - Erformance.eu","robots":{"index":"index","follow":"follow","max-snippet":"max-snippet:-1","max-image-preview":"max-image-preview:large","max-video-preview":"max-video-preview:-1"},"canonical":"https:\/\/erformance.eu\/et\/toode\/audi-a4-04-07-vilkimo-kablio-dangtelis-priekiniame-bamperyje-juodas\/","og_locale":"et_EE","og_type":"article","og_title":"Audi A4 04-07 vilkimo kablio dangtelis priekiniame bamperyje, JUODAS","og_description":"1. Prek\u0117: Vilkimo kablio buferio dangtelis2. Spalva: juoda \u2013 neda\u017eyta3. Gamintojas: pakeitimas4. Automobilis: Audi A4 B75. Pagaminimo metai: 2004\u20132007","og_url":"https:\/\/erformance.eu\/et\/toode\/audi-a4-04-07-vilkimo-kablio-dangtelis-priekiniame-bamperyje-juodas\/","og_site_name":"Erformance.eu","article_modified_time":"2026-03-12T09:12:35+00:00","og_image":[{"width":667,"height":500,"url":"https:\/\/erformance.eu\/wp-content\/uploads\/2026\/02\/pol_pm_Audi-A4-04-07-zaslepka-haka-holowniczego-w-zderzak-przedni-CZARNA-4947_1.jpg","type":"image\/jpeg"}],"twitter_card":"summary_large_image","schema":{"@context":"https:\/\/schema.org","@graph":[{"@type":"WebPage","@id":"https:\/\/erformance.eu\/et\/toode\/audi-a4-04-07-vilkimo-kablio-dangtelis-priekiniame-bamperyje-juodas\/","url":"https:\/\/erformance.eu\/et\/toode\/audi-a4-04-07-vilkimo-kablio-dangtelis-priekiniame-bamperyje-juodas\/","name":"Audi A4 04-07 vilkimo kablio dangtelis priekiniame bamperyje, JUODAS - Erformance.eu","isPartOf":{"@id":"https:\/\/erformance.eu\/et\/#website"},"primaryImageOfPage":{"@id":"https:\/\/erformance.eu\/et\/toode\/audi-a4-04-07-vilkimo-kablio-dangtelis-priekiniame-bamperyje-juodas\/#primaryimage"},"image":{"@id":"https:\/\/erformance.eu\/et\/toode\/audi-a4-04-07-vilkimo-kablio-dangtelis-priekiniame-bamperyje-juodas\/#primaryimage"},"thumbnailUrl":"https:\/\/erformance.eu\/wp-content\/uploads\/2026\/02\/pol_pm_Audi-A4-04-07-zaslepka-haka-holowniczego-w-zderzak-przedni-CZARNA-4947_1.jpg","datePublished":"2026-02-16T12:35:17+00:00","dateModified":"2026-03-12T09:12:35+00:00","breadcrumb":{"@id":"https:\/\/erformance.eu\/et\/toode\/audi-a4-04-07-vilkimo-kablio-dangtelis-priekiniame-bamperyje-juodas\/#breadcrumb"},"inLanguage":"et","potentialAction":[{"@type":"ReadAction","target":["https:\/\/erformance.eu\/et\/toode\/audi-a4-04-07-vilkimo-kablio-dangtelis-priekiniame-bamperyje-juodas\/"]}]},{"@type":"ImageObject","inLanguage":"et","@id":"https:\/\/erformance.eu\/et\/toode\/audi-a4-04-07-vilkimo-kablio-dangtelis-priekiniame-bamperyje-juodas\/#primaryimage","url":"https:\/\/erformance.eu\/wp-content\/uploads\/2026\/02\/pol_pm_Audi-A4-04-07-zaslepka-haka-holowniczego-w-zderzak-przedni-CZARNA-4947_1.jpg","contentUrl":"https:\/\/erformance.eu\/wp-content\/uploads\/2026\/02\/pol_pm_Audi-A4-04-07-zaslepka-haka-holowniczego-w-zderzak-przedni-CZARNA-4947_1.jpg","width":667,"height":500},{"@type":"BreadcrumbList","@id":"https:\/\/erformance.eu\/et\/toode\/audi-a4-04-07-vilkimo-kablio-dangtelis-priekiniame-bamperyje-juodas\/#breadcrumb","itemListElement":[{"@type":"ListItem","position":1,"name":"Home","item":"https:\/\/erformance.eu\/et\/"},{"@type":"ListItem","position":2,"name":"Pood","item":"https:\/\/erformance.eu\/et\/pood\/"},{"@type":"ListItem","position":3,"name":"Audi A4 04-07 vilkimo kablio dangtelis priekiniame bamperyje, JUODAS"}]},{"@type":"WebSite","@id":"https:\/\/erformance.eu\/et\/#website","url":"https:\/\/erformance.eu\/et\/","name":"Erformance.eu","description":"Automobili\u0173 dali\u0173 parduotuv\u0117","potentialAction":[{"@type":"SearchAction","target":{"@type":"EntryPoint","urlTemplate":"https:\/\/erformance.eu\/et\/?s={search_term_string}"},"query-input":{"@type":"PropertyValueSpecification","valueRequired":true,"valueName":"search_term_string"}}],"inLanguage":"et"}]}},"jetpack_sharing_enabled":true,"_links":{"self":[{"href":"https:\/\/erformance.eu\/et\/wp-json\/wp\/v2\/product\/65010","targetHints":{"allow":["GET"]}}],"collection":[{"href":"https:\/\/erformance.eu\/et\/wp-json\/wp\/v2\/product"}],"about":[{"href":"https:\/\/erformance.eu\/et\/wp-json\/wp\/v2\/types\/product"}],"replies":[{"embeddable":true,"href":"https:\/\/erformance.eu\/et\/wp-json\/wp\/v2\/comments?post=65010"}],"version-history":[{"count":1,"href":"https:\/\/erformance.eu\/et\/wp-json\/wp\/v2\/product\/65010\/revisions"}],"predecessor-version":[{"id":65013,"href":"https:\/\/erformance.eu\/et\/wp-json\/wp\/v2\/product\/65010\/revisions\/65013"}],"wp:featuredmedia":[{"embeddable":true,"href":"https:\/\/erformance.eu\/et\/wp-json\/wp\/v2\/media\/65011"}],"wp:attachment":[{"href":"https:\/\/erformance.eu\/et\/wp-json\/wp\/v2\/media?parent=65010"}],"wp:term":[{"taxonomy":"product_brand","embeddable":true,"href":"https:\/\/erformance.eu\/et\/wp-json\/wp\/v2\/product_brand?post=65010"},{"taxonomy":"product_cat","embeddable":true,"href":"https:\/\/erformance.eu\/et\/wp-json\/wp\/v2\/product_cat?post=65010"},{"taxonomy":"product_tag","embeddable":true,"href":"https:\/\/erformance.eu\/et\/wp-json\/wp\/v2\/product_tag?post=65010"}],"curies":[{"name":"wp","href":"https:\/\/api.w.org\/{rel}","templated":true}]}}