{"id":65073,"date":"2026-02-16T15:35:41","date_gmt":"2026-02-16T12:35:41","guid":{"rendered":"https:\/\/erformance.eu\/?post_type=product&#038;p=65073"},"modified":"2026-03-12T12:10:17","modified_gmt":"2026-03-12T09:10:17","slug":"audi-a4-b7-04-09-priekinio-valytuvo-variklis","status":"publish","type":"product","link":"https:\/\/erformance.eu\/et\/toode\/audi-a4-b7-04-09-priekinio-valytuvo-variklis\/","title":{"rendered":"Audi A4 B7 04-09 priekinio valytuvo variklis"},"content":{"rendered":"<p>Prek\u0117: priekinio valytuvo variklis<br \/>\nOriginalus numeris:<\/p>\n<p>8E1955119<br \/>\n8E1955113<br \/>\n064053012010<br \/>\n0390241509<\/p>\n<p>PASTABA: auk\u0161\u010diau pateikti numeriai yra original\u016bs dali\u0173 numeriai, kuriuos \u0161is pasi\u016blymas pakei\u010dia. Prie\u0161 pirkdami, palyginkite juos su originaliu dalies numeriu. Jei jie skiriasi net vienu simboliu, dalis netiks, neveiks arba veiks netinkamai. Tokiu atveju jos nepirkite.<br \/>\nAutomobilis:<br \/>\nAudi A4 (8E2, B6), pagaminimo metai: 2000\u20132004<\/p>\n<p>Audi A4 (8E2, B6) 1.6 (ALZ) 1595ccm 102KM\/75kW 2000\/11 &#8211; 2004\/12<br \/>\nAudi A4 (8E2, B6) 1.8 T (AVJ) 1781ccm 150KM\/110kW 2000\/11 &#8211; 2002\/07<br \/>\nAudi A4 (8E2, B6) 1.8 T (BEX) 1781ccm 190KM\/140kW 2002\/11 &#8211; 2004\/12<br \/>\nAudi A4 (8E2, B6) 1.8 T (BFC) 1781 cm\u00b3 (163 km\/120 kW) 2002\/07-2004\/12<br \/>\nAudi A4 (8E2, B6) 1.8 T quattro (AVJ) 1781 cm3 (150 km\/110 kW) 2000\/11 &#8211; 2002\/07<br \/>\nAudi A4 (8E2, B6) 1.8 T quattro (BEX) 1781 cm\u00b3 (190 km\/140 kW) 2002\/11\u20132004\/12<br \/>\nAudi A4 (8E2, B6) 1.8 T quattro (BFC) 1781 cm\u00b3 (163 km\/120 kW) 2002-07-2004-12<br \/>\nAudi A4 (8E2, B6) 1.9 TDI (AVB) 1896ccm 101km\/74kW 2001\/05-2004\/12<br \/>\nAudi A4 (8E2, B6) 1.9 TDI (AVF AWX) 1896ccm 130KM\/96kW 2000\/11-2004\/12<br \/>\nAudi A4 (8E2, B6) 1.9 TDI (BKE) 1896ccm 116KM\/85kW 2004\/06-2004\/12<br \/>\nAudi A4 (8E2, B6) 1.9 TDI quattro (AVF) 1896ccm 130KM\/96kW 2001\/11-2004\/12<br \/>\nAudi A4 (8E2, B6) 2.0 (ALT) 1984ccm 130KM\/96kW 2000\/11-2004\/12<br \/>\nAudi A4 (8E2, B6) 2.0 FSI (AWA) 1984ccm 150km\/110kW 2002\/07-2004\/12<br \/>\nAudi A4 (8E2, B6) 2.4 (AMM) 2393ccm 163KM\/120kW 2001\/09-2004\/12<br \/>\nAudi A4 (8E2, B6) 2.4 (BWY) 2393 cm\u00b3 (170 km\/125 kW) 2001\/09\u20132004\/12<br \/>\nAudi A4 (8E2, B6) 2.5 TDI (AYM) 2496ccm 155KM\/114kW 2001\/08-2002\/07<br \/>\nAudi A4 (8E2, B6) 2.5 TDI (BCZ BDG BFC) 2496ccm 163KM\/120kW 2002\/07-2004\/12<br \/>\nAudi A4 (8E2, B6) 2.5 TDI quattro (AKE BAU BDH) 2496ccm 180KM\/132kW 2000\/11-2004\/12<br \/>\nAudi A4 (8E2, B6) 3.0 (ASN AVK) 2976ccm 220KM\/162kW 2000\/11-2004\/12<br \/>\nAudi A4 (8E2, B6) 3.0 (BBJ) 2976ccm 218KM\/160kW 2001\/04-2004\/12<br \/>\nAudi A4 (8E2, B6) 3.0 quattro (ASN AVK) 2976ccm 220KM\/162kW 2000\/11-2004\/12<br \/>\nAudi A4 (8E2, B6) 3.0 quattro (BBJ) 2976ccm 218KM\/160kW 2001\/04-2004\/12<br \/>\nAudi A4 (8E2, B6) S4 quattro (BBK) 4163ccm 344KM\/253kW 2003\/03-2004\/12<\/p>\n<p>Audi A4 Avant (8E5, B6), gamybos metai: 2001-2004<\/p>\n<p>Audi A4 Avant (8E5, B6) 1.6 (ABH) 1595ccm 102km\/75kW 2001\/09-2004\/12<br \/>\nAudi A4 Avant (8E5, B6) 1.8 T (AVJ) 1781ccm 150KM\/110kW 2001\/09-2002\/07<br \/>\nAudi A4 Avant (8E5, B6) 1.8 T (BEX) 1781ccm 190KM\/140kW 2002\/11-2004\/12<br \/>\nAudi A4 Avant (8E5, B6) 1.8 T (BFC) 1781 cm\u00b3 (163 km\/120 kW) 2002-07-2004-12<br \/>\nAudi A4 Avant (8E5, B6) 1.8 T quattro (AVJ) 1781 cm3 (150 km\/110 kW) 2001\/09\u20132002\/07<br \/>\nAudi A4 Avant (8E5, B6) 1.8 T quattro (BEX) 1781 cm\u00b3 (190 km\/140 kW) 2002-11-2004-12<br \/>\nAudi A4 Avant (8E5, B6) 1.8 T quattro (BFC) 1781 cm\u00b3 (163 km\/120 kW) 2002-07-2004-12<br \/>\nAudi A4 Avant (8E5, B6) 1.9 TDI (AVB) 1896ccm 101km\/74kW 2001\/11-2004\/12<br \/>\nAudi A4 Avant (8E5, B6) 1.9 TDI (AVF AWX) 1896ccm 130KM\/96kW 2001\/09-2004\/12<br \/>\nAudi A4 Avant (8E5, B6) 1.9 TDI (BKE) 1896ccm 116KM\/85kW 2004\/06-2004\/12<br \/>\nAudi A4 Avant (8E5, B6) 1.9 TDI quattro (AVF) 1896ccm 130KM\/96kW 2001\/11-2004\/12<br \/>\nAudi A4 Avant (8E5, B6) 2.0 (ALT) 1984ccm 130KM\/96kW 2001\/09-2004\/12<br \/>\nAudi A4 Avant (8E5, B6) 2.0 FSI (AWA) 1984ccm 150KM\/110kW 2002\/07-2004\/12<br \/>\nAudi A4 Avant (8E5, B6) 2.4 (AMM) 2393ccm 163KM\/120kW 2001\/09-2004\/12<br \/>\nAudi A4 Avant (8E5, B6) 2.4 (BDV) 2393ccm 170KM\/125kW 2001\/09-2004\/12<br \/>\nAudi A4 Avant (8E5, B6) 2.5 TDI (AYM) 2496ccm 155KM\/114kW 2001\/09-2002\/07<br \/>\nAudi A4 Avant (8E5, B6) 2.5 TDI (BCZ BDG BFC) 2496ccm 163KM\/120kW 2002\/07-2004\/12<br \/>\nAudi A4 Avant (8E5, B6) 2.5 TDI quattro (AKE BAU BDH) 2496ccm 180KM\/132kW 2001\/09-2004\/12<br \/>\nAudi A4 Avant (8E5, B6) 3.0 (ASN) 2976ccm 220KM\/162kW 2001\/09-2004\/12<br \/>\nAudi A4 Avant (8E5, B6) 3.0 (BBJ) 2976ccm 218KM\/160kW 2001\/04-2004\/12<br \/>\nAudi A4 Avant (8E5, B6) 3.0 quattro (ASN AVK) 2976ccm 220KM\/162kW 2001\/09-2004\/12<br \/>\nAudi A4 Avant (8E5, B6) 3.0 quattro (BBJ) 2976ccm 218KM\/160kW 2001\/04-2004\/12<br \/>\nAudi A4 Avant (8E5, B6) S4 quattro (BBK) 4163ccm 344KM\/253kW 2003\/03-2004\/12<\/p>\n<p>Audi A4 (8EC, B7), rok produkcji: 2004-2008<\/p>\n<p>Audi A4 (8EC, B7) 1.6 (ALZ) 1595ccm 102KM\/75kW 2004\/11-2008\/06<br \/>\nAudi A4 (8EC, B7) 1.8 T (BFB) 1781ccm 163KM\/120kW 2004\/11-2008\/06<br \/>\nAudi A4 (8EC, B7) 1.8 T quattro (BFB) 1781ccm 163KM\/120kW 2004\/11-2008\/06<br \/>\nAudi A4 (8EC, B7) 1.9 TDI (BKE BRB) 1896ccm 116KM\/85kW 2004\/11-2008\/06<br \/>\nAudi A4 (8EC, B7) 2.0 (ALT) 1984ccm 130KM\/96kW 2004\/11-2008\/06<br \/>\nAudi A4 (8EC, B7) 2.0 TDI (BNA BRF) 1968ccm 136KM\/100kW 2004\/11-2008\/06<br \/>\nAudi A4 (8EC, B7) 2.0 TDI (BPW) 1968ccm 140KM\/103kW 2004\/11-2008\/06<br \/>\nAudi A4 (8EC, B7) 2.0 TDI (BRD) 1968ccm 170KM\/125kW 2006\/06-2008\/06<br \/>\nAudi A4 (8EC, B7) 2.0 TDI (BVF) 1968ccm 126KM\/93kW 2005\/11-2006\/11<br \/>\nAudi A4 (8EC, B7) 2.0 TDI 16V (BLB BRE) 1968ccm 140KM\/103kW 2004\/11-2008\/06<br \/>\nAudi A4 (8EC, B7) 2.0 TDI quattro (BPW) 1968ccm 140KM\/103kW 2006\/01-2008\/06<br \/>\nAudi A4 (8EC, B7) 2.0 TDI quattro (BRD) 1968ccm 170KM\/125kW 2006\/06-2008\/06<br \/>\nAudi A4 (8EC, B7) 2.0 TFSI (BGB BPG BWE BWT) 1984ccm 200KM\/147kW 2004\/11-2008\/06<br \/>\nAudi A4 (8EC, B7) 2.0 TFSI (BPJ BYK) 1984ccm 170KM\/125kW 2006\/10-2008\/06<br \/>\nAudi A4 (8EC, B7) 2.0 TFSI (BUL) 1984ccm 220KM\/162kW 2005\/06-2008\/06<br \/>\nAudi A4 (8EC, B7) 2.0 TFSI quattro (BGB BPG BWE BWT) 1984ccm 200KM\/147kW 2004\/11-2008\/06<br \/>\nAudi A4 (8EC, B7) 2.0 TFSI quattro (BUL) 1984ccm 220KM\/162kW 2005\/06-2008\/06<br \/>\nAudi A4 (8EC, B7) 2.5 TDI (BDG) 2496ccm 163KM\/120kW 2004\/11-2006\/05<br \/>\nAudi A4 (8EC, B7) 2.7 TDI (BPP) 2698ccm 180KM\/132kW 2006\/01-2008\/06<br \/>\nAudi A4 (8EC, B7) 2.7 TDI (BSG) 2698ccm 163KM\/120kW 2005\/11-2008\/06<br \/>\nAudi A4 (8EC, B7) 3.0 TDI quattro (ASB) 2967ccm 233KM\/171kW 2006\/01-2008\/06<br \/>\nAudi A4 (8EC, B7) 3.0 TDI quattro (BKN) 2967ccm 204KM\/150kW 2004\/11-2008\/06<br \/>\nAudi A4 (8EC, B7) 3.0 quattro (BBJ) 2976ccm 218KM\/160kW 2004\/11-2006\/07<br \/>\nAudi A4 (8EC, B7) 3.2 FSI (AUK) 3123ccm 255KM\/188kW 2005\/01-2008\/06<br \/>\nAudi A4 (8EC, B7) 3.2 FSI quattro (AUK BKH) 3123ccm 255KM\/188kW 2005\/01-2008\/06<br \/>\nAudi A4 (8EC, B7) RS4 quattro (BNS) 4163ccm 420KM\/309kW 2005\/09-2008\/06<br \/>\nAudi A4 (8EC, B7) S4 quattro (BBK BHF) 4163ccm 344KM\/253kW 2004\/11-2008\/06<\/p>\n<p>Audi A4 Avant (8ED, B7), rok produkcji: 2004-2008<\/p>\n<p>Audi A4 Avant (8ED, B7) 1.6 (ALZ) 1595ccm 102KM\/75kW 2004\/11-2008\/06<br \/>\nAudi A4 Avant (8ED, B7) 1.8 T (BFB) 1781ccm 163KM\/120kW 2004\/11-2008\/06<br \/>\nAudi A4 Avant (8ED, B7) 1.8 T quattro (BFB) 1781ccm 163KM\/120kW 2004\/11-2008\/06<br \/>\nAudi A4 Avant (8ED, B7) 1.9 TDI (BKE BRB) 1896ccm 116KM\/85kW 2004\/11-2008\/06<br \/>\nAudi A4 Avant (8ED, B7) 2.0 (ALT) 1984ccm 130KM\/96kW 2004\/11-2008\/06<br \/>\nAudi A4 Avant (8ED, B7) 2.0 TDI (BNA BRF) 1968ccm 136KM\/100kW 2004\/11-2008\/06<br \/>\nAudi A4 Avant (8ED, B7) 2.0 TDI (BPW) 1968ccm 140KM\/103kW 2004\/11-2008\/06<br \/>\nAudi A4 Avant (8ED, B7) 2.0 TDI (BRD) 1968ccm 170KM\/125kW 2006\/06-2008\/06<br \/>\nAudi A4 Avant (8ED, B7) 2.0 TDI (BVF) 1968ccm 126KM\/93kW 2005\/11-2006\/11<br \/>\nAudi A4 Avant (8ED, B7) 2.0 TDI 16V (BLB BRE) 1968ccm 140KM\/103kW 2004\/11-2008\/06<br \/>\nAudi A4 Avant (8ED, B7) 2.0 TDI quattro (BPW) 1968ccm 140KM\/103kW 2006\/01-2008\/06<br \/>\nAudi A4 Avant (8ED, B7) 2.0 TDI quattro (BRD) 1968ccm 170KM\/125kW 2006\/06-2008\/06<br \/>\nAudi A4 Avant (8ED, B7) 2.0 TFSI (BGB BPG BWE) 1984ccm 200KM\/147kW 2004\/11-2008\/06<br \/>\nAudi A4 Avant (8ED, B7) 2.0 TFSI (BPJ BYK) 1984ccm 170KM\/125kW 2006\/10-2008\/06<br \/>\nAudi A4 Avant (8ED, B7) 2.0 TFSI (BUL) 1984ccm 220KM\/162kW 2005\/06-2008\/06<br \/>\nAudi A4 Avant (8ED, B7) 2.0 TFSI quattro (BGB BPG BWE BWT) 1984ccm 200KM\/147kW 2004\/11-2008\/06<br \/>\nAudi A4 Avant (8ED, B7) 2.0 TFSI quattro (BUL) 1984ccm 220KM\/162kW 2005\/06-2008\/06<br \/>\nAudi A4 Avant (8ED, B7) 2.5 TDI (BDG) 2496ccm 163KM\/120kW 2004\/11-2006\/05<br \/>\nAudi A4 Avant (8ED, B7) 2.7 TDI (BPP) 2698ccm 180KM\/132kW 2006\/01-2008\/06<br \/>\nAudi A4 Avant (8ED, B7) 2.7 TDi (BSG) 2698ccm 163KM\/120kW 2005\/11-2008\/03<br \/>\nAudi A4 Avant (8ED, B7) 3.0 (BBJ) 2976ccm 218KM\/160kW 2004\/11-2006\/05<br \/>\nAudi A4 Avant (8ED, B7) 3.0 TDI quattro (ASB) 2967ccm 233KM\/171kW 2006\/01-2008\/06<br \/>\nAudi A4 Avant (8ED, B7) 3.0 TDI quattro (BKN) 2967ccm 204KM\/150kW 2004\/11-2008\/06<br \/>\nAudi A4 Avant (8ED, B7) 3.0 quattro (BBJ) 2976ccm 218KM\/160kW 2004\/11-2006\/07<br \/>\nAudi A4 Avant (8ED, B7) 3.2 FSI (AUK) 3123ccm 255KM\/188kW 2005\/01-2008\/06<br \/>\nAudi A4 Avant (8ED, B7) 3.2 FSI quattro (AUK BKH) 3123ccm 255KM\/188kW 2005\/01-2008\/06<br \/>\nAudi A4 Avant (8ED, B7) RS4 quattro (BNS) 4163ccm 420KM\/309kW 2005\/09-2008\/06<br \/>\nAudi A4 Avant (8ED, B7) S4 quattro (BBK) 4163ccm 344KM\/253kW 2004\/11-2008\/06<\/p>\n<p>Audi A4 kabriolet (8H7, B6, 8HE, B7), rok produkcji: 2002-2009<\/p>\n<p>Audi A4 kabriolet (8H7, B6, 8HE, B7) 1.8 T (BFB) 1781ccm 163KM\/120kW 2002\/07-2009\/03<br \/>\nAudi A4 kabriolet (8H7, B6, 8HE, B7) 1.8 T quattro (BFB) 1781ccm 163KM\/120kW 2003\/05-2009\/03<br \/>\nAudi A4 kabriolet (8H7, B6, 8HE, B7) 2.0 (ALT) 1984ccm 130KM\/96kW 2004\/09-2005\/12<br \/>\nAudi A4 kabriolet (8H7, B6, 8HE, B7) 2.0 TDI (BPW) 1968ccm 140KM\/103kW 2006\/01-2009\/03<br \/>\nAudi A4 kabriolet (8H7, B6, 8HE, B7) 2.0 TDI (BRC) 1968ccm 136KM\/100kW 2006\/01-2009\/03<br \/>\nAudi A4 kabriolet (8H7, B6, 8HE, B7) 2.0 TFSI 16V (BWE BWT) 1984ccm 200KM\/147kW 2006\/01-2009\/03<br \/>\nAudi A4 kabriolet (8H7, B6, 8HE, B7) 2.4 (AMM) 2393ccm 163KM\/120kW 2002\/04-2005\/12<br \/>\nAudi A4 kabriolet (8H7, B6, 8HE, B7) 2.4 (BDV) 2393ccm 170KM\/125kW 2002\/04-2005\/12<br \/>\nAudi A4 kabriolet (8H7, B6, 8HE, B7) 2.5 TDI (BCZ BDG BFC) 2496ccm 163KM\/120kW 2002\/08-2005\/12<br \/>\nAudi A4 kabriolet (8H7, B6, 8HE, B7) 2.7 TDI (BPP) 2698ccm 180KM\/132kW 2006\/06-2009\/03<br \/>\nAudi A4 kabriolet (8H7, B6, 8HE, B7) 3.0 (ASN AVK) 2976ccm 220KM\/162kW 2002\/04-2005\/12<br \/>\nAudi A4 kabriolet (8H7, B6, 8HE, B7) 3.0 (BBJ) 2976ccm 218KM\/160kW 2002\/04-2005\/12<br \/>\nAudi A4 kabriolet (8H7, B6, 8HE, B7) 3.0 TDI quattro (ASB) 2967ccm 233KM\/171kW 2006\/01-2009\/03<br \/>\nAudi A4 kabriolet (8H7, B6, 8HE, B7) 3.0 TDI quattro (BKN) 2967ccm 204KM\/150kW 2006\/01-2009\/03<br \/>\nAudi A4 kabriolet (8H7, B6, 8HE, B7) 3.0 quattro (ASN AVK) 2976ccm 220KM\/162kW 2003\/05-2005\/12<br \/>\nAudi A4 kabriolet (8H7, B6, 8HE, B7) 3.2 FSI (AUK) 3123ccm 255KM\/188kW 2006\/01-2009\/03<br \/>\nAudi A4 kabriolet (8H7, B6, 8HE, B7) 3.2 FSI quattro (AUK BKH) 3123ccm 255KM\/188kW 2006\/01-2009\/03<br \/>\nAudi A4 kabriolet (8H7, B6, 8HE, B7) RS4 quattro (BNS) 4163ccm 420KM\/309kW 2006\/06-2009\/03<br \/>\nAudi A4 kabriolet (8H7, B6, 8HE, B7) S4 quattro (BBK BHF) 4163ccm 344KM\/253kW 2004\/03-2009\/03<\/p>\n<p>Seat EXEO (3R2), rok produkcji: 2008-2013<\/p>\n<p>Seat EXEO (3R2) 1.6 (ALZ) 1595ccm 102KM\/75kW 2009\/03-2010\/09<br \/>\nSeat EXEO (3R2) 1.8 T (CFMA) 1781ccm 150KM\/110kW 2008\/12-2010\/05<br \/>\nSeat EXEO (3R2) 1.8 TSI (CDHA) 1798ccm 120KM\/88kW 2010\/09-2013\/05<br \/>\nSeat EXEO (3R2) 1.8 TSI (CDHB) 1798ccm 160KM\/118kW 2010\/05-2013\/05<br \/>\nSeat EXEO (3R2) 2.0 TDI (CAGA CJCA) 1968ccm 143KM\/105kW 2008\/12-2013\/05<br \/>\nSeat EXEO (3R2) 2.0 TDI (CAGC CJCC) 1968ccm 120KM\/88kW 2008\/12-2013\/05<br \/>\nSeat EXEO (3R2) 2.0 TDI (CAHA CGLB) 1968ccm 170KM\/125kW 2009\/02-2013\/05<br \/>\nSeat EXEO (3R2) 2.0 TFSI (BWE) 1984ccm 200KM\/147kW 2009\/03-2013\/05<br \/>\nSeat EXEO (3R2) 2.0 TFSI (CDND) 1984ccm 211KM\/155kW 2010\/05-2013\/05<\/p>\n<p>Seat EXEO ST (3R5), rok produkcji: 2009-2013<\/p>\n<p>Seat EXEO ST (3R5) 1.6 (ALZ) 1595ccm 102KM\/75kW 2009\/06-2010\/09<br \/>\nSeat EXEO ST (3R5) 1.8 T (CFMA) 1781ccm 150KM\/110kW 2009\/06-2010\/05<br \/>\nSeat EXEO ST (3R5) 1.8 TSI (CDHA) 1798ccm 120KM\/88kW 2010\/09-2013\/05<br \/>\nSeat EXEO ST (3R5) 1.8 TSI (CDHB) 1798ccm 160KM\/118kW 2010\/05-2013\/05<br \/>\nSeat EXEO ST (3R5) 2.0 TDI (CAGA CJCA) 1968ccm 143KM\/105kW 2009\/05-2013\/05<br \/>\nSeat EXEO ST (3R5) 2.0 TDI (CAGC CJCC) 1968ccm 120KM\/88kW 2009\/07-2013\/05<br \/>\nSeat EXEO ST (3R5) 2.0 TDI (CAHA CGLB) 1968ccm 170KM\/125kW 2009\/05-2013\/05<br \/>\nSeat EXEO ST (3R5) 2.0 TFSI (BWE) 1984ccm 200KM\/147kW 2009\/06-2013\/05<br \/>\nSeat EXEO ST (3R5) 2.0 TFSI (CDND) 1984ccm 211KM\/155kW 2010\/05-2013\/05<\/p>\n<p>Ilo\u015b\u0107 pin\u00f3w: 4 PINY<br \/>\nProducent: zamiennik<br \/>\nStan techniczny: przedmiot jest fabrycznie NOWY, nieu\u017cywany, nieuszkodzony i niezniszczony<br \/>\nUwaga! dla pojazd\u00f3w z kierownic\u0105 z lewej strony<\/p>\n","protected":false},"excerpt":{"rendered":"<p>1. Prek\u0117: Priekinio valytuvo variklis2. Gamintojas: pakeitimas3. Automobilis:     * Audi A4 B6 00-04     * Audi A4 B7 04-09     * Seat Exeo 08-13<\/p>\n","protected":false},"featured_media":65074,"comment_status":"open","ping_status":"closed","template":"","meta":[],"product_brand":[],"product_cat":[390,144,3910,3950,4350],"product_tag":[],"class_list":{"0":"post-65073","1":"product","2":"type-product","3":"status-publish","4":"has-post-thumbnail","6":"product_cat-audi-a4","7":"product_cat-audi","8":"product_cat-audi-a4-b7","9":"product_cat-audi-a4-b7-isores-dalys","10":"product_cat-audi-a4-b7-mechanizmai-valytuvai","12":"first","13":"instock","14":"shipping-taxable","15":"purchasable","16":"product-type-simple"},"yoast_head":"<!-- This site is optimized with the Yoast SEO Premium plugin v25.2 (Yoast SEO v27.4) - https:\/\/yoast.com\/product\/yoast-seo-premium-wordpress\/ -->\n<title>Audi A4 B7 04-09 priekinio valytuvo variklis - Erformance.eu<\/title>\n<meta name=\"robots\" content=\"index, follow, max-snippet:-1, max-image-preview:large, max-video-preview:-1\" \/>\n<link rel=\"canonical\" href=\"https:\/\/erformance.eu\/et\/toode\/audi-a4-b7-04-09-priekinio-valytuvo-variklis\/\" \/>\n<meta property=\"og:locale\" content=\"et_EE\" \/>\n<meta property=\"og:type\" content=\"article\" \/>\n<meta property=\"og:title\" content=\"Audi A4 B7 04-09 priekinio valytuvo variklis\" \/>\n<meta property=\"og:description\" content=\"1. Prek\u0117: Priekinio valytuvo variklis2. Gamintojas: pakeitimas3. Automobilis:   * Audi A4 B6 00-04   * Audi A4 B7 04-09   * Seat Exeo 08-13\" \/>\n<meta property=\"og:url\" content=\"https:\/\/erformance.eu\/et\/toode\/audi-a4-b7-04-09-priekinio-valytuvo-variklis\/\" \/>\n<meta property=\"og:site_name\" content=\"Erformance.eu\" \/>\n<meta property=\"article:modified_time\" content=\"2026-03-12T09:10:17+00:00\" \/>\n<meta property=\"og:image\" content=\"https:\/\/erformance.eu\/wp-content\/uploads\/2026\/02\/pol_pm_Audi-A4-B7-04-09-silniczek-wycieraczek-przednich-22303_1.jpg\" \/>\n\t<meta property=\"og:image:width\" content=\"1200\" \/>\n\t<meta property=\"og:image:height\" content=\"900\" \/>\n\t<meta property=\"og:image:type\" content=\"image\/jpeg\" \/>\n<meta name=\"twitter:card\" content=\"summary_large_image\" \/>\n<meta name=\"twitter:label1\" content=\"Est. reading time\" \/>\n\t<meta name=\"twitter:data1\" content=\"8 minutit\" \/>\n<script type=\"application\/ld+json\" class=\"yoast-schema-graph\">{\"@context\":\"https:\\\/\\\/schema.org\",\"@graph\":[{\"@type\":\"WebPage\",\"@id\":\"https:\\\/\\\/erformance.eu\\\/et\\\/toode\\\/audi-a4-b7-04-09-priekinio-valytuvo-variklis\\\/\",\"url\":\"https:\\\/\\\/erformance.eu\\\/et\\\/toode\\\/audi-a4-b7-04-09-priekinio-valytuvo-variklis\\\/\",\"name\":\"Audi A4 B7 04-09 priekinio valytuvo variklis - Erformance.eu\",\"isPartOf\":{\"@id\":\"https:\\\/\\\/erformance.eu\\\/et\\\/#website\"},\"primaryImageOfPage\":{\"@id\":\"https:\\\/\\\/erformance.eu\\\/et\\\/toode\\\/audi-a4-b7-04-09-priekinio-valytuvo-variklis\\\/#primaryimage\"},\"image\":{\"@id\":\"https:\\\/\\\/erformance.eu\\\/et\\\/toode\\\/audi-a4-b7-04-09-priekinio-valytuvo-variklis\\\/#primaryimage\"},\"thumbnailUrl\":\"https:\\\/\\\/erformance.eu\\\/wp-content\\\/uploads\\\/2026\\\/02\\\/pol_pm_Audi-A4-B7-04-09-silniczek-wycieraczek-przednich-22303_1.jpg\",\"datePublished\":\"2026-02-16T12:35:41+00:00\",\"dateModified\":\"2026-03-12T09:10:17+00:00\",\"breadcrumb\":{\"@id\":\"https:\\\/\\\/erformance.eu\\\/et\\\/toode\\\/audi-a4-b7-04-09-priekinio-valytuvo-variklis\\\/#breadcrumb\"},\"inLanguage\":\"et\",\"potentialAction\":[{\"@type\":\"ReadAction\",\"target\":[\"https:\\\/\\\/erformance.eu\\\/et\\\/toode\\\/audi-a4-b7-04-09-priekinio-valytuvo-variklis\\\/\"]}]},{\"@type\":\"ImageObject\",\"inLanguage\":\"et\",\"@id\":\"https:\\\/\\\/erformance.eu\\\/et\\\/toode\\\/audi-a4-b7-04-09-priekinio-valytuvo-variklis\\\/#primaryimage\",\"url\":\"https:\\\/\\\/erformance.eu\\\/wp-content\\\/uploads\\\/2026\\\/02\\\/pol_pm_Audi-A4-B7-04-09-silniczek-wycieraczek-przednich-22303_1.jpg\",\"contentUrl\":\"https:\\\/\\\/erformance.eu\\\/wp-content\\\/uploads\\\/2026\\\/02\\\/pol_pm_Audi-A4-B7-04-09-silniczek-wycieraczek-przednich-22303_1.jpg\",\"width\":1200,\"height\":900},{\"@type\":\"BreadcrumbList\",\"@id\":\"https:\\\/\\\/erformance.eu\\\/et\\\/toode\\\/audi-a4-b7-04-09-priekinio-valytuvo-variklis\\\/#breadcrumb\",\"itemListElement\":[{\"@type\":\"ListItem\",\"position\":1,\"name\":\"Home\",\"item\":\"https:\\\/\\\/erformance.eu\\\/et\\\/\"},{\"@type\":\"ListItem\",\"position\":2,\"name\":\"Pood\",\"item\":\"https:\\\/\\\/erformance.eu\\\/et\\\/pood\\\/\"},{\"@type\":\"ListItem\",\"position\":3,\"name\":\"Audi A4 B7 04-09 priekinio valytuvo variklis\"}]},{\"@type\":\"WebSite\",\"@id\":\"https:\\\/\\\/erformance.eu\\\/et\\\/#website\",\"url\":\"https:\\\/\\\/erformance.eu\\\/et\\\/\",\"name\":\"Erformance.eu\",\"description\":\"Automobili\u0173 dali\u0173 parduotuv\u0117\",\"potentialAction\":[{\"@type\":\"SearchAction\",\"target\":{\"@type\":\"EntryPoint\",\"urlTemplate\":\"https:\\\/\\\/erformance.eu\\\/et\\\/?s={search_term_string}\"},\"query-input\":{\"@type\":\"PropertyValueSpecification\",\"valueRequired\":true,\"valueName\":\"search_term_string\"}}],\"inLanguage\":\"et\"}]}<\/script>\n<!-- \/ Yoast SEO Premium plugin. -->","yoast_head_json":{"title":"Audi A4 B7 04-09 priekinio valytuvo variklis - Erformance.eu","robots":{"index":"index","follow":"follow","max-snippet":"max-snippet:-1","max-image-preview":"max-image-preview:large","max-video-preview":"max-video-preview:-1"},"canonical":"https:\/\/erformance.eu\/et\/toode\/audi-a4-b7-04-09-priekinio-valytuvo-variklis\/","og_locale":"et_EE","og_type":"article","og_title":"Audi A4 B7 04-09 priekinio valytuvo variklis","og_description":"1. Prek\u0117: Priekinio valytuvo variklis2. Gamintojas: pakeitimas3. Automobilis:   * Audi A4 B6 00-04   * Audi A4 B7 04-09   * Seat Exeo 08-13","og_url":"https:\/\/erformance.eu\/et\/toode\/audi-a4-b7-04-09-priekinio-valytuvo-variklis\/","og_site_name":"Erformance.eu","article_modified_time":"2026-03-12T09:10:17+00:00","og_image":[{"width":1200,"height":900,"url":"https:\/\/erformance.eu\/wp-content\/uploads\/2026\/02\/pol_pm_Audi-A4-B7-04-09-silniczek-wycieraczek-przednich-22303_1.jpg","type":"image\/jpeg"}],"twitter_card":"summary_large_image","twitter_misc":{"Est. reading time":"8 minutit"},"schema":{"@context":"https:\/\/schema.org","@graph":[{"@type":"WebPage","@id":"https:\/\/erformance.eu\/et\/toode\/audi-a4-b7-04-09-priekinio-valytuvo-variklis\/","url":"https:\/\/erformance.eu\/et\/toode\/audi-a4-b7-04-09-priekinio-valytuvo-variklis\/","name":"Audi A4 B7 04-09 priekinio valytuvo variklis - Erformance.eu","isPartOf":{"@id":"https:\/\/erformance.eu\/et\/#website"},"primaryImageOfPage":{"@id":"https:\/\/erformance.eu\/et\/toode\/audi-a4-b7-04-09-priekinio-valytuvo-variklis\/#primaryimage"},"image":{"@id":"https:\/\/erformance.eu\/et\/toode\/audi-a4-b7-04-09-priekinio-valytuvo-variklis\/#primaryimage"},"thumbnailUrl":"https:\/\/erformance.eu\/wp-content\/uploads\/2026\/02\/pol_pm_Audi-A4-B7-04-09-silniczek-wycieraczek-przednich-22303_1.jpg","datePublished":"2026-02-16T12:35:41+00:00","dateModified":"2026-03-12T09:10:17+00:00","breadcrumb":{"@id":"https:\/\/erformance.eu\/et\/toode\/audi-a4-b7-04-09-priekinio-valytuvo-variklis\/#breadcrumb"},"inLanguage":"et","potentialAction":[{"@type":"ReadAction","target":["https:\/\/erformance.eu\/et\/toode\/audi-a4-b7-04-09-priekinio-valytuvo-variklis\/"]}]},{"@type":"ImageObject","inLanguage":"et","@id":"https:\/\/erformance.eu\/et\/toode\/audi-a4-b7-04-09-priekinio-valytuvo-variklis\/#primaryimage","url":"https:\/\/erformance.eu\/wp-content\/uploads\/2026\/02\/pol_pm_Audi-A4-B7-04-09-silniczek-wycieraczek-przednich-22303_1.jpg","contentUrl":"https:\/\/erformance.eu\/wp-content\/uploads\/2026\/02\/pol_pm_Audi-A4-B7-04-09-silniczek-wycieraczek-przednich-22303_1.jpg","width":1200,"height":900},{"@type":"BreadcrumbList","@id":"https:\/\/erformance.eu\/et\/toode\/audi-a4-b7-04-09-priekinio-valytuvo-variklis\/#breadcrumb","itemListElement":[{"@type":"ListItem","position":1,"name":"Home","item":"https:\/\/erformance.eu\/et\/"},{"@type":"ListItem","position":2,"name":"Pood","item":"https:\/\/erformance.eu\/et\/pood\/"},{"@type":"ListItem","position":3,"name":"Audi A4 B7 04-09 priekinio valytuvo variklis"}]},{"@type":"WebSite","@id":"https:\/\/erformance.eu\/et\/#website","url":"https:\/\/erformance.eu\/et\/","name":"Erformance.eu","description":"Automobili\u0173 dali\u0173 parduotuv\u0117","potentialAction":[{"@type":"SearchAction","target":{"@type":"EntryPoint","urlTemplate":"https:\/\/erformance.eu\/et\/?s={search_term_string}"},"query-input":{"@type":"PropertyValueSpecification","valueRequired":true,"valueName":"search_term_string"}}],"inLanguage":"et"}]}},"jetpack_sharing_enabled":true,"_links":{"self":[{"href":"https:\/\/erformance.eu\/et\/wp-json\/wp\/v2\/product\/65073","targetHints":{"allow":["GET"]}}],"collection":[{"href":"https:\/\/erformance.eu\/et\/wp-json\/wp\/v2\/product"}],"about":[{"href":"https:\/\/erformance.eu\/et\/wp-json\/wp\/v2\/types\/product"}],"replies":[{"embeddable":true,"href":"https:\/\/erformance.eu\/et\/wp-json\/wp\/v2\/comments?post=65073"}],"version-history":[{"count":1,"href":"https:\/\/erformance.eu\/et\/wp-json\/wp\/v2\/product\/65073\/revisions"}],"predecessor-version":[{"id":65084,"href":"https:\/\/erformance.eu\/et\/wp-json\/wp\/v2\/product\/65073\/revisions\/65084"}],"wp:featuredmedia":[{"embeddable":true,"href":"https:\/\/erformance.eu\/et\/wp-json\/wp\/v2\/media\/65074"}],"wp:attachment":[{"href":"https:\/\/erformance.eu\/et\/wp-json\/wp\/v2\/media?parent=65073"}],"wp:term":[{"taxonomy":"product_brand","embeddable":true,"href":"https:\/\/erformance.eu\/et\/wp-json\/wp\/v2\/product_brand?post=65073"},{"taxonomy":"product_cat","embeddable":true,"href":"https:\/\/erformance.eu\/et\/wp-json\/wp\/v2\/product_cat?post=65073"},{"taxonomy":"product_tag","embeddable":true,"href":"https:\/\/erformance.eu\/et\/wp-json\/wp\/v2\/product_tag?post=65073"}],"curies":[{"name":"wp","href":"https:\/\/api.w.org\/{rel}","templated":true}]}}