{"id":65097,"date":"2026-02-16T15:35:49","date_gmt":"2026-02-16T12:35:49","guid":{"rendered":"https:\/\/erformance.eu\/?post_type=product&#038;p=65097"},"modified":"2026-03-12T12:09:47","modified_gmt":"2026-03-12T09:09:47","slug":"audi-a4-00-04-pdc-atbulines-eigos-daviklis","status":"publish","type":"product","link":"https:\/\/erformance.eu\/et\/toode\/audi-a4-00-04-pdc-atbulines-eigos-daviklis\/","title":{"rendered":"Audi A4 00-04 PDC atbulin\u0117s eigos daviklis"},"content":{"rendered":"<p>Prek\u0117: PDC atbulin\u0117s eigos jutiklis<br \/>\nOriginalus numeris:<\/p>\n<p>4B0919275<br \/>\n4B0919275A<br \/>\n7M3919275A<\/p>\n<p>Automobilis:<\/p>\n<p>Audi A3 , gamybos metai: 1996\u20132003<br \/>\nAudi A4 B6 , gamybos metai: 2000-2004<br \/>\n\u201eAudi A6 C5\u201c , gamybos metai: 1997\u20132001<br \/>\n\u201eFord Galaxy\u201c , gamybos metai: 2000\u20132006<br \/>\n\u201eSeat Alhambra\u201c , gamybos metai: 2000\u20132005<br \/>\nVW Passat B5 , pagaminimo metai: 2000\u20132005<br \/>\nVW Sharan , gamybos metai: 2000\u20132008<\/p>\n<p>Gamintojas: pakaitalas<br \/>\nTechnin\u0117 b\u016bkl\u0117: prek\u0117 yra visi\u0161kai nauja, nenaudota, nepa\u017eeista ir nesugadinta<br \/>\nPASTABA! \u0160iai prekei suteikiame 12 m\u0117nesi\u0173 garantij\u0105.<\/p>\n","protected":false},"excerpt":{"rendered":"<p>1. Prek\u0117: PDC atbulin\u0117s eigos jutiklis3. Gamintojas: pakeitimas4. Automobilis: * Audi A3 96-03 * Audi A4 B6 00-04 * Audi A6 C5 97-01 * Ford Galaxy 2000-2006 * Seat Alhambra 00-05 * VW Passat B5 00-05 * VW Sharan 00-08<\/p>\n","protected":false},"featured_media":0,"comment_status":"open","ping_status":"closed","template":"","meta":[],"product_brand":[],"product_cat":[390,144,3909,3949,4154],"product_tag":[],"class_list":{"0":"post-65097","1":"product","2":"type-product","3":"status-publish","5":"product_cat-audi-a4","6":"product_cat-audi","7":"product_cat-audi-a4-b6","8":"product_cat-audi-a4-b6-isores-dalys","9":"product_cat-audi-a4-b6-isores-kitos-dalys","11":"first","12":"instock","13":"shipping-taxable","14":"purchasable","15":"product-type-simple"},"yoast_head":"<!-- This site is optimized with the Yoast SEO Premium plugin v25.2 (Yoast SEO v27.3) - https:\/\/yoast.com\/product\/yoast-seo-premium-wordpress\/ -->\n<title>Audi A4 00-04 PDC atbulin\u0117s eigos daviklis - Erformance.eu<\/title>\n<meta name=\"robots\" content=\"index, follow, max-snippet:-1, max-image-preview:large, max-video-preview:-1\" \/>\n<link rel=\"canonical\" href=\"https:\/\/erformance.eu\/et\/toode\/audi-a4-00-04-pdc-atbulines-eigos-daviklis\/\" \/>\n<meta property=\"og:locale\" content=\"et_EE\" \/>\n<meta property=\"og:type\" content=\"article\" \/>\n<meta property=\"og:title\" content=\"Audi A4 00-04 PDC atbulin\u0117s eigos daviklis\" \/>\n<meta property=\"og:description\" content=\"1. Prek\u0117: PDC atbulin\u0117s eigos jutiklis3. Gamintojas: pakeitimas4. Automobilis: * Audi A3 96-03 * Audi A4 B6 00-04 * Audi A6 C5 97-01 * Ford Galaxy 2000-2006 * Seat Alhambra 00-05 * VW Passat B5 00-05 * VW Sharan 00-08\" \/>\n<meta property=\"og:url\" content=\"https:\/\/erformance.eu\/et\/toode\/audi-a4-00-04-pdc-atbulines-eigos-daviklis\/\" \/>\n<meta property=\"og:site_name\" content=\"Erformance.eu\" \/>\n<meta property=\"article:modified_time\" content=\"2026-03-12T09:09:47+00:00\" \/>\n<meta name=\"twitter:card\" content=\"summary_large_image\" \/>\n<meta name=\"twitter:label1\" content=\"Est. reading time\" \/>\n\t<meta name=\"twitter:data1\" content=\"1 minut\" \/>\n<script type=\"application\/ld+json\" class=\"yoast-schema-graph\">{\"@context\":\"https:\\\/\\\/schema.org\",\"@graph\":[{\"@type\":\"WebPage\",\"@id\":\"https:\\\/\\\/erformance.eu\\\/et\\\/toode\\\/audi-a4-00-04-pdc-atbulines-eigos-daviklis\\\/\",\"url\":\"https:\\\/\\\/erformance.eu\\\/et\\\/toode\\\/audi-a4-00-04-pdc-atbulines-eigos-daviklis\\\/\",\"name\":\"Audi A4 00-04 PDC atbulin\u0117s eigos daviklis - Erformance.eu\",\"isPartOf\":{\"@id\":\"https:\\\/\\\/erformance.eu\\\/et\\\/#website\"},\"datePublished\":\"2026-02-16T12:35:49+00:00\",\"dateModified\":\"2026-03-12T09:09:47+00:00\",\"breadcrumb\":{\"@id\":\"https:\\\/\\\/erformance.eu\\\/et\\\/toode\\\/audi-a4-00-04-pdc-atbulines-eigos-daviklis\\\/#breadcrumb\"},\"inLanguage\":\"et\",\"potentialAction\":[{\"@type\":\"ReadAction\",\"target\":[\"https:\\\/\\\/erformance.eu\\\/et\\\/toode\\\/audi-a4-00-04-pdc-atbulines-eigos-daviklis\\\/\"]}]},{\"@type\":\"BreadcrumbList\",\"@id\":\"https:\\\/\\\/erformance.eu\\\/et\\\/toode\\\/audi-a4-00-04-pdc-atbulines-eigos-daviklis\\\/#breadcrumb\",\"itemListElement\":[{\"@type\":\"ListItem\",\"position\":1,\"name\":\"Home\",\"item\":\"https:\\\/\\\/erformance.eu\\\/et\\\/\"},{\"@type\":\"ListItem\",\"position\":2,\"name\":\"Pood\",\"item\":\"https:\\\/\\\/erformance.eu\\\/et\\\/pood\\\/\"},{\"@type\":\"ListItem\",\"position\":3,\"name\":\"Audi A4 00-04 PDC atbulin\u0117s eigos daviklis\"}]},{\"@type\":\"WebSite\",\"@id\":\"https:\\\/\\\/erformance.eu\\\/et\\\/#website\",\"url\":\"https:\\\/\\\/erformance.eu\\\/et\\\/\",\"name\":\"Erformance.eu\",\"description\":\"Automobili\u0173 dali\u0173 parduotuv\u0117\",\"potentialAction\":[{\"@type\":\"SearchAction\",\"target\":{\"@type\":\"EntryPoint\",\"urlTemplate\":\"https:\\\/\\\/erformance.eu\\\/et\\\/?s={search_term_string}\"},\"query-input\":{\"@type\":\"PropertyValueSpecification\",\"valueRequired\":true,\"valueName\":\"search_term_string\"}}],\"inLanguage\":\"et\"}]}<\/script>\n<!-- \/ Yoast SEO Premium plugin. -->","yoast_head_json":{"title":"Audi A4 00-04 PDC atbulin\u0117s eigos daviklis - Erformance.eu","robots":{"index":"index","follow":"follow","max-snippet":"max-snippet:-1","max-image-preview":"max-image-preview:large","max-video-preview":"max-video-preview:-1"},"canonical":"https:\/\/erformance.eu\/et\/toode\/audi-a4-00-04-pdc-atbulines-eigos-daviklis\/","og_locale":"et_EE","og_type":"article","og_title":"Audi A4 00-04 PDC atbulin\u0117s eigos daviklis","og_description":"1. Prek\u0117: PDC atbulin\u0117s eigos jutiklis3. Gamintojas: pakeitimas4. Automobilis: * Audi A3 96-03 * Audi A4 B6 00-04 * Audi A6 C5 97-01 * Ford Galaxy 2000-2006 * Seat Alhambra 00-05 * VW Passat B5 00-05 * VW Sharan 00-08","og_url":"https:\/\/erformance.eu\/et\/toode\/audi-a4-00-04-pdc-atbulines-eigos-daviklis\/","og_site_name":"Erformance.eu","article_modified_time":"2026-03-12T09:09:47+00:00","twitter_card":"summary_large_image","twitter_misc":{"Est. reading time":"1 minut"},"schema":{"@context":"https:\/\/schema.org","@graph":[{"@type":"WebPage","@id":"https:\/\/erformance.eu\/et\/toode\/audi-a4-00-04-pdc-atbulines-eigos-daviklis\/","url":"https:\/\/erformance.eu\/et\/toode\/audi-a4-00-04-pdc-atbulines-eigos-daviklis\/","name":"Audi A4 00-04 PDC atbulin\u0117s eigos daviklis - Erformance.eu","isPartOf":{"@id":"https:\/\/erformance.eu\/et\/#website"},"datePublished":"2026-02-16T12:35:49+00:00","dateModified":"2026-03-12T09:09:47+00:00","breadcrumb":{"@id":"https:\/\/erformance.eu\/et\/toode\/audi-a4-00-04-pdc-atbulines-eigos-daviklis\/#breadcrumb"},"inLanguage":"et","potentialAction":[{"@type":"ReadAction","target":["https:\/\/erformance.eu\/et\/toode\/audi-a4-00-04-pdc-atbulines-eigos-daviklis\/"]}]},{"@type":"BreadcrumbList","@id":"https:\/\/erformance.eu\/et\/toode\/audi-a4-00-04-pdc-atbulines-eigos-daviklis\/#breadcrumb","itemListElement":[{"@type":"ListItem","position":1,"name":"Home","item":"https:\/\/erformance.eu\/et\/"},{"@type":"ListItem","position":2,"name":"Pood","item":"https:\/\/erformance.eu\/et\/pood\/"},{"@type":"ListItem","position":3,"name":"Audi A4 00-04 PDC atbulin\u0117s eigos daviklis"}]},{"@type":"WebSite","@id":"https:\/\/erformance.eu\/et\/#website","url":"https:\/\/erformance.eu\/et\/","name":"Erformance.eu","description":"Automobili\u0173 dali\u0173 parduotuv\u0117","potentialAction":[{"@type":"SearchAction","target":{"@type":"EntryPoint","urlTemplate":"https:\/\/erformance.eu\/et\/?s={search_term_string}"},"query-input":{"@type":"PropertyValueSpecification","valueRequired":true,"valueName":"search_term_string"}}],"inLanguage":"et"}]}},"jetpack_sharing_enabled":true,"_links":{"self":[{"href":"https:\/\/erformance.eu\/et\/wp-json\/wp\/v2\/product\/65097","targetHints":{"allow":["GET"]}}],"collection":[{"href":"https:\/\/erformance.eu\/et\/wp-json\/wp\/v2\/product"}],"about":[{"href":"https:\/\/erformance.eu\/et\/wp-json\/wp\/v2\/types\/product"}],"replies":[{"embeddable":true,"href":"https:\/\/erformance.eu\/et\/wp-json\/wp\/v2\/comments?post=65097"}],"version-history":[{"count":1,"href":"https:\/\/erformance.eu\/et\/wp-json\/wp\/v2\/product\/65097\/revisions"}],"predecessor-version":[{"id":65100,"href":"https:\/\/erformance.eu\/et\/wp-json\/wp\/v2\/product\/65097\/revisions\/65100"}],"wp:attachment":[{"href":"https:\/\/erformance.eu\/et\/wp-json\/wp\/v2\/media?parent=65097"}],"wp:term":[{"taxonomy":"product_brand","embeddable":true,"href":"https:\/\/erformance.eu\/et\/wp-json\/wp\/v2\/product_brand?post=65097"},{"taxonomy":"product_cat","embeddable":true,"href":"https:\/\/erformance.eu\/et\/wp-json\/wp\/v2\/product_cat?post=65097"},{"taxonomy":"product_tag","embeddable":true,"href":"https:\/\/erformance.eu\/et\/wp-json\/wp\/v2\/product_tag?post=65097"}],"curies":[{"name":"wp","href":"https:\/\/api.w.org\/{rel}","templated":true}]}}