{"id":65162,"date":"2026-02-16T15:36:14","date_gmt":"2026-02-16T12:36:14","guid":{"rendered":"https:\/\/erformance.eu\/?post_type=product&#038;p=65162"},"modified":"2026-03-05T18:34:57","modified_gmt":"2026-03-05T15:34:57","slug":"audi-a1-8x-q2-ga-q3-8u-q5-8r-tt-8j-priekines-kaires-sedynes-prailginimo-rankenele","status":"publish","type":"product","link":"https:\/\/erformance.eu\/et\/toode\/audi-a1-8x-q2-ga-q3-8u-q5-8r-tt-8j-priekines-kaires-sedynes-prailginimo-rankenele\/","title":{"rendered":"Audi A1 8X Q2 GA Q3 8U Q5 8R TT 8J priekin\u0117s kair\u0117s s\u0117dyn\u0117s prailginimo ranken\u0117l\u0117"},"content":{"rendered":"<p>Prek\u0117: S\u0117dyn\u0117s prailginimo rankena<br \/>\nPus\u0117: kair\u0117 (vairuotojo s\u0117dyn\u0117)<br \/>\nOriginalus numeris:<\/p>\n<p>3C0881253A<br \/>\n3C0881253A 9B9<br \/>\n3C0881253A9B9<\/p>\n<p>Ankstesni numeriai:<\/p>\n<p>3C0 881 253 4PK<br \/>\n3C0 881 253 9B9<br \/>\n3C0 881 253 A 4PK<br \/>\n3C0 881 253A 4PK<br \/>\n3C0881253<br \/>\n3C0881253 4PK<br \/>\n3C0881253 9B9<br \/>\n3C08812534PK<br \/>\n3C08812539B9<br \/>\n3C0881253A 4 vnt.<br \/>\n3C0881253A4PK<br \/>\n6Q0 881 253 A<br \/>\n6Q0881253<br \/>\n6Q0881253 A<br \/>\n6Q0881253A<\/p>\n<p>PASTABA: auk\u0161\u010diau pateikti numeriai yra original\u016bs dali\u0173 numeriai, kuriuos \u0161is pasi\u016blymas pakei\u010dia. Prie\u0161 pirkdami, palyginkite juos su originaliu dalies numeriu. Jei jie skiriasi net vienu simboliu, dalis netiks, neveiks arba veiks netinkamai. Tokiu atveju jos nepirkite.<br \/>\nAutomobilis:<\/p>\n<p>Audi A1 (8X1, 8XK), pagaminimo metai: 2010\u20132018<br \/>\n\u201eAudi A1 Sportback\u201c (8XA, 8XF), pagaminimo metai: 2011\u20132018<br \/>\n\u201eAudi Q2\u201c (GAB, GAG), modeliai, pagaminti nuo 2016 m.<br \/>\nAudi Q3 (8UB, 8UG), modele produkowane od roku 2011<br \/>\nAudi Q5 (8RB), rok produkcji: 2008-2017<br \/>\nAudi Q5 Van (8RB), rok produkcji: 2008-2017<br \/>\nAudi TT (8J3), rok produkcji: 2006-2014 (siedzenie sportowe, kube\u0142kowe)<br \/>\nAudi TT Roadster (8J9), rok produkcji: 2007-2014 (siedzenie sportowe, kube\u0142kowe)<br \/>\nSeat ALHAMBRA (710, 711), modele produkowane od roku 2010<br \/>\nSeat ALHAMBRA VAN (711), modele produkowane od roku 2015<br \/>\nSeat CORDOBA (6L2), rok produkcji: 2006-2009<br \/>\nSeat IBIZA III (6L1), rok produkcji: 2006-2009<br \/>\nSeat IBIZA IV (6J5, 6P1), rok produkcji: 2008-2017<br \/>\nSeat IBIZA IV Nadwozie pe\u0142ne \/ liftback (6J1), rok produkcji: 2008-2015<br \/>\nSeat IBIZA IV SC (6J1, 6P5), rok produkcji: 2008-2016<br \/>\nSeat IBIZA IV ST (6J8, 6P8), rok produkcji: 2010-2016<br \/>\nSeat LEON (5F1), modele produkowane od roku 2012<br \/>\nSeat LEON Nadwozie pe\u0142ne \/ liftback (5F1), modele produkowane od roku 2012<br \/>\nSeat LEON SC (5F5), modele produkowane od roku 2013<br \/>\nSeat LEON ST (5F8), modele produkowane od roku 2012<br \/>\nSeat LEON ST nadwozie zamkni\u0119te \/ kombi (5F8), modele produkowane od roku 2013<br \/>\nSkoda OCTAVIA II (1Z3), rok produkcji: 2004-2013<br \/>\nSkoda OCTAVIA II Combi (1Z5), rok produkcji: 2004-2013<br \/>\nSkoda OCTAVIA III (5E3, NL3, NR3), modele produkowane od roku 2012<br \/>\nSkoda OCTAVIA III Combi, rok produkcji: (5E5, 5E6), modele produkowane od roku 2012<br \/>\nSkoda SUPERB II (3T4), rok produkcji: 2008-2015<br \/>\nSkoda SUPERB II Kombi (3T5), modele produkowane od roku 2009<br \/>\nSkoda SUPERB III (3V3), modele produkowane od roku 2015<br \/>\nSkoda SUPERB III Kombi (3V5), modele produkowane od roku 2015<br \/>\nSkoda YETI (5L), rok produkcji: 2009-2017<br \/>\nVolkswagen AMAROK (2HA, 2HB, S1B, S6B, S7A, S7B), modele produkowane od roku 2010<br \/>\nVolkswagen AMAROK Platforma \/ podwozie (S1B, S6B, S7B), modele produkowane od roku 2011<br \/>\nVolkswagen BEETLE (5C1, 5C2), rok produkcji: 2011-2019<br \/>\nVolkswagen BEETLE kabriolet (5C7, 5C8), rok produkcji: 2011-2019<br \/>\nVolkswagen CADDY III Nadwozie pe\u0142ne\/minivan (2KA, 2KH, 2CA, 2CH), rok produkcji: 2010-2015<br \/>\nVolkswagen CADDY III nadwozie wielkoprzestrzenne (MPV) (2KB, 2KJ, 2CB,, rok produkcji: 2010-2015<br \/>\nVolkswagen CADDY IV Nadwozie pe\u0142ne\/minivan (SAA, SAH), modele produkowane od roku 2015<br \/>\nVolkswagen CADDY IV nadwozie wielkoprzestrzenne (MPV) (SAB, SAJ), modele produkowane od roku 2015<br \/>\nVolkswagen CC B7 (358), rok produkcji: 2011-2016<br \/>\nVolkswagen EOS (1F7, 1F8), rok produkcji: 2006-2015<br \/>\nVolkswagen GOLF PLUS V (5M1, 521), rok produkcji: 2005-2013<br \/>\nVolkswagen GOLF SPORTSVAN VII (AM1, AN1), modele produkowane od roku 2014<br \/>\nVolkswagen GOLF V (1K1), rok produkcji: 2003-2009<br \/>\nVolkswagen GOLF V Variant (1K5), rok produkcji: 2007-2009<br \/>\nVolkswagen GOLF VI (5K1), rok produkcji: 2008-2013<br \/>\nVolkswagen GOLF VI Van (5K1_), rok produkcji: 2008-2012<br \/>\nVolkswagen GOLF VI Variant (AJ5), rok produkcji: 2009-2013<br \/>\nVolkswagen GOLF VII (5G1, BQ1, BE1, BE2), modele produkowane od roku 2012<br \/>\nVolkswagen GOLF VII Van (5G1), modele produkowane od roku 2012<br \/>\nVolkswagen JETTA III (1K2), rok produkcji: 2005-2010<br \/>\nVolkswagen JETTA IV (162, 163, AV3, AV2), modele produkowane od roku 2010<br \/>\nVolkswagen PASSAT ALLTRACK B7 (365), rok produkcji: 2012-2014<br \/>\nVolkswagen PASSAT ALLTRACK B8 Variant (3G5, CB5), modele produkowane od roku 2015<br \/>\nVolkswagen PASSAT B6 (3C2), rok produkcji: 2005-2010<br \/>\nVolkswagen PASSAT B6 Variant (3C5), rok produkcji: 2005-2010<br \/>\nVolkswagen PASSAT B7 (362), rok produkcji: 2010-2014<br \/>\nVolkswagen PASSAT B7 Variant (365), rok produkcji: 2010-2014<br \/>\nVolkswagen PASSAT B7 nadwozie zamkni\u0119te \/ kombi (365), rok produkcji: 2010-2014<br \/>\nVolkswagen PASSAT B8 (3G2, CB2), modele produkowane od roku 2014<br \/>\nVolkswagen PASSAT B8 Variant (3G5, CB5), modele produkowane od roku 2014<br \/>\nVolkswagen PASSAT CC B6 (357), rok produkcji: 2008-2012<br \/>\nVolkswagen POLO (9N_), rok produkcji: 2005-2009<br \/>\nVolkswagen POLO IV sedan (9A4, 9A2, 9N2, 9A6), rok produkcji: 2005-2012<br \/>\nVolkswagen POLO IV sedan (9N4), rok produkcji: 2005-2010<br \/>\nVolkswagen POLO V (6R1, 6C1), modele produkowane od roku 2009<br \/>\nVolkswagen POLO V sedan (602, 604, 612, 614), modele produkowane od roku 2010<br \/>\nVolkswagen POLO Van (6R), modele produkowane od roku 2009<br \/>\nVolkswagen SCIROCCO III (137, 138), rok produkcji: 2008-2017<br \/>\nVolkswagen SCIROCCO Van (137), rok produkcji: 2008-2014<br \/>\nVolkswagen SHARAN (7N1, 7N2), modele produkowane od roku 2010<br \/>\nVolkswagen SHARAN VAN (7N1, 7N2), rok produkcji: 2010-2015<br \/>\nVolkswagen T-ROC (A11), modele produkowane od roku 2017<br \/>\nVolkswagen T-ROC kabriolet (AC7), modele produkowane od roku 2019<br \/>\nVolkswagen TIGUAN (5N_), rok produkcji: 2007-2018<br \/>\nVolkswagen TOURAN (1T1, 1T2), pagaminimo metai: 2003\u20132015<br \/>\nVolkswagen TOURAN (1T3), gamybos metai: 2010\u20132015<br \/>\nVolkswagen TOURAN (5T1), modeliai, pagaminti nuo 2015 m.<br \/>\nVolkswagen TOURAN VAN (1T1, 1T2), gamybos metai: 2003-2007<br \/>\nVolkswagen TOURAN VAN (1T3), gamybos metai: 2010-2015<\/p>\n<p>Spalva: satino juoda<br \/>\nGamintojas: pakaitalas<br \/>\nTechnin\u0117 b\u016bkl\u0117: prek\u0117 yra visi\u0161kai nauja, nenaudota, nepa\u017eeista ir nesugadinta<\/p>\n","protected":false},"excerpt":{"rendered":"<p>1. Prek\u0117: S\u0117dyn\u0117s prailginimo rankena2. Pus\u0117: kair\u01173. Gamintojas: pakeitimas4. Spalva: juoda5. Automobilis:     * Audi A1 8X 10-18     * Audi Q2 GA 2016-     * Audi Q3 8U 2011-     * Audi Q5 8R 08-17     * Audi TT 8J 06-14<\/p>\n","protected":false},"featured_media":65163,"comment_status":"open","ping_status":"closed","template":"","meta":[],"product_brand":[],"product_cat":[3933,3928,3927,3902,392,144,3926,4806,4775,4799,4800,4801,397,398,399,4619,4643,4644,4645,4650,4005,4006,4007,4012,3981,401],"product_tag":[],"class_list":{"0":"post-65162","1":"product","2":"type-product","3":"status-publish","4":"has-post-thumbnail","6":"product_cat-audi-tt-8j","7":"product_cat-audi-q5-8r","8":"product_cat-audi-q3-8u","9":"product_cat-audi-a1-8x","10":"product_cat-audi-a1","11":"product_cat-audi","12":"product_cat-audi-q2-ga","13":"product_cat-audi-tt-8j-salono-kitos-dalys","14":"product_cat-audi-a1-8x-salono-kitos-dalys","15":"product_cat-audi-q2-ga-salono-kitos-dalys","16":"product_cat-audi-q3-8u-salono-kitos-dalys","17":"product_cat-audi-q5-8r-salono-kitos-dalys","18":"product_cat-audi-q2","19":"product_cat-audi-q3","20":"product_cat-audi-q5","21":"product_cat-audi-a1-8x-rankenos","22":"product_cat-audi-q2-ga-rankenos","23":"product_cat-audi-q3-8u-rankenos","24":"product_cat-audi-q5-8r-rankenos","25":"product_cat-audi-tt-8j-rankenos","26":"product_cat-audi-q2-ga-salono-dalys","27":"product_cat-audi-q3-8u-salono-dalys","28":"product_cat-audi-q5-8r-salono-dalys","29":"product_cat-audi-tt-8j-salono-dalys","30":"product_cat-audi-a1-8x-salono-dalys","31":"product_cat-audi-tt","33":"first","34":"instock","35":"shipping-taxable","36":"purchasable","37":"product-type-simple"},"yoast_head":"<!-- This site is optimized with the Yoast SEO Premium plugin v25.2 (Yoast SEO v27.3) - https:\/\/yoast.com\/product\/yoast-seo-premium-wordpress\/ -->\n<title>Audi A1 8X Q2 GA Q3 8U Q5 8R TT 8J priekin\u0117s kair\u0117s s\u0117dyn\u0117s prailginimo ranken\u0117l\u0117 - Erformance.eu<\/title>\n<meta name=\"robots\" content=\"index, follow, max-snippet:-1, max-image-preview:large, max-video-preview:-1\" \/>\n<link rel=\"canonical\" href=\"https:\/\/erformance.eu\/et\/toode\/audi-a1-8x-q2-ga-q3-8u-q5-8r-tt-8j-priekines-kaires-sedynes-prailginimo-rankenele\/\" \/>\n<meta property=\"og:locale\" content=\"et_EE\" \/>\n<meta property=\"og:type\" content=\"article\" \/>\n<meta property=\"og:title\" content=\"Audi A1 8X Q2 GA Q3 8U Q5 8R TT 8J priekin\u0117s kair\u0117s s\u0117dyn\u0117s prailginimo ranken\u0117l\u0117\" \/>\n<meta property=\"og:description\" content=\"1. Prek\u0117: S\u0117dyn\u0117s prailginimo rankena2. Pus\u0117: kair\u01173. Gamintojas: pakeitimas4. Spalva: juoda5. Automobilis:   * Audi A1 8X 10-18   * Audi Q2 GA 2016-   * Audi Q3 8U 2011-   * Audi Q5 8R 08-17   * Audi TT 8J 06-14\" \/>\n<meta property=\"og:url\" content=\"https:\/\/erformance.eu\/et\/toode\/audi-a1-8x-q2-ga-q3-8u-q5-8r-tt-8j-priekines-kaires-sedynes-prailginimo-rankenele\/\" \/>\n<meta property=\"og:site_name\" content=\"Erformance.eu\" \/>\n<meta property=\"article:modified_time\" content=\"2026-03-05T15:34:57+00:00\" \/>\n<meta property=\"og:image\" content=\"https:\/\/erformance.eu\/wp-content\/uploads\/2026\/02\/pol_pm_Audi-A1-8X-Q2-GA-Q3-8U-Q5-8R-TT-8J-uchwyt-wysuniecia-fotela-przod-lewy-24475_1.jpg\" \/>\n\t<meta property=\"og:image:width\" content=\"900\" \/>\n\t<meta property=\"og:image:height\" content=\"900\" \/>\n\t<meta property=\"og:image:type\" content=\"image\/jpeg\" \/>\n<meta name=\"twitter:card\" content=\"summary_large_image\" \/>\n<meta name=\"twitter:label1\" content=\"Est. reading time\" \/>\n\t<meta name=\"twitter:data1\" content=\"4 minutit\" \/>\n<script type=\"application\/ld+json\" class=\"yoast-schema-graph\">{\"@context\":\"https:\\\/\\\/schema.org\",\"@graph\":[{\"@type\":\"WebPage\",\"@id\":\"https:\\\/\\\/erformance.eu\\\/et\\\/toode\\\/audi-a1-8x-q2-ga-q3-8u-q5-8r-tt-8j-priekines-kaires-sedynes-prailginimo-rankenele\\\/\",\"url\":\"https:\\\/\\\/erformance.eu\\\/et\\\/toode\\\/audi-a1-8x-q2-ga-q3-8u-q5-8r-tt-8j-priekines-kaires-sedynes-prailginimo-rankenele\\\/\",\"name\":\"Audi A1 8X Q2 GA Q3 8U Q5 8R TT 8J priekin\u0117s kair\u0117s s\u0117dyn\u0117s prailginimo ranken\u0117l\u0117 - Erformance.eu\",\"isPartOf\":{\"@id\":\"https:\\\/\\\/erformance.eu\\\/et\\\/#website\"},\"primaryImageOfPage\":{\"@id\":\"https:\\\/\\\/erformance.eu\\\/et\\\/toode\\\/audi-a1-8x-q2-ga-q3-8u-q5-8r-tt-8j-priekines-kaires-sedynes-prailginimo-rankenele\\\/#primaryimage\"},\"image\":{\"@id\":\"https:\\\/\\\/erformance.eu\\\/et\\\/toode\\\/audi-a1-8x-q2-ga-q3-8u-q5-8r-tt-8j-priekines-kaires-sedynes-prailginimo-rankenele\\\/#primaryimage\"},\"thumbnailUrl\":\"https:\\\/\\\/erformance.eu\\\/wp-content\\\/uploads\\\/2026\\\/02\\\/pol_pm_Audi-A1-8X-Q2-GA-Q3-8U-Q5-8R-TT-8J-uchwyt-wysuniecia-fotela-przod-lewy-24475_1.jpg\",\"datePublished\":\"2026-02-16T12:36:14+00:00\",\"dateModified\":\"2026-03-05T15:34:57+00:00\",\"breadcrumb\":{\"@id\":\"https:\\\/\\\/erformance.eu\\\/et\\\/toode\\\/audi-a1-8x-q2-ga-q3-8u-q5-8r-tt-8j-priekines-kaires-sedynes-prailginimo-rankenele\\\/#breadcrumb\"},\"inLanguage\":\"et\",\"potentialAction\":[{\"@type\":\"ReadAction\",\"target\":[\"https:\\\/\\\/erformance.eu\\\/et\\\/toode\\\/audi-a1-8x-q2-ga-q3-8u-q5-8r-tt-8j-priekines-kaires-sedynes-prailginimo-rankenele\\\/\"]}]},{\"@type\":\"ImageObject\",\"inLanguage\":\"et\",\"@id\":\"https:\\\/\\\/erformance.eu\\\/et\\\/toode\\\/audi-a1-8x-q2-ga-q3-8u-q5-8r-tt-8j-priekines-kaires-sedynes-prailginimo-rankenele\\\/#primaryimage\",\"url\":\"https:\\\/\\\/erformance.eu\\\/wp-content\\\/uploads\\\/2026\\\/02\\\/pol_pm_Audi-A1-8X-Q2-GA-Q3-8U-Q5-8R-TT-8J-uchwyt-wysuniecia-fotela-przod-lewy-24475_1.jpg\",\"contentUrl\":\"https:\\\/\\\/erformance.eu\\\/wp-content\\\/uploads\\\/2026\\\/02\\\/pol_pm_Audi-A1-8X-Q2-GA-Q3-8U-Q5-8R-TT-8J-uchwyt-wysuniecia-fotela-przod-lewy-24475_1.jpg\",\"width\":900,\"height\":900},{\"@type\":\"BreadcrumbList\",\"@id\":\"https:\\\/\\\/erformance.eu\\\/et\\\/toode\\\/audi-a1-8x-q2-ga-q3-8u-q5-8r-tt-8j-priekines-kaires-sedynes-prailginimo-rankenele\\\/#breadcrumb\",\"itemListElement\":[{\"@type\":\"ListItem\",\"position\":1,\"name\":\"Home\",\"item\":\"https:\\\/\\\/erformance.eu\\\/et\\\/\"},{\"@type\":\"ListItem\",\"position\":2,\"name\":\"Pood\",\"item\":\"https:\\\/\\\/erformance.eu\\\/et\\\/pood\\\/\"},{\"@type\":\"ListItem\",\"position\":3,\"name\":\"Audi A1 8X Q2 GA Q3 8U Q5 8R TT 8J priekin\u0117s kair\u0117s s\u0117dyn\u0117s prailginimo ranken\u0117l\u0117\"}]},{\"@type\":\"WebSite\",\"@id\":\"https:\\\/\\\/erformance.eu\\\/et\\\/#website\",\"url\":\"https:\\\/\\\/erformance.eu\\\/et\\\/\",\"name\":\"Erformance.eu\",\"description\":\"Automobili\u0173 dali\u0173 parduotuv\u0117\",\"potentialAction\":[{\"@type\":\"SearchAction\",\"target\":{\"@type\":\"EntryPoint\",\"urlTemplate\":\"https:\\\/\\\/erformance.eu\\\/et\\\/?s={search_term_string}\"},\"query-input\":{\"@type\":\"PropertyValueSpecification\",\"valueRequired\":true,\"valueName\":\"search_term_string\"}}],\"inLanguage\":\"et\"}]}<\/script>\n<!-- \/ Yoast SEO Premium plugin. -->","yoast_head_json":{"title":"Audi A1 8X Q2 GA Q3 8U Q5 8R TT 8J priekin\u0117s kair\u0117s s\u0117dyn\u0117s prailginimo ranken\u0117l\u0117 - Erformance.eu","robots":{"index":"index","follow":"follow","max-snippet":"max-snippet:-1","max-image-preview":"max-image-preview:large","max-video-preview":"max-video-preview:-1"},"canonical":"https:\/\/erformance.eu\/et\/toode\/audi-a1-8x-q2-ga-q3-8u-q5-8r-tt-8j-priekines-kaires-sedynes-prailginimo-rankenele\/","og_locale":"et_EE","og_type":"article","og_title":"Audi A1 8X Q2 GA Q3 8U Q5 8R TT 8J priekin\u0117s kair\u0117s s\u0117dyn\u0117s prailginimo ranken\u0117l\u0117","og_description":"1. Prek\u0117: S\u0117dyn\u0117s prailginimo rankena2. Pus\u0117: kair\u01173. Gamintojas: pakeitimas4. Spalva: juoda5. Automobilis:   * Audi A1 8X 10-18   * Audi Q2 GA 2016-   * Audi Q3 8U 2011-   * Audi Q5 8R 08-17   * Audi TT 8J 06-14","og_url":"https:\/\/erformance.eu\/et\/toode\/audi-a1-8x-q2-ga-q3-8u-q5-8r-tt-8j-priekines-kaires-sedynes-prailginimo-rankenele\/","og_site_name":"Erformance.eu","article_modified_time":"2026-03-05T15:34:57+00:00","og_image":[{"width":900,"height":900,"url":"https:\/\/erformance.eu\/wp-content\/uploads\/2026\/02\/pol_pm_Audi-A1-8X-Q2-GA-Q3-8U-Q5-8R-TT-8J-uchwyt-wysuniecia-fotela-przod-lewy-24475_1.jpg","type":"image\/jpeg"}],"twitter_card":"summary_large_image","twitter_misc":{"Est. reading time":"4 minutit"},"schema":{"@context":"https:\/\/schema.org","@graph":[{"@type":"WebPage","@id":"https:\/\/erformance.eu\/et\/toode\/audi-a1-8x-q2-ga-q3-8u-q5-8r-tt-8j-priekines-kaires-sedynes-prailginimo-rankenele\/","url":"https:\/\/erformance.eu\/et\/toode\/audi-a1-8x-q2-ga-q3-8u-q5-8r-tt-8j-priekines-kaires-sedynes-prailginimo-rankenele\/","name":"Audi A1 8X Q2 GA Q3 8U Q5 8R TT 8J priekin\u0117s kair\u0117s s\u0117dyn\u0117s prailginimo ranken\u0117l\u0117 - Erformance.eu","isPartOf":{"@id":"https:\/\/erformance.eu\/et\/#website"},"primaryImageOfPage":{"@id":"https:\/\/erformance.eu\/et\/toode\/audi-a1-8x-q2-ga-q3-8u-q5-8r-tt-8j-priekines-kaires-sedynes-prailginimo-rankenele\/#primaryimage"},"image":{"@id":"https:\/\/erformance.eu\/et\/toode\/audi-a1-8x-q2-ga-q3-8u-q5-8r-tt-8j-priekines-kaires-sedynes-prailginimo-rankenele\/#primaryimage"},"thumbnailUrl":"https:\/\/erformance.eu\/wp-content\/uploads\/2026\/02\/pol_pm_Audi-A1-8X-Q2-GA-Q3-8U-Q5-8R-TT-8J-uchwyt-wysuniecia-fotela-przod-lewy-24475_1.jpg","datePublished":"2026-02-16T12:36:14+00:00","dateModified":"2026-03-05T15:34:57+00:00","breadcrumb":{"@id":"https:\/\/erformance.eu\/et\/toode\/audi-a1-8x-q2-ga-q3-8u-q5-8r-tt-8j-priekines-kaires-sedynes-prailginimo-rankenele\/#breadcrumb"},"inLanguage":"et","potentialAction":[{"@type":"ReadAction","target":["https:\/\/erformance.eu\/et\/toode\/audi-a1-8x-q2-ga-q3-8u-q5-8r-tt-8j-priekines-kaires-sedynes-prailginimo-rankenele\/"]}]},{"@type":"ImageObject","inLanguage":"et","@id":"https:\/\/erformance.eu\/et\/toode\/audi-a1-8x-q2-ga-q3-8u-q5-8r-tt-8j-priekines-kaires-sedynes-prailginimo-rankenele\/#primaryimage","url":"https:\/\/erformance.eu\/wp-content\/uploads\/2026\/02\/pol_pm_Audi-A1-8X-Q2-GA-Q3-8U-Q5-8R-TT-8J-uchwyt-wysuniecia-fotela-przod-lewy-24475_1.jpg","contentUrl":"https:\/\/erformance.eu\/wp-content\/uploads\/2026\/02\/pol_pm_Audi-A1-8X-Q2-GA-Q3-8U-Q5-8R-TT-8J-uchwyt-wysuniecia-fotela-przod-lewy-24475_1.jpg","width":900,"height":900},{"@type":"BreadcrumbList","@id":"https:\/\/erformance.eu\/et\/toode\/audi-a1-8x-q2-ga-q3-8u-q5-8r-tt-8j-priekines-kaires-sedynes-prailginimo-rankenele\/#breadcrumb","itemListElement":[{"@type":"ListItem","position":1,"name":"Home","item":"https:\/\/erformance.eu\/et\/"},{"@type":"ListItem","position":2,"name":"Pood","item":"https:\/\/erformance.eu\/et\/pood\/"},{"@type":"ListItem","position":3,"name":"Audi A1 8X Q2 GA Q3 8U Q5 8R TT 8J priekin\u0117s kair\u0117s s\u0117dyn\u0117s prailginimo ranken\u0117l\u0117"}]},{"@type":"WebSite","@id":"https:\/\/erformance.eu\/et\/#website","url":"https:\/\/erformance.eu\/et\/","name":"Erformance.eu","description":"Automobili\u0173 dali\u0173 parduotuv\u0117","potentialAction":[{"@type":"SearchAction","target":{"@type":"EntryPoint","urlTemplate":"https:\/\/erformance.eu\/et\/?s={search_term_string}"},"query-input":{"@type":"PropertyValueSpecification","valueRequired":true,"valueName":"search_term_string"}}],"inLanguage":"et"}]}},"jetpack_sharing_enabled":true,"_links":{"self":[{"href":"https:\/\/erformance.eu\/et\/wp-json\/wp\/v2\/product\/65162","targetHints":{"allow":["GET"]}}],"collection":[{"href":"https:\/\/erformance.eu\/et\/wp-json\/wp\/v2\/product"}],"about":[{"href":"https:\/\/erformance.eu\/et\/wp-json\/wp\/v2\/types\/product"}],"replies":[{"embeddable":true,"href":"https:\/\/erformance.eu\/et\/wp-json\/wp\/v2\/comments?post=65162"}],"version-history":[{"count":1,"href":"https:\/\/erformance.eu\/et\/wp-json\/wp\/v2\/product\/65162\/revisions"}],"predecessor-version":[{"id":65169,"href":"https:\/\/erformance.eu\/et\/wp-json\/wp\/v2\/product\/65162\/revisions\/65169"}],"wp:featuredmedia":[{"embeddable":true,"href":"https:\/\/erformance.eu\/et\/wp-json\/wp\/v2\/media\/65163"}],"wp:attachment":[{"href":"https:\/\/erformance.eu\/et\/wp-json\/wp\/v2\/media?parent=65162"}],"wp:term":[{"taxonomy":"product_brand","embeddable":true,"href":"https:\/\/erformance.eu\/et\/wp-json\/wp\/v2\/product_brand?post=65162"},{"taxonomy":"product_cat","embeddable":true,"href":"https:\/\/erformance.eu\/et\/wp-json\/wp\/v2\/product_cat?post=65162"},{"taxonomy":"product_tag","embeddable":true,"href":"https:\/\/erformance.eu\/et\/wp-json\/wp\/v2\/product_tag?post=65162"}],"curies":[{"name":"wp","href":"https:\/\/api.w.org\/{rel}","templated":true}]}}