{"id":65204,"date":"2026-02-16T15:36:34","date_gmt":"2026-02-16T12:36:34","guid":{"rendered":"https:\/\/erformance.eu\/?post_type=product&#038;p=65204"},"modified":"2026-03-12T11:55:24","modified_gmt":"2026-03-12T08:55:24","slug":"audi-a4-b7-06-08-2-0-tdi-purkstuko-jungtis","status":"publish","type":"product","link":"https:\/\/erformance.eu\/et\/toode\/audi-a4-b7-06-08-2-0-tdi-purkstuko-jungtis\/","title":{"rendered":"Audi A4 B7 06-08 2.0 TDI purk\u0161tuko jungtis"},"content":{"rendered":"<p>Tema: purk\u0161tuko jungtis<br \/>\nOriginalus numeris:<\/p>\n<p>03G971033M<br \/>\n03G971033E<br \/>\n03G971033B<br \/>\n03G971033A<\/p>\n<p>PASTABA: auk\u0161\u010diau pateikti numeriai yra original\u016bs dali\u0173 numeriai, kuriuos \u0161is pasi\u016blymas pakei\u010dia. Prie\u0161 pirkdami, palyginkite juos su originaliu dalies numeriu. Jei jie skiriasi net vienu simboliu, dalis netiks, neveiks arba veiks netinkamai. Tokiu atveju jos nepirkite.<br \/>\nAutomobilis:<br \/>\nAudi A3 (8P1), pagaminimo metai: 2006\u20132012<\/p>\n<p>Audi A3 (8P1) 2.0 TDI (BMN CBBB CFGB) 1968ccm 170KM\/125kW 2006\/03-2012\/08<br \/>\nAudi A3 (8P1) 2.0 TDI (PIRKTI) 1968ccm 163KM\/120kW 2006\/06-2008\/06<br \/>\nAudi A3 (8P1) 2.0 TDI quattro (BMN CBBB CFGB) 1968 cm3 (170 km\/125 kW) 2006-03-2012<\/p>\n<p>Audi A3 Sportback (8PA), pagaminimo metai: 2006\u20132013<\/p>\n<p>Audi A3 Sportback (8PA) 2.0 TDI (BMN CBBB CFGB) 1968ccm 170KM\/125kW 2006\/03-2013\/03<br \/>\nAudi A3 Sportback (8PA) 2.0 TDI (PIRKTI) 1968ccm 163KM\/120kW 2006\/06-2008\/06<br \/>\nAudi A3 Sportback (8PA) 2.0 TDI quattro (BMN CBBB CFGB) 1968ccm 170KM\/125kW 2006\/03-2013\/03<\/p>\n<p>Audi A4 B7 (8EC), gamybos metai: 2006-2008<\/p>\n<p>Audi A4 B7 (8EC) 2.0 TDI (BRD) 1968ccm 170KM\/125kW 2006\/06-2008\/06<br \/>\nAudi A4 B7 (8EC) 2.0 TDI (BVA) 1968ccm 163KM\/120kW 2006-06-2008-06<br \/>\nAudi A4 B7 (8EC) 2.0 TDI quattro (BRD) 1968ccm 170KM\/125kW 2006\/06-2008\/06<br \/>\nAudi A4 B7 (8EC) 2.0 TDI quattro (BVA) 1968ccm 163KM\/120kW 2006\/06-2008\/06<\/p>\n<p>Audi A4 B7 Avant (8ED), gamybos metai: 2006-2008<\/p>\n<p>Audi A4 B7 Avant (8ED) 2.0 TDI (BRD) 1968ccm 170KM\/125kW 2006\/06-2008\/06<br \/>\nAudi A4 B7 Avant (8ED) 2.0 TDI (BVA) 1968ccm 163KM\/120kW 2006-06-2008-06<br \/>\nAudi A4 B7 Avant (8ED) 2.0 TDI quattro (BRD) 1968ccm 170KM\/125kW 2006\/06-2008\/06<br \/>\nAudi A4 B7 Avant (8ED) 2.0 TDI quattro (BVA) 1968ccm 163KM\/120kW 2006\/06-2008\/06<\/p>\n<p>\u201eSeat ALTEA\u201c (5P1), modeliai, pagaminti nuo 2006 m.<\/p>\n<p>S\u0117dyn\u0117 ALTEA (5P1) 2.0 TDI (BMN CEGA) 1968ccm 170KM\/125kW 2006\/03-<\/p>\n<p>Seat ALTEA XL (5P5, 5P8), pagaminimo metai: 2007\u20132009<\/p>\n<p>Seat ALTEA XL (5P5, 5P8) 2.0 TDI (BMN CEGA) 1968ccm 170KM\/125kW 2007\/06-2009\/05<br \/>\nSeat ALTEA XL (5P5, 5P8) 2.0 TDI 4&#215;4 (BMN CEGA CFJA) 1968ccm 170KM\/125kW 2007\/06-2009\/05<\/p>\n<p>Seat LEON (1P1), pagaminimo metai: 2006\u20132012<\/p>\n<p>Seat LEON (1P1) 2.0 TDI (BMN CEGA CFJA) 1968ccm 170KM\/125kW 2006\/05-2012\/12<\/p>\n<p>Seat TOLEDO III (5P2), pagaminimo metai: 2006-2009<\/p>\n<p>Seat TOLEDO III (5P2) 2.0 TDI (BMN CEGA) (1968ccm) 170KM\/125kW 2006\/01-2009\/05<\/p>\n<p>\u201eSkoda OCTAVIA II\u201c (1Z3), pagaminimo metai: 2006\u20132013<\/p>\n<p>Skoda OCTAVIA II (1Z3) 2.0 TDI RS (BMN CEGA) 1968ccm 170KM\/125kW 2006\/04-2013\/02<\/p>\n<p>\u201eSkoda OCTAVIA II Combi\u201c (1Z5), pagaminimo metai: 2006\u20132013<\/p>\n<p>Skoda OCTAVIA II Combi (1Z5) 2.0 TDI RS (BMN CEGAA) (nuo 2006 iki 2013 m.) 1968 cm3 (170 km\/125 kW)<\/p>\n<p>Volkswagen GOLF V (1K1), pagaminimo metai: 2005\u20132008<\/p>\n<p>Volkswagen GOLF V (1K1) 2.0 TDI (BMN) 1968ccm 170KM\/125kW 2005\/11-2008\/11<\/p>\n<p>Volkswagen JETTA III (1K2), rok produkcji: 2006-2010<\/p>\n<p>Volkswagen JETTA III (1K2) 2.0 TDI (BMN CEGA) 1968ccm 170KM\/125kW 2006\/10-2010\/10<\/p>\n<p>Volkswagen PASSAT B6 (3C2), rok produkcji: 2005-2010<\/p>\n<p>Volkswagen PASSAT B6 (3C2) 2.0 TDI (BMA CBAA) 1968ccm 136KM\/100kW 2005\/03-2010\/11<br \/>\nVolkswagen PASSAT B6 (3C2) 2.0 TDI (BMR CBBB) 1968ccm 170KM\/125kW 2005\/08-2010\/07<br \/>\nVolkswagen PASSAT B6 (3C2) 2.0 TDI (BUZ) 1968ccm 163KM\/120kW 2005\/08-2009\/05<br \/>\nVolkswagen PASSAT B6 (3C2) 2.0 TDI (BVE) 1968ccm 122KM\/90kW 2005\/08-2006\/07<br \/>\nVolkswagen PASSAT B6 (3C2) 2.0 TDI (BWV) 1968ccm 120KM\/88kW 2005\/11-2007\/05<br \/>\nVolkswagen PASSAT B6 (3C2) 2.0 TDI 16V (BKP CBAB) 1968ccm 140KM\/103kW 2005\/03-2010\/07<br \/>\nVolkswagen PASSAT B6 (3C2) 2.0 TDI 16V 4motion (BKP CBAB) 1968ccm 140KM\/103kW 2005\/03-2010\/08<\/p>\n<p>Volkswagen PASSAT B6 Variant (3C5), rok produkcji: 2005-2010<\/p>\n<p>Volkswagen PASSAT B6 Variant (3C5) 2.0 TDI (BMA CBAA) 1968ccm 136KM\/100kW 2005\/08-2010\/11<br \/>\nVolkswagen PASSAT B6 Variant (3C5) 2.0 TDI (BMR CBBB) 1968ccm 170KM\/125kW 2005\/08-2010\/11<br \/>\nVolkswagen PASSAT B6 Variant (3C5) 2.0 TDI (BUZ) 1968ccm 163KM\/120kW 2005\/08-2009\/05<br \/>\nVolkswagen PASSAT B6 Variant (3C5) 2.0 TDI (BVE) 1968ccm 122KM\/90kW 2005\/08-2006\/02<br \/>\nVolkswagen PASSAT B6 Variant (3C5) 2.0 TDI (BWV) 1968ccm 120KM\/88kW 2005\/11-2007\/05<br \/>\nVolkswagen PASSAT B6 Variant (3C5) 2.0 TDI 16V (BKP CBAB) 1968ccm 140KM\/103kW 2005\/08-2010\/11<br \/>\nVolkswagen PASSAT B6 Variant (3C5) 2.0 TDI 16V 4motion (BKP CBAB) 1968ccm 140KM\/103kW 2005\/08-2010\/11<\/p>\n<p>Volkswagen TOURAN (1T1, 1T2), rok produkcji: 2005-2010<\/p>\n<p>Volkswagen TOURAN (1T1, 1T2) 2.0 TDI (BMN CFJA) 1968ccm 170KM\/125kW 2005\/12-2010\/05<\/p>\n<p>Producent: zamiennik<br \/>\nStan techniczny: przedmiot jest fabrycznie NOWY, nieu\u017cywany, nieuszkodzony i niezniszczony<br \/>\nUwaga!<\/p>\n<p>Wersja silnika: 2.0 TDI<br \/>\nKod silnika: BKP \/ BMA \/ BMN \/ BMR \/ BRD \/ BUY \/ BUZ \/ BVA \/ BVE \/ BWV \/ CBAA \/ CBAB \/ CBBB \/ CEGA \/ CFGB \/ CFJA<br \/>\nUk\u0142ad wtryskowy: pompowtryskiwacz (PDE)<\/p>\n","protected":false},"excerpt":{"rendered":"<p>1. Prek\u0117: \u012epur\u0161kimo \u012frenginio laidynas2. Gamintojas: pakeitimas3. Automobilis:   * Audi A3 8P 06-13   * Audi A4 B7 06-08   * Seat Altea 2006-   * Seat Altea XL 07-09   * Seat Leon 06-12   * Seat Toledo III 06-094. Variklis: 2.0 TDI<\/p>\n","protected":false},"featured_media":65205,"comment_status":"open","ping_status":"closed","template":"","meta":[],"product_brand":[],"product_cat":[390,144,3910,3950,4155],"product_tag":[],"class_list":{"0":"post-65204","1":"product","2":"type-product","3":"status-publish","4":"has-post-thumbnail","6":"product_cat-audi-a4","7":"product_cat-audi","8":"product_cat-audi-a4-b7","9":"product_cat-audi-a4-b7-isores-dalys","10":"product_cat-audi-a4-b7-isores-kitos-dalys","12":"first","13":"instock","14":"shipping-taxable","15":"purchasable","16":"product-type-simple"},"yoast_head":"<!-- This site is optimized with the Yoast SEO Premium plugin v25.2 (Yoast SEO v27.4) - https:\/\/yoast.com\/product\/yoast-seo-premium-wordpress\/ -->\n<title>Audi A4 B7 06-08 2.0 TDI purk\u0161tuko jungtis - Erformance.eu<\/title>\n<meta name=\"robots\" content=\"index, follow, max-snippet:-1, max-image-preview:large, max-video-preview:-1\" \/>\n<link rel=\"canonical\" href=\"https:\/\/erformance.eu\/et\/toode\/audi-a4-b7-06-08-2-0-tdi-purkstuko-jungtis\/\" \/>\n<meta property=\"og:locale\" content=\"et_EE\" \/>\n<meta property=\"og:type\" content=\"article\" \/>\n<meta property=\"og:title\" content=\"Audi A4 B7 06-08 2.0 TDI purk\u0161tuko jungtis\" \/>\n<meta property=\"og:description\" content=\"1. Prek\u0117: \u012epur\u0161kimo \u012frenginio laidynas2. Gamintojas: pakeitimas3. Automobilis:  * Audi A3 8P 06-13  * Audi A4 B7 06-08  * Seat Altea 2006-  * Seat Altea XL 07-09  * Seat Leon 06-12  * Seat Toledo III 06-094. Variklis: 2.0 TDI\" \/>\n<meta property=\"og:url\" content=\"https:\/\/erformance.eu\/et\/toode\/audi-a4-b7-06-08-2-0-tdi-purkstuko-jungtis\/\" \/>\n<meta property=\"og:site_name\" content=\"Erformance.eu\" \/>\n<meta property=\"article:modified_time\" content=\"2026-03-12T08:55:24+00:00\" \/>\n<meta property=\"og:image\" content=\"https:\/\/erformance.eu\/wp-content\/uploads\/2026\/02\/pol_pm_Audi-A4-B7-06-08-2-0-TDI-wiazka-pompowtryskiwaczy-25064_1.jpg\" \/>\n\t<meta property=\"og:image:width\" content=\"900\" \/>\n\t<meta property=\"og:image:height\" content=\"900\" \/>\n\t<meta property=\"og:image:type\" content=\"image\/jpeg\" \/>\n<meta name=\"twitter:card\" content=\"summary_large_image\" \/>\n<meta name=\"twitter:label1\" content=\"Est. reading time\" \/>\n\t<meta name=\"twitter:data1\" content=\"3 minutit\" \/>\n<script type=\"application\/ld+json\" class=\"yoast-schema-graph\">{\"@context\":\"https:\\\/\\\/schema.org\",\"@graph\":[{\"@type\":\"WebPage\",\"@id\":\"https:\\\/\\\/erformance.eu\\\/et\\\/toode\\\/audi-a4-b7-06-08-2-0-tdi-purkstuko-jungtis\\\/\",\"url\":\"https:\\\/\\\/erformance.eu\\\/et\\\/toode\\\/audi-a4-b7-06-08-2-0-tdi-purkstuko-jungtis\\\/\",\"name\":\"Audi A4 B7 06-08 2.0 TDI purk\u0161tuko jungtis - Erformance.eu\",\"isPartOf\":{\"@id\":\"https:\\\/\\\/erformance.eu\\\/et\\\/#website\"},\"primaryImageOfPage\":{\"@id\":\"https:\\\/\\\/erformance.eu\\\/et\\\/toode\\\/audi-a4-b7-06-08-2-0-tdi-purkstuko-jungtis\\\/#primaryimage\"},\"image\":{\"@id\":\"https:\\\/\\\/erformance.eu\\\/et\\\/toode\\\/audi-a4-b7-06-08-2-0-tdi-purkstuko-jungtis\\\/#primaryimage\"},\"thumbnailUrl\":\"https:\\\/\\\/erformance.eu\\\/wp-content\\\/uploads\\\/2026\\\/02\\\/pol_pm_Audi-A4-B7-06-08-2-0-TDI-wiazka-pompowtryskiwaczy-25064_1.jpg\",\"datePublished\":\"2026-02-16T12:36:34+00:00\",\"dateModified\":\"2026-03-12T08:55:24+00:00\",\"breadcrumb\":{\"@id\":\"https:\\\/\\\/erformance.eu\\\/et\\\/toode\\\/audi-a4-b7-06-08-2-0-tdi-purkstuko-jungtis\\\/#breadcrumb\"},\"inLanguage\":\"et\",\"potentialAction\":[{\"@type\":\"ReadAction\",\"target\":[\"https:\\\/\\\/erformance.eu\\\/et\\\/toode\\\/audi-a4-b7-06-08-2-0-tdi-purkstuko-jungtis\\\/\"]}]},{\"@type\":\"ImageObject\",\"inLanguage\":\"et\",\"@id\":\"https:\\\/\\\/erformance.eu\\\/et\\\/toode\\\/audi-a4-b7-06-08-2-0-tdi-purkstuko-jungtis\\\/#primaryimage\",\"url\":\"https:\\\/\\\/erformance.eu\\\/wp-content\\\/uploads\\\/2026\\\/02\\\/pol_pm_Audi-A4-B7-06-08-2-0-TDI-wiazka-pompowtryskiwaczy-25064_1.jpg\",\"contentUrl\":\"https:\\\/\\\/erformance.eu\\\/wp-content\\\/uploads\\\/2026\\\/02\\\/pol_pm_Audi-A4-B7-06-08-2-0-TDI-wiazka-pompowtryskiwaczy-25064_1.jpg\",\"width\":900,\"height\":900},{\"@type\":\"BreadcrumbList\",\"@id\":\"https:\\\/\\\/erformance.eu\\\/et\\\/toode\\\/audi-a4-b7-06-08-2-0-tdi-purkstuko-jungtis\\\/#breadcrumb\",\"itemListElement\":[{\"@type\":\"ListItem\",\"position\":1,\"name\":\"Home\",\"item\":\"https:\\\/\\\/erformance.eu\\\/et\\\/\"},{\"@type\":\"ListItem\",\"position\":2,\"name\":\"Pood\",\"item\":\"https:\\\/\\\/erformance.eu\\\/et\\\/pood\\\/\"},{\"@type\":\"ListItem\",\"position\":3,\"name\":\"Audi A4 B7 06-08 2.0 TDI purk\u0161tuko jungtis\"}]},{\"@type\":\"WebSite\",\"@id\":\"https:\\\/\\\/erformance.eu\\\/et\\\/#website\",\"url\":\"https:\\\/\\\/erformance.eu\\\/et\\\/\",\"name\":\"Erformance.eu\",\"description\":\"Automobili\u0173 dali\u0173 parduotuv\u0117\",\"potentialAction\":[{\"@type\":\"SearchAction\",\"target\":{\"@type\":\"EntryPoint\",\"urlTemplate\":\"https:\\\/\\\/erformance.eu\\\/et\\\/?s={search_term_string}\"},\"query-input\":{\"@type\":\"PropertyValueSpecification\",\"valueRequired\":true,\"valueName\":\"search_term_string\"}}],\"inLanguage\":\"et\"}]}<\/script>\n<!-- \/ Yoast SEO Premium plugin. -->","yoast_head_json":{"title":"Audi A4 B7 06-08 2.0 TDI purk\u0161tuko jungtis - Erformance.eu","robots":{"index":"index","follow":"follow","max-snippet":"max-snippet:-1","max-image-preview":"max-image-preview:large","max-video-preview":"max-video-preview:-1"},"canonical":"https:\/\/erformance.eu\/et\/toode\/audi-a4-b7-06-08-2-0-tdi-purkstuko-jungtis\/","og_locale":"et_EE","og_type":"article","og_title":"Audi A4 B7 06-08 2.0 TDI purk\u0161tuko jungtis","og_description":"1. Prek\u0117: \u012epur\u0161kimo \u012frenginio laidynas2. Gamintojas: pakeitimas3. Automobilis:  * Audi A3 8P 06-13  * Audi A4 B7 06-08  * Seat Altea 2006-  * Seat Altea XL 07-09  * Seat Leon 06-12  * Seat Toledo III 06-094. Variklis: 2.0 TDI","og_url":"https:\/\/erformance.eu\/et\/toode\/audi-a4-b7-06-08-2-0-tdi-purkstuko-jungtis\/","og_site_name":"Erformance.eu","article_modified_time":"2026-03-12T08:55:24+00:00","og_image":[{"width":900,"height":900,"url":"https:\/\/erformance.eu\/wp-content\/uploads\/2026\/02\/pol_pm_Audi-A4-B7-06-08-2-0-TDI-wiazka-pompowtryskiwaczy-25064_1.jpg","type":"image\/jpeg"}],"twitter_card":"summary_large_image","twitter_misc":{"Est. reading time":"3 minutit"},"schema":{"@context":"https:\/\/schema.org","@graph":[{"@type":"WebPage","@id":"https:\/\/erformance.eu\/et\/toode\/audi-a4-b7-06-08-2-0-tdi-purkstuko-jungtis\/","url":"https:\/\/erformance.eu\/et\/toode\/audi-a4-b7-06-08-2-0-tdi-purkstuko-jungtis\/","name":"Audi A4 B7 06-08 2.0 TDI purk\u0161tuko jungtis - Erformance.eu","isPartOf":{"@id":"https:\/\/erformance.eu\/et\/#website"},"primaryImageOfPage":{"@id":"https:\/\/erformance.eu\/et\/toode\/audi-a4-b7-06-08-2-0-tdi-purkstuko-jungtis\/#primaryimage"},"image":{"@id":"https:\/\/erformance.eu\/et\/toode\/audi-a4-b7-06-08-2-0-tdi-purkstuko-jungtis\/#primaryimage"},"thumbnailUrl":"https:\/\/erformance.eu\/wp-content\/uploads\/2026\/02\/pol_pm_Audi-A4-B7-06-08-2-0-TDI-wiazka-pompowtryskiwaczy-25064_1.jpg","datePublished":"2026-02-16T12:36:34+00:00","dateModified":"2026-03-12T08:55:24+00:00","breadcrumb":{"@id":"https:\/\/erformance.eu\/et\/toode\/audi-a4-b7-06-08-2-0-tdi-purkstuko-jungtis\/#breadcrumb"},"inLanguage":"et","potentialAction":[{"@type":"ReadAction","target":["https:\/\/erformance.eu\/et\/toode\/audi-a4-b7-06-08-2-0-tdi-purkstuko-jungtis\/"]}]},{"@type":"ImageObject","inLanguage":"et","@id":"https:\/\/erformance.eu\/et\/toode\/audi-a4-b7-06-08-2-0-tdi-purkstuko-jungtis\/#primaryimage","url":"https:\/\/erformance.eu\/wp-content\/uploads\/2026\/02\/pol_pm_Audi-A4-B7-06-08-2-0-TDI-wiazka-pompowtryskiwaczy-25064_1.jpg","contentUrl":"https:\/\/erformance.eu\/wp-content\/uploads\/2026\/02\/pol_pm_Audi-A4-B7-06-08-2-0-TDI-wiazka-pompowtryskiwaczy-25064_1.jpg","width":900,"height":900},{"@type":"BreadcrumbList","@id":"https:\/\/erformance.eu\/et\/toode\/audi-a4-b7-06-08-2-0-tdi-purkstuko-jungtis\/#breadcrumb","itemListElement":[{"@type":"ListItem","position":1,"name":"Home","item":"https:\/\/erformance.eu\/et\/"},{"@type":"ListItem","position":2,"name":"Pood","item":"https:\/\/erformance.eu\/et\/pood\/"},{"@type":"ListItem","position":3,"name":"Audi A4 B7 06-08 2.0 TDI purk\u0161tuko jungtis"}]},{"@type":"WebSite","@id":"https:\/\/erformance.eu\/et\/#website","url":"https:\/\/erformance.eu\/et\/","name":"Erformance.eu","description":"Automobili\u0173 dali\u0173 parduotuv\u0117","potentialAction":[{"@type":"SearchAction","target":{"@type":"EntryPoint","urlTemplate":"https:\/\/erformance.eu\/et\/?s={search_term_string}"},"query-input":{"@type":"PropertyValueSpecification","valueRequired":true,"valueName":"search_term_string"}}],"inLanguage":"et"}]}},"jetpack_sharing_enabled":true,"_links":{"self":[{"href":"https:\/\/erformance.eu\/et\/wp-json\/wp\/v2\/product\/65204","targetHints":{"allow":["GET"]}}],"collection":[{"href":"https:\/\/erformance.eu\/et\/wp-json\/wp\/v2\/product"}],"about":[{"href":"https:\/\/erformance.eu\/et\/wp-json\/wp\/v2\/types\/product"}],"replies":[{"embeddable":true,"href":"https:\/\/erformance.eu\/et\/wp-json\/wp\/v2\/comments?post=65204"}],"version-history":[{"count":1,"href":"https:\/\/erformance.eu\/et\/wp-json\/wp\/v2\/product\/65204\/revisions"}],"predecessor-version":[{"id":65211,"href":"https:\/\/erformance.eu\/et\/wp-json\/wp\/v2\/product\/65204\/revisions\/65211"}],"wp:featuredmedia":[{"embeddable":true,"href":"https:\/\/erformance.eu\/et\/wp-json\/wp\/v2\/media\/65205"}],"wp:attachment":[{"href":"https:\/\/erformance.eu\/et\/wp-json\/wp\/v2\/media?parent=65204"}],"wp:term":[{"taxonomy":"product_brand","embeddable":true,"href":"https:\/\/erformance.eu\/et\/wp-json\/wp\/v2\/product_brand?post=65204"},{"taxonomy":"product_cat","embeddable":true,"href":"https:\/\/erformance.eu\/et\/wp-json\/wp\/v2\/product_cat?post=65204"},{"taxonomy":"product_tag","embeddable":true,"href":"https:\/\/erformance.eu\/et\/wp-json\/wp\/v2\/product_tag?post=65204"}],"curies":[{"name":"wp","href":"https:\/\/api.w.org\/{rel}","templated":true}]}}