{"id":65235,"date":"2026-02-16T15:36:48","date_gmt":"2026-02-16T12:36:48","guid":{"rendered":"https:\/\/erformance.eu\/?post_type=product&#038;p=65235"},"modified":"2026-02-25T01:09:38","modified_gmt":"2026-02-24T22:09:38","slug":"audi-a4-b5-94-01-salono-ventiliatorius","status":"publish","type":"product","link":"https:\/\/erformance.eu\/et\/toode\/audi-a4-b5-94-01-salono-ventiliatorius\/","title":{"rendered":"Audi A4 B5 94-01 salono ventiliatorius"},"content":{"rendered":"<p>Prek\u0117: Salono ventiliatorius (ventiliatoriaus variklis)<br \/>\nOriginalus numeris:<\/p>\n<p>8D1819021A<br \/>\n8D1819021B<\/p>\n<p>PASTABA: auk\u0161\u010diau pateikti numeriai yra original\u016bs dali\u0173 numeriai, kuriuos \u0161is pasi\u016blymas pakei\u010dia. Prie\u0161 pirkdami, palyginkite juos su originaliu dalies numeriu. Jei jie skiriasi net vienu simboliu, dalis netiks, neveiks arba veiks netinkamai. Tokiu atveju jos nepirkite.<br \/>\nAutomobilis:<\/p>\n<p>\u201eAudi A4 B5\u201c, gamybos metai: 1994\u20132001<br \/>\nVW Passat B5, pagaminimo metai: 1997\u20132000<br \/>\nVW Passat B5 FL (pakeitimas), gamybos metai: 2000\u20132005<\/p>\n<p>Variklio tipas: visos variklio versijos<br \/>\nK\u0117bulo tipas: visi k\u0117bulo stiliai<br \/>\nKontakt\u0173 skai\u010dius: ki\u0161tukas &#8211; 2 kontaktai<br \/>\nPastaba: Tinka automobiliams su oro kondicionieriumi ir be jo.<\/p>\n","protected":false},"excerpt":{"rendered":"<p>1. Prek\u0117: Salono ventiliatorius\/variklis2. Gamintojas: pakeitimas3. Automobilis:     * Audi A4 B5 94-01     * VW Passat B5 97-00     * VW Passat B5 FL 00-05<\/p>\n","protected":false},"featured_media":65236,"comment_status":"open","ping_status":"closed","template":"","meta":[],"product_brand":[],"product_cat":[390,144,3908,4781,3987],"product_tag":[],"class_list":{"0":"post-65235","1":"product","2":"type-product","3":"status-publish","4":"has-post-thumbnail","6":"product_cat-audi-a4","7":"product_cat-audi","8":"product_cat-audi-a4-b5","9":"product_cat-audi-a4-b5-salono-kitos-dalys","10":"product_cat-audi-a4-b5-salono-dalys","12":"first","13":"instock","14":"shipping-taxable","15":"purchasable","16":"product-type-simple"},"yoast_head":"<!-- This site is optimized with the Yoast SEO Premium plugin v25.2 (Yoast SEO v27.4) - https:\/\/yoast.com\/product\/yoast-seo-premium-wordpress\/ -->\n<title>Audi A4 B5 94-01 salono ventiliatorius - Erformance.eu<\/title>\n<meta name=\"robots\" content=\"index, follow, max-snippet:-1, max-image-preview:large, max-video-preview:-1\" \/>\n<link rel=\"canonical\" href=\"https:\/\/erformance.eu\/et\/toode\/audi-a4-b5-94-01-salono-ventiliatorius\/\" \/>\n<meta property=\"og:locale\" content=\"et_EE\" \/>\n<meta property=\"og:type\" content=\"article\" \/>\n<meta property=\"og:title\" content=\"Audi A4 B5 94-01 salono ventiliatorius\" \/>\n<meta property=\"og:description\" content=\"1. Prek\u0117: Salono ventiliatorius\/variklis2. Gamintojas: pakeitimas3. Automobilis:   * Audi A4 B5 94-01   * VW Passat B5 97-00   * VW Passat B5 FL 00-05\" \/>\n<meta property=\"og:url\" content=\"https:\/\/erformance.eu\/et\/toode\/audi-a4-b5-94-01-salono-ventiliatorius\/\" \/>\n<meta property=\"og:site_name\" content=\"Erformance.eu\" \/>\n<meta property=\"article:modified_time\" content=\"2026-02-24T22:09:38+00:00\" \/>\n<meta property=\"og:image\" content=\"https:\/\/erformance.eu\/wp-content\/uploads\/2026\/02\/pol_pm_Audi-A4-B5-94-01-dmuchawa-wentylator-nawiewu-wnetrza-15782_1.jpg\" \/>\n\t<meta property=\"og:image:width\" content=\"1200\" \/>\n\t<meta property=\"og:image:height\" content=\"900\" \/>\n\t<meta property=\"og:image:type\" content=\"image\/jpeg\" \/>\n<meta name=\"twitter:card\" content=\"summary_large_image\" \/>\n<script type=\"application\/ld+json\" class=\"yoast-schema-graph\">{\"@context\":\"https:\\\/\\\/schema.org\",\"@graph\":[{\"@type\":\"WebPage\",\"@id\":\"https:\\\/\\\/erformance.eu\\\/et\\\/toode\\\/audi-a4-b5-94-01-salono-ventiliatorius\\\/\",\"url\":\"https:\\\/\\\/erformance.eu\\\/et\\\/toode\\\/audi-a4-b5-94-01-salono-ventiliatorius\\\/\",\"name\":\"Audi A4 B5 94-01 salono ventiliatorius - Erformance.eu\",\"isPartOf\":{\"@id\":\"https:\\\/\\\/erformance.eu\\\/et\\\/#website\"},\"primaryImageOfPage\":{\"@id\":\"https:\\\/\\\/erformance.eu\\\/et\\\/toode\\\/audi-a4-b5-94-01-salono-ventiliatorius\\\/#primaryimage\"},\"image\":{\"@id\":\"https:\\\/\\\/erformance.eu\\\/et\\\/toode\\\/audi-a4-b5-94-01-salono-ventiliatorius\\\/#primaryimage\"},\"thumbnailUrl\":\"https:\\\/\\\/erformance.eu\\\/wp-content\\\/uploads\\\/2026\\\/02\\\/pol_pm_Audi-A4-B5-94-01-dmuchawa-wentylator-nawiewu-wnetrza-15782_1.jpg\",\"datePublished\":\"2026-02-16T12:36:48+00:00\",\"dateModified\":\"2026-02-24T22:09:38+00:00\",\"breadcrumb\":{\"@id\":\"https:\\\/\\\/erformance.eu\\\/et\\\/toode\\\/audi-a4-b5-94-01-salono-ventiliatorius\\\/#breadcrumb\"},\"inLanguage\":\"et\",\"potentialAction\":[{\"@type\":\"ReadAction\",\"target\":[\"https:\\\/\\\/erformance.eu\\\/et\\\/toode\\\/audi-a4-b5-94-01-salono-ventiliatorius\\\/\"]}]},{\"@type\":\"ImageObject\",\"inLanguage\":\"et\",\"@id\":\"https:\\\/\\\/erformance.eu\\\/et\\\/toode\\\/audi-a4-b5-94-01-salono-ventiliatorius\\\/#primaryimage\",\"url\":\"https:\\\/\\\/erformance.eu\\\/wp-content\\\/uploads\\\/2026\\\/02\\\/pol_pm_Audi-A4-B5-94-01-dmuchawa-wentylator-nawiewu-wnetrza-15782_1.jpg\",\"contentUrl\":\"https:\\\/\\\/erformance.eu\\\/wp-content\\\/uploads\\\/2026\\\/02\\\/pol_pm_Audi-A4-B5-94-01-dmuchawa-wentylator-nawiewu-wnetrza-15782_1.jpg\",\"width\":1200,\"height\":900},{\"@type\":\"BreadcrumbList\",\"@id\":\"https:\\\/\\\/erformance.eu\\\/et\\\/toode\\\/audi-a4-b5-94-01-salono-ventiliatorius\\\/#breadcrumb\",\"itemListElement\":[{\"@type\":\"ListItem\",\"position\":1,\"name\":\"Home\",\"item\":\"https:\\\/\\\/erformance.eu\\\/et\\\/\"},{\"@type\":\"ListItem\",\"position\":2,\"name\":\"Pood\",\"item\":\"https:\\\/\\\/erformance.eu\\\/et\\\/pood\\\/\"},{\"@type\":\"ListItem\",\"position\":3,\"name\":\"Audi A4 B5 94-01 salono ventiliatorius\"}]},{\"@type\":\"WebSite\",\"@id\":\"https:\\\/\\\/erformance.eu\\\/et\\\/#website\",\"url\":\"https:\\\/\\\/erformance.eu\\\/et\\\/\",\"name\":\"Erformance.eu\",\"description\":\"Automobili\u0173 dali\u0173 parduotuv\u0117\",\"potentialAction\":[{\"@type\":\"SearchAction\",\"target\":{\"@type\":\"EntryPoint\",\"urlTemplate\":\"https:\\\/\\\/erformance.eu\\\/et\\\/?s={search_term_string}\"},\"query-input\":{\"@type\":\"PropertyValueSpecification\",\"valueRequired\":true,\"valueName\":\"search_term_string\"}}],\"inLanguage\":\"et\"}]}<\/script>\n<!-- \/ Yoast SEO Premium plugin. -->","yoast_head_json":{"title":"Audi A4 B5 94-01 salono ventiliatorius - Erformance.eu","robots":{"index":"index","follow":"follow","max-snippet":"max-snippet:-1","max-image-preview":"max-image-preview:large","max-video-preview":"max-video-preview:-1"},"canonical":"https:\/\/erformance.eu\/et\/toode\/audi-a4-b5-94-01-salono-ventiliatorius\/","og_locale":"et_EE","og_type":"article","og_title":"Audi A4 B5 94-01 salono ventiliatorius","og_description":"1. Prek\u0117: Salono ventiliatorius\/variklis2. Gamintojas: pakeitimas3. Automobilis:   * Audi A4 B5 94-01   * VW Passat B5 97-00   * VW Passat B5 FL 00-05","og_url":"https:\/\/erformance.eu\/et\/toode\/audi-a4-b5-94-01-salono-ventiliatorius\/","og_site_name":"Erformance.eu","article_modified_time":"2026-02-24T22:09:38+00:00","og_image":[{"width":1200,"height":900,"url":"https:\/\/erformance.eu\/wp-content\/uploads\/2026\/02\/pol_pm_Audi-A4-B5-94-01-dmuchawa-wentylator-nawiewu-wnetrza-15782_1.jpg","type":"image\/jpeg"}],"twitter_card":"summary_large_image","schema":{"@context":"https:\/\/schema.org","@graph":[{"@type":"WebPage","@id":"https:\/\/erformance.eu\/et\/toode\/audi-a4-b5-94-01-salono-ventiliatorius\/","url":"https:\/\/erformance.eu\/et\/toode\/audi-a4-b5-94-01-salono-ventiliatorius\/","name":"Audi A4 B5 94-01 salono ventiliatorius - Erformance.eu","isPartOf":{"@id":"https:\/\/erformance.eu\/et\/#website"},"primaryImageOfPage":{"@id":"https:\/\/erformance.eu\/et\/toode\/audi-a4-b5-94-01-salono-ventiliatorius\/#primaryimage"},"image":{"@id":"https:\/\/erformance.eu\/et\/toode\/audi-a4-b5-94-01-salono-ventiliatorius\/#primaryimage"},"thumbnailUrl":"https:\/\/erformance.eu\/wp-content\/uploads\/2026\/02\/pol_pm_Audi-A4-B5-94-01-dmuchawa-wentylator-nawiewu-wnetrza-15782_1.jpg","datePublished":"2026-02-16T12:36:48+00:00","dateModified":"2026-02-24T22:09:38+00:00","breadcrumb":{"@id":"https:\/\/erformance.eu\/et\/toode\/audi-a4-b5-94-01-salono-ventiliatorius\/#breadcrumb"},"inLanguage":"et","potentialAction":[{"@type":"ReadAction","target":["https:\/\/erformance.eu\/et\/toode\/audi-a4-b5-94-01-salono-ventiliatorius\/"]}]},{"@type":"ImageObject","inLanguage":"et","@id":"https:\/\/erformance.eu\/et\/toode\/audi-a4-b5-94-01-salono-ventiliatorius\/#primaryimage","url":"https:\/\/erformance.eu\/wp-content\/uploads\/2026\/02\/pol_pm_Audi-A4-B5-94-01-dmuchawa-wentylator-nawiewu-wnetrza-15782_1.jpg","contentUrl":"https:\/\/erformance.eu\/wp-content\/uploads\/2026\/02\/pol_pm_Audi-A4-B5-94-01-dmuchawa-wentylator-nawiewu-wnetrza-15782_1.jpg","width":1200,"height":900},{"@type":"BreadcrumbList","@id":"https:\/\/erformance.eu\/et\/toode\/audi-a4-b5-94-01-salono-ventiliatorius\/#breadcrumb","itemListElement":[{"@type":"ListItem","position":1,"name":"Home","item":"https:\/\/erformance.eu\/et\/"},{"@type":"ListItem","position":2,"name":"Pood","item":"https:\/\/erformance.eu\/et\/pood\/"},{"@type":"ListItem","position":3,"name":"Audi A4 B5 94-01 salono ventiliatorius"}]},{"@type":"WebSite","@id":"https:\/\/erformance.eu\/et\/#website","url":"https:\/\/erformance.eu\/et\/","name":"Erformance.eu","description":"Automobili\u0173 dali\u0173 parduotuv\u0117","potentialAction":[{"@type":"SearchAction","target":{"@type":"EntryPoint","urlTemplate":"https:\/\/erformance.eu\/et\/?s={search_term_string}"},"query-input":{"@type":"PropertyValueSpecification","valueRequired":true,"valueName":"search_term_string"}}],"inLanguage":"et"}]}},"jetpack_sharing_enabled":true,"_links":{"self":[{"href":"https:\/\/erformance.eu\/et\/wp-json\/wp\/v2\/product\/65235","targetHints":{"allow":["GET"]}}],"collection":[{"href":"https:\/\/erformance.eu\/et\/wp-json\/wp\/v2\/product"}],"about":[{"href":"https:\/\/erformance.eu\/et\/wp-json\/wp\/v2\/types\/product"}],"replies":[{"embeddable":true,"href":"https:\/\/erformance.eu\/et\/wp-json\/wp\/v2\/comments?post=65235"}],"version-history":[{"count":1,"href":"https:\/\/erformance.eu\/et\/wp-json\/wp\/v2\/product\/65235\/revisions"}],"predecessor-version":[{"id":65238,"href":"https:\/\/erformance.eu\/et\/wp-json\/wp\/v2\/product\/65235\/revisions\/65238"}],"wp:featuredmedia":[{"embeddable":true,"href":"https:\/\/erformance.eu\/et\/wp-json\/wp\/v2\/media\/65236"}],"wp:attachment":[{"href":"https:\/\/erformance.eu\/et\/wp-json\/wp\/v2\/media?parent=65235"}],"wp:term":[{"taxonomy":"product_brand","embeddable":true,"href":"https:\/\/erformance.eu\/et\/wp-json\/wp\/v2\/product_brand?post=65235"},{"taxonomy":"product_cat","embeddable":true,"href":"https:\/\/erformance.eu\/et\/wp-json\/wp\/v2\/product_cat?post=65235"},{"taxonomy":"product_tag","embeddable":true,"href":"https:\/\/erformance.eu\/et\/wp-json\/wp\/v2\/product_tag?post=65235"}],"curies":[{"name":"wp","href":"https:\/\/api.w.org\/{rel}","templated":true}]}}