{"id":66921,"date":"2026-04-24T23:18:38","date_gmt":"2026-04-24T20:18:38","guid":{"rendered":"https:\/\/erformance.eu\/?post_type=product&#038;p=66921"},"modified":"2026-04-24T23:18:38","modified_gmt":"2026-04-24T20:18:38","slug":"mercedes-x164-gl-klases-06-12-galinio-bagazines-dangcio-uzraktas-line-50-cm","status":"publish","type":"product","link":"https:\/\/erformance.eu\/et\/toode\/mercedes-x164-gl-klases-06-12-galinio-bagazines-dangcio-uzraktas-line-50-cm\/","title":{"rendered":"Mercedes X164 GL-klas\u0117s 06-12 galinio baga\u017ein\u0117s dang\u010dio u\u017eraktas LINE 50 cm"},"content":{"rendered":"<p>Prek\u0117: Galinio baga\u017ein\u0117s dang\u010dio u\u017eraktas<br \/>\nOriginalus numeris:<\/p>\n<p>A1647400635<br \/>\nA1647400500<br \/>\nA1647600008<br \/>\nA1647600108<br \/>\nA2117400136<br \/>\n1647400635<br \/>\n1647400500<br \/>\n1647600008<br \/>\n1647600108<br \/>\n2117400136<\/p>\n<p>PASTABA: auk\u0161\u010diau pateikti numeriai yra original\u016bs dali\u0173 numeriai, kuriuos \u0161is pasi\u016blymas pakei\u010dia. Prie\u0161 pirkdami, palyginkite juos su originaliu dalies numeriu. Jei jie skiriasi net vienu simboliu, dalis netiks, neveiks arba veiks netinkamai. Tokiu atveju jos nepirkite.<br \/>\nAutomobilis:<br \/>\n\u201eMercedes S211\u201c (W211 KOMBI) E klas\u0117s automobilis, pagaminimo metai: 2003\u20132009<\/p>\n<p>E-KLAS\u0116S T-Modelis (S211) 350 CGI (211.257) (M 272.985) 3498ccm 292KM\/215kW 2006\/05-2009\/07<br \/>\nE-KLAS\u0116S T-Modelis (S211) E 200 CDI (211.207) (OM 646.821) 2148ccm 136KM\/100kW 2006\/04-2009\/07<br \/>\nE-KLAS\u0116S T-Modelis (S211) E 200 Kompressor (211.241) (M 271.956) 1796ccm 184KM\/135kW 2006\/04-2009\/07<br \/>\nE-KLAS\u0116S T-Modelis (S211) E 200 T Kompressor (211.242) (M 271.941) 1796ccm 163KM\/120kW 2003\/03-2009\/07<br \/>\nE-KLAS\u0116S T-Modelis (S211) E 220 CDI (211.206) (OM 646.961) 2148ccm 136KM\/100kW 2003\/03-2009\/07<br \/>\nE-KLAS\u0116S T-Modelis (S211) E 220 T CDI (211.206) (OM 646.961) 2148ccm 150KM\/110kW 2003\/03-2009\/07<br \/>\nE-KLAS\u0116S T-Modelis (S211) E 220 T CDI (211.208) (OM 646.821) 2148ccm 170KM\/125kW 2006\/04-2009\/07<br \/>\nE-KLAS\u0116S T-Modelis (S211) E 220 T CDI (OM 646.821) 2148ccm 163KM\/120kW 2003\/03-2009\/07<br \/>\nE-KLAS\u0116S T-Modelis (S211) E 230 T (211.252) (M 272.922) 2496ccm 204KM\/150kW 2007\/05-2009\/07<br \/>\nE-KLAS\u0116S T-Modelis (S211) E 240 T (211.261) (M 112.913) 2597ccm 177KM\/130kW 2003\/03-2009\/07<br \/>\nE-KLAS\u0116S T-Modelis (S211) E 240 T 4-matic (211.280) (M 112.917) 2597ccm 177KM\/130kW 2003\/07-2009\/07<br \/>\nE-KLAS\u0116S T-Modelis (S211) E 270 T CDI (211.216) (OM 647.961) 2685ccm 177KM\/130kW 2003\/03-2009\/07<br \/>\nE-KLAS\u0116S T-Modelis (S211) E 280 T (211.254) (M 272.943) 2996ccm 231KM\/170kW 2005\/03-2009\/07<br \/>\nE-KLAS\u0116S T-Modelis (S211) E 280 T 4-matic (211.292) (M 272.943 M 272.944) 2996ccm 231KM\/170kW 2005\/03-2009\/07<br \/>\nE-KLAS\u0116S T-Modelis (S211) E 280 T CDI (211.220) (OM 642.920) 2987ccm 190KM\/140kW 2005\/03-2009\/07<br \/>\nE-KLAS\u0116S T-Modelis (S211) E 280 T CDI (211.223) (OM 648.961) 3222ccm 177KM\/130kW 2004\/05-2009\/07<br \/>\nE-KLAS\u0116S T-Modelis (S211) E 280 T CDI 4-matic (211.284) (OM 642.921) 2987ccm 190KM\/140kW 2005\/03-2009\/07<br \/>\nE-KLAS\u0116S T-Modelis (S211) E 320 T (211.265) (M 112.949) 3199ccm 224KM\/165kW 2003\/03-2009\/07<br \/>\nE-KLAS\u0116S T-Modelis (S211) E 320 T 4-matic (211.282) (M 112.954) 3199ccm 224KM\/165kW 2003\/07-2009\/07<br \/>\nE-KLAS\u0116S T-Modelis (S211) E 320 T CDI (211.222) (OM 642.920) 2987ccm 224KM\/165kW 2005\/03-2009\/07<br \/>\nKLASA E T-Model (S211) E 320 T CDI (211.226) (OM 648.961) 3222ccm 204KM\/150kW 2003\/03-2009\/07<br \/>\nKLASA E T-Model (S211) E 320 T CDI 4-matic (211.289) (OM 642.921) 2987ccm 224KM\/165kW 2005\/03-2009\/07<br \/>\nKLASA E T-Model (S211) E 350 T (211.256) (M 272.964) 3498ccm 272KM\/200kW 2005\/03-2009\/07<br \/>\nKLASA E T-Model (S211) E 350 T 4-matic (211.287) (M 272.972) 3498ccm 272KM\/200kW 2005\/03-2009\/07<br \/>\nKLASA E T-Model (S211) E 500 T (211.270) (M 113.967) 4966ccm 306KM\/225kW 2003\/10-2009\/07<br \/>\nKLASA E T-Model (S211) E 500 T (211.272) (M 273.960) 5461ccm 388KM\/285kW 2006\/04-2009\/07<br \/>\nKLASA E T-Model (S211) E 500 T 4-matic (211.283) (M 113.969) 4966ccm 306KM\/225kW 2003\/10-2009\/07<br \/>\nKLASA E T-Model (S211) E 500 T 4-matic (211.290) (M 273.962) 5461ccm 388KM\/285kW 2006\/04-2009\/07<br \/>\nKLASA E T-Model (S211) E 55 T AMG Kompressor (211.276) (M 113.990) 5439ccm 476KM\/350kW 2003\/07-2009\/07<br \/>\nKLASA E T-Model (S211) E 63 AMG (211.277) (M 156.983) 6208ccm 514KM\/378kW 2006\/03-2009\/07<\/p>\n<p>Mercedes W164 M-Klasa, rok produkcji: 2005-2011<\/p>\n<p>KLASA M (W164) ML 280 CDI 4-matic (164.120) (OM 642.940) 2987ccm 190KM\/140kW 2005\/07-2009\/07<br \/>\nKLASA M (W164) ML 300 CDI 4-matic (164.120) (OM 642.940) 2987ccm 190KM\/140kW 2009\/07-2011\/12<br \/>\nKLASA M (W164) ML 300 CDI 4-matic (164.121) (OM 642.820) 2987ccm 204KM\/150kW 2010\/02-2011\/12<br \/>\nKLASA M (W164) ML 320 CDI 4-matic (164.122) (OM 642.940) 2987ccm 211KM\/155kW 2005\/07-2011\/07<br \/>\nKLASA M (W164) ML 320 CDI 4-matic (164.122) (OM 642.940) 2987ccm 224KM\/165kW 2005\/07-2009\/07<br \/>\nKLASA M (W164) ML 350 4-matic (164.186) (M 272.967) 3498ccm 272KM\/200kW 2005\/02-2011\/12<br \/>\nKLASA M (W164) ML 350 CDI 4-matic (164.122) (OM 642.940) 2987ccm 224KM\/165kW 2009\/07-2011\/12<br \/>\nKLASA M (W164) ML 350 CDI 4-matic (164.125) (OM 642.820) 2987ccm 211KM\/155kW 2009\/09-2011\/12<br \/>\nKLASA M (W164) ML 350 CDI 4-matic (164.125) (OM 642.820) 2987ccm 231KM\/170kW 2010\/02-2011\/12<br \/>\nKLASA M (W164) ML 420 CDI 4-matic (164.128) (OM 629.912) 3996ccm 306KM\/225kW 2006\/02-2009\/09<br \/>\nKLASA M (W164) ML 450 CDI 4-matic (164.128) (OM 629.912) 3996ccm 306KM\/225kW 2009\/09-2011\/12<br \/>\nKLASA M (W164) ML 500 4-matic (164.172) (M 273.963) 5461ccm 388KM\/285kW 2007\/12-2011\/12<br \/>\nKLASA M (W164) ML 500 4-matic (164.175) (M 113.964) 4966ccm 306KM\/225kW 2005\/07-2011\/12<br \/>\nKLASA M (W164) ML 63 AMG 4-matic (164.177) (M 156.980) 6208ccm 510KM\/375kW 2006\/01-2011\/12<\/p>\n<p>Mercedes W251 \/ V251 R-Klasa , modele produkowane od rocznika 2006<\/p>\n<p>KLASA R (W251, V251) R 280 (251.054, 251.154) (M 272.945) 2996ccm 231KM\/170kW 2007\/01-<br \/>\nKLASA R (W251, V251) R 280 CDI (251.121, 251.026, 251.126) (OM 642.870 OM 642.872 OM 642.950) 2987ccm 190KM\/140kW 2006\/05-<br \/>\nKLASA R (W251, V251) R 280 CDI 4-matic (251.020) (OM 642.950) 2987ccm 190KM\/140kW 2006\/05-<br \/>\nKLASA R (W251, V251) R 300 (251.054, 251.154) (M 272.945) 2996ccm 231KM\/170kW 2009\/07-<br \/>\nKLASA R (W251, V251) R 300 CDI (251.021, 251.121, 251.026, 251.126) (OM 642.870 OM 642.872 OM 642.950) 2987ccm 190KM\/140kW 2009\/07-<br \/>\nKLASA R (W251, V251) R 300 CDI 4-matic (251.020) (OM 642.950) 2987ccm 190KM\/140kW 2009\/07-<br \/>\nKLASA R (W251, V251) R 320 CDI 4-matic (251.022, 251.122) (OM 642.950) 2987ccm 224KM\/165kW 2006\/01-<br \/>\nKLASA R (W251, V251) R 320 CDI 4-matic (251.125) (OM 642.870 OM 642.950) 2987ccm 211KM\/155kW 2006\/01-<br \/>\nKLASA R (W251, V251) R 350 (251.056, 251.156) (M 272.967) 3498ccm 272KM\/200kW 2007\/01-<br \/>\nKLASA R (W251, V251) R 350 4-matic (251.065, 251.165) (M 272.967) 3498ccm 272KM\/200kW 2006\/01-<br \/>\nKLASA R (W251, V251) R 350 CDI 4-matic (251.022, 251.122) (OM 642.950) 2987ccm 224KM\/165kW 2009\/07-<br \/>\nKLASA R (W251, V251) R 350 CDI 4-matic (251.023, 251.123) (OM 642.872) 2987ccm 265KM\/195kW 2010\/08-<br \/>\nKLASA R (W251, V251) R 350 CDI 4-matic (251.124, 251.125) (OM 642.870 OM 642.950) 2987ccm 211KM\/155kW 2006\/01-<br \/>\nKLASA R (W251, V251) R 350 CGI 4-matic (251.057, 251.157) (M 276.958) 3498ccm 306KM\/225kW 2006\/01-<br \/>\nKLASA R (W251, V251) R 500 4-matic (251.072, 251.172) (M 273.963) 5461ccm 388KM\/285kW 2007\/01-<br \/>\nKLASA R (W251, V251) R 500 4-matic (251.075, 251.175) (M 113.960 M 113.971) 4966ccm 306KM\/225kW 2006\/01-<br \/>\nKLASA R (W251, V251) R 63 AMG 4-matic (251.077, 251.177) (M 156.980) 6208ccm 510KM\/375kW 2006\/02-<\/p>\n<p>Mercedes X164 GL-Klasa, rok produkcji: 2006-2012<\/p>\n<p>KLASA GL (X164) GL 320 CDI \/ 350 BlueTEC 4-matic (164.824, 164.825) (OM 642.820) 2987ccm 211KM\/155kW 2009\/12-2012\/08<br \/>\nKLASA GL (X164) GL 320 CDI 4-matic (164.822) (OM 642.940) 2987ccm 224KM\/165kW 2006\/09-2009\/05<br \/>\nKLASA GL (X164) GL 350 CDI 4-matic (164.822) (OM 642.940) 2987ccm 224KM\/165kW 2009\/05-2012\/08<br \/>\nKLASA GL (X164) GL 350 CDI 4-matic (164.823) (OM 642.822) 2987ccm 265KM\/195kW 2010\/10-2012\/08<br \/>\nKLASA GL (X164) GL 420 CDI 4-matic (164.828) (OM 629.912) 3996ccm 306KM\/225kW 2006\/09-2009\/05<br \/>\nKLASA GL (X164) GL 450 4-matic (164.871) (M 273.923) 4663ccm 340KM\/250kW 2006\/09-2012\/08<br \/>\nKLASA GL (X164) GL 450 CDI 4-matic (164.828) (OM 629.912) 3996ccm 306KM\/225kW 2009\/05-2012\/08<br \/>\nKLASA GL (X164) GL 500 4-matic (164.886) (M 273.963) 5461ccm 388KM\/285kW 2006\/09-2012\/12<\/p>\n<p>Producent: zamiennik<br \/>\nStan techniczny: przedmiot jest fabrycznie NOWY, nieu\u017cywany, nieuszkodzony i niezniszczony<br \/>\nUwaga!<\/p>\n<p>do pojazd\u00f3w z centralnym zamkiem<br \/>\nd\u0142ugo\u015b\u0107 linki &#8211; 50 cm<\/p>\n","protected":false},"excerpt":{"rendered":"<p>1. Prek\u0117: Galinio baga\u017ein\u0117s dang\u010dio u\u017eraktas<\/p>\n<p>2. Gamintojas: pakeitimas<\/p>\n<p>3. Automobilis:<\/p>\n<p>* \u201eMercedes S211 E\u201c klas\u0117 03\u201309<\/p>\n<p>* \u201eMercedes W164\u201c M klas\u0117s automobilis 05\u201311<\/p>\n<p>*Mercedes W251 \/ V251 R klas\u0117s 2006\u2013<\/p>\n<p>* \u201eMercedes X164 GL\u201c klas\u0117 06\u201312<\/p>\n","protected":false},"featured_media":66922,"comment_status":"open","ping_status":"closed","template":"","meta":[],"product_brand":[],"product_cat":[145],"product_tag":[],"class_list":{"0":"post-66921","1":"product","2":"type-product","3":"status-publish","4":"has-post-thumbnail","6":"product_cat-mercedes-benz","8":"first","9":"instock","10":"shipping-taxable","11":"purchasable","12":"product-type-simple"},"yoast_head":"<!-- This site is optimized with the Yoast SEO Premium plugin v25.2 (Yoast SEO v27.5) - https:\/\/yoast.com\/product\/yoast-seo-premium-wordpress\/ -->\n<title>Mercedes X164 GL-klas\u0117s 06-12 galinio baga\u017ein\u0117s dang\u010dio u\u017eraktas LINE 50 cm - Erformance.eu<\/title>\n<meta name=\"robots\" content=\"index, follow, max-snippet:-1, max-image-preview:large, max-video-preview:-1\" \/>\n<link rel=\"canonical\" href=\"https:\/\/erformance.eu\/et\/toode\/mercedes-x164-gl-klases-06-12-galinio-bagazines-dangcio-uzraktas-line-50-cm\/\" \/>\n<meta property=\"og:locale\" content=\"et_EE\" \/>\n<meta property=\"og:type\" content=\"article\" \/>\n<meta property=\"og:title\" content=\"Mercedes X164 GL-klas\u0117s 06-12 galinio baga\u017ein\u0117s dang\u010dio u\u017eraktas LINE 50 cm\" \/>\n<meta property=\"og:description\" content=\"1. Prek\u0117: Galinio baga\u017ein\u0117s dang\u010dio u\u017eraktas 2. Gamintojas: pakeitimas 3. Automobilis: * \u201eMercedes S211 E\u201c klas\u0117 03\u201309 * \u201eMercedes W164\u201c M klas\u0117s automobilis 05\u201311 *Mercedes W251 \/ V251 R klas\u0117s 2006\u2013 * \u201eMercedes X164 GL\u201c klas\u0117 06\u201312\" \/>\n<meta property=\"og:url\" content=\"https:\/\/erformance.eu\/et\/toode\/mercedes-x164-gl-klases-06-12-galinio-bagazines-dangcio-uzraktas-line-50-cm\/\" \/>\n<meta property=\"og:site_name\" content=\"Erformance.eu\" \/>\n<meta name=\"twitter:card\" content=\"summary_large_image\" \/>\n<meta name=\"twitter:label1\" content=\"Est. reading time\" \/>\n\t<meta name=\"twitter:data1\" content=\"5 minutit\" \/>\n<script type=\"application\/ld+json\" class=\"yoast-schema-graph\">{\"@context\":\"https:\\\/\\\/schema.org\",\"@graph\":[{\"@type\":\"WebPage\",\"@id\":\"https:\\\/\\\/erformance.eu\\\/et\\\/toode\\\/mercedes-x164-gl-klases-06-12-galinio-bagazines-dangcio-uzraktas-line-50-cm\\\/\",\"url\":\"https:\\\/\\\/erformance.eu\\\/et\\\/toode\\\/mercedes-x164-gl-klases-06-12-galinio-bagazines-dangcio-uzraktas-line-50-cm\\\/\",\"name\":\"Mercedes X164 GL-klas\u0117s 06-12 galinio baga\u017ein\u0117s dang\u010dio u\u017eraktas LINE 50 cm - Erformance.eu\",\"isPartOf\":{\"@id\":\"https:\\\/\\\/erformance.eu\\\/et\\\/#website\"},\"primaryImageOfPage\":{\"@id\":\"https:\\\/\\\/erformance.eu\\\/et\\\/toode\\\/mercedes-x164-gl-klases-06-12-galinio-bagazines-dangcio-uzraktas-line-50-cm\\\/#primaryimage\"},\"image\":{\"@id\":\"https:\\\/\\\/erformance.eu\\\/et\\\/toode\\\/mercedes-x164-gl-klases-06-12-galinio-bagazines-dangcio-uzraktas-line-50-cm\\\/#primaryimage\"},\"thumbnailUrl\":\"https:\\\/\\\/erformance.eu\\\/wp-content\\\/uploads\\\/2026\\\/04\\\/pol_pm_Mercedes-X164-GL-Klasa-06-12-zamek-tylnej-klapy-bagaznika-LINKA-50-cm-21864_5.jpg\",\"datePublished\":\"2026-04-24T20:18:38+00:00\",\"breadcrumb\":{\"@id\":\"https:\\\/\\\/erformance.eu\\\/et\\\/toode\\\/mercedes-x164-gl-klases-06-12-galinio-bagazines-dangcio-uzraktas-line-50-cm\\\/#breadcrumb\"},\"inLanguage\":\"et\",\"potentialAction\":[{\"@type\":\"ReadAction\",\"target\":[\"https:\\\/\\\/erformance.eu\\\/et\\\/toode\\\/mercedes-x164-gl-klases-06-12-galinio-bagazines-dangcio-uzraktas-line-50-cm\\\/\"]}]},{\"@type\":\"ImageObject\",\"inLanguage\":\"et\",\"@id\":\"https:\\\/\\\/erformance.eu\\\/et\\\/toode\\\/mercedes-x164-gl-klases-06-12-galinio-bagazines-dangcio-uzraktas-line-50-cm\\\/#primaryimage\",\"url\":\"https:\\\/\\\/erformance.eu\\\/wp-content\\\/uploads\\\/2026\\\/04\\\/pol_pm_Mercedes-X164-GL-Klasa-06-12-zamek-tylnej-klapy-bagaznika-LINKA-50-cm-21864_5.jpg\",\"contentUrl\":\"https:\\\/\\\/erformance.eu\\\/wp-content\\\/uploads\\\/2026\\\/04\\\/pol_pm_Mercedes-X164-GL-Klasa-06-12-zamek-tylnej-klapy-bagaznika-LINKA-50-cm-21864_5.jpg\",\"width\":1200,\"height\":900},{\"@type\":\"BreadcrumbList\",\"@id\":\"https:\\\/\\\/erformance.eu\\\/et\\\/toode\\\/mercedes-x164-gl-klases-06-12-galinio-bagazines-dangcio-uzraktas-line-50-cm\\\/#breadcrumb\",\"itemListElement\":[{\"@type\":\"ListItem\",\"position\":1,\"name\":\"Home\",\"item\":\"https:\\\/\\\/erformance.eu\\\/et\\\/\"},{\"@type\":\"ListItem\",\"position\":2,\"name\":\"Pood\",\"item\":\"https:\\\/\\\/erformance.eu\\\/et\\\/pood\\\/\"},{\"@type\":\"ListItem\",\"position\":3,\"name\":\"Mercedes X164 GL-klas\u0117s 06-12 galinio baga\u017ein\u0117s dang\u010dio u\u017eraktas LINE 50 cm\"}]},{\"@type\":\"WebSite\",\"@id\":\"https:\\\/\\\/erformance.eu\\\/et\\\/#website\",\"url\":\"https:\\\/\\\/erformance.eu\\\/et\\\/\",\"name\":\"Erformance.eu\",\"description\":\"Automobili\u0173 dali\u0173 parduotuv\u0117\",\"potentialAction\":[{\"@type\":\"SearchAction\",\"target\":{\"@type\":\"EntryPoint\",\"urlTemplate\":\"https:\\\/\\\/erformance.eu\\\/et\\\/?s={search_term_string}\"},\"query-input\":{\"@type\":\"PropertyValueSpecification\",\"valueRequired\":true,\"valueName\":\"search_term_string\"}}],\"inLanguage\":\"et\"}]}<\/script>\n<!-- \/ Yoast SEO Premium plugin. -->","yoast_head_json":{"title":"Mercedes X164 GL-klas\u0117s 06-12 galinio baga\u017ein\u0117s dang\u010dio u\u017eraktas LINE 50 cm - Erformance.eu","robots":{"index":"index","follow":"follow","max-snippet":"max-snippet:-1","max-image-preview":"max-image-preview:large","max-video-preview":"max-video-preview:-1"},"canonical":"https:\/\/erformance.eu\/et\/toode\/mercedes-x164-gl-klases-06-12-galinio-bagazines-dangcio-uzraktas-line-50-cm\/","og_locale":"et_EE","og_type":"article","og_title":"Mercedes X164 GL-klas\u0117s 06-12 galinio baga\u017ein\u0117s dang\u010dio u\u017eraktas LINE 50 cm","og_description":"1. Prek\u0117: Galinio baga\u017ein\u0117s dang\u010dio u\u017eraktas 2. Gamintojas: pakeitimas 3. Automobilis: * \u201eMercedes S211 E\u201c klas\u0117 03\u201309 * \u201eMercedes W164\u201c M klas\u0117s automobilis 05\u201311 *Mercedes W251 \/ V251 R klas\u0117s 2006\u2013 * \u201eMercedes X164 GL\u201c klas\u0117 06\u201312","og_url":"https:\/\/erformance.eu\/et\/toode\/mercedes-x164-gl-klases-06-12-galinio-bagazines-dangcio-uzraktas-line-50-cm\/","og_site_name":"Erformance.eu","twitter_card":"summary_large_image","twitter_misc":{"Est. reading time":"5 minutit"},"schema":{"@context":"https:\/\/schema.org","@graph":[{"@type":"WebPage","@id":"https:\/\/erformance.eu\/et\/toode\/mercedes-x164-gl-klases-06-12-galinio-bagazines-dangcio-uzraktas-line-50-cm\/","url":"https:\/\/erformance.eu\/et\/toode\/mercedes-x164-gl-klases-06-12-galinio-bagazines-dangcio-uzraktas-line-50-cm\/","name":"Mercedes X164 GL-klas\u0117s 06-12 galinio baga\u017ein\u0117s dang\u010dio u\u017eraktas LINE 50 cm - Erformance.eu","isPartOf":{"@id":"https:\/\/erformance.eu\/et\/#website"},"primaryImageOfPage":{"@id":"https:\/\/erformance.eu\/et\/toode\/mercedes-x164-gl-klases-06-12-galinio-bagazines-dangcio-uzraktas-line-50-cm\/#primaryimage"},"image":{"@id":"https:\/\/erformance.eu\/et\/toode\/mercedes-x164-gl-klases-06-12-galinio-bagazines-dangcio-uzraktas-line-50-cm\/#primaryimage"},"thumbnailUrl":"https:\/\/erformance.eu\/wp-content\/uploads\/2026\/04\/pol_pm_Mercedes-X164-GL-Klasa-06-12-zamek-tylnej-klapy-bagaznika-LINKA-50-cm-21864_5.jpg","datePublished":"2026-04-24T20:18:38+00:00","breadcrumb":{"@id":"https:\/\/erformance.eu\/et\/toode\/mercedes-x164-gl-klases-06-12-galinio-bagazines-dangcio-uzraktas-line-50-cm\/#breadcrumb"},"inLanguage":"et","potentialAction":[{"@type":"ReadAction","target":["https:\/\/erformance.eu\/et\/toode\/mercedes-x164-gl-klases-06-12-galinio-bagazines-dangcio-uzraktas-line-50-cm\/"]}]},{"@type":"ImageObject","inLanguage":"et","@id":"https:\/\/erformance.eu\/et\/toode\/mercedes-x164-gl-klases-06-12-galinio-bagazines-dangcio-uzraktas-line-50-cm\/#primaryimage","url":"https:\/\/erformance.eu\/wp-content\/uploads\/2026\/04\/pol_pm_Mercedes-X164-GL-Klasa-06-12-zamek-tylnej-klapy-bagaznika-LINKA-50-cm-21864_5.jpg","contentUrl":"https:\/\/erformance.eu\/wp-content\/uploads\/2026\/04\/pol_pm_Mercedes-X164-GL-Klasa-06-12-zamek-tylnej-klapy-bagaznika-LINKA-50-cm-21864_5.jpg","width":1200,"height":900},{"@type":"BreadcrumbList","@id":"https:\/\/erformance.eu\/et\/toode\/mercedes-x164-gl-klases-06-12-galinio-bagazines-dangcio-uzraktas-line-50-cm\/#breadcrumb","itemListElement":[{"@type":"ListItem","position":1,"name":"Home","item":"https:\/\/erformance.eu\/et\/"},{"@type":"ListItem","position":2,"name":"Pood","item":"https:\/\/erformance.eu\/et\/pood\/"},{"@type":"ListItem","position":3,"name":"Mercedes X164 GL-klas\u0117s 06-12 galinio baga\u017ein\u0117s dang\u010dio u\u017eraktas LINE 50 cm"}]},{"@type":"WebSite","@id":"https:\/\/erformance.eu\/et\/#website","url":"https:\/\/erformance.eu\/et\/","name":"Erformance.eu","description":"Automobili\u0173 dali\u0173 parduotuv\u0117","potentialAction":[{"@type":"SearchAction","target":{"@type":"EntryPoint","urlTemplate":"https:\/\/erformance.eu\/et\/?s={search_term_string}"},"query-input":{"@type":"PropertyValueSpecification","valueRequired":true,"valueName":"search_term_string"}}],"inLanguage":"et"}]}},"jetpack_sharing_enabled":true,"_links":{"self":[{"href":"https:\/\/erformance.eu\/et\/wp-json\/wp\/v2\/product\/66921","targetHints":{"allow":["GET"]}}],"collection":[{"href":"https:\/\/erformance.eu\/et\/wp-json\/wp\/v2\/product"}],"about":[{"href":"https:\/\/erformance.eu\/et\/wp-json\/wp\/v2\/types\/product"}],"replies":[{"embeddable":true,"href":"https:\/\/erformance.eu\/et\/wp-json\/wp\/v2\/comments?post=66921"}],"version-history":[{"count":1,"href":"https:\/\/erformance.eu\/et\/wp-json\/wp\/v2\/product\/66921\/revisions"}],"predecessor-version":[{"id":66923,"href":"https:\/\/erformance.eu\/et\/wp-json\/wp\/v2\/product\/66921\/revisions\/66923"}],"wp:featuredmedia":[{"embeddable":true,"href":"https:\/\/erformance.eu\/et\/wp-json\/wp\/v2\/media\/66922"}],"wp:attachment":[{"href":"https:\/\/erformance.eu\/et\/wp-json\/wp\/v2\/media?parent=66921"}],"wp:term":[{"taxonomy":"product_brand","embeddable":true,"href":"https:\/\/erformance.eu\/et\/wp-json\/wp\/v2\/product_brand?post=66921"},{"taxonomy":"product_cat","embeddable":true,"href":"https:\/\/erformance.eu\/et\/wp-json\/wp\/v2\/product_cat?post=66921"},{"taxonomy":"product_tag","embeddable":true,"href":"https:\/\/erformance.eu\/et\/wp-json\/wp\/v2\/product_tag?post=66921"}],"curies":[{"name":"wp","href":"https:\/\/api.w.org\/{rel}","templated":true}]}}