{"id":66960,"date":"2026-04-24T23:18:59","date_gmt":"2026-04-24T20:18:59","guid":{"rendered":"https:\/\/erformance.eu\/?post_type=product&#038;p=66960"},"modified":"2026-04-24T23:18:59","modified_gmt":"2026-04-24T20:18:59","slug":"mercedes-w246-b-klases-11-18-pavaru-perjungimo-svirtis-juoda-sidabrine-6-pavaru","status":"publish","type":"product","link":"https:\/\/erformance.eu\/et\/toode\/mercedes-w246-b-klases-11-18-pavaru-perjungimo-svirtis-juoda-sidabrine-6-pavaru\/","title":{"rendered":"Mercedes W246 B klas\u0117s 11-18 pavar\u0173 perjungimo svirtis juoda \/ sidabrin\u0117 6 pavar\u0173"},"content":{"rendered":"<p>Prek\u0117: pavar\u0173 perjungimo svirtis<br \/>\nOE numeris: A2463641510<br \/>\nPASTABA: auk\u0161\u010diau pateikti numeriai yra original\u016bs dali\u0173 numeriai, kuriuos \u0161is pasi\u016blymas pakei\u010dia. Prie\u0161 pirkdami, palyginkite juos su originaliu dalies numeriu. Jei jie skiriasi net vienu simboliu, dalis netiks, neveiks arba veiks netinkamai. Tokiu atveju jos nepirkite.<br \/>\nAutomobilis:<\/p>\n<p>\u201eMercedes-Benz A-CLASS\u201c (W176), pagaminimo metai: 2012\u20132018<br \/>\n\u201eMercedes-Benz B-CLASS Sports Tourer\u201c (W246, W242), pagaminimo metai: 2011\u20132018<\/p>\n<p>Spalva: juoda ranken\u0117l\u0117 su SIDABRINIAIS elementais (matinis chromas)<br \/>\nSchema: juodai balta perdanga su 6 pavaromis + atbuline eiga<br \/>\nGamintojas: pakaitalas<br \/>\nTechnin\u0117 b\u016bkl\u0117: prek\u0117 yra visi\u0161kai nauja, nenaudota, nepa\u017eeista ir nesugadinta<br \/>\nD\u0117mesio!<\/p>\n<p>6 pavar\u0173 mechaninei pavar\u0173 d\u0117\u017eei<br \/>\natbulin\u0117s eigos pavara: \u017eemesn\u0117 (ties 2)<\/p>\n","protected":false},"excerpt":{"rendered":"<p>1. Prek\u0117: Pavar\u0173 perjungimo ranken\u0117l\u0117<\/p>\n<p>2. Gamintojas: pakeitimas<\/p>\n<p>3. Automobilis:<\/p>\n<p>* \u201eMercedes W176 A\u201c klas\u0117 12\u201318<\/p>\n<p>* \u201eMercedes W246 B\u201c klas\u0117 11\u201318<\/p>\n","protected":false},"featured_media":66961,"comment_status":"open","ping_status":"closed","template":"","meta":[],"product_brand":[],"product_cat":[145],"product_tag":[],"class_list":{"0":"post-66960","1":"product","2":"type-product","3":"status-publish","4":"has-post-thumbnail","6":"product_cat-mercedes-benz","8":"first","9":"instock","10":"shipping-taxable","11":"purchasable","12":"product-type-simple"},"yoast_head":"<!-- This site is optimized with the Yoast SEO Premium plugin v25.2 (Yoast SEO v27.6) - https:\/\/yoast.com\/product\/yoast-seo-premium-wordpress\/ -->\n<title>Mercedes W246 B klas\u0117s 11-18 pavar\u0173 perjungimo svirtis juoda \/ sidabrin\u0117 6 pavar\u0173 - Erformance.eu<\/title>\n<meta name=\"robots\" content=\"index, follow, max-snippet:-1, max-image-preview:large, max-video-preview:-1\" \/>\n<link rel=\"canonical\" href=\"https:\/\/erformance.eu\/et\/toode\/mercedes-w246-b-klases-11-18-pavaru-perjungimo-svirtis-juoda-sidabrine-6-pavaru\/\" \/>\n<meta property=\"og:locale\" content=\"et_EE\" \/>\n<meta property=\"og:type\" content=\"article\" \/>\n<meta property=\"og:title\" content=\"Mercedes W246 B klas\u0117s 11-18 pavar\u0173 perjungimo svirtis juoda \/ sidabrin\u0117 6 pavar\u0173\" \/>\n<meta property=\"og:description\" content=\"1. Prek\u0117: Pavar\u0173 perjungimo ranken\u0117l\u0117 2. Gamintojas: pakeitimas 3. Automobilis: * \u201eMercedes W176 A\u201c klas\u0117 12\u201318 * \u201eMercedes W246 B\u201c klas\u0117 11\u201318\" \/>\n<meta property=\"og:url\" content=\"https:\/\/erformance.eu\/et\/toode\/mercedes-w246-b-klases-11-18-pavaru-perjungimo-svirtis-juoda-sidabrine-6-pavaru\/\" \/>\n<meta property=\"og:site_name\" content=\"Erformance.eu\" \/>\n<meta name=\"twitter:card\" content=\"summary_large_image\" \/>\n<meta name=\"twitter:label1\" content=\"Est. reading time\" \/>\n\t<meta name=\"twitter:data1\" content=\"1 minut\" \/>\n<script type=\"application\/ld+json\" class=\"yoast-schema-graph\">{\"@context\":\"https:\\\/\\\/schema.org\",\"@graph\":[{\"@type\":\"WebPage\",\"@id\":\"https:\\\/\\\/erformance.eu\\\/et\\\/toode\\\/mercedes-w246-b-klases-11-18-pavaru-perjungimo-svirtis-juoda-sidabrine-6-pavaru\\\/\",\"url\":\"https:\\\/\\\/erformance.eu\\\/et\\\/toode\\\/mercedes-w246-b-klases-11-18-pavaru-perjungimo-svirtis-juoda-sidabrine-6-pavaru\\\/\",\"name\":\"Mercedes W246 B klas\u0117s 11-18 pavar\u0173 perjungimo svirtis juoda \\\/ sidabrin\u0117 6 pavar\u0173 - Erformance.eu\",\"isPartOf\":{\"@id\":\"https:\\\/\\\/erformance.eu\\\/et\\\/#website\"},\"primaryImageOfPage\":{\"@id\":\"https:\\\/\\\/erformance.eu\\\/et\\\/toode\\\/mercedes-w246-b-klases-11-18-pavaru-perjungimo-svirtis-juoda-sidabrine-6-pavaru\\\/#primaryimage\"},\"image\":{\"@id\":\"https:\\\/\\\/erformance.eu\\\/et\\\/toode\\\/mercedes-w246-b-klases-11-18-pavaru-perjungimo-svirtis-juoda-sidabrine-6-pavaru\\\/#primaryimage\"},\"thumbnailUrl\":\"https:\\\/\\\/erformance.eu\\\/wp-content\\\/uploads\\\/2026\\\/04\\\/pol_pm_Mercedes-W246-B-Klasa-11-18-galka-zmiany-biegow-CZARNA-SILVER-6-BIEGOW-30938_10.jpg\",\"datePublished\":\"2026-04-24T20:18:59+00:00\",\"breadcrumb\":{\"@id\":\"https:\\\/\\\/erformance.eu\\\/et\\\/toode\\\/mercedes-w246-b-klases-11-18-pavaru-perjungimo-svirtis-juoda-sidabrine-6-pavaru\\\/#breadcrumb\"},\"inLanguage\":\"et\",\"potentialAction\":[{\"@type\":\"ReadAction\",\"target\":[\"https:\\\/\\\/erformance.eu\\\/et\\\/toode\\\/mercedes-w246-b-klases-11-18-pavaru-perjungimo-svirtis-juoda-sidabrine-6-pavaru\\\/\"]}]},{\"@type\":\"ImageObject\",\"inLanguage\":\"et\",\"@id\":\"https:\\\/\\\/erformance.eu\\\/et\\\/toode\\\/mercedes-w246-b-klases-11-18-pavaru-perjungimo-svirtis-juoda-sidabrine-6-pavaru\\\/#primaryimage\",\"url\":\"https:\\\/\\\/erformance.eu\\\/wp-content\\\/uploads\\\/2026\\\/04\\\/pol_pm_Mercedes-W246-B-Klasa-11-18-galka-zmiany-biegow-CZARNA-SILVER-6-BIEGOW-30938_10.jpg\",\"contentUrl\":\"https:\\\/\\\/erformance.eu\\\/wp-content\\\/uploads\\\/2026\\\/04\\\/pol_pm_Mercedes-W246-B-Klasa-11-18-galka-zmiany-biegow-CZARNA-SILVER-6-BIEGOW-30938_10.jpg\",\"width\":1200,\"height\":1200},{\"@type\":\"BreadcrumbList\",\"@id\":\"https:\\\/\\\/erformance.eu\\\/et\\\/toode\\\/mercedes-w246-b-klases-11-18-pavaru-perjungimo-svirtis-juoda-sidabrine-6-pavaru\\\/#breadcrumb\",\"itemListElement\":[{\"@type\":\"ListItem\",\"position\":1,\"name\":\"Home\",\"item\":\"https:\\\/\\\/erformance.eu\\\/et\\\/\"},{\"@type\":\"ListItem\",\"position\":2,\"name\":\"Pood\",\"item\":\"https:\\\/\\\/erformance.eu\\\/et\\\/pood\\\/\"},{\"@type\":\"ListItem\",\"position\":3,\"name\":\"Mercedes W246 B klas\u0117s 11-18 pavar\u0173 perjungimo svirtis juoda \\\/ sidabrin\u0117 6 pavar\u0173\"}]},{\"@type\":\"WebSite\",\"@id\":\"https:\\\/\\\/erformance.eu\\\/et\\\/#website\",\"url\":\"https:\\\/\\\/erformance.eu\\\/et\\\/\",\"name\":\"Erformance.eu\",\"description\":\"Automobili\u0173 dali\u0173 parduotuv\u0117\",\"potentialAction\":[{\"@type\":\"SearchAction\",\"target\":{\"@type\":\"EntryPoint\",\"urlTemplate\":\"https:\\\/\\\/erformance.eu\\\/et\\\/?s={search_term_string}\"},\"query-input\":{\"@type\":\"PropertyValueSpecification\",\"valueRequired\":true,\"valueName\":\"search_term_string\"}}],\"inLanguage\":\"et\"}]}<\/script>\n<!-- \/ Yoast SEO Premium plugin. -->","yoast_head_json":{"title":"Mercedes W246 B klas\u0117s 11-18 pavar\u0173 perjungimo svirtis juoda \/ sidabrin\u0117 6 pavar\u0173 - Erformance.eu","robots":{"index":"index","follow":"follow","max-snippet":"max-snippet:-1","max-image-preview":"max-image-preview:large","max-video-preview":"max-video-preview:-1"},"canonical":"https:\/\/erformance.eu\/et\/toode\/mercedes-w246-b-klases-11-18-pavaru-perjungimo-svirtis-juoda-sidabrine-6-pavaru\/","og_locale":"et_EE","og_type":"article","og_title":"Mercedes W246 B klas\u0117s 11-18 pavar\u0173 perjungimo svirtis juoda \/ sidabrin\u0117 6 pavar\u0173","og_description":"1. Prek\u0117: Pavar\u0173 perjungimo ranken\u0117l\u0117 2. Gamintojas: pakeitimas 3. Automobilis: * \u201eMercedes W176 A\u201c klas\u0117 12\u201318 * \u201eMercedes W246 B\u201c klas\u0117 11\u201318","og_url":"https:\/\/erformance.eu\/et\/toode\/mercedes-w246-b-klases-11-18-pavaru-perjungimo-svirtis-juoda-sidabrine-6-pavaru\/","og_site_name":"Erformance.eu","twitter_card":"summary_large_image","twitter_misc":{"Est. reading time":"1 minut"},"schema":{"@context":"https:\/\/schema.org","@graph":[{"@type":"WebPage","@id":"https:\/\/erformance.eu\/et\/toode\/mercedes-w246-b-klases-11-18-pavaru-perjungimo-svirtis-juoda-sidabrine-6-pavaru\/","url":"https:\/\/erformance.eu\/et\/toode\/mercedes-w246-b-klases-11-18-pavaru-perjungimo-svirtis-juoda-sidabrine-6-pavaru\/","name":"Mercedes W246 B klas\u0117s 11-18 pavar\u0173 perjungimo svirtis juoda \/ sidabrin\u0117 6 pavar\u0173 - Erformance.eu","isPartOf":{"@id":"https:\/\/erformance.eu\/et\/#website"},"primaryImageOfPage":{"@id":"https:\/\/erformance.eu\/et\/toode\/mercedes-w246-b-klases-11-18-pavaru-perjungimo-svirtis-juoda-sidabrine-6-pavaru\/#primaryimage"},"image":{"@id":"https:\/\/erformance.eu\/et\/toode\/mercedes-w246-b-klases-11-18-pavaru-perjungimo-svirtis-juoda-sidabrine-6-pavaru\/#primaryimage"},"thumbnailUrl":"https:\/\/erformance.eu\/wp-content\/uploads\/2026\/04\/pol_pm_Mercedes-W246-B-Klasa-11-18-galka-zmiany-biegow-CZARNA-SILVER-6-BIEGOW-30938_10.jpg","datePublished":"2026-04-24T20:18:59+00:00","breadcrumb":{"@id":"https:\/\/erformance.eu\/et\/toode\/mercedes-w246-b-klases-11-18-pavaru-perjungimo-svirtis-juoda-sidabrine-6-pavaru\/#breadcrumb"},"inLanguage":"et","potentialAction":[{"@type":"ReadAction","target":["https:\/\/erformance.eu\/et\/toode\/mercedes-w246-b-klases-11-18-pavaru-perjungimo-svirtis-juoda-sidabrine-6-pavaru\/"]}]},{"@type":"ImageObject","inLanguage":"et","@id":"https:\/\/erformance.eu\/et\/toode\/mercedes-w246-b-klases-11-18-pavaru-perjungimo-svirtis-juoda-sidabrine-6-pavaru\/#primaryimage","url":"https:\/\/erformance.eu\/wp-content\/uploads\/2026\/04\/pol_pm_Mercedes-W246-B-Klasa-11-18-galka-zmiany-biegow-CZARNA-SILVER-6-BIEGOW-30938_10.jpg","contentUrl":"https:\/\/erformance.eu\/wp-content\/uploads\/2026\/04\/pol_pm_Mercedes-W246-B-Klasa-11-18-galka-zmiany-biegow-CZARNA-SILVER-6-BIEGOW-30938_10.jpg","width":1200,"height":1200},{"@type":"BreadcrumbList","@id":"https:\/\/erformance.eu\/et\/toode\/mercedes-w246-b-klases-11-18-pavaru-perjungimo-svirtis-juoda-sidabrine-6-pavaru\/#breadcrumb","itemListElement":[{"@type":"ListItem","position":1,"name":"Home","item":"https:\/\/erformance.eu\/et\/"},{"@type":"ListItem","position":2,"name":"Pood","item":"https:\/\/erformance.eu\/et\/pood\/"},{"@type":"ListItem","position":3,"name":"Mercedes W246 B klas\u0117s 11-18 pavar\u0173 perjungimo svirtis juoda \/ sidabrin\u0117 6 pavar\u0173"}]},{"@type":"WebSite","@id":"https:\/\/erformance.eu\/et\/#website","url":"https:\/\/erformance.eu\/et\/","name":"Erformance.eu","description":"Automobili\u0173 dali\u0173 parduotuv\u0117","potentialAction":[{"@type":"SearchAction","target":{"@type":"EntryPoint","urlTemplate":"https:\/\/erformance.eu\/et\/?s={search_term_string}"},"query-input":{"@type":"PropertyValueSpecification","valueRequired":true,"valueName":"search_term_string"}}],"inLanguage":"et"}]}},"jetpack_sharing_enabled":true,"_links":{"self":[{"href":"https:\/\/erformance.eu\/et\/wp-json\/wp\/v2\/product\/66960","targetHints":{"allow":["GET"]}}],"collection":[{"href":"https:\/\/erformance.eu\/et\/wp-json\/wp\/v2\/product"}],"about":[{"href":"https:\/\/erformance.eu\/et\/wp-json\/wp\/v2\/types\/product"}],"replies":[{"embeddable":true,"href":"https:\/\/erformance.eu\/et\/wp-json\/wp\/v2\/comments?post=66960"}],"version-history":[{"count":1,"href":"https:\/\/erformance.eu\/et\/wp-json\/wp\/v2\/product\/66960\/revisions"}],"predecessor-version":[{"id":66962,"href":"https:\/\/erformance.eu\/et\/wp-json\/wp\/v2\/product\/66960\/revisions\/66962"}],"wp:featuredmedia":[{"embeddable":true,"href":"https:\/\/erformance.eu\/et\/wp-json\/wp\/v2\/media\/66961"}],"wp:attachment":[{"href":"https:\/\/erformance.eu\/et\/wp-json\/wp\/v2\/media?parent=66960"}],"wp:term":[{"taxonomy":"product_brand","embeddable":true,"href":"https:\/\/erformance.eu\/et\/wp-json\/wp\/v2\/product_brand?post=66960"},{"taxonomy":"product_cat","embeddable":true,"href":"https:\/\/erformance.eu\/et\/wp-json\/wp\/v2\/product_cat?post=66960"},{"taxonomy":"product_tag","embeddable":true,"href":"https:\/\/erformance.eu\/et\/wp-json\/wp\/v2\/product_tag?post=66960"}],"curies":[{"name":"wp","href":"https:\/\/api.w.org\/{rel}","templated":true}]}}