{"id":67692,"date":"2026-04-24T23:25:28","date_gmt":"2026-04-24T20:25:28","guid":{"rendered":"https:\/\/erformance.eu\/?post_type=product&#038;p=67692"},"modified":"2026-04-24T23:25:28","modified_gmt":"2026-04-24T20:25:28","slug":"mercedes-c117-c118-c167-c253-c292-h247-v167-w166-w176-w177-w246-x117-x118-x156-x247-x253-bamperis-bamperis-variklio-dangciui","status":"publish","type":"product","link":"https:\/\/erformance.eu\/et\/toode\/mercedes-c117-c118-c167-c253-c292-h247-v167-w166-w176-w177-w246-x117-x118-x156-x247-x253-bamperis-bamperis-variklio-dangciui\/","title":{"rendered":"\u201eMercedes C117 C118 C167 C253 C292 H247 V167 W166 W176 W177 W246 X117 X118 X156 X247 X253\u201c bamperis \/ bamperis variklio dang\u010diui"},"content":{"rendered":"<p>Prek\u0117: variklio gaubto bamperis\/bamperis<br \/>\nOriginalus numeris:<\/p>\n<p>51767183752<br \/>\n7183752<br \/>\n5176718375204<br \/>\n718375204<br \/>\n51767348121<br \/>\n7348121<br \/>\nA0019981440<br \/>\n0019981440<\/p>\n<p>PASTABA: auk\u0161\u010diau pateikti numeriai yra original\u016bs dali\u0173 numeriai, kuriuos \u0161is pasi\u016blymas pakei\u010dia. Prie\u0161 pirkdami, palyginkite juos su originaliu dalies numeriu. Jei jie skiriasi net vienu simboliu, dalis netiks, neveiks arba veiks netinkamai. Tokiu atveju jos nepirkite.<br \/>\nAutomobilis:<\/p>\n<p>BMW 1 (F20)<br \/>\nBMW 1 (F21)<br \/>\nBMW 1 Van (F20)<br \/>\nBMW 2 kup\u0117 (F22, F87)<br \/>\nBMW 2 kabrioletas (F23)<br \/>\nBMW 3 (F30, F80)<br \/>\nBMW 3 Sedanas (F31)<br \/>\nBMW 3 universalas (F31)<br \/>\nBMW 3 Gran Turismo (F34)<br \/>\nBMW 3 (G20, G80, G28)<br \/>\nBMW 3 Sedanas (G21, G81)<br \/>\nBMW 3 universalas (G21)<br \/>\nBMW 4 kup\u0117 (F32, F82)<br \/>\nBMW 4 kabrioletas (F33, F83)<br \/>\nBMW 4 Gran Coupe (F36)<br \/>\nBMW 4 kup\u0117 (G22, G82)<br \/>\nBMW 5 Gran Turismo (F07)<br \/>\nBMW 5 (F10)<br \/>\nBMW 5 Touring (F11)<br \/>\nBMW 6 Gran Coupe (F06)<br \/>\nBMW 6 kabrioletas (F12)<br \/>\nBMW 6 kup\u0117 (F13)<br \/>\nBMW 7 (F01, F02, F03, F04)<br \/>\nBMW 8 kabrioletas (G14, F91)<br \/>\nBMW 8 kup\u0117 (G15, F92)<br \/>\nBMW 8 Gran Coupe (G16, F93)<br \/>\nBMW X1 (F48)<br \/>\nBMW X1 furgonas (F48)<br \/>\nBMW X3 (F25)<br \/>\nBMW X3 (G01, F97)<br \/>\nBMW X3 furgonas (G01)<br \/>\nBMW X4 (F26)<br \/>\nBMW X4 (G02, F98)<br \/>\nBMW X5 (F15, F85)<br \/>\nBMW X5 (G05, F95)<br \/>\nBMW X5 furgonas (G05)<br \/>\nBMW X6 (F16, F86)<br \/>\nBMW X6 (G06, F96)<br \/>\nBMW X7 (G07)<br \/>\nBMW Z4 rodsteris (G29)<br \/>\nBMW i8 (I12)<br \/>\nBMW i8 rodsteris (I15)<br \/>\nMercedes A-KLAS\u0116 (W176)<br \/>\nMercedes A-KLAS\u0116 (W177)<br \/>\nMercedes B-CLASS Sports Tourer (W246, W242)<br \/>\nMercedes CLA kup\u0117 (C117)<br \/>\nMercedes CLA (C118)<br \/>\nMercedes CLA Shooting Brake (X117)<br \/>\nMercedes CLA Shooting Brake (X118)<br \/>\nMercedes GLA (H247)<br \/>\nMercedes GLA (X156)<br \/>\nMercedes GLB (X247)<br \/>\nMercedes GLC kup\u0117 (C253)<br \/>\nMercedes GLC (X253)<br \/>\nMercedes GLE kup\u0117 (C167)<br \/>\nMercedes GLE kup\u0117 (C292)<br \/>\nMercedes GLE (V167)<br \/>\nMercedes GLE (W166)<br \/>\nMINI CLUBMAN (F54)<br \/>\nMINI (F55)<br \/>\nMINI (F56)<br \/>\nMINI kabrioletas (F57)<br \/>\nMINI COUNTRYMAN (F60)<\/p>\n<p>Gamintojas: pakaitalas<br \/>\nTechnin\u0117 b\u016bkl\u0117: prek\u0117 yra visi\u0161kai nauja, nenaudota, nepa\u017eeista ir nesugadinta<\/p>\n","protected":false},"excerpt":{"rendered":"<p>1. Prek\u0117: Variklio gaubto buferis<\/p>\n<p>2. Automobilis:<\/p>\n<p>* Mercedes A W176 W177<\/p>\n<p>* Mercedes B W246<\/p>\n<p>*Mercedes CLA C117 C118 X117 X118<\/p>\n<p>* Mercedes GLA H247 X156<\/p>\n<p>* Mercedes GLB X247<\/p>\n<p>* Mercedes GLC C253 X253<\/p>\n<p>*Mercedes GLE C167 C292 V167 W166<\/p>\n","protected":false},"featured_media":67693,"comment_status":"open","ping_status":"closed","template":"","meta":[],"product_brand":[],"product_cat":[145],"product_tag":[],"class_list":{"0":"post-67692","1":"product","2":"type-product","3":"status-publish","4":"has-post-thumbnail","6":"product_cat-mercedes-benz","8":"first","9":"instock","10":"shipping-taxable","11":"purchasable","12":"product-type-simple"},"yoast_head":"<!-- This site is optimized with the Yoast SEO Premium plugin v25.2 (Yoast SEO v27.5) - https:\/\/yoast.com\/product\/yoast-seo-premium-wordpress\/ -->\n<title>\u201eMercedes C117 C118 C167 C253 C292 H247 V167 W166 W176 W177 W246 X117 X118 X156 X247 X253\u201c bamperis \/ bamperis variklio dang\u010diui - Erformance.eu<\/title>\n<meta name=\"robots\" content=\"index, follow, max-snippet:-1, max-image-preview:large, max-video-preview:-1\" \/>\n<link rel=\"canonical\" href=\"https:\/\/erformance.eu\/et\/toode\/mercedes-c117-c118-c167-c253-c292-h247-v167-w166-w176-w177-w246-x117-x118-x156-x247-x253-bamperis-bamperis-variklio-dangciui\/\" \/>\n<meta property=\"og:locale\" content=\"et_EE\" \/>\n<meta property=\"og:type\" content=\"article\" \/>\n<meta property=\"og:title\" content=\"\u201eMercedes C117 C118 C167 C253 C292 H247 V167 W166 W176 W177 W246 X117 X118 X156 X247 X253\u201c bamperis \/ bamperis variklio dang\u010diui\" \/>\n<meta property=\"og:description\" content=\"1. Prek\u0117: Variklio gaubto buferis 2. Automobilis: * Mercedes A W176 W177 * Mercedes B W246 *Mercedes CLA C117 C118 X117 X118 * Mercedes GLA H247 X156 * Mercedes GLB X247 * Mercedes GLC C253 X253 *Mercedes GLE C167 C292 V167 W166\" \/>\n<meta property=\"og:url\" content=\"https:\/\/erformance.eu\/et\/toode\/mercedes-c117-c118-c167-c253-c292-h247-v167-w166-w176-w177-w246-x117-x118-x156-x247-x253-bamperis-bamperis-variklio-dangciui\/\" \/>\n<meta property=\"og:site_name\" content=\"Erformance.eu\" \/>\n<meta name=\"twitter:card\" content=\"summary_large_image\" \/>\n<meta name=\"twitter:label1\" content=\"Est. reading time\" \/>\n\t<meta name=\"twitter:data1\" content=\"1 minut\" \/>\n<script type=\"application\/ld+json\" class=\"yoast-schema-graph\">{\"@context\":\"https:\\\/\\\/schema.org\",\"@graph\":[{\"@type\":\"WebPage\",\"@id\":\"https:\\\/\\\/erformance.eu\\\/et\\\/toode\\\/mercedes-c117-c118-c167-c253-c292-h247-v167-w166-w176-w177-w246-x117-x118-x156-x247-x253-bamperis-bamperis-variklio-dangciui\\\/\",\"url\":\"https:\\\/\\\/erformance.eu\\\/et\\\/toode\\\/mercedes-c117-c118-c167-c253-c292-h247-v167-w166-w176-w177-w246-x117-x118-x156-x247-x253-bamperis-bamperis-variklio-dangciui\\\/\",\"name\":\"\u201eMercedes C117 C118 C167 C253 C292 H247 V167 W166 W176 W177 W246 X117 X118 X156 X247 X253\u201c bamperis \\\/ bamperis variklio dang\u010diui - Erformance.eu\",\"isPartOf\":{\"@id\":\"https:\\\/\\\/erformance.eu\\\/et\\\/#website\"},\"primaryImageOfPage\":{\"@id\":\"https:\\\/\\\/erformance.eu\\\/et\\\/toode\\\/mercedes-c117-c118-c167-c253-c292-h247-v167-w166-w176-w177-w246-x117-x118-x156-x247-x253-bamperis-bamperis-variklio-dangciui\\\/#primaryimage\"},\"image\":{\"@id\":\"https:\\\/\\\/erformance.eu\\\/et\\\/toode\\\/mercedes-c117-c118-c167-c253-c292-h247-v167-w166-w176-w177-w246-x117-x118-x156-x247-x253-bamperis-bamperis-variklio-dangciui\\\/#primaryimage\"},\"thumbnailUrl\":\"https:\\\/\\\/erformance.eu\\\/wp-content\\\/uploads\\\/2026\\\/04\\\/pol_pm_Mercedes-C117-C118-C167-C253-C292-H247-V167-W166-W176-W177-W246-X117-X118-X156-X247-X253-odboj-odbojnik-maski-pokrywy-silnika-34433_10.jpg\",\"datePublished\":\"2026-04-24T20:25:28+00:00\",\"breadcrumb\":{\"@id\":\"https:\\\/\\\/erformance.eu\\\/et\\\/toode\\\/mercedes-c117-c118-c167-c253-c292-h247-v167-w166-w176-w177-w246-x117-x118-x156-x247-x253-bamperis-bamperis-variklio-dangciui\\\/#breadcrumb\"},\"inLanguage\":\"et\",\"potentialAction\":[{\"@type\":\"ReadAction\",\"target\":[\"https:\\\/\\\/erformance.eu\\\/et\\\/toode\\\/mercedes-c117-c118-c167-c253-c292-h247-v167-w166-w176-w177-w246-x117-x118-x156-x247-x253-bamperis-bamperis-variklio-dangciui\\\/\"]}]},{\"@type\":\"ImageObject\",\"inLanguage\":\"et\",\"@id\":\"https:\\\/\\\/erformance.eu\\\/et\\\/toode\\\/mercedes-c117-c118-c167-c253-c292-h247-v167-w166-w176-w177-w246-x117-x118-x156-x247-x253-bamperis-bamperis-variklio-dangciui\\\/#primaryimage\",\"url\":\"https:\\\/\\\/erformance.eu\\\/wp-content\\\/uploads\\\/2026\\\/04\\\/pol_pm_Mercedes-C117-C118-C167-C253-C292-H247-V167-W166-W176-W177-W246-X117-X118-X156-X247-X253-odboj-odbojnik-maski-pokrywy-silnika-34433_10.jpg\",\"contentUrl\":\"https:\\\/\\\/erformance.eu\\\/wp-content\\\/uploads\\\/2026\\\/04\\\/pol_pm_Mercedes-C117-C118-C167-C253-C292-H247-V167-W166-W176-W177-W246-X117-X118-X156-X247-X253-odboj-odbojnik-maski-pokrywy-silnika-34433_10.jpg\",\"width\":1200,\"height\":1200},{\"@type\":\"BreadcrumbList\",\"@id\":\"https:\\\/\\\/erformance.eu\\\/et\\\/toode\\\/mercedes-c117-c118-c167-c253-c292-h247-v167-w166-w176-w177-w246-x117-x118-x156-x247-x253-bamperis-bamperis-variklio-dangciui\\\/#breadcrumb\",\"itemListElement\":[{\"@type\":\"ListItem\",\"position\":1,\"name\":\"Home\",\"item\":\"https:\\\/\\\/erformance.eu\\\/et\\\/\"},{\"@type\":\"ListItem\",\"position\":2,\"name\":\"Pood\",\"item\":\"https:\\\/\\\/erformance.eu\\\/et\\\/pood\\\/\"},{\"@type\":\"ListItem\",\"position\":3,\"name\":\"\u201eMercedes C117 C118 C167 C253 C292 H247 V167 W166 W176 W177 W246 X117 X118 X156 X247 X253\u201c bamperis \\\/ bamperis variklio dang\u010diui\"}]},{\"@type\":\"WebSite\",\"@id\":\"https:\\\/\\\/erformance.eu\\\/et\\\/#website\",\"url\":\"https:\\\/\\\/erformance.eu\\\/et\\\/\",\"name\":\"Erformance.eu\",\"description\":\"Automobili\u0173 dali\u0173 parduotuv\u0117\",\"potentialAction\":[{\"@type\":\"SearchAction\",\"target\":{\"@type\":\"EntryPoint\",\"urlTemplate\":\"https:\\\/\\\/erformance.eu\\\/et\\\/?s={search_term_string}\"},\"query-input\":{\"@type\":\"PropertyValueSpecification\",\"valueRequired\":true,\"valueName\":\"search_term_string\"}}],\"inLanguage\":\"et\"}]}<\/script>\n<!-- \/ Yoast SEO Premium plugin. -->","yoast_head_json":{"title":"\u201eMercedes C117 C118 C167 C253 C292 H247 V167 W166 W176 W177 W246 X117 X118 X156 X247 X253\u201c bamperis \/ bamperis variklio dang\u010diui - Erformance.eu","robots":{"index":"index","follow":"follow","max-snippet":"max-snippet:-1","max-image-preview":"max-image-preview:large","max-video-preview":"max-video-preview:-1"},"canonical":"https:\/\/erformance.eu\/et\/toode\/mercedes-c117-c118-c167-c253-c292-h247-v167-w166-w176-w177-w246-x117-x118-x156-x247-x253-bamperis-bamperis-variklio-dangciui\/","og_locale":"et_EE","og_type":"article","og_title":"\u201eMercedes C117 C118 C167 C253 C292 H247 V167 W166 W176 W177 W246 X117 X118 X156 X247 X253\u201c bamperis \/ bamperis variklio dang\u010diui","og_description":"1. Prek\u0117: Variklio gaubto buferis 2. Automobilis: * Mercedes A W176 W177 * Mercedes B W246 *Mercedes CLA C117 C118 X117 X118 * Mercedes GLA H247 X156 * Mercedes GLB X247 * Mercedes GLC C253 X253 *Mercedes GLE C167 C292 V167 W166","og_url":"https:\/\/erformance.eu\/et\/toode\/mercedes-c117-c118-c167-c253-c292-h247-v167-w166-w176-w177-w246-x117-x118-x156-x247-x253-bamperis-bamperis-variklio-dangciui\/","og_site_name":"Erformance.eu","twitter_card":"summary_large_image","twitter_misc":{"Est. reading time":"1 minut"},"schema":{"@context":"https:\/\/schema.org","@graph":[{"@type":"WebPage","@id":"https:\/\/erformance.eu\/et\/toode\/mercedes-c117-c118-c167-c253-c292-h247-v167-w166-w176-w177-w246-x117-x118-x156-x247-x253-bamperis-bamperis-variklio-dangciui\/","url":"https:\/\/erformance.eu\/et\/toode\/mercedes-c117-c118-c167-c253-c292-h247-v167-w166-w176-w177-w246-x117-x118-x156-x247-x253-bamperis-bamperis-variklio-dangciui\/","name":"\u201eMercedes C117 C118 C167 C253 C292 H247 V167 W166 W176 W177 W246 X117 X118 X156 X247 X253\u201c bamperis \/ bamperis variklio dang\u010diui - Erformance.eu","isPartOf":{"@id":"https:\/\/erformance.eu\/et\/#website"},"primaryImageOfPage":{"@id":"https:\/\/erformance.eu\/et\/toode\/mercedes-c117-c118-c167-c253-c292-h247-v167-w166-w176-w177-w246-x117-x118-x156-x247-x253-bamperis-bamperis-variklio-dangciui\/#primaryimage"},"image":{"@id":"https:\/\/erformance.eu\/et\/toode\/mercedes-c117-c118-c167-c253-c292-h247-v167-w166-w176-w177-w246-x117-x118-x156-x247-x253-bamperis-bamperis-variklio-dangciui\/#primaryimage"},"thumbnailUrl":"https:\/\/erformance.eu\/wp-content\/uploads\/2026\/04\/pol_pm_Mercedes-C117-C118-C167-C253-C292-H247-V167-W166-W176-W177-W246-X117-X118-X156-X247-X253-odboj-odbojnik-maski-pokrywy-silnika-34433_10.jpg","datePublished":"2026-04-24T20:25:28+00:00","breadcrumb":{"@id":"https:\/\/erformance.eu\/et\/toode\/mercedes-c117-c118-c167-c253-c292-h247-v167-w166-w176-w177-w246-x117-x118-x156-x247-x253-bamperis-bamperis-variklio-dangciui\/#breadcrumb"},"inLanguage":"et","potentialAction":[{"@type":"ReadAction","target":["https:\/\/erformance.eu\/et\/toode\/mercedes-c117-c118-c167-c253-c292-h247-v167-w166-w176-w177-w246-x117-x118-x156-x247-x253-bamperis-bamperis-variklio-dangciui\/"]}]},{"@type":"ImageObject","inLanguage":"et","@id":"https:\/\/erformance.eu\/et\/toode\/mercedes-c117-c118-c167-c253-c292-h247-v167-w166-w176-w177-w246-x117-x118-x156-x247-x253-bamperis-bamperis-variklio-dangciui\/#primaryimage","url":"https:\/\/erformance.eu\/wp-content\/uploads\/2026\/04\/pol_pm_Mercedes-C117-C118-C167-C253-C292-H247-V167-W166-W176-W177-W246-X117-X118-X156-X247-X253-odboj-odbojnik-maski-pokrywy-silnika-34433_10.jpg","contentUrl":"https:\/\/erformance.eu\/wp-content\/uploads\/2026\/04\/pol_pm_Mercedes-C117-C118-C167-C253-C292-H247-V167-W166-W176-W177-W246-X117-X118-X156-X247-X253-odboj-odbojnik-maski-pokrywy-silnika-34433_10.jpg","width":1200,"height":1200},{"@type":"BreadcrumbList","@id":"https:\/\/erformance.eu\/et\/toode\/mercedes-c117-c118-c167-c253-c292-h247-v167-w166-w176-w177-w246-x117-x118-x156-x247-x253-bamperis-bamperis-variklio-dangciui\/#breadcrumb","itemListElement":[{"@type":"ListItem","position":1,"name":"Home","item":"https:\/\/erformance.eu\/et\/"},{"@type":"ListItem","position":2,"name":"Pood","item":"https:\/\/erformance.eu\/et\/pood\/"},{"@type":"ListItem","position":3,"name":"\u201eMercedes C117 C118 C167 C253 C292 H247 V167 W166 W176 W177 W246 X117 X118 X156 X247 X253\u201c bamperis \/ bamperis variklio dang\u010diui"}]},{"@type":"WebSite","@id":"https:\/\/erformance.eu\/et\/#website","url":"https:\/\/erformance.eu\/et\/","name":"Erformance.eu","description":"Automobili\u0173 dali\u0173 parduotuv\u0117","potentialAction":[{"@type":"SearchAction","target":{"@type":"EntryPoint","urlTemplate":"https:\/\/erformance.eu\/et\/?s={search_term_string}"},"query-input":{"@type":"PropertyValueSpecification","valueRequired":true,"valueName":"search_term_string"}}],"inLanguage":"et"}]}},"jetpack_sharing_enabled":true,"_links":{"self":[{"href":"https:\/\/erformance.eu\/et\/wp-json\/wp\/v2\/product\/67692","targetHints":{"allow":["GET"]}}],"collection":[{"href":"https:\/\/erformance.eu\/et\/wp-json\/wp\/v2\/product"}],"about":[{"href":"https:\/\/erformance.eu\/et\/wp-json\/wp\/v2\/types\/product"}],"replies":[{"embeddable":true,"href":"https:\/\/erformance.eu\/et\/wp-json\/wp\/v2\/comments?post=67692"}],"version-history":[{"count":1,"href":"https:\/\/erformance.eu\/et\/wp-json\/wp\/v2\/product\/67692\/revisions"}],"predecessor-version":[{"id":67694,"href":"https:\/\/erformance.eu\/et\/wp-json\/wp\/v2\/product\/67692\/revisions\/67694"}],"wp:featuredmedia":[{"embeddable":true,"href":"https:\/\/erformance.eu\/et\/wp-json\/wp\/v2\/media\/67693"}],"wp:attachment":[{"href":"https:\/\/erformance.eu\/et\/wp-json\/wp\/v2\/media?parent=67692"}],"wp:term":[{"taxonomy":"product_brand","embeddable":true,"href":"https:\/\/erformance.eu\/et\/wp-json\/wp\/v2\/product_brand?post=67692"},{"taxonomy":"product_cat","embeddable":true,"href":"https:\/\/erformance.eu\/et\/wp-json\/wp\/v2\/product_cat?post=67692"},{"taxonomy":"product_tag","embeddable":true,"href":"https:\/\/erformance.eu\/et\/wp-json\/wp\/v2\/product_tag?post=67692"}],"curies":[{"name":"wp","href":"https:\/\/api.w.org\/{rel}","templated":true}]}}