{"id":67704,"date":"2026-04-24T23:25:34","date_gmt":"2026-04-24T20:25:34","guid":{"rendered":"https:\/\/erformance.eu\/?post_type=product&#038;p=67704"},"modified":"2026-04-24T23:25:34","modified_gmt":"2026-04-24T20:25:34","slug":"mercedes-c117-c190-c217-c238-r172-r231-w166-w176-w205-w213-w222-w246-w463-x117-x156-x253-x290-degalu-bako-dangtelio-pavaros-mechanizmas","status":"publish","type":"product","link":"https:\/\/erformance.eu\/et\/toode\/mercedes-c117-c190-c217-c238-r172-r231-w166-w176-w205-w213-w222-w246-w463-x117-x156-x253-x290-degalu-bako-dangtelio-pavaros-mechanizmas\/","title":{"rendered":"\u201eMercedes C117 C190 C217 C238 R172 R231 W166 W176 W205 W213 W222 W246 W463 X117 X156 X253 X290\u201c degal\u0173 bako dangtelio pavaros mechanizmas"},"content":{"rendered":"<p>Prek\u0117: Kuro bako dangtelio pavara<br \/>\nOriginalus numeris:<\/p>\n<p>A0008207703<br \/>\n0008207703<\/p>\n<p>PASTABA: auk\u0161\u010diau pateikti numeriai yra original\u016bs dali\u0173 numeriai, kuriuos \u0161is pasi\u016blymas pakei\u010dia. Prie\u0161 pirkdami, palyginkite juos su originaliu dalies numeriu. Jei jie skiriasi net vienu simboliu, dalis netiks, neveiks arba veiks netinkamai. Tokiu atveju jos nepirkite.<br \/>\nAutomobilis:<\/p>\n<p>\u201eMercedes-Benz AMG GT\u201c (C190), modeliai, pagaminti nuo 2014 m.<br \/>\n\u201eMercedes-Benz AMG GT\u201c (X290), modeliai, pagaminti nuo 2018 m.<br \/>\n\u201eMercedes-Benz CLA Shooting Brake\u201c (X117), pagaminimo metai: 2015\u20132019<br \/>\n\u201eMercedes-Benz CLA\u201c kup\u0117 (C117), pagaminimo metai: 2013\u20132019<br \/>\n\u201eMercedes-Benz GLC\u201c (X253), modeliai, pagaminti nuo 2015 m.<br \/>\n\u201eMercedes-Benz GLE\u201c (W166), pagaminimo metai: 2015\u20132018<br \/>\n\u201eMercedes-Benz A-CLASS\u201c (W176), pagaminimo metai: 2012\u20132018<br \/>\n\u201eMercedes-Benz B-CLASS Sports Tourer\u201c (W246, W242), pagaminimo metai: 2011\u20132018<br \/>\n\u201eMercedes-Benz C-CLASS\u201c (W205), modeliai, pagaminti nuo 2013 m.<br \/>\n\u201eMercedes-Benz E-CLASS\u201c (W213), modeliai, pagaminti nuo 2016 m.<br \/>\n\u201eMercedes-Benz E-CLASS\u201c kup\u0117 (C238), modeliai, pagaminti nuo 2016 m.<br \/>\n\u201eMercedes-Benz G-CLASS\u201c (W463), modeliai, pagaminti nuo 2018 m.<br \/>\n\u201eMercedes-Benz GLA-CLASS\u201c (X156), modeliai, pagaminti nuo 2013 m.<br \/>\n\u201eMercedes-Benz M-CLASS\u201c (W166), pagaminimo metai: 2011\u20132015<br \/>\n\u201eMercedes-Benz S-CLASS\u201c (W222, V222, X222), modeliai, pagaminti nuo 2013 m.<br \/>\n\u201eMercedes-Benz S-CLASS\u201c kup\u0117 (C217), modeliai, pagaminti nuo 2014 m.<br \/>\n\u201eMercedes-Benz SL\u201c (R231), modeliai, pagaminti nuo 2012 m.<br \/>\n\u201eMercedes-Benz SLC\u201c (R172), modeliai, pagaminti nuo 2016 m.<br \/>\n\u201eMercedes-Benz SLK\u201c (R172), modeliai, pagaminti nuo 2011 m.<\/p>\n<p>Kai\u0161\u010di\u0173 skai\u010dius: 3<br \/>\nGamintojas: pakaitalas<br \/>\nTechnin\u0117 b\u016bkl\u0117: prek\u0117 yra visi\u0161kai nauja, nenaudota, nepa\u017eeista ir nesugadinta<\/p>\n","protected":false},"excerpt":{"rendered":"<p>1. Prek\u0117: Kuro bako dangtelio pavara<\/p>\n<p>2. Gamintojas: pakeitimas<\/p>\n<p>3. Automobilis: \u201eMercedes\u201c<\/p>\n<p>W176<\/p>\n<p>AMG GT C190 X290<\/p>\n<p>B W246<\/p>\n<p>C W205<\/p>\n<p>CLA C117 X117<\/p>\n<p>E C238 W213<\/p>\n<p>G W463<\/p>\n<p>GLA X156<\/p>\n<p>GLC X253<\/p>\n<p>GLE W166<\/p>\n<p>M W166<\/p>\n<p>S C217 W222<\/p>\n<p>SL R231<\/p>\n<p>SLC R172<\/p>\n<p>SLK R172<\/p>\n","protected":false},"featured_media":67705,"comment_status":"open","ping_status":"closed","template":"","meta":[],"product_brand":[],"product_cat":[145],"product_tag":[],"class_list":{"0":"post-67704","1":"product","2":"type-product","3":"status-publish","4":"has-post-thumbnail","6":"product_cat-mercedes-benz","8":"first","9":"instock","10":"shipping-taxable","11":"purchasable","12":"product-type-simple"},"yoast_head":"<!-- This site is optimized with the Yoast SEO Premium plugin v25.2 (Yoast SEO v27.4) - https:\/\/yoast.com\/product\/yoast-seo-premium-wordpress\/ -->\n<title>\u201eMercedes C117 C190 C217 C238 R172 R231 W166 W176 W205 W213 W222 W246 W463 X117 X156 X253 X290\u201c degal\u0173 bako dangtelio pavaros mechanizmas - Erformance.eu<\/title>\n<meta name=\"robots\" content=\"index, follow, max-snippet:-1, max-image-preview:large, max-video-preview:-1\" \/>\n<link rel=\"canonical\" href=\"https:\/\/erformance.eu\/et\/toode\/mercedes-c117-c190-c217-c238-r172-r231-w166-w176-w205-w213-w222-w246-w463-x117-x156-x253-x290-degalu-bako-dangtelio-pavaros-mechanizmas\/\" \/>\n<meta property=\"og:locale\" content=\"et_EE\" \/>\n<meta property=\"og:type\" content=\"article\" \/>\n<meta property=\"og:title\" content=\"\u201eMercedes C117 C190 C217 C238 R172 R231 W166 W176 W205 W213 W222 W246 W463 X117 X156 X253 X290\u201c degal\u0173 bako dangtelio pavaros mechanizmas\" \/>\n<meta property=\"og:description\" content=\"1. Prek\u0117: Kuro bako dangtelio pavara 2. Gamintojas: pakeitimas 3. Automobilis: \u201eMercedes\u201c W176 AMG GT C190 X290 B W246 C W205 CLA C117 X117 E C238 W213 G W463 GLA X156 GLC X253 GLE W166 M W166 S C217 W222 SL R231 SLC R172 SLK R172\" \/>\n<meta property=\"og:url\" content=\"https:\/\/erformance.eu\/et\/toode\/mercedes-c117-c190-c217-c238-r172-r231-w166-w176-w205-w213-w222-w246-w463-x117-x156-x253-x290-degalu-bako-dangtelio-pavaros-mechanizmas\/\" \/>\n<meta property=\"og:site_name\" content=\"Erformance.eu\" \/>\n<meta name=\"twitter:card\" content=\"summary_large_image\" \/>\n<meta name=\"twitter:label1\" content=\"Est. reading time\" \/>\n\t<meta name=\"twitter:data1\" content=\"1 minut\" \/>\n<script type=\"application\/ld+json\" class=\"yoast-schema-graph\">{\"@context\":\"https:\\\/\\\/schema.org\",\"@graph\":[{\"@type\":\"WebPage\",\"@id\":\"https:\\\/\\\/erformance.eu\\\/et\\\/toode\\\/mercedes-c117-c190-c217-c238-r172-r231-w166-w176-w205-w213-w222-w246-w463-x117-x156-x253-x290-degalu-bako-dangtelio-pavaros-mechanizmas\\\/\",\"url\":\"https:\\\/\\\/erformance.eu\\\/et\\\/toode\\\/mercedes-c117-c190-c217-c238-r172-r231-w166-w176-w205-w213-w222-w246-w463-x117-x156-x253-x290-degalu-bako-dangtelio-pavaros-mechanizmas\\\/\",\"name\":\"\u201eMercedes C117 C190 C217 C238 R172 R231 W166 W176 W205 W213 W222 W246 W463 X117 X156 X253 X290\u201c degal\u0173 bako dangtelio pavaros mechanizmas - Erformance.eu\",\"isPartOf\":{\"@id\":\"https:\\\/\\\/erformance.eu\\\/et\\\/#website\"},\"primaryImageOfPage\":{\"@id\":\"https:\\\/\\\/erformance.eu\\\/et\\\/toode\\\/mercedes-c117-c190-c217-c238-r172-r231-w166-w176-w205-w213-w222-w246-w463-x117-x156-x253-x290-degalu-bako-dangtelio-pavaros-mechanizmas\\\/#primaryimage\"},\"image\":{\"@id\":\"https:\\\/\\\/erformance.eu\\\/et\\\/toode\\\/mercedes-c117-c190-c217-c238-r172-r231-w166-w176-w205-w213-w222-w246-w463-x117-x156-x253-x290-degalu-bako-dangtelio-pavaros-mechanizmas\\\/#primaryimage\"},\"thumbnailUrl\":\"https:\\\/\\\/erformance.eu\\\/wp-content\\\/uploads\\\/2026\\\/04\\\/pol_pm_Mercedes-C117-C190-C217-C238-R172-R231-W166-W176-W205-W213-W222-W246-W463-X117-X156-X253-X290-silownik-klapki-wlewu-paliwa-31013_6.jpg\",\"datePublished\":\"2026-04-24T20:25:34+00:00\",\"breadcrumb\":{\"@id\":\"https:\\\/\\\/erformance.eu\\\/et\\\/toode\\\/mercedes-c117-c190-c217-c238-r172-r231-w166-w176-w205-w213-w222-w246-w463-x117-x156-x253-x290-degalu-bako-dangtelio-pavaros-mechanizmas\\\/#breadcrumb\"},\"inLanguage\":\"et\",\"potentialAction\":[{\"@type\":\"ReadAction\",\"target\":[\"https:\\\/\\\/erformance.eu\\\/et\\\/toode\\\/mercedes-c117-c190-c217-c238-r172-r231-w166-w176-w205-w213-w222-w246-w463-x117-x156-x253-x290-degalu-bako-dangtelio-pavaros-mechanizmas\\\/\"]}]},{\"@type\":\"ImageObject\",\"inLanguage\":\"et\",\"@id\":\"https:\\\/\\\/erformance.eu\\\/et\\\/toode\\\/mercedes-c117-c190-c217-c238-r172-r231-w166-w176-w205-w213-w222-w246-w463-x117-x156-x253-x290-degalu-bako-dangtelio-pavaros-mechanizmas\\\/#primaryimage\",\"url\":\"https:\\\/\\\/erformance.eu\\\/wp-content\\\/uploads\\\/2026\\\/04\\\/pol_pm_Mercedes-C117-C190-C217-C238-R172-R231-W166-W176-W205-W213-W222-W246-W463-X117-X156-X253-X290-silownik-klapki-wlewu-paliwa-31013_6.jpg\",\"contentUrl\":\"https:\\\/\\\/erformance.eu\\\/wp-content\\\/uploads\\\/2026\\\/04\\\/pol_pm_Mercedes-C117-C190-C217-C238-R172-R231-W166-W176-W205-W213-W222-W246-W463-X117-X156-X253-X290-silownik-klapki-wlewu-paliwa-31013_6.jpg\",\"width\":1200,\"height\":1200},{\"@type\":\"BreadcrumbList\",\"@id\":\"https:\\\/\\\/erformance.eu\\\/et\\\/toode\\\/mercedes-c117-c190-c217-c238-r172-r231-w166-w176-w205-w213-w222-w246-w463-x117-x156-x253-x290-degalu-bako-dangtelio-pavaros-mechanizmas\\\/#breadcrumb\",\"itemListElement\":[{\"@type\":\"ListItem\",\"position\":1,\"name\":\"Home\",\"item\":\"https:\\\/\\\/erformance.eu\\\/et\\\/\"},{\"@type\":\"ListItem\",\"position\":2,\"name\":\"Pood\",\"item\":\"https:\\\/\\\/erformance.eu\\\/et\\\/pood\\\/\"},{\"@type\":\"ListItem\",\"position\":3,\"name\":\"\u201eMercedes C117 C190 C217 C238 R172 R231 W166 W176 W205 W213 W222 W246 W463 X117 X156 X253 X290\u201c degal\u0173 bako dangtelio pavaros mechanizmas\"}]},{\"@type\":\"WebSite\",\"@id\":\"https:\\\/\\\/erformance.eu\\\/et\\\/#website\",\"url\":\"https:\\\/\\\/erformance.eu\\\/et\\\/\",\"name\":\"Erformance.eu\",\"description\":\"Automobili\u0173 dali\u0173 parduotuv\u0117\",\"potentialAction\":[{\"@type\":\"SearchAction\",\"target\":{\"@type\":\"EntryPoint\",\"urlTemplate\":\"https:\\\/\\\/erformance.eu\\\/et\\\/?s={search_term_string}\"},\"query-input\":{\"@type\":\"PropertyValueSpecification\",\"valueRequired\":true,\"valueName\":\"search_term_string\"}}],\"inLanguage\":\"et\"}]}<\/script>\n<!-- \/ Yoast SEO Premium plugin. -->","yoast_head_json":{"title":"\u201eMercedes C117 C190 C217 C238 R172 R231 W166 W176 W205 W213 W222 W246 W463 X117 X156 X253 X290\u201c degal\u0173 bako dangtelio pavaros mechanizmas - Erformance.eu","robots":{"index":"index","follow":"follow","max-snippet":"max-snippet:-1","max-image-preview":"max-image-preview:large","max-video-preview":"max-video-preview:-1"},"canonical":"https:\/\/erformance.eu\/et\/toode\/mercedes-c117-c190-c217-c238-r172-r231-w166-w176-w205-w213-w222-w246-w463-x117-x156-x253-x290-degalu-bako-dangtelio-pavaros-mechanizmas\/","og_locale":"et_EE","og_type":"article","og_title":"\u201eMercedes C117 C190 C217 C238 R172 R231 W166 W176 W205 W213 W222 W246 W463 X117 X156 X253 X290\u201c degal\u0173 bako dangtelio pavaros mechanizmas","og_description":"1. Prek\u0117: Kuro bako dangtelio pavara 2. Gamintojas: pakeitimas 3. Automobilis: \u201eMercedes\u201c W176 AMG GT C190 X290 B W246 C W205 CLA C117 X117 E C238 W213 G W463 GLA X156 GLC X253 GLE W166 M W166 S C217 W222 SL R231 SLC R172 SLK R172","og_url":"https:\/\/erformance.eu\/et\/toode\/mercedes-c117-c190-c217-c238-r172-r231-w166-w176-w205-w213-w222-w246-w463-x117-x156-x253-x290-degalu-bako-dangtelio-pavaros-mechanizmas\/","og_site_name":"Erformance.eu","twitter_card":"summary_large_image","twitter_misc":{"Est. reading time":"1 minut"},"schema":{"@context":"https:\/\/schema.org","@graph":[{"@type":"WebPage","@id":"https:\/\/erformance.eu\/et\/toode\/mercedes-c117-c190-c217-c238-r172-r231-w166-w176-w205-w213-w222-w246-w463-x117-x156-x253-x290-degalu-bako-dangtelio-pavaros-mechanizmas\/","url":"https:\/\/erformance.eu\/et\/toode\/mercedes-c117-c190-c217-c238-r172-r231-w166-w176-w205-w213-w222-w246-w463-x117-x156-x253-x290-degalu-bako-dangtelio-pavaros-mechanizmas\/","name":"\u201eMercedes C117 C190 C217 C238 R172 R231 W166 W176 W205 W213 W222 W246 W463 X117 X156 X253 X290\u201c degal\u0173 bako dangtelio pavaros mechanizmas - Erformance.eu","isPartOf":{"@id":"https:\/\/erformance.eu\/et\/#website"},"primaryImageOfPage":{"@id":"https:\/\/erformance.eu\/et\/toode\/mercedes-c117-c190-c217-c238-r172-r231-w166-w176-w205-w213-w222-w246-w463-x117-x156-x253-x290-degalu-bako-dangtelio-pavaros-mechanizmas\/#primaryimage"},"image":{"@id":"https:\/\/erformance.eu\/et\/toode\/mercedes-c117-c190-c217-c238-r172-r231-w166-w176-w205-w213-w222-w246-w463-x117-x156-x253-x290-degalu-bako-dangtelio-pavaros-mechanizmas\/#primaryimage"},"thumbnailUrl":"https:\/\/erformance.eu\/wp-content\/uploads\/2026\/04\/pol_pm_Mercedes-C117-C190-C217-C238-R172-R231-W166-W176-W205-W213-W222-W246-W463-X117-X156-X253-X290-silownik-klapki-wlewu-paliwa-31013_6.jpg","datePublished":"2026-04-24T20:25:34+00:00","breadcrumb":{"@id":"https:\/\/erformance.eu\/et\/toode\/mercedes-c117-c190-c217-c238-r172-r231-w166-w176-w205-w213-w222-w246-w463-x117-x156-x253-x290-degalu-bako-dangtelio-pavaros-mechanizmas\/#breadcrumb"},"inLanguage":"et","potentialAction":[{"@type":"ReadAction","target":["https:\/\/erformance.eu\/et\/toode\/mercedes-c117-c190-c217-c238-r172-r231-w166-w176-w205-w213-w222-w246-w463-x117-x156-x253-x290-degalu-bako-dangtelio-pavaros-mechanizmas\/"]}]},{"@type":"ImageObject","inLanguage":"et","@id":"https:\/\/erformance.eu\/et\/toode\/mercedes-c117-c190-c217-c238-r172-r231-w166-w176-w205-w213-w222-w246-w463-x117-x156-x253-x290-degalu-bako-dangtelio-pavaros-mechanizmas\/#primaryimage","url":"https:\/\/erformance.eu\/wp-content\/uploads\/2026\/04\/pol_pm_Mercedes-C117-C190-C217-C238-R172-R231-W166-W176-W205-W213-W222-W246-W463-X117-X156-X253-X290-silownik-klapki-wlewu-paliwa-31013_6.jpg","contentUrl":"https:\/\/erformance.eu\/wp-content\/uploads\/2026\/04\/pol_pm_Mercedes-C117-C190-C217-C238-R172-R231-W166-W176-W205-W213-W222-W246-W463-X117-X156-X253-X290-silownik-klapki-wlewu-paliwa-31013_6.jpg","width":1200,"height":1200},{"@type":"BreadcrumbList","@id":"https:\/\/erformance.eu\/et\/toode\/mercedes-c117-c190-c217-c238-r172-r231-w166-w176-w205-w213-w222-w246-w463-x117-x156-x253-x290-degalu-bako-dangtelio-pavaros-mechanizmas\/#breadcrumb","itemListElement":[{"@type":"ListItem","position":1,"name":"Home","item":"https:\/\/erformance.eu\/et\/"},{"@type":"ListItem","position":2,"name":"Pood","item":"https:\/\/erformance.eu\/et\/pood\/"},{"@type":"ListItem","position":3,"name":"\u201eMercedes C117 C190 C217 C238 R172 R231 W166 W176 W205 W213 W222 W246 W463 X117 X156 X253 X290\u201c degal\u0173 bako dangtelio pavaros mechanizmas"}]},{"@type":"WebSite","@id":"https:\/\/erformance.eu\/et\/#website","url":"https:\/\/erformance.eu\/et\/","name":"Erformance.eu","description":"Automobili\u0173 dali\u0173 parduotuv\u0117","potentialAction":[{"@type":"SearchAction","target":{"@type":"EntryPoint","urlTemplate":"https:\/\/erformance.eu\/et\/?s={search_term_string}"},"query-input":{"@type":"PropertyValueSpecification","valueRequired":true,"valueName":"search_term_string"}}],"inLanguage":"et"}]}},"jetpack_sharing_enabled":true,"_links":{"self":[{"href":"https:\/\/erformance.eu\/et\/wp-json\/wp\/v2\/product\/67704","targetHints":{"allow":["GET"]}}],"collection":[{"href":"https:\/\/erformance.eu\/et\/wp-json\/wp\/v2\/product"}],"about":[{"href":"https:\/\/erformance.eu\/et\/wp-json\/wp\/v2\/types\/product"}],"replies":[{"embeddable":true,"href":"https:\/\/erformance.eu\/et\/wp-json\/wp\/v2\/comments?post=67704"}],"version-history":[{"count":1,"href":"https:\/\/erformance.eu\/et\/wp-json\/wp\/v2\/product\/67704\/revisions"}],"predecessor-version":[{"id":67706,"href":"https:\/\/erformance.eu\/et\/wp-json\/wp\/v2\/product\/67704\/revisions\/67706"}],"wp:featuredmedia":[{"embeddable":true,"href":"https:\/\/erformance.eu\/et\/wp-json\/wp\/v2\/media\/67705"}],"wp:attachment":[{"href":"https:\/\/erformance.eu\/et\/wp-json\/wp\/v2\/media?parent=67704"}],"wp:term":[{"taxonomy":"product_brand","embeddable":true,"href":"https:\/\/erformance.eu\/et\/wp-json\/wp\/v2\/product_brand?post=67704"},{"taxonomy":"product_cat","embeddable":true,"href":"https:\/\/erformance.eu\/et\/wp-json\/wp\/v2\/product_cat?post=67704"},{"taxonomy":"product_tag","embeddable":true,"href":"https:\/\/erformance.eu\/et\/wp-json\/wp\/v2\/product_tag?post=67704"}],"curies":[{"name":"wp","href":"https:\/\/api.w.org\/{rel}","templated":true}]}}