{"id":69127,"date":"2026-04-24T23:36:38","date_gmt":"2026-04-24T20:36:38","guid":{"rendered":"https:\/\/erformance.eu\/?post_type=product&#038;p=69127"},"modified":"2026-04-24T23:36:38","modified_gmt":"2026-04-24T20:36:38","slug":"ford-transit-mk8-14-19-galiniu-duru-ribotuvas","status":"publish","type":"product","link":"https:\/\/erformance.eu\/et\/toode\/ford-transit-mk8-14-19-galiniu-duru-ribotuvas\/","title":{"rendered":"\u201eFord Transit MK8 14-19\u201c galini\u0173 dur\u0173 ribotuvas"},"content":{"rendered":"<p>Prek\u0117: Galini\u0173 dur\u0173 atrama<br \/>\nPus\u0117: kair\u0117 = de\u0161in\u0117<br \/>\nOriginalus numeris:<\/p>\n<p>HK31-V44100-AA<br \/>\nBK31-V44100-BD<br \/>\nBK31-V44100-BE<br \/>\nBK31-V44100-BF<br \/>\nBK31-V44100-BG<br \/>\nBK31-V44100-BH<br \/>\nBK31-V44100-BJ<br \/>\nBK31-V44100-BK<br \/>\nHK31V44100AA<br \/>\nBK31V44100BD<br \/>\nBK31V44100BE<br \/>\nBK31V44100BF<br \/>\nBK31V44100BG<br \/>\nBK31V44100BH<br \/>\nBK31V44100BJ<br \/>\nBK31V44100BK<br \/>\n2311702<br \/>\n1894101<br \/>\n1866893<br \/>\n1849683<br \/>\n1847634<br \/>\n1844746<br \/>\n1828863<br \/>\n1824661<\/p>\n<p>PASTABA: auk\u0161\u010diau pateikti numeriai yra original\u016bs dali\u0173 numeriai, kuriuos \u0161is pasi\u016blymas pakei\u010dia. Prie\u0161 pirkdami, palyginkite juos su originaliu dalies numeriu. Jei jie skiriasi net vienu simboliu, dalis netiks, neveiks arba veiks netinkamai. Tokiu atveju jos nepirkite.<br \/>\nAutomobilis:<\/p>\n<p>\u201eFord Transit MK8\u201c, gamybos metai: 2014\u20132019<br \/>\n\u201eFord Transit MK9\u201c, modeliai, pagaminti nuo 2019 m.<\/p>\n<p>Gamintojas: pakaitalas<br \/>\nTechnin\u0117 b\u016bkl\u0117: prek\u0117 yra visi\u0161kai nauja, nenaudota, nepa\u017eeista ir nesugadinta<br \/>\nPastaba: Dur\u0173 atidarymo kampas yra apribotas iki 90\u00b0, bet jas galima atidaryti iki 270\u00b0.<\/p>\n","protected":false},"excerpt":{"rendered":"<p>1. Prek\u0117: Galini\u0173 dur\u0173 kam\u0161tis<\/p>\n<p>2. Pus\u0117: kair\u0117 = de\u0161in\u0117<\/p>\n<p>3. Gamintojas: pakeitimas<\/p>\n<p>4. Automobilis:<\/p>\n<p>* Ford Transit MK8 14-19<\/p>\n<p>* Ford Transit MK9 2019-<\/p>\n","protected":false},"featured_media":69128,"comment_status":"open","ping_status":"closed","template":"","meta":[],"product_brand":[],"product_cat":[145],"product_tag":[],"class_list":{"0":"post-69127","1":"product","2":"type-product","3":"status-publish","4":"has-post-thumbnail","6":"product_cat-mercedes-benz","8":"first","9":"instock","10":"shipping-taxable","11":"purchasable","12":"product-type-simple"},"yoast_head":"<!-- This site is optimized with the Yoast SEO Premium plugin v25.2 (Yoast SEO v27.5) - https:\/\/yoast.com\/product\/yoast-seo-premium-wordpress\/ -->\n<title>\u201eFord Transit MK8 14-19\u201c galini\u0173 dur\u0173 ribotuvas - Erformance.eu<\/title>\n<meta name=\"robots\" content=\"index, follow, max-snippet:-1, max-image-preview:large, max-video-preview:-1\" \/>\n<link rel=\"canonical\" href=\"https:\/\/erformance.eu\/et\/toode\/ford-transit-mk8-14-19-galiniu-duru-ribotuvas\/\" \/>\n<meta property=\"og:locale\" content=\"et_EE\" \/>\n<meta property=\"og:type\" content=\"article\" \/>\n<meta property=\"og:title\" content=\"\u201eFord Transit MK8 14-19\u201c galini\u0173 dur\u0173 ribotuvas\" \/>\n<meta property=\"og:description\" content=\"1. Prek\u0117: Galini\u0173 dur\u0173 kam\u0161tis 2. Pus\u0117: kair\u0117 = de\u0161in\u0117 3. Gamintojas: pakeitimas 4. Automobilis: * Ford Transit MK8 14-19 * Ford Transit MK9 2019-\" \/>\n<meta property=\"og:url\" content=\"https:\/\/erformance.eu\/et\/toode\/ford-transit-mk8-14-19-galiniu-duru-ribotuvas\/\" \/>\n<meta property=\"og:site_name\" content=\"Erformance.eu\" \/>\n<meta name=\"twitter:card\" content=\"summary_large_image\" \/>\n<meta name=\"twitter:label1\" content=\"Est. reading time\" \/>\n\t<meta name=\"twitter:data1\" content=\"1 minut\" \/>\n<script type=\"application\/ld+json\" class=\"yoast-schema-graph\">{\"@context\":\"https:\\\/\\\/schema.org\",\"@graph\":[{\"@type\":\"WebPage\",\"@id\":\"https:\\\/\\\/erformance.eu\\\/et\\\/toode\\\/ford-transit-mk8-14-19-galiniu-duru-ribotuvas\\\/\",\"url\":\"https:\\\/\\\/erformance.eu\\\/et\\\/toode\\\/ford-transit-mk8-14-19-galiniu-duru-ribotuvas\\\/\",\"name\":\"\u201eFord Transit MK8 14-19\u201c galini\u0173 dur\u0173 ribotuvas - Erformance.eu\",\"isPartOf\":{\"@id\":\"https:\\\/\\\/erformance.eu\\\/et\\\/#website\"},\"primaryImageOfPage\":{\"@id\":\"https:\\\/\\\/erformance.eu\\\/et\\\/toode\\\/ford-transit-mk8-14-19-galiniu-duru-ribotuvas\\\/#primaryimage\"},\"image\":{\"@id\":\"https:\\\/\\\/erformance.eu\\\/et\\\/toode\\\/ford-transit-mk8-14-19-galiniu-duru-ribotuvas\\\/#primaryimage\"},\"thumbnailUrl\":\"https:\\\/\\\/erformance.eu\\\/wp-content\\\/uploads\\\/2026\\\/04\\\/pol_pm_Ford-Transit-MK8-14-19-ogranicznik-tylnych-drzwi-26485_6.jpg\",\"datePublished\":\"2026-04-24T20:36:38+00:00\",\"breadcrumb\":{\"@id\":\"https:\\\/\\\/erformance.eu\\\/et\\\/toode\\\/ford-transit-mk8-14-19-galiniu-duru-ribotuvas\\\/#breadcrumb\"},\"inLanguage\":\"et\",\"potentialAction\":[{\"@type\":\"ReadAction\",\"target\":[\"https:\\\/\\\/erformance.eu\\\/et\\\/toode\\\/ford-transit-mk8-14-19-galiniu-duru-ribotuvas\\\/\"]}]},{\"@type\":\"ImageObject\",\"inLanguage\":\"et\",\"@id\":\"https:\\\/\\\/erformance.eu\\\/et\\\/toode\\\/ford-transit-mk8-14-19-galiniu-duru-ribotuvas\\\/#primaryimage\",\"url\":\"https:\\\/\\\/erformance.eu\\\/wp-content\\\/uploads\\\/2026\\\/04\\\/pol_pm_Ford-Transit-MK8-14-19-ogranicznik-tylnych-drzwi-26485_6.jpg\",\"contentUrl\":\"https:\\\/\\\/erformance.eu\\\/wp-content\\\/uploads\\\/2026\\\/04\\\/pol_pm_Ford-Transit-MK8-14-19-ogranicznik-tylnych-drzwi-26485_6.jpg\",\"width\":1200,\"height\":1200},{\"@type\":\"BreadcrumbList\",\"@id\":\"https:\\\/\\\/erformance.eu\\\/et\\\/toode\\\/ford-transit-mk8-14-19-galiniu-duru-ribotuvas\\\/#breadcrumb\",\"itemListElement\":[{\"@type\":\"ListItem\",\"position\":1,\"name\":\"Home\",\"item\":\"https:\\\/\\\/erformance.eu\\\/et\\\/\"},{\"@type\":\"ListItem\",\"position\":2,\"name\":\"Pood\",\"item\":\"https:\\\/\\\/erformance.eu\\\/et\\\/pood\\\/\"},{\"@type\":\"ListItem\",\"position\":3,\"name\":\"\u201eFord Transit MK8 14-19\u201c galini\u0173 dur\u0173 ribotuvas\"}]},{\"@type\":\"WebSite\",\"@id\":\"https:\\\/\\\/erformance.eu\\\/et\\\/#website\",\"url\":\"https:\\\/\\\/erformance.eu\\\/et\\\/\",\"name\":\"Erformance.eu\",\"description\":\"Automobili\u0173 dali\u0173 parduotuv\u0117\",\"potentialAction\":[{\"@type\":\"SearchAction\",\"target\":{\"@type\":\"EntryPoint\",\"urlTemplate\":\"https:\\\/\\\/erformance.eu\\\/et\\\/?s={search_term_string}\"},\"query-input\":{\"@type\":\"PropertyValueSpecification\",\"valueRequired\":true,\"valueName\":\"search_term_string\"}}],\"inLanguage\":\"et\"}]}<\/script>\n<!-- \/ Yoast SEO Premium plugin. -->","yoast_head_json":{"title":"\u201eFord Transit MK8 14-19\u201c galini\u0173 dur\u0173 ribotuvas - Erformance.eu","robots":{"index":"index","follow":"follow","max-snippet":"max-snippet:-1","max-image-preview":"max-image-preview:large","max-video-preview":"max-video-preview:-1"},"canonical":"https:\/\/erformance.eu\/et\/toode\/ford-transit-mk8-14-19-galiniu-duru-ribotuvas\/","og_locale":"et_EE","og_type":"article","og_title":"\u201eFord Transit MK8 14-19\u201c galini\u0173 dur\u0173 ribotuvas","og_description":"1. Prek\u0117: Galini\u0173 dur\u0173 kam\u0161tis 2. Pus\u0117: kair\u0117 = de\u0161in\u0117 3. Gamintojas: pakeitimas 4. Automobilis: * Ford Transit MK8 14-19 * Ford Transit MK9 2019-","og_url":"https:\/\/erformance.eu\/et\/toode\/ford-transit-mk8-14-19-galiniu-duru-ribotuvas\/","og_site_name":"Erformance.eu","twitter_card":"summary_large_image","twitter_misc":{"Est. reading time":"1 minut"},"schema":{"@context":"https:\/\/schema.org","@graph":[{"@type":"WebPage","@id":"https:\/\/erformance.eu\/et\/toode\/ford-transit-mk8-14-19-galiniu-duru-ribotuvas\/","url":"https:\/\/erformance.eu\/et\/toode\/ford-transit-mk8-14-19-galiniu-duru-ribotuvas\/","name":"\u201eFord Transit MK8 14-19\u201c galini\u0173 dur\u0173 ribotuvas - Erformance.eu","isPartOf":{"@id":"https:\/\/erformance.eu\/et\/#website"},"primaryImageOfPage":{"@id":"https:\/\/erformance.eu\/et\/toode\/ford-transit-mk8-14-19-galiniu-duru-ribotuvas\/#primaryimage"},"image":{"@id":"https:\/\/erformance.eu\/et\/toode\/ford-transit-mk8-14-19-galiniu-duru-ribotuvas\/#primaryimage"},"thumbnailUrl":"https:\/\/erformance.eu\/wp-content\/uploads\/2026\/04\/pol_pm_Ford-Transit-MK8-14-19-ogranicznik-tylnych-drzwi-26485_6.jpg","datePublished":"2026-04-24T20:36:38+00:00","breadcrumb":{"@id":"https:\/\/erformance.eu\/et\/toode\/ford-transit-mk8-14-19-galiniu-duru-ribotuvas\/#breadcrumb"},"inLanguage":"et","potentialAction":[{"@type":"ReadAction","target":["https:\/\/erformance.eu\/et\/toode\/ford-transit-mk8-14-19-galiniu-duru-ribotuvas\/"]}]},{"@type":"ImageObject","inLanguage":"et","@id":"https:\/\/erformance.eu\/et\/toode\/ford-transit-mk8-14-19-galiniu-duru-ribotuvas\/#primaryimage","url":"https:\/\/erformance.eu\/wp-content\/uploads\/2026\/04\/pol_pm_Ford-Transit-MK8-14-19-ogranicznik-tylnych-drzwi-26485_6.jpg","contentUrl":"https:\/\/erformance.eu\/wp-content\/uploads\/2026\/04\/pol_pm_Ford-Transit-MK8-14-19-ogranicznik-tylnych-drzwi-26485_6.jpg","width":1200,"height":1200},{"@type":"BreadcrumbList","@id":"https:\/\/erformance.eu\/et\/toode\/ford-transit-mk8-14-19-galiniu-duru-ribotuvas\/#breadcrumb","itemListElement":[{"@type":"ListItem","position":1,"name":"Home","item":"https:\/\/erformance.eu\/et\/"},{"@type":"ListItem","position":2,"name":"Pood","item":"https:\/\/erformance.eu\/et\/pood\/"},{"@type":"ListItem","position":3,"name":"\u201eFord Transit MK8 14-19\u201c galini\u0173 dur\u0173 ribotuvas"}]},{"@type":"WebSite","@id":"https:\/\/erformance.eu\/et\/#website","url":"https:\/\/erformance.eu\/et\/","name":"Erformance.eu","description":"Automobili\u0173 dali\u0173 parduotuv\u0117","potentialAction":[{"@type":"SearchAction","target":{"@type":"EntryPoint","urlTemplate":"https:\/\/erformance.eu\/et\/?s={search_term_string}"},"query-input":{"@type":"PropertyValueSpecification","valueRequired":true,"valueName":"search_term_string"}}],"inLanguage":"et"}]}},"jetpack_sharing_enabled":true,"_links":{"self":[{"href":"https:\/\/erformance.eu\/et\/wp-json\/wp\/v2\/product\/69127","targetHints":{"allow":["GET"]}}],"collection":[{"href":"https:\/\/erformance.eu\/et\/wp-json\/wp\/v2\/product"}],"about":[{"href":"https:\/\/erformance.eu\/et\/wp-json\/wp\/v2\/types\/product"}],"replies":[{"embeddable":true,"href":"https:\/\/erformance.eu\/et\/wp-json\/wp\/v2\/comments?post=69127"}],"version-history":[{"count":1,"href":"https:\/\/erformance.eu\/et\/wp-json\/wp\/v2\/product\/69127\/revisions"}],"predecessor-version":[{"id":69129,"href":"https:\/\/erformance.eu\/et\/wp-json\/wp\/v2\/product\/69127\/revisions\/69129"}],"wp:featuredmedia":[{"embeddable":true,"href":"https:\/\/erformance.eu\/et\/wp-json\/wp\/v2\/media\/69128"}],"wp:attachment":[{"href":"https:\/\/erformance.eu\/et\/wp-json\/wp\/v2\/media?parent=69127"}],"wp:term":[{"taxonomy":"product_brand","embeddable":true,"href":"https:\/\/erformance.eu\/et\/wp-json\/wp\/v2\/product_brand?post=69127"},{"taxonomy":"product_cat","embeddable":true,"href":"https:\/\/erformance.eu\/et\/wp-json\/wp\/v2\/product_cat?post=69127"},{"taxonomy":"product_tag","embeddable":true,"href":"https:\/\/erformance.eu\/et\/wp-json\/wp\/v2\/product_tag?post=69127"}],"curies":[{"name":"wp","href":"https:\/\/api.w.org\/{rel}","templated":true}]}}