{"id":69787,"date":"2026-04-24T23:41:50","date_gmt":"2026-04-24T20:41:50","guid":{"rendered":"https:\/\/erformance.eu\/?post_type=product&#038;p=69787"},"modified":"2026-04-24T23:41:50","modified_gmt":"2026-04-24T20:41:50","slug":"mercedes-bus-t1-210-308-310-410-77-95-sildytuvas","status":"publish","type":"product","link":"https:\/\/erformance.eu\/et\/toode\/mercedes-bus-t1-210-308-310-410-77-95-sildytuvas\/","title":{"rendered":"\u201eMercedes BUS T1 210 308 310 410 77-95\u201c \u0161ildytuvas"},"content":{"rendered":"<p>Tema: \u0161ildytuvas<br \/>\nAutomobilis:<\/p>\n<p>Mercedes autobusas T1 210<br \/>\nMercedes autobusas T1 308<br \/>\nMercedes autobusas T1 310<br \/>\nMercedes autobusas T1 410<\/p>\n<p>Pagaminimo metai: 1977\u20131995<br \/>\nGamintojas: pakaitalas<br \/>\nTechnin\u0117 b\u016bkl\u0117: prek\u0117 yra visi\u0161kai nauja, nenaudota, nepa\u017eeista ir nesugadinta<br \/>\nPASTABA: Tinka tik auk\u0161\u010diau pamin\u0117tiems automobiliams ir pagaminimo metams, nepriklausomai nuo variklio dyd\u017eio, tipo ir \u012frangos (\u012fskaitant oro kondicionieri\u0173).<\/p>\n","protected":false},"excerpt":{"rendered":"<p>1. Prek\u0117: \u0161ildytuvas<\/p>\n<p>2. Gamintojas: pakeitimas<\/p>\n<p>3. Automobilis:<\/p>\n<p>* Mercedes autobusas T1 210<\/p>\n<p>* Mercedes autobusas T1 308<\/p>\n<p>* Mercedes autobusas T1 310<\/p>\n<p>* Mercedes autobusas T1 410<\/p>\n<p>4. Pagaminimo metai: 1977\u20131995<\/p>\n","protected":false},"featured_media":69788,"comment_status":"open","ping_status":"closed","template":"","meta":[],"product_brand":[],"product_cat":[145],"product_tag":[],"class_list":{"0":"post-69787","1":"product","2":"type-product","3":"status-publish","4":"has-post-thumbnail","6":"product_cat-mercedes-benz","8":"first","9":"instock","10":"shipping-taxable","11":"product-type-simple"},"yoast_head":"<!-- This site is optimized with the Yoast SEO Premium plugin v25.2 (Yoast SEO v27.6) - https:\/\/yoast.com\/product\/yoast-seo-premium-wordpress\/ -->\n<title>\u201eMercedes BUS T1 210 308 310 410 77-95\u201c \u0161ildytuvas - Erformance.eu<\/title>\n<meta name=\"robots\" content=\"index, follow, max-snippet:-1, max-image-preview:large, max-video-preview:-1\" \/>\n<link rel=\"canonical\" href=\"https:\/\/erformance.eu\/et\/toode\/mercedes-bus-t1-210-308-310-410-77-95-sildytuvas\/\" \/>\n<meta property=\"og:locale\" content=\"et_EE\" \/>\n<meta property=\"og:type\" content=\"article\" \/>\n<meta property=\"og:title\" content=\"\u201eMercedes BUS T1 210 308 310 410 77-95\u201c \u0161ildytuvas\" \/>\n<meta property=\"og:description\" content=\"1. Prek\u0117: \u0161ildytuvas 2. Gamintojas: pakeitimas 3. Automobilis: * Mercedes autobusas T1 210 * Mercedes autobusas T1 308 * Mercedes autobusas T1 310 * Mercedes autobusas T1 410 4. Pagaminimo metai: 1977\u20131995\" \/>\n<meta property=\"og:url\" content=\"https:\/\/erformance.eu\/et\/toode\/mercedes-bus-t1-210-308-310-410-77-95-sildytuvas\/\" \/>\n<meta property=\"og:site_name\" content=\"Erformance.eu\" \/>\n<meta name=\"twitter:card\" content=\"summary_large_image\" \/>\n<script type=\"application\/ld+json\" class=\"yoast-schema-graph\">{\"@context\":\"https:\\\/\\\/schema.org\",\"@graph\":[{\"@type\":\"WebPage\",\"@id\":\"https:\\\/\\\/erformance.eu\\\/et\\\/toode\\\/mercedes-bus-t1-210-308-310-410-77-95-sildytuvas\\\/\",\"url\":\"https:\\\/\\\/erformance.eu\\\/et\\\/toode\\\/mercedes-bus-t1-210-308-310-410-77-95-sildytuvas\\\/\",\"name\":\"\u201eMercedes BUS T1 210 308 310 410 77-95\u201c \u0161ildytuvas - Erformance.eu\",\"isPartOf\":{\"@id\":\"https:\\\/\\\/erformance.eu\\\/et\\\/#website\"},\"primaryImageOfPage\":{\"@id\":\"https:\\\/\\\/erformance.eu\\\/et\\\/toode\\\/mercedes-bus-t1-210-308-310-410-77-95-sildytuvas\\\/#primaryimage\"},\"image\":{\"@id\":\"https:\\\/\\\/erformance.eu\\\/et\\\/toode\\\/mercedes-bus-t1-210-308-310-410-77-95-sildytuvas\\\/#primaryimage\"},\"thumbnailUrl\":\"https:\\\/\\\/erformance.eu\\\/wp-content\\\/uploads\\\/2026\\\/04\\\/pol_pm_Mercedes-BUS-T1-210-308-310-410-77-95-nagrzewnica-610_2.jpg\",\"datePublished\":\"2026-04-24T20:41:50+00:00\",\"breadcrumb\":{\"@id\":\"https:\\\/\\\/erformance.eu\\\/et\\\/toode\\\/mercedes-bus-t1-210-308-310-410-77-95-sildytuvas\\\/#breadcrumb\"},\"inLanguage\":\"et\",\"potentialAction\":[{\"@type\":\"ReadAction\",\"target\":[\"https:\\\/\\\/erformance.eu\\\/et\\\/toode\\\/mercedes-bus-t1-210-308-310-410-77-95-sildytuvas\\\/\"]}]},{\"@type\":\"ImageObject\",\"inLanguage\":\"et\",\"@id\":\"https:\\\/\\\/erformance.eu\\\/et\\\/toode\\\/mercedes-bus-t1-210-308-310-410-77-95-sildytuvas\\\/#primaryimage\",\"url\":\"https:\\\/\\\/erformance.eu\\\/wp-content\\\/uploads\\\/2026\\\/04\\\/pol_pm_Mercedes-BUS-T1-210-308-310-410-77-95-nagrzewnica-610_2.jpg\",\"contentUrl\":\"https:\\\/\\\/erformance.eu\\\/wp-content\\\/uploads\\\/2026\\\/04\\\/pol_pm_Mercedes-BUS-T1-210-308-310-410-77-95-nagrzewnica-610_2.jpg\",\"width\":667,\"height\":500},{\"@type\":\"BreadcrumbList\",\"@id\":\"https:\\\/\\\/erformance.eu\\\/et\\\/toode\\\/mercedes-bus-t1-210-308-310-410-77-95-sildytuvas\\\/#breadcrumb\",\"itemListElement\":[{\"@type\":\"ListItem\",\"position\":1,\"name\":\"Home\",\"item\":\"https:\\\/\\\/erformance.eu\\\/et\\\/\"},{\"@type\":\"ListItem\",\"position\":2,\"name\":\"Pood\",\"item\":\"https:\\\/\\\/erformance.eu\\\/et\\\/pood\\\/\"},{\"@type\":\"ListItem\",\"position\":3,\"name\":\"\u201eMercedes BUS T1 210 308 310 410 77-95\u201c \u0161ildytuvas\"}]},{\"@type\":\"WebSite\",\"@id\":\"https:\\\/\\\/erformance.eu\\\/et\\\/#website\",\"url\":\"https:\\\/\\\/erformance.eu\\\/et\\\/\",\"name\":\"Erformance.eu\",\"description\":\"Automobili\u0173 dali\u0173 parduotuv\u0117\",\"potentialAction\":[{\"@type\":\"SearchAction\",\"target\":{\"@type\":\"EntryPoint\",\"urlTemplate\":\"https:\\\/\\\/erformance.eu\\\/et\\\/?s={search_term_string}\"},\"query-input\":{\"@type\":\"PropertyValueSpecification\",\"valueRequired\":true,\"valueName\":\"search_term_string\"}}],\"inLanguage\":\"et\"}]}<\/script>\n<!-- \/ Yoast SEO Premium plugin. -->","yoast_head_json":{"title":"\u201eMercedes BUS T1 210 308 310 410 77-95\u201c \u0161ildytuvas - Erformance.eu","robots":{"index":"index","follow":"follow","max-snippet":"max-snippet:-1","max-image-preview":"max-image-preview:large","max-video-preview":"max-video-preview:-1"},"canonical":"https:\/\/erformance.eu\/et\/toode\/mercedes-bus-t1-210-308-310-410-77-95-sildytuvas\/","og_locale":"et_EE","og_type":"article","og_title":"\u201eMercedes BUS T1 210 308 310 410 77-95\u201c \u0161ildytuvas","og_description":"1. Prek\u0117: \u0161ildytuvas 2. Gamintojas: pakeitimas 3. Automobilis: * Mercedes autobusas T1 210 * Mercedes autobusas T1 308 * Mercedes autobusas T1 310 * Mercedes autobusas T1 410 4. Pagaminimo metai: 1977\u20131995","og_url":"https:\/\/erformance.eu\/et\/toode\/mercedes-bus-t1-210-308-310-410-77-95-sildytuvas\/","og_site_name":"Erformance.eu","twitter_card":"summary_large_image","schema":{"@context":"https:\/\/schema.org","@graph":[{"@type":"WebPage","@id":"https:\/\/erformance.eu\/et\/toode\/mercedes-bus-t1-210-308-310-410-77-95-sildytuvas\/","url":"https:\/\/erformance.eu\/et\/toode\/mercedes-bus-t1-210-308-310-410-77-95-sildytuvas\/","name":"\u201eMercedes BUS T1 210 308 310 410 77-95\u201c \u0161ildytuvas - Erformance.eu","isPartOf":{"@id":"https:\/\/erformance.eu\/et\/#website"},"primaryImageOfPage":{"@id":"https:\/\/erformance.eu\/et\/toode\/mercedes-bus-t1-210-308-310-410-77-95-sildytuvas\/#primaryimage"},"image":{"@id":"https:\/\/erformance.eu\/et\/toode\/mercedes-bus-t1-210-308-310-410-77-95-sildytuvas\/#primaryimage"},"thumbnailUrl":"https:\/\/erformance.eu\/wp-content\/uploads\/2026\/04\/pol_pm_Mercedes-BUS-T1-210-308-310-410-77-95-nagrzewnica-610_2.jpg","datePublished":"2026-04-24T20:41:50+00:00","breadcrumb":{"@id":"https:\/\/erformance.eu\/et\/toode\/mercedes-bus-t1-210-308-310-410-77-95-sildytuvas\/#breadcrumb"},"inLanguage":"et","potentialAction":[{"@type":"ReadAction","target":["https:\/\/erformance.eu\/et\/toode\/mercedes-bus-t1-210-308-310-410-77-95-sildytuvas\/"]}]},{"@type":"ImageObject","inLanguage":"et","@id":"https:\/\/erformance.eu\/et\/toode\/mercedes-bus-t1-210-308-310-410-77-95-sildytuvas\/#primaryimage","url":"https:\/\/erformance.eu\/wp-content\/uploads\/2026\/04\/pol_pm_Mercedes-BUS-T1-210-308-310-410-77-95-nagrzewnica-610_2.jpg","contentUrl":"https:\/\/erformance.eu\/wp-content\/uploads\/2026\/04\/pol_pm_Mercedes-BUS-T1-210-308-310-410-77-95-nagrzewnica-610_2.jpg","width":667,"height":500},{"@type":"BreadcrumbList","@id":"https:\/\/erformance.eu\/et\/toode\/mercedes-bus-t1-210-308-310-410-77-95-sildytuvas\/#breadcrumb","itemListElement":[{"@type":"ListItem","position":1,"name":"Home","item":"https:\/\/erformance.eu\/et\/"},{"@type":"ListItem","position":2,"name":"Pood","item":"https:\/\/erformance.eu\/et\/pood\/"},{"@type":"ListItem","position":3,"name":"\u201eMercedes BUS T1 210 308 310 410 77-95\u201c \u0161ildytuvas"}]},{"@type":"WebSite","@id":"https:\/\/erformance.eu\/et\/#website","url":"https:\/\/erformance.eu\/et\/","name":"Erformance.eu","description":"Automobili\u0173 dali\u0173 parduotuv\u0117","potentialAction":[{"@type":"SearchAction","target":{"@type":"EntryPoint","urlTemplate":"https:\/\/erformance.eu\/et\/?s={search_term_string}"},"query-input":{"@type":"PropertyValueSpecification","valueRequired":true,"valueName":"search_term_string"}}],"inLanguage":"et"}]}},"jetpack_sharing_enabled":true,"_links":{"self":[{"href":"https:\/\/erformance.eu\/et\/wp-json\/wp\/v2\/product\/69787","targetHints":{"allow":["GET"]}}],"collection":[{"href":"https:\/\/erformance.eu\/et\/wp-json\/wp\/v2\/product"}],"about":[{"href":"https:\/\/erformance.eu\/et\/wp-json\/wp\/v2\/types\/product"}],"replies":[{"embeddable":true,"href":"https:\/\/erformance.eu\/et\/wp-json\/wp\/v2\/comments?post=69787"}],"version-history":[{"count":1,"href":"https:\/\/erformance.eu\/et\/wp-json\/wp\/v2\/product\/69787\/revisions"}],"predecessor-version":[{"id":69789,"href":"https:\/\/erformance.eu\/et\/wp-json\/wp\/v2\/product\/69787\/revisions\/69789"}],"wp:featuredmedia":[{"embeddable":true,"href":"https:\/\/erformance.eu\/et\/wp-json\/wp\/v2\/media\/69788"}],"wp:attachment":[{"href":"https:\/\/erformance.eu\/et\/wp-json\/wp\/v2\/media?parent=69787"}],"wp:term":[{"taxonomy":"product_brand","embeddable":true,"href":"https:\/\/erformance.eu\/et\/wp-json\/wp\/v2\/product_brand?post=69787"},{"taxonomy":"product_cat","embeddable":true,"href":"https:\/\/erformance.eu\/et\/wp-json\/wp\/v2\/product_cat?post=69787"},{"taxonomy":"product_tag","embeddable":true,"href":"https:\/\/erformance.eu\/et\/wp-json\/wp\/v2\/product_tag?post=69787"}],"curies":[{"name":"wp","href":"https:\/\/api.w.org\/{rel}","templated":true}]}}