{"id":30396,"date":"2024-07-06T09:17:53","date_gmt":"2024-07-06T06:17:53","guid":{"rendered":"https:\/\/erformance.eu\/par-mums\/"},"modified":"2026-03-21T02:48:21","modified_gmt":"2026-03-20T23:48:21","slug":"par-mums","status":"publish","type":"page","link":"https:\/\/erformance.eu\/lv\/par-mums\/","title":{"rendered":"Par mums"},"content":{"rendered":"\t\t<div data-elementor-type=\"wp-page\" data-elementor-id=\"30396\" class=\"elementor elementor-30396 elementor-1195\">\n\t\t\t\t<div class=\"wd-negative-gap elementor-element elementor-element-a16598d e-flex e-con-boxed e-con e-parent\" data-id=\"a16598d\" data-element_type=\"container\" data-e-type=\"container\">\n\t\t\t\t\t<div class=\"e-con-inner\">\n\t\t<div class=\"elementor-element elementor-element-1b1adb6 e-con-full e-flex e-con e-child\" data-id=\"1b1adb6\" data-element_type=\"container\" data-e-type=\"container\">\n\t\t\t\t<div class=\"elementor-element elementor-element-2e02db2 wd-el-breadcrumbs text-left elementor-widget elementor-widget-wd_wc_breadcrumb\" data-id=\"2e02db2\" data-element_type=\"widget\" data-e-type=\"widget\" data-widget_type=\"wd_wc_breadcrumb.default\">\n\t\t\t\t<div class=\"elementor-widget-container\">\n\t\t\t\t\t<nav class=\"wd-breadcrumbs woocommerce-breadcrumb\" aria-label=\"Breadcrumb\">\t\t\t\t<span class=\"wd-last\">\n\t\t\t\t\tS\u0101kums\t\t\t\t<\/span>\n\t\t\t<\/nav>\t\t\t\t<\/div>\n\t\t\t\t<\/div>\n\t\t\t\t<div class=\"elementor-element elementor-element-f2842b8 wd-width-100 elementor-widget elementor-widget-wd_title\" data-id=\"f2842b8\" data-element_type=\"widget\" data-e-type=\"widget\" data-widget_type=\"wd_title.default\">\n\t\t\t\t<div class=\"elementor-widget-container\">\n\t\t\t\t\t\t\t<div class=\"title-wrapper wd-set-mb reset-last-child wd-title-color-default wd-title-style-bordered wd-title-size-default text-center\">\n\n\t\t\t\n\t\t\t<div class=\"liner-continer\">\n\t\t\t\t<h4 class=\"woodmart-title-container title wd-fontsize-l\">Par mums<\/h4> \n\t\t\t\t\t\t\t<\/div>\n\n\t\t\t\t\t<\/div>\n\t\t\t\t\t\t<\/div>\n\t\t\t\t<\/div>\n\t\t\t\t<\/div>\n\t\t\t\t\t<\/div>\n\t\t\t\t<\/div>\n\t\t<div class=\"wd-negative-gap elementor-element elementor-element-18d44df wd-section-stretch e-flex e-con-boxed e-con e-parent\" data-id=\"18d44df\" data-element_type=\"container\" data-e-type=\"container\" data-settings=\"{&quot;background_background&quot;:&quot;classic&quot;}\">\n\t\t\t\t\t<div class=\"e-con-inner\">\n\t\t\t\t<div class=\"elementor-element elementor-element-a8e8f8a elementor-widget__width-initial elementor-widget-tablet__width-inherit wd-width-100 elementor-widget elementor-widget-wd_title\" data-id=\"a8e8f8a\" data-element_type=\"widget\" data-e-type=\"widget\" data-widget_type=\"wd_title.default\">\n\t\t\t\t<div class=\"elementor-widget-container\">\n\t\t\t\t\t\t\t<div class=\"title-wrapper wd-set-mb reset-last-child wd-title-color-primary wd-title-style-default wd-title-size-large text-left\">\n\n\t\t\t\t\t\t\t\t\t\t\t<div class=\"title-subtitle subtitle-color-primary subtitle-style-default wd-fontsize-xs\">\n\t\t\t\t\tERformance.eu\t\t\t\t<\/div>\n\t\t\t\n\t\t\t<div class=\"liner-continer\">\n\t\t\t\t<h4 class=\"woodmart-title-container title wd-fontsize-xxl\">Automa\u0161\u012bnu deta\u013cu un aksesu\u0101ru veikals<\/h4> \n\t\t\t\t\t\t\t<\/div>\n\n\t\t\t\t\t<\/div>\n\t\t\t\t\t\t<\/div>\n\t\t\t\t<\/div>\n\t\t\t\t<div class=\"elementor-element elementor-element-70a99b8 elementor-widget__width-initial elementor-widget elementor-widget-wd_infobox\" data-id=\"70a99b8\" data-element_type=\"widget\" data-e-type=\"widget\" data-widget_type=\"wd_infobox.default\">\n\t\t\t\t<div class=\"elementor-widget-container\">\n\t\t\t\t\t\t\t<div class=\"info-box-wrapper\">\n\t\t\t<div class=\"wd-info-box text-left box-icon-align-top box-style-base color-scheme-\">\n\t\t\t\t\n\t\t\t\t<div class=\"info-box-content\">\n\t\t\t\t\t\n\t\t\t\t\t\t\t\t\t\t\t<h4\t\t\t\t\t\tclass=\"info-box-title title box-title-style-default wd-fontsize-m\" data-elementor-setting-key=\"title\">\n\t\t\t\t\t\t\t\tM\u0113s m\u012blam to, ko dar\u0101m\t\t\t\t\t\t<\/h4>\n\t\t\t\t\t\n\t\t\t\t\t<div class=\"info-box-inner reset-last-child\"data-elementor-setting-key=\"content\"><p>M\u0113s tirgojam tikai jaunas un uzticamu ra\u017eot\u0101ju automa\u0161\u012bnu deta\u013cas \u2013 s\u0101kot no standarta komponent\u0113m l\u012bdz \u201cperformance\u201d tipa deta\u013c\u0101m, kas p\u0101rsniegs J\u016bsu gaidas.<\/p>\n<\/div>\n\n\t\t\t\t\t\t\t\t\t<\/div>\n\n\t\t\t\t\t\t\t<\/div>\n\t\t<\/div>\n\t\t\t\t\t\t<\/div>\n\t\t\t\t<\/div>\n\t\t\t\t<div class=\"elementor-element elementor-element-3721fbd elementor-widget__width-initial elementor-widget elementor-widget-wd_infobox\" data-id=\"3721fbd\" data-element_type=\"widget\" data-e-type=\"widget\" data-widget_type=\"wd_infobox.default\">\n\t\t\t\t<div class=\"elementor-widget-container\">\n\t\t\t\t\t\t\t<div class=\"info-box-wrapper\">\n\t\t\t<div class=\"wd-info-box text-left box-icon-align-top box-style-base color-scheme-\">\n\t\t\t\t\n\t\t\t\t<div class=\"info-box-content\">\n\t\t\t\t\t\n\t\t\t\t\t\t\t\t\t\t\t<h4\t\t\t\t\t\tclass=\"info-box-title title box-title-style-default wd-fontsize-m\" data-elementor-setting-key=\"title\">\n\t\t\t\t\t\t\t\tM\u0113s esam \u0161eit, lai pal\u012bdz\u0113tu\t\t\t\t\t\t<\/h4>\n\t\t\t\t\t\n\t\t\t\t\t<div class=\"info-box-inner reset-last-child\"data-elementor-setting-key=\"content\"><p>Mums ir svar\u012bga ne tikai kvalit\u0101te, bet ar\u012b J\u016bsu pieredze. Konsult\u0113jam, sniedzam padomus un pal\u012bdzam izv\u0113l\u0113ties to, kas vislab\u0101k atbilst J\u016bsu automa\u0161\u012bnai un vajadz\u012bb\u0101m. <\/p>\n<\/div>\n\n\t\t\t\t\t\t\t\t\t<\/div>\n\n\t\t\t\t\t\t\t<\/div>\n\t\t<\/div>\n\t\t\t\t\t\t<\/div>\n\t\t\t\t<\/div>\n\t\t\t\t\t<\/div>\n\t\t\t\t<\/div>\n\t\t<div class=\"wd-negative-gap elementor-element elementor-element-45c00f7 e-flex e-con-boxed e-con e-parent\" data-id=\"45c00f7\" data-element_type=\"container\" data-e-type=\"container\">\n\t\t\t\t\t<div class=\"e-con-inner\">\n\t\t<div class=\"elementor-element elementor-element-4ad9174 e-con-full e-flex e-con e-child\" data-id=\"4ad9174\" data-element_type=\"container\" data-e-type=\"container\">\n\t\t<div class=\"elementor-element elementor-element-2d61791 e-con-full e-flex e-con e-child\" data-id=\"2d61791\" data-element_type=\"container\" data-e-type=\"container\">\n\t\t\t\t<div class=\"elementor-element elementor-element-d7c91b6 wd_scroll_y_-80 wd-parallax-on-scroll wd_scroll_smoothness_30 elementor-widget elementor-widget-wd_image_or_svg\" data-id=\"d7c91b6\" data-element_type=\"widget\" data-e-type=\"widget\" data-widget_type=\"wd_image_or_svg.default\">\n\t\t\t\t<div class=\"elementor-widget-container\">\n\t\t\t\t\t\n\t\t<div class=\"wd-image text-center\">\n\t\t\t\t\t\t\t\t<img loading=\"lazy\" decoding=\"async\" width=\"500\" height=\"500\" src=\"https:\/\/erformance.eu\/wp-content\/uploads\/2025\/05\/erformance-banner-2-500x500.webp\" class=\"attachment-500x500 size-500x500\" alt=\"\" srcset=\"https:\/\/erformance.eu\/wp-content\/uploads\/2025\/05\/erformance-banner-2-500x500.webp 500w, https:\/\/erformance.eu\/wp-content\/uploads\/2025\/05\/erformance-banner-2-150x150.webp 150w\" sizes=\"auto, (max-width: 500px) 100vw, 500px\" \/>\t\t\t\t\t<\/div>\n\n\t\t\t\t\t\t<\/div>\n\t\t\t\t<\/div>\n\t\t\t\t<\/div>\n\t\t<div class=\"elementor-element elementor-element-38ea698 e-con-full e-flex e-con e-child\" data-id=\"38ea698\" data-element_type=\"container\" data-e-type=\"container\">\n\t\t\t\t<div class=\"elementor-element elementor-element-e98f1eb elementor-widget elementor-widget-wd_text_block\" data-id=\"e98f1eb\" data-element_type=\"widget\" data-e-type=\"widget\" data-widget_type=\"wd_text_block.default\">\n\t\t\t\t<div class=\"elementor-widget-container\">\n\t\t\t\t\t\t\t<div class=\"wd-text-block reset-last-child text-left\">\n\t\t\t\n\t\t\t<p data-start=\"247\" data-end=\"609\">M\u0113s nep\u0101rtraukti papla\u0161in\u0101m savu automa\u0161\u012bnu deta\u013cu sortimentu, lai nodro\u0161in\u0101tu iesp\u0113ju nepiecie\u0161am\u0101s deta\u013cas atrast vienuviet \u2013 \u0101tri, \u0113rti un bez stresa. Pa\u0161laik specializ\u0113jamies <strong data-start=\"445\" data-end=\"452\">BMW, AUDI, MERCEDES-BENZ, VOLVO<\/strong> automa\u0161\u012bnu deta\u013c\u0101s, ta\u010du m\u016bsu m\u0113r\u0137is ir pied\u0101v\u0101t pla\u0161u izv\u0113li visu automa\u0161\u012bnu marku \u012bpa\u0161niekiem: no \u0161asijas komponent\u0113m l\u012bdz t\u016bninga risin\u0101jumiem. <\/p>\n<p data-start=\"611\" data-end=\"855\">Lai gan \u0161aj\u0101 jom\u0101 esam sal\u012bdzino\u0161i jauni \u2013 mums ir mazliet vair\u0101k nek\u0101 tr\u012bs gadu pieredze \u2013, m\u016bs virza <strong data-start=\"714\" data-end=\"740\">sp\u0113c\u012bga v\u0113lme pilnveidoties<\/strong> un padzi\u013cin\u0101t savas zin\u0101\u0161anas. Tas mums \u013cauj jau \u0161odien profesion\u0101li pal\u012bdz\u0113t klientiem un atbild\u0113t uz visiem svar\u012bg\u0101kajiem jaut\u0101jumiem. <\/p>\n<p data-start=\"857\" data-end=\"1158\">M\u0113s str\u0101d\u0101jam <strong data-start=\"865\" data-end=\"884\">vis\u0101 Eirop\u0101<\/strong>, un \u012bpa\u0161i priec\u0101jamies par cie\u0161\u0101m attiec\u012bb\u0101m ar klientiem <strong data-start=\"941\" data-end=\"977\">Baltijas un Skandin\u0101vijas valst\u012bs.<\/strong> R\u016bp\u0113jamies ne tikai par kvalitat\u012bv\u0101m deta\u013c\u0101m, bet ar\u012b par \u0101tru apkalpo\u0161anu \u2013 <strong data-start=\"1046\" data-end=\"1093\">pas\u016bt\u012bjumus nos\u016bt\u0101m p\u0113c iesp\u0113jas \u0101tr\u0101k,<\/strong> t\u0101p\u0113c daudzos gad\u012bjumos tie sasniedz klientus jau <strong data-start=\"1143\" data-end=\"1157\">n\u0101kamaj\u0101 dien\u0101.<\/strong> <\/p>\n\n\t\t\t\t\t<\/div>\n\t\t\t\t\t\t<\/div>\n\t\t\t\t<\/div>\n\t\t\t\t<\/div>\n\t\t\t\t<\/div>\n\t\t\t\t\t<\/div>\n\t\t\t\t<\/div>\n\t\t\t\t<\/div>\n\t\t","protected":false},"excerpt":{"rendered":"<p>Prad\u017eia Par mums ERformance.eu Automa\u0161\u012bnu deta\u013cu un aksesu\u0101ru veikals M\u0113s m\u012blam to, ko dar\u0101m M\u0113s tirgojam tikai jaunas un uzticamu<\/p>\n","protected":false},"author":1,"featured_media":0,"parent":0,"menu_order":0,"comment_status":"closed","ping_status":"closed","template":"","meta":{"footnotes":""},"class_list":["post-30396","page","type-page","status-publish","hentry"],"yoast_head":"<!-- This site is optimized with the Yoast SEO Premium plugin v25.2 (Yoast SEO v27.4) - https:\/\/yoast.com\/product\/yoast-seo-premium-wordpress\/ -->\n<title>Par mums - Erformance.eu<\/title>\n<meta name=\"description\" content=\"Erformance.eu ir tie\u0161saistes automa\u0161\u012bnu t\u016bninga deta\u013cu veikals. M\u0113s tirgojam BMW, AUDI, VOLVO un MB t\u016bninga deta\u013cas par vien\u0101m no zem\u0101kaj\u0101m cen\u0101m.\" \/>\n<meta name=\"robots\" content=\"index, follow, max-snippet:-1, max-image-preview:large, max-video-preview:-1\" \/>\n<link rel=\"canonical\" href=\"https:\/\/erformance.eu\/lv\/par-mums\/\" \/>\n<meta property=\"og:locale\" content=\"lv_LV\" \/>\n<meta property=\"og:type\" content=\"article\" \/>\n<meta property=\"og:title\" content=\"Par mums\" \/>\n<meta property=\"og:description\" content=\"Erformance.eu ir tie\u0161saistes automa\u0161\u012bnu t\u016bninga deta\u013cu veikals. M\u0113s tirgojam BMW, AUDI, VOLVO un MB t\u016bninga deta\u013cas par vien\u0101m no zem\u0101kaj\u0101m cen\u0101m.\" \/>\n<meta property=\"og:url\" content=\"https:\/\/erformance.eu\/lv\/par-mums\/\" \/>\n<meta property=\"og:site_name\" content=\"Erformance.eu\" \/>\n<meta property=\"article:modified_time\" content=\"2026-03-20T23:48:21+00:00\" \/>\n<meta property=\"og:image\" content=\"https:\/\/erformance.eu\/wp-content\/uploads\/2025\/05\/erformance-banner-2-500x500.webp\" \/>\n<meta name=\"twitter:card\" content=\"summary_large_image\" \/>\n<meta name=\"twitter:label1\" content=\"Est. reading time\" \/>\n\t<meta name=\"twitter:data1\" content=\"1 min\u016b\u0161u\" \/>\n<script type=\"application\/ld+json\" class=\"yoast-schema-graph\">{\"@context\":\"https:\\\/\\\/schema.org\",\"@graph\":[{\"@type\":\"WebPage\",\"@id\":\"https:\\\/\\\/erformance.eu\\\/lv\\\/par-mums\\\/\",\"url\":\"https:\\\/\\\/erformance.eu\\\/lv\\\/par-mums\\\/\",\"name\":\"Par mums - Erformance.eu\",\"isPartOf\":{\"@id\":\"https:\\\/\\\/erformance.eu\\\/lv\\\/#website\"},\"primaryImageOfPage\":{\"@id\":\"https:\\\/\\\/erformance.eu\\\/lv\\\/par-mums\\\/#primaryimage\"},\"image\":{\"@id\":\"https:\\\/\\\/erformance.eu\\\/lv\\\/par-mums\\\/#primaryimage\"},\"thumbnailUrl\":\"https:\\\/\\\/erformance.eu\\\/wp-content\\\/uploads\\\/2025\\\/05\\\/erformance-banner-2-500x500.webp\",\"datePublished\":\"2024-07-06T06:17:53+00:00\",\"dateModified\":\"2026-03-20T23:48:21+00:00\",\"description\":\"Erformance.eu ir tie\u0161saistes automa\u0161\u012bnu t\u016bninga deta\u013cu veikals. M\u0113s tirgojam BMW, AUDI, VOLVO un MB t\u016bninga deta\u013cas par vien\u0101m no zem\u0101kaj\u0101m cen\u0101m.\",\"breadcrumb\":{\"@id\":\"https:\\\/\\\/erformance.eu\\\/lv\\\/par-mums\\\/#breadcrumb\"},\"inLanguage\":\"lv-LV\",\"potentialAction\":[{\"@type\":\"ReadAction\",\"target\":[\"https:\\\/\\\/erformance.eu\\\/lv\\\/par-mums\\\/\"]}]},{\"@type\":\"ImageObject\",\"inLanguage\":\"lv-LV\",\"@id\":\"https:\\\/\\\/erformance.eu\\\/lv\\\/par-mums\\\/#primaryimage\",\"url\":\"https:\\\/\\\/erformance.eu\\\/wp-content\\\/uploads\\\/2025\\\/05\\\/erformance-banner-2-500x500.webp\",\"contentUrl\":\"https:\\\/\\\/erformance.eu\\\/wp-content\\\/uploads\\\/2025\\\/05\\\/erformance-banner-2-500x500.webp\"},{\"@type\":\"BreadcrumbList\",\"@id\":\"https:\\\/\\\/erformance.eu\\\/lv\\\/par-mums\\\/#breadcrumb\",\"itemListElement\":[{\"@type\":\"ListItem\",\"position\":1,\"name\":\"Home\",\"item\":\"https:\\\/\\\/erformance.eu\\\/lv\\\/\"},{\"@type\":\"ListItem\",\"position\":2,\"name\":\"Par mums\"}]},{\"@type\":\"WebSite\",\"@id\":\"https:\\\/\\\/erformance.eu\\\/lv\\\/#website\",\"url\":\"https:\\\/\\\/erformance.eu\\\/lv\\\/\",\"name\":\"Erformance.eu\",\"description\":\"Automobili\u0173 dali\u0173 parduotuv\u0117\",\"potentialAction\":[{\"@type\":\"SearchAction\",\"target\":{\"@type\":\"EntryPoint\",\"urlTemplate\":\"https:\\\/\\\/erformance.eu\\\/lv\\\/?s={search_term_string}\"},\"query-input\":{\"@type\":\"PropertyValueSpecification\",\"valueRequired\":true,\"valueName\":\"search_term_string\"}}],\"inLanguage\":\"lv-LV\"}]}<\/script>\n<!-- \/ Yoast SEO Premium plugin. -->","yoast_head_json":{"title":"Par mums - Erformance.eu","description":"Erformance.eu ir tie\u0161saistes automa\u0161\u012bnu t\u016bninga deta\u013cu veikals. M\u0113s tirgojam BMW, AUDI, VOLVO un MB t\u016bninga deta\u013cas par vien\u0101m no zem\u0101kaj\u0101m cen\u0101m.","robots":{"index":"index","follow":"follow","max-snippet":"max-snippet:-1","max-image-preview":"max-image-preview:large","max-video-preview":"max-video-preview:-1"},"canonical":"https:\/\/erformance.eu\/lv\/par-mums\/","og_locale":"lv_LV","og_type":"article","og_title":"Par mums","og_description":"Erformance.eu ir tie\u0161saistes automa\u0161\u012bnu t\u016bninga deta\u013cu veikals. M\u0113s tirgojam BMW, AUDI, VOLVO un MB t\u016bninga deta\u013cas par vien\u0101m no zem\u0101kaj\u0101m cen\u0101m.","og_url":"https:\/\/erformance.eu\/lv\/par-mums\/","og_site_name":"Erformance.eu","article_modified_time":"2026-03-20T23:48:21+00:00","og_image":[{"url":"https:\/\/erformance.eu\/wp-content\/uploads\/2025\/05\/erformance-banner-2-500x500.webp","type":"","width":"","height":""}],"twitter_card":"summary_large_image","twitter_misc":{"Est. reading time":"1 min\u016b\u0161u"},"schema":{"@context":"https:\/\/schema.org","@graph":[{"@type":"WebPage","@id":"https:\/\/erformance.eu\/lv\/par-mums\/","url":"https:\/\/erformance.eu\/lv\/par-mums\/","name":"Par mums - Erformance.eu","isPartOf":{"@id":"https:\/\/erformance.eu\/lv\/#website"},"primaryImageOfPage":{"@id":"https:\/\/erformance.eu\/lv\/par-mums\/#primaryimage"},"image":{"@id":"https:\/\/erformance.eu\/lv\/par-mums\/#primaryimage"},"thumbnailUrl":"https:\/\/erformance.eu\/wp-content\/uploads\/2025\/05\/erformance-banner-2-500x500.webp","datePublished":"2024-07-06T06:17:53+00:00","dateModified":"2026-03-20T23:48:21+00:00","description":"Erformance.eu ir tie\u0161saistes automa\u0161\u012bnu t\u016bninga deta\u013cu veikals. M\u0113s tirgojam BMW, AUDI, VOLVO un MB t\u016bninga deta\u013cas par vien\u0101m no zem\u0101kaj\u0101m cen\u0101m.","breadcrumb":{"@id":"https:\/\/erformance.eu\/lv\/par-mums\/#breadcrumb"},"inLanguage":"lv-LV","potentialAction":[{"@type":"ReadAction","target":["https:\/\/erformance.eu\/lv\/par-mums\/"]}]},{"@type":"ImageObject","inLanguage":"lv-LV","@id":"https:\/\/erformance.eu\/lv\/par-mums\/#primaryimage","url":"https:\/\/erformance.eu\/wp-content\/uploads\/2025\/05\/erformance-banner-2-500x500.webp","contentUrl":"https:\/\/erformance.eu\/wp-content\/uploads\/2025\/05\/erformance-banner-2-500x500.webp"},{"@type":"BreadcrumbList","@id":"https:\/\/erformance.eu\/lv\/par-mums\/#breadcrumb","itemListElement":[{"@type":"ListItem","position":1,"name":"Home","item":"https:\/\/erformance.eu\/lv\/"},{"@type":"ListItem","position":2,"name":"Par mums"}]},{"@type":"WebSite","@id":"https:\/\/erformance.eu\/lv\/#website","url":"https:\/\/erformance.eu\/lv\/","name":"Erformance.eu","description":"Automobili\u0173 dali\u0173 parduotuv\u0117","potentialAction":[{"@type":"SearchAction","target":{"@type":"EntryPoint","urlTemplate":"https:\/\/erformance.eu\/lv\/?s={search_term_string}"},"query-input":{"@type":"PropertyValueSpecification","valueRequired":true,"valueName":"search_term_string"}}],"inLanguage":"lv-LV"}]}},"jetpack_sharing_enabled":true,"_links":{"self":[{"href":"https:\/\/erformance.eu\/lv\/wp-json\/wp\/v2\/pages\/30396","targetHints":{"allow":["GET"]}}],"collection":[{"href":"https:\/\/erformance.eu\/lv\/wp-json\/wp\/v2\/pages"}],"about":[{"href":"https:\/\/erformance.eu\/lv\/wp-json\/wp\/v2\/types\/page"}],"author":[{"embeddable":true,"href":"https:\/\/erformance.eu\/lv\/wp-json\/wp\/v2\/users\/1"}],"replies":[{"embeddable":true,"href":"https:\/\/erformance.eu\/lv\/wp-json\/wp\/v2\/comments?post=30396"}],"version-history":[{"count":9,"href":"https:\/\/erformance.eu\/lv\/wp-json\/wp\/v2\/pages\/30396\/revisions"}],"predecessor-version":[{"id":66018,"href":"https:\/\/erformance.eu\/lv\/wp-json\/wp\/v2\/pages\/30396\/revisions\/66018"}],"wp:attachment":[{"href":"https:\/\/erformance.eu\/lv\/wp-json\/wp\/v2\/media?parent=30396"}],"curies":[{"name":"wp","href":"https:\/\/api.w.org\/{rel}","templated":true}]}}